{"id":3143,"date":"2020-04-07T15:12:01","date_gmt":"2020-04-07T15:12:01","guid":{"rendered":"https:\/\/multihoster.org\/?page_id=3143"},"modified":"2020-05-29T13:56:51","modified_gmt":"2020-05-29T13:56:51","slug":"webshare","status":"publish","type":"page","link":"https:\/\/multihoster.org\/tr\/webshare\/","title":{"rendered":"WebShare Premium Hesap: Bir Bak\u0131\u015fta Filehoster"},"content":{"rendered":"\n<div class=\"wp-block-image\"><figure class=\"aligncenter size-large\"><img loading=\"lazy\" width=\"337\" height=\"100\" src=\"https:\/\/multihoster.org\/wp-content\/uploads\/2020\/04\/webshare.png\" alt=\"\" class=\"wp-image-3125\" srcset=\"https:\/\/multihoster.org\/wp-content\/uploads\/2020\/04\/webshare.png 337w, https:\/\/multihoster.org\/wp-content\/uploads\/2020\/04\/webshare-300x89.png 300w\" sizes=\"(max-width: 337px) 100vw, 337px\" \/><\/figure><\/div>\n\n\n<a class=\"maxbutton-2 maxbutton maxbutton-cta\" target=\"_blank\" rel=\"nofollow noopener\" href=\"\/go\/\"><span class='mb-text'>&gt;&gt; Orijinal Linkifier Web Sitesine Git<\/span><\/a>\n\n\n<p><\/p>\n\n\n\n<h2>Webshare nedir?<\/h2>\n\n\n\n<p>Webshare, resimler, m\u00fczik, filmler, belgeler, s\u0131k\u0131\u015ft\u0131r\u0131lm\u0131\u015f dosyalar ve daha fazlas\u0131 dahil olmak \u00fczere farkl\u0131 t\u00fcrde verileri kaydederek kullanabilece\u011finiz \u00e7evrimi\u00e7i bir bulut depolama platformudur. Saklad\u0131\u011f\u0131n\u0131z ve saklad\u0131\u011f\u0131n\u0131z t\u00fcm verilere, d\u00fcnyan\u0131n neresine giderseniz gidin, eri\u015febileceksiniz. Bu nedenle, \u00e7ok uygun fiyatl\u0131 ve g\u00fcvenilir bir dosya depolama alan\u0131na ihtiyac\u0131n\u0131z varsa, Webshare sizin i\u00e7in do\u011fru platformdur.<\/p>\n\n\n\n<figure class=\"wp-block-image\"><img src=\"https:\/\/lh3.googleusercontent.com\/FTuLvNkvS9rm_YkW9WzPyn54PGM_G44j4io1Xm9PjsowHHoj5ldYZ2ZdvdroAKv1QNwHEg34vsUwhn-H26ooVtQ4VscLe1cVcnHBUPjANDgmb_3efqZqslmxpkNCzb-ew6h5uf8n\" alt=\"Webshare Homepage\"\/><\/figure>\n\n\n\n<h2>Web Payla\u015f\u0131m\u0131 Platformunun Arkas\u0131nda<\/h2>\n\n\n\n<p>Webshare 10 Eyl\u00fcl 2009&#8217;da olu\u015fturuldu ve kuruldu. Daha \u00f6nce sadece bir hobi ba\u015flad\u0131. Platformu i\u015flettikten birka\u00e7 y\u0131l sonra, tam olarak \u00fc\u00e7 y\u0131l sonra Webshare&#8217;\u0131n binlerce hesap kullan\u0131c\u0131s\u0131yla \u00fcnl\u00fc oldu\u011funu ke\u015ffettiler. Bu nedenle, yepyeni ve \u00e7ok geli\u015fmi\u015f bir Web payla\u015f\u0131m\u0131 olu\u015fturmaya karar verdiler. Ama\u00e7lar\u0131, \u00c7ek Cumhuriyeti&#8217;ndeki piyasadaki di\u011fer \u00f6nemli oyuncular aras\u0131nda g\u00fc\u00e7l\u00fc bir rakip olmak ve daha fazla kullan\u0131c\u0131ya t\u00fcm verileri y\u00f6netmek i\u00e7in g\u00fc\u00e7l\u00fc ve kolay bir yol sa\u011flamakt\u0131r.<\/p>\n\n\n\n<p>Tak\u0131mlar\u0131 d\u00f6rt ki\u015fiden olu\u015fur. Zbyn\u011bk ve Luk\u00e1\u0161 sunucu y\u00f6neticisidir ve sunucular\u0131 tutmak ve y\u00f6netmekle sorumludurlar. Adam ba\u015f programc\u0131s\u0131d\u0131r ve son \u00fcye web sitesini ve di\u011fer pazarlama stratejilerini tasarlamaktan sorumlu olan Honza&#8217;d\u0131r. Onlar i\u00e7in Webshare sadece bir garaj plan\u0131 ve projesi de\u011fil, ayn\u0131 zamanda kullan\u0131c\u0131lar\u0131n\u0131n verilerini tutmas\u0131n\u0131, her \u015feyi \u00e7e\u015fitli cihazlardan y\u00f6netmesini ve g\u00fcvendikleri insanlarla payla\u015fmas\u0131n\u0131 sa\u011flayan geli\u015fmi\u015f bir hizmettir.<\/p>\n\n\n\n<p>Ekibin misyonu, Webshare&#8217;i sekt\u00f6r\u00fcnde ve \u00c7ek ve Slovak pazar\u0131nda en s\u0131ra d\u0131\u015f\u0131 hizmet haline getirmektir. Bu hedefin kayda de\u011fer bir h\u0131rs oldu\u011funu biliyorlar, ama bunu biliyorlar ve bu amac\u0131n ger\u00e7ekle\u015fmesini sa\u011flamaya \u00e7al\u0131\u015f\u0131yorlar.<\/p>\n\n\n\n<p>Kullan\u0131c\u0131lar\u0131na, verilerini y\u00f6netmelerine ve \u00e7e\u015fitli cihazlarda senkronize etmelerine yard\u0131mc\u0131 olacak daha modern ve rafine bir ara\u00e7 sunmak istiyorlar. Bu nedenle Webshare sadece bir indirme ve y\u00fckleme arac\u0131 de\u011fil, ayn\u0131 zamanda platformlar\u0131n\u0131n verimlili\u011fini en \u00fcst d\u00fczeye \u00e7\u0131karmak i\u00e7in bir mobil uygulama kar\u015f\u0131l\u0131\u011f\u0131 ve ak\u0131ll\u0131 bir masa\u00fcst\u00fc arac\u0131na sahip olacak \u015fekilde geni\u015fletiyorlar. Her \u015fey rahat\u0131n\u0131z i\u00e7in.<\/p>\n\n\n\n<p>Tak\u0131mlar\u0131ndan, yapt\u0131klar\u0131 her \u015fey i\u00e7in, kesin olan bir \u015fey vard\u0131r ve bu, kullan\u0131c\u0131lar\u0131n taleplerini, gereksinimlerini ve isteklerini ger\u00e7ekle\u015ftirmektir. M\u00fc\u015fterileri en \u00f6ncelikli konulard\u0131r. Bu nedenle Webshare&#8217;i sadece hizmet i\u00e7in de\u011fil, ayn\u0131 zamanda t\u00fcm kullan\u0131c\u0131lar i\u00e7in orijinal bir ara\u00e7 haline getiriyorlar.<\/p>\n\n\n\n<h2>Neden Webshare kullan\u0131yorsunuz?<\/h2>\n\n\n\n<p>Dosyalar\u0131n\u0131z\u0131n ve di\u011fer verilerinizin bulut depolama alan\u0131na kaydedilmesi yaln\u0131zca rahatt\u0131r. Bu nedenle, gitti\u011finiz her yerde flash s\u00fcr\u00fcc\u00fcler ta\u015f\u0131man\u0131za gerek yoktur. Tek yapman\u0131z gereken t\u00fcm \u00f6nemli dosyalar\u0131n\u0131z\u0131 veya resim, belge, m\u00fczik, film ve di\u011fer unutulmaz dosyalar gibi t\u00fcm dosyalar\u0131n\u0131z\u0131 hesab\u0131n\u0131za y\u00fcklemektir. Webshare hesab\u0131n\u0131za eri\u015febilmeniz i\u00e7in tek ihtiyac\u0131n\u0131z olan internet.<\/p>\n\n\n\n<p>Webshare, i\u015f arkada\u015flar\u0131n\u0131zla, \u00e7al\u0131\u015fanlar\u0131n\u0131zla, arkada\u015flar\u0131n\u0131zla veya yaln\u0131zca bulundu\u011funuz yere eri\u015fmek istedi\u011finiz t\u00fcm verilerle payla\u015fmak istedi\u011finiz okul projeleriniz, \u00f6devleriniz, kurumsal belgeleriniz, videolar\u0131n\u0131z ve m\u00fczikleriniz i\u00e7in ger\u00e7ekten idealdir.<\/p>\n\n\n\n<figure class=\"wp-block-table\"><table class=\"\"><tbody><tr><td><li>Kullan\u0131c\u0131lar\u0131n kontrol\u00fcnde muazzam veri depolama alan\u0131 var<br><\/li><li>T\u00fcm dosyalar\u0131n\u0131z bulut depolama alan\u0131nda dinleniyor, internet ile her yerden eri\u015febiliyorsunuz<br><\/li><li>Flash s\u00fcr\u00fcc\u00fcler asla bir se\u00e7enek olmayacak<br>Webshare&#8217;in web aray\u00fcz\u00fc \u00e7ok cana yak\u0131n ve an\u0131nda eri\u015filebilir<br><\/li><li>Webshare istemci deste\u011fi, ihtiya\u00e7 duyduklar\u0131 her \u015fekilde yard\u0131mc\u0131 olmalar\u0131n\u0131 sa\u011flamak i\u00e7in her kullan\u0131c\u0131yla ileti\u015fim halinde kalman\u0131z\u0131 sa\u011flar<br><\/li><li>Webshare&#8217;\u0131n sistemi ve platformu gittik\u00e7e geli\u015fmekte ve her kullan\u0131c\u0131n\u0131n talebine uyarlanmaktad\u0131r.<br><\/li><li>Webshare \u015fu anda size kolayl\u0131k sa\u011flamak i\u00e7in bir mobil uygulama geli\u015ftirmektedir. <\/li><\/td><\/tr><\/tbody><\/table><\/figure>\n\n\n\n<h2>Bir Webshare Premium Hesab\u0131n\u0131n maliyeti nedir?<\/h2>\n\n\n\n<p>VIP veya Webshare Premium Hesaplar\u0131ndan faydalanmak i\u00e7in bir\u00e7ok \u00f6deme se\u00e7ene\u011fi vard\u0131r. A\u015fa\u011f\u0131da se\u00e7enekler vard\u0131r ve her \u015feyin size kolayl\u0131k sa\u011flad\u0131\u011f\u0131ndan emin olurlar, bu y\u00fczden size daha uygun olan\u0131 se\u00e7in.<\/p>\n\n\n\n<p><strong>Kredi kart\u0131 \u00f6demesi<br><\/strong>Kart\u0131n\u0131za bas\u0131lm\u0131\u015f baz\u0131 gerekli verileri girmeniz yeterlidir.<\/p>\n\n\n\n<figure class=\"wp-block-table\"><table><tbody><tr><td>\u00dcyelik<\/td><td>s\u00fcre<\/td><td>\u00d6zel dosyalar<\/td><td>\u00fccret<\/td><\/tr><tr><td>G\u00fcm\u00fc\u015f VIP<\/td><td>1 ay<\/td><td>10 GB \u00d6zel Depolama Alan\u0131<\/td><td>59.00 K\u010d<\/td><\/tr><tr><td>Alt\u0131n VIP<\/td><td>3 ay<\/td><td>20 GB \u00d6zel Depolama Alan\u0131<\/td><td>169.00 K\u010d<\/td><\/tr><tr><td>Platin VIP<\/td><td>1 y\u0131l<\/td><td>50 GB \u00d6zel Depolama Alan\u0131<\/td><td>599.00 K\u010d<\/td><\/tr><\/tbody><\/table><\/figure>\n\n\n\n<p>T\u00fcm fiyatlara KDV dahildir (% 21)<\/p>\n\n\n\n<p><strong>Online \u00f6deme<br><\/strong>GoPay \u00e7evrimi\u00e7i havale yard\u0131m\u0131 &#8211; taleplerinize uygun \u00f6deme t\u00fcr\u00fcn\u00fc se\u00e7in.<\/p>\n\n\n\n<figure class=\"wp-block-table\"><table><tbody><tr><td>\u00dcyelik<\/td><td>s\u00fcre<\/td><td>\u00d6zel dosyalar<\/td><td>\u00fccret<\/td><\/tr><tr><td>G\u00fcm\u00fc\u015f VIP<\/td><td>1 ay<\/td><td>10 GB \u00d6zel Depolama Alan\u0131<\/td><td>59.00 K\u010d<\/td><\/tr><tr><td>Alt\u0131n VIP<\/td><td>3 ay<\/td><td>20 GB \u00d6zel Depolama Alan\u0131<\/td><td>169.00 K\u010d<\/td><\/tr><tr><td>Platin VIP<\/td><td>1 y\u0131l<\/td><td>50 GB \u00d6zel Depolama Alan\u0131<\/td><td>599.00 K\u010d<\/td><\/tr><\/tbody><\/table><\/figure>\n\n\n\n<p>T\u00fcm fiyatlara KDV dahildir (% 21)<\/p>\n\n\n\n<p><strong>Banka Transfer \u00d6demesi<br><\/strong>Beklenen fonlar\u0131 Webshare&#8217;\u0131n banka hesab\u0131na a\u00e7\u0131k\u00e7a g\u00f6nderin.<\/p>\n\n\n\n<figure class=\"wp-block-table\"><table><tbody><tr><td>\u00dcyelik<\/td><td>s\u00fcre<\/td><td>\u00d6zel dosyalar<\/td><td>\u00fccret<\/td><\/tr><tr><td>G\u00fcm\u00fc\u015f VIP<\/td><td>1 ay<\/td><td>10 GB \u00d6zel Depolama Alan\u0131<\/td><td>59.00 K\u010d<\/td><\/tr><tr><td>Alt\u0131n VIP<\/td><td>3 ay<\/td><td>20 GB \u00d6zel Depolama Alan\u0131<\/td><td>169.00 K\u010d<\/td><\/tr><tr><td>Platin VIP<\/td><td>1 y\u0131l<\/td><td>50 GB \u00d6zel Depolama Alan\u0131<\/td><td>599.00 K\u010d<\/td><\/tr><\/tbody><\/table><\/figure>\n\n\n\n<p>T\u00fcm fiyatlara KDV dahildir (% 21)<\/p>\n\n\n\n<p><strong>Webshare Puan \u00d6deme<br><\/strong>Webshare size Webshare puanlar\u0131n\u0131z\u0131 Premium hesaba d\u00f6n\u00fc\u015ft\u00fcrme f\u0131rsat\u0131 sunar.<\/p>\n\n\n<a class=\"maxbutton-2 maxbutton maxbutton-cta\" target=\"_blank\" rel=\"nofollow noopener\" href=\"\/go\/\"><span class='mb-text'>&gt;&gt; Orijinal Linkifier Web Sitesine Git<\/span><\/a>\n\n\n<p><\/p>\n\n\n\n<figure class=\"wp-block-table\"><table><tbody><tr><td>\u00dcyelik<\/td><td>s\u00fcre<\/td><td>\u00d6zel dosyalar<\/td><td>\u00fccret<\/td><\/tr><tr><td>G\u00fcm\u00fc\u015f VIP<\/td><td>1 ay<\/td><td>10 GB \u00d6zel Depolama Alan\u0131<\/td><td>10000 B<\/td><\/tr><tr><td>Alt\u0131n VIP<\/td><td>3 ay<\/td><td>20 GB \u00d6zel Depolama Alan\u0131<\/td><td>30000 B<\/td><\/tr><tr><td>Platin VIP<\/td><td>1 y\u0131l<\/td><td>50 GB \u00d6zel Depolama Alan\u0131<\/td><td>120000 B<\/td><\/tr><\/tbody><\/table><\/figure>\n\n\n\n<p>T\u00fcm fiyatlara KDV dahildir (% 21)<\/p>\n\n\n\n<p><strong>SMS ile \u00f6deme<br><\/strong>Havale sa\u011flay\u0131c\u0131s\u0131 i\u00e7in \u00f6zel \u015fartlar nedeniyle \u00fccret daha y\u00fcksek fiyatl\u0131d\u0131r.<\/p>\n\n\n\n<figure class=\"wp-block-table\"><table><tbody><tr><td>\u00dcyelik<\/td><td>s\u00fcre<\/td><td>\u00d6zel dosyalar<\/td><td>\u00fccret<\/td><\/tr><tr><td>G\u00fcm\u00fc\u015f VIP<\/td><td>1 ay<\/td><td>10 GB \u00d6zel Depolama Alan\u0131<\/td><td>99 K\u010d<\/td><\/tr><\/tbody><\/table><\/figure>\n\n\n\n<p>T\u00fcm fiyatlara KDV dahildir (% 21)<\/p>\n\n\n\n<h2>Webshare Premium Hesab\u0131n\u0131n avantajlar\u0131 nelerdir?<\/h2>\n\n\n\n<p>Premium \u00fcyelerin avantajlar\u0131ndan ayda sadece 2,39 \u20ac kar\u015f\u0131l\u0131\u011f\u0131nda yararlanabilirsiniz. Premium veya VIP \u00fcyelikleriyle, her kullan\u0131c\u0131 Web Payla\u015f\u0131m\u0131&#8217;nda s\u0131n\u0131rs\u0131z indirme h\u0131zlar\u0131n\u0131 en \u00fcst d\u00fczeye \u00e7\u0131karabilir, daha fazla depolama alan\u0131 elde edebilir ve \u00e7ok daha fazlas\u0131n\u0131 yapabilir.<\/p>\n\n\n\n<p>\u015eu senaryoyu d\u00fc\u015f\u00fcn\u00fcn: Masa\u00fcst\u00fc bilgisayar\u0131n\u0131z, temel verilerinizi yedeklemeden \u00e7\u00f6kt\u00fc, diz\u00fcst\u00fc bilgisayar\u0131n\u0131z\u0131 kaybetti veya bir dosyay\u0131 bozdu. Bug\u00fcn teknoloji ile, olmamal\u0131, ya da olmas\u0131 gerekti\u011fi gibi de\u011fil. Webshare&#8217;i elinizde bulundurmak \u00e7ok uygundur. Masa\u00fcst\u00fc bilgisayar\u0131n\u0131z \u00e7\u00f6km\u00fc\u015f olmal\u0131, ancak Web Payla\u015f\u0131m\u0131 arac\u0131l\u0131\u011f\u0131yla dosyalar\u0131n\u0131za di\u011fer cihazlardan eri\u015fmeye devam edebilirsiniz. Verilerinizin g\u00fcvenli ve g\u00fcvenli oldu\u011funu bilerek ses uyuyabilirsiniz.<\/p>\n\n\n\n<figure class=\"wp-block-table\"><table><tbody><tr><td>Uygun fiyatl\u0131, sadece 2,39 \u20ac Sizi hi\u00e7bir \u015feyin yan\u0131nda \u015farj eder ve tarifenizi se\u00e7ebilirsiniz.<\/td><td>Y\u0131l\u0131n 1 \/ 4&#8217;\u00fc 3 ay i\u00e7in 6,39 \u20ac<\/td><td>1 y\u0131l 22,95 \u20ac y\u0131ll\u0131k<\/td><\/tr><tr><td>H\u0131zl\u0131 ve H\u0131zl\u0131 \u0130ndirme \u0130nternet ba\u011flant\u0131n\u0131zdan maksimum d\u00fczeyde yararlan\u0131n.<\/td><td>500+ 500 Mb \/ s&#8217;ye kadar<\/td><td>20+ \u0130ndirme yuvas\u0131<\/td><\/tr><tr><td>10 GB \u00d6zel Depolama \u00d6zel depolama kapasitenizi 10 Gigabyte&#8217;a ekleyin.<\/td><td>5 GB + Daha fazla \u00f6zel alan<\/td><td>7\/24 Dosya kullan\u0131labilirli\u011fi<\/td><\/tr><tr><td>Yeniden y\u00fckleme indirmeye ara verilmi\u015f bir indirme i\u015flemine devam edebilirsiniz.<\/td><td>% 99 Yeniden kurulabilir<\/td><td> 10\/1010 indirme<\/td><\/tr><tr><td>Reklam yok Dosya ayr\u0131nt\u0131lar\u0131 b\u00f6l\u00fcmlerinde ve arama kutusunda hi\u00e7 reklam olmayacak.<\/td><td>4\/44\/4 reklamlar orada olmayacak<\/td><td>0 Tek bir reklam bile de\u011fil<\/td><\/tr><\/tbody><\/table><\/figure>\n\n\n\n<h2>Webshare Hakk\u0131nda Di\u011fer S\u0131k Sorulan Sorular<\/h2>\n\n\n\n<h3>Neden Webshare&#8217;a kaydolun?<\/h3>\n\n\n\n<p>Webshare&#8217;a kaydolmak veya hesap olu\u015fturmak \u00fccretsizdir. 5 Gigabyte \u00fccretsiz depolama alan\u0131na sahip olacaks\u0131n\u0131z. \u00c7e\u015fitli kullan\u0131c\u0131lar\u0131n dosyalar\u0131na yorum yapma, puan toplama, kendi verilerini y\u00f6netme ve organize etme ve daha fazlas\u0131 dahil olmak \u00fczere bir\u00e7ok avantaj\u0131 olan bir arac\u0131 kullanabilmek i\u00e7in ne isteyebilirsiniz? Neden verimlili\u011finizi art\u0131racak bir ara\u00e7 kullanm\u0131yorsunuz, de\u011fil mi?<\/p>\n\n\n\n<h3>Webshare Premium hesab\u0131 alman\u0131n avantajlar\u0131 nelerdir?<\/h3>\n\n\n\n<p>Yukar\u0131da tart\u0131\u015f\u0131ld\u0131\u011f\u0131 gibi, premium bir hesaba abone olarak, indirme h\u0131z\u0131 s\u00f6z konusu oldu\u011funda kullan\u0131c\u0131lar platformun \u00fcst\u00fcn performans\u0131na hak kazan\u0131rlar, ancak ilerlemeyi etkiledi\u011fi ve Web Payla\u015f\u0131m\u0131n\u0131n maksimum yard\u0131m\u0131n\u0131 s\u0131n\u0131rlayabilece\u011fi i\u00e7in kendi internet sa\u011flay\u0131c\u0131n\u0131z\u0131 kontrol etmeniz gerekir. sa\u011flayabilir. Ayr\u0131ca, internet kesintisi oldu\u011funda kullan\u0131c\u0131n\u0131n indirmeye devam etmesini sa\u011flayan bir indirme y\u00f6neticisi de olacakt\u0131r. Kullanaca\u011f\u0131n\u0131z \u00fcyelik t\u00fcr\u00fc i\u00e7in bu, ne kadar depolama alan\u0131 alaca\u011f\u0131n\u0131z\u0131 belirler. Gereksiz reklamlar olmayacak ve t\u00fcm dosyalar\u0131n\u0131z yedeklenecek. Webshare yedekleme dosyan\u0131z\u0131 yedekler.<\/p>\n\n\n\n<h3>Webshare Premium Hesaplar\u0131 i\u00e7in \u00f6demenizi \u00f6deme<\/h3>\n\n\n\n<p>Size kolayl\u0131k ve rahatl\u0131k sa\u011flamak i\u00e7in Webshare, Premium \u00fcyelik \u00f6demeniz i\u00e7in kredi kart\u0131 veya banka kart\u0131, banka havalesi, puanlar ve k\u0131sa mesaj yoluyla bir\u00e7ok se\u00e7enek sunar.<\/p>\n\n\n\n<h3>Premium Hesab\u0131n s\u00fcresi doldu\u011funda, hesapta depolanan dosyalarda ne olur?<\/h3>\n\n\n\n<p>Premium \u00fcye oldu\u011funuz s\u00fcrece t\u00fcm dosyalar\u0131n\u0131z korunur ve bu dosyalara dokunulmaz. Ancak, \u00fcyeli\u011finiz sona erdi\u011finde ve \u00fcyeli\u011finizi iki ay i\u00e7inde g\u00fcncelleyemedi\u011finizde, sistem \u00fccretsiz kullan\u0131c\u0131lar i\u00e7in 5 GB depolama alan\u0131n\u0131 a\u015fan verileri kald\u0131racakt\u0131r.<\/p>\n\n\n\n<h3>Web Payla\u015f\u0131m\u0131nda Y\u00fckleme<\/h3>\n\n\n\n<p>Web Payla\u015f\u0131m\u0131&#8217;na veri y\u00fcklemenin bir\u00e7ok yolu vard\u0131r. S\u00fcr\u00fcklemeden dosyalar\u0131 sitenin herhangi bir yerine b\u0131rakman\u0131za veya yaln\u0131zca &#8220;Dosyalar\u0131m&#8221; d\u00fc\u011fmesini t\u0131klayarak dosya y\u00f6neticinizi \u00e7al\u0131\u015ft\u0131rd\u0131\u011f\u0131n\u0131zda y\u00fcklemek istedi\u011finiz dosya veya klas\u00f6r\u00fc se\u00e7meniz istenir. Ard\u0131ndan y\u00fcklemenin tamamlanmas\u0131n\u0131 bekleyin.<\/p>\n\n\n\n<p>Bir kullan\u0131c\u0131 istedi\u011fi kadar dosya y\u00fckleyebilir ve y\u00fcklenebilecek maksimum dosya boyutu 20 GB&#8217;dir. Daha y\u00fcksek bir y\u00fckleme dosyas\u0131 i\u00e7in, y\u00fcklemeden \u00f6nce b\u00f6lebilirsiniz.<\/p>\n\n\n\n<h2>Webshare \u00d6zeti<\/h2>\n\n\n\n<p>Webshare&#8217;\u0131n sunabilece\u011fi \u00e7ok \u015fey var ve platformu geli\u015ftirmeye ve geli\u015ftirmeye devam ettik\u00e7e daha fazla olacaklar. Kazanabilece\u011finiz hizmetleri ve yenili\u011fi kar\u015f\u0131la\u015ft\u0131racaksan\u0131z, t\u00fcm prim \u00fccretleri \u00e7ok makul. Kullan\u0131m\u0131n\u0131 en \u00fcst d\u00fczeye \u00e7\u0131karmak i\u00e7in en iyi \u00fcyeli\u011fi se\u00e7ti\u011finizden emin olun.<\/p>\n\n\n\n<h2>Referanslar<\/h2>\n\n\n\n<p><a rel=\"noreferrer noopener\" aria-label=\" (opens in a new tab)\" href=\"https:\/\/www.gearcoupon.com\/the-best-czech-and-foreign-storage-for-easy-file-sharing\/\" target=\"_blank\">https:\/\/www.gearcoupon.com\/the-best-czech-and-foreign-storage-for-easy-file-sharing\/<\/a><br><a rel=\"noreferrer noopener\" aria-label=\" (opens in a new tab)\" href=\"https:\/\/alternative.app\/webshare\" target=\"_blank\">https:\/\/alternative.app\/webshare<\/a><br><a rel=\"noreferrer noopener\" aria-label=\" (opens in a new tab)\" href=\"https:\/\/webshare.cz.cutestat.com\/\" target=\"_blank\">https:\/\/webshare.cz.cutestat.com\/<\/a><br><a rel=\"noreferrer noopener\" aria-label=\" (opens in a new tab)\" href=\"https:\/\/safeweb.norton.com\/reviews?url=webshare.cz\" target=\"_blank\">https:\/\/safeweb.norton.com\/reviews?url=webshare.cz<\/a><br><a rel=\"noreferrer noopener\" aria-label=\"https:\/\/www.thesiterate.com\/stats\/webshare.cz (opens in a new tab)\" href=\"https:\/\/www.thesiterate.com\/stats\/webshare.cz\" target=\"_blank\">https:\/\/www.thesiterate.com\/stats\/webshare.cz<\/a><\/p>\n\n\n<a class=\"maxbutton-2 maxbutton maxbutton-cta\" target=\"_blank\" rel=\"nofollow noopener\" href=\"\/go\/\"><span class='mb-text'>&gt;&gt; Orijinal Linkifier Web Sitesine Git<\/span><\/a>\n\n\n<p><\/p>\n","protected":false},"excerpt":{"rendered":"<p>Webshare nedir? Webshare, resimler, m\u00fczik, filmler, belgeler, s\u0131k\u0131\u015ft\u0131r\u0131lm\u0131\u015f dosyalar ve daha fazlas\u0131 dahil olmak \u00fczere farkl\u0131 t\u00fcrde verileri kaydederek kullanabilece\u011finiz<\/p>\n","protected":false},"author":2,"featured_media":0,"parent":0,"menu_order":0,"comment_status":"closed","ping_status":"closed","template":"","meta":[],"yoast_head":"<!-- This site is optimized with the Yoast SEO plugin v18.3 - https:\/\/yoast.com\/wordpress\/plugins\/seo\/ -->\n<title>WebShare Premium Hesap: Bir Bak\u0131\u015fta Filehoster<\/title>\n<meta name=\"description\" content=\"WebShare sayg\u0131n bir sa\u011flay\u0131c\u0131 m\u0131 de\u011fil mi, cevab\u0131 Multihoster.org&#039;daki mevcut testte bulabilirsiniz \u279c \u015eimdi t\u0131klay\u0131n \u271a deneyimlerimizi okumak i\u00e7in!\" \/>\n<meta name=\"robots\" content=\"index, follow, max-snippet:-1, max-image-preview:large, max-video-preview:-1\" \/>\n<link rel=\"canonical\" href=\"https:\/\/multihoster.org\/tr\/webshare\/\" \/>\n<meta property=\"og:locale\" content=\"tr_TR\" \/>\n<meta property=\"og:type\" content=\"article\" \/>\n<meta property=\"og:title\" content=\"WebShare Premium Hesap: Bir Bak\u0131\u015fta Filehoster\" \/>\n<meta property=\"og:description\" content=\"WebShare sayg\u0131n bir sa\u011flay\u0131c\u0131 m\u0131 de\u011fil mi, cevab\u0131 Multihoster.org&#039;daki mevcut testte bulabilirsiniz \u279c \u015eimdi t\u0131klay\u0131n \u271a deneyimlerimizi okumak i\u00e7in!\" \/>\n<meta property=\"og:url\" content=\"https:\/\/multihoster.org\/tr\/webshare\/\" \/>\n<meta property=\"og:site_name\" content=\"Multihoster.org\" \/>\n<meta property=\"article:modified_time\" content=\"2020-05-29T13:56:51+00:00\" \/>\n<meta property=\"og:image\" content=\"https:\/\/multihoster.org\/wp-content\/uploads\/2020\/04\/webshare.png\" \/>\n<meta name=\"twitter:card\" content=\"summary\" \/>\n<meta name=\"twitter:label1\" content=\"Tahmini okuma s\u00fcresi\" \/>\n\t<meta name=\"twitter:data1\" content=\"8 dakika\" \/>\n<script type=\"application\/ld+json\" class=\"yoast-schema-graph\">{\"@context\":\"https:\/\/schema.org\",\"@graph\":[{\"@type\":\"WebSite\",\"@id\":\"https:\/\/multihoster.org\/#website\",\"url\":\"https:\/\/multihoster.org\/\",\"name\":\"Multihoster.org\",\"description\":\"Reviews of the major Filehosting services\",\"potentialAction\":[{\"@type\":\"SearchAction\",\"target\":{\"@type\":\"EntryPoint\",\"urlTemplate\":\"https:\/\/multihoster.org\/?s={search_term_string}\"},\"query-input\":\"required name=search_term_string\"}],\"inLanguage\":\"tr\"},{\"@type\":\"ImageObject\",\"@id\":\"https:\/\/multihoster.org\/tr\/webshare\/#primaryimage\",\"inLanguage\":\"tr\",\"url\":\"https:\/\/multihoster.org\/wp-content\/uploads\/2020\/04\/webshare.png\",\"contentUrl\":\"https:\/\/multihoster.org\/wp-content\/uploads\/2020\/04\/webshare.png\",\"width\":337,\"height\":100},{\"@type\":\"WebPage\",\"@id\":\"https:\/\/multihoster.org\/tr\/webshare\/#webpage\",\"url\":\"https:\/\/multihoster.org\/tr\/webshare\/\",\"name\":\"WebShare Premium Hesap: Bir Bak\u0131\u015fta Filehoster\",\"isPartOf\":{\"@id\":\"https:\/\/multihoster.org\/#website\"},\"primaryImageOfPage\":{\"@id\":\"https:\/\/multihoster.org\/tr\/webshare\/#primaryimage\"},\"datePublished\":\"2020-04-07T15:12:01+00:00\",\"dateModified\":\"2020-05-29T13:56:51+00:00\",\"description\":\"WebShare sayg\u0131n bir sa\u011flay\u0131c\u0131 m\u0131 de\u011fil mi, cevab\u0131 Multihoster.org'daki mevcut testte bulabilirsiniz \u279c \u015eimdi t\u0131klay\u0131n \u271a deneyimlerimizi okumak i\u00e7in!\",\"breadcrumb\":{\"@id\":\"https:\/\/multihoster.org\/tr\/webshare\/#breadcrumb\"},\"inLanguage\":\"tr\",\"potentialAction\":[{\"@type\":\"ReadAction\",\"target\":[\"https:\/\/multihoster.org\/tr\/webshare\/\"]}]},{\"@type\":\"BreadcrumbList\",\"@id\":\"https:\/\/multihoster.org\/tr\/webshare\/#breadcrumb\",\"itemListElement\":[{\"@type\":\"ListItem\",\"position\":1,\"name\":\"Startseite\",\"item\":\"https:\/\/multihoster.org\/tr\/\"},{\"@type\":\"ListItem\",\"position\":2,\"name\":\"WebShare Premium Hesap: Bir Bak\u0131\u015fta Filehoster\"}]}]}<\/script>\n<!-- \/ Yoast SEO plugin. -->","yoast_head_json":{"title":"WebShare Premium Hesap: Bir Bak\u0131\u015fta Filehoster","description":"WebShare sayg\u0131n bir sa\u011flay\u0131c\u0131 m\u0131 de\u011fil mi, cevab\u0131 Multihoster.org'daki mevcut testte bulabilirsiniz \u279c \u015eimdi t\u0131klay\u0131n \u271a deneyimlerimizi okumak i\u00e7in!","robots":{"index":"index","follow":"follow","max-snippet":"max-snippet:-1","max-image-preview":"max-image-preview:large","max-video-preview":"max-video-preview:-1"},"canonical":"https:\/\/multihoster.org\/tr\/webshare\/","og_locale":"tr_TR","og_type":"article","og_title":"WebShare Premium Hesap: Bir Bak\u0131\u015fta Filehoster","og_description":"WebShare sayg\u0131n bir sa\u011flay\u0131c\u0131 m\u0131 de\u011fil mi, cevab\u0131 Multihoster.org'daki mevcut testte bulabilirsiniz \u279c \u015eimdi t\u0131klay\u0131n \u271a deneyimlerimizi okumak i\u00e7in!","og_url":"https:\/\/multihoster.org\/tr\/webshare\/","og_site_name":"Multihoster.org","article_modified_time":"2020-05-29T13:56:51+00:00","og_image":[{"url":"https:\/\/multihoster.org\/wp-content\/uploads\/2020\/04\/webshare.png"}],"twitter_card":"summary","twitter_misc":{"Tahmini okuma s\u00fcresi":"8 dakika"},"schema":{"@context":"https:\/\/schema.org","@graph":[{"@type":"WebSite","@id":"https:\/\/multihoster.org\/#website","url":"https:\/\/multihoster.org\/","name":"Multihoster.org","description":"Reviews of the major Filehosting services","potentialAction":[{"@type":"SearchAction","target":{"@type":"EntryPoint","urlTemplate":"https:\/\/multihoster.org\/?s={search_term_string}"},"query-input":"required name=search_term_string"}],"inLanguage":"tr"},{"@type":"ImageObject","@id":"https:\/\/multihoster.org\/tr\/webshare\/#primaryimage","inLanguage":"tr","url":"https:\/\/multihoster.org\/wp-content\/uploads\/2020\/04\/webshare.png","contentUrl":"https:\/\/multihoster.org\/wp-content\/uploads\/2020\/04\/webshare.png","width":337,"height":100},{"@type":"WebPage","@id":"https:\/\/multihoster.org\/tr\/webshare\/#webpage","url":"https:\/\/multihoster.org\/tr\/webshare\/","name":"WebShare Premium Hesap: Bir Bak\u0131\u015fta Filehoster","isPartOf":{"@id":"https:\/\/multihoster.org\/#website"},"primaryImageOfPage":{"@id":"https:\/\/multihoster.org\/tr\/webshare\/#primaryimage"},"datePublished":"2020-04-07T15:12:01+00:00","dateModified":"2020-05-29T13:56:51+00:00","description":"WebShare sayg\u0131n bir sa\u011flay\u0131c\u0131 m\u0131 de\u011fil mi, cevab\u0131 Multihoster.org'daki mevcut testte bulabilirsiniz \u279c \u015eimdi t\u0131klay\u0131n \u271a deneyimlerimizi okumak i\u00e7in!","breadcrumb":{"@id":"https:\/\/multihoster.org\/tr\/webshare\/#breadcrumb"},"inLanguage":"tr","potentialAction":[{"@type":"ReadAction","target":["https:\/\/multihoster.org\/tr\/webshare\/"]}]},{"@type":"BreadcrumbList","@id":"https:\/\/multihoster.org\/tr\/webshare\/#breadcrumb","itemListElement":[{"@type":"ListItem","position":1,"name":"Startseite","item":"https:\/\/multihoster.org\/tr\/"},{"@type":"ListItem","position":2,"name":"WebShare Premium Hesap: Bir Bak\u0131\u015fta Filehoster"}]}]}},"_links":{"self":[{"href":"https:\/\/multihoster.org\/tr\/wp-json\/wp\/v2\/pages\/3143"}],"collection":[{"href":"https:\/\/multihoster.org\/tr\/wp-json\/wp\/v2\/pages"}],"about":[{"href":"https:\/\/multihoster.org\/tr\/wp-json\/wp\/v2\/types\/page"}],"author":[{"embeddable":true,"href":"https:\/\/multihoster.org\/tr\/wp-json\/wp\/v2\/users\/2"}],"replies":[{"embeddable":true,"href":"https:\/\/multihoster.org\/tr\/wp-json\/wp\/v2\/comments?post=3143"}],"version-history":[{"count":5,"href":"https:\/\/multihoster.org\/tr\/wp-json\/wp\/v2\/pages\/3143\/revisions"}],"predecessor-version":[{"id":4552,"href":"https:\/\/multihoster.org\/tr\/wp-json\/wp\/v2\/pages\/3143\/revisions\/4552"}],"wp:attachment":[{"href":"https:\/\/multihoster.org\/tr\/wp-json\/wp\/v2\/media?parent=3143"}],"curies":[{"name":"wp","href":"https:\/\/api.w.org\/{rel}","templated":true}]}}