{"id":3176,"date":"2020-04-07T11:19:22","date_gmt":"2020-04-07T11:19:22","guid":{"rendered":"https:\/\/multihoster.org\/?page_id=3176"},"modified":"2020-05-29T14:55:42","modified_gmt":"2020-05-29T14:55:42","slug":"zippyshare","status":"publish","type":"page","link":"https:\/\/multihoster.org\/tr\/zippyshare\/","title":{"rendered":"Zippyshare Premium Hesap: Bir Bak\u0131\u015fta Filehoster"},"content":{"rendered":"\n<p>Zippyshare Premium, d\u00fcnyan\u0131n her yerinden kullan\u0131c\u0131lar\u0131n kay\u0131t gerektirmeden bulut depolama alan\u0131 edinmelerini sa\u011flayan ve tamamen \u00fccretsiz olan bir <a rel=\"noreferrer noopener\" aria-label=\"dosya bar\u0131nd\u0131rma hizmeti (FHS) (opens in a new tab)\" href=\"https:\/\/cloud.google.com\/storage\" target=\"_blank\">dosya bar\u0131nd\u0131rma hizmeti (FHS)<\/a> &#8216;dir. Zippyshare Premium&#8217;un indirme s\u0131n\u0131r\u0131 yoktur ve b\u00fcy\u00fck bulut depolama alan\u0131 sunar. Sonraki konular\u0131 okuyarak Zippyshare Premium hakk\u0131nda daha fazla bilgi edinin.<\/p>\n\n\n<a class=\"maxbutton-2 maxbutton maxbutton-cta\" target=\"_blank\" rel=\"nofollow noopener\" href=\"\/go\/\"><span class='mb-text'>&gt;&gt; Orijinal Linkifier Web Sitesine Git<\/span><\/a>\n\n\n<p><\/p>\n\n\n\n<h2>Zippyshare Premium&#8217;un Ge\u00e7mi\u015fi<\/h2>\n\n\n\n<p>Zippyshare Premium 2006 y\u0131l\u0131nda Fransa merkezli Tucows, Inc taraf\u0131ndan piyasaya s\u00fcr\u00fcld\u00fc. O zamanlar, depolama sadece elli megabayttan (50 MB) seksen megabayt (80 MB) ile s\u0131n\u0131rl\u0131yd\u0131. Bu nihayetinde y\u00fcz megabayta (100 MB) y\u00fckseldi ve zaman i\u00e7inde mevcut teknolojiyle sonsuz miktarda bulut depolama veya \u00e7evrimi\u00e7i depolama sunmak i\u00e7in geli\u015fti.<\/p>\n\n\n\n<figure class=\"wp-block-image\"><img src=\"https:\/\/lh5.googleusercontent.com\/jGG6ExEvxfLXvl7PU9quzMr96-jrFDO7CNN3Co5zBomf-zazQ8B5hToKCi1QhjvNOxFuVTntQ1C1aM8un7SfqlJ_yXHTC25smlgCgvmKFB9T0FRf5qUKFO3VxycFTqW2nqg1Rck\" alt=\"Zippyshare Website Layout\"\/><\/figure>\n\n\n\n<p>Zippyshare Premium aray\u00fcz\u00fcndeki en son g\u00fcncelleme<\/p>\n\n\n\n<p>Zippyshare Premium&#8217;un \u015fu anda bir (1) on y\u0131l, \u00fc\u00e7 (3) y\u0131l ve be\u015f (5) ayl\u0131k oldu\u011fu i\u00e7in g\u00fcvenli ve g\u00fcvenilir oldu\u011fu kan\u0131tlanm\u0131\u015ft\u0131r. Bunlar Zippyshare Premium platformunun me\u015frulu\u011funu kan\u0131tlayan detaylard\u0131r. Zippyshare Premium hesab\u0131 zaten on y\u0131ldan fazla bir s\u00fcredir g\u00fcvenilirdir ve bulut \u00fczerinde en verimli ve yenilik\u00e7i dosya bar\u0131nd\u0131rma hizmetini sa\u011flamak i\u00e7in s\u00fcrekli olarak geli\u015fir. Zippyshare Premium platformu hakk\u0131nda daha fazla bilgi edinmek i\u00e7in, platformla ilgili ayr\u0131nt\u0131lar\u0131 ayr\u0131nt\u0131l\u0131 olarak a\u00e7\u0131klayan a\u015fa\u011f\u0131daki konular\u0131 okuyun.<\/p>\n\n\n\n<h2>Zippyshare Premium Kullanman\u0131n Avantajlar\u0131<\/h2>\n\n\n\n<p>Di\u011fer dosya bar\u0131nd\u0131rma hizmetleri (FHS) ve bulut depolama ile kar\u015f\u0131la\u015ft\u0131r\u0131ld\u0131\u011f\u0131nda, Zippyshare Premium platformu Tucows, Inc&#8217;in yenilik\u00e7i ve esnek uzmanlar\u0131 sayesinde \u00e7ok say\u0131da avantaja sahiptir. Yaz\u0131l\u0131m m\u00fchendisli\u011fi ve programlamadaki en son trendleri kullanan Zippyshare Premium platformu, dosya bar\u0131nd\u0131rma hizmeti (FHS) ve \u00e7evrimi\u00e7i web depolama veya bulut depolama alan\u0131nda en iyi kullan\u0131c\u0131 deneyimini sa\u011flaman\u0131n avantajlar\u0131. A\u015fa\u011f\u0131daki tabloda Zippyshare Premium hesab\u0131n\u0131n di\u011fer rakip dosya bar\u0131nd\u0131rma hizmeti sa\u011flay\u0131c\u0131s\u0131na ve bulut depolama sa\u011flay\u0131c\u0131s\u0131na sa\u011flad\u0131\u011f\u0131 avantajlar g\u00f6sterilmektedir.<\/p>\n\n\n\n<p>\u00c7izelge 1. Her zamanki dosya bar\u0131nd\u0131rma ve Zippyshare Premium&#8217;un \u00f6zellikleri<\/p>\n\n\n\n<figure class=\"wp-block-table\"><table><tbody><tr><td>\u00f6zellik<\/td><td>Normal Dosya Bar\u0131nd\u0131rma Servis Sa\u011flay\u0131c\u0131s\u0131 (FHS)<\/td><td>Zippyshare Premium<\/td><\/tr><tr><td>Bak\u0131m \u00fccreti<\/td><td>En az 20,00 $ \u00f6demenizi gerektirir<\/td><td>\u00dccretsiz ve hi\u00e7bir gizli masraf olmadan<\/td><\/tr><tr><td>Ula\u015f\u0131labilirlik<\/td><td>\u00c7ok teknik bir web sitesi tasar\u0131m\u0131na sahiptir<\/td><td>\u00c7ok yenilik\u00e7i ve ergonomik bir web sitesi tasar\u0131m\u0131na sahiptir<\/td><\/tr><tr><td>\u0130ndirme limiti<\/td><td>G\u00fcnde maksimum 1 GB<\/td><td>\u0130ndirme limiti yok<\/td><\/tr><tr><td>Maksimum dosya boyutu y\u00fcklemesi<\/td><td>\u00c7ok k\u00fc\u00e7\u00fck maksimum dosya boyutu y\u00fcklemesi<\/td><td>Maksimum dosya boyutu 500 MB<\/td><\/tr><tr><td>Maksimum Depolama Ay\u0131rma<\/td><td>Ayda en fazla 1 GB<\/td><td>Ayl\u0131k s\u0131n\u0131rs\u0131z depolama alan\u0131 tahsisi<\/td><\/tr><tr><td>Maksimum Bant Geni\u015fli\u011fi<\/td><td>Ayda en fazla 1 GB<\/td><td>S\u0131n\u0131rs\u0131z bant geni\u015fli\u011fine izin verilir<\/td><\/tr><tr><td>Veri h\u0131rs\u0131zl\u0131\u011f\u0131na ve kimlik av\u0131na kar\u015f\u0131 koruma<\/td><td>Veri h\u0131rs\u0131zl\u0131\u011f\u0131na ve kimlik av\u0131na kar\u015f\u0131 savunmas\u0131z (Adware, Spyware, Malware, Truva At\u0131 ve solucanlar arac\u0131l\u0131\u011f\u0131yla)<\/td><td>Adware, Spyware, Malware, Truva At\u0131 ve solucanlara kar\u015f\u0131 <a rel=\"noreferrer noopener\" aria-label=\"koruma  (opens in a new tab)\" href=\"https:\/\/computersciencewiki.org\/index.php\/Client-side_scripting_and_server-side_scripting\" target=\"_blank\">koruma <\/a>sa\u011flar<\/td><\/tr><tr><td>Gerekli Kuyruklar ve captcha&#8217;lar<\/td><td>Uzun kuyruklar\u0131 ve captcha&#8217;lar\u0131 doldurmak i\u00e7in gereklidir<\/td><td>Uzun kuyruklar\u0131 ve captcha&#8217;lar\u0131 yoktu<\/td><\/tr><tr><td>Saklanan Dosya Sona Erme<\/td><td>G\u00fcncellenmedi\u011finde maksimum 15 g\u00fcn<\/td><td>Son aktiviteden sonra en fazla 1 ay<\/td><\/tr><tr><td>Kay\u0131t \u015fart\u0131<\/td><td>Hesap kayd\u0131, do\u011frulama ve giri\u015f gerekli<\/td><td>Giri\u015f gerekmez<\/td><\/tr><\/tbody><\/table><\/figure>\n\n\n\n<p>Yukar\u0131da sundu\u011funuz gibi, Zippyshare Premium platformunun \u00fccretsiz ve gizli bir \u00fccret \u00f6demeden ola\u011fan rakip dosya bar\u0131nd\u0131rma hizmet sa\u011flay\u0131c\u0131n\u0131zdan \u00f6ne \u00e7\u0131kt\u0131\u011f\u0131n\u0131 a\u00e7\u0131k\u00e7a g\u00f6rebiliriz; \u00e7ok yenilik\u00e7i ve ergonomik bir web sitesi tasar\u0131m\u0131na sahiptir; indirme s\u0131n\u0131r\u0131 yoktur; en fazla be\u015f y\u00fcz (500 MB) dosya y\u00fckleyebilir; ayl\u0131k s\u0131n\u0131rs\u0131z depolama alan\u0131 tahsisi ile; s\u0131n\u0131rs\u0131z bant geni\u015fli\u011fine izin verilir; Adware, Spyware, Malware, Truva At\u0131 ve solucanlara kar\u015f\u0131 koruma sa\u011flar; uzun kuyruklar\u0131 ve captchalar\u0131 yoktu; dosyalar\u0131n\u0131z\u0131 son etkinli\u011finizden bir (1) aya kadar tutabilir; ve son olarak, Zippyshare Premium hesab\u0131, kullan\u0131c\u0131lar\u0131n\u0131n Zippyshare Premium hizmetlerine eri\u015fmesi i\u00e7in herhangi bir kay\u0131t veya giri\u015f gereksinimi gerektirmez, \u00e7\u00fcnk\u00fc Zippyshare Premium hesab\u0131nda, hazineniz ve payla\u015fman\u0131z i\u00e7in en \u00f6nemli dosyalar\u0131n\u0131z\u0131 s\u0131k\u0131\u015ft\u0131rd\u0131\u011f\u0131m\u0131z i\u00e7in \u00f6nemseriz.<\/p>\n\n\n\n<p>Zippyshare Premium platformunun i\u015flevi ve \u00f6zellikleri arac\u0131l\u0131\u011f\u0131yla bu avantajlardan yararlanmaya \u00f6\u011frenmek ve \u00f6\u011frenmek i\u00e7in a\u015fa\u011f\u0131daki konuyu okuyun ve en \u00f6nemli dosyalar\u0131n\u0131z\u0131 korumaya ba\u015flay\u0131n veya en mutlu an\u0131lar\u0131n\u0131z\u0131 isteklili\u011finize g\u00f6re payla\u015f\u0131n.<\/p>\n\n\n\n<h2>Zippyshare Premium&#8217;u kullanma<\/h2>\n\n\n\n<p>Zippyshare Premium platformunu kullanmak \u00e7ok kolayd\u0131r. Ki\u015fisel bilgisayar\u0131n\u0131zda Windows, macOS, Linux veya Unix y\u00fckl\u00fc olsun veya cihaz\u0131n\u0131z bir Android veya iOS olsun, dinamik web sayfas\u0131 \u00fczerinden web sayfas\u0131na kolayca eri\u015febilirsiniz. A\u015fa\u011f\u0131daki \u00f6\u011freticiyi izleyin ve Zippyshare Premium&#8217;u kullanmaya ba\u015flay\u0131n.<\/p>\n\n\n<a class=\"maxbutton-2 maxbutton maxbutton-cta\" target=\"_blank\" rel=\"nofollow noopener\" href=\"\/go\/\"><span class='mb-text'>&gt;&gt; Orijinal Linkifier Web Sitesine Git<\/span><\/a>\n\n\n<p><\/p>\n\n\n\n<figure class=\"wp-block-image\"><img src=\"https:\/\/lh4.googleusercontent.com\/EFl5s6kpJizQDTuwrRpBT6PMrDMgmMYyY2iX2Ak0KMnrA6_oTqZA3_MRaqnwT5L3_1KarpiQicNkY5T2CYCqGeFmKfKcWxsnkdFo7VUEoofIrsHrbsraZOASi8TXaDm6fznAp0M\" alt=\"Zippshare Premium Across Different Devices\"\/><\/figure>\n\n\n\n<p>Zippyshare Premium hesab\u0131n\u0131n farkl\u0131 cihazlarda \u00e7al\u0131\u015fan dinamik bir web sitesi var<\/p>\n\n\n\n<p>1. Y\u00fcklemek istedi\u011finiz dosyay\u0131 se\u00e7in ve \u201cG\u00f6zat\u201d d\u00fc\u011fmesine t\u0131klayarak Zippyshare Premium platformunda saklay\u0131n. G\u00f6zat d\u00fc\u011fmesine t\u0131klad\u0131ktan sonra, dosyan\u0131z\u0131 bulmak i\u00e7in bir a\u00e7\u0131l\u0131r dosya y\u00f6neticisi g\u00f6r\u00fcnecektir. Zippyshare Premium platformunda dosya y\u00fcklemek, dosya t\u00fcr\u00fcnden ba\u011f\u0131ms\u0131z olarak engellenmeyecektir. Resim, ses, video, belge, sunum ve di\u011fer t\u00fcm dosyalar olsun, her t\u00fcr (<a rel=\"noreferrer noopener\" aria-label=\"dosya (opens in a new tab)\" href=\"https:\/\/en.wikipedia.org\/wiki\/List_of_file_formats\" target=\"_blank\">dosya<\/a>) Zippyshare Premium platformuna y\u00fcklenebilir. Zippyshare Premium platformunda dosya ba\u015f\u0131na maksimum Be\u015f Y\u00fcz Megabayt (500 MB) y\u00fckleyebilirsiniz.<\/p>\n\n\n\n<p>2. Dosyan\u0131z\u0131 se\u00e7tikten sonra, \u201cY\u00fcklemeyi Ba\u015flat\u201d d\u00fc\u011fmesini t\u0131klayarak an\u0131nda y\u00fckleyebilirsiniz. A\u00e7\u0131lan Zippyshare Premium hesab\u0131 y\u00fckleme durumunda y\u00fckleme i\u015fleminin y\u00fczdesini g\u00f6receksiniz. Dikkatli olun ve veri bozulmas\u0131n\u0131, veri kayb\u0131n\u0131 veya dosya y\u00fcklemenizin iptalini \u00f6nlemek i\u00e7in taray\u0131c\u0131n\u0131zdan \u00e7\u0131kmay\u0131n veya internet ba\u011flant\u0131n\u0131z\u0131n ba\u011flant\u0131s\u0131n\u0131 kesmeyin.<\/p>\n\n\n\n<p>3. Son olarak, y\u00fcklemeniz tamamland\u0131\u011f\u0131nda, dosyan\u0131z\u0131n gizlili\u011fini herkese a\u00e7\u0131k, \u00f6zel veya \u015fov olarak se\u00e7ilen ki\u015filere ayarlayabilirsiniz. Temel olarak, dosyan\u0131z\u0131n gizlili\u011fini herkese a\u00e7\u0131k olarak ayarlad\u0131\u011f\u0131n\u0131zda, dosyan\u0131z Zippyshare Premium platformundaki di\u011fer kullan\u0131c\u0131lar taraf\u0131ndan g\u00f6r\u00fclebilir ve di\u011fer kullan\u0131c\u0131lar taraf\u0131ndan aranabilir. Bu \u00f6zellik, dosyan\u0131z\u0131n veya dosyalar\u0131n\u0131z\u0131n payla\u015f\u0131labilirli\u011fini en \u00fcst d\u00fczeye \u00e7\u0131kar\u0131r. Dosyan\u0131z\u0131n gizlili\u011fini \u00f6zel olarak ayarlad\u0131\u011f\u0131n\u0131zda, Zippyshare Premium platformunda dosyan\u0131za yaln\u0131zca sizin hesab\u0131n\u0131z\u0131 kullanarak eri\u015febilirsiniz. Daha sonra, se\u00e7ilen ki\u015filere g\u00f6stermek i\u00e7in dosyan\u0131z\u0131n gizlili\u011fini se\u00e7tiyseniz, dosyan\u0131z\u0131 payla\u015fmak istedi\u011finiz ki\u015filerin ad\u0131n\u0131 veya e-posta adreslerini girmeniz istenir.<\/p>\n\n\n\n<p>Her dosyan\u0131n, dosyan\u0131z\u0131 indirmek i\u00e7in Zippyshare Premium web sitesine benzersiz bir ba\u011flant\u0131s\u0131 olaca\u011f\u0131n\u0131 unutmay\u0131n. \u00d6zel olarak ayarlanm\u0131\u015f veya se\u00e7ilen ki\u015filere g\u00f6sterilecek dosyalara, eri\u015fime izin vermedi\u011finiz s\u00fcrece yaln\u0131zca di\u011fer anonim kullan\u0131c\u0131lar eri\u015femez. Zippyshare Premium, t\u00fcm istenmeyen Adware, Casus Yaz\u0131l\u0131m, K\u00f6t\u00fc Ama\u00e7l\u0131 Yaz\u0131l\u0131m, Truva At\u0131 ve hesab\u0131n\u0131z arac\u0131l\u0131\u011f\u0131yla size veri h\u0131rs\u0131zl\u0131\u011f\u0131 ve veri kimlik av\u0131 yapabilen solucanlara kar\u015f\u0131 sizi korumak i\u00e7in dosyalar\u0131n\u0131z\u0131n payla\u015f\u0131labilirli\u011fi ve gizlili\u011finizle ilgilidir.<\/p>\n\n\n\n<p>Buna ek olarak, Zippyshare Premium platformu, Microsoft Internet Explorer, Microsoft Edge, Mozilla Firefox, Safari, Opera Tor taray\u0131c\u0131s\u0131 ve t\u00fcm cihazlardaki di\u011fer t\u00fcm b\u00fcy\u00fck internet taray\u0131c\u0131lar\u0131 olsun, mevcut herhangi bir taray\u0131c\u0131da kesinlikle \u00e7al\u0131\u015fabilir. Tucows, Inc&#8217;in arkas\u0131ndaki uzmanlar, Zippyshare Premium web sitesinin eri\u015filebilirli\u011finin, geli\u015fmi\u015f bilgisayar <a rel=\"noreferrer noopener\" aria-label=\"programlama  (opens in a new tab)\" href=\"https:\/\/www.khanacademy.org\/computing\/computer-programming\/programming\/intro-to-programming\/v\/programming-intro\" target=\"_blank\">programlama <\/a>ve sofistike algoritmalar kullanarak d\u00fcnyadaki herhangi bir cihazda aktif ve dinamik bir \u015fekilde bulunmas\u0131n\u0131 sa\u011flad\u0131.<\/p>\n\n\n\n<h2>Zippyshare Premium Sahtekarl\u0131\u011f\u0131 Sorunu Hakk\u0131nda<\/h2>\n\n\n\n<p>Tucows, Inc taraf\u0131ndan desteklenen Zippyshare Premium platformu tamamen yasal ve do\u011frulanm\u0131\u015f bir web sitesidir. Zippyshare Premium platformunun bir sahtekarl\u0131k \u00fcr\u00fcn\u00fc olmad\u0131\u011f\u0131n\u0131, ancak tamamen ger\u00e7ek bir dosya bar\u0131nd\u0131rma hizmeti sa\u011flay\u0131c\u0131s\u0131 ve bulut depolama, sa\u011flay\u0131c\u0131s\u0131 oldu\u011funu kan\u0131tlamak i\u00e7in say\u0131sal veriler yukar\u0131da yay\u0131nlanm\u0131\u015ft\u0131r. Zippyshare Premium hesab\u0131, hazineniz ve payla\u015fman\u0131z i\u00e7in en \u00f6nemli dosyalar\u0131n\u0131z\u0131 s\u0131k\u0131\u015ft\u0131rd\u0131\u011f\u0131m\u0131z i\u00e7in t\u00fcm dosyalar\u0131n\u0131za \u00f6nem verir.<\/p>\n\n\n\n<h2>Zippyshare Premium Hakk\u0131nda Nihai D\u00fc\u015f\u00fcnceler<\/h2>\n\n\n\n<p>Zippyshare Premium platformu, dosyalar\u0131n\u0131z\u0131 istenmeyen izleyiciler ve bilgisayar korsanlar\u0131ndan korumak i\u00e7in on y\u0131ldan uzun bir s\u00fcredir denenmekte ve test edilmektedir. Zippyshare Premium, hazineniz ve payla\u015fman\u0131z i\u00e7in en \u00f6nemli dosyalar\u0131n\u0131z\u0131 s\u0131k\u0131\u015ft\u0131rd\u0131\u011f\u0131m\u0131z i\u00e7in \u00f6nemser. Zippyshare Premium hesab\u0131n\u0131 kullanmaya ba\u015flay\u0131n ve Zippyshare Premium platformunu kullanarak dosya bar\u0131nd\u0131rma hizmeti (FHS) ve bulut depolama alan\u0131ndaki en son yenilikleri ya\u015fay\u0131n.<\/p>\n\n\n\n<h2>Zippyshare Premium Hesab\u0131nda S\u0131k Sorulan Sorular<\/h2>\n\n\n\n<h3>1. Zippyshare Premium platformu yasal m\u0131 ve bir aldatmaca de\u011fil mi?<\/h3>\n\n\n\n<p>Zippyshare Premium platformu, Fransa merkezli Tucows, Inc taraf\u0131ndan geli\u015ftirilmi\u015ftir. 2006 y\u0131l\u0131nda piyasaya s\u00fcr\u00fcld\u00fc\u011f\u00fcnden beri bir (1) on y\u0131l, \u00fc\u00e7 (3) y\u0131l ve be\u015f (5) ay boyunca g\u00fcvenli ve g\u00fcvenilir oldu\u011fu kan\u0131tlanm\u0131\u015ft\u0131r.<\/p>\n\n\n\n<h3>2. Zippyshare Premium, hizmetlerini \u00fccretsiz olarak sa\u011flarken nas\u0131l kazan\u0131r?<\/h3>\n\n\n\n<p>Dosya bar\u0131nd\u0131rma platformu (FHS), Zippyshare Premium web sitesine yerle\u015ftirilmi\u015f reklamlar\u0131yla kazan\u0131r. G\u00fcnde otuz be\u015f bin dokuz y\u00fcz elli \u00fc\u00e7 dolar (35.953,00 $) kazand\u0131\u011f\u0131 ve otuz sekiz milyon sekiz y\u00fcz yirmi dokuz bin iki y\u00fcz k\u0131rk dolar (38.829.240.00 $) civar\u0131nda oldu\u011fu tahmin edilmektedir.<\/p>\n\n\n\n<h3>3. Zippyshare Premium etki alan\u0131n\u0131n s\u00fcresi ne zaman dolar?<\/h3>\n\n\n\n<p>Zippyshare Premium&#8217;un alan ad\u0131 s\u00fcresi, neredeyse iki (2) y\u0131l olan 6 Eyl\u00fcl 2021&#8217;de sona erecek. D\u00fcnyan\u0131n d\u00f6rt bir yan\u0131ndan d\u00f6rt milyon d\u00f6rt y\u00fcz k\u0131rk dokuz bin (4,494,077) farkl\u0131 insan taraf\u0131ndan ziyaret edilmeyi yeterince \u00fcnl\u00fc yapan herhangi bir risk sorununun yoklu\u011fu i\u00e7in cutestat.org taraf\u0131ndan hala ve her zaman SAFE olarak i\u015faretlenmi\u015ftir. web sitesi ile g\u00fcnl\u00fck bazda otuz be\u015f milyon dokuz y\u00fcz elli iki bin ve alt\u0131 y\u00fcz alt\u0131 (35.952.616) g\u00fcnl\u00fck sayfa g\u00f6r\u00fcnt\u00fcleme izlendi. \u015eu anda Alexa S\u0131ralamas\u0131nda \u00fc\u00e7 y\u00fcz doksan sekiz (398) numara. Platform ayr\u0131ca Google taraf\u0131ndan bir milyon alt\u0131 y\u00fcz otuz bin taraf\u0131ndan endekslendi ve Google geri d\u00f6n\u00fc\u015fleri on dokuz milyon sekiz y\u00fcz bine (19.800.000) kadar. Geli\u015ftiriciler, Tucows, Inc kullan\u0131c\u0131lar\u0131n\u0131n Zippyshare Premium hesab\u0131 hazine ve payla\u015fmak i\u00e7in en \u00f6nemli dosyalar\u0131n\u0131 fermuar gibi platformda dosyalar\u0131n\u0131n g\u00fcvenli\u011fini ve g\u00fcvenli\u011fini sa\u011flamak emin yapt\u0131.<\/p>\n\n\n<a class=\"maxbutton-2 maxbutton maxbutton-cta\" target=\"_blank\" rel=\"nofollow noopener\" href=\"\/go\/\"><span class='mb-text'>&gt;&gt; Orijinal Linkifier Web Sitesine Git<\/span><\/a>\n\n\n<p><\/p>\n","protected":false},"excerpt":{"rendered":"<p>Zippyshare Premium, d\u00fcnyan\u0131n her yerinden kullan\u0131c\u0131lar\u0131n kay\u0131t gerektirmeden bulut depolama alan\u0131 edinmelerini sa\u011flayan ve tamamen \u00fccretsiz olan bir dosya bar\u0131nd\u0131rma<\/p>\n","protected":false},"author":2,"featured_media":0,"parent":0,"menu_order":0,"comment_status":"closed","ping_status":"closed","template":"","meta":[],"yoast_head":"<!-- This site is optimized with the Yoast SEO plugin v18.3 - https:\/\/yoast.com\/wordpress\/plugins\/seo\/ -->\n<title>Zippyshare Premium Hesap: Bir Bak\u0131\u015fta Filehoster<\/title>\n<meta name=\"description\" content=\"Zippyshare sayg\u0131n bir sa\u011flay\u0131c\u0131 m\u0131 de\u011fil mi, cevab\u0131 Multihoster.org&#039;daki mevcut testte bulabilirsiniz \u279c \u015eimdi t\u0131klay\u0131n \u271a deneyimlerimizi okumak i\u00e7in!\" \/>\n<meta name=\"robots\" content=\"index, follow, max-snippet:-1, max-image-preview:large, max-video-preview:-1\" \/>\n<link rel=\"canonical\" href=\"https:\/\/multihoster.org\/tr\/zippyshare\/\" \/>\n<meta property=\"og:locale\" content=\"tr_TR\" \/>\n<meta property=\"og:type\" content=\"article\" \/>\n<meta property=\"og:title\" content=\"Zippyshare Premium Hesap: Bir Bak\u0131\u015fta Filehoster\" \/>\n<meta property=\"og:description\" content=\"Zippyshare sayg\u0131n bir sa\u011flay\u0131c\u0131 m\u0131 de\u011fil mi, cevab\u0131 Multihoster.org&#039;daki mevcut testte bulabilirsiniz \u279c \u015eimdi t\u0131klay\u0131n \u271a deneyimlerimizi okumak i\u00e7in!\" \/>\n<meta property=\"og:url\" content=\"https:\/\/multihoster.org\/tr\/zippyshare\/\" \/>\n<meta property=\"og:site_name\" content=\"Multihoster.org\" \/>\n<meta property=\"article:modified_time\" content=\"2020-05-29T14:55:42+00:00\" \/>\n<meta property=\"og:image\" content=\"https:\/\/lh5.googleusercontent.com\/jGG6ExEvxfLXvl7PU9quzMr96-jrFDO7CNN3Co5zBomf-zazQ8B5hToKCi1QhjvNOxFuVTntQ1C1aM8un7SfqlJ_yXHTC25smlgCgvmKFB9T0FRf5qUKFO3VxycFTqW2nqg1Rck\" \/>\n<meta name=\"twitter:card\" content=\"summary\" \/>\n<meta name=\"twitter:label1\" content=\"Tahmini okuma s\u00fcresi\" \/>\n\t<meta name=\"twitter:data1\" content=\"9 dakika\" \/>\n<script type=\"application\/ld+json\" class=\"yoast-schema-graph\">{\"@context\":\"https:\/\/schema.org\",\"@graph\":[{\"@type\":\"WebSite\",\"@id\":\"https:\/\/multihoster.org\/#website\",\"url\":\"https:\/\/multihoster.org\/\",\"name\":\"Multihoster.org\",\"description\":\"Reviews of the major Filehosting services\",\"potentialAction\":[{\"@type\":\"SearchAction\",\"target\":{\"@type\":\"EntryPoint\",\"urlTemplate\":\"https:\/\/multihoster.org\/?s={search_term_string}\"},\"query-input\":\"required name=search_term_string\"}],\"inLanguage\":\"tr\"},{\"@type\":\"ImageObject\",\"@id\":\"https:\/\/multihoster.org\/tr\/zippyshare\/#primaryimage\",\"inLanguage\":\"tr\",\"url\":\"https:\/\/lh5.googleusercontent.com\/jGG6ExEvxfLXvl7PU9quzMr96-jrFDO7CNN3Co5zBomf-zazQ8B5hToKCi1QhjvNOxFuVTntQ1C1aM8un7SfqlJ_yXHTC25smlgCgvmKFB9T0FRf5qUKFO3VxycFTqW2nqg1Rck\",\"contentUrl\":\"https:\/\/lh5.googleusercontent.com\/jGG6ExEvxfLXvl7PU9quzMr96-jrFDO7CNN3Co5zBomf-zazQ8B5hToKCi1QhjvNOxFuVTntQ1C1aM8un7SfqlJ_yXHTC25smlgCgvmKFB9T0FRf5qUKFO3VxycFTqW2nqg1Rck\"},{\"@type\":\"WebPage\",\"@id\":\"https:\/\/multihoster.org\/tr\/zippyshare\/#webpage\",\"url\":\"https:\/\/multihoster.org\/tr\/zippyshare\/\",\"name\":\"Zippyshare Premium Hesap: Bir Bak\u0131\u015fta Filehoster\",\"isPartOf\":{\"@id\":\"https:\/\/multihoster.org\/#website\"},\"primaryImageOfPage\":{\"@id\":\"https:\/\/multihoster.org\/tr\/zippyshare\/#primaryimage\"},\"datePublished\":\"2020-04-07T11:19:22+00:00\",\"dateModified\":\"2020-05-29T14:55:42+00:00\",\"description\":\"Zippyshare sayg\u0131n bir sa\u011flay\u0131c\u0131 m\u0131 de\u011fil mi, cevab\u0131 Multihoster.org'daki mevcut testte bulabilirsiniz \u279c \u015eimdi t\u0131klay\u0131n \u271a deneyimlerimizi okumak i\u00e7in!\",\"breadcrumb\":{\"@id\":\"https:\/\/multihoster.org\/tr\/zippyshare\/#breadcrumb\"},\"inLanguage\":\"tr\",\"potentialAction\":[{\"@type\":\"ReadAction\",\"target\":[\"https:\/\/multihoster.org\/tr\/zippyshare\/\"]}]},{\"@type\":\"BreadcrumbList\",\"@id\":\"https:\/\/multihoster.org\/tr\/zippyshare\/#breadcrumb\",\"itemListElement\":[{\"@type\":\"ListItem\",\"position\":1,\"name\":\"Startseite\",\"item\":\"https:\/\/multihoster.org\/tr\/\"},{\"@type\":\"ListItem\",\"position\":2,\"name\":\"Zippyshare Premium Hesap: Bir Bak\u0131\u015fta Filehoster\"}]}]}<\/script>\n<!-- \/ Yoast SEO plugin. -->","yoast_head_json":{"title":"Zippyshare Premium Hesap: Bir Bak\u0131\u015fta Filehoster","description":"Zippyshare sayg\u0131n bir sa\u011flay\u0131c\u0131 m\u0131 de\u011fil mi, cevab\u0131 Multihoster.org'daki mevcut testte bulabilirsiniz \u279c \u015eimdi t\u0131klay\u0131n \u271a deneyimlerimizi okumak i\u00e7in!","robots":{"index":"index","follow":"follow","max-snippet":"max-snippet:-1","max-image-preview":"max-image-preview:large","max-video-preview":"max-video-preview:-1"},"canonical":"https:\/\/multihoster.org\/tr\/zippyshare\/","og_locale":"tr_TR","og_type":"article","og_title":"Zippyshare Premium Hesap: Bir Bak\u0131\u015fta Filehoster","og_description":"Zippyshare sayg\u0131n bir sa\u011flay\u0131c\u0131 m\u0131 de\u011fil mi, cevab\u0131 Multihoster.org'daki mevcut testte bulabilirsiniz \u279c \u015eimdi t\u0131klay\u0131n \u271a deneyimlerimizi okumak i\u00e7in!","og_url":"https:\/\/multihoster.org\/tr\/zippyshare\/","og_site_name":"Multihoster.org","article_modified_time":"2020-05-29T14:55:42+00:00","og_image":[{"url":"https:\/\/lh5.googleusercontent.com\/jGG6ExEvxfLXvl7PU9quzMr96-jrFDO7CNN3Co5zBomf-zazQ8B5hToKCi1QhjvNOxFuVTntQ1C1aM8un7SfqlJ_yXHTC25smlgCgvmKFB9T0FRf5qUKFO3VxycFTqW2nqg1Rck"}],"twitter_card":"summary","twitter_misc":{"Tahmini okuma s\u00fcresi":"9 dakika"},"schema":{"@context":"https:\/\/schema.org","@graph":[{"@type":"WebSite","@id":"https:\/\/multihoster.org\/#website","url":"https:\/\/multihoster.org\/","name":"Multihoster.org","description":"Reviews of the major Filehosting services","potentialAction":[{"@type":"SearchAction","target":{"@type":"EntryPoint","urlTemplate":"https:\/\/multihoster.org\/?s={search_term_string}"},"query-input":"required name=search_term_string"}],"inLanguage":"tr"},{"@type":"ImageObject","@id":"https:\/\/multihoster.org\/tr\/zippyshare\/#primaryimage","inLanguage":"tr","url":"https:\/\/lh5.googleusercontent.com\/jGG6ExEvxfLXvl7PU9quzMr96-jrFDO7CNN3Co5zBomf-zazQ8B5hToKCi1QhjvNOxFuVTntQ1C1aM8un7SfqlJ_yXHTC25smlgCgvmKFB9T0FRf5qUKFO3VxycFTqW2nqg1Rck","contentUrl":"https:\/\/lh5.googleusercontent.com\/jGG6ExEvxfLXvl7PU9quzMr96-jrFDO7CNN3Co5zBomf-zazQ8B5hToKCi1QhjvNOxFuVTntQ1C1aM8un7SfqlJ_yXHTC25smlgCgvmKFB9T0FRf5qUKFO3VxycFTqW2nqg1Rck"},{"@type":"WebPage","@id":"https:\/\/multihoster.org\/tr\/zippyshare\/#webpage","url":"https:\/\/multihoster.org\/tr\/zippyshare\/","name":"Zippyshare Premium Hesap: Bir Bak\u0131\u015fta Filehoster","isPartOf":{"@id":"https:\/\/multihoster.org\/#website"},"primaryImageOfPage":{"@id":"https:\/\/multihoster.org\/tr\/zippyshare\/#primaryimage"},"datePublished":"2020-04-07T11:19:22+00:00","dateModified":"2020-05-29T14:55:42+00:00","description":"Zippyshare sayg\u0131n bir sa\u011flay\u0131c\u0131 m\u0131 de\u011fil mi, cevab\u0131 Multihoster.org'daki mevcut testte bulabilirsiniz \u279c \u015eimdi t\u0131klay\u0131n \u271a deneyimlerimizi okumak i\u00e7in!","breadcrumb":{"@id":"https:\/\/multihoster.org\/tr\/zippyshare\/#breadcrumb"},"inLanguage":"tr","potentialAction":[{"@type":"ReadAction","target":["https:\/\/multihoster.org\/tr\/zippyshare\/"]}]},{"@type":"BreadcrumbList","@id":"https:\/\/multihoster.org\/tr\/zippyshare\/#breadcrumb","itemListElement":[{"@type":"ListItem","position":1,"name":"Startseite","item":"https:\/\/multihoster.org\/tr\/"},{"@type":"ListItem","position":2,"name":"Zippyshare Premium Hesap: Bir Bak\u0131\u015fta Filehoster"}]}]}},"_links":{"self":[{"href":"https:\/\/multihoster.org\/tr\/wp-json\/wp\/v2\/pages\/3176"}],"collection":[{"href":"https:\/\/multihoster.org\/tr\/wp-json\/wp\/v2\/pages"}],"about":[{"href":"https:\/\/multihoster.org\/tr\/wp-json\/wp\/v2\/types\/page"}],"author":[{"embeddable":true,"href":"https:\/\/multihoster.org\/tr\/wp-json\/wp\/v2\/users\/2"}],"replies":[{"embeddable":true,"href":"https:\/\/multihoster.org\/tr\/wp-json\/wp\/v2\/comments?post=3176"}],"version-history":[{"count":3,"href":"https:\/\/multihoster.org\/tr\/wp-json\/wp\/v2\/pages\/3176\/revisions"}],"predecessor-version":[{"id":4584,"href":"https:\/\/multihoster.org\/tr\/wp-json\/wp\/v2\/pages\/3176\/revisions\/4584"}],"wp:attachment":[{"href":"https:\/\/multihoster.org\/tr\/wp-json\/wp\/v2\/media?parent=3176"}],"curies":[{"name":"wp","href":"https:\/\/api.w.org\/{rel}","templated":true}]}}