{"id":3337,"date":"2020-04-08T06:46:37","date_gmt":"2020-04-08T06:46:37","guid":{"rendered":"https:\/\/multihoster.org\/katfile-premium-account-the-filehoster-at-a-glance\/"},"modified":"2020-12-14T18:24:48","modified_gmt":"2020-12-14T18:24:48","slug":"katfile","status":"publish","type":"page","link":"https:\/\/multihoster.org\/tr\/katfile\/","title":{"rendered":"KatFile Premium Hesap: Bir Bak\u0131\u015fta Filehoster"},"content":{"rendered":"\n<p>Bir kedi arkada\u015f\u0131 gibi, Katfile Premium Hesab\u0131n\u0131za t\u00fcm dosyalar\u0131n\u0131z i\u00e7in en iyi <a href=\"https:\/\/cloud.google.com\/storage\" target=\"_blank\" rel=\"noreferrer noopener\" aria-label=\"dosya bar\u0131nd\u0131rma hizmeti (FHS) (opens in a new tab)\">dosya bar\u0131nd\u0131rma hizmeti (FHS)<\/a> sa\u011flay\u0131c\u0131s\u0131 olabilirsiniz. \u0130ster bir belge, video, ses ve di\u011fer her t\u00fcrl\u00fc dosya olsun, Katfile Premium Hesab\u0131 size en \u00f6nemli dosyalar\u0131n\u0131z\u0131 \u00e7evrimi\u00e7i olarak korurken e\u015flik edecektir.<\/p>\n\n\n\n<p>Katfile Premium sayg\u0131n bir \u00e7evrimi\u00e7i dosya bar\u0131nd\u0131rma hizmeti (FHS) sa\u011flay\u0131c\u0131s\u0131d\u0131r, web sitemizdeki mevcut testte daha fazla bilgi bulabilirsiniz. Sonraki makaleleri okuyun ve Katfile Premium Hesab\u0131n\u0131n i\u015flevleri ve \u00f6zellikleriyle zenginle\u015ftirin.<\/p>\n\n\n<a class=\"maxbutton-2 maxbutton maxbutton-cta\" target=\"_blank\" rel=\"nofollow noopener\" href=\"\/katfile\/goto\/\"><span class='mb-text'>&gt;&gt; Orijinal Katfile Web Sitesine Git<\/span><\/a>\n\n\n<p><\/p>\n\n\n\n<h2>Katfile Premium Hesap Arkaplan\u0131<\/h2>\n\n\n\n<p>Katfile Premium Hesab\u0131, bir belge, videolar, ses dosyalar\u0131 ve di\u011fer t\u00fcm dosya t\u00fcrleri olsa bile t\u00fcm dosyalar\u0131n\u0131z i\u00e7in yedek depolama dosyas\u0131 olarak kullan\u0131labilecek Katfile dosya bar\u0131nd\u0131rma hizmetine (FHS) veya bulut depolama alan\u0131na eri\u015fmenizi sa\u011flar. Art\u0131k Katfile Premium Hesab\u0131 ile ilgili geli\u015ftiricileri ve rakamlar\u0131 bildi\u011finize g\u00f6re, a\u015fa\u011f\u0131daki makaleyi okuyarak zengin i\u015flevselli\u011fi ve \u00f6zellikleri hakk\u0131nda daha fazla bilgi edinin.<\/p>\n\n\n\n<h2>Katfile Premium Hesap Platformu Zengin \u0130\u015flev ve \u00d6zellikleri<\/h2>\n\n\n\n<p>Katfile, size e\u015flik ederken size konfor ve g\u00fcvenlik sa\u011flayan kedi seyahat arkada\u015f\u0131 arkada\u015f\u0131n\u0131za benzetilebilir. Katfile platformunu kullanarak Katfile Premium hesap zengin i\u015flevine ve \u00f6zelliklerine kolayca eri\u015febilirsiniz, \u00e7\u00fcnk\u00fc Katfile dosya bar\u0131nd\u0131rma hizmeti (FHS) sa\u011flay\u0131c\u0131s\u0131nda kendi alan\u0131n\u0131z\u0131 g\u00fcvence alt\u0131na alabilirsiniz. Di\u011fer dosya bar\u0131nd\u0131rma hizmeti (FHS) sa\u011flay\u0131c\u0131lar\u0131 veya bulut depolama alan\u0131 y\u00fckleyebilece\u011finiz dosya t\u00fcr\u00fcn\u00fc s\u0131n\u0131rlarken, Katfile Premium Hesab\u0131 arac\u0131l\u0131\u011f\u0131yla Katfile platformu <a href=\"https:\/\/en.wikipedia.org\/wiki\/List_of_file_formats\" target=\"_blank\" rel=\"noreferrer noopener\" aria-label=\"bi\u00e7im (opens in a new tab)\">bi\u00e7im<\/a>, kalite, \u00e7\u00f6z\u00fcn\u00fcrl\u00fck veya di\u011fer \u00f6zelliklerden ba\u011f\u0131ms\u0131z olarak herhangi bir \u015fey y\u00fcklemenize izin verir. Katfile Premium Hesab\u0131 arac\u0131l\u0131\u011f\u0131yla Katfile platformu, dosyalar\u0131n\u0131z\u0131 Katfile dosya bar\u0131nd\u0131rma hizmeti (FHS) ve bulut depolama alan\u0131na y\u00fckleyip saklarken m\u00fckemmel bir konfor sa\u011flar.<\/p>\n\n\n\n<figure class=\"wp-block-image\"><img src=\"https:\/\/lh4.googleusercontent.com\/ICW4PskowWMx4NNoWX0_wnL0e6OGgDagLfk6YByo5Ck6vIknmqjaig7lCrb72BuX46NRzVjhi1oelhmHexdwloJmyYt87n8mqgEkzXXCWMhzXKsyrAyD3h2yl5Q15nFfcnuJvJG-\" alt=\"The Katfile File Hosting Service (FHS) Platform\"\/><\/figure>\n\n\n\n<p>Katfile Dosya Bar\u0131nd\u0131rma Hizmeti (FHS) Platformu<\/p>\n\n\n\n<p>Bi\u00e7im, kalite, \u00e7\u00f6z\u00fcn\u00fcrl\u00fck veya di\u011fer dosya \u00f6zelliklerinden ba\u011f\u0131ms\u0131z olarak her \u015feyi y\u00fckleyebilece\u011finizi s\u00f6ylesek de, Katfile Premium Hesab\u0131 arac\u0131l\u0131\u011f\u0131yla Katfile platformu, \u00f6zellikle <a href=\"https:\/\/en.wikipedia.org\/wiki\/Digital_Millennium_Copyright_Act\" target=\"_blank\" rel=\"noreferrer noopener\" aria-label=\"Dijital Biny\u0131l Telif Hakk\u0131 Yasas\u0131'nda (DMCA) (opens in a new tab)\">Dijital Biny\u0131l Telif Hakk\u0131 Yasas\u0131&#8217;nda (DMCA)<\/a> t\u00fcm yerel ve uluslararas\u0131 standartlara uygundur. Dosyan\u0131z\u0131 y\u00fckler y\u00fcklemez Katfile Premium Hesab\u0131 arac\u0131l\u0131\u011f\u0131yla Katfile platformu, d\u00fcnya \u00e7ap\u0131nda mevcut \u00e7evrimi\u00e7i internet yasalar\u0131n\u0131 ve d\u00fczenlemelerini ihlal eden her t\u00fcrl\u00fc n\u00fc, pornografiyi ve telif hakk\u0131yla korunan dosyay\u0131 tespit etmek i\u00e7in entegre programlamas\u0131n\u0131 \u00e7al\u0131\u015ft\u0131r\u0131r.<\/p>\n\n\n\n<p>Domain Protection Services, Inc., t\u00fcm d\u00fcnyada kullan\u0131c\u0131lar\u0131n\u0131n yarar\u0131na eri\u015filebilirli\u011fe g\u00fcvenlikle e\u015flik etmek i\u00e7in telif hakk\u0131 g\u00fcvenlik i\u015flevini entegre etti. Katfile Premium Hesab\u0131 arac\u0131l\u0131\u011f\u0131yla Katfile platformu yaln\u0131zca Katfile dosya bar\u0131nd\u0131rma hizmeti (FHS) ve bulut depolama alan\u0131 sa\u011flamakla kalmaz, ayn\u0131 zamanda platform s\u00fcrekli olarak t\u00fcm d\u00fcnyadaki fikri m\u00fclkiyet yasalar\u0131na uydu\u011fundan kullan\u0131c\u0131 dosyalar\u0131n\u0131n g\u00fcvenli\u011fini sa\u011flar.<\/p>\n\n\n\n<figure class=\"wp-block-image\"><img src=\"https:\/\/lh6.googleusercontent.com\/9BB5t0_ql0oRvoYLgk_ZsLEHEV4oLQtgJzOoRqdOHYNpegyu1qkFnjE-bTii2UQWKKfI3KrqYIPovAakyVKT13ZCe3hHr3pZdE6ILu9lwL0Yym6gYaQvqhO9pD3ELksBf1j_E1H8\" alt=\"Copyright Security is a priority\"\/><\/figure>\n\n\n\n<p>Telif Hakk\u0131 G\u00fcvenli\u011fi Katfile platformuna bir \u00f6nceliktir<\/p>\n\n\n\n<p>Katfile platformunda Katfile Premium Hesab\u0131 \u00fczerinden y\u00fcklenen dosyalar, her bir kullan\u0131c\u0131 dosyas\u0131 i\u00e7in a\u00e7\u0131l\u0131r men\u00fclerde gezinerek herhangi bir zamanda kolayca silinebilir. Katfile Premium Hesab\u0131 arac\u0131l\u0131\u011f\u0131yla Katfile platformunda birden \u00e7ok silme i\u015flemi, Katfile platformunun t\u00fcm \u00f6zelliklerini i\u015faretleyerek de kolayca yap\u0131labilir. Katfile Premium Hesab\u0131n\u0131z\u0131n s\u00fcresinin dolmas\u0131, kullan\u0131c\u0131lar\u0131 taraf\u0131ndan y\u00fcklenen t\u00fcm dosyalar\u0131 da otomatik olarak silecektir.<\/p>\n\n\n\n<p>Bu zengin i\u015flevler ve \u00f6zellikler, rakip dosya bar\u0131nd\u0131rma hizmeti (FHS) ve bulut depolama sa\u011flay\u0131c\u0131lar\u0131 taraf\u0131ndan b\u00fcy\u00fck \u00f6l\u00e7\u00fcde g\u0131pta edilmektedir. Rakiplerin \u00e7o\u011fu Katfile Premium Hesab\u0131 arac\u0131l\u0131\u011f\u0131yla Katfile platformunu taklit ediyor, ancak Katfile Premium Hesab\u0131 arac\u0131l\u0131\u011f\u0131yla Katfile platformu olarak e\u015fle\u015femedi ve s\u00fcrekli olarak en son dosyalara hizmet veriyor ve en iyi dosya bar\u0131nd\u0131rma hizmeti (FHS) ve bulut sunmak i\u00e7in daha fazla geli\u015ftiriyor d\u00fcnyan\u0131n her yerinden kullan\u0131c\u0131lar\u0131na depolama eri\u015filebilirli\u011fi.<\/p>\n\n\n\n<p>Katfile platformunun \u00f6zelliklerini a\u015fa\u011f\u0131daki tabloda ayr\u0131nt\u0131l\u0131 olarak a\u00e7\u0131klad\u0131k. Daha fazla bilgi edinin ve Katfile Premium platformu taraf\u0131ndan sa\u011flanan g\u00fcvenlik ve g\u00fcvenli\u011fe eri\u015fin.<\/p>\n\n\n\n<figure class=\"wp-block-table\"><table><tbody><tr><td>Ayr\u0131nt\u0131lar<\/td><td>Katfile \u00dccretsiz Hesap<\/td><td>Katfile Premium Hesaplar\u0131<\/td><\/tr><tr><td>Kay\u0131t \u00fccreti<\/td><td>Tamamen bedava<\/td><td>Tutar on be\u015f ve doksan dokuz ABD dolar\u0131ndan (15,99 $); k\u0131rk d\u00f6rt ve doksan dokuz ABD dolar\u0131 (44.99 $); doksan dokuz ve doksan dokuz ABD dolar\u0131 (99.99 $) ve y\u00fcz doksan dokuz ve doksan dokuz ABD dolar\u0131 (199.99 $)<\/td><\/tr><tr><td>Ula\u015f\u0131labilirlik<\/td><td>\u00c7ok teknik bir web sitesi tasar\u0131m\u0131na sahiptir<\/td><td>Ergonomik ve yenilik\u00e7i web sitesi programlama ve aray\u00fcz\u00fc ile entegre<\/td><\/tr><tr><td>G\u00fcnl\u00fck \u0130ndirme Hacmi<\/td><td>G\u00fcnde en fazla bir (1) Gigabayt (GB)<\/td><td>G\u00fcnde maksimum 50 gigabayt (GB)<\/td><\/tr><tr><td>Maksimum Depolama Alan\u0131<\/td><td>Ayda en fazla bir (1) Terabayt (TB)<\/td><td>S\u0131n\u0131rs\u0131z depolama alan\u0131 tahsisi<\/td><\/tr><tr><td>S\u00fcrd\u00fcr\u00fclebilir \u0130ndirme<\/td><td>Duraklat\u0131lm\u0131\u015f veya kesintiye u\u011fram\u0131\u015f indirme i\u015flemlerine devam edilemez<\/td><td>Her zaman ve her zaman indirmeye devam edebilir<\/td><\/tr><tr><td>Maksimum \u0130ndirme H\u0131z\u0131<\/td><td>Saniyede en fazla y\u00fcz (100) Kilobayt (KB) sunar<\/td><td>\u0130nternet bant geni\u015fli\u011finin sunabilece\u011fi maksimum indirme h\u0131z\u0131n\u0131 verir<\/td><\/tr><tr><td> Veri h\u0131rs\u0131zl\u0131\u011f\u0131na ve kimlik av\u0131na kar\u015f\u0131 koruma<\/td><td>Adware, Spyware, Malware, Truva At\u0131 ve solucanlara kar\u015f\u0131 <a href=\"https:\/\/computersciencewiki.org\/index.php\/Client-side_scripting_and_server-side_scripting\" target=\"_blank\" rel=\"noreferrer noopener\" aria-label=\"koruma  (opens in a new tab)\">koruma <\/a>sa\u011flar; ve DMCA ve di\u011fer ilgili yasalara uygundur<\/td><td>Adware, Spyware, Malware, Truva At\u0131 ve solucanlara kar\u015f\u0131 <a href=\"https:\/\/computersciencewiki.org\/index.php\/Client-side_scripting_and_server-side_scripting\" target=\"_blank\" rel=\"noreferrer noopener\" aria-label=\"koruma  (opens in a new tab)\">koruma <\/a>sa\u011flar; ve DMCA ve di\u011fer ilgili yasalara uygundur<\/td><\/tr><tr><td>Katfile Captchas ve Kuyruklar\u0131<\/td><td>Gerekli t\u00fcm captcha&#8217;lar\u0131 ve kuyruklar\u0131 tamamlay\u0131n<\/td><td>Gerekli captcha&#8217;lar\u0131 ve kuyruklar\u0131 ger\u00e7ekle\u015ftirmeye gerek yok<\/td><\/tr><tr><td>Saklanan Dosyalar\u0131n Sona Ermesi<\/td><td>Son y\u00fckleme veya indirme i\u015fleminden otuz (30) g\u00fcn sonra<\/td><td>Son y\u00fckleme veya indirme i\u015fleminden altm\u0131\u015f (60) g\u00fcn sonra<\/td><\/tr><tr><td>\u0130ndirme Bekleme S\u00fcresi<\/td><td>Otuz (30) saniye y\u00fckleme s\u00fcresi bekleyin<\/td><td>\u0130ndirme Bekleme S\u00fcresi Yok<\/td><\/tr><tr><td>Katfile Sponsor Reklamlar\u0131<\/td><td>Katfile Sponsor \u0130lanlar\u0131<\/td><td>T\u00fcm dahili ve harici reklamlardan muaf<\/td><\/tr><tr><td>Maksimum E\u015fzamanl\u0131 \u0130ndirme<\/td><td>Sadece bir (1) maksimum e\u015fzamanl\u0131 indirme<\/td><td>S\u0131n\u0131rs\u0131z e\u015fzamanl\u0131 indirme<\/td><\/tr><\/tbody><\/table><\/figure>\n\n\n<a class=\"maxbutton-2 maxbutton maxbutton-cta\" target=\"_blank\" rel=\"nofollow noopener\" href=\"\/katfile\/goto\/\"><span class='mb-text'>&gt;&gt; Orijinal Katfile Web Sitesine Git<\/span><\/a>\n\n\n<p><\/p>\n\n\n\n<p>Yukar\u0131da g\u00f6sterildi\u011fi gibi, Katfile Premium Hesab\u0131 Katfile \u00dccretsiz Hesab\u0131na k\u0131yasla bir\u00e7ok avantaja sahiptir. Bir \u00fccret kar\u015f\u0131l\u0131\u011f\u0131nda Katfile Premium Hesab\u0131 g\u00fcnde daha y\u00fcksek bir indirme hacmine sahiptir ve g\u00fcnde maksimum 50 gigabayt (GB) sunar. Katfile Premium Hesab\u0131 ayr\u0131ca Internet Explorer, Microsoft Edge, Safari, Opera, Google Chrome ve Mozilla Firefox gibi taray\u0131c\u0131lardan duraklat\u0131lm\u0131\u015f veya iptal edilmi\u015f indirme i\u015flemlerine devam edebilen s\u0131n\u0131rs\u0131z \u00e7evrimi\u00e7i web depolama veya bulut depolama alan\u0131 sunar.<\/p>\n\n\n\n<p>Katfile Premium Hesab\u0131 ile s\u0131n\u0131rs\u0131z bant geni\u015fli\u011fi ile de indirebilirsiniz &#8211; Katfile Premium Hesab\u0131 arac\u0131l\u0131\u011f\u0131yla Katfile Platformunu kullan\u0131rken engellenmeyece\u011finiz ve en h\u0131zl\u0131 internet h\u0131z\u0131n\u0131z\u0131 kullanabilece\u011finiz anlam\u0131na gelir. Katfile platformunun bak\u0131m\u0131n\u0131 desteklemek i\u00e7in Domain Protection Services, Inc., Katfile \u00dccretsiz Hesab\u0131 i\u00e7in captcha&#8217;lar, kuyruklar ve sponsor reklamlar\u0131 kulland\u0131 ancak Katfile Premium Hesab\u0131 ile captcha&#8217;lar\u0131 ger\u00e7ekle\u015ftirmek i\u00e7in herhangi bir gereksinimden rahats\u0131z olmayaca\u011f\u0131n\u0131z\u0131 garanti ediyoruz. s\u0131ralayabilir veya her t\u00fcrl\u00fc reklam\u0131 g\u00f6r\u00fcnt\u00fcleyebilirsiniz. Ayr\u0131ca, Katfile Premium Hesab\u0131 ile, otuz (30) saniye y\u00fckleme s\u00fcresi beklemeniz gereken Katfile Premium Hesab\u0131ndak\u0131n aksine indirmenin ba\u015flamas\u0131n\u0131 beklemeyeceksiniz. Ayr\u0131ca, Katfile Premium Hesab\u0131n\u0131 kullanarak Katfile platformunda ayn\u0131 anda birden fazla dosyay\u0131 (t\u00fcr\u00fcnden ba\u011f\u0131ms\u0131z olarak) indirebilirsiniz; bu, Katfile Premium Hesab\u0131 m\u00fc\u015fterilerimizi kullanman\u0131n verimlili\u011fini ve kolayl\u0131\u011f\u0131n\u0131 sa\u011flayacakt\u0131r.<\/p>\n\n\n\n<p>Katfile platformunu, en iyi \u00e7evrimi\u00e7i web depolama ve bulut depolama olarak hizmet verecek \u00f6zellik ve i\u015flevlerle paketledik. Katfile \u00dccretsiz Hesab\u0131n\u0131n \u00e7evrimi\u00e7i web depolama ve bulut depolama ihtiyac\u0131n\u0131z\u0131 kar\u015f\u0131layaca\u011f\u0131ndan eminiz, Katfile Premium Hesab\u0131, Katfile platformu i\u00e7in az miktarda kay\u0131t \u00fccreti kar\u015f\u0131l\u0131\u011f\u0131nda kolayl\u0131k ve verimlilik sa\u011flamak i\u00e7in ek bir i\u015fleve ve \u00f6zelliklere sahiptir. .<\/p>\n\n\n\n<h2>Katfile Premium Hesap Kay\u0131t Promosyonlar\u0131 \u2019<\/h2>\n\n\n\n<p>Katfile Premium Hesab\u0131, rakip \u00e7evrimi\u00e7i web ve bulut depolama alan\u0131 aras\u0131nda en uygun fiyatl\u0131 kay\u0131t \u00fccretlerini sunar. Katfile Premium Hesab\u0131 i\u00e7in kay\u0131t \u015femalar\u0131n\u0131 a\u015fa\u011f\u0131da ayr\u0131nt\u0131l\u0131 olarak a\u00e7\u0131klad\u0131k.<\/p>\n\n\n\n<figure class=\"wp-block-table\"><table><tbody><tr><td>Katfile Premium Hesap Kay\u0131t \u015eemalar\u0131<\/td><td>Kay\u0131t \u00fccreti<\/td><\/tr><tr><td>Otuz (30) g\u00fcn boyunca Katfile Premium Hesab\u0131<\/td><td>$ 15.99  ABD dolar\u0131 <\/td><\/tr><tr><td>Doksan (90) g\u00fcn boyunca Katfile Premium Hesab\u0131<\/td><td>$ 44.99  ABD dolar\u0131 <\/td><\/tr><tr><td>Bir (1) y\u0131l boyunca Katfile Premium Hesab\u0131<\/td><td>$ 99.99  ABD dolar\u0131 <\/td><\/tr><tr><td>Katfile Premium \u00d6m\u00fcr Boyu Hesab\u0131<\/td><td>$ 199.99  ABD dolar\u0131 <\/td><\/tr><\/tbody><\/table><\/figure>\n\n\n\n<p>Katfile Premium Hesab\u0131, farkl\u0131 kullan\u0131c\u0131lar\u0131n eri\u015filebilirli\u011fi ve uyumlulu\u011fu i\u00e7in d\u00f6rt (4) kay\u0131t d\u00fczenine sahiptir. Etki Alan\u0131 Koruma Hizmetleri A.\u015e., bunlar\u0131 kullan\u0131c\u0131lar\u0131n\u0131n her birinin ihtiyac\u0131na uyacak \u015fekilde tasarlam\u0131\u015ft\u0131r. Biri on be\u015f ve doksan dokuz (15,99 $ USD) ABD Dolar\u0131 i\u00e7in otuz (30) g\u00fcn Katfile Premium Hesab\u0131na sahip olmay\u0131 se\u00e7ebilir; Katfile Premium Hesab\u0131 k\u0131rk d\u00f6rt ve doksan dokuz (44.99 USD) ABD Dolar\u0131 i\u00e7in doksan (90) g\u00fcn; veya Katfile Premium Hesab\u0131 doksan dokuz ve doksan dokuz (99.99 USD) ABD dolar\u0131 i\u00e7in bir (1) y\u0131l.<\/p>\n\n\n\n<figure class=\"wp-block-image\"><img src=\"https:\/\/lh6.googleusercontent.com\/MC_3H6xFCnoQKBqgzNpY49fsbqHIwS1Ps-qDYMNX1rbB7wZYPfOj9ZjeKkTlkz3U7I21uX51wk2OwsTAgWxWgfFZJDfi4WNxnOhMKf3Asq_4MvwD9P8NbLKVMIm9XBYfJdlFi5js\" alt=\"Flexible registration schemes for Katfile Premium Account\"\/><\/figure>\n\n\n\n<p>Katfile Premium Hesab\u0131 esnek kay\u0131t programlar\u0131 sunar<\/p>\n\n\n\n<p>Bunlardan, Katfile Premium Hesab\u0131 arac\u0131l\u0131\u011f\u0131yla Katfile platformunun \u00f6zelliklerinden tam anlam\u0131yla yararlanabilmek ve zengin i\u015flevlerini deneyimlemek i\u00e7in y\u00fcz doksan dokuz ve doksan dokuz (199.99 USD) ABD Dolar\u0131 i\u00e7in bir Katfile Premium \u00d6m\u00fcr Boyu Hesab\u0131na sahip olman\u0131z\u0131 \u015fiddetle tavsiye ederiz.<\/p>\n\n\n\n<h2>Katfile Premium Hesab\u0131 Hakk\u0131nda Sonu\u00e7lar<\/h2>\n\n\n\n<p>Katfile platformunu kullanmaya ve keyfini \u00e7\u0131karmaya hala karar vermediyseniz, \u00f6nce Katfile \u00dccretsiz Hesab\u0131m\u0131z\u0131 deneyebilirsiniz ve Alan Koruma Hizmetleri, Inc.&#8217;in t\u00fcm zorluklar\u0131n\u0131n bo\u015funa olmad\u0131\u011f\u0131ndan emin olabilirsiniz, \u00e7\u00fcnk\u00fc zamanla denendi\u011fimiz ve test edildi\u011fimiz i\u00e7in T\u00fcm dosyalar\u0131n\u0131z i\u00e7in en iyi dosya bar\u0131nd\u0131rma hizmeti (FHS) sa\u011flay\u0131c\u0131s\u0131 olarak kullanabilece\u011finiz ve kolayca keyfini \u00e7\u0131karabilece\u011finiz ve kedi arkada\u015f\u0131n\u0131z\u0131n y\u00fcr\u00fcy\u00fc\u015f\u00fc gibi kullanaca\u011f\u0131n\u0131z!<\/p>\n\n\n<a class=\"maxbutton-2 maxbutton maxbutton-cta\" target=\"_blank\" rel=\"nofollow noopener\" href=\"\/katfile\/goto\/\"><span class='mb-text'>&gt;&gt; Orijinal Katfile Web Sitesine Git<\/span><\/a>\n\n\n<p><\/p>\n","protected":false},"excerpt":{"rendered":"<p>Bir kedi arkada\u015f\u0131 gibi, Katfile Premium Hesab\u0131n\u0131za t\u00fcm dosyalar\u0131n\u0131z i\u00e7in en iyi dosya bar\u0131nd\u0131rma hizmeti (FHS) sa\u011flay\u0131c\u0131s\u0131 olabilirsiniz. \u0130ster bir<\/p>\n","protected":false},"author":2,"featured_media":0,"parent":0,"menu_order":0,"comment_status":"closed","ping_status":"closed","template":"","meta":[],"yoast_head":"<!-- This site is optimized with the Yoast SEO plugin v18.3 - https:\/\/yoast.com\/wordpress\/plugins\/seo\/ -->\n<title>KatFile Premium Hesap: Bir Bak\u0131\u015fta Filehoster<\/title>\n<meta name=\"description\" content=\"KatFile sayg\u0131n bir sa\u011flay\u0131c\u0131 m\u0131 de\u011fil mi, mevcut testte cevab\u0131 Multihoster.org&#039;da bulabilirsiniz \u279c \u015eimdi t\u0131klay\u0131n \u271a deneyimlerimizi okumak i\u00e7in!\" \/>\n<meta name=\"robots\" content=\"index, follow, max-snippet:-1, max-image-preview:large, max-video-preview:-1\" \/>\n<link rel=\"canonical\" href=\"https:\/\/multihoster.org\/tr\/katfile\/\" \/>\n<meta property=\"og:locale\" content=\"tr_TR\" \/>\n<meta property=\"og:type\" content=\"article\" \/>\n<meta property=\"og:title\" content=\"KatFile Premium Hesap: Bir Bak\u0131\u015fta Filehoster\" \/>\n<meta property=\"og:description\" content=\"KatFile sayg\u0131n bir sa\u011flay\u0131c\u0131 m\u0131 de\u011fil mi, mevcut testte cevab\u0131 Multihoster.org&#039;da bulabilirsiniz \u279c \u015eimdi t\u0131klay\u0131n \u271a deneyimlerimizi okumak i\u00e7in!\" \/>\n<meta property=\"og:url\" content=\"https:\/\/multihoster.org\/tr\/katfile\/\" \/>\n<meta property=\"og:site_name\" content=\"Multihoster.org\" \/>\n<meta property=\"article:modified_time\" content=\"2020-12-14T18:24:48+00:00\" \/>\n<meta property=\"og:image\" content=\"https:\/\/lh4.googleusercontent.com\/ICW4PskowWMx4NNoWX0_wnL0e6OGgDagLfk6YByo5Ck6vIknmqjaig7lCrb72BuX46NRzVjhi1oelhmHexdwloJmyYt87n8mqgEkzXXCWMhzXKsyrAyD3h2yl5Q15nFfcnuJvJG-\" \/>\n<meta name=\"twitter:card\" content=\"summary\" \/>\n<meta name=\"twitter:label1\" content=\"Tahmini okuma s\u00fcresi\" \/>\n\t<meta name=\"twitter:data1\" content=\"8 dakika\" \/>\n<script type=\"application\/ld+json\" class=\"yoast-schema-graph\">{\"@context\":\"https:\/\/schema.org\",\"@graph\":[{\"@type\":\"WebSite\",\"@id\":\"https:\/\/multihoster.org\/#website\",\"url\":\"https:\/\/multihoster.org\/\",\"name\":\"Multihoster.org\",\"description\":\"Reviews of the major Filehosting services\",\"potentialAction\":[{\"@type\":\"SearchAction\",\"target\":{\"@type\":\"EntryPoint\",\"urlTemplate\":\"https:\/\/multihoster.org\/?s={search_term_string}\"},\"query-input\":\"required name=search_term_string\"}],\"inLanguage\":\"tr\"},{\"@type\":\"ImageObject\",\"@id\":\"https:\/\/multihoster.org\/tr\/katfile\/#primaryimage\",\"inLanguage\":\"tr\",\"url\":\"https:\/\/lh4.googleusercontent.com\/ICW4PskowWMx4NNoWX0_wnL0e6OGgDagLfk6YByo5Ck6vIknmqjaig7lCrb72BuX46NRzVjhi1oelhmHexdwloJmyYt87n8mqgEkzXXCWMhzXKsyrAyD3h2yl5Q15nFfcnuJvJG-\",\"contentUrl\":\"https:\/\/lh4.googleusercontent.com\/ICW4PskowWMx4NNoWX0_wnL0e6OGgDagLfk6YByo5Ck6vIknmqjaig7lCrb72BuX46NRzVjhi1oelhmHexdwloJmyYt87n8mqgEkzXXCWMhzXKsyrAyD3h2yl5Q15nFfcnuJvJG-\"},{\"@type\":\"WebPage\",\"@id\":\"https:\/\/multihoster.org\/tr\/katfile\/#webpage\",\"url\":\"https:\/\/multihoster.org\/tr\/katfile\/\",\"name\":\"KatFile Premium Hesap: Bir Bak\u0131\u015fta Filehoster\",\"isPartOf\":{\"@id\":\"https:\/\/multihoster.org\/#website\"},\"primaryImageOfPage\":{\"@id\":\"https:\/\/multihoster.org\/tr\/katfile\/#primaryimage\"},\"datePublished\":\"2020-04-08T06:46:37+00:00\",\"dateModified\":\"2020-12-14T18:24:48+00:00\",\"description\":\"KatFile sayg\u0131n bir sa\u011flay\u0131c\u0131 m\u0131 de\u011fil mi, mevcut testte cevab\u0131 Multihoster.org'da bulabilirsiniz \u279c \u015eimdi t\u0131klay\u0131n \u271a deneyimlerimizi okumak i\u00e7in!\",\"breadcrumb\":{\"@id\":\"https:\/\/multihoster.org\/tr\/katfile\/#breadcrumb\"},\"inLanguage\":\"tr\",\"potentialAction\":[{\"@type\":\"ReadAction\",\"target\":[\"https:\/\/multihoster.org\/tr\/katfile\/\"]}]},{\"@type\":\"BreadcrumbList\",\"@id\":\"https:\/\/multihoster.org\/tr\/katfile\/#breadcrumb\",\"itemListElement\":[{\"@type\":\"ListItem\",\"position\":1,\"name\":\"Startseite\",\"item\":\"https:\/\/multihoster.org\/tr\/\"},{\"@type\":\"ListItem\",\"position\":2,\"name\":\"KatFile Premium Hesap: Bir Bak\u0131\u015fta Filehoster\"}]}]}<\/script>\n<!-- \/ Yoast SEO plugin. -->","yoast_head_json":{"title":"KatFile Premium Hesap: Bir Bak\u0131\u015fta Filehoster","description":"KatFile sayg\u0131n bir sa\u011flay\u0131c\u0131 m\u0131 de\u011fil mi, mevcut testte cevab\u0131 Multihoster.org'da bulabilirsiniz \u279c \u015eimdi t\u0131klay\u0131n \u271a deneyimlerimizi okumak i\u00e7in!","robots":{"index":"index","follow":"follow","max-snippet":"max-snippet:-1","max-image-preview":"max-image-preview:large","max-video-preview":"max-video-preview:-1"},"canonical":"https:\/\/multihoster.org\/tr\/katfile\/","og_locale":"tr_TR","og_type":"article","og_title":"KatFile Premium Hesap: Bir Bak\u0131\u015fta Filehoster","og_description":"KatFile sayg\u0131n bir sa\u011flay\u0131c\u0131 m\u0131 de\u011fil mi, mevcut testte cevab\u0131 Multihoster.org'da bulabilirsiniz \u279c \u015eimdi t\u0131klay\u0131n \u271a deneyimlerimizi okumak i\u00e7in!","og_url":"https:\/\/multihoster.org\/tr\/katfile\/","og_site_name":"Multihoster.org","article_modified_time":"2020-12-14T18:24:48+00:00","og_image":[{"url":"https:\/\/lh4.googleusercontent.com\/ICW4PskowWMx4NNoWX0_wnL0e6OGgDagLfk6YByo5Ck6vIknmqjaig7lCrb72BuX46NRzVjhi1oelhmHexdwloJmyYt87n8mqgEkzXXCWMhzXKsyrAyD3h2yl5Q15nFfcnuJvJG-"}],"twitter_card":"summary","twitter_misc":{"Tahmini okuma s\u00fcresi":"8 dakika"},"schema":{"@context":"https:\/\/schema.org","@graph":[{"@type":"WebSite","@id":"https:\/\/multihoster.org\/#website","url":"https:\/\/multihoster.org\/","name":"Multihoster.org","description":"Reviews of the major Filehosting services","potentialAction":[{"@type":"SearchAction","target":{"@type":"EntryPoint","urlTemplate":"https:\/\/multihoster.org\/?s={search_term_string}"},"query-input":"required name=search_term_string"}],"inLanguage":"tr"},{"@type":"ImageObject","@id":"https:\/\/multihoster.org\/tr\/katfile\/#primaryimage","inLanguage":"tr","url":"https:\/\/lh4.googleusercontent.com\/ICW4PskowWMx4NNoWX0_wnL0e6OGgDagLfk6YByo5Ck6vIknmqjaig7lCrb72BuX46NRzVjhi1oelhmHexdwloJmyYt87n8mqgEkzXXCWMhzXKsyrAyD3h2yl5Q15nFfcnuJvJG-","contentUrl":"https:\/\/lh4.googleusercontent.com\/ICW4PskowWMx4NNoWX0_wnL0e6OGgDagLfk6YByo5Ck6vIknmqjaig7lCrb72BuX46NRzVjhi1oelhmHexdwloJmyYt87n8mqgEkzXXCWMhzXKsyrAyD3h2yl5Q15nFfcnuJvJG-"},{"@type":"WebPage","@id":"https:\/\/multihoster.org\/tr\/katfile\/#webpage","url":"https:\/\/multihoster.org\/tr\/katfile\/","name":"KatFile Premium Hesap: Bir Bak\u0131\u015fta Filehoster","isPartOf":{"@id":"https:\/\/multihoster.org\/#website"},"primaryImageOfPage":{"@id":"https:\/\/multihoster.org\/tr\/katfile\/#primaryimage"},"datePublished":"2020-04-08T06:46:37+00:00","dateModified":"2020-12-14T18:24:48+00:00","description":"KatFile sayg\u0131n bir sa\u011flay\u0131c\u0131 m\u0131 de\u011fil mi, mevcut testte cevab\u0131 Multihoster.org'da bulabilirsiniz \u279c \u015eimdi t\u0131klay\u0131n \u271a deneyimlerimizi okumak i\u00e7in!","breadcrumb":{"@id":"https:\/\/multihoster.org\/tr\/katfile\/#breadcrumb"},"inLanguage":"tr","potentialAction":[{"@type":"ReadAction","target":["https:\/\/multihoster.org\/tr\/katfile\/"]}]},{"@type":"BreadcrumbList","@id":"https:\/\/multihoster.org\/tr\/katfile\/#breadcrumb","itemListElement":[{"@type":"ListItem","position":1,"name":"Startseite","item":"https:\/\/multihoster.org\/tr\/"},{"@type":"ListItem","position":2,"name":"KatFile Premium Hesap: Bir Bak\u0131\u015fta Filehoster"}]}]}},"_links":{"self":[{"href":"https:\/\/multihoster.org\/tr\/wp-json\/wp\/v2\/pages\/3337"}],"collection":[{"href":"https:\/\/multihoster.org\/tr\/wp-json\/wp\/v2\/pages"}],"about":[{"href":"https:\/\/multihoster.org\/tr\/wp-json\/wp\/v2\/types\/page"}],"author":[{"embeddable":true,"href":"https:\/\/multihoster.org\/tr\/wp-json\/wp\/v2\/users\/2"}],"replies":[{"embeddable":true,"href":"https:\/\/multihoster.org\/tr\/wp-json\/wp\/v2\/comments?post=3337"}],"version-history":[{"count":5,"href":"https:\/\/multihoster.org\/tr\/wp-json\/wp\/v2\/pages\/3337\/revisions"}],"predecessor-version":[{"id":5436,"href":"https:\/\/multihoster.org\/tr\/wp-json\/wp\/v2\/pages\/3337\/revisions\/5436"}],"wp:attachment":[{"href":"https:\/\/multihoster.org\/tr\/wp-json\/wp\/v2\/media?parent=3337"}],"curies":[{"name":"wp","href":"https:\/\/api.w.org\/{rel}","templated":true}]}}