{"id":3370,"date":"2020-04-08T09:30:20","date_gmt":"2020-04-08T09:30:20","guid":{"rendered":"https:\/\/multihoster.org\/catshare\/"},"modified":"2020-06-01T10:34:03","modified_gmt":"2020-06-01T10:34:03","slug":"catshare","status":"publish","type":"page","link":"https:\/\/multihoster.org\/tr\/catshare\/","title":{"rendered":"Catshare Premium Hesap: Bir Bak\u0131\u015fta Filehoster"},"content":{"rendered":"\n<p>Catshare platformu d\u00fcnyan\u0131n en rahat ve g\u00fcvenli dosya bar\u0131nd\u0131rma hizmeti (<a rel=\"noreferrer noopener\" aria-label=\"FHS (opens in a new tab)\" href=\"https:\/\/cloud.google.com\/storage\" target=\"_blank\">FHS<\/a>) sa\u011flay\u0131c\u0131s\u0131d\u0131r. D\u0131\u015far\u0131s\u0131 \u00e7ok t\u00fcyl\u00fc ve kabar\u0131k ama i\u00e7indeki vah\u015fi bir canavar\u0131 gizleyen t\u00fcyl\u00fc k\u00fc\u00e7\u00fck kedi arkada\u015f\u0131n\u0131z gibi. Zevk alman\u0131z i\u00e7in zengin ve eri\u015filebilir \u00f6zelliklere sahiptir. Kullan\u0131m\u0131 \u00e7ok kolayd\u0131r. Platformumuzu kullanmak \u00e7ok e\u011flenceli oldu\u011fu i\u00e7in, kullan\u0131rken zaman bile fark etmeyeceksiniz.<\/p>\n\n\n\n<p>Makalemizi okuyun ve dosya bar\u0131nd\u0131rma hizmetindeki (FHS) bu b\u00fcy\u00fck at\u0131l\u0131m\u0131n kolayl\u0131k ve g\u00fcvenlik aras\u0131ndaki m\u00fckemmel dengeyi nas\u0131l sergiledi\u011fine tan\u0131k olun. Dosya bar\u0131nd\u0131rma hizmeti (FHS) platformunda ilk hesab\u0131n\u0131z\u0131 ba\u015flatan Catshare dosya bar\u0131nd\u0131rma hizmetinin (FHS) ge\u00e7mi\u015fi ve web s\u0131ralamas\u0131, dosya bar\u0131nd\u0131rma hizmetimizin (FHS) benzersiz \u00f6zellikleri, Catshare dosya bar\u0131nd\u0131rma hizmeti (FHS) Premium Planlar\u0131 ve Catshare platformu hakk\u0131nda s\u0131k sorulan baz\u0131 sorular.<\/p>\n\n\n\n<p>Art\u0131k platformun g\u00fcvenilirli\u011fi ve onuruna dayal\u0131 oldu\u011funuza g\u00f6re, platformun neler sundu\u011funa bak\u0131n ve keyfini \u00e7\u0131karman\u0131z i\u00e7in zengin ve eri\u015filebilir \u00f6zellikleri i\u00e7in bir hesap a\u00e7t\u0131\u011f\u0131n\u0131zdan asla pi\u015fman olmayaca\u011f\u0131n\u0131z\u0131 garanti ediyoruz.<\/p>\n\n\n<a class=\"maxbutton-2 maxbutton maxbutton-cta\" target=\"_blank\" rel=\"nofollow noopener\" href=\"\/go\/\"><span class='mb-text'>&gt;&gt; Orijinal Linkifier Web Sitesine Git<\/span><\/a>\n\n\n<p><\/p>\n\n\n\n<h2>Catshare Dosya Bar\u0131nd\u0131rma Hizmetinin \u00d6zellikleri<\/h2>\n\n\n\n<p>Catshare Dosya Bar\u0131nd\u0131rma Hizmeti (FHS), eri\u015filebilirlik ve \u00f6zellik aras\u0131nda do\u011fru dengeye sahiptir. Tablo 1&#8217;e bak\u0131n. Platformu rakiplerinden farkl\u0131 k\u0131lan \u00f6zellikleri \u00f6\u011frenmek.<\/p>\n\n\n\n<p>\u00c7izelge 1. Catshare Hesaplar\u0131n\u0131n (\u00dccretsiz ve Premium) di\u011fer bulut depolama platformlar\u0131yla kar\u015f\u0131la\u015ft\u0131r\u0131ld\u0131\u011f\u0131nda \u00f6zellikleri<\/p>\n\n\n\n<figure class=\"wp-block-table\"><table><tbody><tr><td class=\"has-text-align-center\" data-align=\"center\">Catshare Hesaplar\u0131<\/td><\/tr><\/tbody><\/table><\/figure>\n\n\n\n<figure class=\"wp-block-table\"><table><tbody><tr><td>Catshare \u00d6zellikleri<\/td><td>Di\u011fer Bulut Depolama Platformlar\u0131<\/td><td>Catshare \u00dccretsiz Hesap<\/td><td>Catshare Premium Hesab\u0131<\/td><\/tr><tr><td>Kay\u0131t i\u00e7in \u00d6deme<\/td><td>Kaydolurken pahal\u0131 \u00f6deme gerekiyor<\/td><td>Kay\u0131t \u00f6demesi gerektirmez<\/td><td>Esnek ve uygun fiyatl\u0131 kay\u0131t \u00f6demesi sunar<\/td><\/tr><tr><td>Maksimum \u0130ndirme H\u0131z\u0131<\/td><td>Saniyede 70 kb<\/td><td>Saniyede 150 kb<\/td><td>HIZ SINIRINI \u0130ND\u0130RMEY\u0130N<\/td><\/tr><tr><td>G\u00fcnl\u00fck indirme say\u0131s\u0131<\/td><td>G\u00fcnde sadece 1 dosya indirebilir<\/td><td>1 saat bekleme s\u00fcresinden sonra an\u0131nda indirebilirsiniz<\/td><td>HEMEN \u0130ND\u0130RME BA\u015eLIYOR<\/td><\/tr><tr><td>\u00c7oklu \u0130ndirme Deste\u011fi<\/td><td>Ayn\u0131 anda birden fazla dosya indirilmesine izin verilmiyor<\/td><td>Ayn\u0131 anda birden fazla dosya indirilmesine izin verilmiyor<\/td><td>\u00c7OKLU \u0130ND\u0130RME DESTE\u011e\u0130<\/td><\/tr><tr><td>S\u00fcrd\u00fcr\u00fclebilir \u0130ndirme<\/td><td>S\u00fcrd\u00fcr\u00fclebilir indirmeyi desteklemiyor<\/td><td>S\u00fcrd\u00fcr\u00fclebilir indirmeyi desteklemiyor<\/td><td>YEN\u0130DEN \u0130ND\u0130R\u0130LEB\u0130L\u0130R Y\u00dcKLEME DESTEKLER\u0130<\/td><\/tr><tr><td>\u00c7evrimi\u00e7i Depolama Ay\u0131rma<\/td><td>Sadece 500 mb<\/td><td>Tahsis edilmi\u015f 3 TB \u00e7evrimi\u00e7i depolama alan\u0131yla<\/td><td>TAHM\u0130N\u0130 300 GB \u00c7EVR\u0130M\u0130\u00c7\u0130 DEPOLAMA VAR<\/td><\/tr><tr><td>Web Sitesindeki Reklamlar<\/td><td>Web Sitesinde \u00e7ok say\u0131da reklam var<\/td><td>Web Sitesinde \u00e7ok az reklam var<\/td><td>HERHANG\u0130 B\u0130R sinir bozucu REKLAM YOK<\/td><\/tr><tr><td>Captchas ve Kuyruklar\u0131n Entegrasyonu<\/td><td>\u00c7ok say\u0131da can s\u0131k\u0131c\u0131 captcha ve kuyruk ile dolu<\/td><td>Birka\u00e7 captcha ve kuyruk ile entegre<\/td><td>S\u0130Z\u0130 TAVS\u0130YE EDEN KAPTAN VE KUYRUKLAR<\/td><\/tr><tr><td>Dosyalar\u0131n Saklanmas\u0131<\/td><td>Dosyan\u0131z son oturum a\u00e7man\u0131zdan sonra 30 g\u00fcn boyunca saklan\u0131r<\/td><td>Dosyan\u0131z son oturum a\u00e7man\u0131zdan sonra 60 g\u00fcn saklan\u0131r<\/td><td>DOSYALARINIZ S\u0130L\u0130NMEYECEKT\u0130R ve G\u00dcVENL\u0130D\u0130R<\/td><\/tr><tr><td>\u00dc\u00e7\u00fcnc\u00fc Taraf \u0130ndirme Y\u00f6neticileri i\u00e7in Destek<\/td><td>\u00dc\u00e7\u00fcnc\u00fc taraf indirme y\u00f6neticilerini desteklemiyor<\/td><td>\u00dc\u00e7\u00fcnc\u00fc taraf indirme y\u00f6neticilerini desteklemiyor<\/td><td>\u00dc\u00c7\u00dcNC\u00dc TARAF \u0130ND\u0130RME M\u00dcD\u00dcRLER\u0130N\u0130 DESTEKL\u0130YOR<\/td><\/tr><\/tbody><\/table><\/figure>\n\n\n\n<p>Yukar\u0131da, Catshare Dosya Bar\u0131nd\u0131rma Hizmeti&#8217;nin (FHS) di\u011fer bulut depolama rakiplerinden ay\u0131ran farkl\u0131 \u00f6zellikleri g\u00f6sterilmektedir. \u00dccretsiz hesab\u0131m\u0131z\u0131n, ilk kay\u0131t i\u00e7in \u00f6deme gerektirmemesi gibi di\u011fer bulut depolama platformlar\u0131na k\u0131yasla bir\u00e7ok avantaj\u0131 vard\u0131r. Do\u011fru duydunuz, Catshare Free Account bir ilk kay\u0131t \u00f6demesi gerektirmez, yani kay\u0131t olduktan sonra pahal\u0131 \u00f6deme gerektiren bulut depolama platformlar\u0131n\u0131n aksine platformumuzu t\u00fcm \u00f6zellikleriyle \u00fccretsiz olarak kullanabilirsiniz. Catshare Free Hesab\u0131, rakibinden farkl\u0131 olarak saniyede 150 kb&#8217;ye kadar indirebilir ve genellikle saniyede yaln\u0131zca 70 kb&#8217;ye kadar indirebilir. Genellikle g\u00fcnde sadece 1 dosya indirebilen rakibimizin aksine 1 saat sonra hemen indirebilirsiniz. \u00dccretsiz hesap, yaln\u0131zca 500 mb \u00e7evrimi\u00e7i depolama alan\u0131 tahsisine sahip rakip markalar\u0131n aksine tahsis edilmi\u015f 3 TB \u00e7evrimi\u00e7i depolama alan\u0131 ile daha y\u00fcksek bir depolama alan\u0131na sahiptir. \u00dccretsiz hesab\u0131m\u0131zda, genellikle \u00e7ok say\u0131da can s\u0131k\u0131c\u0131 reklam\u0131 olan rakiplerimize k\u0131yasla daha az reklam var. Rakip dosya bar\u0131nd\u0131rma sitemiz hakk\u0131nda ek can s\u0131k\u0131c\u0131 \u015feyler say\u0131s\u0131z can s\u0131k\u0131c\u0131 <a rel=\"noreferrer noopener\" aria-label=\"captchas  (opens in a new tab)\" href=\"http:\/\/www.en.wikipedia.org\/wiki\/CAPTCHA\" target=\"_blank\">captchas <\/a>ve kuyruklar iken \u00fccretsiz hesab\u0131m\u0131zda sadece birka\u00e7 captchas ve kuyruklar web sitesine entegre edilmi\u015ftir. \u00dccretsiz hesab\u0131m\u0131z\u0131n ayr\u0131ca, son oturum a\u00e7man\u0131zdan sonra genellikle dosyalar\u0131n\u0131z\u0131 yaln\u0131zca son oturum a\u00e7man\u0131zdan sonra 30 g\u00fcn boyunca saklayan rakiplerimize k\u0131yasla, son oturum a\u00e7man\u0131zdan sonra 60 g\u00fcn boyunca sakland\u0131\u011f\u0131 daha uzun bir saklama s\u00fcresi vard\u0131r. Sonu\u00e7ta, Catshare Premium Hesab\u0131 rakiplerimize k\u0131yasla bir\u00e7ok \u00f6zellik ve avantaj.<\/p>\n\n\n\n<div class=\"wp-block-image\"><figure class=\"aligncenter size-large\"><img loading=\"lazy\" width=\"401\" height=\"267\" src=\"https:\/\/multihoster.org\/wp-content\/uploads\/2020\/04\/Catshare.png\" alt=\"Catshare\" class=\"wp-image-3351\" srcset=\"https:\/\/multihoster.org\/wp-content\/uploads\/2020\/04\/Catshare.png 401w, https:\/\/multihoster.org\/wp-content\/uploads\/2020\/04\/Catshare-300x200.png 300w\" sizes=\"(max-width: 401px) 100vw, 401px\" \/><\/figure><\/div>\n\n\n\n<p>Catshare Premium Hesab\u0131 ile S\u0131n\u0131rs\u0131z \u0130ndirme H\u0131zlar\u0131 yapabilirsiniz<\/p>\n\n\n\n<p>Ancak Catshare Premium Hesab\u0131nda daha fazla \u00f6zellik sunuyoruz. Premium hesab\u0131m\u0131z\u0131 kullanarak esnek ve uygun fiyatl\u0131 bir kay\u0131t \u00f6deme plan\u0131na abone olursunuz; indirme h\u0131z\u0131 s\u0131n\u0131r\u0131na sahip olmama \u00f6zg\u00fcrl\u00fc\u011f\u00fc verir; son indirmenizden sonra bile dosyan\u0131z\u0131 an\u0131nda indirir; \u00e7oklu indirme ve devam edilebilir indirme deste\u011fi; ayr\u0131ca 300 GB&#8217;l\u0131k b\u00fcy\u00fck bir \u00e7evrimi\u00e7i depolama alan\u0131 ay\u0131rma olana\u011f\u0131 sunar; Bu can s\u0131k\u0131c\u0131 reklamlar veya can s\u0131k\u0131c\u0131 captcha&#8217;lar ve kuyruklar olmadan. Ayr\u0131ca, herhangi bir \u00fc\u00e7\u00fcnc\u00fc taraf indirme y\u00f6neticisini kullanabilece\u011finizi ve Catshare Premium Hesab\u0131&#8217;ndaki dosyalar\u0131n\u0131z\u0131n asla silinmeyece\u011fini ve sonsuza kadar g\u00fcvenli olmayaca\u011f\u0131n\u0131 garanti ediyoruz. Ger\u00e7ek olamayacak kadar iyi mi? Hay\u0131r, \u00e7\u00fcnk\u00fc Catshare Premium Hesab\u0131 size hak etti\u011finiz en iyi dosya bar\u0131nd\u0131rma hizmetini (FHS) vermeye odaklanm\u0131\u015ft\u0131r.<\/p>\n\n\n\n<p>Art\u0131k Catshare Premium Hesab\u0131n\u0131n neler verebilece\u011fini zaten biliyorsunuz. \u015eimdi, a\u015fa\u011f\u0131daki makaleye kaydolmay\u0131 \u00f6\u011frenerek kullanmaya ba\u015flay\u0131n.<\/p>\n\n\n\n<h2>Catshare Dosya Bar\u0131nd\u0131rma Hizmetine Kaydolun<\/h2>\n\n\n\n<p>Kay\u0131t sayfas\u0131ndaki web sitemize giderek Catshare Dosya Bar\u0131nd\u0131rma Hizmeti&#8217;ne (FHS) kolayca <a rel=\"noreferrer noopener\" aria-label=\"kaydolabilirsiniz (opens in a new tab)\" href=\"https:\/\/www.online-tech-tips.com\/ms-office-tips\/how-to-create-fillable-forms-in-word\/\" target=\"_blank\">kaydolabilirsiniz<\/a>. Do\u011fum g\u00fcn\u00fcn\u00fcz, cinsiyetiniz ve \u00e7al\u0131\u015fan e-posta adresinizle birlikte Tam Ad\u0131n\u0131z\u0131 (Ad, \u0130kinci Ad ve Soyad\u0131) sa\u011flaman\u0131z yeterlidir. Bunlar\u0131 sa\u011flad\u0131ktan sonra size hesab\u0131n\u0131z i\u00e7in bir onay e-postas\u0131 verece\u011fiz. Ki\u015fisel Catshare \u00dccretsiz Hesab\u0131n\u0131z olan ba\u011flant\u0131y\u0131 t\u0131klaman\u0131z yeterlidir.<\/p>\n\n\n\n<p>Premium hesaba y\u00fckseltmek i\u00e7in a\u015fa\u011f\u0131daki alt konuyu okuyun.<\/p>\n\n\n<a class=\"maxbutton-2 maxbutton maxbutton-cta\" target=\"_blank\" rel=\"nofollow noopener\" href=\"\/go\/\"><span class='mb-text'>&gt;&gt; Orijinal Linkifier Web Sitesine Git<\/span><\/a>\n\n\n<p><\/p>\n\n\n\n<h2>Bir Catshare Premium Hesab\u0131na Ge\u00e7in<\/h2>\n\n\n\n<p>A\u015fa\u011f\u0131daki Catshare Premium Hesap planlar\u0131 aras\u0131ndan se\u00e7im yap\u0131n ve eri\u015filebilirli\u011fi ve sat\u0131n al\u0131nabilirli\u011fi nedeniyle Namecheap Inc.&#8217;in gurur duydu\u011fu zengin \u00f6zelliklerden yararlanmaya ba\u015flay\u0131n.<\/p>\n\n\n\n<p>Tablo 2. Catshare Premium Hesap \u00d6deme Y\u00f6ntemleri<\/p>\n\n\n\n<figure class=\"wp-block-table\"><table><tbody><tr><td class=\"has-text-align-center\" data-align=\"center\">Catshare Premium Hesap Planlar\u0131<\/td><\/tr><\/tbody><\/table><\/figure>\n\n\n\n<figure class=\"wp-block-table\"><table><tbody><tr><td>\u00f6zellik<\/td><td>30 g\u00fcnl\u00fck Hesap Plan\u0131<\/td><td>60 g\u00fcnl\u00fck Hesap Plan\u0131<\/td><td>90 g\u00fcnl\u00fck Hesap Plan\u0131<\/td><td>180 g\u00fcnl\u00fck Hesap Plan\u0131<\/td><td>365 g\u00fcnl\u00fck Hesap Plan\u0131<\/td><td>730 g\u00fcnl\u00fck Hesap Plan\u0131<\/td><\/tr><tr><td>G\u00fcnl\u00fck Maksimum Dosya Boyutu \u0130ndirme<\/td><td>G\u00fcnde 1 TB<\/td><td>G\u00fcnde 2 TB<\/td><td>G\u00fcnde 4 TB<\/td><td>G\u00fcnde 6 TB<\/td><td>G\u00fcnde 12 TB<\/td><td>G\u00fcnde 24 TB<\/td><\/tr><tr><td>Maksimum Depolama Hacmi Tahsisi<\/td><td> 3 TB <\/td><td> 3 TB <\/td><td>SINIRSIZ DEPOLAMA TAHS\u0130S\u0130<\/td><td>SINIRSIZ DEPOLAMA TAHS\u0130S\u0130<\/td><td>SINIRSIZ DEPOLAMA TAHS\u0130S\u0130<\/td><td>SINIRSIZ DEPOLAMA TAHS\u0130S\u0130<\/td><\/tr><tr><td>SINIRSIZ DEPOLAMA TAHS\u0130S\u0130<\/td><td>13,99 ABD dolar\u0131<\/td><td>28,99 ABD dolar\u0131<\/td><td>38,99 ABD dolar\u0131<\/td><td>48,99 ABD dolar\u0131<\/td><td>68,99 ABD dolar\u0131<\/td><td>98,99 ABD dolar\u0131<\/td><\/tr><\/tbody><\/table><\/figure>\n\n\n\n<p>Uygun fiyatl\u0131 ve eri\u015filebilir alt\u0131 Catshare Premium Hesap plan\u0131 aras\u0131ndan se\u00e7im yap\u0131n. \u0130lk 30 g\u00fcn i\u00e7inde size 13,99 ABD dolar\u0131 tutar\u0131nda en fazla 3 TB depolama alan\u0131 tahsisi verecek veya 28,99 ABD dolar\u0131 kar\u015f\u0131l\u0131\u011f\u0131nda en fazla 3 TB depolama alan\u0131 tahsisi sa\u011flayacak 60 g\u00fcnl\u00fck premium hesap kullanmay\u0131 deneyebilirsiniz, ancak herkes s\u0131n\u0131rs\u0131z depolama alan\u0131 tahsisi sa\u011flayan hesap planlar\u0131n\u0131 dener. Bunlar, yaln\u0131zca 28,99 USD, 38,99 USD, 48,99 USD, 68,99 USD ve 98,99 USD kar\u015f\u0131l\u0131\u011f\u0131nda \u00e7ok d\u00fc\u015f\u00fck bir ba\u015flang\u0131\u00e7 \u200b\u200bkay\u0131t \u00f6demesi olan 90, 365 ve 730 g\u00fcnl\u00fck hesap planlar\u0131d\u0131r. \u00f6zellikleri ve i\u015flevselli\u011fi. <a rel=\"noreferrer noopener\" aria-label=\"Ortaklar\u0131m\u0131z  (opens in a new tab)\" href=\"http:\/\/www.wisegeek.net\/what-is-a-financial-services-corporation.htm\" target=\"_blank\">Ortaklar\u0131m\u0131z <\/a>Bitcoin, Ripple, MasterCard, Visa, Paypal, Qiwi C\u00fczdan, Ethereum, Litecoin, Alipay, Sofort Bankac\u0131l\u0131\u011f\u0131, Interkassa, Taobao, Trustpay \u0130nternet Bankac\u0131l\u0131\u011f\u0131, Skrill, \u00d6deme g\u00fcvenli kart\u0131, UCash ve WebMoney ile \u00f6deme yapabilirsiniz.<\/p>\n\n\n\n<h2>Catshare \u00dczerine Nihai D\u00fc\u015f\u00fcnceler<\/h2>\n\n\n\n<p>Catshare, bug\u00fcne kadarki en \u00e7ok y\u00f6nl\u00fc ancak en uygun fiyatl\u0131 dosya bar\u0131nd\u0131rma hizmeti (FHS) sa\u011flay\u0131c\u0131s\u0131d\u0131r. Zevkiniz i\u00e7in zengin ve eri\u015filebilir \u00f6zellikleri ile platformumuzu geli\u015ftirmeye devam ederken sizi asla hayal k\u0131r\u0131kl\u0131\u011f\u0131na u\u011fratmayaca\u011f\u0131m\u0131zdan eminiz.<\/p>\n\n\n\n<h2>Catshare Dosya Bar\u0131nd\u0131rma Hizmeti Hakk\u0131nda S\u0131k Sorulan Sorular<\/h2>\n\n\n\n<h3>1. Catshare \u00dccretsiz bir hesab\u0131 var m\u0131?<\/h3>\n\n\n\n<p>\u0130lk kay\u0131t \u00f6demesi olmadan kullanabilece\u011finiz bir Catshare \u00fccretsiz hesab\u0131m\u0131z var. \u00dccretsiz hesab\u0131m\u0131zla 30 GB&#8217;a kadar dosyalar\u0131n\u0131z\u0131 saklayabilirsiniz<\/p>\n\n\n\n<h3>2. Catshare Premium Hesab\u0131 i\u00e7in depolama alan\u0131n\u0131z ne kadar?<\/h3>\n\n\n\n<p>Catshare Premium Hesap depolama alan\u0131 b\u00f6l\u00fc\u015f\u00fcm\u00fc de\u011fi\u015fiklik g\u00f6sterir. 30 ve 60 g\u00fcnl\u00fck hesap planlar\u0131 i\u00e7in 90 TB, 180 g\u00fcn, 365 g\u00fcn ve 730 g\u00fcnl\u00fck hesap planlar\u0131nda kullanabilece\u011finiz ve keyfini \u00e7\u0131karabilece\u011finiz s\u0131n\u0131rs\u0131z depolama alan\u0131 tahsisi yap\u0131l\u0131r.<\/p>\n\n\n\n<h3>3. Catshare Dosya Bar\u0131nd\u0131rma Hizmeti (FHS) \u00fccretsiz bir hizmet oldu\u011fu i\u00e7in nas\u0131l kazan\u0131r?<\/h3>\n\n\n\n<p>Catshare platformu, Catshare Free&#8217;deki entegre captchas ve kuyruklar\u0131n yan\u0131 s\u0131ra reklamlardan da kazan\u00e7 sa\u011flar. \u0130lk kay\u0131t \u00f6demesi ayr\u0131ca Catshare platformunun \u00e7al\u0131\u015fmas\u0131n\u0131 ve bak\u0131m\u0131n\u0131 da destekler.<\/p>\n\n\n<a class=\"maxbutton-2 maxbutton maxbutton-cta\" target=\"_blank\" rel=\"nofollow noopener\" href=\"\/go\/\"><span class='mb-text'>&gt;&gt; Orijinal Linkifier Web Sitesine Git<\/span><\/a>\n\n\n<p><\/p>\n","protected":false},"excerpt":{"rendered":"<p>Catshare platformu d\u00fcnyan\u0131n en rahat ve g\u00fcvenli dosya bar\u0131nd\u0131rma hizmeti (FHS) sa\u011flay\u0131c\u0131s\u0131d\u0131r. D\u0131\u015far\u0131s\u0131 \u00e7ok t\u00fcyl\u00fc ve kabar\u0131k ama i\u00e7indeki vah\u015fi<\/p>\n","protected":false},"author":2,"featured_media":0,"parent":0,"menu_order":0,"comment_status":"closed","ping_status":"closed","template":"","meta":[],"yoast_head":"<!-- This site is optimized with the Yoast SEO plugin v18.3 - https:\/\/yoast.com\/wordpress\/plugins\/seo\/ -->\n<title>Catshare Premium Hesap: Bir Bak\u0131\u015fta Filehoster<\/title>\n<meta name=\"description\" content=\"Catshare sayg\u0131n bir sa\u011flay\u0131c\u0131 m\u0131 de\u011fil mi, cevab\u0131 Multihoster.org&#039;daki mevcut testte bulabilirsiniz \u279c \u015eimdi t\u0131klay\u0131n \u271a deneyimlerimizi okumak i\u00e7in!\" \/>\n<meta name=\"robots\" content=\"index, follow, max-snippet:-1, max-image-preview:large, max-video-preview:-1\" \/>\n<link rel=\"canonical\" href=\"https:\/\/multihoster.org\/tr\/catshare\/\" \/>\n<meta property=\"og:locale\" content=\"tr_TR\" \/>\n<meta property=\"og:type\" content=\"article\" \/>\n<meta property=\"og:title\" content=\"Catshare Premium Hesap: Bir Bak\u0131\u015fta Filehoster\" \/>\n<meta property=\"og:description\" content=\"Catshare sayg\u0131n bir sa\u011flay\u0131c\u0131 m\u0131 de\u011fil mi, cevab\u0131 Multihoster.org&#039;daki mevcut testte bulabilirsiniz \u279c \u015eimdi t\u0131klay\u0131n \u271a deneyimlerimizi okumak i\u00e7in!\" \/>\n<meta property=\"og:url\" content=\"https:\/\/multihoster.org\/tr\/catshare\/\" \/>\n<meta property=\"og:site_name\" content=\"Multihoster.org\" \/>\n<meta property=\"article:modified_time\" content=\"2020-06-01T10:34:03+00:00\" \/>\n<meta property=\"og:image\" content=\"https:\/\/multihoster.org\/wp-content\/uploads\/2020\/04\/Catshare.png\" \/>\n<meta name=\"twitter:card\" content=\"summary\" \/>\n<meta name=\"twitter:label1\" content=\"Tahmini okuma s\u00fcresi\" \/>\n\t<meta name=\"twitter:data1\" content=\"8 dakika\" \/>\n<script type=\"application\/ld+json\" class=\"yoast-schema-graph\">{\"@context\":\"https:\/\/schema.org\",\"@graph\":[{\"@type\":\"WebSite\",\"@id\":\"https:\/\/multihoster.org\/#website\",\"url\":\"https:\/\/multihoster.org\/\",\"name\":\"Multihoster.org\",\"description\":\"Reviews of the major Filehosting services\",\"potentialAction\":[{\"@type\":\"SearchAction\",\"target\":{\"@type\":\"EntryPoint\",\"urlTemplate\":\"https:\/\/multihoster.org\/?s={search_term_string}\"},\"query-input\":\"required name=search_term_string\"}],\"inLanguage\":\"tr\"},{\"@type\":\"ImageObject\",\"@id\":\"https:\/\/multihoster.org\/tr\/catshare\/#primaryimage\",\"inLanguage\":\"tr\",\"url\":\"https:\/\/multihoster.org\/wp-content\/uploads\/2020\/04\/Catshare.png\",\"contentUrl\":\"https:\/\/multihoster.org\/wp-content\/uploads\/2020\/04\/Catshare.png\",\"width\":401,\"height\":267},{\"@type\":\"WebPage\",\"@id\":\"https:\/\/multihoster.org\/tr\/catshare\/#webpage\",\"url\":\"https:\/\/multihoster.org\/tr\/catshare\/\",\"name\":\"Catshare Premium Hesap: Bir Bak\u0131\u015fta Filehoster\",\"isPartOf\":{\"@id\":\"https:\/\/multihoster.org\/#website\"},\"primaryImageOfPage\":{\"@id\":\"https:\/\/multihoster.org\/tr\/catshare\/#primaryimage\"},\"datePublished\":\"2020-04-08T09:30:20+00:00\",\"dateModified\":\"2020-06-01T10:34:03+00:00\",\"description\":\"Catshare sayg\u0131n bir sa\u011flay\u0131c\u0131 m\u0131 de\u011fil mi, cevab\u0131 Multihoster.org'daki mevcut testte bulabilirsiniz \u279c \u015eimdi t\u0131klay\u0131n \u271a deneyimlerimizi okumak i\u00e7in!\",\"breadcrumb\":{\"@id\":\"https:\/\/multihoster.org\/tr\/catshare\/#breadcrumb\"},\"inLanguage\":\"tr\",\"potentialAction\":[{\"@type\":\"ReadAction\",\"target\":[\"https:\/\/multihoster.org\/tr\/catshare\/\"]}]},{\"@type\":\"BreadcrumbList\",\"@id\":\"https:\/\/multihoster.org\/tr\/catshare\/#breadcrumb\",\"itemListElement\":[{\"@type\":\"ListItem\",\"position\":1,\"name\":\"Startseite\",\"item\":\"https:\/\/multihoster.org\/tr\/\"},{\"@type\":\"ListItem\",\"position\":2,\"name\":\"Catshare Premium Hesap: Bir Bak\u0131\u015fta Filehoster\"}]}]}<\/script>\n<!-- \/ Yoast SEO plugin. -->","yoast_head_json":{"title":"Catshare Premium Hesap: Bir Bak\u0131\u015fta Filehoster","description":"Catshare sayg\u0131n bir sa\u011flay\u0131c\u0131 m\u0131 de\u011fil mi, cevab\u0131 Multihoster.org'daki mevcut testte bulabilirsiniz \u279c \u015eimdi t\u0131klay\u0131n \u271a deneyimlerimizi okumak i\u00e7in!","robots":{"index":"index","follow":"follow","max-snippet":"max-snippet:-1","max-image-preview":"max-image-preview:large","max-video-preview":"max-video-preview:-1"},"canonical":"https:\/\/multihoster.org\/tr\/catshare\/","og_locale":"tr_TR","og_type":"article","og_title":"Catshare Premium Hesap: Bir Bak\u0131\u015fta Filehoster","og_description":"Catshare sayg\u0131n bir sa\u011flay\u0131c\u0131 m\u0131 de\u011fil mi, cevab\u0131 Multihoster.org'daki mevcut testte bulabilirsiniz \u279c \u015eimdi t\u0131klay\u0131n \u271a deneyimlerimizi okumak i\u00e7in!","og_url":"https:\/\/multihoster.org\/tr\/catshare\/","og_site_name":"Multihoster.org","article_modified_time":"2020-06-01T10:34:03+00:00","og_image":[{"url":"https:\/\/multihoster.org\/wp-content\/uploads\/2020\/04\/Catshare.png"}],"twitter_card":"summary","twitter_misc":{"Tahmini okuma s\u00fcresi":"8 dakika"},"schema":{"@context":"https:\/\/schema.org","@graph":[{"@type":"WebSite","@id":"https:\/\/multihoster.org\/#website","url":"https:\/\/multihoster.org\/","name":"Multihoster.org","description":"Reviews of the major Filehosting services","potentialAction":[{"@type":"SearchAction","target":{"@type":"EntryPoint","urlTemplate":"https:\/\/multihoster.org\/?s={search_term_string}"},"query-input":"required name=search_term_string"}],"inLanguage":"tr"},{"@type":"ImageObject","@id":"https:\/\/multihoster.org\/tr\/catshare\/#primaryimage","inLanguage":"tr","url":"https:\/\/multihoster.org\/wp-content\/uploads\/2020\/04\/Catshare.png","contentUrl":"https:\/\/multihoster.org\/wp-content\/uploads\/2020\/04\/Catshare.png","width":401,"height":267},{"@type":"WebPage","@id":"https:\/\/multihoster.org\/tr\/catshare\/#webpage","url":"https:\/\/multihoster.org\/tr\/catshare\/","name":"Catshare Premium Hesap: Bir Bak\u0131\u015fta Filehoster","isPartOf":{"@id":"https:\/\/multihoster.org\/#website"},"primaryImageOfPage":{"@id":"https:\/\/multihoster.org\/tr\/catshare\/#primaryimage"},"datePublished":"2020-04-08T09:30:20+00:00","dateModified":"2020-06-01T10:34:03+00:00","description":"Catshare sayg\u0131n bir sa\u011flay\u0131c\u0131 m\u0131 de\u011fil mi, cevab\u0131 Multihoster.org'daki mevcut testte bulabilirsiniz \u279c \u015eimdi t\u0131klay\u0131n \u271a deneyimlerimizi okumak i\u00e7in!","breadcrumb":{"@id":"https:\/\/multihoster.org\/tr\/catshare\/#breadcrumb"},"inLanguage":"tr","potentialAction":[{"@type":"ReadAction","target":["https:\/\/multihoster.org\/tr\/catshare\/"]}]},{"@type":"BreadcrumbList","@id":"https:\/\/multihoster.org\/tr\/catshare\/#breadcrumb","itemListElement":[{"@type":"ListItem","position":1,"name":"Startseite","item":"https:\/\/multihoster.org\/tr\/"},{"@type":"ListItem","position":2,"name":"Catshare Premium Hesap: Bir Bak\u0131\u015fta Filehoster"}]}]}},"_links":{"self":[{"href":"https:\/\/multihoster.org\/tr\/wp-json\/wp\/v2\/pages\/3370"}],"collection":[{"href":"https:\/\/multihoster.org\/tr\/wp-json\/wp\/v2\/pages"}],"about":[{"href":"https:\/\/multihoster.org\/tr\/wp-json\/wp\/v2\/types\/page"}],"author":[{"embeddable":true,"href":"https:\/\/multihoster.org\/tr\/wp-json\/wp\/v2\/users\/2"}],"replies":[{"embeddable":true,"href":"https:\/\/multihoster.org\/tr\/wp-json\/wp\/v2\/comments?post=3370"}],"version-history":[{"count":2,"href":"https:\/\/multihoster.org\/tr\/wp-json\/wp\/v2\/pages\/3370\/revisions"}],"predecessor-version":[{"id":4618,"href":"https:\/\/multihoster.org\/tr\/wp-json\/wp\/v2\/pages\/3370\/revisions\/4618"}],"wp:attachment":[{"href":"https:\/\/multihoster.org\/tr\/wp-json\/wp\/v2\/media?parent=3370"}],"curies":[{"name":"wp","href":"https:\/\/api.w.org\/{rel}","templated":true}]}}