{"id":3444,"date":"2020-04-08T13:13:08","date_gmt":"2020-04-08T13:13:08","guid":{"rendered":"https:\/\/multihoster.org\/subyshare\/"},"modified":"2020-04-08T16:32:30","modified_gmt":"2020-04-08T16:32:30","slug":"subyshare","status":"publish","type":"page","link":"https:\/\/multihoster.org\/tr\/subyshare\/","title":{"rendered":"Subyshare Premium Hesap: Bir Bak\u0131\u015fta Filehoster"},"content":{"rendered":"\n<figure class=\"wp-block-image\"><img src=\"https:\/\/lh5.googleusercontent.com\/UquMrYbmLRQkC4EBiJecFA3UlFC8z2rcSYEBDawVt67_570UGuXawyAmBDVWM9MxQSfW0OIuqUrBIrg9tjN2n_xBKq3D3lCZsTGllywdzLY9OVZDET9XWc7Al_AHCd3-fCv95xM\" alt=\"Subyshare logo\"\/><\/figure>\n\n\n<a class=\"maxbutton-2 maxbutton maxbutton-cta\" target=\"_blank\" rel=\"nofollow noopener\" href=\"\/go\/\"><span class='mb-text'>&gt;&gt; Orijinal Linkifier Web Sitesine Git<\/span><\/a>\n\n\n<p><\/p>\n\n\n\n<h2>Subyshare: Nedir?<\/h2>\n\n\n\n<p>Subyshare, depolama veya \u00e7evrimi\u00e7i yedekleme sa\u011flayan bir dosya bar\u0131nd\u0131r\u0131c\u0131s\u0131d\u0131r. Bir dosyay\u0131 payla\u015fmak, y\u00fcklemek, indirmek ve silmek i\u00e7in ara\u00e7lar i\u00e7erir.<\/p>\n\n\n\n<p>Bir dosyay\u0131 bar\u0131nd\u0131rma s\u00f6z konusu oldu\u011funda, Subyshare, Subyshare <a rel=\"noreferrer noopener\" aria-label=\"sunucular\u0131ndan  (opens in a new tab)\" href=\"https:\/\/www.computerhope.com\/jargon\/s\/server.htm\" target=\"_blank\">sunucular\u0131ndan <\/a>bir dosyay\u0131 kar\u015f\u0131ya y\u00fckleme veya indirme konusunda ger\u00e7ekten h\u0131zl\u0131d\u0131r. Subyshare dosya bar\u0131nd\u0131r\u0131c\u0131s\u0131, bir\u00e7ok ki\u015finin \u00f6zellikle dosyalar\u0131na eri\u015fme ve eri\u015fme a\u00e7\u0131s\u0131ndan u\u011fra\u015ft\u0131\u011f\u0131 sorunlar\u0131n \u00e7\u00f6z\u00fcmlerinden biridir.<\/p>\n\n\n\n<h2>Subyshare Hizmetleri<\/h2>\n\n\n\n<p>Bir kullan\u0131c\u0131n\u0131n arkada\u015f\u0131na veya ba\u015fkalar\u0131na bir dosya g\u00f6ndermesi veya payla\u015fmas\u0131 gerekti\u011finde, ancak g\u00f6ndermeye \u00e7al\u0131\u015ft\u0131\u011f\u0131 dosyan\u0131n veya dosyalar\u0131n boyutu \u00e7ok b\u00fcy\u00fck oldu\u011fu i\u00e7in dosyay\u0131 e-postas\u0131na y\u00fckleyemez . Bu sorun i\u00e7in Subyshare sizin i\u00e7in g\u00f6rev yapabilir.<\/p>\n\n\n\n<p>Bir ki\u015fi dosyalar\u0131n\u0131n yedeklenmesi i\u00e7in ger\u00e7ekten g\u00fcvenli bir \u00e7evrimi\u00e7i depolama kapasitesine ihtiya\u00e7 duyarsa, Subyshare buna bir \u00e7\u00f6z\u00fcm verebilir.<\/p>\n\n\n\n<p>Subyshare sitesi ve hizmetleri t\u00fcm cihazlarla uyumludur. Bir ki\u015fi ki\u015fisel veya \u00f6zel verilerine cep telefonlar\u0131 veya bilgisayarlar veya diz\u00fcst\u00fc bilgisayarlar gibi farkl\u0131 cihazlardan eri\u015fmek istiyorsa, ancak t\u00fcm bu cihazlar\u0131 her zaman yan\u0131na getirmek istemiyorsa, Subyshare&#8217;in en iyi yolu vard\u0131r. \u015eu. Verilerini veya dosyalar\u0131n\u0131 beraberinde getirmek i\u00e7in herhangi bir flash s\u00fcr\u00fcc\u00fcye ihtiya\u00e7 duymayacakt\u0131r, ancak Subyshare&#8217;in yard\u0131m\u0131yla, verilerini veya dosyalar\u0131n\u0131 her zaman ve her yerde burada tutabilir ve bunlara eri\u015febilir.<\/p>\n\n\n\n<p>Bu nedenle \u00e7evrimi\u00e7i depolama alan\u0131 kullan\u0131m\u0131 \u00f6nemlidir. Art\u0131k Subyshare&#8217;in hizmetleriyle verilerinizi veya dosyalar\u0131n\u0131z\u0131 getirip g\u00fcvenli hale getirebilir ve burada tek bir yerde tutabilirsiniz.<\/p>\n\n\n\n<h2>Farkl\u0131 Hesaplar i\u00e7in Alt Payla\u015f\u0131m \u00d6zellikleri<\/h2>\n\n\n\n<p>Subyshare&#8217;in kullan\u0131c\u0131lar i\u00e7in \u00fc\u00e7 (3) farkl\u0131 hesab\u0131 vard\u0131r. Bunlar Subyshare Free, Subyshare Registered ve Subyshare Premium Hesab\u0131d\u0131r.<\/p>\n\n\n\n<p>Bir kullan\u0131c\u0131n\u0131n hangi hesab\u0131 kullanaca\u011f\u0131na karar vermesi i\u00e7in, her bir Subyshare hesab\u0131n\u0131n a\u015fa\u011f\u0131daki \u00f6zellikleri a\u015fa\u011f\u0131da verilmi\u015ftir.<\/p>\n\n\n\n<figure class=\"wp-block-table\"><table class=\"\"><tbody><tr><td><strong>Mevcut Plan\u0131n\u0131z: KAYITLI<\/strong><\/td><td><strong>BEDAVA<\/strong><\/td><td><strong>KAYITLI<\/strong><\/td><td><strong>\u00d6D\u00dcL<\/strong><\/td><\/tr><tr><td>Depolama alan\u0131<\/td><td><\/td><td>Ge\u00e7ici olarak 5000 GB<\/td><td>1000 GB&#8217;den ba\u015flayan PRE + 4 TB Ge\u00e7ici olarak<\/td><\/tr><tr><td>G\u00fcnl\u00fck indirme hacmi<\/td><td>2 GB 1 g\u00fcn<\/td><td>2 GB 1 g\u00fcn<\/td><td>4 GB 1 g\u00fcn<\/td><\/tr><tr><td>Daha fazla indir Bant geni\u015fli\u011fi<\/td><td>Hay\u0131r<\/td><td>Hay\u0131r<\/td><td>Evet<\/td><\/tr><tr><td>Maksimum y\u00fckleme dosyas\u0131 boyutu<\/td><td>100 Mb<\/td><td>5120 Mb<\/td><td>20480 Mb<\/td><\/tr><tr><td>\u0130ndirme h\u0131z\u0131<\/td><td>130 KB\/s<\/td><td> 130 KB\/s <\/td><td>7-15MB\/s<\/td><\/tr><tr><td>Dosyalar\u0131n\u0131z nerede silinir?<\/td><td>Son indirmeden 1 g\u00fcn sonra<\/td><td>Son indirmeden 30 g\u00fcn sonra<\/td><td>Son indirmeden 180 g\u00fcn sonra<\/td><\/tr><tr><td>Wait time<\/td><td>60 seconds<\/td><td> 60 seconds <\/td><td>Yok!<\/td><\/tr><tr><td>Advertisements<\/td><td>Evet<\/td><td> Evet<\/td><td> Yok! <\/td><\/tr><tr><td>Solve Captcha on  download<\/td><td>Evet<\/td><td> Evet<\/td><td> Yok! <\/td><\/tr><\/tbody><\/table><\/figure>\n\n\n\n<h2>Subyshare Premium Hesab\u0131<\/h2>\n\n\n\n<p>Bir kullan\u0131c\u0131 Subyshare&#8217;in t\u00fcm \u00f6zelliklerini ve hizmetlerini tam olarak ya\u015famak istiyorsa, Subyshare&#8217;in premium hesab\u0131n\u0131 almas\u0131 gerekir.<\/p>\n\n\n\n<h3>Subyshare Premium Hesap Anahtar\u0131<\/h3>\n\n\n\n<p>Bir kullan\u0131c\u0131 premium hesab\u0131n\u0131n <a rel=\"noreferrer noopener\" aria-label=\"anahtar\u0131na  (opens in a new tab)\" href=\"https:\/\/searchsecurity.techtarget.com\/definition\/key\" target=\"_blank\">anahtar\u0131na <\/a>zaten sahipse, Subyshare Premium Hesab\u0131n\u0131 etkinle\u015ftirmek i\u00e7in a\u015fa\u011f\u0131daki ad\u0131mlar\u0131 uygulayabilir.<\/p>\n\n\n\n<p>1. Hesap profilinize eri\u015fmek i\u00e7in kullan\u0131c\u0131 hesab\u0131n\u0131zda Subyshare&#8217;de oturum a\u00e7man\u0131z gerekir. Hen\u00fcz kay\u0131tl\u0131 de\u011filseniz, Subyshare hesab\u0131na sahip olmak i\u00e7in kaydolabilirsiniz.<\/p>\n\n\n\n<p>2. Giri\u015f hesab\u0131ndan sonra, l\u00fctfen \u015fu ba\u011flant\u0131y\u0131 a\u00e7\u0131n: http:\/\/subyshare.com\/account\/profile<\/p>\n\n\n\n<p>3. Sahip oldu\u011funuz anahtar\u0131 veya kodu kopyalay\u0131n ve \u201cPremium anahtar\u201d veya \u201cAktivasyon kodu\u201d metin alan\u0131na yap\u0131\u015ft\u0131r\u0131n. (L\u00fctfen a\u015fa\u011f\u0131daki resme bak\u0131n.)<\/p>\n\n\n\n<p>4. Anahtar\u0131 veya kodu Subyshare&#8217;e g\u00f6ndermek ve uygulamak i\u00e7in \u201cEnter\u201d d\u00fc\u011fmesine t\u0131klay\u0131n.<\/p>\n\n\n\n<figure class=\"wp-block-image\"><img src=\"https:\/\/lh3.googleusercontent.com\/TwETx_rfPehPnTx0tCW572Fj0afFVMNJOsbgKwf9hc7i7iNEFC7ItL4XPXwWEIbYB2pxykFwfAeLVYQgE-SA6pKu4nm_na196XLIW3iqEy2bREkoVbSxoY_PgZZecfP0xXxiFEI\" alt=\"Subyshare Account Overview\"\/><\/figure>\n\n\n\n<p>5. Subyshare bunu do\u011frular. Girdi\u011finiz anahtar do\u011fruysa Subyshare Premium Hesab\u0131n\u0131z etkinle\u015ftirilir.<\/p>\n\n\n\n<h2>Subyshare Premium Hesap Planlar\u0131<\/h2>\n\n\n\n<figure class=\"wp-block-table\"><table class=\"\"><tbody><tr><td>g\u00fcn say\u0131s\u0131<\/td><td>Paket Fiyatlar\u0131<\/td><td>Terabaytta depolama (TB)<\/td><td>Gigabayt olarak g\u00fcnl\u00fck bant geni\u015fli\u011fi (GB)<\/td><td>S\u0131n\u0131rs\u0131z Depolama Alan\u0131<\/td><td>Megabayt olarak \u0130ndirme H\u0131z\u0131 (MB)<\/td><td>\u0130\u00e7erir Reklamlar \u0130\u00e7erir<\/td><td>Direkt indirme<\/td><\/tr><tr><td>30<\/td><td>14,99 USD<\/td><td>1<\/td><td> 40 <\/td><td>Evet<\/td><td>10<\/td><td>Hay\u0131r<\/td><td> Evet<\/td><\/tr><tr><td> 75 <\/td><td>29,95 USD<\/td><td>1<\/td><td> 40 <\/td><td>Evet<\/td><td>10<\/td><td> Hay\u0131r<\/td><td> Evet<\/td><\/tr><tr><td> 180 <\/td><td>47,45 USD<\/td><td>1<\/td><td> 40 <\/td><td> Evet<\/td><td>10<\/td><td> Hay\u0131r<\/td><td> Evet<\/td><\/tr><tr><td> 365 <\/td><td>87,95 USD<\/td><td>1<\/td><td> 40 <\/td><td> Evet<\/td><td>10<\/td><td> Hay\u0131r<\/td><td> Evet<\/td><\/tr><\/tbody><\/table><\/figure>\n\n\n\n<p>Bu planlar yaln\u0131zca bir kez \u00f6denebilir, ancak kullan\u0131c\u0131 istedi\u011fi plan\u0131 her zaman y\u00fckseltebilir veya yenileyebilir veya geni\u015fletebilir.<\/p>\n\n\n\n<h3>Ad\u0131mlar:<\/h3>\n\n\n\n<ul><li>1: Bir kullan\u0131c\u0131n\u0131n kullanmak istedi\u011fi Subyshare Premium paketlerinden birini se\u00e7mesi gerekir.<\/li><li> 2: Bir kullan\u0131c\u0131n\u0131n Subyshare&#8217;in \u00f6deme y\u00f6ntemlerinden birini se\u00e7mesi gerekir<\/li><li> 3: Kullan\u0131c\u0131n\u0131n, plan\u0131n\u0131n sepetine eklenip eklenmedi\u011fini kontrol etmesi gerekir.<\/li><li> 4.: Subyshare Premium paketini kontrol etmek i\u00e7in \u201cCheckout\u201d d\u00fc\u011fmesine t\u0131klay\u0131n.<\/li><\/ul>\n\n\n<a class=\"maxbutton-2 maxbutton maxbutton-cta\" target=\"_blank\" rel=\"nofollow noopener\" href=\"\/go\/\"><span class='mb-text'>&gt;&gt; Orijinal Linkifier Web Sitesine Git<\/span><\/a>\n\n\n<p><\/p>\n\n\n\n<h3>\u00d6denmesi:<\/h3>\n\n\n\n<p>Premium paketini \u00f6deyerek Subyshare a\u015fa\u011f\u0131daki \u00f6deme y\u00f6ntemlerini kabul eder:<\/p>\n\n\n\n<ul><li>Her t\u00fcrl\u00fc kredi kart\u0131,<\/li><li> \u0130nternet paras\u0131,<\/li><li> Bitcoin ve<\/li><li> Paypal<\/li><\/ul>\n\n\n\n<h2>Subyshare: Dosyalar<\/h2>\n\n\n\n<h3>Dosya y\u00fckleme<\/h3>\n\n\n\n<p>Subyshare&#8217;e dosya veya dosya y\u00fcklemenin \u00fc\u00e7 (3) yolu vard\u0131r:<\/p>\n\n\n\n<p>1. Web taray\u0131c\u0131lar\u0131n\u0131 kullanarak y\u00fckleyin.<\/p>\n\n\n\n<p>Web taray\u0131c\u0131lar\u0131n\u0131 kullanmak, kullan\u0131c\u0131n\u0131n Subyshare&#8217;e bir dosya veya dosya y\u00fcklemek i\u00e7in yapabilece\u011fi normal ve \u00e7ok basit yoldur. Y\u00fcklemeyi bir web taray\u0131c\u0131s\u0131nda yapmak i\u00e7in a\u015fa\u011f\u0131daki ad\u0131mlar\u0131 izleyin:<\/p>\n\n\n\n<p>i. Subyshare&#8217;e gidin ve hesab\u0131n\u0131zda oturum a\u00e7\u0131n.<\/p>\n\n\n\n<p>ii. Subyshare Hesap Dosya Y\u00f6neticinizin \u201cDosyalar\u0131m\u201d sayfas\u0131na gidin.<\/p>\n\n\n\n<p>iii. Dosyay\u0131 veya dosyalar\u0131 oraya s\u00fcr\u00fckleyip b\u0131rak\u0131n veya klas\u00f6rlerinizin herhangi birine gidin ve dosya veya dosyalar\u0131 s\u00fcr\u00fckleyip b\u0131rak\u0131n.<\/p>\n\n\n\n<p>iv. % 100&#8217;e kadar doldurulmas\u0131 gereken bir ilerleme \u00e7ubu\u011fu oldu\u011funu g\u00f6r\u00fcn. Os dosyalar\u0131n\u0131n tamamen y\u00fcklendi\u011fini g\u00f6sterecektir.<\/p>\n\n\n\n<p>2. Dosya Aktar\u0131m Protokol\u00fc veya FTP y\u00fcklemesi kullanarak y\u00fckleyin.<\/p>\n\n\n\n<p>Kullan\u0131c\u0131 herhangi bir <a rel=\"noreferrer noopener\" aria-label=\"Dosya Aktar\u0131m Protokol\u00fcn\u00fc (opens in a new tab)\" href=\"https:\/\/searchnetworking.techtarget.com\/definition\/File-Transfer-Protocol-FTP\" target=\"_blank\">Dosya Aktar\u0131m Protokol\u00fcn\u00fc<\/a> veya FTP istemcisini kullanabilir, \u00f6rne\u011fin Subyshare&#8217;deki dosyay\u0131 veya dosyalar\u0131 FTP sunucular\u0131 \u00fczerinden y\u00fcklemek i\u00e7in Filezilla&#8217;d\u0131r. Bu FTP y\u00f6ntemini kullanarak y\u00fckleme yapmak i\u00e7in kullan\u0131c\u0131n\u0131n ana bilgisayar ad\u0131n\u0131, hesap kullan\u0131c\u0131 ad\u0131n\u0131 ve hesap \u015fifresini sa\u011flamas\u0131 gerekir.<\/p>\n\n\n\n<p>Ana bilgisayar ad\u0131 i\u00e7in: A\u015fa\u011f\u0131daki Subyshare sunucular\u0131n\u0131 kullan\u0131n:<\/p>\n\n\n\n<figure class=\"wp-block-table\"><table class=\"\"><tbody><tr><td class=\"has-text-align-center\" data-align=\"center\">Sunucunun Ad\u0131:<\/td><\/tr><tr><td class=\"has-text-align-center\" data-align=\"center\">ftp.subyshare.com &#8211; (Avrupa i\u00e7in)<\/td><\/tr><tr><td class=\"has-text-align-center\" data-align=\"center\">us.ftp.subyshare.com &#8211; (Amerika i\u00e7in)<\/td><\/tr><\/tbody><\/table><\/figure>\n\n\n\n<p>3. Uzaktan Y\u00fckleme \u00f6zelli\u011finin kullan\u0131m\u0131.<\/p>\n\n\n\n<p>Uzaktan Y\u00fckleme \u00f6zelli\u011fi her zaman kullan\u0131c\u0131n\u0131n Subyshare&#8217;deki hesap ayarlar\u0131na ba\u011fl\u0131 olacakt\u0131r. Ayr\u0131ca, bir kullan\u0131c\u0131 Uzaktan Y\u00fckleme y\u00f6ntemini kullanmak isterse veya kullanmas\u0131 gerekiyorsa, bunu nas\u0131l yapabilece\u011fi konusunda ona rehberlik etmesi i\u00e7in Subyshare deste\u011fiyle ileti\u015fime ge\u00e7melidir.<\/p>\n\n\n\n<h3>Dosya indirme<\/h3>\n\n\n\n<p>Subyshare&#8217;de bir dosya veya dosya indirmek son derece kolayd\u0131r. Bir kullan\u0131c\u0131n\u0131n indirmek istedi\u011fi dosyay\u0131 \u00e7ift t\u0131klamas\u0131 yeterlidir, ancak bir kullan\u0131c\u0131 Subyshare Premium hesab\u0131n\u0131 kulland\u0131\u011f\u0131nda indirmesi \u00e7ok daha kolayd\u0131r, \u00e7\u00fcnk\u00fc Subyshare Premium istedi\u011finiz dosyay\u0131 veya dosyalar\u0131 otomatik olarak indirebilir . \u0130lk olarak, bir kullan\u0131c\u0131n\u0131n Subyshare hesap ayar\u0131nda indirme ayarlar\u0131n\u0131 &#8220;Do\u011frudan indirme&#8221; olarak ayarlamas\u0131 yeterlidir. Bir kullan\u0131c\u0131 Subyshare taraf\u0131ndan sa\u011flanan indirme ba\u011flant\u0131s\u0131n\u0131 da kullanabilir (\u0130ndirme ba\u011flant\u0131s\u0131 \u00fccretsiz ve premium kullan\u0131c\u0131lar i\u00e7in mevcuttur).<\/p>\n\n\n\n<p>Subyshare, bir dosyay\u0131 veya Internet Download Manager veya IDM gibi dosyalar\u0131 indirmek i\u00e7in di\u011fer indirme yaz\u0131l\u0131mlar\u0131na ba\u011flanabilir.<\/p>\n\n\n\n<h3>Dosya ak\u0131\u015f\u0131<\/h3>\n\n\n\n<p>Subyshare&#8217;de ak\u0131\u015f yaln\u0131zca a\u015fa\u011f\u0131daki t\u00fcrdeki video dosyalar\u0131n\u0131 destekler:<\/p>\n\n\n\n<figure class=\"wp-block-table\"><table class=\"\"><tbody><tr><td>3gp<\/td><td>avi<\/td><td>divx<\/td><td>flv<\/td><td>mkv<\/td><td>mov<\/td><td>mp4<\/td><td>mpeg<\/td><td>mpg<\/td><td>vob<\/td><td>wmv<\/td><td>xvid<\/td><\/tr><\/tbody><\/table><\/figure>\n\n\n\n<figure class=\"wp-block-image\"><img src=\"https:\/\/lh3.googleusercontent.com\/1gxrgoQikEaD4cXKfXcGuv8fVFojiwgr2nhFon4IjtlHIn4ynWj9KOll78T6KWI-1ZKPOcRDKX4pdyj_Ns5CbFx2gwksc0WjiMbFNgomyqJZihb7TMltRzpsCOLTICG6SoRCtgs\" alt=\"Adobe Flash Player\"\/><\/figure>\n\n\n\n<p>Subyshare sitesinde bir video ak\u0131\u015f\u0131 yapmak i\u00e7in. Bir kullan\u0131c\u0131n\u0131n videonun d\u00fczg\u00fcn \u00e7al\u0131\u015fmas\u0131 i\u00e7in \u00e7al\u0131\u015fan ve g\u00fcncellenmi\u015f bir Adobe Flash Player&#8217;a sahip olmas\u0131 gerekiyordu.<\/p>\n\n\n\n<p>Bir kullan\u0131c\u0131n\u0131n Adobe Flash Player&#8217;\u0131 yoksa, Subyshare&#8217;de video ak\u0131\u015f\u0131 ger\u00e7ekle\u015ftirmeden \u00f6nce y\u00fcklemesi gerekir.<\/p>\n\n\n\n<h3>Dosya payla\u015f\u0131m\u0131<\/h3>\n\n\n\n<p>Bir kullan\u0131c\u0131 dosyalar\u0131 t\u00fcm ki\u015filerle payla\u015famaz, ancak Subyshare kullan\u0131c\u0131lar\u0131n dosyalar\u0131 yaln\u0131zca payla\u015fmay\u0131 se\u00e7tikleri di\u011fer ki\u015filerle payla\u015fmas\u0131na izin verir.<\/p>\n\n\n\n<p>Bir kullan\u0131c\u0131 di\u011fer kullan\u0131c\u0131lar\u0131n y\u00fckledi\u011fi dosyay\u0131 veya dosyalar\u0131 g\u00f6remez, ancak y\u00fckleyen ki\u015fi y\u00fckledikleri dosyalar\u0131n dosyas\u0131n\u0131 g\u00f6rmesine izin verdiyse dosyay\u0131 g\u00f6rebilir.<\/p>\n\n\n\n<h3>Subyshare: Sil<\/h3>\n\n\n\n<p>Bir kullan\u0131c\u0131n\u0131n Subyshare&#8217;e zaten bir dosya y\u00fckleyip y\u00fcklemedi\u011fi, Subyshare taraf\u0131ndan hesab\u0131na bir silme i\u015flevi sa\u011flad\u0131\u011f\u0131ndan, silmeyi sevdi\u011fi bir dosya varsa, bunu yapmas\u0131na izin verilir.<\/p>\n\n\n\n<p>Bir dosyay\u0131 silmek i\u00e7in a\u015fa\u011f\u0131daki ad\u0131mlar\u0131 izleyin:<\/p>\n\n\n\n<p>1. Subyshare sitesine gidin.<\/p>\n\n\n\n<p>2. Y\u00fcklenen dosyaya gidin ve silmeyi se\u00e7ti\u011finiz dosyay\u0131 t\u0131klay\u0131n. (\u00c7ok say\u0131da dosya se\u00e7mek i\u00e7in Ctrl tu\u015funa veya Shift tu\u015funa bas\u0131p dosyalar\u0131 t\u0131klayabilirsiniz.)<\/p>\n\n\n\n<p>3. Se\u00e7ti\u011finiz dosyay\u0131 silmek i\u00e7in, fareyi kullanarak dosyay\u0131 veya dosyalar\u0131 sa\u011f t\u0131klay\u0131n ve \u201cSil\u201d i t\u0131klay\u0131n.<\/p>\n\n\n\n<p>4. Dosya silme i\u015flemine ge\u00e7meden \u00f6nce silmek i\u00e7in \u015fifreyi girmeniz gerekir. Ard\u0131ndan, silme i\u015flemini dosyaya veya dosyalara uygulamak i\u00e7in \u201cTamam\u201d d\u00fc\u011fmesine t\u0131klay\u0131n.<\/p>\n\n\n\n<p>Bir kullan\u0131c\u0131 bir dosyay\u0131 veya dosyalar\u0131 silmek i\u00e7in \u015fifresini unuttuysa, Subyshare deste\u011fiyle ileti\u015fime ge\u00e7melidir veya endi\u015fesini Subyshare ileti\u015fim formu arac\u0131l\u0131\u011f\u0131yla g\u00f6nderebilir.<\/p>\n\n\n\n<h2>Subyshare: Yard\u0131m<\/h2>\n\n\n\n<p>Bir kullan\u0131c\u0131n\u0131n Subyshare&#8217;in hizmetleri veya Subyshare hakk\u0131nda herhangi bir sorun veya sorunu varsa, Subyshare desteklerine ba\u015fvurmaktan \u00e7ekinmemeli ve Subyshare ileti\u015fim formunu kullanmaktan ve bunu doldurmaktan korkmamal\u0131d\u0131r. endi\u015felerinden herhangi birini sunmak i\u00e7in tamamen. Bir kullan\u0131c\u0131 istedi\u011fi zaman ona ula\u015fabilir.<\/p>\n\n\n\n<p>Subyshare, kullan\u0131c\u0131lara, m\u00fc\u015fterilere veya istemcilere ger\u00e7ek zamanl\u0131 olarak endi\u015feleri konusunda yard\u0131mc\u0131 olmak i\u00e7in canl\u0131 deste\u011fe de sahiptir, ancak Subyshare&#8217;in bu \u00f6zelli\u011fini yaln\u0131zca \u00f6zelli\u011fin Subyshare sitesinde oldu\u011funu g\u00f6rd\u00fcklerinde kullanabilirler. Canl\u0131 destek Subyshare sitesinde de\u011filse, bir kullan\u0131c\u0131ya endi\u015felerini her zaman Subyshare deste\u011finin bileti olan ileti\u015fim formu arac\u0131l\u0131\u011f\u0131yla g\u00f6ndermesi \u00f6nerilir.<\/p>\n\n\n<a class=\"maxbutton-2 maxbutton maxbutton-cta\" target=\"_blank\" rel=\"nofollow noopener\" href=\"\/go\/\"><span class='mb-text'>&gt;&gt; Orijinal Linkifier Web Sitesine Git<\/span><\/a>\n\n\n<p><\/p>\n","protected":false},"excerpt":{"rendered":"<p>Subyshare: Nedir? Subyshare, depolama veya \u00e7evrimi\u00e7i yedekleme sa\u011flayan bir dosya bar\u0131nd\u0131r\u0131c\u0131s\u0131d\u0131r. Bir dosyay\u0131 payla\u015fmak, y\u00fcklemek, indirmek ve silmek i\u00e7in ara\u00e7lar<\/p>\n","protected":false},"author":2,"featured_media":0,"parent":0,"menu_order":0,"comment_status":"closed","ping_status":"closed","template":"","meta":[],"yoast_head":"<!-- This site is optimized with the Yoast SEO plugin v18.3 - https:\/\/yoast.com\/wordpress\/plugins\/seo\/ -->\n<title>Subyshare Premium Hesap: Bir Bak\u0131\u015fta Filehoster<\/title>\n<meta name=\"description\" content=\"Subyshare sayg\u0131n bir sa\u011flay\u0131c\u0131 m\u0131 de\u011fil mi, cevab\u0131 Multihoster.org&#039;daki mevcut testte bulabilirsiniz \u279c \u015eimdi t\u0131klay\u0131n \u271a deneyimlerimizi okumak i\u00e7in!\" \/>\n<meta name=\"robots\" content=\"index, follow, max-snippet:-1, max-image-preview:large, max-video-preview:-1\" \/>\n<link rel=\"canonical\" href=\"https:\/\/multihoster.org\/tr\/subyshare\/\" \/>\n<meta property=\"og:locale\" content=\"tr_TR\" \/>\n<meta property=\"og:type\" content=\"article\" \/>\n<meta property=\"og:title\" content=\"Subyshare Premium Hesap: Bir Bak\u0131\u015fta Filehoster\" \/>\n<meta property=\"og:description\" content=\"Subyshare sayg\u0131n bir sa\u011flay\u0131c\u0131 m\u0131 de\u011fil mi, cevab\u0131 Multihoster.org&#039;daki mevcut testte bulabilirsiniz \u279c \u015eimdi t\u0131klay\u0131n \u271a deneyimlerimizi okumak i\u00e7in!\" \/>\n<meta property=\"og:url\" content=\"https:\/\/multihoster.org\/tr\/subyshare\/\" \/>\n<meta property=\"og:site_name\" content=\"Multihoster.org\" \/>\n<meta property=\"article:modified_time\" content=\"2020-04-08T16:32:30+00:00\" \/>\n<meta property=\"og:image\" content=\"https:\/\/lh5.googleusercontent.com\/UquMrYbmLRQkC4EBiJecFA3UlFC8z2rcSYEBDawVt67_570UGuXawyAmBDVWM9MxQSfW0OIuqUrBIrg9tjN2n_xBKq3D3lCZsTGllywdzLY9OVZDET9XWc7Al_AHCd3-fCv95xM\" \/>\n<meta name=\"twitter:card\" content=\"summary\" \/>\n<meta name=\"twitter:label1\" content=\"Tahmini okuma s\u00fcresi\" \/>\n\t<meta name=\"twitter:data1\" content=\"8 dakika\" \/>\n<script type=\"application\/ld+json\" class=\"yoast-schema-graph\">{\"@context\":\"https:\/\/schema.org\",\"@graph\":[{\"@type\":\"WebSite\",\"@id\":\"https:\/\/multihoster.org\/#website\",\"url\":\"https:\/\/multihoster.org\/\",\"name\":\"Multihoster.org\",\"description\":\"Reviews of the major Filehosting services\",\"potentialAction\":[{\"@type\":\"SearchAction\",\"target\":{\"@type\":\"EntryPoint\",\"urlTemplate\":\"https:\/\/multihoster.org\/?s={search_term_string}\"},\"query-input\":\"required name=search_term_string\"}],\"inLanguage\":\"tr\"},{\"@type\":\"ImageObject\",\"@id\":\"https:\/\/multihoster.org\/tr\/subyshare\/#primaryimage\",\"inLanguage\":\"tr\",\"url\":\"https:\/\/lh5.googleusercontent.com\/UquMrYbmLRQkC4EBiJecFA3UlFC8z2rcSYEBDawVt67_570UGuXawyAmBDVWM9MxQSfW0OIuqUrBIrg9tjN2n_xBKq3D3lCZsTGllywdzLY9OVZDET9XWc7Al_AHCd3-fCv95xM\",\"contentUrl\":\"https:\/\/lh5.googleusercontent.com\/UquMrYbmLRQkC4EBiJecFA3UlFC8z2rcSYEBDawVt67_570UGuXawyAmBDVWM9MxQSfW0OIuqUrBIrg9tjN2n_xBKq3D3lCZsTGllywdzLY9OVZDET9XWc7Al_AHCd3-fCv95xM\"},{\"@type\":\"WebPage\",\"@id\":\"https:\/\/multihoster.org\/tr\/subyshare\/#webpage\",\"url\":\"https:\/\/multihoster.org\/tr\/subyshare\/\",\"name\":\"Subyshare Premium Hesap: Bir Bak\u0131\u015fta Filehoster\",\"isPartOf\":{\"@id\":\"https:\/\/multihoster.org\/#website\"},\"primaryImageOfPage\":{\"@id\":\"https:\/\/multihoster.org\/tr\/subyshare\/#primaryimage\"},\"datePublished\":\"2020-04-08T13:13:08+00:00\",\"dateModified\":\"2020-04-08T16:32:30+00:00\",\"description\":\"Subyshare sayg\u0131n bir sa\u011flay\u0131c\u0131 m\u0131 de\u011fil mi, cevab\u0131 Multihoster.org'daki mevcut testte bulabilirsiniz \u279c \u015eimdi t\u0131klay\u0131n \u271a deneyimlerimizi okumak i\u00e7in!\",\"breadcrumb\":{\"@id\":\"https:\/\/multihoster.org\/tr\/subyshare\/#breadcrumb\"},\"inLanguage\":\"tr\",\"potentialAction\":[{\"@type\":\"ReadAction\",\"target\":[\"https:\/\/multihoster.org\/tr\/subyshare\/\"]}]},{\"@type\":\"BreadcrumbList\",\"@id\":\"https:\/\/multihoster.org\/tr\/subyshare\/#breadcrumb\",\"itemListElement\":[{\"@type\":\"ListItem\",\"position\":1,\"name\":\"Startseite\",\"item\":\"https:\/\/multihoster.org\/tr\/\"},{\"@type\":\"ListItem\",\"position\":2,\"name\":\"Subyshare Premium Hesap: Bir Bak\u0131\u015fta Filehoster\"}]}]}<\/script>\n<!-- \/ Yoast SEO plugin. -->","yoast_head_json":{"title":"Subyshare Premium Hesap: Bir Bak\u0131\u015fta Filehoster","description":"Subyshare sayg\u0131n bir sa\u011flay\u0131c\u0131 m\u0131 de\u011fil mi, cevab\u0131 Multihoster.org'daki mevcut testte bulabilirsiniz \u279c \u015eimdi t\u0131klay\u0131n \u271a deneyimlerimizi okumak i\u00e7in!","robots":{"index":"index","follow":"follow","max-snippet":"max-snippet:-1","max-image-preview":"max-image-preview:large","max-video-preview":"max-video-preview:-1"},"canonical":"https:\/\/multihoster.org\/tr\/subyshare\/","og_locale":"tr_TR","og_type":"article","og_title":"Subyshare Premium Hesap: Bir Bak\u0131\u015fta Filehoster","og_description":"Subyshare sayg\u0131n bir sa\u011flay\u0131c\u0131 m\u0131 de\u011fil mi, cevab\u0131 Multihoster.org'daki mevcut testte bulabilirsiniz \u279c \u015eimdi t\u0131klay\u0131n \u271a deneyimlerimizi okumak i\u00e7in!","og_url":"https:\/\/multihoster.org\/tr\/subyshare\/","og_site_name":"Multihoster.org","article_modified_time":"2020-04-08T16:32:30+00:00","og_image":[{"url":"https:\/\/lh5.googleusercontent.com\/UquMrYbmLRQkC4EBiJecFA3UlFC8z2rcSYEBDawVt67_570UGuXawyAmBDVWM9MxQSfW0OIuqUrBIrg9tjN2n_xBKq3D3lCZsTGllywdzLY9OVZDET9XWc7Al_AHCd3-fCv95xM"}],"twitter_card":"summary","twitter_misc":{"Tahmini okuma s\u00fcresi":"8 dakika"},"schema":{"@context":"https:\/\/schema.org","@graph":[{"@type":"WebSite","@id":"https:\/\/multihoster.org\/#website","url":"https:\/\/multihoster.org\/","name":"Multihoster.org","description":"Reviews of the major Filehosting services","potentialAction":[{"@type":"SearchAction","target":{"@type":"EntryPoint","urlTemplate":"https:\/\/multihoster.org\/?s={search_term_string}"},"query-input":"required name=search_term_string"}],"inLanguage":"tr"},{"@type":"ImageObject","@id":"https:\/\/multihoster.org\/tr\/subyshare\/#primaryimage","inLanguage":"tr","url":"https:\/\/lh5.googleusercontent.com\/UquMrYbmLRQkC4EBiJecFA3UlFC8z2rcSYEBDawVt67_570UGuXawyAmBDVWM9MxQSfW0OIuqUrBIrg9tjN2n_xBKq3D3lCZsTGllywdzLY9OVZDET9XWc7Al_AHCd3-fCv95xM","contentUrl":"https:\/\/lh5.googleusercontent.com\/UquMrYbmLRQkC4EBiJecFA3UlFC8z2rcSYEBDawVt67_570UGuXawyAmBDVWM9MxQSfW0OIuqUrBIrg9tjN2n_xBKq3D3lCZsTGllywdzLY9OVZDET9XWc7Al_AHCd3-fCv95xM"},{"@type":"WebPage","@id":"https:\/\/multihoster.org\/tr\/subyshare\/#webpage","url":"https:\/\/multihoster.org\/tr\/subyshare\/","name":"Subyshare Premium Hesap: Bir Bak\u0131\u015fta Filehoster","isPartOf":{"@id":"https:\/\/multihoster.org\/#website"},"primaryImageOfPage":{"@id":"https:\/\/multihoster.org\/tr\/subyshare\/#primaryimage"},"datePublished":"2020-04-08T13:13:08+00:00","dateModified":"2020-04-08T16:32:30+00:00","description":"Subyshare sayg\u0131n bir sa\u011flay\u0131c\u0131 m\u0131 de\u011fil mi, cevab\u0131 Multihoster.org'daki mevcut testte bulabilirsiniz \u279c \u015eimdi t\u0131klay\u0131n \u271a deneyimlerimizi okumak i\u00e7in!","breadcrumb":{"@id":"https:\/\/multihoster.org\/tr\/subyshare\/#breadcrumb"},"inLanguage":"tr","potentialAction":[{"@type":"ReadAction","target":["https:\/\/multihoster.org\/tr\/subyshare\/"]}]},{"@type":"BreadcrumbList","@id":"https:\/\/multihoster.org\/tr\/subyshare\/#breadcrumb","itemListElement":[{"@type":"ListItem","position":1,"name":"Startseite","item":"https:\/\/multihoster.org\/tr\/"},{"@type":"ListItem","position":2,"name":"Subyshare Premium Hesap: Bir Bak\u0131\u015fta Filehoster"}]}]}},"_links":{"self":[{"href":"https:\/\/multihoster.org\/tr\/wp-json\/wp\/v2\/pages\/3444"}],"collection":[{"href":"https:\/\/multihoster.org\/tr\/wp-json\/wp\/v2\/pages"}],"about":[{"href":"https:\/\/multihoster.org\/tr\/wp-json\/wp\/v2\/types\/page"}],"author":[{"embeddable":true,"href":"https:\/\/multihoster.org\/tr\/wp-json\/wp\/v2\/users\/2"}],"replies":[{"embeddable":true,"href":"https:\/\/multihoster.org\/tr\/wp-json\/wp\/v2\/comments?post=3444"}],"version-history":[{"count":1,"href":"https:\/\/multihoster.org\/tr\/wp-json\/wp\/v2\/pages\/3444\/revisions"}],"predecessor-version":[{"id":3459,"href":"https:\/\/multihoster.org\/tr\/wp-json\/wp\/v2\/pages\/3444\/revisions\/3459"}],"wp:attachment":[{"href":"https:\/\/multihoster.org\/tr\/wp-json\/wp\/v2\/media?parent=3444"}],"curies":[{"name":"wp","href":"https:\/\/api.w.org\/{rel}","templated":true}]}}