{"id":3558,"date":"2020-04-15T09:17:01","date_gmt":"2020-04-15T09:17:01","guid":{"rendered":"https:\/\/multihoster.org\/upstore-premium-account-the-filehoster-at-a-glance\/"},"modified":"2020-04-15T11:22:42","modified_gmt":"2020-04-15T11:22:42","slug":"upstore","status":"publish","type":"page","link":"https:\/\/multihoster.org\/tr\/upstore\/","title":{"rendered":"Upstore Premium Hesap: Bir Bak\u0131\u015fta Filehoster"},"content":{"rendered":"<a class=\"maxbutton-2 maxbutton maxbutton-cta\" target=\"_blank\" rel=\"nofollow noopener\" href=\"\/go\/\"><span class='mb-text'>&gt;&gt; Orijinal Linkifier Web Sitesine Git<\/span><\/a>\n\n\n<p><\/p>\n\n\n\n<h2>Ma\u011faza Hakk\u0131nda<\/h2>\n\n\n\n<p>Bug\u00fcn bu ku\u015fa\u011f\u0131n modernizasyonu sayesinde, bulut a\u011f\u0131 veri ve dosyalar\u0131 y\u00f6netmenin en iyi yoludur. Cihazlar\u0131n <a rel=\"noreferrer noopener\" aria-label=\"bulut hizmetlerine (opens in a new tab)\" href=\"https:\/\/www.techopedia.com\/definition\/29017\/cloud-services\" target=\"_blank\">bulut hizmetlerine<\/a> ve <a rel=\"noreferrer noopener\" aria-label=\"sunucular\u0131na  (opens in a new tab)\" href=\"https:\/\/www.computerhope.com\/jargon\/s\/server.htm\" target=\"_blank\">sunucular\u0131na <\/a>ba\u011fland\u0131\u011f\u0131 bir a\u011fd\u0131r. Bilgi teknolojisi kullan\u0131c\u0131lar\u0131 bu dosya depolamas\u0131n\u0131 bulutta Upstore olarak geli\u015ftirdi ve Maxiwebconsulting Ltd. Upstore hizmetlerini i\u015fleten ki\u015fi.<\/p>\n\n\n\n<p>Ma\u011faza, kullan\u0131c\u0131lar\u0131n dosyalar\u0131n\u0131 istedikleri zaman yerinde ve g\u00fcvenli tutmalar\u0131na yard\u0131mc\u0131 olabilir. Kullan\u0131c\u0131 taraf\u0131ndan eklenen dosyalar di\u011fer kullan\u0131c\u0131lar taraf\u0131ndan da indirilebilir. Bunlar, \u00fccretsiz bir hesap veya Premium hesap kullan\u0131c\u0131s\u0131 olarak kaydedilmi\u015f olsun, kullan\u0131c\u0131lar taraf\u0131ndan payla\u015f\u0131labilir ve y\u00f6netilebilir.<\/p>\n\n\n\n<p>Upstore, y\u00fcklenen dosyalar Upstore \u015fartlar ve ko\u015fullar\u0131n\u0131 kabul etti\u011fi s\u00fcrece videolar, \u015fark\u0131lar, belgeler ve resimler gibi her t\u00fcrl\u00fc dosyay\u0131 saklayabilir.<\/p>\n\n\n\n<p>\u00d6zellikle \u00f6\u011frenciler ve i\u015fadamlar\u0131 i\u00e7in insanlar i\u00e7in \u00e7ok yararl\u0131 ve kullan\u0131\u015fl\u0131d\u0131r, \u00e7\u00fcnk\u00fc dosyalar\u0131n\u0131 herhangi bir flash s\u00fcr\u00fcc\u00fcye, haf\u0131za kart\u0131na veya harici sabit s\u00fcr\u00fcc\u00fcye ihtiya\u00e7 duymadan kaydedebilir, indirebilir ve ta\u015f\u0131yabilirler, ancak elbette internet yard\u0131m\u0131yla herhangi bir yerde ba\u011flant\u0131.<\/p>\n\n\n\n<h3>Ma\u011faza Kullan\u0131c\u0131 Aray\u00fcz\u00fc<\/h3>\n\n\n\n<p>Upstore&#8217;un kullan\u0131c\u0131 aray\u00fcz\u00fc hakk\u0131nda konu\u015furken, aray\u00fcz\u00fcn\u00fcn \u00e7ok temel veya \u00e7ok basit oldu\u011funu s\u00f6yleyebiliriz. Kullan\u0131c\u0131lar d\u00fc\u011fmelerde, i\u015flevlerde ve sitenin \u00f6zelliklerinde kolayca gezinebilir. Ancak kullan\u0131c\u0131lar, bir Upstore Premium plan\u0131 kaydedip kaydolursa Upstore&#8217;un t\u00fcm \u00f6zelliklerinden ve hizmetlerinden yararlanabilirler.<\/p>\n\n\n\n<h2>Ma\u011faza \u00dccretsiz ve Premium Hesap<\/h2>\n\n\n\n<h3>Bedava hesap<\/h3>\n\n\n\n<p>Upstore, \u00f6zellikle Upstore Premium hesab\u0131n\u0131 sat\u0131n alamayan ki\u015filer i\u00e7in c\u00f6merttir, bu nedenle herkesin Upstore hizmetlerini kullanmas\u0131 i\u00e7in \u00fccretsiz hesap yapt\u0131lar, ancak elbette \u00fccretsiz bir hesab\u0131n y\u00fckleme ve indirme h\u0131z\u0131, depolama boyutu gibi s\u0131n\u0131rlamalar\u0131 var , dosya boyutu ve bant geni\u015fli\u011fi. Ma\u011faza \u00fccretsiz hesaplar\u0131 \u00e7o\u011funlukla dosyalar\u0131n\u0131 k\u0131sa bir s\u00fcre i\u00e7in saklamas\u0131 gereken ki\u015filer taraf\u0131ndan kullan\u0131l\u0131r. Evet, Upstore&#8217;u ge\u00e7ici depolama alan\u0131n\u0131z olarak kullanabilirsiniz.<\/p>\n\n\n\n<p>Upstore&#8217;un \u00fccretsiz hesab\u0131n\u0131 kullan\u0131rken faydalar\u0131 a\u015fa\u011f\u0131dad\u0131r:<\/p>\n\n\n\n<ul><li>Kullan\u0131c\u0131lar ayn\u0131 anda \u00e7ok say\u0131da dosya y\u00fckleyemez.<\/li><li> \u0130ndirme h\u0131z\u0131 yava\u015f ve indirmeler hemen ba\u015flam\u0131yor<\/li><li> Kullan\u0131c\u0131lar \u00e7ok fazla dosya y\u00fckleyemiyor veya indiremiyor.<\/li><li> Verilen bant geni\u015fli\u011fi g\u00fcnde 6 gigabayta (6 GB) kadard\u0131r<\/li><li> \u0130ndirilmesi gereken dosyalar\u0131n boyutu en fazla iki gigabaytt\u0131r (2) GB<\/li><li> Y\u00fcklenecek dosyan\u0131n boyutu en fazla 2 GB&#8217;dir.<\/li><li> Dosyalar\u0131 depolamak i\u00e7in yaln\u0131zca s\u0131n\u0131rl\u0131 bir s\u00fcre vard\u0131r. Dosyalar k\u0131sa bir s\u00fcre i\u00e7in yaln\u0131zca bulut sunucusunda saklan\u0131r.<\/li><li> Her zaman captcha&#8217;ya girmeye ihtiya\u00e7 vard\u0131r.<\/li><li> Kullan\u0131c\u0131lar\u0131n, Upstore \u00dccretsiz Hesab\u0131n\u0131n kullan\u0131m\u0131 i\u00e7in \u00f6deme yapmas\u0131na gerek yoktur.<\/li><li> Kullan\u0131c\u0131lar reklamlar\u0131 sayfada g\u00f6rebilir<\/li><li> \u0130ndirme ba\u011flant\u0131lar\u0131 sadece k\u0131sa bir s\u00fcre i\u00e7in ge\u00e7erlidir.<\/li><\/ul>\n\n\n\n<h3>\u00d6zel hesap<\/h3>\n\n\n\n<p>Bir kullan\u0131c\u0131 dikkat da\u011f\u0131t\u0131c\u0131 reklamlar olmadan h\u0131zl\u0131 bir \u015fekilde y\u00fcklemek ve indirmek istiyorsa, Upstore Premium hesap plan\u0131n\u0131 almas\u0131 gerekir. Ayr\u0131ca, bir kullan\u0131c\u0131 \u00fccretsiz hesab\u0131n\u0131 premium bir hesaba y\u00fckseltebilir, ancak fiyat tutar\u0131n\u0131 \u00f6demesi gerekir.<\/p>\n\n\n\n<p>Upstore Premium hesab\u0131 \u00e7o\u011funlukla dosyalar\u0131n\u0131 uzun s\u00fcre saklamas\u0131 gereken ki\u015filer taraf\u0131ndan kullan\u0131l\u0131r. Evet, Upstore&#8217;u kal\u0131c\u0131 depolama alan\u0131n\u0131z olarak kullanabilirsiniz.<\/p>\n\n\n\n<p>Upstore&#8217;un Premium hesab\u0131n\u0131 kullanman\u0131n avantajlar\u0131 \u015funlard\u0131r:<\/p>\n\n\n\n<ul><li>Kullan\u0131c\u0131lar ayn\u0131 anda \u00e7ok say\u0131da dosya y\u00fckleyebilir ve indirebilir<\/li><li> Kullan\u0131c\u0131lar indirme d\u00fc\u011fmesine tek bir t\u0131klamayla hemen ve yava\u015f olmadan bir dosya indirebilir<\/li><li> Kullan\u0131c\u0131lar i\u00e7in indirme h\u0131z\u0131 1000 Mbps&#8217;ye kadar<\/li><li> Verilen bant geni\u015fli\u011fi g\u00fcnde yirmi gigabayta (20 GB) kadard\u0131r<\/li><li> Y\u00fcklenecek dosyan\u0131n boyutu en fazla be\u015f gigabaytt\u0131r (5 GB)<\/li><li> Dosyalar\u0131 saklamak i\u00e7in zaman s\u0131n\u0131r\u0131 yoktur. Dosyalar bulut sunucusunda bir s\u00fcre saklan\u0131r.<\/li><li><a rel=\"noreferrer noopener\" aria-label=\" Captcha (opens in a new tab)\" href=\"https:\/\/www.pandasecurity.com\/mediacenter\/panda-security\/what-is-captcha\/\" target=\"_blank\"> Captcha<\/a>&#8216;ya girmeye gerek yok<\/li><li> Dosya indirmek i\u00e7in zaman s\u0131n\u0131r\u0131 yoktur<\/li><li> Kullan\u0131c\u0131lar Upstore Premium Hesap plan\u0131n\u0131n \u00fccretini \u00f6demelidir.<\/li><li> Sayfada reklam yok<\/li><li> Payla\u015f\u0131lacak dosyan\u0131n ba\u011flant\u0131s\u0131 kullan\u0131c\u0131 taraf\u0131ndan bir parola ayarlanabilir.<\/li><li> \u0130ndirme ba\u011flant\u0131lar\u0131 uzun s\u00fcre ge\u00e7erlidir.<\/li><\/ul>\n\n\n\n<h2>Upstore&#8217;un herhangi bir s\u0131n\u0131rlamas\u0131 var m\u0131?<\/h2>\n\n\n\n<p>Evet, var. Ma\u011faza, \u00fccretsiz veya kay\u0131tl\u0131 olmayan kullan\u0131c\u0131lara s\u0131n\u0131rlamalar getirir: S\u0131n\u0131rlamalar a\u015fa\u011f\u0131daki gibidir:<\/p>\n\n\n\n<ul><li>\u00dccretsiz kullan\u0131c\u0131lar ve kay\u0131tl\u0131 olmayan kullan\u0131c\u0131lar i\u00e7in Upstore, indirmeler i\u00e7in g\u00fcnde 6000 MB&#8217;a kadar, dosya y\u00fcklemelerinin boyutu i\u00e7in en fazla iki gigabayt (2 GB) ve en fazla iki gigabayt (2 GB) dosya boyutu.<\/li><li> Premium kullan\u0131c\u0131lar i\u00e7in &#8211; Upstore, indirmeler i\u00e7in g\u00fcnde 20.000 MB&#8217;a kadar dosya y\u00fckler, dosya y\u00fcklemelerinin boyutu i\u00e7in maksimum be\u015f gigabayt (5 GB) ve dosya indirmelerinin boyutu s\u0131n\u0131rs\u0131zd\u0131r.<\/li><\/ul>\n\n\n\n<h2>Upstore&#8217;un Premium Hesab\u0131 ne kadard\u0131r?<\/h2>\n\n\n\n<p>Herkese iyi haberlerimiz var! Upstore Premium hesab\u0131 \u00e7ok pahal\u0131 de\u011fil. Evet, bir\u00e7ok ki\u015fi bu Upstore hesab\u0131n\u0131 alabilir. Kullan\u0131c\u0131lar d\u00f6rt farkl\u0131 tipte Upstore premium plan\u0131 aras\u0131ndan se\u00e7im yapabilir. Bunlar a\u015fa\u011f\u0131daki plan fiyatlar\u0131n\u0131 i\u00e7erir:<\/p>\n\n\n\n<figure class=\"wp-block-table\"><table class=\"\"><tbody><tr><td class=\"has-text-align-center\" data-align=\"center\"><strong>Ma\u011faza Premium Planlar\u0131<\/strong><\/td><\/tr><\/tbody><\/table><\/figure>\n\n\n\n<figure class=\"wp-block-table\"><table class=\"\"><tbody><tr><td>Zaman uzunlu\u011fu<\/td><td> Yararlar\u0131<\/td><td> Fiyat:% s<\/td><td>G\u00fcnl\u00fck Fiyatlar<\/td><\/tr><tr><td>Sadece 1 ay ve 3 g\u00fcn boyunca<\/td><td>Ayn\u0131 anda en fazla 10 dosya indirilebilir<\/td><td>11,95 \u20ac<\/td><td> 0.36 \u20ac <\/td><\/tr><tr><td>3 ayl\u0131k<\/td><td>Bant geni\u015fli\u011fi g\u00fcnde 20 GB&#8217;a kadar<\/td><td> 25 \u20ac <\/td><td> 0.28 \u20ac <\/td><\/tr><tr><td>6 ayl\u0131k<\/td><td>\u0130ndirme h\u0131z\u0131 1000 Mbps&#8217;ye kadar<\/td><td> 45 \u20ac <\/td><td> 25 \u20ac <\/td><\/tr><tr><td>1 y\u0131l veya 12 ay boyunca<\/td><td>H\u0131zl\u0131 h\u0131z\u0131 ile tamamen g\u00fcvenli<\/td><td> 75 \u20ac <\/td><td> 0.21 \u20ac <\/td><\/tr><\/tbody><\/table><\/figure>\n\n\n<a class=\"maxbutton-2 maxbutton maxbutton-cta\" target=\"_blank\" rel=\"nofollow noopener\" href=\"\/go\/\"><span class='mb-text'>&gt;&gt; Orijinal Linkifier Web Sitesine Git<\/span><\/a>\n\n\n<p><\/p>\n\n\n\n<h2>Ma\u011faza Premium Hesab\u0131 i\u00e7in \u00d6deme<\/h2>\n\n\n\n<p>Kullan\u0131c\u0131lar Upstore Premium Hesab\u0131n\u0131 almak istiyorsa, Upstore&#8217;un aboneliklerini \u00f6demeleri i\u00e7in farkl\u0131 y\u00f6ntemleri vard\u0131r. Upstore&#8217;un farkl\u0131 \u00f6deme y\u00f6ntemleri i\u00e7in a\u015fa\u011f\u0131daki tabloya bak\u0131n.<\/p>\n\n\n\n<figure class=\"wp-block-table\"><table class=\"\"><tbody><tr><td class=\"has-text-align-center\" data-align=\"center\"><strong>Y\u00dcKSEK \u00d6DEME Y\u00d6NTEMLER\u0130<\/strong><\/td><\/tr><\/tbody><\/table><\/figure>\n\n\n\n<figure class=\"wp-block-table\"><table class=\"\"><tbody><tr><td class=\"has-text-align-center\" data-align=\"center\"><strong>Visa veya MasterCard Kartlar\u0131 i\u00e7in (Kredi Kartlar\u0131)<\/strong><\/td><td class=\"has-text-align-center\" data-align=\"center\"><strong>Avrupal\u0131 \u200b\u200bm\u00fc\u015fteriler i\u00e7in<\/strong><\/td><\/tr><tr><td class=\"has-text-align-center\" data-align=\"center\"><img loading=\"lazy\" width=\"408\" height=\"54\" class=\"wp-image-3541\" style=\"width: 150px;\" src=\"https:\/\/multihoster.org\/wp-content\/uploads\/2020\/04\/Visa-or-MasterCard-Cards-Credit-Cards.png\" alt=\"Visa or MasterCard Cards (Credit Cards)\" srcset=\"https:\/\/multihoster.org\/wp-content\/uploads\/2020\/04\/Visa-or-MasterCard-Cards-Credit-Cards.png 408w, https:\/\/multihoster.org\/wp-content\/uploads\/2020\/04\/Visa-or-MasterCard-Cards-Credit-Cards-300x40.png 300w\" sizes=\"(max-width: 408px) 100vw, 408px\" \/><br>Visa kart\u0131, MasterCard kart\u0131, Maestro, Hediye kart\u0131 ve \u00d6deme kart\u0131<\/td><td class=\"has-text-align-center\" data-align=\"center\"><img loading=\"lazy\" width=\"290\" height=\"46\" class=\"wp-image-3532\" style=\"width: 150px;\" src=\"https:\/\/multihoster.org\/wp-content\/uploads\/2020\/04\/Payment-method-of-customers-who-are-European.png\" alt=\"Payment method of customers who are European\"><br>Visa kart\u0131, MasterCard, Qiwi, WebMoney ve Moneta<\/td><\/tr><tr><td class=\"has-text-align-center\" data-align=\"center\"><strong> For E-Payment and Alternatives<\/strong> <\/td><td class=\"has-text-align-center\" data-align=\"center\"> <strong>For Paysera or Wire Transfer <\/strong><\/td><\/tr><tr><td class=\"has-text-align-center\" data-align=\"center\"><img loading=\"lazy\" width=\"401\" height=\"43\" class=\"wp-image-3523\" style=\"width: 150px;\" src=\"https:\/\/multihoster.org\/wp-content\/uploads\/2020\/04\/For-E-Payment-and-Alternatives.png\" alt=\"For E-Payment and Alternatives\" srcset=\"https:\/\/multihoster.org\/wp-content\/uploads\/2020\/04\/For-E-Payment-and-Alternatives.png 401w, https:\/\/multihoster.org\/wp-content\/uploads\/2020\/04\/For-E-Payment-and-Alternatives-300x32.png 300w, https:\/\/multihoster.org\/wp-content\/uploads\/2020\/04\/For-E-Payment-and-Alternatives-392x43.png 392w, https:\/\/multihoster.org\/wp-content\/uploads\/2020\/04\/For-E-Payment-and-Alternatives-390x43.png 390w\" sizes=\"(max-width: 401px) 100vw, 401px\" \/><img loading=\"lazy\" width=\"177\" height=\"45\" class=\"wp-image-3514\" style=\"width: 70px;\" src=\"https:\/\/multihoster.org\/wp-content\/uploads\/2020\/04\/For-E-Payment-and-Alternatives-1.png\" alt=\"For E-Payment and Alternatives\"> <br>Bitcoin, Alipay, PaySafe, WM, Paymer, Ideal, Przelewy 24, MyBank ve di\u011fer dijital c\u00fczdanlar<\/td><td class=\"has-text-align-center\" data-align=\"center\"><img loading=\"lazy\" width=\"286\" height=\"48\" class=\"wp-image-3505\" style=\"width: 150px;\" src=\"https:\/\/multihoster.org\/wp-content\/uploads\/2020\/04\/For-Paysera-or-Wire-Transfer.png\" alt=\"For Paysera or Wire Transfer\"><img loading=\"lazy\" width=\"57\" height=\"41\" class=\"wp-image-3496\" style=\"width: 34px;\" src=\"https:\/\/multihoster.org\/wp-content\/uploads\/2020\/04\/For-Paysera-or-Wire-Transfer-1.png\" alt=\"For Paysera or Wire Transfer\"><br>cashU, G\u00fcvenlik \u00d6demesi, Havale veya Banka Havalesi, Euro para, Paysera<\/td><\/tr><\/tbody><\/table><\/figure>\n\n\n\n<p>Bir kullan\u0131c\u0131, \u00f6demeyle ilgili bir sorunla kar\u015f\u0131la\u015f\u0131rsa veya Upstore premium hesab\u0131n\u0131 \u00f6demede yard\u0131ma ihtiya\u00e7 duyarsa, Epstore ile e-posta veya yard\u0131m masas\u0131 arac\u0131l\u0131\u011f\u0131yla ileti\u015fim kurabilir.<\/p>\n\n\n\n<h2>Ma\u011fazadan Y\u00fckleme<\/h2>\n\n\n\n<p>Ma\u011faza sunucular\u0131 Avrupa konumundad\u0131r, bu nedenle di\u011fer \u00fclkedeki bir kullan\u0131c\u0131 bir dosya y\u00fcklerse biraz daha yava\u015f olabilir, ancak Upstore \u015fu anda Avrupa d\u0131\u015f\u0131ndaki di\u011fer \u00fclkelerde ek bir sunucu geli\u015ftirmeyi hedeflemektedir.<\/p>\n\n\n\n<p>Kullan\u0131c\u0131 farkl\u0131 dosya t\u00fcrleri y\u00fckleyebilir, ancak Upstore di\u011fer dosya t\u00fcrlerini yasaklar. Yasaklanan dosya t\u00fcrlerini \u00f6\u011frenmek i\u00e7in a\u015fa\u011f\u0131ya bak\u0131n.<\/p>\n\n\n\n<p>Ma\u011fazaya y\u00fcklenmesi yasaklanan dosya t\u00fcrleri:<\/p>\n\n\n\n<ul><li>\u015eiddet i\u00e7eren dosyalar<\/li><li> Her t\u00fcrl\u00fc porno ile dosyalar<\/li><li> Amerikan veya Avrupa yasalar\u0131n\u0131 kabul etmeyen di\u011fer dosyalar.<\/li><\/ul>\n\n\n\n<p>Ayr\u0131ca, Upstore, kullan\u0131c\u0131lar\u0131n herhangi bir torrent kullanarak bir dosya y\u00fckleyebilece\u011fi bir hizmete sahiptir.<\/p>\n\n\n\n<p>Kay\u0131tl\u0131 olmayan kullan\u0131c\u0131lar ve \u00fccretsiz kullan\u0131c\u0131lar i\u00e7in dosyalar\u0131n y\u00fcklenmesi s\u0131n\u0131rl\u0131d\u0131r, bu nedenle kullan\u0131c\u0131n\u0131n bir Upstore Premium hesab\u0131na (Upstore premium plan\u0131) sahip olmas\u0131 \u00f6nerilir.<\/p>\n\n\n\n<p>Bir dosyay\u0131 kar\u015f\u0131ya y\u00fcklerken bazen uzun zaman alabilir, bu nedenle kullan\u0131c\u0131lar\u0131n \u015fu anda kulland\u0131klar\u0131 internet ba\u011flant\u0131lar\u0131n\u0131n kararl\u0131l\u0131\u011f\u0131n\u0131 ve h\u0131z\u0131n\u0131 kontrol etmeleri gerekir.<\/p>\n\n\n\n<h2>Bir Ma\u011faza Hesab\u0131na Kaydolun<\/h2>\n\n\n\n<p>Dosyalar\u0131n\u0131z\u0131 saklamak veya payla\u015fmak istiyorsan\u0131z, Upstore g\u00fcvenebilece\u011finiz bir dosyad\u0131r. Upstore herhangi bir kullan\u0131c\u0131 i\u00e7indir ve \u00fccretsizdir. Herkes, Ma\u011faza&#8217;da bir hesap sahibi olmak istedi\u011fi zaman buradan kaydolabilir.<\/p>\n\n\n\n<p>Burada Upstore&#8217;da bir hesaba sahip olmak sadece kolay ve basittir. Bir kullan\u0131c\u0131n\u0131n sadece bilgilerini sadece forma koymas\u0131 ve g\u00f6ndermesi yeterlidir. Form yaln\u0131zca kullan\u0131c\u0131lar\u0131n e-posta adreslerini girip sonra g\u00f6ndermelerini gerektirir. Bundan sonra, kullan\u0131c\u0131lar hesaplar\u0131ndaki dosyalar\u0131 y\u00f6netmeye, y\u00fcklemeye ve indirmeye ba\u015flayabilir.<\/p>\n\n\n\n<h2>Ma\u011fazadaki Abonelikler<\/h2>\n\n\n\n<p>Bir kullan\u0131c\u0131 aboneli\u011fi bir (1) ay veya \u00fc\u00e7 (3) ay Upstore premium plan\u0131 i\u00e7in \u00f6denirse, abonelikleri manuel olarak ayarlamak veya kullan\u0131c\u0131n\u0131n g\u00f6sterge tablosunda otomatik olarak ayarlamak i\u00e7in aboneli\u011fini kontrol edebilir.<\/p>\n\n\n\n<h2>Ma\u011faza&#8217;dan yard\u0131m<\/h2>\n\n\n\n<p>Maalesef, Upstore&#8217;un sohbetler veya aramalar i\u00e7in deste\u011fi yoktur, ancak Upstore kay\u0131tl\u0131 veya kay\u0131tl\u0131 olmayan kullan\u0131c\u0131lar\u0131, yard\u0131m masas\u0131 \u00e7al\u0131\u015fanlar\u0131 arac\u0131l\u0131\u011f\u0131yla Upstore&#8217;a ula\u015fabilir veya genellikle kullan\u0131c\u0131lar e-posta yoluyla onlarla ileti\u015fim kurabilir, ard\u0131ndan sorular\u0131 sorabilirler.<\/p>\n\n\n\n<h2>Upstore i\u00e7in herhangi bir \u00f6neri<\/h2>\n\n\n\n<p>T\u00fcm Upstore kullan\u0131c\u0131lar\u0131 i\u00e7in destek yard\u0131m\u0131 \u00e7ok gereklidir. Her t\u00fcr kullan\u0131c\u0131 i\u00e7in, Upstore&#8217;un sohbetler ve \u00e7a\u011fr\u0131lar i\u00e7in deste\u011fe sahip olmas\u0131 \u00f6nerilir, b\u00f6ylece insanlar ger\u00e7ek zamanl\u0131 olarak onlara ula\u015fabilir ve Upstore destek ekibi kullan\u0131c\u0131lar\u0131n sorular\u0131na hemen cevap verebilir ve kullan\u0131c\u0131lar\u0131n \u00e7\u00f6z\u00fcmleri i\u00e7in talimat verebilir. ger\u00e7ek problem.<\/p>\n\n\n<a class=\"maxbutton-2 maxbutton maxbutton-cta\" target=\"_blank\" rel=\"nofollow noopener\" href=\"\/go\/\"><span class='mb-text'>&gt;&gt; Orijinal Linkifier Web Sitesine Git<\/span><\/a>\n\n\n<p><\/p>\n","protected":false},"excerpt":{"rendered":"<p>Ma\u011faza Hakk\u0131nda Bug\u00fcn bu ku\u015fa\u011f\u0131n modernizasyonu sayesinde, bulut a\u011f\u0131 veri ve dosyalar\u0131 y\u00f6netmenin en iyi yoludur. Cihazlar\u0131n bulut hizmetlerine ve<\/p>\n","protected":false},"author":2,"featured_media":0,"parent":0,"menu_order":0,"comment_status":"closed","ping_status":"closed","template":"","meta":[],"yoast_head":"<!-- This site is optimized with the Yoast SEO plugin v18.3 - https:\/\/yoast.com\/wordpress\/plugins\/seo\/ -->\n<title>Upstore Premium Hesap: Bir Bak\u0131\u015fta Filehoster<\/title>\n<meta name=\"description\" content=\"Upstore sayg\u0131n bir sa\u011flay\u0131c\u0131 m\u0131 de\u011fil mi, cevab\u0131 Multihoster.org&#039;daki mevcut testte bulabilirsiniz \u279c \u015eimdi t\u0131klay\u0131n \u271a deneyimlerimizi okumak i\u00e7in!\" \/>\n<meta name=\"robots\" content=\"index, follow, max-snippet:-1, max-image-preview:large, max-video-preview:-1\" \/>\n<link rel=\"canonical\" href=\"https:\/\/multihoster.org\/tr\/upstore\/\" \/>\n<meta property=\"og:locale\" content=\"tr_TR\" \/>\n<meta property=\"og:type\" content=\"article\" \/>\n<meta property=\"og:title\" content=\"Upstore Premium Hesap: Bir Bak\u0131\u015fta Filehoster\" \/>\n<meta property=\"og:description\" content=\"Upstore sayg\u0131n bir sa\u011flay\u0131c\u0131 m\u0131 de\u011fil mi, cevab\u0131 Multihoster.org&#039;daki mevcut testte bulabilirsiniz \u279c \u015eimdi t\u0131klay\u0131n \u271a deneyimlerimizi okumak i\u00e7in!\" \/>\n<meta property=\"og:url\" content=\"https:\/\/multihoster.org\/tr\/upstore\/\" \/>\n<meta property=\"og:site_name\" content=\"Multihoster.org\" \/>\n<meta property=\"article:modified_time\" content=\"2020-04-15T11:22:42+00:00\" \/>\n<meta property=\"og:image\" content=\"https:\/\/multihoster.org\/wp-content\/uploads\/2020\/04\/Visa-or-MasterCard-Cards-Credit-Cards.png\" \/>\n<meta name=\"twitter:card\" content=\"summary\" \/>\n<meta name=\"twitter:label1\" content=\"Tahmini okuma s\u00fcresi\" \/>\n\t<meta name=\"twitter:data1\" content=\"8 dakika\" \/>\n<script type=\"application\/ld+json\" class=\"yoast-schema-graph\">{\"@context\":\"https:\/\/schema.org\",\"@graph\":[{\"@type\":\"WebSite\",\"@id\":\"https:\/\/multihoster.org\/#website\",\"url\":\"https:\/\/multihoster.org\/\",\"name\":\"Multihoster.org\",\"description\":\"Reviews of the major Filehosting services\",\"potentialAction\":[{\"@type\":\"SearchAction\",\"target\":{\"@type\":\"EntryPoint\",\"urlTemplate\":\"https:\/\/multihoster.org\/?s={search_term_string}\"},\"query-input\":\"required name=search_term_string\"}],\"inLanguage\":\"tr\"},{\"@type\":\"ImageObject\",\"@id\":\"https:\/\/multihoster.org\/tr\/upstore\/#primaryimage\",\"inLanguage\":\"tr\",\"url\":\"https:\/\/multihoster.org\/wp-content\/uploads\/2020\/04\/Visa-or-MasterCard-Cards-Credit-Cards.png\",\"contentUrl\":\"https:\/\/multihoster.org\/wp-content\/uploads\/2020\/04\/Visa-or-MasterCard-Cards-Credit-Cards.png\",\"width\":408,\"height\":54,\"caption\":\"Visa or MasterCard Cards (Credit Cards)\"},{\"@type\":\"WebPage\",\"@id\":\"https:\/\/multihoster.org\/tr\/upstore\/#webpage\",\"url\":\"https:\/\/multihoster.org\/tr\/upstore\/\",\"name\":\"Upstore Premium Hesap: Bir Bak\u0131\u015fta Filehoster\",\"isPartOf\":{\"@id\":\"https:\/\/multihoster.org\/#website\"},\"primaryImageOfPage\":{\"@id\":\"https:\/\/multihoster.org\/tr\/upstore\/#primaryimage\"},\"datePublished\":\"2020-04-15T09:17:01+00:00\",\"dateModified\":\"2020-04-15T11:22:42+00:00\",\"description\":\"Upstore sayg\u0131n bir sa\u011flay\u0131c\u0131 m\u0131 de\u011fil mi, cevab\u0131 Multihoster.org'daki mevcut testte bulabilirsiniz \u279c \u015eimdi t\u0131klay\u0131n \u271a deneyimlerimizi okumak i\u00e7in!\",\"breadcrumb\":{\"@id\":\"https:\/\/multihoster.org\/tr\/upstore\/#breadcrumb\"},\"inLanguage\":\"tr\",\"potentialAction\":[{\"@type\":\"ReadAction\",\"target\":[\"https:\/\/multihoster.org\/tr\/upstore\/\"]}]},{\"@type\":\"BreadcrumbList\",\"@id\":\"https:\/\/multihoster.org\/tr\/upstore\/#breadcrumb\",\"itemListElement\":[{\"@type\":\"ListItem\",\"position\":1,\"name\":\"Startseite\",\"item\":\"https:\/\/multihoster.org\/tr\/\"},{\"@type\":\"ListItem\",\"position\":2,\"name\":\"Upstore Premium Hesap: Bir Bak\u0131\u015fta Filehoster\"}]}]}<\/script>\n<!-- \/ Yoast SEO plugin. -->","yoast_head_json":{"title":"Upstore Premium Hesap: Bir Bak\u0131\u015fta Filehoster","description":"Upstore sayg\u0131n bir sa\u011flay\u0131c\u0131 m\u0131 de\u011fil mi, cevab\u0131 Multihoster.org'daki mevcut testte bulabilirsiniz \u279c \u015eimdi t\u0131klay\u0131n \u271a deneyimlerimizi okumak i\u00e7in!","robots":{"index":"index","follow":"follow","max-snippet":"max-snippet:-1","max-image-preview":"max-image-preview:large","max-video-preview":"max-video-preview:-1"},"canonical":"https:\/\/multihoster.org\/tr\/upstore\/","og_locale":"tr_TR","og_type":"article","og_title":"Upstore Premium Hesap: Bir Bak\u0131\u015fta Filehoster","og_description":"Upstore sayg\u0131n bir sa\u011flay\u0131c\u0131 m\u0131 de\u011fil mi, cevab\u0131 Multihoster.org'daki mevcut testte bulabilirsiniz \u279c \u015eimdi t\u0131klay\u0131n \u271a deneyimlerimizi okumak i\u00e7in!","og_url":"https:\/\/multihoster.org\/tr\/upstore\/","og_site_name":"Multihoster.org","article_modified_time":"2020-04-15T11:22:42+00:00","og_image":[{"url":"https:\/\/multihoster.org\/wp-content\/uploads\/2020\/04\/Visa-or-MasterCard-Cards-Credit-Cards.png"}],"twitter_card":"summary","twitter_misc":{"Tahmini okuma s\u00fcresi":"8 dakika"},"schema":{"@context":"https:\/\/schema.org","@graph":[{"@type":"WebSite","@id":"https:\/\/multihoster.org\/#website","url":"https:\/\/multihoster.org\/","name":"Multihoster.org","description":"Reviews of the major Filehosting services","potentialAction":[{"@type":"SearchAction","target":{"@type":"EntryPoint","urlTemplate":"https:\/\/multihoster.org\/?s={search_term_string}"},"query-input":"required name=search_term_string"}],"inLanguage":"tr"},{"@type":"ImageObject","@id":"https:\/\/multihoster.org\/tr\/upstore\/#primaryimage","inLanguage":"tr","url":"https:\/\/multihoster.org\/wp-content\/uploads\/2020\/04\/Visa-or-MasterCard-Cards-Credit-Cards.png","contentUrl":"https:\/\/multihoster.org\/wp-content\/uploads\/2020\/04\/Visa-or-MasterCard-Cards-Credit-Cards.png","width":408,"height":54,"caption":"Visa or MasterCard Cards (Credit Cards)"},{"@type":"WebPage","@id":"https:\/\/multihoster.org\/tr\/upstore\/#webpage","url":"https:\/\/multihoster.org\/tr\/upstore\/","name":"Upstore Premium Hesap: Bir Bak\u0131\u015fta Filehoster","isPartOf":{"@id":"https:\/\/multihoster.org\/#website"},"primaryImageOfPage":{"@id":"https:\/\/multihoster.org\/tr\/upstore\/#primaryimage"},"datePublished":"2020-04-15T09:17:01+00:00","dateModified":"2020-04-15T11:22:42+00:00","description":"Upstore sayg\u0131n bir sa\u011flay\u0131c\u0131 m\u0131 de\u011fil mi, cevab\u0131 Multihoster.org'daki mevcut testte bulabilirsiniz \u279c \u015eimdi t\u0131klay\u0131n \u271a deneyimlerimizi okumak i\u00e7in!","breadcrumb":{"@id":"https:\/\/multihoster.org\/tr\/upstore\/#breadcrumb"},"inLanguage":"tr","potentialAction":[{"@type":"ReadAction","target":["https:\/\/multihoster.org\/tr\/upstore\/"]}]},{"@type":"BreadcrumbList","@id":"https:\/\/multihoster.org\/tr\/upstore\/#breadcrumb","itemListElement":[{"@type":"ListItem","position":1,"name":"Startseite","item":"https:\/\/multihoster.org\/tr\/"},{"@type":"ListItem","position":2,"name":"Upstore Premium Hesap: Bir Bak\u0131\u015fta Filehoster"}]}]}},"_links":{"self":[{"href":"https:\/\/multihoster.org\/tr\/wp-json\/wp\/v2\/pages\/3558"}],"collection":[{"href":"https:\/\/multihoster.org\/tr\/wp-json\/wp\/v2\/pages"}],"about":[{"href":"https:\/\/multihoster.org\/tr\/wp-json\/wp\/v2\/types\/page"}],"author":[{"embeddable":true,"href":"https:\/\/multihoster.org\/tr\/wp-json\/wp\/v2\/users\/2"}],"replies":[{"embeddable":true,"href":"https:\/\/multihoster.org\/tr\/wp-json\/wp\/v2\/comments?post=3558"}],"version-history":[{"count":1,"href":"https:\/\/multihoster.org\/tr\/wp-json\/wp\/v2\/pages\/3558\/revisions"}],"predecessor-version":[{"id":3618,"href":"https:\/\/multihoster.org\/tr\/wp-json\/wp\/v2\/pages\/3558\/revisions\/3618"}],"wp:attachment":[{"href":"https:\/\/multihoster.org\/tr\/wp-json\/wp\/v2\/media?parent=3558"}],"curies":[{"name":"wp","href":"https:\/\/api.w.org\/{rel}","templated":true}]}}