{"id":3603,"date":"2020-04-15T10:37:30","date_gmt":"2020-04-15T10:37:30","guid":{"rendered":"https:\/\/multihoster.org\/bigfile\/"},"modified":"2020-04-15T14:57:20","modified_gmt":"2020-04-15T14:57:20","slug":"bigfile","status":"publish","type":"page","link":"https:\/\/multihoster.org\/tr\/bigfile\/","title":{"rendered":"BigFile Premium Hesap: Bir Bak\u0131\u015fta Filehoster"},"content":{"rendered":"\n<div class=\"wp-block-image\"><figure class=\"alignleft size-large\"><img loading=\"lazy\" width=\"250\" height=\"114\" src=\"https:\/\/multihoster.org\/wp-content\/uploads\/2020\/04\/pasted-image-0-1-e1586947238554.png\" alt=\"BigFile logo\" class=\"wp-image-3584\"\/><\/figure><\/div>\n\n\n\n<p>Flash s\u00fcr\u00fcc\u00fcler veya harici sabit diskler gibi t\u00fcm harici depolama cihazlar\u0131na &#8220;elveda&#8221; deyin, \u00e7\u00fcnk\u00fc kullan\u0131c\u0131 dosyalar\u0131 i\u00e7in \u00e7evrimi\u00e7i depolama, profesyonel geli\u015ftiricilerin yard\u0131m\u0131 ile geli\u015ftirilen ve bir cihazda internet ba\u011flant\u0131s\u0131. Bu \u00e7evrimi\u00e7i depolama alan\u0131na <strong>BigFile <\/strong>ad\u0131 verilir.<\/p>\n\n\n<a class=\"maxbutton-2 maxbutton maxbutton-cta\" target=\"_blank\" rel=\"nofollow noopener\" href=\"\/go\/\"><span class='mb-text'>&gt;&gt; Orijinal Linkifier Web Sitesine Git<\/span><\/a>\n\n\n<h2>BigFile Al\u0131\u015ft\u0131rma<\/h2>\n\n\n\n<p>Bigfile daha \u00f6nce \u201cUploadable.ch\u201d olarak biliniyordu. Bir dosyaya veya dosyalara eri\u015fmek, depolamak, y\u00fcklemek ve indirmek i\u00e7in en \u00fcnl\u00fc web sitelerinden biridir. Bigfile, g\u00fcvenli ve g\u00fcvenilir bir dosya bar\u0131nd\u0131rma sa\u011flar ve kullan\u0131c\u0131lar\u0131na, sitelerinde ve \u00f6deme i\u015flemlerinde g\u00fcvenli ve g\u00fcvenli bir deneyim ya\u015famalar\u0131n\u0131 garanti eder.<\/p>\n\n\n\n<p>Ayr\u0131ca, BigFile, ister bir belge, videolar, m\u00fczik veya di\u011fer dosya t\u00fcrleri olsun, kullan\u0131c\u0131n\u0131n t\u00fcm dosya veya dosyalar\u0131n\u0131 saklayabilir ve bu dosyalar\u0131 bir kullan\u0131c\u0131ya eri\u015fmek istedi\u011fi zaman veya istedi\u011fi zaman kullanabilir \u0130nternet ba\u011flant\u0131s\u0131 olan herhangi bir cihaza gitti\u011fi her yerde ihtiyac\u0131 var. Kullan\u0131c\u0131, herhangi bir cihaz\u0131n web taray\u0131c\u0131s\u0131n\u0131 kullanarak dosyalar\u0131n\u0131 (belge, video, m\u00fczik veya di\u011fer dosya t\u00fcrleri) BigFile sitesinde g\u00f6r\u00fcnt\u00fcleyebilir ve payla\u015fabilir.<\/p>\n\n\n\n<p>Bir kullan\u0131c\u0131 herhangi bir sorun veya sorunla kar\u015f\u0131la\u015ft\u0131ysa veya site veya \u00f6zellikler veya hizmetler veya BigFile \u00f6demeleri hakk\u0131nda bir \u015fey sormak istiyorsa, BigFile&#8217;\u0131n destek ekibine sitelerindeki ileti\u015fim formunu doldurarak ula\u015fabilir. .<\/p>\n\n\n\n<p>BigFile sitesinin farkl\u0131 \u00f6zelliklerini ve hizmetlerini kullanmak i\u00e7in, sitede kaydedilecek bir hesap olu\u015fturmas\u0131 gerekir. Ayr\u0131ca, her kullan\u0131c\u0131n\u0131n BigFile site sistemi ile yap\u0131lacak t\u00fcm i\u015flemlerin g\u00fcvenli\u011fi i\u00e7in hesaplar\u0131n\u0131 do\u011frulamas\u0131 ve do\u011frulamas\u0131 gerekir. Herhangi bir sahtekarl\u0131k veya sahte i\u015flemden ka\u00e7\u0131nmak i\u00e7in onaylanm\u0131\u015f ve do\u011frulanm\u0131\u015f bir hesap gereklidir. Bir kullan\u0131c\u0131 hesab\u0131n\u0131, \u00f6zellikle herhangi bir kullan\u0131c\u0131ya veya g\u00fcvenli\u011fi i\u00e7in kimseye yapt\u0131\u011f\u0131 \u00f6demelerle ilgili bilgileri payla\u015fmamalar\u0131 gerekti\u011fini hat\u0131rlamal\u0131d\u0131r.<\/p>\n\n\n\n<p>BigFile&#8217;\u0131n iki farkl\u0131 hesab\u0131 vard\u0131r; bunlar BigFile \u00dccretsiz Hesab\u0131 ve BigFile Premium Hesab\u0131d\u0131r. Kullan\u0131c\u0131lar premium hesap ile t\u00fcm \u00f6zelliklerin ve hizmetlerin tad\u0131n\u0131 \u00e7\u0131karabilir. BigFile, premium hesab\u0131 olan kullan\u0131c\u0131lar\u0131n, \u00fccretsiz bir hesab\u0131 olan kullan\u0131c\u0131lar\u0131n aksine, ayn\u0131 anda birden fazla dosya indirmesine izin verir, yaln\u0131zca bir seferde yaln\u0131zca bir (1) dosya y\u00fckleyebilecekleri s\u0131n\u0131rl\u0131 say\u0131da dosya indirme i\u015flemine sahiptir. \u00f6nceki dosya indirme i\u015flemi bittikten sonra bir sonraki dosya i\u00e7in tekrar indir. BigFile Premium hesab\u0131, bir kullan\u0131c\u0131n\u0131n internet ba\u011flant\u0131s\u0131 daha y\u00fcksek bir h\u0131za sahip olmasa bile, indirme h\u0131zland\u0131r\u0131c\u0131lar\u0131na sahip bir dosyan\u0131n veya dosyalar\u0131n indirilmesini destekler. Ayr\u0131ca, kullan\u0131c\u0131n\u0131n <a rel=\"noreferrer noopener\" aria-label=\"Internet Protokol\u00fc (opens in a new tab)\" href=\"https:\/\/en.wikipedia.org\/wiki\/Internet_Protocol\" target=\"_blank\">Internet Protokol\u00fc<\/a> veya IP adresi, \u00fccretsiz hesaplardan daha az trafik i\u00e7in daha fazla kalabal\u0131k olmayan BigFile sitesinin sunucular\u0131na y\u00f6nlendirildi\u011finden, Bigfile&#8217;in premium hesab\u0131 \u00fccretsiz hesaptan daha y\u00fcksek bir h\u0131za sahiptir.<\/p>\n\n\n\n<p>Bir kullan\u0131c\u0131, Bigfile sitesinden bir dosya veya dosya indirirken, Internet Download Manager veya IDM, Jdownloader, Download Accelerator Plus veya DAP, Mipon veya bir kullan\u0131c\u0131n\u0131n kulland\u0131\u011f\u0131 herhangi bir dosya gibi bir indirme arac\u0131n\u0131 veya y\u00f6neticilerini kullanabilir.<\/p>\n\n\n\n<ul><li>Kolay ve Eri\u015filebilir \u2043 Bir kullan\u0131c\u0131, dosyalar\u0131n\u0131z\u0131 nas\u0131l ta\u015f\u0131yaca\u011f\u0131n\u0131z konusunda endi\u015fe duymadan, BigFile sitesine istedi\u011fi herhangi bir zamanda kolayca eri\u015febilir. Ayr\u0131ca, basit ve temel yapt\u0131klar\u0131 i\u00e7in BigFile sitesinin \u00f6zelliklerini, i\u015flevlerini ve hizmetlerini kolayca anlayabilir ve ayarlayabilir.<\/li><li>Giri\u015fkenlik \u2043 Herhangi bir kullan\u0131c\u0131, BigFile sitesini grup arkada\u015flar\u0131 veya tak\u0131m arkada\u015flar\u0131 veya s\u0131n\u0131f arkada\u015flar\u0131, arkada\u015flar, aile veya ba\u015fkalar\u0131yla dosya veya dosya payla\u015farak kullanabilir. Dosyas\u0131n\u0131 veya dosyalar\u0131n\u0131 sosyal medya veya e-posta yoluyla internet \u00fczerinden g\u00f6nderebilir.<\/li><li>Daha b\u00fcy\u00fck dosya boyutu a Bir kullan\u0131c\u0131 yaln\u0131zca BigFile&#8217;\u0131n \u00fccretsiz hesab\u0131na giderse, yaln\u0131zca iki gigabayt (2 GB) veya iki bin megabayt alaca\u011f\u0131 s\u0131n\u0131rl\u0131 bir depolama alan\u0131na sahip olmas\u0131n\u0131 bekler ( 2000 MB), bir kullan\u0131c\u0131 BigFile&#8217;in premium hesab\u0131na giderse, on gigabayt (10 GB) on bin megabayt (10.000 MB) depolama alan\u0131 boyutu alacakt\u0131r.<\/li><li>H\u0131zl\u0131 Teslimat \u2043 Hesab\u0131n teslimat\u0131 ve BigFile \u00fcr\u00fcn kodlar\u0131 kullan\u0131c\u0131n\u0131n e-postas\u0131na daha h\u0131zl\u0131 g\u00f6nderilir.<\/li><li>Farkl\u0131 \u00d6deme Y\u00f6ntemleri \u2043 BigFile \u00f6deme i\u00e7in farkl\u0131 y\u00f6ntemleri destekler, b\u00f6ylece d\u00fcnyadaki farkl\u0131 kullan\u0131c\u0131lar \u00fcr\u00fcn ve hizmetlerini \u00f6deyebilir veya sat\u0131n alabilirler.<\/li><li>\u00c7ok G\u00fcvenli Site Big BigFile, sitenin g\u00fcvenlik \u00f6zellikleri i\u00e7in en iyi <a href=\"https:\/\/en.wikipedia.org\/wiki\/Encryption\" target=\"_blank\" rel=\"noreferrer noopener\" aria-label=\"\u015fifreleme  (opens in a new tab)\">\u015fifreleme <\/a>teknolojisini kulland\u0131\u011f\u0131ndan, kullan\u0131c\u0131n\u0131n dosyalar\u0131n\u0131n t\u00fcm\u00fc korunur.<\/li><li>7\/24 Destek Ekibi Big BigFile sitesinde canl\u0131 sohbetler ve e-postalar i\u00e7in bir destek ekibi bulunmaktad\u0131r. Destek ekibi her hafta 7 g\u00fcn 24 saat hizmet vermektedir.<\/li><\/ul>\n\n\n<a class=\"maxbutton-2 maxbutton maxbutton-cta\" target=\"_blank\" rel=\"nofollow noopener\" href=\"\/go\/\"><span class='mb-text'>&gt;&gt; Orijinal Linkifier Web Sitesine Git<\/span><\/a>\n\n\n<h2>Avantajlar\u0131 ve \u00d6zellikleri Bigfile Premium Hesap<\/h2>\n\n\n\n<ul><li>Bir dosyay\u0131 veya dosyalar\u0131 indirmek i\u00e7in maksimum h\u0131za sahiptir. H\u0131z s\u0131n\u0131r\u0131 yoktur.<\/li><li>T\u00fcm premium kullan\u0131c\u0131lar i\u00e7in s\u0131n\u0131rs\u0131z ki\u015fisel depolama alan\u0131na sahiptir.<\/li><li>Bir dosya veya dosya y\u00fcklemek i\u00e7in on gigabayt (10 GB) veya on bin megabayt (10.000 MB) vard\u0131r.<\/li><li>Dosyalar\u0131n ar\u015fivlenmesi s\u0131n\u0131rs\u0131zd\u0131r.<\/li><li>Daha y\u00fcksek bant geni\u015fli\u011fi <a href=\"https:\/\/dictionary.cambridge.org\/us\/dictionary\/english\/bandwidth\" target=\"_blank\" rel=\"noreferrer noopener\" aria-label=\"boyutuna  (opens in a new tab)\">boyutuna <\/a>sahiptir<\/li><li>BigFile sitesini kullan\u0131rken dosya veya dosya indirmek i\u00e7in bekleme s\u00fcresi ve reklam yoktur.<\/li><li>% 100 g\u00fcvenli ve% 100 g\u00fcvenli bir site ve hesapt\u0131r.<\/li><li>Dosya y\u00f6netimini destekler.<\/li><li>Ayn\u0131 anda birden fazla dosya indirmeyi destekler.<\/li><li>Bir \u00f6zge\u00e7mi\u015f ve indirme i\u00e7in bir duraklama var.<\/li><li>Dosyalar\u0131 daha h\u0131zl\u0131 indirmek i\u00e7in bir indirme h\u0131zland\u0131r\u0131c\u0131s\u0131 vard\u0131r<\/li><li>Bir dosyay\u0131 veya dosyalar\u0131 indirmek i\u00e7in farkl\u0131 y\u00f6neticileri veya ara\u00e7lar\u0131 destekler.<\/li><\/ul>\n\n\n\n<p>L\u00fctfen a\u015fa\u011f\u0131daki BigFile \u00dccretsiz Hesab\u0131 ve BigFile Premium Hesab\u0131 fiyatlar\u0131na bak\u0131n.<\/p>\n\n\n\n<figure class=\"wp-block-table\"><table class=\"\"><tbody><tr><td class=\"has-text-align-center\" data-align=\"center\">BigFile Hesap Fiyatlar\u0131<\/td><\/tr><\/tbody><\/table><\/figure>\n\n\n\n<figure class=\"wp-block-table\"><table class=\"\"><tbody><tr><td>BigFile Hesap T\u00fcrleri<\/td><td>G\u00fcnler veya Aylar<\/td><td> <br>Fiyat <\/td><td>Depolama kapasitesi<\/td><td>G\u00fcvenli mi?<\/td><td>G\u00fcvenlik De\u011ferlendirmesi<\/td><\/tr><tr><td>Bedava hesap<\/td><td>S\u0131f\u0131r (0) g\u00fcn veya S\u0131f\u0131r (0) ay<\/td><td>00.00 USD<\/td><td> k\u00fc\u00e7\u00fck <\/td><td>\u2611 EVET<\/td><td>100%<\/td><\/tr><tr><td>\u22c6 Premium Hesap<\/td><td>Otuz (30) g\u00fcn veya bir (1) ay<\/td><td>15.99 USD<\/td><td>daha b\u00fcy\u00fck<\/td><td>\u2611 EVET<\/td><td>100%<\/td><\/tr><tr><td>\u22c6 Premium Hesap<\/td><td>Doksan (90) g\u00fcn veya bir (3) ay<\/td><td>36.99 USD<\/td><td>daha b\u00fcy\u00fck<\/td><td>\u2611 EVET<\/td><td>100%<\/td><\/tr><tr><td>\u22c6 Premium Hesap<\/td><td>Y\u00fcz seksen g\u00fcn (180) g\u00fcn veya alt\u0131 (6) ay<\/td><td>61.90 USD<\/td><td>daha b\u00fcy\u00fck<\/td><td>\u2611 EVET<\/td><td>100%<\/td><\/tr><tr><td>\u22c6 Premium Hesap<\/td><td>\u00dc\u00e7 y\u00fcz altm\u0131\u015f be\u015f (365) g\u00fcn veya on iki (12) ay<\/td><td>86.99 USD<\/td><td>daha b\u00fcy\u00fck<\/td><td>\u2611 EVET<\/td><td>100%<\/td><\/tr><\/tbody><\/table><\/figure>\n\n\n\n<h2>BigFile Premium Hesab\u0131n\u0131n Etkinle\u015ftirilmesi i\u00e7in Kupon Kodu<\/h2>\n\n\n\n<p>Evet, Bigfile sitesi, premium \u00fcr\u00fcnler ve kupon kodlar\u0131 i\u00e7in PayPal, VISA veya MasterCard \u00fczerinden \u00f6demeyi destekler. Kullan\u0131c\u0131 premium hesab\u0131 veya kupon kodunu \u00f6dedikten sonra, BigFile Premium Hesab\u0131n\u0131 etkinle\u015ftirmek i\u00e7in kullanmas\u0131 gereken harf ve rakamlardan olu\u015fan bir kod al\u0131r. Kupon kodu olmadan, bir kullan\u0131c\u0131n\u0131n hesab\u0131 premium hesaba y\u00fckseltilmez ve \u00f6zelliklerini ve hizmetlerini kullanamaz.<\/p>\n\n\n\n<p><strong>Yeni bir kullan\u0131c\u0131 ise kupon kodunu nas\u0131l girebilirim?<\/strong><\/p>\n\n\n\n<ol><li>BigFile sitesine gidin ve kaydolmak i\u00e7in d\u00fc\u011fmeyi bulun.<\/li><li>Bir kullan\u0131c\u0131 BigFile sitesi i\u00e7in bir hesap olu\u015fturmak i\u00e7in kaydolmal\u0131d\u0131r.<\/li><li>Kullan\u0131c\u0131 BigFile kay\u0131t formundaki t\u00fcm alanlar\u0131 doldurmal\u0131d\u0131r. Kullan\u0131c\u0131 ad\u0131n\u0131, e-posta adresini ve \u015fifresini girmelidir.<\/li><li>\u201cPremium Kupon Kodu\u201d alan\u0131na BigFile Premium Hesab\u0131n\u0131n kupon kodunu girin.<\/li><li>Ard\u0131ndan, kullan\u0131c\u0131n\u0131n t\u00fcm bilgilerini BigFile sitesinin kay\u0131t formuna g\u00f6ndermek i\u00e7in &#8220;Hesap Olu\u015ftur&#8221; d\u00fc\u011fmesini t\u0131klay\u0131n.<\/li><\/ol>\n\n\n\n<figure class=\"wp-block-image\"><img src=\"https:\/\/lh3.googleusercontent.com\/I8_mopX3mrPEEN7JGhuyPdzqO1jj6OrOFL0aF2bXkaQPVaETo4xVYVFGWxV-AR87AX0ydjO2BtvzQJaETNqSxoo1nAeSD6OtWGDOBTpoHd5t9MD_iP4vC7yPtYG5Td6GNSXMCWg7\" alt=\"Enter Voucher Code on the yellow highlighted field\"\/><\/figure>\n\n\n\n<p><strong>Mevcut bir kullan\u0131c\u0131 ise kupon kodunu nas\u0131l girebilirim?<\/strong><\/p>\n\n\n\n<ol><li>BigFile sitesine gidin ve oturum a\u00e7ma d\u00fc\u011fmesini bulun.<\/li><li>BigFile sitesinin giri\u015f sayfas\u0131na gidin.<\/li><li>Bir kullan\u0131c\u0131 BigFile&#8217;daki hesab\u0131n\u0131n kullan\u0131c\u0131 ad\u0131n\u0131 ve \u015fifresini kullanarak hesab\u0131na giri\u015f yapmal\u0131d\u0131r.<\/li><li>BigFile sitesinin Kullan sekmesine gidin.<\/li><li>Kupon kodunu kopyalay\u0131n ve Kullan Sayfas\u0131ndaki \u201cPremium Kupon Kodu\u201d alan\u0131na yap\u0131\u015ft\u0131r\u0131n.<\/li><li>Ard\u0131ndan, kupon kodunu uygulamak ve BigFile Hesab\u0131n\u0131n Premium Hesab\u0131n\u0131 etkinle\u015ftirmek i\u00e7in &#8220;G\u00f6nder&#8221; d\u00fc\u011fmesini t\u0131klay\u0131n. Bir kullan\u0131c\u0131 art\u0131k BigFile Premium Hesab\u0131&#8217;n\u0131n t\u00fcm \u00f6zelliklerinden ve hizmetlerinden yararlanabilir.<\/li><\/ol>\n\n\n\n<figure class=\"wp-block-image\"><img src=\"https:\/\/lh5.googleusercontent.com\/Iu478QCvtTkoWyU6zrlZjC1KFVKkaTtq5MCNzq436AgZ5qP-MbuAktwuSDhTjTvvtVbCK7tR0T_bKu3-Z96e_r34TPaBE0pv0-A-Y2bwvoZxUEbX_lQ-21YikzWPKVlFQgycH-ML\" alt=\"Enter Voucher Code on the yellow highlighted field\"\/><\/figure>\n\n\n\n<p>BigFile \u00fcr\u00fcn\u00fcn\u00fcn teslimat\u0131 i\u00e7in ortalama s\u00fcre yirmi d\u00f6rt (24) saat ila \u00fc\u00e7 (3) g\u00fcnd\u00fcr. Dolay\u0131s\u0131yla, bir kullan\u0131c\u0131 BigFile&#8217;in premium hesab\u0131 veya kupon kodu i\u00e7in \u00f6deme yaparsa, s\u00f6z konusu hesab\u0131 almak i\u00e7in belirtilen s\u00fcre i\u00e7inde beklemesi gerekir.<\/p>\n\n\n<a class=\"maxbutton-2 maxbutton maxbutton-cta\" target=\"_blank\" rel=\"nofollow noopener\" href=\"\/go\/\"><span class='mb-text'>&gt;&gt; Orijinal Linkifier Web Sitesine Git<\/span><\/a>","protected":false},"excerpt":{"rendered":"<p>Flash s\u00fcr\u00fcc\u00fcler veya harici sabit diskler gibi t\u00fcm harici depolama cihazlar\u0131na &#8220;elveda&#8221; deyin, \u00e7\u00fcnk\u00fc kullan\u0131c\u0131 dosyalar\u0131 i\u00e7in \u00e7evrimi\u00e7i depolama, profesyonel<\/p>\n","protected":false},"author":2,"featured_media":0,"parent":0,"menu_order":0,"comment_status":"closed","ping_status":"closed","template":"","meta":[],"yoast_head":"<!-- This site is optimized with the Yoast SEO plugin v18.3 - https:\/\/yoast.com\/wordpress\/plugins\/seo\/ -->\n<title>BigFile Premium Hesap: Bir Bak\u0131\u015fta Filehoster<\/title>\n<meta name=\"description\" content=\"BigFile sayg\u0131n bir sa\u011flay\u0131c\u0131 m\u0131 de\u011fil mi, cevab\u0131 Multihoster.org&#039;daki mevcut testte bulabilirsiniz \u279c \u015eimdi t\u0131klay\u0131n \u271a deneyimlerimizi okumak i\u00e7in!\" \/>\n<meta name=\"robots\" content=\"index, follow, max-snippet:-1, max-image-preview:large, max-video-preview:-1\" \/>\n<link rel=\"canonical\" href=\"https:\/\/multihoster.org\/tr\/bigfile\/\" \/>\n<meta property=\"og:locale\" content=\"tr_TR\" \/>\n<meta property=\"og:type\" content=\"article\" \/>\n<meta property=\"og:title\" content=\"BigFile Premium Hesap: Bir Bak\u0131\u015fta Filehoster\" \/>\n<meta property=\"og:description\" content=\"BigFile sayg\u0131n bir sa\u011flay\u0131c\u0131 m\u0131 de\u011fil mi, cevab\u0131 Multihoster.org&#039;daki mevcut testte bulabilirsiniz \u279c \u015eimdi t\u0131klay\u0131n \u271a deneyimlerimizi okumak i\u00e7in!\" \/>\n<meta property=\"og:url\" content=\"https:\/\/multihoster.org\/tr\/bigfile\/\" \/>\n<meta property=\"og:site_name\" content=\"Multihoster.org\" \/>\n<meta property=\"article:modified_time\" content=\"2020-04-15T14:57:20+00:00\" \/>\n<meta property=\"og:image\" content=\"https:\/\/multihoster.org\/wp-content\/uploads\/2020\/04\/pasted-image-0-1-e1586947238554.png\" \/>\n<meta name=\"twitter:card\" content=\"summary\" \/>\n<meta name=\"twitter:label1\" content=\"Tahmini okuma s\u00fcresi\" \/>\n\t<meta name=\"twitter:data1\" content=\"7 dakika\" \/>\n<script type=\"application\/ld+json\" class=\"yoast-schema-graph\">{\"@context\":\"https:\/\/schema.org\",\"@graph\":[{\"@type\":\"WebSite\",\"@id\":\"https:\/\/multihoster.org\/#website\",\"url\":\"https:\/\/multihoster.org\/\",\"name\":\"Multihoster.org\",\"description\":\"Reviews of the major Filehosting services\",\"potentialAction\":[{\"@type\":\"SearchAction\",\"target\":{\"@type\":\"EntryPoint\",\"urlTemplate\":\"https:\/\/multihoster.org\/?s={search_term_string}\"},\"query-input\":\"required name=search_term_string\"}],\"inLanguage\":\"tr\"},{\"@type\":\"ImageObject\",\"@id\":\"https:\/\/multihoster.org\/tr\/bigfile\/#primaryimage\",\"inLanguage\":\"tr\",\"url\":\"https:\/\/multihoster.org\/wp-content\/uploads\/2020\/04\/pasted-image-0-1-e1586947238554.png\",\"contentUrl\":\"https:\/\/multihoster.org\/wp-content\/uploads\/2020\/04\/pasted-image-0-1-e1586947238554.png\",\"width\":250,\"height\":114,\"caption\":\"BigFile logo\"},{\"@type\":\"WebPage\",\"@id\":\"https:\/\/multihoster.org\/tr\/bigfile\/#webpage\",\"url\":\"https:\/\/multihoster.org\/tr\/bigfile\/\",\"name\":\"BigFile Premium Hesap: Bir Bak\u0131\u015fta Filehoster\",\"isPartOf\":{\"@id\":\"https:\/\/multihoster.org\/#website\"},\"primaryImageOfPage\":{\"@id\":\"https:\/\/multihoster.org\/tr\/bigfile\/#primaryimage\"},\"datePublished\":\"2020-04-15T10:37:30+00:00\",\"dateModified\":\"2020-04-15T14:57:20+00:00\",\"description\":\"BigFile sayg\u0131n bir sa\u011flay\u0131c\u0131 m\u0131 de\u011fil mi, cevab\u0131 Multihoster.org'daki mevcut testte bulabilirsiniz \u279c \u015eimdi t\u0131klay\u0131n \u271a deneyimlerimizi okumak i\u00e7in!\",\"breadcrumb\":{\"@id\":\"https:\/\/multihoster.org\/tr\/bigfile\/#breadcrumb\"},\"inLanguage\":\"tr\",\"potentialAction\":[{\"@type\":\"ReadAction\",\"target\":[\"https:\/\/multihoster.org\/tr\/bigfile\/\"]}]},{\"@type\":\"BreadcrumbList\",\"@id\":\"https:\/\/multihoster.org\/tr\/bigfile\/#breadcrumb\",\"itemListElement\":[{\"@type\":\"ListItem\",\"position\":1,\"name\":\"Startseite\",\"item\":\"https:\/\/multihoster.org\/tr\/\"},{\"@type\":\"ListItem\",\"position\":2,\"name\":\"BigFile Premium Hesap: Bir Bak\u0131\u015fta Filehoster\"}]}]}<\/script>\n<!-- \/ Yoast SEO plugin. -->","yoast_head_json":{"title":"BigFile Premium Hesap: Bir Bak\u0131\u015fta Filehoster","description":"BigFile sayg\u0131n bir sa\u011flay\u0131c\u0131 m\u0131 de\u011fil mi, cevab\u0131 Multihoster.org'daki mevcut testte bulabilirsiniz \u279c \u015eimdi t\u0131klay\u0131n \u271a deneyimlerimizi okumak i\u00e7in!","robots":{"index":"index","follow":"follow","max-snippet":"max-snippet:-1","max-image-preview":"max-image-preview:large","max-video-preview":"max-video-preview:-1"},"canonical":"https:\/\/multihoster.org\/tr\/bigfile\/","og_locale":"tr_TR","og_type":"article","og_title":"BigFile Premium Hesap: Bir Bak\u0131\u015fta Filehoster","og_description":"BigFile sayg\u0131n bir sa\u011flay\u0131c\u0131 m\u0131 de\u011fil mi, cevab\u0131 Multihoster.org'daki mevcut testte bulabilirsiniz \u279c \u015eimdi t\u0131klay\u0131n \u271a deneyimlerimizi okumak i\u00e7in!","og_url":"https:\/\/multihoster.org\/tr\/bigfile\/","og_site_name":"Multihoster.org","article_modified_time":"2020-04-15T14:57:20+00:00","og_image":[{"url":"https:\/\/multihoster.org\/wp-content\/uploads\/2020\/04\/pasted-image-0-1-e1586947238554.png"}],"twitter_card":"summary","twitter_misc":{"Tahmini okuma s\u00fcresi":"7 dakika"},"schema":{"@context":"https:\/\/schema.org","@graph":[{"@type":"WebSite","@id":"https:\/\/multihoster.org\/#website","url":"https:\/\/multihoster.org\/","name":"Multihoster.org","description":"Reviews of the major Filehosting services","potentialAction":[{"@type":"SearchAction","target":{"@type":"EntryPoint","urlTemplate":"https:\/\/multihoster.org\/?s={search_term_string}"},"query-input":"required name=search_term_string"}],"inLanguage":"tr"},{"@type":"ImageObject","@id":"https:\/\/multihoster.org\/tr\/bigfile\/#primaryimage","inLanguage":"tr","url":"https:\/\/multihoster.org\/wp-content\/uploads\/2020\/04\/pasted-image-0-1-e1586947238554.png","contentUrl":"https:\/\/multihoster.org\/wp-content\/uploads\/2020\/04\/pasted-image-0-1-e1586947238554.png","width":250,"height":114,"caption":"BigFile logo"},{"@type":"WebPage","@id":"https:\/\/multihoster.org\/tr\/bigfile\/#webpage","url":"https:\/\/multihoster.org\/tr\/bigfile\/","name":"BigFile Premium Hesap: Bir Bak\u0131\u015fta Filehoster","isPartOf":{"@id":"https:\/\/multihoster.org\/#website"},"primaryImageOfPage":{"@id":"https:\/\/multihoster.org\/tr\/bigfile\/#primaryimage"},"datePublished":"2020-04-15T10:37:30+00:00","dateModified":"2020-04-15T14:57:20+00:00","description":"BigFile sayg\u0131n bir sa\u011flay\u0131c\u0131 m\u0131 de\u011fil mi, cevab\u0131 Multihoster.org'daki mevcut testte bulabilirsiniz \u279c \u015eimdi t\u0131klay\u0131n \u271a deneyimlerimizi okumak i\u00e7in!","breadcrumb":{"@id":"https:\/\/multihoster.org\/tr\/bigfile\/#breadcrumb"},"inLanguage":"tr","potentialAction":[{"@type":"ReadAction","target":["https:\/\/multihoster.org\/tr\/bigfile\/"]}]},{"@type":"BreadcrumbList","@id":"https:\/\/multihoster.org\/tr\/bigfile\/#breadcrumb","itemListElement":[{"@type":"ListItem","position":1,"name":"Startseite","item":"https:\/\/multihoster.org\/tr\/"},{"@type":"ListItem","position":2,"name":"BigFile Premium Hesap: Bir Bak\u0131\u015fta Filehoster"}]}]}},"_links":{"self":[{"href":"https:\/\/multihoster.org\/tr\/wp-json\/wp\/v2\/pages\/3603"}],"collection":[{"href":"https:\/\/multihoster.org\/tr\/wp-json\/wp\/v2\/pages"}],"about":[{"href":"https:\/\/multihoster.org\/tr\/wp-json\/wp\/v2\/types\/page"}],"author":[{"embeddable":true,"href":"https:\/\/multihoster.org\/tr\/wp-json\/wp\/v2\/users\/2"}],"replies":[{"embeddable":true,"href":"https:\/\/multihoster.org\/tr\/wp-json\/wp\/v2\/comments?post=3603"}],"version-history":[{"count":1,"href":"https:\/\/multihoster.org\/tr\/wp-json\/wp\/v2\/pages\/3603\/revisions"}],"predecessor-version":[{"id":3665,"href":"https:\/\/multihoster.org\/tr\/wp-json\/wp\/v2\/pages\/3603\/revisions\/3665"}],"wp:attachment":[{"href":"https:\/\/multihoster.org\/tr\/wp-json\/wp\/v2\/media?parent=3603"}],"curies":[{"name":"wp","href":"https:\/\/api.w.org\/{rel}","templated":true}]}}