{"id":3690,"date":"2020-04-15T15:38:06","date_gmt":"2020-04-15T15:38:06","guid":{"rendered":"https:\/\/multihoster.org\/extmatrix\/"},"modified":"2020-06-01T11:19:06","modified_gmt":"2020-06-01T11:19:06","slug":"extmatrix","status":"publish","type":"page","link":"https:\/\/multihoster.org\/tr\/extmatrix\/","title":{"rendered":"ExtMatrix Premium Hesap: Bir Bak\u0131\u015fta Filehoster"},"content":{"rendered":"\n<div class=\"wp-block-image\"><figure class=\"aligncenter\"><img src=\"https:\/\/lh6.googleusercontent.com\/ajXxtb78K0qOd80BT2Q0PmNLZ9CoZlNY06w5CnxkVhNTnHG9z_D201mJ-ybLmNBhDo72X1tR4N2dV7HBQXJH5eBBn0pSUXFfou4Jme-DHtzgqVWP2YK2erUAvolG8u27ou0oqD7a\" alt=\"ExtMatrix logo\"\/><\/figure><\/div>\n\n\n<a class=\"maxbutton-2 maxbutton maxbutton-cta\" target=\"_blank\" rel=\"nofollow noopener\" href=\"\/go\/\"><span class='mb-text'>&gt;&gt; Orijinal Linkifier Web Sitesine Git<\/span><\/a>\n\n\n<h2>ExtMatrix nedir?<\/h2>\n\n\n\n<p>ExtMatrix, g\u00f6r\u00fcnt\u00fcler, m\u00fczik, filmler, belgeler, s\u0131k\u0131\u015ft\u0131r\u0131lm\u0131\u015f dosyalar ve daha fazlas\u0131 dahil olmak \u00fczere farkl\u0131 t\u00fcrde verileri kaydederek kullanabilece\u011finiz bir \u00e7evrimi\u00e7i bulut depolama platformudur. Saklad\u0131\u011f\u0131n\u0131z ve saklad\u0131\u011f\u0131n\u0131z t\u00fcm verilere, d\u00fcnyan\u0131n neresine giderseniz gidin, eri\u015febileceksiniz. Bu nedenle, \u00e7ok uygun fiyatl\u0131 ve g\u00fcvenilir bir dosya depolama alan\u0131na ihtiyac\u0131n\u0131z varsa, ExtMatrix sizin i\u00e7in do\u011fru platformdur. Son zamanlarda kullan\u0131c\u0131lar taraf\u0131ndan bildirilen etkin bir tehdit yok, ExtMatrix g\u00fcvenli ve g\u00f6z atmak i\u00e7in g\u00fcvenli.<\/p>\n\n\n\n<ul><li><strong>Dosya bar\u0131nd\u0131rma <br><\/strong>Dosya bar\u0131nd\u0131rma, dosyalar\u0131n\u0131z\u0131 ba\u015fka birinin sunucusuna y\u00fcklemenize ve y\u00f6netmenize yard\u0131mc\u0131 olan bir hizmettir. Ger\u00e7ek bir sunucuda bar\u0131nd\u0131r\u0131labilir veya bulut depolama alan\u0131 kullanabilir &#8211; ayn\u0131 sonu\u00e7 olur. Belgelerinizi sunucuya y\u00fcklersiniz. Ve onlar\u0131 \u00e7\u0131kar\u0131ncaya kadar kalacakt\u0131r (dosyalar\u0131n\u0131z \u015firket taraf\u0131ndan \u015fartlar\u0131n\u0131 ve ko\u015fullar\u0131n\u0131 ihlal etmi\u015f olabilece\u011fi i\u00e7in elenir. <br><\/li><li><strong>Dosya payla\u015f\u0131m\u0131 <br><\/strong>Bir dosya da\u011f\u0131t\u0131m hizmeti bir t\u00fcr dosya bar\u0131nd\u0131rma olarak g\u00f6r\u00fcnt\u00fclenebilir. Dosya payla\u015f\u0131m\u0131 ile, yaln\u0131zca dosyalar\u0131n\u0131z\u0131 \u015firketin sunucular\u0131na y\u00fckleme ve bak\u0131m\u0131n\u0131 yapma hakk\u0131na sahip olursunuz, ayn\u0131 zamanda di\u011fer ki\u015filere bir indirme ba\u011flant\u0131s\u0131 da verirsiniz. Bu indirme ba\u011flant\u0131s\u0131na sahip olanlar, di\u011fer kullan\u0131c\u0131lar dosyan\u0131z\u0131 kullanmak i\u00e7in alabilir ve indirebilir. <br><\/li><li><strong>Desteklenen web taray\u0131c\u0131lar\u0131 <br><\/strong>1. Google chrome (\u00f6nemle tavsiye edilir)<br>2. Mozilla Firefox (\u00f6nerilir)<br>3. Microsoft Edge<br>4. Safari<\/li><\/ul>\n\n\n\n<h3>Neden ExtMatrix&#8217;i se\u00e7melisiniz?<\/h3>\n\n\n\n<p>ExtMatrix, ExtMatrix Premium Hesaplar\u0131 i\u00e7in fantastik hizmet ve iyi fiyatlar sunan en pop\u00fcler Dosya Bar\u0131nd\u0131rma Sat\u0131c\u0131s\u0131d\u0131r, birincil sorumlulu\u011fu onu takip etmektir. Daha h\u0131zl\u0131 yan\u0131t ve zaman\u0131nda \u00e7\u00f6z\u00fcmler ile m\u00fc\u015fterilerimizle olan ili\u015fkimizi geli\u015ftirmek ve geli\u015ftirmek i\u00e7in Canl\u0131 Destek arac\u0131l\u0131\u011f\u0131yla en iyi profesyonel Teknik destek ekiplerini se\u00e7tik. M\u00fc\u015fteriler \u00fcr\u00fcnleri hakk\u0131nda sohbet edebilir ve ihtiya\u00e7lar\u0131na g\u00f6re an\u0131nda \u00e7\u00f6z\u00fcmler elde edebilir, d\u00fcnyan\u0131n her yerinden kullan\u0131c\u0131lar\u0131n kay\u0131tlar\u0131n\u0131 istedikleri g\u00fcnde denetlemelerine yard\u0131mc\u0131 olur. \u00d6zellikle \u00f6\u011frenciler ve i\u015fadamlar\u0131 i\u00e7in insanlar i\u00e7in \u00e7ok yararl\u0131 ve kullan\u0131\u015fl\u0131d\u0131r, \u00e7\u00fcnk\u00fc dosyalar\u0131n\u0131 herhangi bir flash s\u00fcr\u00fcc\u00fcye, haf\u0131za kart\u0131na veya harici sabit s\u00fcr\u00fcc\u00fcye ihtiya\u00e7 duymadan kaydedebilir, indirebilir ve ta\u015f\u0131yabilirler, ancak elbette internet yard\u0131m\u0131yla herhangi bir yerde ba\u011flant\u0131. Grup, h\u0131zl\u0131, korumal\u0131 ve g\u00fcvenli dosya y\u00fcr\u00fctme hizmetleri arayan kullan\u0131c\u0131lara dahil hizmetleri g\u00f6nderebilir.<\/p>\n\n\n\n<h3>ExtMatrix \u00f6zellikleri hakk\u0131nda daha fazla bilgi edinin<\/h3>\n\n\n\n<ol><li>Video, ses, g\u00f6r\u00fcnt\u00fc veya belgeler gibi \u00e7e\u015fitli formatlar\u0131 koruyoruz.<\/li><li>Belgeleri zahmetsizce y\u00f6netebilen harika bir dosya d\u00fczenleyici i\u00e7eriyordu.<\/li><li>Premium \u00fcyelik, s\u0131n\u0131rs\u0131z ve kay\u0131tlar\u0131n\u0131z\u0131n son deposu olmadan sizi rahats\u0131z eden hi\u00e7bir reklam olmadan en iyi indirme h\u0131zlar\u0131na sahip olacakt\u0131r.<\/li><\/ol>\n\n\n\n<h2>ExtMatrix&#8217;in \u00d6zellikleri<\/h2>\n\n\n\n<h3>Kullan\u0131c\u0131 Paneli<\/h3>\n\n\n\n<p>Kullan\u0131c\u0131 paneli a\u015fa\u011f\u0131dakilerden olu\u015fur:<\/p>\n\n\n\n<ul><li><strong>G\u00f6sterge Tablosu<\/strong> &#8211; Bu, ge\u00e7erli kullan\u0131c\u0131 durumunu, toplam indirme say\u0131s\u0131n\u0131, dosya ve depolama alan\u0131n\u0131 g\u00f6sterir.<\/li><li><strong>Dosya Y\u00f6neticisi <\/strong>&#8211; Bu, kullan\u0131c\u0131n\u0131n ExtMatrix sitesindeki klas\u00f6rlerini ve dosyalar\u0131n\u0131 y\u00f6netti\u011fi sayfad\u0131r; bu, kullan\u0131c\u0131n\u0131n olu\u015fturdu\u011fu klas\u00f6rleri ve eklenen dosyalar\u0131 (etkin ve etkin olmayan dosyalar), klas\u00f6r\u00fc veya dosya boyutunu, i\u00e7erik t\u00fcr\u00fcn\u00fc i\u00e7erir , bu klas\u00f6rlerin ve dosyalar\u0131n ba\u011flant\u0131lar\u0131n\u0131, y\u00fckleme tarih saatini ve bir klas\u00f6r veya dosyan\u0131n indirilme say\u0131s\u0131n\u0131 g\u00f6sterir.<\/li><li><strong>\u00c7oklu y\u00fckleme<\/strong> &#8211; Bir kullan\u0131c\u0131 herhangi bir dosya t\u00fcr\u00fcnde birden fazla dosya y\u00fckleyebilir. Openload sitesine yeni ekledi\u011finiz dosyalar\u0131 y\u00fcklemek i\u00e7in &#8220;dosya ekle&#8221; yi ve &#8220;Y\u00fcklemeyi Ba\u015flat&#8221; d\u00fc\u011fmesini t\u0131klaman\u0131z yeterlidir.<\/li><li><strong>Kullan\u0131c\u0131 ayarlar\u0131<\/strong> &#8211; Bu, kullan\u0131c\u0131lar\u0131n hesaplar\u0131n\u0131 ve bilgilerini y\u00f6netti\u011fi yerdir.<\/li><li><strong>D\u00f6n\u00fc\u015f\u00fcm ayarlar\u0131 <\/strong>&#8211; Buras\u0131, bir video i\u00e7in d\u00f6n\u00fc\u015ft\u00fcrmenin ayarland\u0131\u011f\u0131 yerdir ve kullan\u0131c\u0131 taraf\u0131ndan ak\u0131\u015f ger\u00e7ekle\u015ftirildi\u011finde videonun kalitesini kullan\u0131c\u0131n\u0131n ayarlar\u0131nda \u00f6nceden ayarlay\u0131p kaydetti\u011fi \u00e7\u00f6z\u00fcn\u00fcrl\u00fc\u011fe otomatik olarak d\u00f6n\u00fc\u015ft\u00fcr\u00fcr.<\/li><\/ul>\n\n\n\n<h3>Y\u00fcklemeler<\/h3>\n\n\n\n<p>\u015eimdi dosya y\u00fcklemek zahmetsizdir!<\/p>\n\n\n\n<p>ExtMatrix, hayat\u0131n\u0131z\u0131 kolayla\u015ft\u0131rmak i\u00e7in dosyalar\u0131n\u0131z\u0131 saklaman\u0131za ve d\u00fczenlemenize yard\u0131mc\u0131 olmak i\u00e7in burada. ExtMatrix, y\u00fcklemeyi daha h\u0131zl\u0131 hale getirecek basit bir s\u00fcr\u00fckle ve b\u0131rak \u00f6zelli\u011fine sahiptir. Ayr\u0131ca farkl\u0131 dosya t\u00fcrlerine sahip \u00e7ok say\u0131da \u00f6zel dosyan\u0131n y\u00fcklenmesini destekler.<\/p>\n\n\n\n<p>Kullan\u0131c\u0131lar klas\u00f6rlerini veya dosyalar\u0131n\u0131 cihazlar\u0131ndan s\u00fcr\u00fckleyip ExtMatrix dosyalar\u0131na b\u0131rakabilirler. Bundan sonra, ExtMatrix klas\u00f6r\u00fcn veya dosyan\u0131n t\u00fcm i\u00e7eri\u011fini sizin i\u00e7in y\u00fckleyecektir.<\/p>\n\n\n\n<p>Mobil ayg\u0131tlar kullanarak dosya veya klas\u00f6r y\u00fcklemek, &#8220;Payla\u015f&#8221; se\u00e7ene\u011fini kullanabilir ve do\u011frudan kullan\u0131c\u0131n\u0131n ExtMatrix hesab\u0131na y\u00fcklemek i\u00e7in ExtMatrix&#8217;i se\u00e7ebilir, daha sonra ExtMatrix sitesine gidip dosyan\u0131z\u0131 y\u00fcklemeyi deneyebilirsiniz<\/p>\n\n\n\n<p><strong>ExtMatrix&#8217;e y\u00fcklenebilecek dosya t\u00fcrleri a\u015fa\u011f\u0131dad\u0131r:<\/strong><\/p>\n\n\n\n<ul><li>M\u00fczik veya Ses<\/li><li>Videolar<\/li><li>Uygulamalar ve Oyunlar<\/li><li>Kitaplar veya E-kitaplar<\/li><li>Ar\u015fiv veya S\u0131k\u0131\u015ft\u0131r\u0131lm\u0131\u015f<\/li><\/ul>\n\n\n<a class=\"maxbutton-2 maxbutton maxbutton-cta\" target=\"_blank\" rel=\"nofollow noopener\" href=\"\/go\/\"><span class='mb-text'>&gt;&gt; Orijinal Linkifier Web Sitesine Git<\/span><\/a>\n\n\n<h3>\u0130ndirilenler<\/h3>\n\n\n\n<p>Kullan\u0131c\u0131lar, ExtMatrix sitesinden, e-posta ve sosyal medyadan veya dosyalar i\u00e7in verilen ExtMatrix ba\u011flant\u0131s\u0131n\u0131 kullanarak dosyay\u0131 herhangi bir yerden kolayca indirebilir. Kullan\u0131c\u0131lar\u0131n ba\u011flant\u0131y\u0131 t\u0131klamalar\u0131 yeterlidir ve indirilmek \u00fczere dosyaya y\u00f6nlendirilirler.<\/p>\n\n\n\n<h3>Payla\u015f\u0131m<\/h3>\n\n\n\n<p>Ba\u011flant\u0131ya yaln\u0131zca sahip ve payla\u015f\u0131lan kullan\u0131c\u0131 taraf\u0131ndan eri\u015filebilir. Bu genellikle \u00f6zel veya ki\u015fisel \u00e7al\u0131\u015fma dosyalar\u0131 i\u00e7in kullan\u0131l\u0131r.<\/p>\n\n\n\n<h3>Giri\u015f<\/h3>\n\n\n\n<p>Kullan\u0131c\u0131lar, a\u015fa\u011f\u0131daki hizmetlere eri\u015fim ve kullan\u0131mdan tamamen sorumludur. Kullan\u0131c\u0131lar ayr\u0131ca android telefonlar, ios, masa\u00fcst\u00fc veya diz\u00fcst\u00fc bilgisayar kullanarak dosyalara eri\u015febilir.<\/p>\n\n\n\n<h3>Veri<\/h3>\n\n\n\n<p>Kullan\u0131c\u0131lar\u0131n sunucularda depolanan veriler i\u00e7in tek sorumlulu\u011fu vard\u0131r. Kullan\u0131c\u0131, olu\u015fturdu\u011fu ba\u011flant\u0131 \u00fczerinden verilerini kontrol eder.<\/p>\n\n\n\n<h3>Bildirimler<\/h3>\n\n\n\n<p>Kullan\u0131c\u0131lar, kullan\u0131c\u0131n\u0131n hesab\u0131n\u0131n veya verilerinin yetkisiz olarak kullan\u0131ld\u0131\u011f\u0131n\u0131 belirten herhangi bir etkinlik fark edip etmedi\u011fini hemen bildirir.<\/p>\n\n\n\n<h2>ExtMatrix&#8217;in Avantajlar\u0131<\/h2>\n\n\n\n<figure class=\"wp-block-table\"><table><tbody><tr><td>\u00f6zellik<\/td><td>Premium<\/td><td>Bedava<\/td><\/tr><tr><td>\u0130ndirme h\u0131z\u0131<\/td><td>S\u0131n\u0131rs\u0131z<\/td><td>100kb\/s<\/td><\/tr><tr><td>Dosya boyutunu y\u00fckle<\/td><td>10.00 GB<\/td><td>250.00 MB<\/td><\/tr><tr><td>Dosya boyutu mevcut<\/td><td>S\u0131n\u0131rs\u0131z<\/td><td>100.00 GB<\/td><\/tr><tr><td>Aktif olmayan dosyalar silinecektir<\/td><td>Asla<\/td><td>30 g\u00fcn(s)<\/td><\/tr><\/tbody><\/table><\/figure>\n\n\n\n<h2>ExtMatrix Premium Hesab\u0131 nas\u0131l sat\u0131n al\u0131n\u0131r?<\/h2>\n\n\n\n<ol><li>Ge\u00e7erli olan herhangi bir g\u00fcn\u00fc se\u00e7in.<\/li><li>PayPal&#8217;\u0131 se\u00e7in veya \u015fimdi sat\u0131n al\u0131n se\u00e7imini yap\u0131n<\/li><li>Daha sonra \u00f6demelere y\u00f6nlendirileceksiniz.<\/li><li>\u00d6deme i\u00e7in Paypal hesab\u0131n\u0131za ba\u011fl\u0131 ge\u00e7erli e-posta adresinizi kullan\u0131n<\/li><li>PayPal arac\u0131l\u0131\u011f\u0131yla Visa, MasterCard, AMEX ve JCB gibi kredi \/ banka kartlar\u0131 gibi kullanabilece\u011finiz baz\u0131 \u00f6deme y\u00f6ntemleri vard\u0131r.<\/li><li>\u00dccret ba\u015far\u0131l\u0131 oldu\u011funda, size gelen kutunuzda veya spam iletilerinizde bir onay e-postas\u0131 g\u00f6nderir.<\/li><\/ol>\n\n\n\n<figure class=\"wp-block-table\"><table><tbody><tr><td>Paket Plan\u0131<\/td><td>ExtMatrix Premium Paketi 30 g\u00fcn<\/td><td>ExtMatrix Premium Paketi 90 g\u00fcn<\/td><td>ExtMatrix Premium Paketi 180 g\u00fcn<\/td><td>ExtMatrix Premium Paketi 365 g\u00fcn<\/td><\/tr><tr><td>G\u00fcn say\u0131s\u0131<\/td><td>30 g\u00fcn<\/td><td>90 g\u00fcn<br><strong>EN \u00c7OK SATAN K\u0130TAP<\/strong><\/td><td>180 g\u00fcn<\/td><td>365 g\u00fcn<br><strong>EN \u00c7OK SATAN K\u0130TAP<\/strong><\/td><\/tr><tr><td>Paket ba\u015f\u0131na maliyet<\/td><td>15 dollars<\/td><td>35 dollars<\/td><td>56 dollars<\/td><td>90 dollars<\/td><\/tr><tr><td>\u00d6deme metodlar\u0131<\/td><td>Paypal, MasterCard, Visa, Amex<\/td><td>Paypal, MasterCard, Visa, Amex<\/td><td>Paypal, MasterCard, Visa, Amex<\/td><td>Paypal, MasterCard, Visa, Amex<\/td><\/tr><\/tbody><\/table><\/figure>\n\n\n\n<p>Not: Di\u011fer ExtMatrix \u00f6deme y\u00f6ntemleri hakk\u0131nda daha fazla bilgi i\u00e7in destek ekibiyle ileti\u015fime ge\u00e7ebilirsiniz.<\/p>\n\n\n\n<p>ExtMatrix ana sayfas\u0131n\u0131n toplam boyutu 275,9 kb&#8217;dir. Bu etki, ilk 1 milyon web sitesinden daha fazla d\u00fc\u015f\u00fcyor ve y\u00fcklenmesi uzun s\u00fcrebilen b\u00fcy\u00fck ve optimize edilmemi\u015f bir web sayfas\u0131n\u0131 tan\u0131mlar. Web sitelerinin% 25&#8217;inin y\u00fcklenmesi i\u00e7in daha az kayna\u011fa ihtiyac\u0131 var. JavaScript, site hacminin ana ak\u0131m\u0131n\u0131 olu\u015fturan 244,1 kb al\u0131r.<\/p>\n\n\n\n<h2>ExtMatrix Optimizasyonu<\/h2>\n\n\n\n<p><strong>HTML optimizasyonu <\/strong>&#8211; HTML i\u00e7eri\u011fi bir web sitesinin sunucusu taraf\u0131ndan k\u0131salt\u0131labilir ve s\u0131k\u0131\u015ft\u0131r\u0131labilir. En yetenekli yol, GZIP kullanarak i\u00e7eri\u011fi s\u0131k\u0131\u015ft\u0131rmak ve bu da sunucu ve taray\u0131c\u0131 aras\u0131ndaki a\u011f \u00fczerinden dola\u015fan bilgi miktar\u0131n\u0131 azaltmakt\u0131r. Bu sayfadaki sistem olduk\u00e7a basitle\u015ftirilmi\u015ftir. Bu sitenin i\u00e7eri\u011finin s\u0131k\u0131\u015ft\u0131r\u0131lmamas\u0131 gerekti\u011fi son derece \u00f6nerilir, orijinal boyutun 3,9 kb veya% 65&#8217;ine kadar tasarruf etmenizi sa\u011flar.<\/p>\n\n\n\n<ul><li>Orijinal &#8211; 6,0 kb<\/li><li>K\u00fc\u00e7\u00fcltmeden sonra &#8211; 5.6 kb<\/li><li>S\u0131k\u0131\u015ft\u0131rmadan sonra &#8211; 2.1 kb<\/li><\/ul>\n\n\n\n<p><strong>G\u00f6r\u00fcnt\u00fc optimizasyonu<\/strong> &#8211; G\u00f6r\u00fcnt\u00fc optimizasyonu bir web sitesinin geli\u015ftirilmesine yard\u0131mc\u0131 olabilir. Tablo, optimizasyondan \u00f6nceki boyutlar aras\u0131ndaki de\u011fi\u015fimi g\u00f6stermektedir. A\u00e7\u0131k\u00e7as\u0131, ExtMatrix g\u00f6r\u00fcnt\u00fc optimizasyonu talep eder, b\u00f6ylece orijinal hacminin 7,7 kb veya% 51&#8217;ini tutacak, JPEG ve PNG simge optimizasyonu i\u00e7in en be\u011fenilen ve iyi organize edilmi\u015f ara\u00e7lar Jpegoptim ve PNG Crush&#8217;t\u0131r.<\/p>\n\n\n\n<ul><li>Orijinal &#8211; 15.0 kb<\/li><li>Optimizasyondan sonra &#8211; 7.3 kb<\/li><\/ul>\n\n\n\n<p><strong>JavaScript optimizasyonu<\/strong> &#8211; Web sitesinin y\u00fcr\u00fct\u00fclmesini iyile\u015ftirmek i\u00e7in JavaScript&#8217;i basitle\u015ftirmek daha iyidir, \u015fekil t\u00fcm JavaScriptlerin \u015fu andaki toplam miktar\u0131n\u0131 g\u00f6stermektedir. Revizyonu ve s\u0131k\u0131\u015ft\u0131rmas\u0131 tamamland\u0131ktan sonra, orijinal boyutun 177.4 kb veya% 73&#8217;\u00fcne kadar tutabilece\u011finden, t\u00fcm JavaScript kay\u0131tlar\u0131n\u0131n birlikte paketlenmesi ve basitle\u015ftirilmesi \u00e7ok \u00f6nerilir. Taray\u0131c\u0131, ExtMatrix&#8217;in en \u00f6nemli sayfas\u0131n\u0131 tamamen olu\u015fturmak i\u00e7in 16 CSS, JavaScript, AJAX ve fig\u00fcr gereksinimleri g\u00f6nderdi. Baz\u0131 JavaScript ve CSS ar\u015fivlerinin her kategoriye g\u00f6re birle\u015ftirilmesi gerekti\u011fini \u00f6neririz. Java Komut Dosyalar\u0131 i\u00e7in varl\u0131k gereksinimlerini 1&#8217;den 1&#8217;den hemen \u00f6nce azaltabilir ve sayfa y\u00fckleme s\u00fcresinin h\u0131z\u0131n\u0131 etkileyebilir.<\/p>\n\n\n\n<ul><li>Orijinal &#8211; 244.1 kb<\/li><li>De\u011fi\u015fiklikten sonra &#8211; 222.1 kb<\/li><li>S\u0131k\u0131\u015ft\u0131rmadan sonra &#8211; 66.7 kb<\/li><\/ul>\n\n\n\n<p><strong>CSS optimizasyonu <\/strong>&#8211; CSS dosya de\u011fi\u015fikli\u011fi, bir web sayfas\u0131 olu\u015fturma s\u00fcresini azaltmak i\u00e7in \u00e7ok \u00f6nemlidir. Daha h\u0131zl\u0131 CSS dosyalar\u0131 y\u00fcklenebilir, \u00f6nceki sayfa olu\u015fturulabilir. ExtMatrix, orijinal boyutun 8,4 kb veya% 78&#8217;ine kadar tasarruf sa\u011flayabildi\u011fi i\u00e7in t\u00fcm CSS dosyalar\u0131n\u0131n k\u00fc\u00e7\u00fclt\u00fclmesini ve s\u0131k\u0131\u015ft\u0131r\u0131lmas\u0131n\u0131 gerektirir.<\/p>\n\n\n\n<ul><li>Orijinal &#8211; 10.7 kb<\/li><li>K\u00fc\u00e7\u00fcltmeden sonra &#8211; 8.2 kb<\/li><li>S\u0131k\u0131\u015ft\u0131rmadan sonra &#8211; 2.3 kb<\/li><\/ul>\n\n\n\n<h2>S\u0131k Sorulan Sorular (SSS)<\/h2>\n\n\n\n<h3><strong>ExtMatrix premium hesab\u0131 nedir?<\/strong><\/h3>\n\n\n\n<p>Premium Hesap ile dosyalar\u0131n\u0131z\u0131 herhangi bir bekleme s\u00fcresi ve limiti olmadan saklayabilir ve bunlara eri\u015febilirsiniz. Bir ExtMatrix Ba\u011flant\u0131s\u0131 a\u00e7t\u0131\u011f\u0131n\u0131zda \u0130ndirme otomatik olarak ba\u015flayacakt\u0131r!<\/p>\n\n\n\n<h3><strong>Etkin olmayan dosyalar\u0131 siliyor musunuz?<\/strong><\/h3>\n\n\n\n<p>Evet, 30 g\u00fcnl\u00fck i\u015flem yap\u0131lmad\u0131\u011f\u0131nda. Premium kullan\u0131c\u0131 olarak y\u00fcklenen dosyalar silinmeyecek, bu nedenle ExtMatrix premium&#8217;unuzu \u015fimdi almaya ba\u015flay\u0131n!<\/p>\n\n\n\n<h3><strong>\u0130ndirmek istedi\u011fim dosyalar\u0131 ExtMatrix sunucular\u0131nda arayabilir miyim?<\/strong><\/h3>\n\n\n\n<p>Hay\u0131r! T\u00fcm kullan\u0131c\u0131lar\u0131n gizlili\u011fini koruyoruz. Yaln\u0131zca ExtMatrix&#8217;te dosya saklayan ki\u015fi dosyas\u0131na eri\u015febilir.<\/p>\n\n\n<a class=\"maxbutton-2 maxbutton maxbutton-cta\" target=\"_blank\" rel=\"nofollow noopener\" href=\"\/go\/\"><span class='mb-text'>&gt;&gt; Orijinal Linkifier Web Sitesine Git<\/span><\/a>","protected":false},"excerpt":{"rendered":"<p>ExtMatrix nedir? ExtMatrix, g\u00f6r\u00fcnt\u00fcler, m\u00fczik, filmler, belgeler, s\u0131k\u0131\u015ft\u0131r\u0131lm\u0131\u015f dosyalar ve daha fazlas\u0131 dahil olmak \u00fczere farkl\u0131 t\u00fcrde verileri kaydederek kullanabilece\u011finiz<\/p>\n","protected":false},"author":2,"featured_media":0,"parent":0,"menu_order":0,"comment_status":"closed","ping_status":"closed","template":"","meta":[],"yoast_head":"<!-- This site is optimized with the Yoast SEO plugin v18.3 - https:\/\/yoast.com\/wordpress\/plugins\/seo\/ -->\n<title>ExtMatrix Premium Hesap \u2013 Bir Bak\u0131\u015fta Filehoster<\/title>\n<meta name=\"description\" content=\"ExtMatrix sayg\u0131n bir sa\u011flay\u0131c\u0131 m\u0131 de\u011fil mi, cevab\u0131 Multihoster.org&#039;daki mevcut testte bulabilirsiniz \u279c \u015eimdi t\u0131klay\u0131n \u271a deneyimlerimizi okumak i\u00e7in!\" \/>\n<meta name=\"robots\" content=\"index, follow, max-snippet:-1, max-image-preview:large, max-video-preview:-1\" \/>\n<link rel=\"canonical\" href=\"https:\/\/multihoster.org\/tr\/extmatrix\/\" \/>\n<meta property=\"og:locale\" content=\"tr_TR\" \/>\n<meta property=\"og:type\" content=\"article\" \/>\n<meta property=\"og:title\" content=\"ExtMatrix Premium Hesap \u2013 Bir Bak\u0131\u015fta Filehoster\" \/>\n<meta property=\"og:description\" content=\"ExtMatrix sayg\u0131n bir sa\u011flay\u0131c\u0131 m\u0131 de\u011fil mi, cevab\u0131 Multihoster.org&#039;daki mevcut testte bulabilirsiniz \u279c \u015eimdi t\u0131klay\u0131n \u271a deneyimlerimizi okumak i\u00e7in!\" \/>\n<meta property=\"og:url\" content=\"https:\/\/multihoster.org\/tr\/extmatrix\/\" \/>\n<meta property=\"og:site_name\" content=\"Multihoster.org\" \/>\n<meta property=\"article:modified_time\" content=\"2020-06-01T11:19:06+00:00\" \/>\n<meta property=\"og:image\" content=\"https:\/\/lh6.googleusercontent.com\/ajXxtb78K0qOd80BT2Q0PmNLZ9CoZlNY06w5CnxkVhNTnHG9z_D201mJ-ybLmNBhDo72X1tR4N2dV7HBQXJH5eBBn0pSUXFfou4Jme-DHtzgqVWP2YK2erUAvolG8u27ou0oqD7a\" \/>\n<meta name=\"twitter:card\" content=\"summary\" \/>\n<meta name=\"twitter:label1\" content=\"Tahmini okuma s\u00fcresi\" \/>\n\t<meta name=\"twitter:data1\" content=\"9 dakika\" \/>\n<script type=\"application\/ld+json\" class=\"yoast-schema-graph\">{\"@context\":\"https:\/\/schema.org\",\"@graph\":[{\"@type\":\"WebSite\",\"@id\":\"https:\/\/multihoster.org\/#website\",\"url\":\"https:\/\/multihoster.org\/\",\"name\":\"Multihoster.org\",\"description\":\"Reviews of the major Filehosting services\",\"potentialAction\":[{\"@type\":\"SearchAction\",\"target\":{\"@type\":\"EntryPoint\",\"urlTemplate\":\"https:\/\/multihoster.org\/?s={search_term_string}\"},\"query-input\":\"required name=search_term_string\"}],\"inLanguage\":\"tr\"},{\"@type\":\"ImageObject\",\"@id\":\"https:\/\/multihoster.org\/tr\/extmatrix\/#primaryimage\",\"inLanguage\":\"tr\",\"url\":\"https:\/\/lh6.googleusercontent.com\/ajXxtb78K0qOd80BT2Q0PmNLZ9CoZlNY06w5CnxkVhNTnHG9z_D201mJ-ybLmNBhDo72X1tR4N2dV7HBQXJH5eBBn0pSUXFfou4Jme-DHtzgqVWP2YK2erUAvolG8u27ou0oqD7a\",\"contentUrl\":\"https:\/\/lh6.googleusercontent.com\/ajXxtb78K0qOd80BT2Q0PmNLZ9CoZlNY06w5CnxkVhNTnHG9z_D201mJ-ybLmNBhDo72X1tR4N2dV7HBQXJH5eBBn0pSUXFfou4Jme-DHtzgqVWP2YK2erUAvolG8u27ou0oqD7a\"},{\"@type\":\"WebPage\",\"@id\":\"https:\/\/multihoster.org\/tr\/extmatrix\/#webpage\",\"url\":\"https:\/\/multihoster.org\/tr\/extmatrix\/\",\"name\":\"ExtMatrix Premium Hesap \u2013 Bir Bak\u0131\u015fta Filehoster\",\"isPartOf\":{\"@id\":\"https:\/\/multihoster.org\/#website\"},\"primaryImageOfPage\":{\"@id\":\"https:\/\/multihoster.org\/tr\/extmatrix\/#primaryimage\"},\"datePublished\":\"2020-04-15T15:38:06+00:00\",\"dateModified\":\"2020-06-01T11:19:06+00:00\",\"description\":\"ExtMatrix sayg\u0131n bir sa\u011flay\u0131c\u0131 m\u0131 de\u011fil mi, cevab\u0131 Multihoster.org'daki mevcut testte bulabilirsiniz \u279c \u015eimdi t\u0131klay\u0131n \u271a deneyimlerimizi okumak i\u00e7in!\",\"breadcrumb\":{\"@id\":\"https:\/\/multihoster.org\/tr\/extmatrix\/#breadcrumb\"},\"inLanguage\":\"tr\",\"potentialAction\":[{\"@type\":\"ReadAction\",\"target\":[\"https:\/\/multihoster.org\/tr\/extmatrix\/\"]}]},{\"@type\":\"BreadcrumbList\",\"@id\":\"https:\/\/multihoster.org\/tr\/extmatrix\/#breadcrumb\",\"itemListElement\":[{\"@type\":\"ListItem\",\"position\":1,\"name\":\"Startseite\",\"item\":\"https:\/\/multihoster.org\/tr\/\"},{\"@type\":\"ListItem\",\"position\":2,\"name\":\"ExtMatrix Premium Hesap: Bir Bak\u0131\u015fta Filehoster\"}]}]}<\/script>\n<!-- \/ Yoast SEO plugin. -->","yoast_head_json":{"title":"ExtMatrix Premium Hesap \u2013 Bir Bak\u0131\u015fta Filehoster","description":"ExtMatrix sayg\u0131n bir sa\u011flay\u0131c\u0131 m\u0131 de\u011fil mi, cevab\u0131 Multihoster.org'daki mevcut testte bulabilirsiniz \u279c \u015eimdi t\u0131klay\u0131n \u271a deneyimlerimizi okumak i\u00e7in!","robots":{"index":"index","follow":"follow","max-snippet":"max-snippet:-1","max-image-preview":"max-image-preview:large","max-video-preview":"max-video-preview:-1"},"canonical":"https:\/\/multihoster.org\/tr\/extmatrix\/","og_locale":"tr_TR","og_type":"article","og_title":"ExtMatrix Premium Hesap \u2013 Bir Bak\u0131\u015fta Filehoster","og_description":"ExtMatrix sayg\u0131n bir sa\u011flay\u0131c\u0131 m\u0131 de\u011fil mi, cevab\u0131 Multihoster.org'daki mevcut testte bulabilirsiniz \u279c \u015eimdi t\u0131klay\u0131n \u271a deneyimlerimizi okumak i\u00e7in!","og_url":"https:\/\/multihoster.org\/tr\/extmatrix\/","og_site_name":"Multihoster.org","article_modified_time":"2020-06-01T11:19:06+00:00","og_image":[{"url":"https:\/\/lh6.googleusercontent.com\/ajXxtb78K0qOd80BT2Q0PmNLZ9CoZlNY06w5CnxkVhNTnHG9z_D201mJ-ybLmNBhDo72X1tR4N2dV7HBQXJH5eBBn0pSUXFfou4Jme-DHtzgqVWP2YK2erUAvolG8u27ou0oqD7a"}],"twitter_card":"summary","twitter_misc":{"Tahmini okuma s\u00fcresi":"9 dakika"},"schema":{"@context":"https:\/\/schema.org","@graph":[{"@type":"WebSite","@id":"https:\/\/multihoster.org\/#website","url":"https:\/\/multihoster.org\/","name":"Multihoster.org","description":"Reviews of the major Filehosting services","potentialAction":[{"@type":"SearchAction","target":{"@type":"EntryPoint","urlTemplate":"https:\/\/multihoster.org\/?s={search_term_string}"},"query-input":"required name=search_term_string"}],"inLanguage":"tr"},{"@type":"ImageObject","@id":"https:\/\/multihoster.org\/tr\/extmatrix\/#primaryimage","inLanguage":"tr","url":"https:\/\/lh6.googleusercontent.com\/ajXxtb78K0qOd80BT2Q0PmNLZ9CoZlNY06w5CnxkVhNTnHG9z_D201mJ-ybLmNBhDo72X1tR4N2dV7HBQXJH5eBBn0pSUXFfou4Jme-DHtzgqVWP2YK2erUAvolG8u27ou0oqD7a","contentUrl":"https:\/\/lh6.googleusercontent.com\/ajXxtb78K0qOd80BT2Q0PmNLZ9CoZlNY06w5CnxkVhNTnHG9z_D201mJ-ybLmNBhDo72X1tR4N2dV7HBQXJH5eBBn0pSUXFfou4Jme-DHtzgqVWP2YK2erUAvolG8u27ou0oqD7a"},{"@type":"WebPage","@id":"https:\/\/multihoster.org\/tr\/extmatrix\/#webpage","url":"https:\/\/multihoster.org\/tr\/extmatrix\/","name":"ExtMatrix Premium Hesap \u2013 Bir Bak\u0131\u015fta Filehoster","isPartOf":{"@id":"https:\/\/multihoster.org\/#website"},"primaryImageOfPage":{"@id":"https:\/\/multihoster.org\/tr\/extmatrix\/#primaryimage"},"datePublished":"2020-04-15T15:38:06+00:00","dateModified":"2020-06-01T11:19:06+00:00","description":"ExtMatrix sayg\u0131n bir sa\u011flay\u0131c\u0131 m\u0131 de\u011fil mi, cevab\u0131 Multihoster.org'daki mevcut testte bulabilirsiniz \u279c \u015eimdi t\u0131klay\u0131n \u271a deneyimlerimizi okumak i\u00e7in!","breadcrumb":{"@id":"https:\/\/multihoster.org\/tr\/extmatrix\/#breadcrumb"},"inLanguage":"tr","potentialAction":[{"@type":"ReadAction","target":["https:\/\/multihoster.org\/tr\/extmatrix\/"]}]},{"@type":"BreadcrumbList","@id":"https:\/\/multihoster.org\/tr\/extmatrix\/#breadcrumb","itemListElement":[{"@type":"ListItem","position":1,"name":"Startseite","item":"https:\/\/multihoster.org\/tr\/"},{"@type":"ListItem","position":2,"name":"ExtMatrix Premium Hesap: Bir Bak\u0131\u015fta Filehoster"}]}]}},"_links":{"self":[{"href":"https:\/\/multihoster.org\/tr\/wp-json\/wp\/v2\/pages\/3690"}],"collection":[{"href":"https:\/\/multihoster.org\/tr\/wp-json\/wp\/v2\/pages"}],"about":[{"href":"https:\/\/multihoster.org\/tr\/wp-json\/wp\/v2\/types\/page"}],"author":[{"embeddable":true,"href":"https:\/\/multihoster.org\/tr\/wp-json\/wp\/v2\/users\/2"}],"replies":[{"embeddable":true,"href":"https:\/\/multihoster.org\/tr\/wp-json\/wp\/v2\/comments?post=3690"}],"version-history":[{"count":4,"href":"https:\/\/multihoster.org\/tr\/wp-json\/wp\/v2\/pages\/3690\/revisions"}],"predecessor-version":[{"id":4632,"href":"https:\/\/multihoster.org\/tr\/wp-json\/wp\/v2\/pages\/3690\/revisions\/4632"}],"wp:attachment":[{"href":"https:\/\/multihoster.org\/tr\/wp-json\/wp\/v2\/media?parent=3690"}],"curies":[{"name":"wp","href":"https:\/\/api.w.org\/{rel}","templated":true}]}}