{"id":3727,"date":"2020-04-16T09:00:53","date_gmt":"2020-04-16T09:00:53","guid":{"rendered":"https:\/\/multihoster.org\/tusfiles\/"},"modified":"2020-04-16T11:27:54","modified_gmt":"2020-04-16T11:27:54","slug":"tusfiles","status":"publish","type":"page","link":"https:\/\/multihoster.org\/tr\/tusfiles\/","title":{"rendered":"TusFiles Premium Hesap: Bir Bak\u0131\u015fta Filehoster"},"content":{"rendered":"\n<figure class=\"wp-block-image is-resized\"><img loading=\"lazy\" src=\"https:\/\/lh5.googleusercontent.com\/VhTENL6he9zdRkCtqxyngyJXAG-GUaCUa8ROTiJUAAon7ohctlpp5uCnm4DAJW_yRxhz0Thc2ByUcVr3_gEC7bCDlnPBxDcTWS4EHLx-6pXRxF1bm8XmzhKiPPkmoaUpaxbRwOg\" alt=\"TusFiles logo\" width=\"571\" height=\"191\"\/><\/figure>\n\n\n<a class=\"maxbutton-2 maxbutton maxbutton-cta\" target=\"_blank\" rel=\"nofollow noopener\" href=\"\/go\/\"><span class='mb-text'>&gt;&gt; Orijinal Linkifier Web Sitesine Git<\/span><\/a>\n\n\n<p><\/p>\n\n\n\n<h2>TusFiles Genel Bak\u0131\u015f<\/h2>\n\n\n\n<p>TusFiles, dosyalar i\u00e7in g\u00fcvenli ve \u00fccretsiz bar\u0131nd\u0131rma hizmetlerinden biridir. D\u00fcnya \u00e7ap\u0131nda ve t\u00fcm web taray\u0131c\u0131lar\u0131nda eri\u015filebilir. Bu sitenin kullan\u0131c\u0131lar\u0131 bir dosyan\u0131n eri\u015fimini, payla\u015f\u0131m\u0131n\u0131, kar\u015f\u0131ya y\u00fcklenmesini ve indirilmesini yapabilir.<\/p>\n\n\n\n<p>TusFiles \u00fc\u00e7 (3) Farkl\u0131 Hesap T\u00fcr\u00fcne sahiptir:<\/p>\n\n\n\n<ol><li>TusFiles Misafir Hesab\u0131 &#8211; Bu, kay\u0131tl\u0131 olmayan veya \u00fcyesi olmayan bir kullan\u0131c\u0131n\u0131n Tusfiles sitesine eri\u015fmesine izin verilen bir hesapt\u0131r, ancak konuk kullan\u0131c\u0131lar yaln\u0131zca s\u0131n\u0131rl\u0131 avantajlardan yararlanabilir ve TusFiles&#8217;in yaln\u0131zca s\u0131n\u0131rl\u0131 \u00f6zelliklerini ve hizmetlerini kullanabilir. \u0130ndirmeler, reklamlar ve CAPTCHA&#8217;lar i\u00e7in gecikmeler veya uzun bekleme s\u00fcreleri vard\u0131r.<\/li><li> TusFiles \u00dccretsiz Hesab\u0131 &#8211; Bu, kay\u0131tl\u0131 veya TusFiles \u00fcyesi olan bir kullan\u0131c\u0131n\u0131n Tusfiles sitesine eri\u015fmesine izin verilen bir hesapt\u0131r, ancak \u00fccretsiz kullan\u0131c\u0131lar yaln\u0131zca s\u0131n\u0131rl\u0131 avantajlardan yararlanabilir ve TusFiles&#8217;in \u00f6zelliklerinin ve hizmetlerinin \u00e7o\u011funu kullanabilir, ancak daha b\u00fcy\u00fck depolama kapasitesine ve misafir kullan\u0131c\u0131dan daha y\u00fcksek h\u0131za sahiptir. Ayr\u0131ca indirmeler, reklamlar ve CAPTCHA&#8217;lar i\u00e7in biraz gecikme veya k\u0131sa bir bekleme s\u00fcresi vard\u0131r.<\/li><li> TusFiles Premium Hesab\u0131 &#8211; Bu, TusFiles&#8217;daki hesab\u0131 i\u00e7in TusFiles Premium Planlar\u0131ndan birini sat\u0131n alan ve etkinle\u015ftiren bir kullan\u0131c\u0131n\u0131n hesab\u0131d\u0131r. Bir TusFiles premium hesap kullan\u0131c\u0131s\u0131n\u0131n, TusFiles&#8217;in t\u00fcm \u00f6zelliklerini ve hizmetlerini kullanma s\u0131n\u0131rlamas\u0131 olmadan Tusfiles sitesine eri\u015fmesine izin verilir. \u0130ndirmeler, reklamlar ve CAPTCHA&#8217;lar i\u00e7in gecikme veya bekleme s\u00fcresi yoktur.<\/li><\/ol>\n\n\n\n<h2>TusFiles Farkl\u0131 Hesaplar\u0131n \u00d6zellikleri<\/h2>\n\n\n\n<figure class=\"wp-block-table\"><table class=\"\"><tbody><tr><td><br>TusFiles&#8217;in \u00d6zellikleri<\/td><td>Dosya T\u00fcrleri<br> Ziyaret\u00e7i hesab\u0131<\/td><td>Dosya T\u00fcrleri<br> Bedava hesap<\/td><td>Dosya T\u00fcrleri<br> \u00d6zel hesap<\/td><\/tr><tr><td>Depolama alan\u0131 boyutu<\/td><td>1000 GB veya 1 TB<\/td><td>1000 GB veya 1 TB<\/td><td>1000 GB veya 1 TB<\/td><\/tr><tr><td>H\u0131z Oran\u0131<\/td><td>s\u0131n\u0131rl\u0131<\/td><td>s\u0131n\u0131rl\u0131<\/td><td>s\u0131n\u0131rs\u0131z<\/td><\/tr><tr><td>Bant Geni\u015fli\u011fi Oran\u0131<\/td><td>s\u0131n\u0131rl\u0131<\/td><td>s\u0131n\u0131rl\u0131<\/td><td>s\u0131n\u0131rs\u0131z<\/td><\/tr><tr><td>Y\u00fckleme say\u0131s\u0131<\/td><td>s\u0131n\u0131rl\u0131<\/td><td>s\u0131n\u0131rl\u0131<\/td><td>s\u0131n\u0131rs\u0131z<\/td><\/tr><tr><td>Dosyan\u0131n s\u00fcresinin dolmas\u0131<\/td><td>Bir dosyan\u0131n s\u00fcresi yedi (7) g\u00fcn sonra dolar<\/td><td>Bir dosyan\u0131n s\u00fcresi yedi (30) g\u00fcn sonra dolar<\/td><td>Bir dosyan\u0131n s\u00fcresinin dolmas\u0131 yok<\/td><\/tr><tr><td>Y\u00fckleme s\u0131ras\u0131nda dosya boyutu s\u0131n\u0131rl\u0131 m\u0131?<\/td><td>Evet<\/td><td>Evet<\/td><td>Hay\u0131r<\/td><\/tr><tr><td>Reklamlar\u0131 Var<\/td><td>Evet<\/td><td>Evet<\/td><td>Hay\u0131r<\/td><\/tr><tr><td>Bekleme s\u00fcresi var<\/td><td>Evet<\/td><td>Evet<\/td><td>Hay\u0131r<\/td><\/tr><tr><td>CAPTCHA&#8217;lar\u0131 var<\/td><td>Evet<\/td><td>Evet<\/td><td>Hay\u0131r<\/td><\/tr><tr><td>\u0130ndirmelerde gecikmeler var<\/td><td>Evet<\/td><td>Evet<\/td><td>Hay\u0131r<\/td><\/tr><tr><td>Do\u011frudan indirme \u00f6zelli\u011fi var<\/td><td>Hay\u0131r<\/td><td>Hay\u0131r<\/td><td>Evet<\/td><\/tr><tr><td>Kullan\u0131c\u0131lar bir dosyay\u0131 ayn\u0131 anda indirebilir mi?<\/td><td>Hay\u0131r<\/td><td>Hay\u0131r<\/td><td>Evet<\/td><\/tr><tr><td>Y\u00fcklemeler i\u00e7in h\u0131zland\u0131r\u0131c\u0131 kullan\u0131m\u0131<\/td><td>Hay\u0131r<\/td><td>Hay\u0131r<\/td><td>Evet<\/td><\/tr><tr><td>URL&#8217;leri kullanarak uzaktan y\u00fckleyebilir<\/td><td>Hay\u0131r<\/td><td>Hay\u0131r<\/td><td>Evet<\/td><\/tr><tr><td>\u0130ndirilenleri duraklatabilir<\/td><td>Evet<\/td><td>Evet<\/td><td>Evet<\/td><\/tr><tr><td>Ba\u015far\u0131s\u0131z indirmelere devam edebilir<\/td><td>Evet<\/td><td>Evet<\/td><td>Evet<\/td><\/tr><tr><td>Dosya Aktar\u0131m Protokol\u00fc&#8217;n\u00fc (FTP) kullanma eri\u015fimi var<\/td><td>Evet<\/td><td>Evet<\/td><td>Evet<\/td><\/tr><tr><td>G\u00fcvenli Yuva Katman\u0131 (SSL) g\u00fcvenli\u011fine sahiptir<\/td><td>Evet<\/td><td>Evet<\/td><td>Evet<\/td><\/tr><tr><td>Sat\u0131\u015f orta\u011f\u0131 sistemi var<\/td><td>Evet<\/td><td>Evet<\/td><td>Evet<\/td><\/tr><tr><td>TusFiles deste\u011fi var<\/td><td>Evet<\/td><td>Evet<\/td><td>Evet<\/td><\/tr><tr><td>G\u00fcvenli ve G\u00fcvenli mi?<\/td><td>Evet<\/td><td>Evet<\/td><td>Evet<\/td><\/tr><\/tbody><\/table><\/figure>\n\n\n\n<h2>TusFiles Hesap Maliyeti<\/h2>\n\n\n\n<figure class=\"wp-block-table\"><table class=\"\"><tbody><tr><td>TusFiles Hesap Fiyatlar\u0131<\/td><td>TusDosya T\u00fcrleri Misafir Hesab\u0131<\/td><td>Dosya T\u00fcrleri Bedava hesap<\/td><td>Dosya T\u00fcrleri<br> \u00d6zel hesap<\/td><\/tr><tr><td>Ayl\u0131k fiyat:<\/td><td>00,00 USD<\/td><td>00,00 USD<\/td><td>TusFile Premium Hesap Plan\u0131na ba\u011fl\u0131d\u0131r<\/td><\/tr><\/tbody><\/table><\/figure>\n\n\n\n<h2>TusFiles Premium Hesap Paketleri<\/h2>\n\n\n\n<figure class=\"wp-block-table\"><table class=\"\"><tbody><tr><td>G\u00fcnler<\/td><td>Fiyat<\/td><td>G\u00fcvenli ve G\u00fcvenli mi?<\/td><\/tr><tr><td>7<\/td><td>6,50 USD<\/td><td>Evet<\/td><\/tr><tr><td>30<\/td><td>13,99 USD<\/td><td>Evet<\/td><\/tr><tr><td>60<\/td><td>15,99 USD<\/td><td>Evet<\/td><\/tr><tr><td>90<\/td><td>21.99 USD (Sat\u0131\u015f!)<\/td><td>Evet<\/td><\/tr><tr><td>180<\/td><td>32.99 USD (Orijinal fiyat 34.99)<\/td><td>Evet<\/td><\/tr><tr><td>365<\/td><td>53,99 USD<\/td><td>Evet<\/td><\/tr><\/tbody><\/table><\/figure>\n\n\n\n<p>TusFiles Premium Hesab\u0131&#8217;n\u0131n plan\u0131n\u0131 \u00f6demek h\u0131zl\u0131 ve kolayd\u0131r. Bir kullan\u0131c\u0131n\u0131n a\u015fa\u011f\u0131daki \u00f6deme y\u00f6ntemleri listesi arac\u0131l\u0131\u011f\u0131yla TusFiles Premium Hesap Planlar\u0131n\u0131n fiyat\u0131n\u0131 \u00f6demesi yeterlidir.<\/p>\n\n\n\n<ul><li>PayPal ile<\/li><li> Kredi kartlar\u0131 ile<\/li><li> Rupiah arac\u0131l\u0131\u011f\u0131yla<\/li><li> WebMoney Transfer veya WMZ ile<\/li><li> Bitcoin ve di\u011fer yoluyla (<a rel=\"noreferrer noopener\" aria-label=\"kripto para birimleri (opens in a new tab)\" href=\"https:\/\/www.investopedia.com\/terms\/c\/cryptocurrency.asp\" target=\"_blank\">kripto para birimleri<\/a>)<\/li><\/ul>\n\n\n\n<h3>TusFiles Premium Hesab\u0131n\u0131n Etkinle\u015ftirilmesi<\/h3>\n\n\n\n<p>TusFiles Premium Hesab\u0131n\u0131 etkinle\u015ftirmek i\u00e7in kullan\u0131c\u0131n\u0131n TusFiles Premium Etkinle\u015ftirme Anahtar\u0131na sahip olmas\u0131 gerekir.<\/p>\n\n\n\n<ol><li>Bir kullan\u0131c\u0131 TusFiles sitesine gitmeli ve hesab\u0131na giri\u015f yapmal\u0131d\u0131r. (Bir kullan\u0131c\u0131n\u0131n hesab\u0131 yoksa, TusFiles&#8217;in Kaydolma sayfas\u0131nda bir hesap olu\u015fturun). \u015eimdi TusFiles sitesine gidin.<\/li><li> Bir kullan\u0131c\u0131 giri\u015f yapt\u0131ktan sonra TusFiles&#8217;in &#8220;Hesab\u0131m&#8221; sayfas\u0131na gidin.<\/li><li> TusFiles Premium Hesab\u0131 anahtar\u0131n\u0131 &#8220;Premium Anahtar\u0131 Etkinle\u015ftir&#8221; alan\u0131na yerle\u015ftirin.<\/li><li> Bir kullan\u0131c\u0131n\u0131n Tusfiles Premium Etkinle\u015ftirme anahtar\u0131n\u0131 kullan\u0131c\u0131n\u0131n hesab\u0131na uygulamak i\u00e7in &#8220;Uygula&#8221; d\u00fc\u011fmesini t\u0131klamas\u0131 gerekir, b\u00f6ylece art\u0131k Tusfiles Premium Hesab\u0131n\u0131n t\u00fcm \u00f6zelliklerini ve hizmetlerini kullanabilir.<\/li><\/ol>\n\n\n\n<h2>TusFiles hesab\u0131 olu\u015fturma: Ad\u0131m Ad\u0131m K\u0131lavuz<\/h2>\n\n\n\n<p>Bir kullan\u0131c\u0131n\u0131n \u00f6nce TusFiles sitesinde dosya payla\u015f\u0131m\u0131, dosya indirme, dosya y\u00fckleme ve dosyalar\u0131 g\u00f6r\u00fcnt\u00fcleme gibi farkl\u0131 \u00f6zelliklerini ve hizmetlerini kullanmak i\u00e7in TusFiles&#8217;da bir hesab\u0131 olmal\u0131d\u0131r.<\/p>\n\n\n<a class=\"maxbutton-2 maxbutton maxbutton-cta\" target=\"_blank\" rel=\"nofollow noopener\" href=\"\/go\/\"><span class='mb-text'>&gt;&gt; Orijinal Linkifier Web Sitesine Git<\/span><\/a>\n\n\n<p><\/p>\n\n\n\n<p>Bir kullan\u0131c\u0131n\u0131n TusFiles i\u00e7in bir hesap olu\u015fturmas\u0131 i\u00e7in a\u015fa\u011f\u0131daki t\u00fcm ad\u0131mlar\u0131 izleyin.<\/p>\n\n\n\n<ol><li>TusFiles sitesine gidin.<\/li><li> TusFiles ana sayfas\u0131nda, TusFiles sitesinin sa\u011f \u00fcst k\u00f6\u015fesine gidin, kay\u0131t formunu g\u00f6r\u00fcnt\u00fclemek i\u00e7in \u201cKaydol\u201d d\u00fc\u011fmesine t\u0131klay\u0131n.<\/li><li> Kullan\u0131c\u0131 TusFiles kay\u0131t formunun t\u00fcm gerekli ayr\u0131nt\u0131lar\u0131n\u0131 doldurmal\u0131d\u0131r. (Kullan\u0131c\u0131 ad\u0131, E-posta Adresi ve \u015eifre). T\u00fcm ayr\u0131nt\u0131lar\u0131n ge\u00e7erli olmas\u0131 gerekti\u011fini unutmay\u0131n.<\/li><li> Parola i\u00e7in, kullan\u0131c\u0131n\u0131n parolan\u0131n do\u011fru girildi\u011finden emin olmak i\u00e7in parolay\u0131 yeniden yazmas\u0131 gerekir.<\/li><li> Kay\u0131t formunda g\u00f6sterilen CAPTCHA kodunu girin. Bir hesab\u0131n kabul edilebilmesi i\u00e7in CAPTCHA kodu do\u011fru olmal\u0131d\u0131r.<\/li><li> Bir kullan\u0131c\u0131n\u0131n hepsini kabul etti\u011fini bilmek i\u00e7in TusFiles \u015eartlar ve Politikas\u0131 onay kutusunu i\u015faretleyin. (Bir kullan\u0131c\u0131 \u00f6nce TusFiles sitesinin \u015eartlar ve Politikas\u0131n\u0131 okumal\u0131d\u0131r.)<\/li><li> Kay\u0131t formundaki t\u00fcm ayr\u0131nt\u0131lar\u0131 g\u00f6ndermek i\u00e7in \u201cG\u00f6nder\u201d d\u00fc\u011fmesini t\u0131klay\u0131n.<ul><li>*Bir kullan\u0131c\u0131 kay\u0131t i\u015fleminin t\u00fcm ayr\u0131nt\u0131lar\u0131n\u0131 girerse, Tusfiles otomatik olarak t\u00fcm ayr\u0131nt\u0131lar\u0131 kaydedecek ve kendisi i\u00e7in bir TusFiles hesab\u0131 olu\u015fturacakt\u0131r.<\/li><\/ul><\/li><li> Bundan sonra, bir kullan\u0131c\u0131n\u0131n sadece Tusfiles&#8217;in g\u00f6nderdi\u011fi ba\u011flant\u0131y\u0131 t\u0131klayarak TusFiles sitesindeki hesab\u0131n\u0131 e-posta yoluyla onaylamas\u0131 gerekir. (TusFiles, bir kullan\u0131c\u0131 hesab\u0131n\u0131n etkinle\u015ftirilmesi i\u00e7in kullan\u0131c\u0131n\u0131n e-posta adresine bir ba\u011flant\u0131 g\u00f6nderir.)<\/li><\/ol>\n\n\n\n<p>Art\u0131k bir kullan\u0131c\u0131 istedi\u011fi zaman ve istedi\u011fi yerde oturum a\u00e7abilir!<\/p>\n\n\n\n<h3>TusFiles&#8217;da bir hesapta oturum a\u00e7\u0131n<\/h3>\n\n\n\n<p>Bir kullan\u0131c\u0131n\u0131n oturum a\u00e7mas\u0131 i\u00e7in a\u015fa\u011f\u0131daki d\u00f6rt (4) kolay ad\u0131m\u0131 uygulay\u0131n.<\/p>\n\n\n\n<ol><li>TusFiles sitesine gidin.<\/li><li> Oturum A\u00e7ma Sayfas\u0131na gidin.<\/li><li> TusFiles kullan\u0131c\u0131 ad\u0131n\u0131 ve TusFiles \u015fifresini girin.<\/li><li> &#8220;Oturum a\u00e7&#8221; \u0131 t\u0131klay\u0131n.<\/li><\/ol>\n\n\n\n<p>Bir kullan\u0131c\u0131 oturum a\u00e7t\u0131ktan sonra, sayfa do\u011frudan TusFiles sitesinin Hesab\u0131m sayfas\u0131na gidecektir.<\/p>\n\n\n\n<h2>Y\u00fckle, \u0130ndir ve Payla\u015f<\/h2>\n\n\n\n<p>Bir kullan\u0131c\u0131 herhangi bir dosyay\u0131 g\u00f6r\u00fcnt\u00fcleyebilir, y\u00fckleyebilir, indirebilir ve payla\u015fabilir. Bir dosya \u015funlar olabilir:<\/p>\n\n\n\n<ul><li>bir belge,<\/li><li> bir \u015fekil,<\/li><li> bir video veya film,<\/li><li> bir kay\u0131t veya bir m\u00fczik par\u00e7as\u0131,<\/li><li> bir oyun,<\/li><li> bir yaz\u0131l\u0131m,<\/li><li> veya izleyicilere veya okuyuculara zarar vermeyen ve \u015fiddet veya k\u00f6t\u00fc i\u00e7erik i\u00e7ermeyen di\u011fer dosya t\u00fcrleri.<\/li><\/ul>\n\n\n\n<h3><strong>TusFiles hesab\u0131na dosya y\u00fckle<\/strong><\/h3>\n\n\n\n<p>Bir dosya y\u00fcklemek i\u00e7in a\u015fa\u011f\u0131daki ad\u0131mlar\u0131n t\u00fcm\u00fcn\u00fc uygulay\u0131n:<\/p>\n\n\n\n<ol><li>TusFiles sitesinin ana sayfas\u0131na gidin ve TusFiles hesab\u0131na giri\u015f yap\u0131n.<\/li><li> \u201cY\u00fckle\u201d d\u00fc\u011fmesini bulun ve t\u0131klay\u0131n.<\/li><li> Dosya Gezgini sayfada a\u00e7\u0131l\u0131r. Dosyan\u0131n cihazdaki konumuna gidin.<\/li><li> Y\u00fcklenecek dosyay\u0131 veya dosyalar\u0131 se\u00e7in ve Tamam&#8217;\u0131 t\u0131klay\u0131n. Dosya otomatik olarak y\u00fcklenecek<\/li><li> Dosya veya dosyalar\u0131n y\u00fcklenmesini beklerken, kullan\u0131c\u0131 dosya a\u00e7\u0131klamas\u0131n\u0131 a\u00e7\u0131klama kutusuna koyabilir.<\/li><li> Y\u00fcklemeler bitti\u011finde. Dosya veya dosyalar TusFiles sunucusunda saklan\u0131r.<\/li><\/ol>\n\n\n\n<p>Tusfiles misafir kullan\u0131c\u0131s\u0131 veya kay\u0131tl\u0131 olmayan bir hesap bir dosya y\u00fcklediyse, bu dosyan\u0131n s\u00fcresi on be\u015f (15) g\u00fcn sonra dolar veya silinir, ancak TusFiles \u00fccretsiz kullan\u0131c\u0131s\u0131n\u0131n veya TusFiles kay\u0131tl\u0131 hesab\u0131n\u0131n y\u00fckledi\u011fi dosyalar\u0131n s\u00fcresi dolmaz veya bu dosyalar yirmi be\u015f megabayttan (25 MB) azsa silinmez.<\/p>\n\n\n\n<h3><strong>Tusfiles&#8217;da dosya a\u00e7ma ve indirme<\/strong><\/h3>\n\n\n\n<p>Herkes indirmek i\u00e7in Tusfiles sitesinde bir dosya arayabilir. Dosyalar TusFiles veritaban\u0131ndan al\u0131n\u0131r ve dosyalar TusFiles <a rel=\"noreferrer noopener\" aria-label=\"sunucular\u0131ndan  (opens in a new tab)\" href=\"https:\/\/www.webopedia.com\/TERM\/S\/server.html\" target=\"_blank\">sunucular\u0131ndan <\/a>veya s\u00fcr\u00fcc\u00fclerinden indirilir.<\/p>\n\n\n\n<p>Bir dosyay\u0131 indirmek i\u00e7in a\u015fa\u011f\u0131daki d\u00f6rt (4) kolay ad\u0131m\u0131 izleyin:<\/p>\n\n\n\n<ol><li>\u0130ndirmek istedi\u011fi dosyan\u0131n ba\u011flant\u0131s\u0131na gidin.<\/li><li> Dosyan\u0131n indirme sayfas\u0131 dosyan\u0131n ad\u0131, a\u00e7\u0131klamas\u0131 ve boyutuyla birlikte g\u00f6r\u00fcn\u00fcr.<\/li><li> \u201c\u0130ndirmeyi Ba\u015flat\u201d d\u00fc\u011fmesine veya \u201c\u0130ndir\u201d d\u00fc\u011fmesine t\u0131klay\u0131n.<\/li><li> Dosya TusFiles taraf\u0131ndan otomatik olarak indirilecektir.<\/li><\/ol>\n\n\n\n<p>Bir kullan\u0131c\u0131, Internet Download Manager, IDM Jdownloader veya di\u011ferleri gibi bir dosyay\u0131 indirmek i\u00e7in herhangi bir arac\u0131 da kullanabilir.<\/p>\n\n\n\n<h3><strong>Tusfiles&#8217;ta dosya payla\u015fma<\/strong><\/h3>\n\n\n\n<p>TusFiles kullan\u0131c\u0131s\u0131 dosyalar\u0131 belirli bir dosyan\u0131n <a rel=\"noreferrer noopener\" aria-label=\"Tekd\u00fczen Kaynak Konum Belirleyicisi (URL) (opens in a new tab)\" href=\"https:\/\/en.wikipedia.org\/wiki\/URL\" target=\"_blank\">Tekd\u00fczen Kaynak Konum Belirleyicisi (URL)<\/a> ba\u011flant\u0131s\u0131 arac\u0131l\u0131\u011f\u0131yla payla\u015fabilir ve e-postalara veya a\u015fa\u011f\u0131daki gibi farkl\u0131 sosyal medya platformlar\u0131na payla\u015fabilir:<\/p>\n\n\n\n<ul><li>Facebook<\/li><li> heyecan<\/li><li> Youtube ve di\u011ferleri<\/li><\/ul>\n\n\n\n<h2>Tusfiles kullanarak kazan\u0131n<\/h2>\n\n\n\n<p>TusFiles insanlara yard\u0131m etmede \u00e7ok c\u00f6merttir. \u0130nsanlar\u0131n para kazanmalar\u0131 i\u00e7in bir yollar\u0131 var. Ancak bundan \u00f6nce, bir ki\u015finin \u00f6nce bir TusFiles Premium Hesab\u0131na sahip olmas\u0131 gerekir. Bir\u00e7ok ki\u015fi Tusfiles kullan\u0131yor \u00e7\u00fcnk\u00fc dosyalar\u0131n indirilme say\u0131s\u0131n\u0131 art\u0131rmak i\u00e7in y\u00fcklenen dosyalar\u0131n\u0131 herkesle payla\u015farak kazanabiliyorlar.<\/p>\n\n\n\n<p>Bir kullan\u0131c\u0131 istedi\u011fi kadar dosya y\u00fckleyebilir \u00e7\u00fcnk\u00fc TusFiles bir kullan\u0131c\u0131 dosyas\u0131n\u0131 veya dosyay\u0131 ka\u00e7 ki\u015finin indirdi\u011fini \u00f6deyecektir. Geliri tahmin ederek, her bin (1000) indirme say\u0131s\u0131 i\u00e7in bir kullan\u0131c\u0131 0,50 USD ila 10 USD alacakt\u0131r.<\/p>\n\n\n\n<figure class=\"wp-block-table\"><table class=\"\"><tbody><tr><td class=\"has-text-align-center\" data-align=\"center\"><strong>\u0130leti\u015fim TusFiles<\/strong><\/td><\/tr><\/tbody><\/table><\/figure>\n\n\n\n<figure class=\"wp-block-table\"><table class=\"\"><tbody><tr><td>\u0130nternet sitesi:<\/td><td>http:\/\/www.tusfiles.net<\/td><\/tr><tr><td>Email Address:<\/td><td>contact@tusfiles.net<\/td><\/tr><tr><td>Telefon numaras\u0131:<\/td><td>(432)-999-000<\/td><\/tr><tr><td>Adres:<\/td><td>Burgveldweg 21, 5864AJ Meerlo, Netherland<\/td><\/tr><tr><td>Destek i\u00e7in:<\/td><td>support@tusfiles<\/td><\/tr><tr><td>K\u00f6t\u00fcye Kullan\u0131m \u0130\u00e7in:<\/td><td>abuse@tusfiles<\/td><\/tr><tr><td>Sistem Hatalar\u0131 ve Fikirleri i\u00e7in:<\/td><td>support@tusfiles<\/td><\/tr><tr><td>Telif hakk\u0131 i\u00e7in:<\/td><td>dmca@tusfiles<\/td><\/tr><tr><td>Faturaland\u0131rma i\u00e7in:<\/td><td>billing@tusfiles<\/td><\/tr><\/tbody><\/table><\/figure>\n\n\n\n<figure class=\"wp-block-table\"><table class=\"\"><tbody><tr><td>Bir kullan\u0131c\u0131n\u0131n TusFiles sitesi, \u00f6zellikleri ve hizmetleriyle ilgili bir sorunu veya sorusu varsa, yukar\u0131daki TusFiles ki\u015filerinin herhangi birine ula\u015fmal\u0131d\u0131r. T\u00fcm TusFiles ki\u015fileri her zaman \u00e7evrimi\u00e7i. Her zaman haftan\u0131n 7 g\u00fcn, 24 saat ve yedi (7) g\u00fcn kullan\u0131labilirler.<\/td><\/tr><\/tbody><\/table><\/figure>\n\n\n<a class=\"maxbutton-2 maxbutton maxbutton-cta\" target=\"_blank\" rel=\"nofollow noopener\" href=\"\/go\/\"><span class='mb-text'>&gt;&gt; Orijinal Linkifier Web Sitesine Git<\/span><\/a>\n\n\n<p><\/p>\n","protected":false},"excerpt":{"rendered":"<p>TusFiles Genel Bak\u0131\u015f TusFiles, dosyalar i\u00e7in g\u00fcvenli ve \u00fccretsiz bar\u0131nd\u0131rma hizmetlerinden biridir. D\u00fcnya \u00e7ap\u0131nda ve t\u00fcm web taray\u0131c\u0131lar\u0131nda eri\u015filebilir. Bu<\/p>\n","protected":false},"author":2,"featured_media":0,"parent":0,"menu_order":0,"comment_status":"closed","ping_status":"closed","template":"","meta":[],"yoast_head":"<!-- This site is optimized with the Yoast SEO plugin v18.3 - https:\/\/yoast.com\/wordpress\/plugins\/seo\/ -->\n<title>TusFiles Premium Hesap: Bir Bak\u0131\u015fta Filehoster<\/title>\n<meta name=\"description\" content=\"TusFiles sayg\u0131n bir sa\u011flay\u0131c\u0131 m\u0131 de\u011fil mi, mevcut testte cevab\u0131 Multihoster.org&#039;da bulabilirsiniz \u279c \u015eimdi t\u0131klay\u0131n \u271a deneyimlerimizi okumak i\u00e7in!\" \/>\n<meta name=\"robots\" content=\"index, follow, max-snippet:-1, max-image-preview:large, max-video-preview:-1\" \/>\n<link rel=\"canonical\" href=\"https:\/\/multihoster.org\/tr\/tusfiles\/\" \/>\n<meta property=\"og:locale\" content=\"tr_TR\" \/>\n<meta property=\"og:type\" content=\"article\" \/>\n<meta property=\"og:title\" content=\"TusFiles Premium Hesap: Bir Bak\u0131\u015fta Filehoster\" \/>\n<meta property=\"og:description\" content=\"TusFiles sayg\u0131n bir sa\u011flay\u0131c\u0131 m\u0131 de\u011fil mi, mevcut testte cevab\u0131 Multihoster.org&#039;da bulabilirsiniz \u279c \u015eimdi t\u0131klay\u0131n \u271a deneyimlerimizi okumak i\u00e7in!\" \/>\n<meta property=\"og:url\" content=\"https:\/\/multihoster.org\/tr\/tusfiles\/\" \/>\n<meta property=\"og:site_name\" content=\"Multihoster.org\" \/>\n<meta property=\"article:modified_time\" content=\"2020-04-16T11:27:54+00:00\" \/>\n<meta property=\"og:image\" content=\"https:\/\/lh5.googleusercontent.com\/VhTENL6he9zdRkCtqxyngyJXAG-GUaCUa8ROTiJUAAon7ohctlpp5uCnm4DAJW_yRxhz0Thc2ByUcVr3_gEC7bCDlnPBxDcTWS4EHLx-6pXRxF1bm8XmzhKiPPkmoaUpaxbRwOg\" \/>\n<meta name=\"twitter:card\" content=\"summary\" \/>\n<meta name=\"twitter:label1\" content=\"Tahmini okuma s\u00fcresi\" \/>\n\t<meta name=\"twitter:data1\" content=\"8 dakika\" \/>\n<script type=\"application\/ld+json\" class=\"yoast-schema-graph\">{\"@context\":\"https:\/\/schema.org\",\"@graph\":[{\"@type\":\"WebSite\",\"@id\":\"https:\/\/multihoster.org\/#website\",\"url\":\"https:\/\/multihoster.org\/\",\"name\":\"Multihoster.org\",\"description\":\"Reviews of the major Filehosting services\",\"potentialAction\":[{\"@type\":\"SearchAction\",\"target\":{\"@type\":\"EntryPoint\",\"urlTemplate\":\"https:\/\/multihoster.org\/?s={search_term_string}\"},\"query-input\":\"required name=search_term_string\"}],\"inLanguage\":\"tr\"},{\"@type\":\"ImageObject\",\"@id\":\"https:\/\/multihoster.org\/tr\/tusfiles\/#primaryimage\",\"inLanguage\":\"tr\",\"url\":\"https:\/\/lh5.googleusercontent.com\/VhTENL6he9zdRkCtqxyngyJXAG-GUaCUa8ROTiJUAAon7ohctlpp5uCnm4DAJW_yRxhz0Thc2ByUcVr3_gEC7bCDlnPBxDcTWS4EHLx-6pXRxF1bm8XmzhKiPPkmoaUpaxbRwOg\",\"contentUrl\":\"https:\/\/lh5.googleusercontent.com\/VhTENL6he9zdRkCtqxyngyJXAG-GUaCUa8ROTiJUAAon7ohctlpp5uCnm4DAJW_yRxhz0Thc2ByUcVr3_gEC7bCDlnPBxDcTWS4EHLx-6pXRxF1bm8XmzhKiPPkmoaUpaxbRwOg\"},{\"@type\":\"WebPage\",\"@id\":\"https:\/\/multihoster.org\/tr\/tusfiles\/#webpage\",\"url\":\"https:\/\/multihoster.org\/tr\/tusfiles\/\",\"name\":\"TusFiles Premium Hesap: Bir Bak\u0131\u015fta Filehoster\",\"isPartOf\":{\"@id\":\"https:\/\/multihoster.org\/#website\"},\"primaryImageOfPage\":{\"@id\":\"https:\/\/multihoster.org\/tr\/tusfiles\/#primaryimage\"},\"datePublished\":\"2020-04-16T09:00:53+00:00\",\"dateModified\":\"2020-04-16T11:27:54+00:00\",\"description\":\"TusFiles sayg\u0131n bir sa\u011flay\u0131c\u0131 m\u0131 de\u011fil mi, mevcut testte cevab\u0131 Multihoster.org'da bulabilirsiniz \u279c \u015eimdi t\u0131klay\u0131n \u271a deneyimlerimizi okumak i\u00e7in!\",\"breadcrumb\":{\"@id\":\"https:\/\/multihoster.org\/tr\/tusfiles\/#breadcrumb\"},\"inLanguage\":\"tr\",\"potentialAction\":[{\"@type\":\"ReadAction\",\"target\":[\"https:\/\/multihoster.org\/tr\/tusfiles\/\"]}]},{\"@type\":\"BreadcrumbList\",\"@id\":\"https:\/\/multihoster.org\/tr\/tusfiles\/#breadcrumb\",\"itemListElement\":[{\"@type\":\"ListItem\",\"position\":1,\"name\":\"Startseite\",\"item\":\"https:\/\/multihoster.org\/tr\/\"},{\"@type\":\"ListItem\",\"position\":2,\"name\":\"TusFiles Premium Hesap: Bir Bak\u0131\u015fta Filehoster\"}]}]}<\/script>\n<!-- \/ Yoast SEO plugin. -->","yoast_head_json":{"title":"TusFiles Premium Hesap: Bir Bak\u0131\u015fta Filehoster","description":"TusFiles sayg\u0131n bir sa\u011flay\u0131c\u0131 m\u0131 de\u011fil mi, mevcut testte cevab\u0131 Multihoster.org'da bulabilirsiniz \u279c \u015eimdi t\u0131klay\u0131n \u271a deneyimlerimizi okumak i\u00e7in!","robots":{"index":"index","follow":"follow","max-snippet":"max-snippet:-1","max-image-preview":"max-image-preview:large","max-video-preview":"max-video-preview:-1"},"canonical":"https:\/\/multihoster.org\/tr\/tusfiles\/","og_locale":"tr_TR","og_type":"article","og_title":"TusFiles Premium Hesap: Bir Bak\u0131\u015fta Filehoster","og_description":"TusFiles sayg\u0131n bir sa\u011flay\u0131c\u0131 m\u0131 de\u011fil mi, mevcut testte cevab\u0131 Multihoster.org'da bulabilirsiniz \u279c \u015eimdi t\u0131klay\u0131n \u271a deneyimlerimizi okumak i\u00e7in!","og_url":"https:\/\/multihoster.org\/tr\/tusfiles\/","og_site_name":"Multihoster.org","article_modified_time":"2020-04-16T11:27:54+00:00","og_image":[{"url":"https:\/\/lh5.googleusercontent.com\/VhTENL6he9zdRkCtqxyngyJXAG-GUaCUa8ROTiJUAAon7ohctlpp5uCnm4DAJW_yRxhz0Thc2ByUcVr3_gEC7bCDlnPBxDcTWS4EHLx-6pXRxF1bm8XmzhKiPPkmoaUpaxbRwOg"}],"twitter_card":"summary","twitter_misc":{"Tahmini okuma s\u00fcresi":"8 dakika"},"schema":{"@context":"https:\/\/schema.org","@graph":[{"@type":"WebSite","@id":"https:\/\/multihoster.org\/#website","url":"https:\/\/multihoster.org\/","name":"Multihoster.org","description":"Reviews of the major Filehosting services","potentialAction":[{"@type":"SearchAction","target":{"@type":"EntryPoint","urlTemplate":"https:\/\/multihoster.org\/?s={search_term_string}"},"query-input":"required name=search_term_string"}],"inLanguage":"tr"},{"@type":"ImageObject","@id":"https:\/\/multihoster.org\/tr\/tusfiles\/#primaryimage","inLanguage":"tr","url":"https:\/\/lh5.googleusercontent.com\/VhTENL6he9zdRkCtqxyngyJXAG-GUaCUa8ROTiJUAAon7ohctlpp5uCnm4DAJW_yRxhz0Thc2ByUcVr3_gEC7bCDlnPBxDcTWS4EHLx-6pXRxF1bm8XmzhKiPPkmoaUpaxbRwOg","contentUrl":"https:\/\/lh5.googleusercontent.com\/VhTENL6he9zdRkCtqxyngyJXAG-GUaCUa8ROTiJUAAon7ohctlpp5uCnm4DAJW_yRxhz0Thc2ByUcVr3_gEC7bCDlnPBxDcTWS4EHLx-6pXRxF1bm8XmzhKiPPkmoaUpaxbRwOg"},{"@type":"WebPage","@id":"https:\/\/multihoster.org\/tr\/tusfiles\/#webpage","url":"https:\/\/multihoster.org\/tr\/tusfiles\/","name":"TusFiles Premium Hesap: Bir Bak\u0131\u015fta Filehoster","isPartOf":{"@id":"https:\/\/multihoster.org\/#website"},"primaryImageOfPage":{"@id":"https:\/\/multihoster.org\/tr\/tusfiles\/#primaryimage"},"datePublished":"2020-04-16T09:00:53+00:00","dateModified":"2020-04-16T11:27:54+00:00","description":"TusFiles sayg\u0131n bir sa\u011flay\u0131c\u0131 m\u0131 de\u011fil mi, mevcut testte cevab\u0131 Multihoster.org'da bulabilirsiniz \u279c \u015eimdi t\u0131klay\u0131n \u271a deneyimlerimizi okumak i\u00e7in!","breadcrumb":{"@id":"https:\/\/multihoster.org\/tr\/tusfiles\/#breadcrumb"},"inLanguage":"tr","potentialAction":[{"@type":"ReadAction","target":["https:\/\/multihoster.org\/tr\/tusfiles\/"]}]},{"@type":"BreadcrumbList","@id":"https:\/\/multihoster.org\/tr\/tusfiles\/#breadcrumb","itemListElement":[{"@type":"ListItem","position":1,"name":"Startseite","item":"https:\/\/multihoster.org\/tr\/"},{"@type":"ListItem","position":2,"name":"TusFiles Premium Hesap: Bir Bak\u0131\u015fta Filehoster"}]}]}},"_links":{"self":[{"href":"https:\/\/multihoster.org\/tr\/wp-json\/wp\/v2\/pages\/3727"}],"collection":[{"href":"https:\/\/multihoster.org\/tr\/wp-json\/wp\/v2\/pages"}],"about":[{"href":"https:\/\/multihoster.org\/tr\/wp-json\/wp\/v2\/types\/page"}],"author":[{"embeddable":true,"href":"https:\/\/multihoster.org\/tr\/wp-json\/wp\/v2\/users\/2"}],"replies":[{"embeddable":true,"href":"https:\/\/multihoster.org\/tr\/wp-json\/wp\/v2\/comments?post=3727"}],"version-history":[{"count":2,"href":"https:\/\/multihoster.org\/tr\/wp-json\/wp\/v2\/pages\/3727\/revisions"}],"predecessor-version":[{"id":3756,"href":"https:\/\/multihoster.org\/tr\/wp-json\/wp\/v2\/pages\/3727\/revisions\/3756"}],"wp:attachment":[{"href":"https:\/\/multihoster.org\/tr\/wp-json\/wp\/v2\/media?parent=3727"}],"curies":[{"name":"wp","href":"https:\/\/api.w.org\/{rel}","templated":true}]}}