{"id":3769,"date":"2020-04-16T11:39:11","date_gmt":"2020-04-16T11:39:11","guid":{"rendered":"https:\/\/multihoster.org\/yunfile-premium-account-the-filehoster-at-a-glance\/"},"modified":"2020-04-16T15:23:10","modified_gmt":"2020-04-16T15:23:10","slug":"yunfile","status":"publish","type":"page","link":"https:\/\/multihoster.org\/tr\/yunfile\/","title":{"rendered":"YunFile Premium Hesap: Bir Bak\u0131\u015fta Filehoster"},"content":{"rendered":"\n<figure class=\"wp-block-image\"><img src=\"https:\/\/lh4.googleusercontent.com\/fj3S8nsdOLj7HIxsYANKIVnqFTQIpLjmUFGUFsciGOiKAhGMWk0eqW1AEh3Dhm2ld8wO2OHAKpUXdwTHzUvJfH9aRSaRlP8Lnipg7FTuKKm_ALOHzUTIvBOFzSynNUZkEyJiHLI\" alt=\"YunFile logo\"\/><\/figure>\n\n\n<a class=\"maxbutton-2 maxbutton maxbutton-cta\" target=\"_blank\" rel=\"nofollow noopener\" href=\"\/go\/\"><span class='mb-text'>&gt;&gt; Orijinal Linkifier Web Sitesine Git<\/span><\/a>\n\n\n<p><\/p>\n\n\n\n<h2>YunFile: Hakk\u0131nda<\/h2>\n\n\n\n<p>Kullan\u0131c\u0131lar nerede olurlarsa olsunlar, nerede olurlarsa olsunlar kolayca dosya y\u00fcklemek, indirmek ve payla\u015fmak isterse ve para kazanmak istiyorlarsa YunFile sitesini kullanabilirler.<\/p>\n\n\n\n<p>YunFile 2011 y\u0131l\u0131nda kuruldu. Kullan\u0131c\u0131lara sitelerini dosya y\u00fcklemek, indirmek ve payla\u015fmak i\u00e7in kullanmalar\u0131n\u0131 sa\u011flayan bir dosya bar\u0131nd\u0131r\u0131c\u0131s\u0131d\u0131r. Bu sayede kullan\u0131c\u0131lar dosyalar\u0131n\u0131 nas\u0131l getirebilecekleri konusunda endi\u015felenmek zorunda kalmazlar, \u00e7\u00fcnk\u00fc YunFile sitesine internet ba\u011flant\u0131s\u0131 olan cihazlar\u0131n\u0131n bir web taray\u0131c\u0131s\u0131yla g\u00f6z atabilir ve videolar, m\u00fczik, belgeler, ve nerede olurlarsa olsunlar yaz\u0131l\u0131m.<\/p>\n\n\n\n<ul><li>Basit ve kolay web sitesi users Kullan\u0131c\u0131lar YunFIle web sayfalar\u0131ndaki farkl\u0131 \u00f6zellikleri kolayca anlayabilir ve gezinebilir.<\/li><li> \u00c7e\u015fitli \u00f6deme y\u00f6ntemleri \u2043 YunFile, kullan\u0131c\u0131lar\u0131n\u0131n premium hesaplar\u0131 sat\u0131n almalar\u0131 i\u00e7in farkl\u0131 \u00f6deme modlar\u0131n\u0131 destekler. Ayr\u0131ca, sat\u0131c\u0131lar\u0131n tercih ettikleri \u00f6deme y\u00f6ntemlerini kullanmalar\u0131na izin verir.<\/li><li> M\u00fc\u015fteri deste\u011fi \u2043 YunFile, endi\u015feleri veya sorunlar\u0131 varsa m\u00fc\u015fterilerini veya kullan\u0131c\u0131lar\u0131n\u0131 destekleyecek bir gruba sahiptir. Destek arama ve e-posta yoluyla yap\u0131l\u0131r. Cumartesi ve Pazar g\u00fcnleri de dahil olmak \u00fczere her g\u00fcn 24 saat \u00e7evrimi\u00e7i oluyorlar.<\/li><li> Kolay y\u00fckleme \u2043 YunFile, sitelerinin sayfalar\u0131na d\u00fczg\u00fcn bir \u015fekilde eri\u015fmek ve y\u00fcklemek i\u00e7in Google Chrome taray\u0131c\u0131s\u0131n\u0131n kullan\u0131lmas\u0131n\u0131 \u00f6nerir. Dosyalar\u0131n daha h\u0131zl\u0131 y\u00fcklenmesi i\u00e7in \u00e7ok i\u015f par\u00e7ac\u0131kl\u0131 HTTP&#8217;yi desteklerler. Y\u00fckleme i\u00e7in desteklenen y\u00f6ntemler Taray\u0131c\u0131 y\u00fckleme veya Se\u00e7im Y\u00fckleme ve \u201cS\u00fcr\u00fckle ve B\u0131rak\u201d d\u0131r.<\/li><li> Kolay indirme users Kullan\u0131c\u0131lar, YunFile sitesinden bir dosya veya dosya indirmek ve cihazlar\u0131na kaydetmek i\u00e7in bir indirme y\u00f6neticisi veya \u0130nternet \u0130ndirme Y\u00f6neticisi veya IDM ve Jdownloader gibi bir indirici kullanabilirler.<\/li><li> Kolay dosya payla\u015f\u0131m\u0131 users Kullan\u0131c\u0131lar, YunFile sitesini kullanarak dosyalar\u0131n\u0131 sosyal medya veya e-posta veya bloglar veya vloglar arac\u0131l\u0131\u011f\u0131yla ba\u015fkalar\u0131yla payla\u015fabilir. Sadece her zaman internete ba\u011fl\u0131 olduklar\u0131ndan emin olmalar\u0131 gerekir.<\/li><li> \u00c7ok ucuz premium hesap planlar\u0131 Yun YunFile, kullan\u0131c\u0131lar\u0131n premium hesap planlar\u0131n\u0131 sat\u0131n almalar\u0131 i\u00e7in \u00e7ok ucuz bir fiyat sundu\u011fundan kullan\u0131c\u0131lar paradan tasarruf edebilirler.<\/li><li> Para kazan\u0131n users Kullan\u0131c\u0131lar, Sat\u0131\u015f Ba\u015f\u0131na \u00d6deme veya PPS kullanan Y\u00f6nlendirme Program\u0131 ve \u0130ndirme Ba\u015f\u0131na \u00d6deme veya PPD y\u00f6ntemlerini kullanarak para kazanmak i\u00e7in YunFile sitesini kullanabilirler. PPS i\u00e7in, YunFile kullan\u0131c\u0131lara sat\u0131lan her premium hesap i\u00e7in y\u00fczde yetmi\u015fe (% 70) ve PPD i\u00e7in kullan\u0131c\u0131lara her bin dosya indirmesi i\u00e7in elli dolara (50 $) kadar veriyor<\/li><\/ul>\n\n\n\n<h2>YunFile: Hesaplar<\/h2>\n\n\n\n<p>Kullan\u0131c\u0131lar\u0131n YunFile sitesinin \u00f6zelliklerine ve hizmetlerine eri\u015fmesi ve bunlar\u0131 kullanmas\u0131 i\u00e7in kay\u0131t olmal\u0131 ve hesaplar\u0131n\u0131 do\u011frulamal\u0131d\u0131rlar. Kendi hesaplar\u0131n\u0131n g\u00fcvenli\u011finden ve gizlili\u011finden sorumlu olmalar\u0131 gerekti\u011fini unutmay\u0131n.<\/p>\n\n\n\n<p>YunFile&#8217;\u0131n t\u00fcm kullan\u0131c\u0131lar i\u00e7in iki t\u00fcr hesab\u0131 vard\u0131r; bunlar YunFile \u00dccretsiz Hesab\u0131 ve YunFile Premium Hesab\u0131d\u0131r. Kullan\u0131c\u0131lar, YunFIle&#8217;\u0131n t\u00fcm \u00f6zelliklerinin ve hizmetlerinin s\u0131n\u0131rl\u0131 bir \u015fekilde kullan\u0131lmas\u0131n\u0131 istemiyorsa, bir dosyan\u0131n veya dosyalar\u0131n yava\u015f indirilmesini istemiyorlarsa, YunFile sitesinin her sayfas\u0131nda can s\u0131k\u0131c\u0131 reklamlar istemiyorlarsa ve daha b\u00fcy\u00fck bir depolama alan\u0131 boyutu istiyorlarsa, premium hesab\u0131 almaya \u00e7al\u0131\u015fmal\u0131d\u0131rlar.<\/p>\n\n\n\n<h3>YunFile Premium Hesab\u0131 alman\u0131n avantajlar\u0131<\/h3>\n\n\n\n<p>Users Kullan\u0131c\u0131lar, dosyalar\u0131 YunFile sitesinden bekleme s\u00fcresi ve captcha&#8217;lar\u0131 olmadan indirebilirler.<br> Users Kullan\u0131c\u0131lar, bir dosyay\u0131 veya dosyalar\u0131 indirirken y\u00fcksek ve s\u0131n\u0131rl\u0131 olmayan bir h\u0131za sahip olacaklard\u0131r.<br> F YunFile sitesinin, kullan\u0131c\u0131lar sayfalar\u0131nda gezinirken ve bir dosya veya dosya indirirken hi\u00e7bir reklam\u0131 yoktur.<br> Users Kullan\u0131c\u0131lar ayn\u0131 anda birden fazla dosya indiremez.<br> \u2713 Kullan\u0131c\u0131lar ki\u015fisel depolama alan\u0131n\u0131 kullanma eri\u015fimine sahip olacaklard\u0131r.<br> Users Kullan\u0131c\u0131lar paradan tasarruf edebilir.<br> Users Kullan\u0131c\u0131lar YunFIle Tavsiye Program\u0131na kat\u0131labilir ve para kazanabilirler.<\/p>\n\n\n\n<p>\u00d6zellikleri ve hizmetleri s\u00f6z konusu oldu\u011funda, YunFile&#8217;in \u00fccretsiz hesab\u0131n\u0131n ve premium hesab\u0131n\u0131n a\u015fa\u011f\u0131daki farkl\u0131l\u0131klar\u0131n\u0131 kontrol edin.<\/p>\n\n\n\n<h3>YunFile Premium Hesab\u0131<\/h3>\n\n\n\n<figure class=\"wp-block-table\"><table class=\"\"><tbody><tr><td>\u00d6zellikler ve Hizmetler<\/td><td>YunFile \u00dccretsiz Hesap T\u00fcrleri<\/td><td>YunFile \u22c6 Premium Hesap \u22c6 T\u00fcrleri<\/td><\/tr><tr><td>\u00dccretsiz mi?<\/td><td>\u2611  Evet <\/td><td>\u2612 No<\/td><\/tr><tr><td>\u0130ndirme i\u015flemi hemen ba\u015fl\u0131yor mu?<\/td><td>\u2612 No<\/td><td>\u2611  Evet <\/td><\/tr><tr><td>Bekleme s\u00fcresi var m\u0131?<\/td><td>\u2611  Evet <\/td><td>\u2612 No<\/td><\/tr><tr><td>Bir dosyay\u0131 indirmek i\u00e7in bekleme s\u00fcresi ne kadard\u0131r?<\/td><td>\u0130ndirme i\u015flemini ba\u015flatmak yakla\u015f\u0131k otuz saniye (30 saniye) s\u00fcrer<\/td><td>Bekleme s\u00fcresi yok<\/td><\/tr><tr><td>Dosya indirirken h\u0131z oran\u0131<\/td><td>Yava\u015f ve S\u0131n\u0131rl\u0131<\/td><td>Hig in speed ve S\u0131n\u0131rl\u0131 de\u011fil<\/td><\/tr><tr><td>Ayn\u0131 anda birka\u00e7 dosya indirme<\/td><td>\u2612 Desteklenmiyor<\/td><td>\u2611 destekli<\/td><\/tr><tr><td>Dosya indirme k\u0131s\u0131tlamas\u0131<\/td><td>Her on dakikada bir yaln\u0131zca bir dosya indirilmesine izin verilir (1 dosya \/ 10 dakika).<\/td><td>Premium kullan\u0131c\u0131lar i\u00e7in k\u0131s\u0131tlama yoktur<\/td><\/tr><tr><td>YunFile sunucusu me\u015fgulken h\u0131zl\u0131 dosya indirme<\/td><td>\u2612 No<\/td><td>\u2611 Evet<\/td><\/tr><tr><td>\u00c7ok sat\u0131rl\u0131 indirmeler<\/td><td>\u2612 No<\/td><td>\u2611 Evet<\/td><\/tr><tr><td>Bir dosyan\u0131n indirilmesine devam etme ve duraklatma<\/td><td>\u2612 Desteklenmiyor<\/td><td>\u2611 destekli<\/td><\/tr><tr><td>Bir dosyay\u0131 indirmek i\u00e7in h\u0131zland\u0131r\u0131c\u0131 var m\u0131?<\/td><td>\u2612 Desteklenmiyor<\/td><td>\u2611 destekli<\/td><\/tr><tr><td>Kullan\u0131c\u0131lar bir dosyay\u0131 veya dosyalar\u0131 indirmek i\u00e7in bir ara\u00e7 kullanabilir mi?<\/td><td>\u2611 Evet<\/td><td>\u2611 Evet<\/td><\/tr><tr><td>Depolama alan\u0131 boyutu<\/td><td>S\u0131n\u0131rl\u0131<\/td><td>Daha b\u00fcy\u00fck bir depolama alan\u0131 var<\/td><\/tr><tr><td>\u0130ndirilen dosyay\u0131 veya kullan\u0131c\u0131 dosyalar\u0131n\u0131 kaydetmek i\u00e7in depolama alan\u0131 (ki\u015fisel depolama i\u00e7in)<\/td><td>\u2612 Desteklenmiyor<\/td><td>\u2611 Desteklenir &#8211; Premium kullan\u0131c\u0131lar i\u00e7in kendi depolama alan\u0131 vard\u0131r Depolama alan\u0131 boyutu iki bin k\u0131rk sekiz gigabaytt\u0131r (2048 GB)<\/td><\/tr><tr><td>Reklam i\u00e7eriyor mu?<\/td><td>\u2611 Evet<\/td><td>\u2612 No<\/td><\/tr><tr><td>CAPTCHA gerekli mi?<\/td><td>\u2611 Evet<\/td><td>\u2612 No<\/td><\/tr><tr><td>\u00d6demeler g\u00fcvence alt\u0131na al\u0131nd\u0131<\/td><td>\u2611 Evet<\/td><td>\u2611 Evet<\/td><\/tr><\/tbody><\/table><\/figure>\n\n\n<a class=\"maxbutton-2 maxbutton maxbutton-cta\" target=\"_blank\" rel=\"nofollow noopener\" href=\"\/go\/\"><span class='mb-text'>&gt;&gt; Orijinal Linkifier Web Sitesine Git<\/span><\/a>\n\n\n<p><\/p>\n\n\n\n<p>YunFile&#8217;\u0131n \u00dccretsiz Hesap ve Premium Hesap Paketleri fiyatlar\u0131na l\u00fctfen a\u015fa\u011f\u0131dan bak\u0131n\u0131z.<\/p>\n\n\n\n<h3>YunFile Premium Hesap Paketleri<\/h3>\n\n\n\n<figure class=\"wp-block-table\"><table class=\"\"><tbody><tr><td>YunFile Hesap T\u00fcrleri<\/td><td>G\u00fcn veya Ay Say\u0131s\u0131<\/td><td>Dolar cinsinden hesap fiyatlar\u0131<\/td><td>Yeni Tayvan Dolar\u0131 Hesap Fiyatlar\u0131<\/td><td>G\u00fcnl\u00fck Hesap Fiyatlar\u0131<\/td><td>Depolama boyutu kapasitesi<\/td><td>Reklamlar\u0131 var m\u0131?<\/td><td>% 100 G\u00fcvenli mi?<\/td><td>% 100 G\u00fcvenli mi?<\/td><\/tr><tr><td>Bedava hesap<\/td><td>S\u0131f\u0131r (0) g\u00fcn veya S\u0131f\u0131r (0) ay<\/td><td>00,00 USD<\/td><td>00,00 TL<\/td><td>G\u00fcnde 00.00 USD<\/td><td>k\u00fc\u00e7\u00fck<\/td><td>\u2611 EVET<\/td><td>\u2611 EVET<\/td><td>100%<\/td><\/tr><tr><td>\u22c6Premium Hesap <\/td><td>Bir (1) g\u00fcn<\/td><td>03,31 USD<\/td><td>100,00 TL<\/td><td>G\u00fcnl\u00fck 03.31 USD<\/td><td>b\u00fcy\u00fck<\/td><td>\u2612 HAYIR<\/td><td>\u2611 EVET<\/td><td>100%<\/td><\/tr><tr><td> \u22c6Premium Hesap  <\/td><td>Yedi (7) g\u00fcn<\/td><td>08,27 USD<\/td><td>250,00 TL<\/td><td>G\u00fcnde 00.36 USD<\/td><td>b\u00fcy\u00fck<\/td><td>\u2612 HAYIR<\/td><td>\u2611 EVET<\/td><td>100%<\/td><\/tr><tr><td> \u22c6Premium Hesap  <\/td><td>Otuz (30) g\u00fcn veya bir (1) ay<\/td><td>10,92 USD<\/td><td>330,00 TL<\/td><td>G\u00fcnde 00.36 USD<\/td><td>b\u00fcy\u00fck<\/td><td>\u2612 HAYIR<\/td><td>\u2611 EVET<\/td><td>100%<\/td><\/tr><tr><td> \u22c6Premium Hesap  <\/td><td>Doksan (90) g\u00fcn veya bir (3) ay<\/td><td>23,82 USD<\/td><td>720,00 TL<\/td><td>G\u00fcnde 00.26 USD<\/td><td>b\u00fcy\u00fck<\/td><td>\u2612 HAYIR<\/td><td>\u2611 EVET<\/td><td>100%<\/td><\/tr><tr><td> \u22c6Premium Hesap  <\/td><td>Y\u00fcz seksen g\u00fcn (180) g\u00fcn veya alt\u0131 (6) ay<\/td><td>33,74 USD<\/td><td>1020,00 TL<\/td><td>G\u00fcnde 00.19 USD<\/td><td>b\u00fcy\u00fck<\/td><td>\u2612 HAYIR<\/td><td>\u2611 EVET<\/td><td>100%<\/td><\/tr><tr><td> \u22c6Premium Hesap  <\/td><td>\u00dc\u00e7 y\u00fcz altm\u0131\u015f be\u015f (365) g\u00fcn veya on iki (12) ay<\/td><td>48,63 USD<\/td><td>1470,00  TL<\/td><td>G\u00fcnde 00.13 USD<\/td><td>b\u00fcy\u00fck<\/td><td>\u2612 HAYIR<\/td><td>\u2611 EVET<\/td><td>100%<\/td><\/tr><tr><td> \u22c6Premium Hesap  <\/td><td>\u00d6m\u00fcr<\/td><td>397,00 USD<\/td><td>12.000,00 NT$<\/td><td>G\u00fcnde 00.01 USD<\/td><td>b\u00fcy\u00fck<\/td><td>\u2612 HAYIR<\/td><td>\u2611 EVET<\/td><td>100%<\/td><\/tr><\/tbody><\/table><\/figure>\n\n\n\n<figure class=\"wp-block-table\"><table class=\"\"><tbody><tr><td>YunFile \u00d6deme \u015eekilleri: Kullan\u0131c\u0131lar YunFile&#8217;in premium hesab\u0131n\u0131 Visa, MasterCard, PayPal, JCB, American Express, Amazon Hediye Kart\u0131, Perfect Money, WebMoney veya YunFile onayl\u0131 sat\u0131c\u0131lar\u0131 \u00fczerinden \u00f6deyebilirler.<\/td><\/tr><\/tbody><\/table><\/figure>\n\n\n\n<p>Kullan\u0131c\u0131lar, web sitesi, \u00f6zellikler, hizmetler, paketler, \u00f6demeler veya YunFile aboneli\u011fi ile ilgili herhangi bir sorun veya sorunla veya ba\u015fka endi\u015felerle kar\u015f\u0131la\u015f\u0131rsa, YunFile ileti\u015fim sayfas\u0131n\u0131n m\u00fc\u015fteri deste\u011fiyle resmi sitelerinde veya YunFile&#8217;in premium hesab\u0131n\u0131 bayilerin web sitelerinden sat\u0131n al\u0131rlar, daha sonra onlara ula\u015fmak i\u00e7in sat\u0131c\u0131n\u0131n ileti\u015fim bilgilerini bulmaya \u00e7al\u0131\u015fabilirler.<\/p>\n\n\n<a class=\"maxbutton-2 maxbutton maxbutton-cta\" target=\"_blank\" rel=\"nofollow noopener\" href=\"\/go\/\"><span class='mb-text'>&gt;&gt; Orijinal Linkifier Web Sitesine Git<\/span><\/a>\n\n\n<p><\/p>\n","protected":false},"excerpt":{"rendered":"<p>YunFile: Hakk\u0131nda Kullan\u0131c\u0131lar nerede olurlarsa olsunlar, nerede olurlarsa olsunlar kolayca dosya y\u00fcklemek, indirmek ve payla\u015fmak isterse ve para kazanmak istiyorlarsa<\/p>\n","protected":false},"author":2,"featured_media":0,"parent":0,"menu_order":0,"comment_status":"closed","ping_status":"closed","template":"","meta":[],"yoast_head":"<!-- This site is optimized with the Yoast SEO plugin v18.3 - https:\/\/yoast.com\/wordpress\/plugins\/seo\/ -->\n<title>YunFile Premium Hesap: Bir Bak\u0131\u015fta Filehoster<\/title>\n<meta name=\"description\" content=\"YunFile sayg\u0131n bir sa\u011flay\u0131c\u0131 m\u0131 de\u011fil mi, mevcut testte cevab\u0131 Multihoster.org&#039;da bulabilirsiniz \u279c \u015eimdi t\u0131klay\u0131n \u271a deneyimlerimizi okumak i\u00e7in!\" \/>\n<meta name=\"robots\" content=\"index, follow, max-snippet:-1, max-image-preview:large, max-video-preview:-1\" \/>\n<link rel=\"canonical\" href=\"https:\/\/multihoster.org\/tr\/yunfile\/\" \/>\n<meta property=\"og:locale\" content=\"tr_TR\" \/>\n<meta property=\"og:type\" content=\"article\" \/>\n<meta property=\"og:title\" content=\"YunFile Premium Hesap: Bir Bak\u0131\u015fta Filehoster\" \/>\n<meta property=\"og:description\" content=\"YunFile sayg\u0131n bir sa\u011flay\u0131c\u0131 m\u0131 de\u011fil mi, mevcut testte cevab\u0131 Multihoster.org&#039;da bulabilirsiniz \u279c \u015eimdi t\u0131klay\u0131n \u271a deneyimlerimizi okumak i\u00e7in!\" \/>\n<meta property=\"og:url\" content=\"https:\/\/multihoster.org\/tr\/yunfile\/\" \/>\n<meta property=\"og:site_name\" content=\"Multihoster.org\" \/>\n<meta property=\"article:modified_time\" content=\"2020-04-16T15:23:10+00:00\" \/>\n<meta property=\"og:image\" content=\"https:\/\/lh4.googleusercontent.com\/fj3S8nsdOLj7HIxsYANKIVnqFTQIpLjmUFGUFsciGOiKAhGMWk0eqW1AEh3Dhm2ld8wO2OHAKpUXdwTHzUvJfH9aRSaRlP8Lnipg7FTuKKm_ALOHzUTIvBOFzSynNUZkEyJiHLI\" \/>\n<meta name=\"twitter:card\" content=\"summary\" \/>\n<meta name=\"twitter:label1\" content=\"Tahmini okuma s\u00fcresi\" \/>\n\t<meta name=\"twitter:data1\" content=\"6 dakika\" \/>\n<script type=\"application\/ld+json\" class=\"yoast-schema-graph\">{\"@context\":\"https:\/\/schema.org\",\"@graph\":[{\"@type\":\"WebSite\",\"@id\":\"https:\/\/multihoster.org\/#website\",\"url\":\"https:\/\/multihoster.org\/\",\"name\":\"Multihoster.org\",\"description\":\"Reviews of the major Filehosting services\",\"potentialAction\":[{\"@type\":\"SearchAction\",\"target\":{\"@type\":\"EntryPoint\",\"urlTemplate\":\"https:\/\/multihoster.org\/?s={search_term_string}\"},\"query-input\":\"required name=search_term_string\"}],\"inLanguage\":\"tr\"},{\"@type\":\"ImageObject\",\"@id\":\"https:\/\/multihoster.org\/tr\/yunfile\/#primaryimage\",\"inLanguage\":\"tr\",\"url\":\"https:\/\/lh4.googleusercontent.com\/fj3S8nsdOLj7HIxsYANKIVnqFTQIpLjmUFGUFsciGOiKAhGMWk0eqW1AEh3Dhm2ld8wO2OHAKpUXdwTHzUvJfH9aRSaRlP8Lnipg7FTuKKm_ALOHzUTIvBOFzSynNUZkEyJiHLI\",\"contentUrl\":\"https:\/\/lh4.googleusercontent.com\/fj3S8nsdOLj7HIxsYANKIVnqFTQIpLjmUFGUFsciGOiKAhGMWk0eqW1AEh3Dhm2ld8wO2OHAKpUXdwTHzUvJfH9aRSaRlP8Lnipg7FTuKKm_ALOHzUTIvBOFzSynNUZkEyJiHLI\"},{\"@type\":\"WebPage\",\"@id\":\"https:\/\/multihoster.org\/tr\/yunfile\/#webpage\",\"url\":\"https:\/\/multihoster.org\/tr\/yunfile\/\",\"name\":\"YunFile Premium Hesap: Bir Bak\u0131\u015fta Filehoster\",\"isPartOf\":{\"@id\":\"https:\/\/multihoster.org\/#website\"},\"primaryImageOfPage\":{\"@id\":\"https:\/\/multihoster.org\/tr\/yunfile\/#primaryimage\"},\"datePublished\":\"2020-04-16T11:39:11+00:00\",\"dateModified\":\"2020-04-16T15:23:10+00:00\",\"description\":\"YunFile sayg\u0131n bir sa\u011flay\u0131c\u0131 m\u0131 de\u011fil mi, mevcut testte cevab\u0131 Multihoster.org'da bulabilirsiniz \u279c \u015eimdi t\u0131klay\u0131n \u271a deneyimlerimizi okumak i\u00e7in!\",\"breadcrumb\":{\"@id\":\"https:\/\/multihoster.org\/tr\/yunfile\/#breadcrumb\"},\"inLanguage\":\"tr\",\"potentialAction\":[{\"@type\":\"ReadAction\",\"target\":[\"https:\/\/multihoster.org\/tr\/yunfile\/\"]}]},{\"@type\":\"BreadcrumbList\",\"@id\":\"https:\/\/multihoster.org\/tr\/yunfile\/#breadcrumb\",\"itemListElement\":[{\"@type\":\"ListItem\",\"position\":1,\"name\":\"Startseite\",\"item\":\"https:\/\/multihoster.org\/tr\/\"},{\"@type\":\"ListItem\",\"position\":2,\"name\":\"YunFile Premium Hesap: Bir Bak\u0131\u015fta Filehoster\"}]}]}<\/script>\n<!-- \/ Yoast SEO plugin. -->","yoast_head_json":{"title":"YunFile Premium Hesap: Bir Bak\u0131\u015fta Filehoster","description":"YunFile sayg\u0131n bir sa\u011flay\u0131c\u0131 m\u0131 de\u011fil mi, mevcut testte cevab\u0131 Multihoster.org'da bulabilirsiniz \u279c \u015eimdi t\u0131klay\u0131n \u271a deneyimlerimizi okumak i\u00e7in!","robots":{"index":"index","follow":"follow","max-snippet":"max-snippet:-1","max-image-preview":"max-image-preview:large","max-video-preview":"max-video-preview:-1"},"canonical":"https:\/\/multihoster.org\/tr\/yunfile\/","og_locale":"tr_TR","og_type":"article","og_title":"YunFile Premium Hesap: Bir Bak\u0131\u015fta Filehoster","og_description":"YunFile sayg\u0131n bir sa\u011flay\u0131c\u0131 m\u0131 de\u011fil mi, mevcut testte cevab\u0131 Multihoster.org'da bulabilirsiniz \u279c \u015eimdi t\u0131klay\u0131n \u271a deneyimlerimizi okumak i\u00e7in!","og_url":"https:\/\/multihoster.org\/tr\/yunfile\/","og_site_name":"Multihoster.org","article_modified_time":"2020-04-16T15:23:10+00:00","og_image":[{"url":"https:\/\/lh4.googleusercontent.com\/fj3S8nsdOLj7HIxsYANKIVnqFTQIpLjmUFGUFsciGOiKAhGMWk0eqW1AEh3Dhm2ld8wO2OHAKpUXdwTHzUvJfH9aRSaRlP8Lnipg7FTuKKm_ALOHzUTIvBOFzSynNUZkEyJiHLI"}],"twitter_card":"summary","twitter_misc":{"Tahmini okuma s\u00fcresi":"6 dakika"},"schema":{"@context":"https:\/\/schema.org","@graph":[{"@type":"WebSite","@id":"https:\/\/multihoster.org\/#website","url":"https:\/\/multihoster.org\/","name":"Multihoster.org","description":"Reviews of the major Filehosting services","potentialAction":[{"@type":"SearchAction","target":{"@type":"EntryPoint","urlTemplate":"https:\/\/multihoster.org\/?s={search_term_string}"},"query-input":"required name=search_term_string"}],"inLanguage":"tr"},{"@type":"ImageObject","@id":"https:\/\/multihoster.org\/tr\/yunfile\/#primaryimage","inLanguage":"tr","url":"https:\/\/lh4.googleusercontent.com\/fj3S8nsdOLj7HIxsYANKIVnqFTQIpLjmUFGUFsciGOiKAhGMWk0eqW1AEh3Dhm2ld8wO2OHAKpUXdwTHzUvJfH9aRSaRlP8Lnipg7FTuKKm_ALOHzUTIvBOFzSynNUZkEyJiHLI","contentUrl":"https:\/\/lh4.googleusercontent.com\/fj3S8nsdOLj7HIxsYANKIVnqFTQIpLjmUFGUFsciGOiKAhGMWk0eqW1AEh3Dhm2ld8wO2OHAKpUXdwTHzUvJfH9aRSaRlP8Lnipg7FTuKKm_ALOHzUTIvBOFzSynNUZkEyJiHLI"},{"@type":"WebPage","@id":"https:\/\/multihoster.org\/tr\/yunfile\/#webpage","url":"https:\/\/multihoster.org\/tr\/yunfile\/","name":"YunFile Premium Hesap: Bir Bak\u0131\u015fta Filehoster","isPartOf":{"@id":"https:\/\/multihoster.org\/#website"},"primaryImageOfPage":{"@id":"https:\/\/multihoster.org\/tr\/yunfile\/#primaryimage"},"datePublished":"2020-04-16T11:39:11+00:00","dateModified":"2020-04-16T15:23:10+00:00","description":"YunFile sayg\u0131n bir sa\u011flay\u0131c\u0131 m\u0131 de\u011fil mi, mevcut testte cevab\u0131 Multihoster.org'da bulabilirsiniz \u279c \u015eimdi t\u0131klay\u0131n \u271a deneyimlerimizi okumak i\u00e7in!","breadcrumb":{"@id":"https:\/\/multihoster.org\/tr\/yunfile\/#breadcrumb"},"inLanguage":"tr","potentialAction":[{"@type":"ReadAction","target":["https:\/\/multihoster.org\/tr\/yunfile\/"]}]},{"@type":"BreadcrumbList","@id":"https:\/\/multihoster.org\/tr\/yunfile\/#breadcrumb","itemListElement":[{"@type":"ListItem","position":1,"name":"Startseite","item":"https:\/\/multihoster.org\/tr\/"},{"@type":"ListItem","position":2,"name":"YunFile Premium Hesap: Bir Bak\u0131\u015fta Filehoster"}]}]}},"_links":{"self":[{"href":"https:\/\/multihoster.org\/tr\/wp-json\/wp\/v2\/pages\/3769"}],"collection":[{"href":"https:\/\/multihoster.org\/tr\/wp-json\/wp\/v2\/pages"}],"about":[{"href":"https:\/\/multihoster.org\/tr\/wp-json\/wp\/v2\/types\/page"}],"author":[{"embeddable":true,"href":"https:\/\/multihoster.org\/tr\/wp-json\/wp\/v2\/users\/2"}],"replies":[{"embeddable":true,"href":"https:\/\/multihoster.org\/tr\/wp-json\/wp\/v2\/comments?post=3769"}],"version-history":[{"count":3,"href":"https:\/\/multihoster.org\/tr\/wp-json\/wp\/v2\/pages\/3769\/revisions"}],"predecessor-version":[{"id":3825,"href":"https:\/\/multihoster.org\/tr\/wp-json\/wp\/v2\/pages\/3769\/revisions\/3825"}],"wp:attachment":[{"href":"https:\/\/multihoster.org\/tr\/wp-json\/wp\/v2\/media?parent=3769"}],"curies":[{"name":"wp","href":"https:\/\/api.w.org\/{rel}","templated":true}]}}