{"id":3823,"date":"2020-04-16T14:55:32","date_gmt":"2020-04-16T14:55:32","guid":{"rendered":"https:\/\/multihoster.org\/movshare\/"},"modified":"2020-04-22T15:17:08","modified_gmt":"2020-04-22T15:17:08","slug":"movshare","status":"publish","type":"page","link":"https:\/\/multihoster.org\/tr\/movshare\/","title":{"rendered":"Movshare Premium Hesap: Bir Bak\u0131\u015fta Filehoster"},"content":{"rendered":"\n<div class=\"wp-block-image\"><figure class=\"alignleft is-resized\"><img loading=\"lazy\" src=\"https:\/\/lh3.googleusercontent.com\/MLiKmLZbc9NrvE2Mar1qwpZVlqILKjQk8z9aY5Q2gD-uOg307wXEcHv6KvoJnlW5fNz81gNpaduEG_LoToiN2Lu-b_WBGYb0Jpi9cTEc2-6W4yh0MlLHEvpyG1CXXtOW06IQUAzV\" alt=\"Movshare logo\" width=\"223\" height=\"71\"\/><\/figure><\/div>\n\n\n\n<p>G\u00fcn\u00fcm\u00fcz modern \u00e7a\u011f\u0131nda, b\u00fcy\u00fck dosyalar\u0131 ta\u015f\u0131mak ve depolamak hi\u00e7 bu kadar kolay olmam\u0131\u015ft\u0131. \u0130nternette h\u0131zl\u0131 bir arama, y\u00fczlerce ve binlerce dosya bar\u0131nd\u0131rma ve web sitelerini payla\u015fmaya ve ihtiya\u00e7lar\u0131n\u0131z\u0131 kar\u015f\u0131layacak do\u011fru olan\u0131 bulmak hantal olabilir. \u0130ster ki\u015fisel kullan\u0131m i\u00e7in, ister projelerinizdeki ve i\u015finizdeki b\u00fcy\u00fck dosyalar i\u00e7in bir yedek olarak olsun, g\u00fcvenilir bir dosya bar\u0131nd\u0131r\u0131c\u0131s\u0131n\u0131 bulmak zor olabilir. H\u0131zl\u0131, g\u00fcvenli ve g\u00fcvenilir birinci s\u0131n\u0131f bir hizmet Movshare&#8217;dir. Movshare, kullan\u0131c\u0131lara di\u011fer dosya bar\u0131nd\u0131rma hizmetlerinin maliyetinin \u00e7ok alt\u0131nda birinci s\u0131n\u0131f hizmet sunmak i\u00e7in modern teknoloji ve y\u00f6ntemleri kullanarak, birden \u00e7ok cihazda kolay eri\u015fim sa\u011flayan dosya bar\u0131nd\u0131rma hizmetleri sa\u011flar.<\/p>\n\n\n<a class=\"maxbutton-2 maxbutton maxbutton-cta\" target=\"_blank\" rel=\"nofollow noopener\" href=\"\/go\/\"><span class='mb-text'>&gt;&gt; Orijinal Linkifier Web Sitesine Git<\/span><\/a>\n\n\n<p><\/p>\n\n\n\n<h2>MOVSHARE PREMIUM NED\u0130R?<\/h2>\n\n\n\n<p>Movshare, kullan\u0131c\u0131lar\u0131na h\u0131zl\u0131 ve g\u00fcvenilir hizmet sunmak i\u00e7in <a href=\"https:\/\/searchstorage.techtarget.com\/definition\/cloud-storage\" target=\"_blank\" rel=\"noreferrer noopener\" aria-label=\"bulut depolama (opens in a new tab)\">bulut depolama<\/a>, karma\u015f\u0131k g\u00fcvenlik algoritmalar\u0131 ve dosya \u015fifreleme kullanan g\u00fcvenilir, g\u00fcvenli ve basit bir dosya bar\u0131nd\u0131rma hizmetidir. Premium Hesaba kaydolmak, dosya y\u00fckleme ve dosyalar\u0131 s\u0131n\u0131rs\u0131z h\u0131zda indirme, ak\u0131ll\u0131 telefonlar, masa\u00fcst\u00fc bilgisayarlar veya diz\u00fcst\u00fc bilgisayarlar gibi birden fazla cihaz\u0131n\u0131zdaki dosyalar\u0131 senkronize etme gibi \u00f6zelliklerin keyfini \u00e7\u0131karman\u0131za ve ayr\u0131ca i\u00e7eri\u011finizi ve medyan\u0131z\u0131 y\u00fczlerce ki\u015fiyle payla\u015fman\u0131za olanak tan\u0131r. d\u00fcnyadaki di\u011fer kullan\u0131c\u0131lar\u0131n Movshare, kullan\u0131c\u0131lar\u0131na foto\u011fraf, video, m\u00fczik, pdf dosyas\u0131, zip dosyas\u0131 ve \u00e7ok daha fazlas\u0131 gibi \u00e7ok \u00e7e\u015fitli dosya t\u00fcrleri y\u00fcklemelerine izin verir. T\u00fcm bu kolayl\u0131k ve rahatl\u0131k ile yap\u0131l\u0131r ve $ 9.99 gibi d\u00fc\u015f\u00fck bir abonelik planlar\u0131 ile Movshare, en pop\u00fcler dosya bar\u0131nd\u0131rma web sitelerini bile banka bozmadan rakiplerine hizmet veren bug\u00fcn kullanabilece\u011finiz en ucuz premium dosya bar\u0131nd\u0131rma hizmetlerinden biridir. g\u00fcvenlikten \u00f6d\u00fcn vermeden.<\/p>\n\n\n\n<h2>NEDEN B\u0130R MOVSHARE PREMIUM HESABI VARDIR?<\/h2>\n\n\n\n<div class=\"wp-block-image\"><figure class=\"aligncenter\"><img src=\"https:\/\/lh4.googleusercontent.com\/K3gC3IH67GdYYG4EAprfsJp6Z2PlVgnvtVKGspGdO0zsRkUmp4hAJKciX6eG86Brvf-lfby-6dJpkE8G_DNxX2CTTZA88iMs7Q6XOeDX6oqq-JxNedsMYlaRVEWk5S4aLXclDqHP\" alt=\"Cloud sharing for everyone!\"\/><\/figure><\/div>\n\n\n\n<h3>SINIRSIZ HIZLAR<\/h3>\n\n\n\n<p>T\u00fcm Premium hesap kullan\u0131c\u0131lar\u0131 maksimum h\u0131zda dosya indirip y\u00fckleyebilir. Bu, \u0130nternet ba\u011flant\u0131 sa\u011flay\u0131c\u0131n\u0131z\u0131n izin verdi\u011fi maksimum h\u0131zda dosya y\u00fckleyece\u011finiz ve indirece\u011finiz anlam\u0131na gelir. Dosyalar\u0131 y\u00fcklerken ve indirirken s\u0131n\u0131rl\u0131 <a href=\"https:\/\/techterms.com\/definition\/bandwidth\" target=\"_blank\" rel=\"noreferrer noopener\" aria-label=\"bant geni\u015fli\u011fine (opens in a new tab)\">bant geni\u015fli\u011fine<\/a> sahip olacak \u00fccretsiz kullan\u0131c\u0131lar\u0131n aksine, premium kullan\u0131c\u0131 olmak dosyalar\u0131n\u0131za herhangi bir k\u0131s\u0131tlama olmadan kolayca eri\u015fmenize ve payla\u015fman\u0131za olanak tan\u0131r. H\u0131zl\u0131 ve s\u0131n\u0131rs\u0131z h\u0131z, i\u00e7erik ve medyay\u0131 \u00e7o\u011fu kullan\u0131c\u0131dan daha h\u0131zl\u0131 sa\u011flayabilece\u011finiz, payla\u015fabilece\u011finiz veya aktarabilece\u011finiz anlam\u0131na gelir ve ayr\u0131ca di\u011fer kullan\u0131c\u0131lar taraf\u0131ndan payla\u015f\u0131lan ve saklanan i\u00e7eri\u011fe sorunsuzca eri\u015fmenizi sa\u011flar.<\/p>\n\n\n\n<h3>BEKLEME S\u00dcRELER\u0130 YOK<\/h3>\n\n\n\n<p>\u00dccretsiz kullan\u0131c\u0131lar, Movshare&#8217;in kullan\u0131c\u0131 taraf\u0131ndan payla\u015f\u0131lan geni\u015f dosya ve i\u00e7erik kitapl\u0131\u011f\u0131ndan indirmeden \u00f6nce reklamlar\u0131 beklemek ve izlemek zorunda kalacak. Premium olmayan kullan\u0131c\u0131lar da kullanmak i\u00e7in s\u0131n\u0131rl\u0131 bant geni\u015fli\u011fine sahip olacak ve indirme ve y\u00fckleme i\u015flemleri i\u00e7in d\u00fc\u015f\u00fck \u00f6nceli\u011fe sahip olacaklard\u0131r. Bununla birlikte, premium bir hesaba kaydolmak, reklamlarla u\u011fra\u015fmak ve indirme i\u015fleminizin ba\u015flamas\u0131n\u0131 beklemek zorunda kalmadan, b\u00fcy\u00fck dosyalara istedi\u011finiz zaman an\u0131nda eri\u015fmenizi sa\u011flar. Dosyalar\u0131 indirirken veya y\u00fcklerken de y\u00fcksek \u00f6nceli\u011fe sahip olabilirsiniz. Birden fazla kullan\u0131c\u0131 ayn\u0131 dosyay\u0131 indirdi\u011finde, premium kullan\u0131c\u0131lar en y\u00fcksek \u00f6nceli\u011fe sahiptir. \u00dccretsiz kullan\u0131c\u0131lar da art arda dosyalar\u0131 indirmeleri i\u00e7in 2 saat beklemek zorunda kalacaklar, \u00d6te yandan, Premium Hesap sahipleri her zaman, her yerde her \u015feye eri\u015febilirler. Premium bir hesaba sahip olmak, ba\u015fka bir dosyay\u0131 indirmeden \u00f6nce beklemek zorunda kalmadan ayn\u0131 anda birden fazla dosya indirmenize izin verir.<\/p>\n\n\n\n<h3>G\u00dcVENL\u0130 DOSYA DEPOLAMA<\/h3>\n\n\n\n<p>Movshare kullan\u0131c\u0131lar\u0131na g\u00fcvenli ve garantili bir koruma sa\u011flar, ancak premium kullan\u0131c\u0131lar dosyalar\u0131n\u0131 k\u00f6t\u00fc niyetli ama\u00e7lardan koruma konusunda daha g\u00fcvenli protokollere ve i\u015flemlere eri\u015febilir. Premium kullan\u0131c\u0131lara dosyalar\u0131 gizleme yetene\u011fi sa\u011flayarak, yaln\u0131zca siz ve belirli bir dosyaya <a href=\"https:\/\/www.free-webhosts.com\/definition\/direct-linking.php\" target=\"_blank\" rel=\"noreferrer noopener\" aria-label=\"do\u011frudan ba\u011flant\u0131lar\u0131  (opens in a new tab)\">do\u011frudan ba\u011flant\u0131lar\u0131 <\/a>olan ki\u015filer dosyaya eri\u015febilir ve indirebilir. Di\u011fer kullan\u0131c\u0131lar, Movshare&#8217;in dosya dizininden gizledi\u011finiz dosyalar\u0131 arayamaz. Ayr\u0131ca, kendi dosyalar\u0131n\u0131z\u0131 bir parola ile koruma alt\u0131na alma se\u00e7ene\u011finiz olacak, b\u00f6ylece Movshare&#8217;in kendi g\u00fcvenlik hizmetiyle birlikte \u00e7al\u0131\u015fan ba\u015fka bir koruma katman\u0131 ekleyeceksiniz. Movshare&#8217;in premium \u015fifrelemesi, y\u00fckledi\u011finiz t\u00fcm dosyalar\u0131n g\u00fcvenli olmas\u0131n\u0131 ve yetkisiz ve yasa d\u0131\u015f\u0131 eri\u015fim taraf\u0131ndan herhangi bir manip\u00fclasyondan ar\u0131nd\u0131r\u0131lmas\u0131n\u0131 sa\u011flar.<\/p>\n\n\n\n<h3>Y\u00dcKSEK DEPOLAMA SINIRI<\/h3>\n\n\n\n<p>Movshare&#8217;in bulut depolama alan\u0131ndan yararlanarak, t\u00fcm \u00fccretsiz kullan\u0131c\u0131lar\u0131n 10 GB&#8217;a kadar \u00fccretsiz depolama alan\u0131 olabilir. \u00d6te yandan, premium hesap hizmetinden yararland\u0131\u011f\u0131n\u0131zda, 100 gb&#8217;a kadar depolama alan\u0131 sa\u011flan\u0131r. Bu depolama alan\u0131 videolar, projeler veya di\u011fer i\u00e7erikler gibi b\u00fcy\u00fck dosyalar i\u00e7in optimize edilmi\u015ftir. S\u0131n\u0131rs\u0131z indirme ve y\u00fckleme h\u0131zlar\u0131yla birlikte, daha y\u00fcksek depolama alan\u0131 s\u0131n\u0131r\u0131, sorunsuz ve istisnas\u0131z olarak kendi ba\u015f\u0131n\u0131za kullanman\u0131za olanak tan\u0131r. Premium kullan\u0131c\u0131 olmay\u0131 se\u00e7ti\u011finizde, h\u0131zl\u0131 ve g\u00fcvenli depolama ihtiya\u00e7lar\u0131n\u0131z\u0131 kar\u015f\u0131lamak i\u00e7in depolama s\u0131n\u0131r\u0131nda esnek bir art\u0131\u015f da sa\u011flanacakt\u0131r. Y\u00fckleme ayr\u0131ca \u00fccretsiz kullan\u0131c\u0131lar i\u00e7in 1 gb ile s\u0131n\u0131rl\u0131d\u0131r, ancak premium kullan\u0131c\u0131 olarak bulut sunucular\u0131na dosya ba\u015f\u0131na 4 gb&#8217;a kadar y\u00fckleyebilirsiniz.<\/p>\n\n\n<a class=\"maxbutton-2 maxbutton maxbutton-cta\" target=\"_blank\" rel=\"nofollow noopener\" href=\"\/go\/\"><span class='mb-text'>&gt;&gt; Orijinal Linkifier Web Sitesine Git<\/span><\/a>\n\n\n<h3>DOSYA SENKRON\u0130ZASYONU<\/h3>\n\n\n\n<p>Dosya senkronizasyonu, dosyalar\u0131n\u0131za internete ba\u011fl\u0131 oldu\u011fu s\u00fcrece istedi\u011finiz zaman ve her yerden eri\u015fmenizi sa\u011flar. Ki\u015fisel bilgisayar\u0131n\u0131zda, Android veya iOS cihaz\u0131n\u0131zda, diz\u00fcst\u00fc bilgisayar\u0131n\u0131zda veya i\u015fyerinizde olsun, Movshare y\u00fckledi\u011finiz dosyalar\u0131n t\u00fcm\u00fcn\u00fcn cihazlar\u0131n\u0131z aras\u0131nda senkronize edilmesini sa\u011flar. Bu, bir dosyada yap\u0131lan de\u011fi\u015fikliklerin (elektronik tablo program\u0131ndaki belgeleri d\u00fczenleme gibi) ba\u011fl\u0131 t\u00fcm cihazlar\u0131n\u0131zda ayn\u0131 olaca\u011f\u0131 anlam\u0131na gelir. Bu, neredeyse ger\u00e7ek zamanl\u0131 olarak g\u00fcncellendi\u011fi i\u00e7in farkl\u0131 cihazlardan dosya aktar\u0131m\u0131 i\u00e7in daha az zaman\u0131n\u0131z olaca\u011f\u0131 anlam\u0131na gelir.<\/p>\n\n\n\n<h3>7\/24 DESTEK<\/h3>\n\n\n\n<p>Movshare&#8217;in destek ekibine, kullan\u0131c\u0131lar\u0131n sorunla kar\u015f\u0131la\u015fmas\u0131 durumunda her zaman ula\u015f\u0131labilir. \u0130ster kendi hesaplar\u0131na eri\u015fmeyle ilgili sorunlar, ister dosya y\u00fckleme ve indirme hatalar\u0131 veya Movshare taraf\u0131ndan sa\u011flanan hizmetler ve ara\u00e7lar hakk\u0131nda genel sorular olsun, kullan\u0131c\u0131lar destek ekibine ula\u015fabilir ve sorgular\u0131n\u0131 hemen yan\u0131tlayabilir. Premium kullan\u0131c\u0131 olarak, kuyrukta daha y\u00fcksek bir \u00f6nceli\u011fe sahip olacaks\u0131n\u0131z ve bunu yapmay\u0131 se\u00e7erseniz destek ekibiyle ger\u00e7ek zamanl\u0131 olarak sohbet edebilirsiniz.<\/p>\n\n\n\n<h2>MOVSHARE&#8217;\u0130N UCUZ PREMIUM SERV\u0130S ABONEL\u0130\u011e\u0130<\/h2>\n\n\n\n<p>Movshare bug\u00fcn bo\u015funa olabilir ucuz dosya bar\u0131nd\u0131rma hizmetleri aras\u0131ndad\u0131r. Premium hesaplar\u0131n\u0131n \u00fccretsiz kullan\u0131c\u0131lara g\u00f6re tonlarca avantaj\u0131 ve avantaj\u0131 vard\u0131r. Movshare&#8217;in Premium Hesap hizmetinden yararlanmay\u0131 se\u00e7erseniz, size \u00e7ok say\u0131da \u00f6deme y\u00f6ntemi sa\u011flanacakt\u0131r. \u0130nternetteki di\u011fer dosya bar\u0131nd\u0131rma hizmetlerine k\u0131yasla, Movshare&#8217;in aboneli\u011fi esnektir ve en \u00f6nemlisi ucuzdur. Bu, Movshare&#8217;in kullan\u0131c\u0131lar\u0131na sa\u011flad\u0131\u011f\u0131 kalite ve g\u00fcvenlikten \u00f6d\u00fcn vermeden gelir. Sadece 9,99 $ kar\u015f\u0131l\u0131\u011f\u0131nda 30 g\u00fcn boyunca premium avantajlardan yararlanmaya ba\u015flayabilirsiniz. Daha uzun depolama planlar\u0131na ihtiyac\u0131n\u0131z olmas\u0131 durumunda, ihtiya\u00e7lar\u0131n\u0131za uygun \u00e7e\u015fitli se\u00e7enekler mevcuttur. Abonelik planlar\u0131ndaki bir dizi se\u00e7enekle, herkes premium hizmetleri uygun bir \u015fekilde kullanabilir. Di\u011fer dosya bar\u0131nd\u0131rma hizmetleri Movshare daha iyi sa\u011flayabilir neredeyse ayn\u0131 \u00f6zellikler i\u00e7in daha fazla \u00fccret talep edecektir. Kullanabilece\u011finiz t\u00fcm avantajlardan yararlanmak i\u00e7in premium bir hesap kullanmak hi\u00e7 bu kadar kolay olmam\u0131\u015ft\u0131.<\/p>\n\n\n\n<h2>MOVSHARE PREMIUM HESABI NASIL YAPILIR?<\/h2>\n\n\n\n<p>Kay\u0131t sayfas\u0131na y\u00f6nlendiren bir ba\u011flant\u0131 Movshare&#8217;in web sayfas\u0131nda bulunabilir. H\u0131zl\u0131, verimli ve herkesin kullanmas\u0131 kolay olacak \u015fekilde tasarlanan web sayfas\u0131nda verilen t\u00fcm talimatlar, premium bir hesap kullanmak isteyen herkesin sorunsuz bir \u015fekilde kaydolmas\u0131n\u0131 sa\u011flar. Sadece gerekli bilgileri doldurun, se\u00e7ti\u011finiz aboneli\u011fin s\u00fcresini se\u00e7in, g\u00fcvenli \u00f6deme sayfas\u0131na y\u00f6nlendirileceksiniz. \u00d6demenizi se\u00e7in ve size g\u00f6nderilen onay e-postas\u0131n\u0131 bekleyin ve giri\u015f yapt\u0131ktan sonra g\u00fcvenlik kodunu girin ve Movshare&#8217;in premium avantajlar\u0131ndan yararlanmaya haz\u0131rs\u0131n\u0131z.<\/p>\n\n\n\n<h2>MOVSHARE&#8217;\u0130N ABONEL\u0130K PLANLARI<\/h2>\n\n\n\n<p>\u00dccretsiz kullan\u0131c\u0131lar i\u00e7in 3 g\u00fcnl\u00fck premium deneme s\u00fcr\u00fcm\u00fc mevcuttur. Bu, premium kullan\u0131c\u0131 olman\u0131n avantajlar\u0131n\u0131n \u00e7o\u011funu i\u00e7erir, ancak y\u00fckledikleri dosya, belge veya medya silinmeden 15 g\u00fcn \u00f6nce olacakt\u0131r. T\u00fcm premium hesap kullan\u0131c\u0131lar\u0131, dosyalar\u0131n\u0131 bulut sunucular\u0131m\u0131zda sonsuza kadar saklayabilir. Daha uzun bir abonelik se\u00e7erseniz, yeni kullan\u0131c\u0131lara indirimler sa\u011flan\u0131r. Movshare&#8217;in premium hizmetine art arda abone olmak da bu indirimlerin keyfini \u00e7\u0131karman\u0131z\u0131 sa\u011flar ve geri d\u00f6nen aboneler de kabul edilir. 12 ay boyunca premium hizmetten faydaland\u0131\u011f\u0131n\u0131zda% 20&#8217;ye kadar indirimden yararlanabilirsiniz. Movshare&#8217;in prim planlar\u0131 a\u015fa\u011f\u0131daki gibidir:<\/p>\n\n\n\n<figure class=\"wp-block-table\"><table class=\"\"><tbody><tr><td>S\u00dcRE<\/td><td>F\u0130YAT<\/td><\/tr><tr><td>3 G\u00dcN PREMIUM <\/td><td>\u00dcCRETS\u0130Z DENEME<\/td><\/tr><tr><td>30 G\u00dcN PREMIUM <\/td><td>$9.99  <\/td><\/tr><tr><td>60 G\u00dcN PREMIUM <\/td><td>$18.99  <\/td><\/tr><tr><td>90 G\u00dcN PREMIUM <\/td><td>$24.99&nbsp;&nbsp;<\/td><\/tr><tr><td>180 G\u00dcN PREMIUM <\/td><td>$49.99<\/td><\/tr><tr><td>1 YILLIK PREMIUM<\/td><td>$99.99<\/td><\/tr><\/tbody><\/table><\/figure>\n\n\n\n<figure class=\"wp-block-table\"><table class=\"\"><tbody><tr><td>\u00d6ZN\u0130TELL\u0130KLER<\/td><td>BEDAVA<\/td><td>PREMIUM<\/td><\/tr><tr><td>\u0130ndirme \/ Y\u00fckleme S\u0131n\u0131r\u0131<\/td><td>Her seferinde 1 dosya<\/td><td>Limit yok<\/td><\/tr><tr><td>Y\u00fcklemeler i\u00e7in bekleme s\u00fcresi<\/td><td>2 saat<\/td><td>Limit yok<\/td><\/tr><tr><td>H\u0131z ve Bant Geni\u015fli\u011fi tahsisi<\/td><td>S\u0131n\u0131rl\u0131<\/td><td>S\u0131n\u0131rs\u0131z<\/td><\/tr><tr><td>Dosya s\u00fcresi<\/td><td>15 g\u00fcn<\/td><td>S\u0131n\u0131rs\u0131z<\/td><\/tr><tr><td>S\u0131radaki \u00f6ncelik<\/td><td>D\u00fc\u015f\u00fck<\/td><td>Maksimum<\/td><\/tr><\/tbody><\/table><\/figure>\n\n\n\n<p>Movshare, size uygun bir premium kullan\u0131c\u0131 olman\u0131n geni\u015f avantajlar\u0131ndan yararlanman\u0131za olanak tan\u0131yan \u00e7ok \u00e7e\u015fitli \u00f6deme y\u00f6ntemlerine sahiptir. Visa, Mastercard ve American Express gibi \u00e7o\u011fu kredi kart\u0131 kabul edilir. Paypal \u00fczerinden online \u00f6deme de mevcuttur. Bunlar\u0131 daha uygun bulman\u0131z durumunda ba\u015fka \u00f6deme y\u00f6ntemleri de mevcuttur. Movshare, t\u00fcm \u00f6deme y\u00f6ntemlerinin g\u00fcvenli olmas\u0131n\u0131 sa\u011flar.<\/p>\n\n\n\n<div class=\"wp-block-image\"><figure class=\"aligncenter\"><img src=\"https:\/\/lh6.googleusercontent.com\/fzpCdnSsd7rxMxNU1fvvym8MRZgAihM7rvWUXa__J5MIDsaBK3XVYFX6RWAQXNFYM_AauM22kaDp-2_wSJq-xLqFDwUBDin6AvBVFOE_E1VRRNb5bm3nbSYjmPHrRseaOuxK6Xxn\" alt=\"Movshare Payment Methods\"\/><\/figure><\/div>\n\n\n\n<h2>KULLANICI G\u0130ZL\u0130L\u0130\u011e\u0130 VE G\u00dcVENL\u0130\u011e\u0130<\/h2>\n\n\n\n<p>Premium kullan\u0131c\u0131s\u0131 taraf\u0131ndan ki\u015fisel bilgiler, ileti\u015fim numaralar\u0131, \u015fifreler ve y\u00fcklenen dosyalar gibi payla\u015f\u0131lan bilgiler, karma\u015f\u0131k \u015fifreleme ile saklan\u0131r ve g\u00fcvence alt\u0131na al\u0131n\u0131r. Depolanan dosyalar\u0131n\u0131za ve medyan\u0131za yetkisiz eri\u015fimi \u00f6nlemek i\u00e7in \u00e7e\u015fitli g\u00fcvenlik d\u00fczeyleri uygulan\u0131r. Bulut sunucular\u0131na y\u00fcklenen t\u00fcm verilerin her zaman g\u00fcvenli olmas\u0131n\u0131 sa\u011flamak Movshare&#8217;in en \u00f6nemli \u00f6nceli\u011fidir. \u015e\u00fcpheli faaliyetler i\u00e7in yak\u0131n ve titiz bir izleme, m\u00fchendisleri ve uzmanlar\u0131 taraf\u0131ndan, kullan\u0131c\u0131lar\u0131na en \u00fcst d\u00fczeyde hizmet sa\u011flamak i\u00e7in her zaman s\u00fcrd\u00fcr\u00fcl\u00fcr.<\/p>\n\n\n<a class=\"maxbutton-2 maxbutton maxbutton-cta\" target=\"_blank\" rel=\"nofollow noopener\" href=\"\/go\/\"><span class='mb-text'>&gt;&gt; Orijinal Linkifier Web Sitesine Git<\/span><\/a>","protected":false},"excerpt":{"rendered":"<p>G\u00fcn\u00fcm\u00fcz modern \u00e7a\u011f\u0131nda, b\u00fcy\u00fck dosyalar\u0131 ta\u015f\u0131mak ve depolamak hi\u00e7 bu kadar kolay olmam\u0131\u015ft\u0131. \u0130nternette h\u0131zl\u0131 bir arama, y\u00fczlerce ve binlerce<\/p>\n","protected":false},"author":2,"featured_media":0,"parent":0,"menu_order":0,"comment_status":"closed","ping_status":"closed","template":"","meta":[],"yoast_head":"<!-- This site is optimized with the Yoast SEO plugin v18.3 - https:\/\/yoast.com\/wordpress\/plugins\/seo\/ -->\n<title>Movshare Premium Hesap \u2013 Bir Bak\u0131\u015fta Filehoster<\/title>\n<meta name=\"description\" content=\"Movshare sayg\u0131n bir sa\u011flay\u0131c\u0131 m\u0131 de\u011fil mi, cevab\u0131 Multihoster.org&#039;daki mevcut testte bulabilirsiniz \u279c \u015eimdi t\u0131klay\u0131n \u271a deneyimlerimizi okumak i\u00e7in!\" \/>\n<meta name=\"robots\" content=\"index, follow, max-snippet:-1, max-image-preview:large, max-video-preview:-1\" \/>\n<link rel=\"canonical\" href=\"https:\/\/multihoster.org\/tr\/movshare\/\" \/>\n<meta property=\"og:locale\" content=\"tr_TR\" \/>\n<meta property=\"og:type\" content=\"article\" \/>\n<meta property=\"og:title\" content=\"Movshare Premium Hesap \u2013 Bir Bak\u0131\u015fta Filehoster\" \/>\n<meta property=\"og:description\" content=\"Movshare sayg\u0131n bir sa\u011flay\u0131c\u0131 m\u0131 de\u011fil mi, cevab\u0131 Multihoster.org&#039;daki mevcut testte bulabilirsiniz \u279c \u015eimdi t\u0131klay\u0131n \u271a deneyimlerimizi okumak i\u00e7in!\" \/>\n<meta property=\"og:url\" content=\"https:\/\/multihoster.org\/tr\/movshare\/\" \/>\n<meta property=\"og:site_name\" content=\"Multihoster.org\" \/>\n<meta property=\"article:modified_time\" content=\"2020-04-22T15:17:08+00:00\" \/>\n<meta property=\"og:image\" content=\"https:\/\/lh3.googleusercontent.com\/MLiKmLZbc9NrvE2Mar1qwpZVlqILKjQk8z9aY5Q2gD-uOg307wXEcHv6KvoJnlW5fNz81gNpaduEG_LoToiN2Lu-b_WBGYb0Jpi9cTEc2-6W4yh0MlLHEvpyG1CXXtOW06IQUAzV\" \/>\n<meta name=\"twitter:card\" content=\"summary\" \/>\n<meta name=\"twitter:label1\" content=\"Tahmini okuma s\u00fcresi\" \/>\n\t<meta name=\"twitter:data1\" content=\"9 dakika\" \/>\n<script type=\"application\/ld+json\" class=\"yoast-schema-graph\">{\"@context\":\"https:\/\/schema.org\",\"@graph\":[{\"@type\":\"WebSite\",\"@id\":\"https:\/\/multihoster.org\/#website\",\"url\":\"https:\/\/multihoster.org\/\",\"name\":\"Multihoster.org\",\"description\":\"Reviews of the major Filehosting services\",\"potentialAction\":[{\"@type\":\"SearchAction\",\"target\":{\"@type\":\"EntryPoint\",\"urlTemplate\":\"https:\/\/multihoster.org\/?s={search_term_string}\"},\"query-input\":\"required name=search_term_string\"}],\"inLanguage\":\"tr\"},{\"@type\":\"ImageObject\",\"@id\":\"https:\/\/multihoster.org\/tr\/movshare\/#primaryimage\",\"inLanguage\":\"tr\",\"url\":\"https:\/\/lh3.googleusercontent.com\/MLiKmLZbc9NrvE2Mar1qwpZVlqILKjQk8z9aY5Q2gD-uOg307wXEcHv6KvoJnlW5fNz81gNpaduEG_LoToiN2Lu-b_WBGYb0Jpi9cTEc2-6W4yh0MlLHEvpyG1CXXtOW06IQUAzV\",\"contentUrl\":\"https:\/\/lh3.googleusercontent.com\/MLiKmLZbc9NrvE2Mar1qwpZVlqILKjQk8z9aY5Q2gD-uOg307wXEcHv6KvoJnlW5fNz81gNpaduEG_LoToiN2Lu-b_WBGYb0Jpi9cTEc2-6W4yh0MlLHEvpyG1CXXtOW06IQUAzV\"},{\"@type\":\"WebPage\",\"@id\":\"https:\/\/multihoster.org\/tr\/movshare\/#webpage\",\"url\":\"https:\/\/multihoster.org\/tr\/movshare\/\",\"name\":\"Movshare Premium Hesap \u2013 Bir Bak\u0131\u015fta Filehoster\",\"isPartOf\":{\"@id\":\"https:\/\/multihoster.org\/#website\"},\"primaryImageOfPage\":{\"@id\":\"https:\/\/multihoster.org\/tr\/movshare\/#primaryimage\"},\"datePublished\":\"2020-04-16T14:55:32+00:00\",\"dateModified\":\"2020-04-22T15:17:08+00:00\",\"description\":\"Movshare sayg\u0131n bir sa\u011flay\u0131c\u0131 m\u0131 de\u011fil mi, cevab\u0131 Multihoster.org'daki mevcut testte bulabilirsiniz \u279c \u015eimdi t\u0131klay\u0131n \u271a deneyimlerimizi okumak i\u00e7in!\",\"breadcrumb\":{\"@id\":\"https:\/\/multihoster.org\/tr\/movshare\/#breadcrumb\"},\"inLanguage\":\"tr\",\"potentialAction\":[{\"@type\":\"ReadAction\",\"target\":[\"https:\/\/multihoster.org\/tr\/movshare\/\"]}]},{\"@type\":\"BreadcrumbList\",\"@id\":\"https:\/\/multihoster.org\/tr\/movshare\/#breadcrumb\",\"itemListElement\":[{\"@type\":\"ListItem\",\"position\":1,\"name\":\"Startseite\",\"item\":\"https:\/\/multihoster.org\/tr\/\"},{\"@type\":\"ListItem\",\"position\":2,\"name\":\"Movshare Premium Hesap: Bir Bak\u0131\u015fta Filehoster\"}]}]}<\/script>\n<!-- \/ Yoast SEO plugin. -->","yoast_head_json":{"title":"Movshare Premium Hesap \u2013 Bir Bak\u0131\u015fta Filehoster","description":"Movshare sayg\u0131n bir sa\u011flay\u0131c\u0131 m\u0131 de\u011fil mi, cevab\u0131 Multihoster.org'daki mevcut testte bulabilirsiniz \u279c \u015eimdi t\u0131klay\u0131n \u271a deneyimlerimizi okumak i\u00e7in!","robots":{"index":"index","follow":"follow","max-snippet":"max-snippet:-1","max-image-preview":"max-image-preview:large","max-video-preview":"max-video-preview:-1"},"canonical":"https:\/\/multihoster.org\/tr\/movshare\/","og_locale":"tr_TR","og_type":"article","og_title":"Movshare Premium Hesap \u2013 Bir Bak\u0131\u015fta Filehoster","og_description":"Movshare sayg\u0131n bir sa\u011flay\u0131c\u0131 m\u0131 de\u011fil mi, cevab\u0131 Multihoster.org'daki mevcut testte bulabilirsiniz \u279c \u015eimdi t\u0131klay\u0131n \u271a deneyimlerimizi okumak i\u00e7in!","og_url":"https:\/\/multihoster.org\/tr\/movshare\/","og_site_name":"Multihoster.org","article_modified_time":"2020-04-22T15:17:08+00:00","og_image":[{"url":"https:\/\/lh3.googleusercontent.com\/MLiKmLZbc9NrvE2Mar1qwpZVlqILKjQk8z9aY5Q2gD-uOg307wXEcHv6KvoJnlW5fNz81gNpaduEG_LoToiN2Lu-b_WBGYb0Jpi9cTEc2-6W4yh0MlLHEvpyG1CXXtOW06IQUAzV"}],"twitter_card":"summary","twitter_misc":{"Tahmini okuma s\u00fcresi":"9 dakika"},"schema":{"@context":"https:\/\/schema.org","@graph":[{"@type":"WebSite","@id":"https:\/\/multihoster.org\/#website","url":"https:\/\/multihoster.org\/","name":"Multihoster.org","description":"Reviews of the major Filehosting services","potentialAction":[{"@type":"SearchAction","target":{"@type":"EntryPoint","urlTemplate":"https:\/\/multihoster.org\/?s={search_term_string}"},"query-input":"required name=search_term_string"}],"inLanguage":"tr"},{"@type":"ImageObject","@id":"https:\/\/multihoster.org\/tr\/movshare\/#primaryimage","inLanguage":"tr","url":"https:\/\/lh3.googleusercontent.com\/MLiKmLZbc9NrvE2Mar1qwpZVlqILKjQk8z9aY5Q2gD-uOg307wXEcHv6KvoJnlW5fNz81gNpaduEG_LoToiN2Lu-b_WBGYb0Jpi9cTEc2-6W4yh0MlLHEvpyG1CXXtOW06IQUAzV","contentUrl":"https:\/\/lh3.googleusercontent.com\/MLiKmLZbc9NrvE2Mar1qwpZVlqILKjQk8z9aY5Q2gD-uOg307wXEcHv6KvoJnlW5fNz81gNpaduEG_LoToiN2Lu-b_WBGYb0Jpi9cTEc2-6W4yh0MlLHEvpyG1CXXtOW06IQUAzV"},{"@type":"WebPage","@id":"https:\/\/multihoster.org\/tr\/movshare\/#webpage","url":"https:\/\/multihoster.org\/tr\/movshare\/","name":"Movshare Premium Hesap \u2013 Bir Bak\u0131\u015fta Filehoster","isPartOf":{"@id":"https:\/\/multihoster.org\/#website"},"primaryImageOfPage":{"@id":"https:\/\/multihoster.org\/tr\/movshare\/#primaryimage"},"datePublished":"2020-04-16T14:55:32+00:00","dateModified":"2020-04-22T15:17:08+00:00","description":"Movshare sayg\u0131n bir sa\u011flay\u0131c\u0131 m\u0131 de\u011fil mi, cevab\u0131 Multihoster.org'daki mevcut testte bulabilirsiniz \u279c \u015eimdi t\u0131klay\u0131n \u271a deneyimlerimizi okumak i\u00e7in!","breadcrumb":{"@id":"https:\/\/multihoster.org\/tr\/movshare\/#breadcrumb"},"inLanguage":"tr","potentialAction":[{"@type":"ReadAction","target":["https:\/\/multihoster.org\/tr\/movshare\/"]}]},{"@type":"BreadcrumbList","@id":"https:\/\/multihoster.org\/tr\/movshare\/#breadcrumb","itemListElement":[{"@type":"ListItem","position":1,"name":"Startseite","item":"https:\/\/multihoster.org\/tr\/"},{"@type":"ListItem","position":2,"name":"Movshare Premium Hesap: Bir Bak\u0131\u015fta Filehoster"}]}]}},"_links":{"self":[{"href":"https:\/\/multihoster.org\/tr\/wp-json\/wp\/v2\/pages\/3823"}],"collection":[{"href":"https:\/\/multihoster.org\/tr\/wp-json\/wp\/v2\/pages"}],"about":[{"href":"https:\/\/multihoster.org\/tr\/wp-json\/wp\/v2\/types\/page"}],"author":[{"embeddable":true,"href":"https:\/\/multihoster.org\/tr\/wp-json\/wp\/v2\/users\/2"}],"replies":[{"embeddable":true,"href":"https:\/\/multihoster.org\/tr\/wp-json\/wp\/v2\/comments?post=3823"}],"version-history":[{"count":3,"href":"https:\/\/multihoster.org\/tr\/wp-json\/wp\/v2\/pages\/3823\/revisions"}],"predecessor-version":[{"id":4315,"href":"https:\/\/multihoster.org\/tr\/wp-json\/wp\/v2\/pages\/3823\/revisions\/4315"}],"wp:attachment":[{"href":"https:\/\/multihoster.org\/tr\/wp-json\/wp\/v2\/media?parent=3823"}],"curies":[{"name":"wp","href":"https:\/\/api.w.org\/{rel}","templated":true}]}}