{"id":3860,"date":"2020-04-16T15:50:54","date_gmt":"2020-04-16T15:50:54","guid":{"rendered":"https:\/\/multihoster.org\/filesmonster\/"},"modified":"2020-12-14T18:57:15","modified_gmt":"2020-12-14T18:57:15","slug":"filesmonster","status":"publish","type":"page","link":"https:\/\/multihoster.org\/tr\/filesmonster\/","title":{"rendered":"FilesMonster Premium Hesap: Bir Bak\u0131\u015fta Filehoster"},"content":{"rendered":"\n<figure class=\"wp-block-image\"><img src=\"https:\/\/lh4.googleusercontent.com\/mVWw15q9QtKDEJl6FY8p7PpoGD8y25cfV1zvM8rwNmbdQ1_g3JR0-LND1TBArjU2VehVrsqaTU1WmepskQnN-N6W0DPIr9lqtZkmPkWw7-dRzoPOCHRGXwpTURs7h7is9TTHoi4\" alt=\"Filesmonster Logo, Filesmonster Premium\"\/><\/figure>\n\n\n<a class=\"maxbutton-2 maxbutton maxbutton-cta\" target=\"_blank\" rel=\"nofollow noopener\" href=\"\/filesmonster\/goto\/\"><span class='mb-text'>&gt;&gt; Orijinal Filesmonster Web Sitesine Git<\/span><\/a>\n\n\n<p><\/p>\n\n\n\n<p>Dosyalar\u0131 korumak, \u00f6zellikle de i\u015finiz daha \u00e7ok multimedya i\u015finde ise \u015fartt\u0131r. Fiziksel bir harici depolama alan\u0131 olu\u015fturmak bir g\u00fc\u00e7l\u00fckt\u00fcr ve istedi\u011finiz zaman dosyalar\u0131n\u0131za eri\u015fmek i\u00e7in cihaz\u0131n\u0131z\u0131 bir bilgisayara ba\u011flaman\u0131z gerekir. Ge\u00e7erli bir \u00e7\u00f6z\u00fcm, dosyalar\u0131n\u0131z\u0131 \u00e7evrimi\u00e7i olarak saklamakt\u0131r. Orada bir\u00e7ok \u00e7evrimi\u00e7i depolama hizmeti var, ancak medyan\u0131z\u0131n g\u00fcvenli\u011finden asla emin olamazs\u0131n\u0131z. Ger\u00e7ekten pahal\u0131 oldu\u011funu ve ayda birka\u00e7 y\u00fcz dolara mal olabilece\u011finden bahsetmiyorum.<\/p>\n\n\n\n<p>Bununla birlikte, Filesmonster temel olarak herhangi bir premium \u00e7evrimi\u00e7i depolama \u00e7\u00f6z\u00fcm\u00fc sa\u011flayabilir, ancak geleneksel \u00e7evrimi\u00e7i depolama hizmetinden daha sorunsuz bir bulut ve daha ucuz \u00fccretlerle. Sunulan hizmetler en \u00fcst d\u00fczeydedir ve ayr\u0131ca bir Filemonster Premium hesab\u0131ndan yararlanarak hizmetleri y\u00fckseltebilirsiniz. Premium hesap ayr\u0131ca i\u015fle ilgili t\u00fcm medya dosyalar\u0131n\u0131z\u0131 ve belgelerinizi d\u00fczenlemenize yard\u0131mc\u0131 olabilecek ek hizmetler de sunar. Filesmonster Premium, farkl\u0131 y\u00fcksek kaliteli ak\u0131\u015f hizmetleriyle ortakl\u0131k yaparak, geni\u015f \u00e7evrimi\u00e7i i\u00e7erik ve medya k\u00fct\u00fcphanesinin keyfini \u00e7\u0131karman\u0131n bir yolunu sunar.<\/p>\n\n\n\n<h2>Filesmonster nedir?<\/h2>\n\n\n\n<p>Filesmonster, m\u00fc\u015fterilerine daha ucuz bir depolama hizmeti ve internete ba\u011fl\u0131 oldu\u011funuz s\u00fcrece herhangi bir \u00f6\u011fenize ve medyan\u0131za kolay eri\u015fim sunan \u00e7evrimi\u00e7i bir dosya bar\u0131nd\u0131rma hizmetidir. Filesmonster da dosya g\u00fcvenli\u011fine vurgu yapar ve <a rel=\"noreferrer noopener\" aria-label=\"bulutlar\u0131n\u0131n  (opens in a new tab)\" href=\"https:\/\/searchstorage.techtarget.com\/definition\/cloud-storage\" target=\"_blank\">bulutlar\u0131n\u0131n <\/a>her zaman vir\u00fcslerden ar\u0131nd\u0131r\u0131ld\u0131\u011f\u0131ndan ve \u00e7alma ve intihallere maruz kalmad\u0131\u011f\u0131ndan emin olurlar. Ayr\u0131ca ucuz Filesmonster Premium hesab\u0131ndan faydalan\u0131rsan\u0131z ba\u015fka avantajlar\u0131 da vard\u0131r. Bu hizmet sayesinde daha h\u0131zl\u0131 indirme, daha b\u00fcy\u00fck depolama alan\u0131 ve s\u0131n\u0131rs\u0131z indirme limiti gibi di\u011fer \u00f6zelliklerden yararlanabilirsiniz. FIlesmonster Premium hesab\u0131, abonelikleri bar\u0131nd\u0131ran en ucuz premium dosyalardan biridir, \u00e7\u00fcnk\u00fc yaln\u0131zca ayda yakla\u015f\u0131k 15 ABD dolar\u0131na mal olacakt\u0131r. Di\u011fer premium hizmetler birka\u00e7 y\u00fcz dolara kadar mal olabilir, di\u011ferleri ise dosya bar\u0131nd\u0131rma hizmeti pop\u00fcler bir web sitesi olup olmad\u0131\u011f\u0131na ba\u011fl\u0131 olarak neredeyse bin mal olabilir. Filesmonster Premium, di\u011fer bilinen hizmetlerle ayn\u0131 kalitede hizmet sunsa da, Filesmonster Premium&#8217;un maliyeti daha ucuzdur. Dijital dosyalar\u0131n\u0131z\u0131n ihtiya\u00e7 duydu\u011funuzda y\u00f6netilmesini ve bunlara eri\u015filmesini gerektiren k\u00fc\u00e7\u00fck bir i\u015fletmeye ba\u015fl\u0131yorsan\u0131z, bu m\u00fckemmeldir. Ayr\u0131ca k\u00f6t\u00fc ama\u00e7l\u0131 <a rel=\"noreferrer noopener\" aria-label=\"yaz\u0131l\u0131mlardan (opens in a new tab)\" href=\"https:\/\/www.malwarebytes.com\/malware\/\" target=\"_blank\">yaz\u0131l\u0131mlardan<\/a>, pop-up&#8217;lardan ve di\u011fer can s\u0131k\u0131c\u0131 reklamlardan koruma sa\u011flar. Filesmonster Premium ayr\u0131ca t\u00fcm indirmelerinizin ortak web sitelerinden olmas\u0131n\u0131 sa\u011flar, b\u00f6ylece yasall\u0131k bir sorun olu\u015fturmaz. Bir Filesmonster Premium hesab\u0131ndan yararlan\u0131rken dosyalar\u0131n\u0131z\u0131 endi\u015felenmeden indirin, saklay\u0131n ve saklay\u0131n.<\/p>\n\n\n\n<h2>Filesmonster Premium \u00d6zellikleri ve Hizmetleri<\/h2>\n\n\n\n<p>Bir FIlesmonster Premium hesab\u0131 kullanmak, ek hizmetlerin ve \u00fccretsiz hizmetin \u00f6nemli bir y\u00fckseltmesinin keyfini \u00e7\u0131karman\u0131za olanak tan\u0131r.<\/p>\n\n\n\n<figure class=\"wp-block-image\"><img src=\"https:\/\/lh5.googleusercontent.com\/cf15g2mKcENrXzNWavHcm_QtZ6dSGqKvIBATm1dBE0Q8-cVW-iGBE7VIn4WcE1dOxUWkwrzlZ-xwCz60bBWDouXvXNSp2fuodEuXMeTkEaLS65V2TdWKMoz56oyz2nIj0CxVT0Y\" alt=\"Filesmonster Premium features\"\/><\/figure>\n\n\n\n<h3>Daha H\u0131zl\u0131 \u0130ndirmeler<\/h3>\n\n\n\n<p>Filesmonster Premium indirmelerinize daha fazla bant geni\u015fli\u011fi ekler. Dosya bar\u0131nd\u0131rma hizmetleri i\u00e7in ortalama indirme h\u0131z\u0131 sadece 8-15 Mbps aras\u0131nda de\u011fi\u015fmektedir. Yaln\u0131zca resimler, belgeler ve ses dosyalar\u0131 gibi k\u00fc\u00e7\u00fck dosyalar\u0131 depolayacaksan\u0131z iyi olur, ancak videolar veya filmler, b\u00fcy\u00fck uygulamalar ve t\u00fcm veritaban\u0131 yedeklemesi gibi daha b\u00fcy\u00fck dosyalar s\u00f6z konusu oldu\u011funda bu indirme h\u0131z\u0131 eksik olacakt\u0131r. FIlesmonster Premium, keyfini \u00e7\u0131karman\u0131z i\u00e7in s\u0131n\u0131rs\u0131z indirme h\u0131z\u0131na sahiptir. Bu h\u0131z, d\u00fczenlemekte oldu\u011funuz videolar veya b\u00fcy\u00fck uygulamalar gibi \u00e7ok b\u00fcy\u00fck dosyalar i\u00e7in m\u00fckemmeldir. Veya bu h\u0131z\u0131, i\u015f orta\u011f\u0131 web sitelerinde ve ak\u0131\u015f hizmetlerinde bulunan y\u00fcksek kaliteli filmler ve ses dosyalar\u0131 gibi ortamlar\u0131 indirmek i\u00e7in kullanabilirsiniz.<\/p>\n\n\n\n<h3>Medya Ak\u0131\u015f\u0131<\/h3>\n\n\n\n<p>Filesmonster Premium sadece bir \u00e7evrimi\u00e7i depolama hizmeti de\u011fil, ayn\u0131 zamanda birinci s\u0131n\u0131f bir ak\u0131\u015f web sitesidir. Bir FIlesmonster Premium hesab\u0131yla, binlerce \u00fccretsiz y\u00fcksek kaliteli medya dosyas\u0131n\u0131n keyfini \u00e7\u0131karabilirsiniz. \u0130\u015f orta\u011f\u0131 ak\u0131\u015f web siteleri, keyfini \u00e7\u0131karman\u0131z i\u00e7in filmlere ve di\u011fer medya t\u00fcrlerine eri\u015fim sa\u011flar. Ayr\u0131ca bu medyay\u0131 ve% 100 yasal olan\u0131n\u0131 indirme se\u00e7ene\u011finiz de vard\u0131r. Filesmonster Premium hesab\u0131yla geni\u015f bir premium medya kitapl\u0131\u011f\u0131n\u0131n tad\u0131n\u0131 \u00e7\u0131kar\u0131n.<\/p>\n\n\n\n<h3>S\u00fcrd\u00fcr\u00fclebilir Y\u00fcklemeler<\/h3>\n\n\n\n<p>E\u011fer bir dosya indiriyorsan\u0131z bir g\u00fc\u00e7l\u00fck de\u011fil mi o zaman aniden bir i\u015f i\u00e7in ayr\u0131lmak zorunda. \u00c7al\u0131\u015fan bilgisayar\u0131n\u0131z\u0131 a\u00e7\u0131k b\u0131rakamazs\u0131n\u0131z ve di\u011fer hizmetler s\u00fcrd\u00fcr\u00fclebilir indirmelere izin vermez. \u0130ndirme i\u015flemini en ba\u015ftan tekrarlaman\u0131z gerekir. Baz\u0131 b\u00fcy\u00fck dosyalar\u0131n uzun s\u00fcre duraklat\u0131ld\u0131\u011f\u0131nda bozulma potansiyeline sahip oldu\u011fundan bahsetmiyoruz. Filesmonster Premium, dosyalar\u0131n\u0131z i\u00e7in devam ettirilebilir indirmelere izin vererek bu sorunu \u00e7\u00f6zd\u00fc. Bir dosya indirmeyi duraklat\u0131n ve daha sonra devam edin, Filesmonster Premium istedi\u011finiz zaman ve istedi\u011finiz yerde dosya indirmelerinize sorunsuz eri\u015fim sa\u011flar.<\/p>\n\n\n<a class=\"maxbutton-2 maxbutton maxbutton-cta\" target=\"_blank\" rel=\"nofollow noopener\" href=\"\/filesmonster\/goto\/\"><span class='mb-text'>&gt;&gt; Orijinal Filesmonster Web Sitesine Git<\/span><\/a>\n\n\n<p><\/p>\n\n\n\n<h3>An\u0131nda indirme<\/h3>\n\n\n\n<p>\u00dccretsiz bir hesab\u0131n indirilmesinin ba\u015flamas\u0131 i\u00e7in birka\u00e7 saniye beklemesi gerekir. Bunun nedeni, \u00fccretsiz kullan\u0131c\u0131lar\u0131n Filemonster Premium hesab\u0131na k\u0131yasla a\u011f trafi\u011fine daha az \u00f6nceli\u011fe sahip olmas\u0131d\u0131r. Aceleniz varsa, bu bekleme s\u00fcresi gecikme ve \u00e7ok zaman al\u0131c\u0131 bir sebep olabilir. FIlesmonster Premium&#8217;dan yararlanmak bu k\u0131s\u0131tlamay\u0131 kald\u0131r\u0131r. D\u00fc\u011fmeye t\u0131klad\u0131\u011f\u0131n\u0131z anda indirmeye hemen ba\u015flayabilirsiniz. Her zaman hareket halinde olan i\u00e7erik olu\u015fturucular i\u00e7in m\u00fckemmel hizmet.<\/p>\n\n\n\n<h3>\u0130ndirme y\u00f6neticisi<\/h3>\n\n\n\n<p>Dosya indirmelerinizi izleyememek \u00e7ok can s\u0131k\u0131c\u0131 bir durum. Tamamlanmad\u0131\u011f\u0131 s\u00fcrece indirme i\u015fleminizin durumunu bilmenin bir yolu yoktur. Ancak, bir Filesmonster Premium hesab\u0131yla, FIlesmonster \u0130ndirme Y\u00f6neticisi olan yenilik\u00e7i ara\u00e7lar\u0131n\u0131 kullanmaya hak kazan\u0131rs\u0131n\u0131z. \u0130ndirme Y\u00f6neticisi ile mevcut indirmelerinizin t\u00fcm\u00fcn\u00fc d\u00fczenleyebilirsiniz. Dosyalar\u0131n\u0131z\u0131n ger\u00e7ek zamanl\u0131 durumunu g\u00f6rebilirsiniz ve dosyalar\u0131n\u0131z\u0131 y\u00f6netmenin daha kolay bir yolunu da sa\u011flar. \u0130ndirme Y\u00f6neticisi, ne kadar indirdi\u011finizi g\u00f6sterir. Hatta dosyalar\u0131n\u0131z\u0131 indirmeden \u00f6nce tahmini s\u00fcreyi g\u00f6sterir. Filesmonster Download Manager, indirmeyi bitirmek i\u00e7in hangi dosyaya \u00f6ncelik verece\u011finizi ayarlaman\u0131za da olanak tan\u0131r. Hareket halindeyken bile dosya indirmelerinizi y\u00f6netmek i\u00e7in m\u00fckemmel bir ara\u00e7.<\/p>\n\n\n\n<h3>Birden \u00c7ok Dosya \u0130ndir<\/h3>\n\n\n\n<p>Aceleniz oldu\u011funda, sadece tek bir dosyay\u0131 indirebilmek \u00e7ok sinir bozucudur. Di\u011fer dosya bar\u0131nd\u0131rma hizmeti, kullan\u0131c\u0131lar\u0131n\u0131 a\u011f trafi\u011fini azaltmak i\u00e7in yaln\u0131zca tek bir dosya indirme ile s\u0131n\u0131rlar. \u00d6te yandan, bir Filemonster Premium hesab\u0131 ayn\u0131 anda birden fazla dosyaya eri\u015fmenizi sa\u011flar. \u0130nternet ba\u011flant\u0131n\u0131z veri trafi\u011fini kald\u0131rabildi\u011fi s\u00fcrece medya dosyalar\u0131n\u0131 ve belgeleri \u00f6zg\u00fcrce indirebilirsiniz. Varl\u0131klar\u0131na ve dijital dosyalar\u0131na s\u00fcrekli olarak eri\u015fmesi gereken web sitesi yarat\u0131c\u0131lar\u0131, ihtiya\u00e7 duyduklar\u0131 t\u00fcm dosyalar\u0131 kolayca indirebilir.<\/p>\n\n\n\n<h3>Ar\u015fivlenmemi\u015f Dosya \u0130ndirmeleri<\/h3>\n\n\n\n<p><a rel=\"noreferrer noopener\" aria-label=\"Ar\u015fivleme  (opens in a new tab)\" href=\"https:\/\/searchdatabackup.techtarget.com\/definition\/data-archiving\" target=\"_blank\">Ar\u015fivleme <\/a>genellikle a\u011fdaki trafi\u011fi azaltmak i\u00e7in dosya bar\u0131nd\u0131rma hizmetleri taraf\u0131ndan yap\u0131l\u0131r. Ancak, Filesmonster Premium yaln\u0131zca tam dosyalar\u0131n indirilmesine izin verir. Ar\u015fivlemenin dosyalar\u0131n\u0131z\u0131 bozma olas\u0131l\u0131\u011f\u0131 oldu\u011fundan, Filesmonster Premium indirmeyi bitirdi\u011finiz anda t\u00fcm dosya indirmelerinizin hala sa\u011flam oldu\u011fundan emin olur.<\/p>\n\n\n\n<h2>Filesmonster Premium Hesab\u0131: Nas\u0131l Kullan\u0131l\u0131r?<\/h2>\n\n\n\n<p>T\u00fcm bu m\u00fcthi\u015f hizmetlerden faydalanmak i\u00e7in bir Filesmonster Premium hesab\u0131ndan faydalanmak zorunda kalacaks\u0131n\u0131z. Ad\u0131mlar \u00e7ok kolay ve h\u0131zl\u0131. Sadece kendi web sitesine gidin ve Premium sayfas\u0131n\u0131 takip edin. Gerekli t\u00fcm bilgileri doldurdu\u011funuzda \u00f6deme penceresine y\u00f6nlendirilirsiniz. FIlesmonster Premium hizmetinden ne kadar s\u00fcre yararlanaca\u011f\u0131n\u0131z\u0131 se\u00e7ebilirsiniz. Ayr\u0131ca premium hizmeti kullanmaya devam edip etmeyece\u011finize karar verebilmeniz i\u00e7in 2 g\u00fcn boyunca deneme s\u00fcr\u00fcm\u00fc sunarlar. Paketler a\u015fa\u011f\u0131daki gibidir:<\/p>\n\n\n\n<figure class=\"wp-block-table\"><table><tbody><tr><td>S\u00dcRE<\/td><td>F\u0130YAT<\/td><\/tr><tr><td>2 g\u00fcn<\/td><td>Deneme<\/td><\/tr><tr><td>15 g\u00fcn<\/td><td>$12.00<\/td><\/tr><tr><td>1 ay<\/td><td>$17.00<\/td><\/tr><tr><td>3 ay<\/td><td>$37.00<\/td><\/tr><tr><td>6 ay<\/td><td>$66.00<\/td><\/tr><tr><td>1 y\u0131l<\/td><td>$116.00<\/td><\/tr><\/tbody><\/table><\/figure>\n\n\n\n<p>G\u00f6rd\u00fc\u011f\u00fcn\u00fcz gibi Filesmonster Premium bo\u015funa se\u00e7ti\u011finiz s\u00fcre boyunca indirim sunuyor. 1 y\u0131ll\u0131k paket tam anlam\u0131yla% 50&#8217;ye kadar tasarruf sa\u011flayabilir. Ancak hala bu kadar uzun bir s\u00fcre yararlanmaya haz\u0131r de\u011filseniz, istedi\u011finiz paketi se\u00e7ebilirsiniz. 1 ayl\u0131k paket tek proje kullan\u0131mlar\u0131 i\u00e7in tavsiye edilir ve 6 ayl\u0131k i\u015f ama\u00e7lar\u0131 i\u00e7in iyidir.<\/p>\n\n\n\n<figure class=\"wp-block-image\"><img src=\"https:\/\/lh3.googleusercontent.com\/_-N1WSd2sWsJUFiEMan-2e9yX0uRDUCET1Vis37Oavn7Ot3p6NMDHlQcBrYxi5Y6uUn8-4-oGyUOeOuBiCkFCyHyiBTr8iJECLDGHbHKsdrFePIffG4mok16YlMEZAErY0kaIs4\" alt=\"Filesmonster Premium payment methods\"\/><\/figure>\n\n\n\n<p>Filesmonster Premium&#8217;da esnek \u00f6deme y\u00f6ntemleri vard\u0131r. VISA, MasterCard veya Maestro kullanarak \u00f6deme yapmay\u0131 se\u00e7ebilirsiniz. Ayr\u0131ca Bitcoins \u00fczerinden \u00f6deme kabul ediyorlar. Bitcoin kullan\u0131c\u0131lar\u0131na% 10 ek indirim sunduklar\u0131na dikkat edin, bu nedenle Bitcoin&#8217;de mevcut bir fonunuz varsa, bu \u00e7ok tavsiye edilir. FIlesmonster Premium Hizmetini sat\u0131n alman\u0131z i\u00e7in ba\u015fka yollar sunan di\u011fer premium anahtar perakende siteleri de vard\u0131r ve baz\u0131lar\u0131 da indirim sunar. Size en uygun \u00f6deme y\u00f6ntemini se\u00e7me \u00f6zg\u00fcrl\u00fc\u011f\u00fcne sahipsiniz.<\/p>\n\n\n\n<h2>Filesmonster Premium Yasal m\u0131?<\/h2>\n\n\n\n<p>Filesmonster Premium kesinlikle YASALDIR. Web sitesinin sundu\u011fu t\u00fcm medya ve ak\u0131\u015f hizmetleri, ortak web sitelerinden ve ak\u0131\u015f sa\u011flay\u0131c\u0131lar\u0131ndan al\u0131nm\u0131\u015ft\u0131r. T\u00fcm lisansl\u0131 oldu\u011fu ve hak sahiplerinden izin ald\u0131\u011f\u0131 i\u00e7in istedi\u011finiz i\u00e7eri\u011fi endi\u015felenmeden indirebilirsiniz.<\/p>\n\n\n\n<h2>Filesmonster Premium G\u00fcvenli midir?<\/h2>\n\n\n\n<p>Filesmonster Premium% 100 g\u00fcvenlidir. Dosya bar\u0131nd\u0131rma hizmeti sa\u011flay\u0131c\u0131s\u0131 izler ve web sitesinin her zaman sinir bozucu reklamlar, k\u00f6t\u00fc ama\u00e7l\u0131 yaz\u0131l\u0131mlar ve spywares \u00fccretsiz olmas\u0131n\u0131 sa\u011flar. Bulut depolama alanlar\u0131, kullan\u0131c\u0131 dosyalar\u0131na ve ki\u015fisel bilgilere istenmeyen eri\u015fimi \u00f6nlemek i\u00e7in \u00e7e\u015fitli g\u00fcvenlik protokolleriyle de g\u00fc\u00e7lendirilmi\u015ftir. Filesmonster Premium&#8217;un g\u00fcvenlik d\u00fczeyi her zaman \u00e7evrimi\u00e7i depolama hizmetinin y\u00f6neticileri taraf\u0131ndan sa\u011flan\u0131r. Kullan\u0131c\u0131lar taraf\u0131ndan eri\u015filebilen i\u00e7erikler ve ortamlar da filtrelenir, b\u00f6ylece web sitesi her zaman \u00e7ocuk g\u00fcvenli\u011finde kal\u0131r. Filesmonster Premium ile dosyalar\u0131n\u0131z\u0131n g\u00fcvenli\u011finden emin olabilirsiniz.<\/p>\n\n\n<a class=\"maxbutton-2 maxbutton maxbutton-cta\" target=\"_blank\" rel=\"nofollow noopener\" href=\"\/filesmonster\/goto\/\"><span class='mb-text'>&gt;&gt; Orijinal Filesmonster Web Sitesine Git<\/span><\/a>\n\n\n<p><\/p>\n","protected":false},"excerpt":{"rendered":"<p>Dosyalar\u0131 korumak, \u00f6zellikle de i\u015finiz daha \u00e7ok multimedya i\u015finde ise \u015fartt\u0131r. Fiziksel bir harici depolama alan\u0131 olu\u015fturmak bir g\u00fc\u00e7l\u00fckt\u00fcr ve<\/p>\n","protected":false},"author":2,"featured_media":0,"parent":0,"menu_order":0,"comment_status":"closed","ping_status":"closed","template":"","meta":[],"yoast_head":"<!-- This site is optimized with the Yoast SEO plugin v18.3 - https:\/\/yoast.com\/wordpress\/plugins\/seo\/ -->\n<title>FilesMonster Premium Hesap: Bir Bak\u0131\u015fta Filehoster<\/title>\n<meta name=\"description\" content=\"FilesMonster sayg\u0131n bir sa\u011flay\u0131c\u0131 m\u0131 de\u011fil mi, cevab\u0131 Multihoster.org&#039;daki mevcut testte bulabilirsiniz \u279c \u015eimdi t\u0131klay\u0131n \u271a deneyimlerimizi okumak i\u00e7in!\" \/>\n<meta name=\"robots\" content=\"index, follow, max-snippet:-1, max-image-preview:large, max-video-preview:-1\" \/>\n<link rel=\"canonical\" href=\"https:\/\/multihoster.org\/tr\/filesmonster\/\" \/>\n<meta property=\"og:locale\" content=\"tr_TR\" \/>\n<meta property=\"og:type\" content=\"article\" \/>\n<meta property=\"og:title\" content=\"FilesMonster Premium Hesap: Bir Bak\u0131\u015fta Filehoster\" \/>\n<meta property=\"og:description\" content=\"FilesMonster sayg\u0131n bir sa\u011flay\u0131c\u0131 m\u0131 de\u011fil mi, cevab\u0131 Multihoster.org&#039;daki mevcut testte bulabilirsiniz \u279c \u015eimdi t\u0131klay\u0131n \u271a deneyimlerimizi okumak i\u00e7in!\" \/>\n<meta property=\"og:url\" content=\"https:\/\/multihoster.org\/tr\/filesmonster\/\" \/>\n<meta property=\"og:site_name\" content=\"Multihoster.org\" \/>\n<meta property=\"article:modified_time\" content=\"2020-12-14T18:57:15+00:00\" \/>\n<meta property=\"og:image\" content=\"https:\/\/lh4.googleusercontent.com\/mVWw15q9QtKDEJl6FY8p7PpoGD8y25cfV1zvM8rwNmbdQ1_g3JR0-LND1TBArjU2VehVrsqaTU1WmepskQnN-N6W0DPIr9lqtZkmPkWw7-dRzoPOCHRGXwpTURs7h7is9TTHoi4\" \/>\n<meta name=\"twitter:card\" content=\"summary\" \/>\n<meta name=\"twitter:label1\" content=\"Tahmini okuma s\u00fcresi\" \/>\n\t<meta name=\"twitter:data1\" content=\"8 dakika\" \/>\n<script type=\"application\/ld+json\" class=\"yoast-schema-graph\">{\"@context\":\"https:\/\/schema.org\",\"@graph\":[{\"@type\":\"WebSite\",\"@id\":\"https:\/\/multihoster.org\/#website\",\"url\":\"https:\/\/multihoster.org\/\",\"name\":\"Multihoster.org\",\"description\":\"Reviews of the major Filehosting services\",\"potentialAction\":[{\"@type\":\"SearchAction\",\"target\":{\"@type\":\"EntryPoint\",\"urlTemplate\":\"https:\/\/multihoster.org\/?s={search_term_string}\"},\"query-input\":\"required name=search_term_string\"}],\"inLanguage\":\"tr\"},{\"@type\":\"ImageObject\",\"@id\":\"https:\/\/multihoster.org\/tr\/filesmonster\/#primaryimage\",\"inLanguage\":\"tr\",\"url\":\"https:\/\/lh4.googleusercontent.com\/mVWw15q9QtKDEJl6FY8p7PpoGD8y25cfV1zvM8rwNmbdQ1_g3JR0-LND1TBArjU2VehVrsqaTU1WmepskQnN-N6W0DPIr9lqtZkmPkWw7-dRzoPOCHRGXwpTURs7h7is9TTHoi4\",\"contentUrl\":\"https:\/\/lh4.googleusercontent.com\/mVWw15q9QtKDEJl6FY8p7PpoGD8y25cfV1zvM8rwNmbdQ1_g3JR0-LND1TBArjU2VehVrsqaTU1WmepskQnN-N6W0DPIr9lqtZkmPkWw7-dRzoPOCHRGXwpTURs7h7is9TTHoi4\"},{\"@type\":\"WebPage\",\"@id\":\"https:\/\/multihoster.org\/tr\/filesmonster\/#webpage\",\"url\":\"https:\/\/multihoster.org\/tr\/filesmonster\/\",\"name\":\"FilesMonster Premium Hesap: Bir Bak\u0131\u015fta Filehoster\",\"isPartOf\":{\"@id\":\"https:\/\/multihoster.org\/#website\"},\"primaryImageOfPage\":{\"@id\":\"https:\/\/multihoster.org\/tr\/filesmonster\/#primaryimage\"},\"datePublished\":\"2020-04-16T15:50:54+00:00\",\"dateModified\":\"2020-12-14T18:57:15+00:00\",\"description\":\"FilesMonster sayg\u0131n bir sa\u011flay\u0131c\u0131 m\u0131 de\u011fil mi, cevab\u0131 Multihoster.org'daki mevcut testte bulabilirsiniz \u279c \u015eimdi t\u0131klay\u0131n \u271a deneyimlerimizi okumak i\u00e7in!\",\"breadcrumb\":{\"@id\":\"https:\/\/multihoster.org\/tr\/filesmonster\/#breadcrumb\"},\"inLanguage\":\"tr\",\"potentialAction\":[{\"@type\":\"ReadAction\",\"target\":[\"https:\/\/multihoster.org\/tr\/filesmonster\/\"]}]},{\"@type\":\"BreadcrumbList\",\"@id\":\"https:\/\/multihoster.org\/tr\/filesmonster\/#breadcrumb\",\"itemListElement\":[{\"@type\":\"ListItem\",\"position\":1,\"name\":\"Startseite\",\"item\":\"https:\/\/multihoster.org\/tr\/\"},{\"@type\":\"ListItem\",\"position\":2,\"name\":\"FilesMonster Premium Hesap: Bir Bak\u0131\u015fta Filehoster\"}]}]}<\/script>\n<!-- \/ Yoast SEO plugin. -->","yoast_head_json":{"title":"FilesMonster Premium Hesap: Bir Bak\u0131\u015fta Filehoster","description":"FilesMonster sayg\u0131n bir sa\u011flay\u0131c\u0131 m\u0131 de\u011fil mi, cevab\u0131 Multihoster.org'daki mevcut testte bulabilirsiniz \u279c \u015eimdi t\u0131klay\u0131n \u271a deneyimlerimizi okumak i\u00e7in!","robots":{"index":"index","follow":"follow","max-snippet":"max-snippet:-1","max-image-preview":"max-image-preview:large","max-video-preview":"max-video-preview:-1"},"canonical":"https:\/\/multihoster.org\/tr\/filesmonster\/","og_locale":"tr_TR","og_type":"article","og_title":"FilesMonster Premium Hesap: Bir Bak\u0131\u015fta Filehoster","og_description":"FilesMonster sayg\u0131n bir sa\u011flay\u0131c\u0131 m\u0131 de\u011fil mi, cevab\u0131 Multihoster.org'daki mevcut testte bulabilirsiniz \u279c \u015eimdi t\u0131klay\u0131n \u271a deneyimlerimizi okumak i\u00e7in!","og_url":"https:\/\/multihoster.org\/tr\/filesmonster\/","og_site_name":"Multihoster.org","article_modified_time":"2020-12-14T18:57:15+00:00","og_image":[{"url":"https:\/\/lh4.googleusercontent.com\/mVWw15q9QtKDEJl6FY8p7PpoGD8y25cfV1zvM8rwNmbdQ1_g3JR0-LND1TBArjU2VehVrsqaTU1WmepskQnN-N6W0DPIr9lqtZkmPkWw7-dRzoPOCHRGXwpTURs7h7is9TTHoi4"}],"twitter_card":"summary","twitter_misc":{"Tahmini okuma s\u00fcresi":"8 dakika"},"schema":{"@context":"https:\/\/schema.org","@graph":[{"@type":"WebSite","@id":"https:\/\/multihoster.org\/#website","url":"https:\/\/multihoster.org\/","name":"Multihoster.org","description":"Reviews of the major Filehosting services","potentialAction":[{"@type":"SearchAction","target":{"@type":"EntryPoint","urlTemplate":"https:\/\/multihoster.org\/?s={search_term_string}"},"query-input":"required name=search_term_string"}],"inLanguage":"tr"},{"@type":"ImageObject","@id":"https:\/\/multihoster.org\/tr\/filesmonster\/#primaryimage","inLanguage":"tr","url":"https:\/\/lh4.googleusercontent.com\/mVWw15q9QtKDEJl6FY8p7PpoGD8y25cfV1zvM8rwNmbdQ1_g3JR0-LND1TBArjU2VehVrsqaTU1WmepskQnN-N6W0DPIr9lqtZkmPkWw7-dRzoPOCHRGXwpTURs7h7is9TTHoi4","contentUrl":"https:\/\/lh4.googleusercontent.com\/mVWw15q9QtKDEJl6FY8p7PpoGD8y25cfV1zvM8rwNmbdQ1_g3JR0-LND1TBArjU2VehVrsqaTU1WmepskQnN-N6W0DPIr9lqtZkmPkWw7-dRzoPOCHRGXwpTURs7h7is9TTHoi4"},{"@type":"WebPage","@id":"https:\/\/multihoster.org\/tr\/filesmonster\/#webpage","url":"https:\/\/multihoster.org\/tr\/filesmonster\/","name":"FilesMonster Premium Hesap: Bir Bak\u0131\u015fta Filehoster","isPartOf":{"@id":"https:\/\/multihoster.org\/#website"},"primaryImageOfPage":{"@id":"https:\/\/multihoster.org\/tr\/filesmonster\/#primaryimage"},"datePublished":"2020-04-16T15:50:54+00:00","dateModified":"2020-12-14T18:57:15+00:00","description":"FilesMonster sayg\u0131n bir sa\u011flay\u0131c\u0131 m\u0131 de\u011fil mi, cevab\u0131 Multihoster.org'daki mevcut testte bulabilirsiniz \u279c \u015eimdi t\u0131klay\u0131n \u271a deneyimlerimizi okumak i\u00e7in!","breadcrumb":{"@id":"https:\/\/multihoster.org\/tr\/filesmonster\/#breadcrumb"},"inLanguage":"tr","potentialAction":[{"@type":"ReadAction","target":["https:\/\/multihoster.org\/tr\/filesmonster\/"]}]},{"@type":"BreadcrumbList","@id":"https:\/\/multihoster.org\/tr\/filesmonster\/#breadcrumb","itemListElement":[{"@type":"ListItem","position":1,"name":"Startseite","item":"https:\/\/multihoster.org\/tr\/"},{"@type":"ListItem","position":2,"name":"FilesMonster Premium Hesap: Bir Bak\u0131\u015fta Filehoster"}]}]}},"_links":{"self":[{"href":"https:\/\/multihoster.org\/tr\/wp-json\/wp\/v2\/pages\/3860"}],"collection":[{"href":"https:\/\/multihoster.org\/tr\/wp-json\/wp\/v2\/pages"}],"about":[{"href":"https:\/\/multihoster.org\/tr\/wp-json\/wp\/v2\/types\/page"}],"author":[{"embeddable":true,"href":"https:\/\/multihoster.org\/tr\/wp-json\/wp\/v2\/users\/2"}],"replies":[{"embeddable":true,"href":"https:\/\/multihoster.org\/tr\/wp-json\/wp\/v2\/comments?post=3860"}],"version-history":[{"count":4,"href":"https:\/\/multihoster.org\/tr\/wp-json\/wp\/v2\/pages\/3860\/revisions"}],"predecessor-version":[{"id":5483,"href":"https:\/\/multihoster.org\/tr\/wp-json\/wp\/v2\/pages\/3860\/revisions\/5483"}],"wp:attachment":[{"href":"https:\/\/multihoster.org\/tr\/wp-json\/wp\/v2\/media?parent=3860"}],"curies":[{"name":"wp","href":"https:\/\/api.w.org\/{rel}","templated":true}]}}