{"id":3939,"date":"2020-04-17T12:53:08","date_gmt":"2020-04-17T12:53:08","guid":{"rendered":"https:\/\/multihoster.org\/novamov\/"},"modified":"2020-04-22T15:18:45","modified_gmt":"2020-04-22T15:18:45","slug":"novamov","status":"publish","type":"page","link":"https:\/\/multihoster.org\/tr\/novamov\/","title":{"rendered":"Novamov Premium Hesap: Bir Bak\u0131\u015fta Filehoster"},"content":{"rendered":"\n<div class=\"wp-block-image\"><figure class=\"alignleft is-resized\"><img loading=\"lazy\" src=\"https:\/\/lh5.googleusercontent.com\/GEGPeWo_cWM4l1VHOyZGKI8iqjxPtmhqBonZwk9iL61NE2uaxrHmbfIXV7K51gYNic8K3vLA-auV1P1LvBH8gTHRgP6iYFCXEbf2phO325P-wCCXA7FH9fWrFrXH08HyES-oYE0g\" alt=\"Novamov official website\" width=\"297\" height=\"188\"\/><\/figure><\/div>\n\n\n\n<p>Novamov, kullan\u0131c\u0131lar\u0131n video ak\u0131\u015f\u0131 yapmak veya bir dosya bulmak i\u00e7in gittikleri sitelerden biridir. Kullan\u0131c\u0131lar, yaz\u0131l\u0131m, m\u00fczik, belgeseller, oyunlar veya herhangi bir film veya video t\u00fcr\u00fc gibi ak\u0131\u015flar\u0131 \u00e7evrimi\u00e7i olarak \u00fccretsiz olarak izleyebilecek veya izleyecek video dosyalar\u0131n\u0131 bulabilir.<\/p>\n\n\n\n<p>Novamov sitesinde gezinmek kolayd\u0131r ve internet ba\u011flant\u0131s\u0131 olan kullan\u0131c\u0131lar\u0131n cihazlar\u0131n\u0131n web taray\u0131c\u0131lar\u0131nda eri\u015filebilir.<\/p>\n\n\n\n<p>Ayr\u0131ca, Novamov, alt\u0131 (6) kategoriye ayr\u0131lm\u0131\u015f dosya dizini i\u00e7in bir \u00f6zelli\u011fe sahiptir, bunlar yaz\u0131l\u0131m, m\u00fczik, belgeler, videolar, ak\u0131\u015f videolar\u0131 ve oyunlard\u0131r. Kullan\u0131c\u0131lar arama alan\u0131na kelime veya kelime girerek orada bir dosya arayabilir ve \u201cEnter\u201d tu\u015funa basabilir veya aramak i\u00e7in \u201cGit\u201d d\u00fc\u011fmesine t\u0131klayabilir.<\/p>\n\n\n\n<p>Dizin sayfas\u0131ndaki Novamov sitesindeki dosyalar a\u015fa\u011f\u0131dakilere g\u00f6re s\u0131ralan\u0131r:<\/p>\n\n\n\n<ul><li>Dosyalar\u0131n yenili\u011fine g\u00f6re s\u0131ralay\u0131n.<\/li><li>Dosyalar\u0131 ters ad i\u00e7in A&#8217;dan Z&#8217;ye veya Z&#8217;den A&#8217;ya dosya ad\u0131na g\u00f6re s\u0131ralay\u0131n.<\/li><li>Dosya boyutuna g\u00f6re s\u0131ralay\u0131n. (b\u00fcy\u00fck ve k\u00fc\u00e7\u00fck dosyalar i\u00e7in)<\/li><\/ul>\n\n\n<a class=\"maxbutton-2 maxbutton maxbutton-cta\" target=\"_blank\" rel=\"nofollow noopener\" href=\"\/go\/\"><span class='mb-text'>&gt;&gt; Orijinal Linkifier Web Sitesine Git<\/span><\/a>\n\n\n<p><\/p>\n\n\n\n<h2>Novamov Premium Hesap<\/h2>\n\n\n\n<p>Novamov&#8217;un \u00dccretsiz Hesap veya Premium Hesap olmak \u00fczere iki hesab\u0131 vard\u0131r. \u00dccretsiz hesab\u0131 kullanan kullan\u0131c\u0131lar, Novamov sitesinde ak\u0131\u015f i\u00e7in yaln\u0131zca s\u0131n\u0131rl\u0131 \u00f6zelliklere ve hizmetlere eri\u015febilirken, premium hesaba kaydolan kullan\u0131c\u0131lar\u0131n hepsine s\u0131n\u0131rs\u0131z eri\u015fimi vard\u0131r. L\u00fctfen premium kullan\u0131c\u0131 olman\u0131n avantaj\u0131na bak\u0131n.<\/p>\n\n\n\n<h3>Novamov Premium Hesap Avantajlar\u0131<\/h3>\n\n\n\n<ul><li>Sitelerinin web sayfalar\u0131nda reklam ve captcha yoktur.<\/li><li>Videolar \u00e7ok y\u00fcksek h\u0131zda yay\u0131nlan\u0131yor.<\/li><li>Kullan\u0131c\u0131lar istedikleri herhangi bir indirme y\u00f6neticisini kullanarak Novamov sitesinden herhangi bir video dosyas\u0131n\u0131 indirebilirler.<\/li><li>Kullan\u0131c\u0131lar\u0131n yay\u0131nlayabilece\u011fi veya izleyebilece\u011fi videolar y\u00fcksek tan\u0131ml\u0131 veya HD kalitesindedir.<\/li><li>Kullan\u0131c\u0131lar s\u0131n\u0131rs\u0131z herhangi bir videoyu izleyebilir veya aktarabilir.<\/li><li>Kullan\u0131c\u0131lar Novamov&#8217;un dosya \u00f6zelli\u011finin dizinine eri\u015febilir.<\/li><\/ul>\n\n\n\n<h2>Novamov Video \u0130ndirici<\/h2>\n\n\n\n<p>Kullan\u0131c\u0131lar Novamov sitesinden bir video indirmek isterse Novamov Video Downloader&#8217;\u0131 kullanabilirler. Nas\u0131l indirece\u011finizi \u00f6\u011frenmek i\u00e7in a\u015fa\u011f\u0131daki be\u015f (5) ad\u0131m\u0131 uygulaman\u0131z yeterlidir.<\/p>\n\n\n\n<p>1. Kullan\u0131c\u0131lar\u0131n \u00f6nce \u201cNovamov Video Downloader\u201d uygulamas\u0131n\u0131 indirip y\u00fcklemeleri gerekir. Bu yaz\u0131l\u0131m\u0131 web taray\u0131c\u0131lar\u0131 \u00fczerinden arayabilirler.<\/p>\n\n\n\n<p>2. Kullan\u0131c\u0131lar indiriciyi indirip y\u00fckledikten sonra, art\u0131k kullan\u0131c\u0131lar\u0131n indirmek istedikleri videonun ba\u011flant\u0131s\u0131na gidebilirler.<\/p>\n\n\n\n<p>3. Novamov Video Downloader&#8217;\u0131 a\u00e7\u0131n.<\/p>\n\n\n\n<p>4. Giri\u015f penceresi kullan\u0131c\u0131lar\u0131n ekranlar\u0131nda a\u00e7\u0131l\u0131r. \u0130ndiriciye eri\u015fmek i\u00e7in do\u011fru \u015fifreyi girmeleri gerekir.<\/p>\n\n\n\n<p>5. Parola i\u00e7in \u201cadmin \/ user\u201d girin.<\/p>\n\n\n\n<p>6. Ard\u0131ndan, kullan\u0131c\u0131lar\u0131n videonun ba\u011flant\u0131s\u0131n\u0131n son dizelerinden alabilecekleri bir kod isteyecektir. \u00d6rnek i\u00e7in l\u00fctfen a\u015fa\u011f\u0131daki resme bak\u0131n. Kopyala.<\/p>\n\n\n\n<figure class=\"wp-block-image\"><img src=\"https:\/\/lh4.googleusercontent.com\/_KDf_hoqc-1nGkhwvfXEE_sF9487xOwiOlqP3Qr_PK9mM13V9dVNmxam6C5OZgK6tmVwILC7ln2qRWOn9XpQtLFp_nBujGZTAswLP3VRtnD2m5ayfzUaF5dzYwIzhZ0Y7xHGGKLW\" alt=\"code link of the video file\"\/><\/figure>\n\n\n\n<p>7. Kopyalay\u0131n ve a\u015fa\u011f\u0131daki resimde oldu\u011fu gibi \u201cKodu buraya yap\u0131\u015ft\u0131r\u0131n\u201d alan\u0131na yap\u0131\u015ft\u0131r\u0131n.<\/p>\n\n\n\n<p>8. Video dosyas\u0131n\u0131 koddan almak i\u00e7in \u201c\u0130ndirme Ba\u011flant\u0131s\u0131n\u0131 Al\u201d se\u00e7ene\u011fine t\u0131klay\u0131n.<\/p>\n\n\n\n<figure class=\"wp-block-image is-resized\"><img loading=\"lazy\" src=\"https:\/\/lh4.googleusercontent.com\/RvpR8C_uQY3pR0sRocdQYPzBROkiLXUfiRlfzfsgg4du7skfY_7X6EHSbH18JB7NRIjjX78yXSX_ct1qjjguyrWp_1l8xVgLHDb_mgiq8OjF2YlQMiJ5vC2kXOh6WYjiWwFg3CQY\" alt=\"Get the download link\" width=\"204\" height=\"113\"\/><\/figure>\n\n\n\n<p>9. Videoyu indirmek i\u00e7in buray\u0131 t\u0131klay\u0131n&#8221; ba\u011flant\u0131s\u0131n\u0131 t\u0131klay\u0131n. Ard\u0131ndan video indirilmeye ba\u015flayacakt\u0131r. L\u00fctfen a\u015fa\u011f\u0131daki resme bak\u0131n.<\/p>\n\n\n\n<figure class=\"wp-block-image is-resized\"><img loading=\"lazy\" src=\"https:\/\/lh6.googleusercontent.com\/5NOwK2jSWWgV5hVqk9p3RAjblqCX5mfImzd0d4uCCmce1nXjpPT3iBAJ57n9zxIcwasRhxkdXHx2yl9_Vmiqku2wDS-iVyINibd7Bc6sHBuyiDgZIXSvpZFzPGwJ8cLQGTHjErHO\" alt=\"Download the video file\" width=\"206\" height=\"115\"\/><\/figure>\n\n\n\n<p>10. Dosya \u0130ndirme penceresi g\u00f6r\u00fcnecektir. \u0130ndirme i\u015flemine devam etmek i\u00e7in \u201cKaydet\u201d d\u00fc\u011fmesine t\u0131klay\u0131n.<\/p>\n\n\n\n<figure class=\"wp-block-image is-resized\"><img loading=\"lazy\" src=\"https:\/\/lh4.googleusercontent.com\/0hzF1tMyFK8VYx5sKPrF2bW3lVh7IOsfsqN7R_1JtRABtDXovPIde8ZTBf7FQcyQUnP14l-vTnhB6lz1thGZ4yC6QRe2sxX5nq3dOgdw8JfPWbGWJArKaq-GoMw8sVfewWR-hfUo\" alt=\"save the video\" width=\"208\" height=\"149\"\/><\/figure>\n\n\n\n<p>11. Son olarak, video dosyas\u0131n\u0131n tamamen indirilmesini bekleyin.<\/p>\n\n\n\n<figure class=\"wp-block-image is-resized\"><img loading=\"lazy\" src=\"https:\/\/lh5.googleusercontent.com\/V0XJqir-GvdpSkBWIQZpwY6XxP8N1400lRn0ClNXS3DLMDZeynh-RUCV4Ix15JWp2h2PygWUwO-IK7iD72YKvk6j85jax5jNmwVYKm-NdGSaROL8oQU0-c11RBdBS0EIo2Yo7R_i\" alt=\"video is downloading\" width=\"203\" height=\"135\"\/><\/figure>\n\n\n\n<p>Kullan\u0131c\u0131lar art\u0131k Novamov&#8217;un video indirme yaz\u0131l\u0131m\u0131 arac\u0131l\u0131\u011f\u0131yla istedikleri video dosyalar\u0131n\u0131 indirmenin keyfini \u00e7\u0131karabilirler.<\/p>\n\n\n<a class=\"maxbutton-2 maxbutton maxbutton-cta\" target=\"_blank\" rel=\"nofollow noopener\" href=\"\/go\/\"><span class='mb-text'>&gt;&gt; Orijinal Linkifier Web Sitesine Git<\/span><\/a>\n\n\n<h2>Novamov: Video y\u00fcklemek<\/h2>\n\n\n\n<p>Kullan\u0131c\u0131lar video, g\u00f6r\u00fcnt\u00fc, ses ve fla\u015f gibi bir dosya y\u00fcklemek isterse, bunlar\u0131 Novamov&#8217;un sitesine \u00fccretsiz olarak y\u00fckleyebilirler.<\/p>\n\n\n\n<p>Y\u00fcklemek i\u00e7in a\u015fa\u011f\u0131daki alt\u0131 (6) kolay ad\u0131m\u0131 uygulaman\u0131z yeterlidir:<\/p>\n\n\n\n<ol><li>Kullan\u0131c\u0131lar\u0131n dosyalar\u0131n\u0131 y\u00fcklemek i\u00e7in \u00f6nce Novamov sitesine giri\u015f yapmas\u0131 gerekir. Hen\u00fcz bir hesab\u0131 yoksa kay\u0131t olmalar\u0131 gerekmektedir.<\/li><li>Sitenin Y\u00fckle sayfas\u0131na gidin ve formu oraya doldurun (A\u015fa\u011f\u0131daki resme bak\u0131n)<\/li><li>Kullan\u0131c\u0131lar \u201cDosya Se\u00e7\u201d butonuna t\u0131klayarak dosyalar\u0131n\u0131 se\u00e7melidir. Cihazlar\u0131n\u0131n dizini dosyay\u0131 bulmalar\u0131 i\u00e7in g\u00f6r\u00fcnecektir. Ard\u0131ndan \u201cTamam\u201d \u0131 t\u0131klay\u0131n.<\/li><li>Ba\u015fl\u0131k ve a\u00e7\u0131klama alanlar\u0131n\u0131 doldurarak dosyan\u0131n ad\u0131n\u0131 ve ba\u015fl\u0131\u011f\u0131n\u0131 ayarlay\u0131n.<\/li><li>Dosyan\u0131n kategorisini se\u00e7in (yaz\u0131l\u0131m, m\u00fczik, video ak\u0131\u015f\u0131, belgeseller ve oyunlar).<\/li><li>Y\u00fckleme i\u015flemini ba\u015flatmak i\u00e7in \u201cY\u00fckle\u201d d\u00fc\u011fmesine t\u0131klay\u0131n. Dosyalar\u0131n\u0131n y\u00fcklenmesi bitene kadar beklemeleri gerekir.<\/li><\/ol>\n\n\n\n<p>Dosyay\u0131 y\u00fckledikten sonra, Novamov veritaban\u0131na ve sunucusuna kaydedilecek ve sitede g\u00f6r\u00fcnt\u00fclenecektir.<\/p>\n\n\n\n<div class=\"wp-block-image\"><figure class=\"alignleft is-resized\"><img loading=\"lazy\" src=\"https:\/\/lh5.googleusercontent.com\/H9yYqkTQDUyuUqt6FnEiav9q6Ifz17QqOi1bX5ghL1Puur1MqNmv21ta68b3ZZkxaoQt3Dri9mVH5ujnVPX7DOtluJ3wJ7UcKJZg_ubufnzHzkLKNv6cbRrjLKWCEPqhlz4UTdjp\" alt=\"Novanov Upload\" width=\"185\" height=\"106\"\/><\/figure><\/div>\n\n\n\n<p>Unutmay\u0131n: Novamov kullan\u0131c\u0131lar\u0131, telif haklar\u0131 olan veya pornografi, \u015fiddet, cinsel ve sald\u0131rgan konularla ili\u015fkisi olan herhangi bir dosyay\u0131 y\u00fcklemekle s\u0131n\u0131rl\u0131d\u0131r. Ayr\u0131ca, y\u00fckleme s\u0131ras\u0131nda hotlinking y\u00f6ntemini kullanmalar\u0131na izin verilmez. Bu konuda daha fazla bilgi edinmek i\u00e7in Novamov&#8217;un Hizmet \u015eartlar\u0131&#8217;n\u0131 (TOS) okuyabilirler.<\/p>\n\n\n\n<h2>Novamov: Video payla\u015f<\/h2>\n\n\n\n<p>Kullan\u0131c\u0131lar Novamov sitesinden bir video payla\u015fmak isterse, herhangi bir sosyal medya sitesine veya e-posta veya blog veya vlog veya forum sitesine payla\u015fmak i\u00e7in \u201cFacebook&#8217;ta Payla\u015f\u201d d\u00fc\u011fmesine veya payla\u015f\u0131m simgesine t\u0131klayabilirler.<\/p>\n\n\n\n<h2>Novamov: Para kazan<\/h2>\n\n\n\n<p>Novamov kullan\u0131c\u0131lar\u0131na para kazanmalar\u0131 i\u00e7in bir yol sunuyor. Kullan\u0131c\u0131lar her bin dosya indirme i\u00e7in y\u00fczde yirmi be\u015f (% 25) ve tavsiye kazan\u00e7lar\u0131 i\u00e7in y\u00fczde otuz (% 30) alabilirler.<\/p>\n\n\n\n<h2>Novamov: Siteye eri\u015fim<\/h2>\n\n\n\n<p>Kullan\u0131c\u0131lar \u015fimdi Novamov sitesini ziyaret etmeye \u00e7al\u0131\u015f\u0131rsa ve siteye eri\u015femezlerse, bunun nedeni Novamov&#8217;un kapal\u0131 olmas\u0131 veya sitelerinin telif hakk\u0131yla korunan i\u00e7eri\u011fe sahip oldu\u011fu veya alan adlar\u0131n\u0131n EuroDNS taraf\u0131ndan ask\u0131ya al\u0131nd\u0131\u011f\u0131d\u0131r. Referans i\u00e7in l\u00fctfen a\u015fa\u011f\u0131daki resme bak\u0131n.<\/p>\n\n\n\n<p>Kullan\u0131c\u0131lar EuroDNS sitesine \u201cBu alan ad\u0131 ask\u0131ya al\u0131nd\u0131\u201d mesaj\u0131yla y\u00f6nlendirilirse, bunun nedeni a\u015fa\u011f\u0131dakilerdir:<\/p>\n\n\n\n<ol><li>Site sahibi, e-posta adresleri gibi ileti\u015fim bilgilerinde baz\u0131 de\u011fi\u015fiklikler yapt\u0131 ancak do\u011frulamay\u0131 ihmal etti.<\/li><li>Web sitesini bar\u0131nd\u0131rmak i\u00e7in herhangi bir \u00f6deme al\u0131nmam\u0131\u015ft\u0131r.<\/li><li>Payla\u015f\u0131lan web sitesinde web sitesi bar\u0131nd\u0131rma ancak performans\u0131 yava\u015f veya \u00e7ok d\u00fc\u015f\u00fck.<\/li><li>Web sitesi herhangi bir telif hakk\u0131n\u0131 veya politikay\u0131 ihlal ediyorsa.<\/li><\/ol>\n\n\n<a class=\"maxbutton-2 maxbutton maxbutton-cta\" target=\"_blank\" rel=\"nofollow noopener\" href=\"\/go\/\"><span class='mb-text'>&gt;&gt; Orijinal Linkifier Web Sitesine Git<\/span><\/a>","protected":false},"excerpt":{"rendered":"<p>Novamov, kullan\u0131c\u0131lar\u0131n video ak\u0131\u015f\u0131 yapmak veya bir dosya bulmak i\u00e7in gittikleri sitelerden biridir. Kullan\u0131c\u0131lar, yaz\u0131l\u0131m, m\u00fczik, belgeseller, oyunlar veya herhangi<\/p>\n","protected":false},"author":2,"featured_media":0,"parent":0,"menu_order":0,"comment_status":"closed","ping_status":"closed","template":"","meta":[],"yoast_head":"<!-- This site is optimized with the Yoast SEO plugin v18.3 - https:\/\/yoast.com\/wordpress\/plugins\/seo\/ -->\n<title>Novamov Premium Hesap \u2013 Bak\u0131\u015fta Filehoster<\/title>\n<meta name=\"description\" content=\"Novamov sayg\u0131n bir sa\u011flay\u0131c\u0131 m\u0131 de\u011fil mi, cevab\u0131 Multihoster.org&#039;daki mevcut testte bulabilirsiniz \u279c \u015eimdi t\u0131klay\u0131n \u271a deneyimlerimizi okumak i\u00e7in!\" \/>\n<meta name=\"robots\" content=\"index, follow, max-snippet:-1, max-image-preview:large, max-video-preview:-1\" \/>\n<link rel=\"canonical\" href=\"https:\/\/multihoster.org\/tr\/novamov\/\" \/>\n<meta property=\"og:locale\" content=\"tr_TR\" \/>\n<meta property=\"og:type\" content=\"article\" \/>\n<meta property=\"og:title\" content=\"Novamov Premium Hesap \u2013 Bak\u0131\u015fta Filehoster\" \/>\n<meta property=\"og:description\" content=\"Novamov sayg\u0131n bir sa\u011flay\u0131c\u0131 m\u0131 de\u011fil mi, cevab\u0131 Multihoster.org&#039;daki mevcut testte bulabilirsiniz \u279c \u015eimdi t\u0131klay\u0131n \u271a deneyimlerimizi okumak i\u00e7in!\" \/>\n<meta property=\"og:url\" content=\"https:\/\/multihoster.org\/tr\/novamov\/\" \/>\n<meta property=\"og:site_name\" content=\"Multihoster.org\" \/>\n<meta property=\"article:modified_time\" content=\"2020-04-22T15:18:45+00:00\" \/>\n<meta property=\"og:image\" content=\"https:\/\/lh5.googleusercontent.com\/GEGPeWo_cWM4l1VHOyZGKI8iqjxPtmhqBonZwk9iL61NE2uaxrHmbfIXV7K51gYNic8K3vLA-auV1P1LvBH8gTHRgP6iYFCXEbf2phO325P-wCCXA7FH9fWrFrXH08HyES-oYE0g\" \/>\n<meta name=\"twitter:card\" content=\"summary\" \/>\n<meta name=\"twitter:label1\" content=\"Tahmini okuma s\u00fcresi\" \/>\n\t<meta name=\"twitter:data1\" content=\"5 dakika\" \/>\n<script type=\"application\/ld+json\" class=\"yoast-schema-graph\">{\"@context\":\"https:\/\/schema.org\",\"@graph\":[{\"@type\":\"WebSite\",\"@id\":\"https:\/\/multihoster.org\/#website\",\"url\":\"https:\/\/multihoster.org\/\",\"name\":\"Multihoster.org\",\"description\":\"Reviews of the major Filehosting services\",\"potentialAction\":[{\"@type\":\"SearchAction\",\"target\":{\"@type\":\"EntryPoint\",\"urlTemplate\":\"https:\/\/multihoster.org\/?s={search_term_string}\"},\"query-input\":\"required name=search_term_string\"}],\"inLanguage\":\"tr\"},{\"@type\":\"ImageObject\",\"@id\":\"https:\/\/multihoster.org\/tr\/novamov\/#primaryimage\",\"inLanguage\":\"tr\",\"url\":\"https:\/\/lh5.googleusercontent.com\/GEGPeWo_cWM4l1VHOyZGKI8iqjxPtmhqBonZwk9iL61NE2uaxrHmbfIXV7K51gYNic8K3vLA-auV1P1LvBH8gTHRgP6iYFCXEbf2phO325P-wCCXA7FH9fWrFrXH08HyES-oYE0g\",\"contentUrl\":\"https:\/\/lh5.googleusercontent.com\/GEGPeWo_cWM4l1VHOyZGKI8iqjxPtmhqBonZwk9iL61NE2uaxrHmbfIXV7K51gYNic8K3vLA-auV1P1LvBH8gTHRgP6iYFCXEbf2phO325P-wCCXA7FH9fWrFrXH08HyES-oYE0g\"},{\"@type\":\"WebPage\",\"@id\":\"https:\/\/multihoster.org\/tr\/novamov\/#webpage\",\"url\":\"https:\/\/multihoster.org\/tr\/novamov\/\",\"name\":\"Novamov Premium Hesap \u2013 Bak\u0131\u015fta Filehoster\",\"isPartOf\":{\"@id\":\"https:\/\/multihoster.org\/#website\"},\"primaryImageOfPage\":{\"@id\":\"https:\/\/multihoster.org\/tr\/novamov\/#primaryimage\"},\"datePublished\":\"2020-04-17T12:53:08+00:00\",\"dateModified\":\"2020-04-22T15:18:45+00:00\",\"description\":\"Novamov sayg\u0131n bir sa\u011flay\u0131c\u0131 m\u0131 de\u011fil mi, cevab\u0131 Multihoster.org'daki mevcut testte bulabilirsiniz \u279c \u015eimdi t\u0131klay\u0131n \u271a deneyimlerimizi okumak i\u00e7in!\",\"breadcrumb\":{\"@id\":\"https:\/\/multihoster.org\/tr\/novamov\/#breadcrumb\"},\"inLanguage\":\"tr\",\"potentialAction\":[{\"@type\":\"ReadAction\",\"target\":[\"https:\/\/multihoster.org\/tr\/novamov\/\"]}]},{\"@type\":\"BreadcrumbList\",\"@id\":\"https:\/\/multihoster.org\/tr\/novamov\/#breadcrumb\",\"itemListElement\":[{\"@type\":\"ListItem\",\"position\":1,\"name\":\"Startseite\",\"item\":\"https:\/\/multihoster.org\/tr\/\"},{\"@type\":\"ListItem\",\"position\":2,\"name\":\"Novamov Premium Hesap: Bir Bak\u0131\u015fta Filehoster\"}]}]}<\/script>\n<!-- \/ Yoast SEO plugin. -->","yoast_head_json":{"title":"Novamov Premium Hesap \u2013 Bak\u0131\u015fta Filehoster","description":"Novamov sayg\u0131n bir sa\u011flay\u0131c\u0131 m\u0131 de\u011fil mi, cevab\u0131 Multihoster.org'daki mevcut testte bulabilirsiniz \u279c \u015eimdi t\u0131klay\u0131n \u271a deneyimlerimizi okumak i\u00e7in!","robots":{"index":"index","follow":"follow","max-snippet":"max-snippet:-1","max-image-preview":"max-image-preview:large","max-video-preview":"max-video-preview:-1"},"canonical":"https:\/\/multihoster.org\/tr\/novamov\/","og_locale":"tr_TR","og_type":"article","og_title":"Novamov Premium Hesap \u2013 Bak\u0131\u015fta Filehoster","og_description":"Novamov sayg\u0131n bir sa\u011flay\u0131c\u0131 m\u0131 de\u011fil mi, cevab\u0131 Multihoster.org'daki mevcut testte bulabilirsiniz \u279c \u015eimdi t\u0131klay\u0131n \u271a deneyimlerimizi okumak i\u00e7in!","og_url":"https:\/\/multihoster.org\/tr\/novamov\/","og_site_name":"Multihoster.org","article_modified_time":"2020-04-22T15:18:45+00:00","og_image":[{"url":"https:\/\/lh5.googleusercontent.com\/GEGPeWo_cWM4l1VHOyZGKI8iqjxPtmhqBonZwk9iL61NE2uaxrHmbfIXV7K51gYNic8K3vLA-auV1P1LvBH8gTHRgP6iYFCXEbf2phO325P-wCCXA7FH9fWrFrXH08HyES-oYE0g"}],"twitter_card":"summary","twitter_misc":{"Tahmini okuma s\u00fcresi":"5 dakika"},"schema":{"@context":"https:\/\/schema.org","@graph":[{"@type":"WebSite","@id":"https:\/\/multihoster.org\/#website","url":"https:\/\/multihoster.org\/","name":"Multihoster.org","description":"Reviews of the major Filehosting services","potentialAction":[{"@type":"SearchAction","target":{"@type":"EntryPoint","urlTemplate":"https:\/\/multihoster.org\/?s={search_term_string}"},"query-input":"required name=search_term_string"}],"inLanguage":"tr"},{"@type":"ImageObject","@id":"https:\/\/multihoster.org\/tr\/novamov\/#primaryimage","inLanguage":"tr","url":"https:\/\/lh5.googleusercontent.com\/GEGPeWo_cWM4l1VHOyZGKI8iqjxPtmhqBonZwk9iL61NE2uaxrHmbfIXV7K51gYNic8K3vLA-auV1P1LvBH8gTHRgP6iYFCXEbf2phO325P-wCCXA7FH9fWrFrXH08HyES-oYE0g","contentUrl":"https:\/\/lh5.googleusercontent.com\/GEGPeWo_cWM4l1VHOyZGKI8iqjxPtmhqBonZwk9iL61NE2uaxrHmbfIXV7K51gYNic8K3vLA-auV1P1LvBH8gTHRgP6iYFCXEbf2phO325P-wCCXA7FH9fWrFrXH08HyES-oYE0g"},{"@type":"WebPage","@id":"https:\/\/multihoster.org\/tr\/novamov\/#webpage","url":"https:\/\/multihoster.org\/tr\/novamov\/","name":"Novamov Premium Hesap \u2013 Bak\u0131\u015fta Filehoster","isPartOf":{"@id":"https:\/\/multihoster.org\/#website"},"primaryImageOfPage":{"@id":"https:\/\/multihoster.org\/tr\/novamov\/#primaryimage"},"datePublished":"2020-04-17T12:53:08+00:00","dateModified":"2020-04-22T15:18:45+00:00","description":"Novamov sayg\u0131n bir sa\u011flay\u0131c\u0131 m\u0131 de\u011fil mi, cevab\u0131 Multihoster.org'daki mevcut testte bulabilirsiniz \u279c \u015eimdi t\u0131klay\u0131n \u271a deneyimlerimizi okumak i\u00e7in!","breadcrumb":{"@id":"https:\/\/multihoster.org\/tr\/novamov\/#breadcrumb"},"inLanguage":"tr","potentialAction":[{"@type":"ReadAction","target":["https:\/\/multihoster.org\/tr\/novamov\/"]}]},{"@type":"BreadcrumbList","@id":"https:\/\/multihoster.org\/tr\/novamov\/#breadcrumb","itemListElement":[{"@type":"ListItem","position":1,"name":"Startseite","item":"https:\/\/multihoster.org\/tr\/"},{"@type":"ListItem","position":2,"name":"Novamov Premium Hesap: Bir Bak\u0131\u015fta Filehoster"}]}]}},"_links":{"self":[{"href":"https:\/\/multihoster.org\/tr\/wp-json\/wp\/v2\/pages\/3939"}],"collection":[{"href":"https:\/\/multihoster.org\/tr\/wp-json\/wp\/v2\/pages"}],"about":[{"href":"https:\/\/multihoster.org\/tr\/wp-json\/wp\/v2\/types\/page"}],"author":[{"embeddable":true,"href":"https:\/\/multihoster.org\/tr\/wp-json\/wp\/v2\/users\/2"}],"replies":[{"embeddable":true,"href":"https:\/\/multihoster.org\/tr\/wp-json\/wp\/v2\/comments?post=3939"}],"version-history":[{"count":4,"href":"https:\/\/multihoster.org\/tr\/wp-json\/wp\/v2\/pages\/3939\/revisions"}],"predecessor-version":[{"id":4325,"href":"https:\/\/multihoster.org\/tr\/wp-json\/wp\/v2\/pages\/3939\/revisions\/4325"}],"wp:attachment":[{"href":"https:\/\/multihoster.org\/tr\/wp-json\/wp\/v2\/media?parent=3939"}],"curies":[{"name":"wp","href":"https:\/\/api.w.org\/{rel}","templated":true}]}}