{"id":3977,"date":"2020-04-17T14:05:21","date_gmt":"2020-04-17T14:05:21","guid":{"rendered":"https:\/\/multihoster.org\/euroshare\/"},"modified":"2020-06-01T13:04:28","modified_gmt":"2020-06-01T13:04:28","slug":"euroshare","status":"publish","type":"page","link":"https:\/\/multihoster.org\/tr\/euroshare\/","title":{"rendered":"Euroshare Premium Hesap: Bir Bak\u0131\u015fta Filehoster"},"content":{"rendered":"\n<p>\u00c7evrimi\u00e7i \u00e7ok fazla <a rel=\"noreferrer noopener\" aria-label=\"bulut depolama  (opens in a new tab)\" href=\"https:\/\/cloud.google.com\/storage\" target=\"_blank\">bulut depolama <\/a>sa\u011flay\u0131c\u0131s\u0131 var. G\u00fcn\u00fcm\u00fcz dijital \u00e7a\u011f\u0131m\u0131za paralel olarak, dijital alanlar da World Wide Web&#8217;de (WWW) k\u0131skan\u0131ld\u0131. Euroshare hakk\u0131nda bilgi edinin ve Euroshare&#8217;in ortalama bulut depolama sa\u011flay\u0131c\u0131n\u0131zdan ne kadar farkl\u0131 oldu\u011funu g\u00f6r\u00fcn.<\/p>\n\n\n\n<p>Euroshare Premium Hesab\u0131 arac\u0131l\u0131\u011f\u0131yla Euroshare platformu, Avrupa \u00fclkelerinde ve yava\u015f yava\u015f t\u00fcm d\u00fcnyada en tan\u0131nm\u0131\u015f ve en \u00e7ok kullan\u0131lan bulut depolama sa\u011flay\u0131c\u0131s\u0131d\u0131r. A\u015fa\u011f\u0131daki makalede Euroshare platformuyla ilgili ayr\u0131nt\u0131lar\u0131, Euroshare hakk\u0131ndaki arka plan bilgilerini, Euroshare bulut depolama hesab\u0131n\u0131 kaydetme, Euroshare Cloud depolama hesab\u0131 abonelikleri ve Euroshare platformu hakk\u0131nda s\u0131k sorulan baz\u0131 sorular\u0131 sergiledi\u011fimizden haberdar olun.<\/p>\n\n\n\n<figure class=\"wp-block-image\"><img src=\"https:\/\/lh3.googleusercontent.com\/VTnQu4OZ5FfXOlm95g35ntT2Gy6rVpChgvrLZpofPjotisXKCmjPxuOhFnzYLbxvWldiEqYE1H9_4zeRXqacKhgLrV_b7VfwHvfOODlsjx9ZA43TuT7O1b_Km1VX8LKzEVBnARo\" alt=\"\"\/><figcaption> Euroshare Website Interface <\/figcaption><\/figure>\n\n\n<a class=\"maxbutton-2 maxbutton maxbutton-cta\" target=\"_blank\" rel=\"nofollow noopener\" href=\"\/go\/\"><span class='mb-text'>&gt;&gt; Orijinal Linkifier Web Sitesine Git<\/span><\/a>\n\n\n<p><\/p>\n\n\n\n<h2>Euroshare Cloud Storage Platformunu Kullanman\u0131n Avantaj\u0131<\/h2>\n\n\n\n<p>1. Dosyalar\u0131n\u0131z\u0131 kolayca y\u00fckleyin ve d\u00fczenleyin &#8211; dosyalar\u0131n\u0131z\u0131 platformumuzun sistemine kolayca y\u00fckleyebilir ve d\u00fczenleyebilirsiniz. Platform, ki\u015fisel ve \u00f6zel dosyalar\u0131n\u0131z\u0131 y\u00f6netmenize yard\u0131mc\u0131 olacak bir s\u00fcr\u00fckle ve b\u0131rak \u00f6zelli\u011fine sahiptir. Platform, web sitesini Internet Explorer, Microsoft Edge, Google Chrome gibi farkl\u0131 internet taray\u0131c\u0131lar\u0131na dinamik olarak uyarlar. Tor Taray\u0131c\u0131, Safari, Opera, UC Taray\u0131c\u0131, UC Web ve World Wide Web&#8217;de (WWW) gezinmek i\u00e7in kullan\u0131lan di\u011fer t\u00fcm taray\u0131c\u0131lar.<\/p>\n\n\n\n<p>2. Dosyalar\u0131n\u0131z\u0131 farkl\u0131 platformlarda kolayca payla\u015f\u0131n &#8211; Euroshare bulut depolama dosyalar\u0131n\u0131z\u0131 saklar ve \u00e7e\u015fitli uyumluluk i\u015flevleriyle entegre edilmi\u015ftir. Bu, web sitesinin dosyalar\u0131n\u0131z i\u00e7in Facebook, Instagram, Google Plus, Twitter, YouTube, Myspace ve World Wide Web&#8217;deki di\u011fer t\u00fcm payla\u015f\u0131m platformlar\u0131 gibi farkl\u0131 sosyal medya platformlar\u0131nda payla\u015f\u0131labilen ve g\u00f6r\u00fcnt\u00fclenebilen otomatik olarak HTML kodlar\u0131 olu\u015fturmas\u0131n\u0131 sa\u011flar.<\/p>\n\n\n\n<figure class=\"wp-block-image\"><img src=\"https:\/\/lh5.googleusercontent.com\/EB3eHSNoIzMT6-dcDIfuLWrZrXQ3wIC4zmcrgacsqX5-viUdY92CB-EcDLmZSX2io-1vSfZLcZcv_aphVjbx0jG6uYFLKQj20jztFG5FAGERBiIkOOytDIOjabeg2v_zizZxDHI\" alt=\"\"\/><\/figure>\n\n\n\n<p>Euroshare Platformu \u00c7e\u015fitli Web Sitelerine Dinamik Olarak Uyarlan\u0131yor<\/p>\n\n\n\n<p>3. H\u0131zl\u0131 ve an\u0131nda y\u00fckleyin ve indirin &#8211; Her zamanki bulut depolama sa\u011flay\u0131c\u0131n\u0131zla kar\u015f\u0131la\u015ft\u0131r\u0131ld\u0131\u011f\u0131nda en eri\u015filebilir ve verimli indirme ve y\u00fckleme \u00f6zelli\u011fini sunuyoruz. Euroshare \u00dccretsiz Hesab\u0131m\u0131z ve Euroshare Premium Hesab\u0131m\u0131z, t\u00fcm dosyalar\u0131n\u0131z i\u00e7in en kararl\u0131 indirme ve y\u00fckleme se\u00e7ene\u011fini sunar.<\/p>\n\n\n\n<p>4. Hesab\u0131n\u0131zdaki dosyalar i\u00e7in en y\u00fcksek g\u00fcvenlik \u015fifrelemesini sunuyoruz &#8211; \u0130ster depolama alan\u0131n\u0131n kendisinin yedeklenmesi i\u00e7in olsun, Euroshare platformu, g\u00f6r\u00fcnt\u00fc, ses, video, belge, sunum, s\u0131k\u0131\u015ft\u0131r\u0131lm\u0131\u015f dosyalar veya di\u011fer t\u00fcm t\u00fcrler olsun t\u00fcm dosyalar\u0131n\u0131z\u0131 g\u00fcvende tutacakt\u0131r. Web sitemize entegre edilmi\u015f geli\u015fmi\u015f <a rel=\"noreferrer noopener\" aria-label=\"programlama  (opens in a new tab)\" href=\"https:\/\/www.khanacademy.org\/computing\/computer-programming\/programming\/intro-to-programming\/v\/programming-intro\" target=\"_blank\">programlama <\/a>ve \u015fifreleme sayesinde mevcut dijital d\u00fcnyam\u0131zda bulunan dosyalar\u0131n herhangi bir hack veya veri h\u0131rs\u0131zl\u0131\u011f\u0131 bi\u00e7iminden endi\u015felenmenize gerek kalmaz.<\/p>\n\n\n\n<p>Euroshare \u00dccretsiz Hesab\u0131 ve Euroshare Premium Hesab\u0131 arac\u0131l\u0131\u011f\u0131yla Euroshare&#8217;in rakiplerinin \u00fczerinde nas\u0131l durdu\u011funu art\u0131k bildi\u011finize g\u00f6re, bir Euroshare Hesab\u0131 bulut depolama alan\u0131na nas\u0131l kaydolaca\u011f\u0131n\u0131z\u0131 g\u00f6rmek bizim i\u00e7in bir zevktir. A\u015fa\u011f\u0131daki makaleyi okuyun ve platformumuzu kullanarak y\u00fcklemeye ve indirmeye ba\u015flay\u0131n.<\/p>\n\n\n\n<h2>Bir Euroshare Cloud Storage Hesab\u0131 olu\u015fturun<\/h2>\n\n\n\n<p>Bir hesab\u0131 kaydetmek ABC kadar kolayd\u0131r. Bulut depolama platformumuzun eri\u015filebilirli\u011finin ve verimlili\u011finin tad\u0131n\u0131 \u00e7\u0131karmaya ba\u015flayabilmeniz i\u00e7in size ad\u0131m ad\u0131m yol g\u00f6sterece\u011fiz.<\/p>\n\n\n\n<p>1. Tam ad\u0131n\u0131z\u0131, do\u011fru ad\u0131n\u0131z\u0131, soyad\u0131n\u0131z\u0131 ve ikinci ad\u0131n\u0131z\u0131 girin. Ayr\u0131ca size uygun bir \u015fekilde hitap etmemiz ve do\u011fru bir selamlama sunmam\u0131z i\u00e7in unvan\u0131n\u0131z\u0131 (Dr., Engr., Arch., Bay, Bayan veya Bayan) talep edece\u011fiz.<\/p>\n\n\n\n<p>2. \u00c7al\u0131\u015fan bir e-posta adresi girin. Euroshare Hesab\u0131n\u0131z\u0131 onaylamak i\u00e7in bir e-posta g\u00f6nderece\u011fiz. Ayr\u0131ca, her Euroshare bulut depolama platformu kullan\u0131c\u0131s\u0131 i\u00e7in kimlik do\u011frulamas\u0131 sa\u011flamak amac\u0131yla hesab\u0131n\u0131z i\u00e7in benzersiz bir kullan\u0131c\u0131 ad\u0131 isteyece\u011fiz.<\/p>\n\n\n\n<p>3. \u201c\u015eartlar ve ko\u015fullar\u0131m\u0131z\u0131 kabul edin\u201d b\u00f6l\u00fcm\u00fcn\u00fc okuyun ve i\u015faretleyin. Ayr\u0131ca &#8220;reCaptcha&#8221; gizlilik \u015fartlar\u0131m\u0131z\u0131 da i\u015faretleyin. Bu \u00f6zellikleri, Dijital Biny\u0131l Telif Hakk\u0131 Yasas\u0131 (<a rel=\"noreferrer noopener\" aria-label=\"DMCA (opens in a new tab)\" href=\"https:\/\/www.dmca.com\/\" target=\"_blank\">DMCA<\/a>) arac\u0131l\u0131\u011f\u0131yla kullan\u0131c\u0131lar\u0131m\u0131z\u0131n dijital ve gizlilik haklar\u0131n\u0131 sa\u011flamak i\u00e7in ekliyoruz.<\/p>\n\n\n\n<p>4. Son olarak, Kay\u0131t ol d\u00fc\u011fmesini t\u0131klay\u0131n. Hesab\u0131n\u0131z\u0131 onaylamak i\u00e7in size hemen e-postan\u0131za bir onay ba\u011flant\u0131s\u0131 g\u00f6ndeririz. Herhangi bir \u015fey almad\u0131ysan\u0131z l\u00fctfen spam filtrelerinizi ve spam e-posta klas\u00f6rlerinizi kontrol edin. Hesab\u0131n\u0131z\u0131 onaylad\u0131ktan sonra, kendi ki\u015fisel Euroshare \u00dccretsiz Hesab\u0131n\u0131z zaten var.<\/p>\n\n\n\n<p>Euroshare Premium hesab\u0131n\u0131n geli\u015ftirdi\u011fi Euroshare Premium Hesab\u0131 taraf\u0131ndan geli\u015ftirilen Euroshare&#8217;den ek \u00f6zellikler isteyebilirsiniz ve esnek aboneliklerinden ve \u00f6zelliklerinden ilham alabilirsiniz.<\/p>\n\n\n\n<h2>Euroshare Premium Hesab\u0131 ile tan\u0131\u015f\u0131n<\/h2>\n\n\n\n<p>Euroshare Premium Hesab\u0131, i\u015flevler ve \u00f6zelliklerle doludur. A\u015fa\u011f\u0131da, Euroshare&#8217;in d\u00fcnyadaki bir\u00e7ok kullan\u0131c\u0131 taraf\u0131ndan sevilmesinin nedenleri s\u0131ralanmaktad\u0131r.<\/p>\n\n\n\n<ol><li>Bekleme s\u00fcresi olmadan dosyalar\u0131 an\u0131nda indirin.<\/li><li> Can s\u0131k\u0131c\u0131 reklamlar i\u00e7ermez.<\/li><li> S\u0131n\u0131rs\u0131z e\u015fzamanl\u0131 indirmeyi destekler.<\/li><li> S\u0131n\u0131rs\u0131z indirme h\u0131z\u0131 sunar.<\/li><li> \u00dc\u00e7\u00fcnc\u00fc taraf indirme y\u00f6neticilerini destekler.<\/li><li> SINIRSIZ BULUT DEPOLAMA sunar.<\/li><li> Dosyalar sonsuza kadar g\u00fcvenli ve g\u00fcvende tutulacakt\u0131r.<\/li><li> G\u00fcnl\u00fck indirme kotas\u0131 yok.<\/li><li> \u00c7ok uygun fiyatl\u0131 ve eri\u015filebilir.<\/li><li> Kullan\u0131c\u0131 bilgileri maksimum seviyeye kadar g\u00fcvenceye al\u0131nm\u0131\u015f ve \u015fifrelenmi\u015ftir.<\/li><\/ol>\n\n\n\n<p>A\u015fa\u011f\u0131daki \u00e7e\u015fitli uygun fiyatl\u0131 ve esnek \u00f6deme se\u00e7eneklerimizle se\u00e7im yapabilirsiniz.<\/p>\n\n\n\n<p>\u00c7izelge 1. Euroshare Premium Hesab\u0131 uygun fiyatl\u0131 ve esnek \u00f6deme se\u00e7enekleri<\/p>\n\n\n<a class=\"maxbutton-2 maxbutton maxbutton-cta\" target=\"_blank\" rel=\"nofollow noopener\" href=\"\/go\/\"><span class='mb-text'>&gt;&gt; Orijinal Linkifier Web Sitesine Git<\/span><\/a>\n\n\n<p><\/p>\n\n\n\n<p><strong>Euroshare Premium Hesap T\u00fcrleri<\/strong><\/p>\n\n\n\n<figure class=\"wp-block-table\"><table><tbody><tr><td>\u00d6zellik \u00d6zellikleri<\/td><td>7 G\u00fcnl\u00fck Euroshare Premium Hesab\u0131<\/td><td>1 Ayl\u0131k Euroshare Premium Hesab\u0131<\/td><td>3 Ayl\u0131k Euroshare Premium Hesab\u0131<\/td><td>6 Ayl\u0131k Euroshare Premium Hesab\u0131<\/td><td>1 Y\u0131ll\u0131k Euroshare Premium Hesab\u0131<\/td><\/tr><tr><td>Toplam \u00d6deme Tutar\u0131<\/td><td>\u20ac 1.00 EUR<\/td><td>\u20ac 3.50 EUR<\/td><td>\u20ac 8.00 EUR<\/td><td>\u20ac 16.00 EUR<\/td><td>\u20ac 31.00 EUR<\/td><\/tr><tr><td>G\u00fcnl\u00fck toplam \u00f6deme<\/td><td>G\u00fcnl\u00fck \u20ac 0.14 EUR<\/td><td>G\u00fcnl\u00fck \u20ac 0.11 EUR<\/td><td>G\u00fcnl\u00fck \u20ac 0.09 EUR<\/td><td>G\u00fcnl\u00fck \u20ac 0.09 EUR<\/td><td>G\u00fcnl\u00fck \u20ac 0.08 EUR<\/td><\/tr><tr><td>\u00d6deme G\u00fcvenli\u011fi ve Gizlili\u011fi<\/td><td>\u015eifreli \u00d6deme \u0130\u015fleme (DMCA uyumlu)<\/td><td>\u015eifreli \u00d6deme \u0130\u015fleme (DMCA uyumlu)<\/td><td>\u015eifreli \u00d6deme \u0130\u015fleme (DMCA uyumlu)<\/td><td>\u015eifreli \u00d6deme \u0130\u015fleme (DMCA uyumlu)<\/td><td>\u015eifreli \u00d6deme \u0130\u015fleme (DMCA uyumlu)<\/td><\/tr><tr><td>\u00d6deme Ortam\u0131<\/td><td>MasterCard, Visa, Amex ve Discover<\/td><td>MasterCard, Visa, Amex ve Discover<\/td><td>MasterCard, Visa, Amex ve Discover<\/td><td>MasterCard, Visa, Amex ve Discover<\/td><td>MasterCard, Visa, Amex ve Discover<\/td><\/tr><\/tbody><\/table><\/figure>\n\n\n\n<p>G\u00f6rd\u00fc\u011f\u00fcn\u00fcz gibi Euroshare Premium hesab\u0131n\u0131n esnek ve uygun fiyatl\u0131 hesap t\u00fcrleri vard\u0131r:<\/p>\n\n\n\n<ul><li>7 G\u00fcn i\u00e7in g\u00fcnl\u00fck sadece 0.14 \u20ac olan premium bir hesaba sahip olmak i\u00e7in \u20ac 1.00 EUR \u00f6demeyi tercih edebilirsiniz; ya da<\/li><li> 1 ayl\u0131k prim hesab\u0131na sahip olmak i\u00e7in g\u00fcnl\u00fck sadece 0,11 \u20ac EUR; ya da<\/li><li> 3 ayl\u0131k bir premium hesaba sahip olmak i\u00e7in g\u00fcnl\u00fck yaln\u0131zca 0,09 \u20ac EUR; ya da<\/li><li> 6 ayl\u0131k bir premium hesaba sahip olmak i\u00e7in 16,00 EURO tutar\u0131nda olup, ayn\u0131 zamanda g\u00fcnde yaln\u0131zca 0,09 \u20ac EUR; veya son olarak,<\/li><li> en esnek ve uygun fiyatl\u0131 se\u00e7ene\u011fimizi se\u00e7in, toplam \u00f6deme tutar\u0131 31,00 \u20ac olan Euroshare Premium Hesab\u0131m\u0131z\u0131 1 Y\u0131l boyunca g\u00fcnde sadece 0,08 \u20ac kar\u015f\u0131l\u0131\u011f\u0131nda kullanabilirsiniz<\/li><\/ul>\n\n\n\n<figure class=\"wp-block-image\"><img src=\"https:\/\/lh6.googleusercontent.com\/-eGmRLsaVSpY0sp0uKekyQmuK5N50RBKx9r4stFdK_IoXfkEElkVdBq1R7pEW4fXaK3QZt3WCd1fXbEz9QXN4jbO_krYpIzXgzSNol4RnFvAb9ALbOf-KkdeWLTsaor-Wlo94KM\" alt=\"Transmit Your Payments Through our Partners\"\/><\/figure>\n\n\n\n<p>\u00d6demelerinizi Ortaklar\u0131m\u0131z Arac\u0131l\u0131\u011f\u0131yla Aktar\u0131n<\/p>\n\n\n\n<p>Kay\u0131t \u00fccretlerinizi MasterCard, Visa, Amex ve Discover gibi i\u015f <a rel=\"noreferrer noopener\" aria-label=\"ortaklar\u0131m\u0131z  (opens in a new tab)\" href=\"http:\/\/www.wisegeek.net\/what-is-a-financial-services-corporation.htm\" target=\"_blank\">ortaklar\u0131m\u0131z <\/a>arac\u0131l\u0131\u011f\u0131yla kolayca iletebilirsiniz. Dahas\u0131, t\u00fcm premium hesaplar\u0131n, DMCA uyumlu \u015fifreli \u00f6deme i\u015flemine sahip g\u00fcvenlik ve gizlilik korumas\u0131na sahip olmas\u0131d\u0131r. Bunlar, rakip bulut depolama sa\u011flay\u0131c\u0131lar\u0131n\u0131 Euroshare platformu hakk\u0131nda k\u0131skan\u00e7 yapan anayasalar.<\/p>\n\n\n\n<h2>Euroshare Cloud Storage Hakk\u0131nda Nihai D\u00fc\u015f\u00fcnceler<\/h2>\n\n\n\n<p>Uygun fiyatl\u0131 ve eri\u015filebilir \u00f6deme hesap t\u00fcrlerinin yan\u0131 s\u0131ra \u00e7ok \u00e7e\u015fitli \u00f6zellikler ve i\u015flevler sunar. TLD Registrar Solutions Ltd., liderleri, bilgisayar m\u00fchendisleri ve yaz\u0131l\u0131m programlama uzmanlar\u0131 arac\u0131l\u0131\u011f\u0131yla, dijital e\u015fyalar\u0131n\u0131za sonsuza dek en iyi alan\u0131 sa\u011flamak i\u00e7in platformumuzu s\u00fcrekli olarak geli\u015ftirmenin yollar\u0131n\u0131 bulmaya devam edecektir.<\/p>\n\n\n\n<h2>Euroshare S\u0131k Sorulan Sorular (SSS)<\/h2>\n\n\n\n<h3>Arayabilece\u011fim Euroshare Cloud Storage m\u00fc\u015fteri deste\u011fi var m\u0131?<\/h3>\n\n\n\n<p>Euroshare y\u00f6netimi, contact@euroshare.eu arac\u0131l\u0131\u011f\u0131yla ileti\u015fim kurabilece\u011finiz bir m\u00fc\u015fteri hizmetleri temsilcisine (CSR) sahiptir.<\/p>\n\n\n\n<h3>Euroshare Platformunu kim geli\u015ftirdi?<\/h3>\n\n\n\n<p>Euroshare Cloud depolama, 27 Mart 2015 tarihinde TLD Registrar Solutions Ltd. kapsam\u0131nda yaz\u0131l\u0131m m\u00fchendisleri ve bilgisayar programlama uzmanlar\u0131 taraf\u0131ndan geli\u015ftirilmi\u015ftir.<\/p>\n\n\n\n<h3>Euroshare Cloud Storage&#8217;\u0131 sonsuza kadar kullanabilir miyim?<\/h3>\n\n\n\n<p>Platformumuzu programlama ve yaz\u0131l\u0131m m\u00fchendisli\u011findeki en son teknolojilerle g\u00fc\u00e7lendirdi\u011fimiz i\u00e7in Euroshare veritaban\u0131ndaki t\u00fcm dosyalar\u0131n\u0131z\u0131n g\u00fcvenli\u011fini sonsuza kadar temin ederiz.<\/p>\n\n\n\n<h3>Euroshare Premium Hesab\u0131na y\u00fckseltmek i\u00e7in nereden \u00f6deme yapabilirim?<\/h3>\n\n\n\n<p>MasterCard, Visa, Amex ve Discover ile d\u00fcnya \u00e7ap\u0131ndaki ortaklar\u0131m\u0131z arac\u0131l\u0131\u011f\u0131yla uzaktan \u00f6deme yapabilirsiniz.<\/p>\n\n\n\n<h3>Euroshare \u00fccretsiz bir hesap sunuyor mu?<\/h3>\n\n\n\n<p>Evet, hesab\u0131n\u0131z\u0131 onaylar onaylamaz, zaten \u00e7e\u015fitli i\u015flevlere ve daha iyi \u00f6zelliklere sahip bir Euroshare \u00dccretsiz Hesap sahibi olursunuz, \u00f6zellikle de keyfini \u00e7\u0131karmak i\u00e7in s\u0131n\u0131rs\u0131z bulut depolama alan\u0131.<\/p>\n\n\n<a class=\"maxbutton-2 maxbutton maxbutton-cta\" target=\"_blank\" rel=\"nofollow noopener\" href=\"\/go\/\"><span class='mb-text'>&gt;&gt; Orijinal Linkifier Web Sitesine Git<\/span><\/a>\n\n\n<p><\/p>\n","protected":false},"excerpt":{"rendered":"<p>\u00c7evrimi\u00e7i \u00e7ok fazla bulut depolama sa\u011flay\u0131c\u0131s\u0131 var. G\u00fcn\u00fcm\u00fcz dijital \u00e7a\u011f\u0131m\u0131za paralel olarak, dijital alanlar da World Wide Web&#8217;de (WWW) k\u0131skan\u0131ld\u0131.<\/p>\n","protected":false},"author":2,"featured_media":0,"parent":0,"menu_order":0,"comment_status":"closed","ping_status":"closed","template":"","meta":[],"yoast_head":"<!-- This site is optimized with the Yoast SEO plugin v18.3 - https:\/\/yoast.com\/wordpress\/plugins\/seo\/ -->\n<title>Euroshare Premium Hesap: Bir Bak\u0131\u015fta Filehoster<\/title>\n<meta name=\"description\" content=\"Euroshare sayg\u0131n bir sa\u011flay\u0131c\u0131 m\u0131 de\u011fil mi, cevab\u0131 Multihoster.org&#039;daki mevcut testte bulabilirsiniz \u279c \u015eimdi t\u0131klay\u0131n \u271a deneyimlerimizi okumak i\u00e7in!\" \/>\n<meta name=\"robots\" content=\"index, follow, max-snippet:-1, max-image-preview:large, max-video-preview:-1\" \/>\n<link rel=\"canonical\" href=\"https:\/\/multihoster.org\/tr\/euroshare\/\" \/>\n<meta property=\"og:locale\" content=\"tr_TR\" \/>\n<meta property=\"og:type\" content=\"article\" \/>\n<meta property=\"og:title\" content=\"Euroshare Premium Hesap: Bir Bak\u0131\u015fta Filehoster\" \/>\n<meta property=\"og:description\" content=\"Euroshare sayg\u0131n bir sa\u011flay\u0131c\u0131 m\u0131 de\u011fil mi, cevab\u0131 Multihoster.org&#039;daki mevcut testte bulabilirsiniz \u279c \u015eimdi t\u0131klay\u0131n \u271a deneyimlerimizi okumak i\u00e7in!\" \/>\n<meta property=\"og:url\" content=\"https:\/\/multihoster.org\/tr\/euroshare\/\" \/>\n<meta property=\"og:site_name\" content=\"Multihoster.org\" \/>\n<meta property=\"article:modified_time\" content=\"2020-06-01T13:04:28+00:00\" \/>\n<meta property=\"og:image\" content=\"https:\/\/lh3.googleusercontent.com\/VTnQu4OZ5FfXOlm95g35ntT2Gy6rVpChgvrLZpofPjotisXKCmjPxuOhFnzYLbxvWldiEqYE1H9_4zeRXqacKhgLrV_b7VfwHvfOODlsjx9ZA43TuT7O1b_Km1VX8LKzEVBnARo\" \/>\n<meta name=\"twitter:card\" content=\"summary\" \/>\n<meta name=\"twitter:label1\" content=\"Tahmini okuma s\u00fcresi\" \/>\n\t<meta name=\"twitter:data1\" content=\"7 dakika\" \/>\n<script type=\"application\/ld+json\" class=\"yoast-schema-graph\">{\"@context\":\"https:\/\/schema.org\",\"@graph\":[{\"@type\":\"WebSite\",\"@id\":\"https:\/\/multihoster.org\/#website\",\"url\":\"https:\/\/multihoster.org\/\",\"name\":\"Multihoster.org\",\"description\":\"Reviews of the major Filehosting services\",\"potentialAction\":[{\"@type\":\"SearchAction\",\"target\":{\"@type\":\"EntryPoint\",\"urlTemplate\":\"https:\/\/multihoster.org\/?s={search_term_string}\"},\"query-input\":\"required name=search_term_string\"}],\"inLanguage\":\"tr\"},{\"@type\":\"ImageObject\",\"@id\":\"https:\/\/multihoster.org\/tr\/euroshare\/#primaryimage\",\"inLanguage\":\"tr\",\"url\":\"https:\/\/lh3.googleusercontent.com\/VTnQu4OZ5FfXOlm95g35ntT2Gy6rVpChgvrLZpofPjotisXKCmjPxuOhFnzYLbxvWldiEqYE1H9_4zeRXqacKhgLrV_b7VfwHvfOODlsjx9ZA43TuT7O1b_Km1VX8LKzEVBnARo\",\"contentUrl\":\"https:\/\/lh3.googleusercontent.com\/VTnQu4OZ5FfXOlm95g35ntT2Gy6rVpChgvrLZpofPjotisXKCmjPxuOhFnzYLbxvWldiEqYE1H9_4zeRXqacKhgLrV_b7VfwHvfOODlsjx9ZA43TuT7O1b_Km1VX8LKzEVBnARo\"},{\"@type\":\"WebPage\",\"@id\":\"https:\/\/multihoster.org\/tr\/euroshare\/#webpage\",\"url\":\"https:\/\/multihoster.org\/tr\/euroshare\/\",\"name\":\"Euroshare Premium Hesap: Bir Bak\u0131\u015fta Filehoster\",\"isPartOf\":{\"@id\":\"https:\/\/multihoster.org\/#website\"},\"primaryImageOfPage\":{\"@id\":\"https:\/\/multihoster.org\/tr\/euroshare\/#primaryimage\"},\"datePublished\":\"2020-04-17T14:05:21+00:00\",\"dateModified\":\"2020-06-01T13:04:28+00:00\",\"description\":\"Euroshare sayg\u0131n bir sa\u011flay\u0131c\u0131 m\u0131 de\u011fil mi, cevab\u0131 Multihoster.org'daki mevcut testte bulabilirsiniz \u279c \u015eimdi t\u0131klay\u0131n \u271a deneyimlerimizi okumak i\u00e7in!\",\"breadcrumb\":{\"@id\":\"https:\/\/multihoster.org\/tr\/euroshare\/#breadcrumb\"},\"inLanguage\":\"tr\",\"potentialAction\":[{\"@type\":\"ReadAction\",\"target\":[\"https:\/\/multihoster.org\/tr\/euroshare\/\"]}]},{\"@type\":\"BreadcrumbList\",\"@id\":\"https:\/\/multihoster.org\/tr\/euroshare\/#breadcrumb\",\"itemListElement\":[{\"@type\":\"ListItem\",\"position\":1,\"name\":\"Startseite\",\"item\":\"https:\/\/multihoster.org\/tr\/\"},{\"@type\":\"ListItem\",\"position\":2,\"name\":\"Euroshare Premium Hesap: Bir Bak\u0131\u015fta Filehoster\"}]}]}<\/script>\n<!-- \/ Yoast SEO plugin. -->","yoast_head_json":{"title":"Euroshare Premium Hesap: Bir Bak\u0131\u015fta Filehoster","description":"Euroshare sayg\u0131n bir sa\u011flay\u0131c\u0131 m\u0131 de\u011fil mi, cevab\u0131 Multihoster.org'daki mevcut testte bulabilirsiniz \u279c \u015eimdi t\u0131klay\u0131n \u271a deneyimlerimizi okumak i\u00e7in!","robots":{"index":"index","follow":"follow","max-snippet":"max-snippet:-1","max-image-preview":"max-image-preview:large","max-video-preview":"max-video-preview:-1"},"canonical":"https:\/\/multihoster.org\/tr\/euroshare\/","og_locale":"tr_TR","og_type":"article","og_title":"Euroshare Premium Hesap: Bir Bak\u0131\u015fta Filehoster","og_description":"Euroshare sayg\u0131n bir sa\u011flay\u0131c\u0131 m\u0131 de\u011fil mi, cevab\u0131 Multihoster.org'daki mevcut testte bulabilirsiniz \u279c \u015eimdi t\u0131klay\u0131n \u271a deneyimlerimizi okumak i\u00e7in!","og_url":"https:\/\/multihoster.org\/tr\/euroshare\/","og_site_name":"Multihoster.org","article_modified_time":"2020-06-01T13:04:28+00:00","og_image":[{"url":"https:\/\/lh3.googleusercontent.com\/VTnQu4OZ5FfXOlm95g35ntT2Gy6rVpChgvrLZpofPjotisXKCmjPxuOhFnzYLbxvWldiEqYE1H9_4zeRXqacKhgLrV_b7VfwHvfOODlsjx9ZA43TuT7O1b_Km1VX8LKzEVBnARo"}],"twitter_card":"summary","twitter_misc":{"Tahmini okuma s\u00fcresi":"7 dakika"},"schema":{"@context":"https:\/\/schema.org","@graph":[{"@type":"WebSite","@id":"https:\/\/multihoster.org\/#website","url":"https:\/\/multihoster.org\/","name":"Multihoster.org","description":"Reviews of the major Filehosting services","potentialAction":[{"@type":"SearchAction","target":{"@type":"EntryPoint","urlTemplate":"https:\/\/multihoster.org\/?s={search_term_string}"},"query-input":"required name=search_term_string"}],"inLanguage":"tr"},{"@type":"ImageObject","@id":"https:\/\/multihoster.org\/tr\/euroshare\/#primaryimage","inLanguage":"tr","url":"https:\/\/lh3.googleusercontent.com\/VTnQu4OZ5FfXOlm95g35ntT2Gy6rVpChgvrLZpofPjotisXKCmjPxuOhFnzYLbxvWldiEqYE1H9_4zeRXqacKhgLrV_b7VfwHvfOODlsjx9ZA43TuT7O1b_Km1VX8LKzEVBnARo","contentUrl":"https:\/\/lh3.googleusercontent.com\/VTnQu4OZ5FfXOlm95g35ntT2Gy6rVpChgvrLZpofPjotisXKCmjPxuOhFnzYLbxvWldiEqYE1H9_4zeRXqacKhgLrV_b7VfwHvfOODlsjx9ZA43TuT7O1b_Km1VX8LKzEVBnARo"},{"@type":"WebPage","@id":"https:\/\/multihoster.org\/tr\/euroshare\/#webpage","url":"https:\/\/multihoster.org\/tr\/euroshare\/","name":"Euroshare Premium Hesap: Bir Bak\u0131\u015fta Filehoster","isPartOf":{"@id":"https:\/\/multihoster.org\/#website"},"primaryImageOfPage":{"@id":"https:\/\/multihoster.org\/tr\/euroshare\/#primaryimage"},"datePublished":"2020-04-17T14:05:21+00:00","dateModified":"2020-06-01T13:04:28+00:00","description":"Euroshare sayg\u0131n bir sa\u011flay\u0131c\u0131 m\u0131 de\u011fil mi, cevab\u0131 Multihoster.org'daki mevcut testte bulabilirsiniz \u279c \u015eimdi t\u0131klay\u0131n \u271a deneyimlerimizi okumak i\u00e7in!","breadcrumb":{"@id":"https:\/\/multihoster.org\/tr\/euroshare\/#breadcrumb"},"inLanguage":"tr","potentialAction":[{"@type":"ReadAction","target":["https:\/\/multihoster.org\/tr\/euroshare\/"]}]},{"@type":"BreadcrumbList","@id":"https:\/\/multihoster.org\/tr\/euroshare\/#breadcrumb","itemListElement":[{"@type":"ListItem","position":1,"name":"Startseite","item":"https:\/\/multihoster.org\/tr\/"},{"@type":"ListItem","position":2,"name":"Euroshare Premium Hesap: Bir Bak\u0131\u015fta Filehoster"}]}]}},"_links":{"self":[{"href":"https:\/\/multihoster.org\/tr\/wp-json\/wp\/v2\/pages\/3977"}],"collection":[{"href":"https:\/\/multihoster.org\/tr\/wp-json\/wp\/v2\/pages"}],"about":[{"href":"https:\/\/multihoster.org\/tr\/wp-json\/wp\/v2\/types\/page"}],"author":[{"embeddable":true,"href":"https:\/\/multihoster.org\/tr\/wp-json\/wp\/v2\/users\/2"}],"replies":[{"embeddable":true,"href":"https:\/\/multihoster.org\/tr\/wp-json\/wp\/v2\/comments?post=3977"}],"version-history":[{"count":3,"href":"https:\/\/multihoster.org\/tr\/wp-json\/wp\/v2\/pages\/3977\/revisions"}],"predecessor-version":[{"id":4669,"href":"https:\/\/multihoster.org\/tr\/wp-json\/wp\/v2\/pages\/3977\/revisions\/4669"}],"wp:attachment":[{"href":"https:\/\/multihoster.org\/tr\/wp-json\/wp\/v2\/media?parent=3977"}],"curies":[{"name":"wp","href":"https:\/\/api.w.org\/{rel}","templated":true}]}}