{"id":4018,"date":"2020-04-20T09:20:34","date_gmt":"2020-04-20T09:20:34","guid":{"rendered":"https:\/\/multihoster.org\/worldbytez\/"},"modified":"2020-04-20T12:13:59","modified_gmt":"2020-04-20T12:13:59","slug":"worldbytez","status":"publish","type":"page","link":"https:\/\/multihoster.org\/tr\/worldbytez\/","title":{"rendered":"Worldbytez Premium Hesap: Bir Bak\u0131\u015fta Filehoster"},"content":{"rendered":"\n<figure class=\"wp-block-image\"><img src=\"https:\/\/lh3.googleusercontent.com\/ZwKTn0qxlK9t2UpSPpApEe5RhukrV4XOwXWiMt7O2uS0uv62mqTWd7VBNkqdXw4yWEDJzMqcFq0fT2OOMQqR42ZbpbcLCdrawC7hLUuslDrahfg4QkcU5hu6ewz3tARyzoY346g\" alt=\"Worldbytez logo\"\/><\/figure>\n\n\n\n<p>Worldbytez, uzaktan veya \u00e7evrimi\u00e7i depolama veya yedekleme sunan dosya bar\u0131nd\u0131rma sa\u011flay\u0131c\u0131lar\u0131ndan biridir. Bir kullan\u0131c\u0131n\u0131n veya m\u00fc\u015fterilerinin dosyalar\u0131n\u0131n y\u00fcklenmesini, payla\u015f\u0131lmas\u0131n\u0131 ve indirilmesini destekler. Herhangi bir cihaz\u0131n web taray\u0131c\u0131lar\u0131ndan eri\u015filebilen bir web sitesine ve Windows, Mac OS X ve Linux i\u015fletim sistemlerinde eri\u015filebilen bir yaz\u0131l\u0131m s\u00fcr\u00fcm\u00fcne sahiptir.<\/p>\n\n\n\n<p>17 Ekim 2019&#8217;da Worldbytez, web sitesi misafir veya kay\u0131tl\u0131 olmayan kullan\u0131c\u0131lar\u0131 hakk\u0131ndaki haberleri yay\u0131mlad\u0131 ve duyurdu. Worldbytez, onlara Worldbytez&#8217;in \u00fccretsiz hesab\u0131 olarak \u00e7ok daha h\u0131zl\u0131 bir dosya veya dosya indirmenin keyfini \u00e7\u0131karabilecekleri ve istedikleri herhangi bir dosyay\u0131 h\u0131z s\u0131n\u0131rlamas\u0131 olmadan indirebilecekleri \u00e7ok iyi bir hizmet verdi.<\/p>\n\n\n<a class=\"maxbutton-2 maxbutton maxbutton-cta\" target=\"_blank\" rel=\"nofollow noopener\" href=\"\/go\/\"><span class='mb-text'>&gt;&gt; Orijinal Linkifier Web Sitesine Git<\/span><\/a>\n\n\n<p><\/p>\n\n\n\n<h2>D\u00fcnya Bulut Yolculu\u011fu<\/h2>\n\n\n\n<p>Worldbytez, bir kullan\u0131c\u0131n\u0131n verilerini veya dosyalar\u0131n\u0131 g\u00fcvenli bir \u015fekilde bulut sunucusunda saklayabilece\u011fi bir bulut s\u00fcr\u00fcc\u00fcs\u00fcne sahiptir.<\/p>\n\n\n\n<p>Bir cihaz\u0131n farkl\u0131 i\u015fletim sistemi veya<a href=\"https:\/\/www.webopedia.com\/TERM\/O\/operating_system.html\" target=\"_blank\" rel=\"noreferrer noopener\" aria-label=\" i\u015fletim sistemi  (opens in a new tab)\"> i\u015fletim sistemi <\/a>taraf\u0131ndan a\u015fa\u011f\u0131daki gibi eri\u015filebilir:<\/p>\n\n\n\n<ul><li>Microsoft Windows<\/li><li>Mac OS X<\/li><li>Linux or Ubuntu<\/li><\/ul>\n\n\n\n<h3>Microsoft Windows kullanan kullan\u0131c\u0131lar i\u00e7in<\/h3>\n\n\n\n<ol><li>Kullan\u0131c\u0131 cihaz\u0131n\u0131n \u201cBilgisayar\u0131m\u201d konumunu a\u00e7mal\u0131d\u0131r.<\/li><li> \u201cBilgisayar\u0131m\u201d \u0131n sol taraf\u0131nda bulunan \u201cA\u011f\u201d simgesini bulun. Ard\u0131ndan, \u00fczerine sa\u011f t\u0131klay\u0131n.<\/li><li> A\u011f se\u00e7enekleri g\u00f6r\u00fcnecektir. Ard\u0131ndan, &#8220;A\u011f s\u00fcr\u00fcc\u00fcs\u00fcn\u00fc e\u015fle&#8221; yi se\u00e7in ve t\u0131klay\u0131n<\/li><li> \u201cHttps:\/\/worldbytez.com\/webdav\/\u201d adl\u0131 Worldbytez URL ba\u011flant\u0131s\u0131n\u0131 girin.<\/li><li> Worldbytez bulut s\u00fcr\u00fcc\u00fcs\u00fc g\u00f6r\u00fcnecek. \u015eimdi, bir kullan\u0131c\u0131 oturum a\u00e7mak i\u00e7in Worldbytez&#8217;e kullan\u0131c\u0131 hesab\u0131n\u0131 ve \u015fifresini girmelidir.<\/li><\/ol>\n\n\n\n<h3>Mac OS X kullanan kullan\u0131c\u0131lar i\u00e7in<\/h3>\n\n\n\n<ol><li>Bir kullan\u0131c\u0131 Mac OS X cihaz\u0131n\u0131n \u201cFinder\u201d \u0131na gitmelidir.<\/li><li> \u201cSunucuya Ba\u011flan\u201d \u0131 se\u00e7in ve t\u0131klay\u0131n.<\/li><li> \u201cHttps:\/\/worldbytez.com\/webdav\/\u201d adl\u0131 Worldbytez URL ba\u011flant\u0131s\u0131n\u0131 girin.<\/li><li> Worldbytez bulut s\u00fcr\u00fcc\u00fcs\u00fc g\u00f6r\u00fcnecek. \u015eimdi, bir kullan\u0131c\u0131 oturum a\u00e7mak i\u00e7in Worldbytez&#8217;e kullan\u0131c\u0131 hesab\u0131n\u0131 ve \u015fifresini girmelidir.<\/li><\/ol>\n\n\n\n<h3>Linux veya Ubuntu kullanan kullan\u0131c\u0131lar i\u00e7in<\/h3>\n\n\n\n<ol><li>Bir kullan\u0131c\u0131 Linux ayg\u0131t\u0131n\u0131n dosya y\u00f6neticisine gitmelidir.<\/li><li> Men\u00fc \u00e7ubu\u011funa gidin ve \u201cDosyalar\u201d a t\u0131klay\u0131n.<\/li><li> \u201cSunucuya Ba\u011flan\u201d \u0131 se\u00e7in ve t\u0131klay\u0131n.<\/li><li> \u201cHttps:\/\/worldbytez.com\/webdav\/\u201d adl\u0131 Worldbytez <a rel=\"noreferrer noopener\" aria-label=\"URL  (opens in a new tab)\" href=\"https:\/\/www.webopedia.com\/TERM\/U\/URL.html\" target=\"_blank\">URL <\/a>ba\u011flant\u0131s\u0131n\u0131 girin.<\/li><li> Worldbytez&#8217;in bulut s\u00fcr\u00fcc\u00fcs\u00fc g\u00f6r\u00fcnecek. \u015eimdi, bir kullan\u0131c\u0131 oturum a\u00e7mak i\u00e7in Worldbytez&#8217;e kullan\u0131c\u0131 hesab\u0131n\u0131 ve \u015fifresini girmelidir.<\/li><\/ol>\n\n\n\n<h2>Worldbytez&#8217;in Ara\u00e7lar\u0131<\/h2>\n\n\n\n<p>Worldbytez, Windows, Mac OS X ve Android i\u015fletim sistemleri ile masa\u00fcst\u00fc ve mobil cihazlar\u0131 destekler. Worldbytez&#8217;in yaz\u0131l\u0131m\u0131n\u0131 geli\u015ftirdiler, b\u00f6ylece bir kullan\u0131c\u0131 cihazlar\u0131na kolayca indirip eri\u015febilir.<\/p>\n\n\n\n<p>Masa\u00fcst\u00fc cihazlar i\u00e7in (Windows ve Mac OS X i\u00e7in):<\/p>\n\n\n\n<p>\u2713 FTP ve \u00c7oklu i\u015f par\u00e7ac\u0131\u011f\u0131n\u0131n y\u00fcklenmesini destekler.<br>\u2713 Pro HTTP Proxy&#8217;yi destekler.<br>\u2713 Upload Dosyalar\u0131 kar\u015f\u0131ya y\u00fckleme, yeniden adland\u0131rma ve silme gibi  \u2713 dosyalar\u0131 y\u00f6netme \u00f6zelli\u011fi vard\u0131r.<br> \u2713 Folder Klas\u00f6r\u00fcn i\u00e7eri\u011fini kopyalayabilir.<\/p>\n\n\n\n<p>Android cihazlar i\u00e7in:<\/p>\n\n\n\n<p>\u2713 \u00c7ok i\u015f par\u00e7ac\u0131kl\u0131 y\u00fcklemeyi destekler.<br>\u2713 File Dosya Y\u00f6neticileri vard\u0131r.<br>\u2713 Upload Dosyalar\u0131 kar\u015f\u0131ya y\u00fckleme, tarama, kopyalama, silme ve ta\u015f\u0131ma gibi dosyalar\u0131 y\u00f6netme \u00f6zelli\u011fi vard\u0131r.<\/p>\n\n\n\n<h2>Worldbytez Y\u00f6neticilerini \u0130ndirin<\/h2>\n\n\n\n<p>Worldbytez her zaman bir kullan\u0131c\u0131n\u0131n Internet Download Manager veya IDM ve JDownloader gibi bir indirme y\u00f6neticisi kullanmas\u0131n\u0131 \u00f6nerir, \u00e7\u00fcnk\u00fc Worldbytez web sitesinin sunucular\u0131 bu indirme y\u00f6neticilerini kullanarak bir dosyay\u0131 indirmek i\u00e7in m\u00fckemmel \u00e7al\u0131\u015f\u0131r, ancak bir kullan\u0131c\u0131 ayn\u0131 zamanda di\u011fer indirme y\u00f6neticilerini de kullanabilir. al\u0131\u015fk\u0131n.<\/p>\n\n\n\n<p>Link: Worldbytez<\/p>\n\n\n\n<p>Bir kullan\u0131c\u0131 Worldbytez web sitesine y\u00fckledi\u011fi bir dosyay\u0131 veya dosyalar\u0131 silebilir. Worldbytez, bir kullan\u0131c\u0131n\u0131n dosyay\u0131 tek bir t\u0131klamayla silmesi i\u00e7in dosya y\u00fcklemeyi bitirdikten sonra her zaman bir \u201cba\u011flant\u0131 sil\u201d sa\u011flayacakt\u0131r. Bir kullan\u0131c\u0131 bir dosya i\u00e7in silme ba\u011flant\u0131s\u0131n\u0131 kaybetmi\u015fse, dosyan\u0131n sona erme tarihine kadar bekleyebilir. Worldbytez sistemi, kullan\u0131c\u0131n\u0131n dosyas\u0131n\u0131 veya dosyalar\u0131n\u0131 sitelerinden, veritabanlar\u0131ndan ve sunucular\u0131ndan otomatik olarak silmekle sorumlu olacakt\u0131r.<\/p>\n\n\n\n<h2>Worldbytez Premium Hesap Planlar\u0131<\/h2>\n\n\n\n<figure class=\"wp-block-table\"><table class=\"\"><tbody><tr><td>Premium G\u00fcn say\u0131s\u0131:<\/td><td>60<\/td><td>100<\/td><td>180<\/td><td>365<\/td><td>750<\/td><\/tr><tr><td>Prices:Fiyat:% s:Prices:<\/td><td>18,00 Euro<\/td><td>22,00 Euro<\/td><td>36,00 Euro<\/td><td>60,00 Euro<\/td><td>90,00 Euro<\/td><\/tr><tr><td>Bekleme S\u00fcresi Yok:<\/td><td>\u2713<\/td><td>\u2713<\/td><td>\u2713<\/td><td>\u2713<\/td><td>\u2713<\/td><\/tr><tr><td>CAPTCHA yok:<\/td><td>\u2713<\/td><td>\u2713<\/td><td>\u2713<\/td><td>\u2713<\/td><td>\u2713<\/td><\/tr><\/tbody><\/table><\/figure>\n\n\n\n<figure class=\"wp-block-table\"><table class=\"\"><tbody><tr><td>Bir kullan\u0131c\u0131 a\u015fa\u011f\u0131daki \u00f6deme y\u00f6ntemlerini kullanarak \u00f6deme yapabilir: Worldbytez Bayileri, PayPal, Visa, MasterCard, American Express, Discover, Paysafecard, VivaPayments, Bitcoin veya Altcoin kripto para birimi, Ekonomi ve Emedia.<\/td><\/tr><\/tbody><\/table><\/figure>\n\n\n\n<p><strong>Worldbytez Premium Trafik Planlar\u0131<\/strong><\/p>\n\n\n\n<figure class=\"wp-block-table\"><table class=\"\"><tbody><tr><td>Depolama boyutu:<\/td><td>4048  gigabayt <\/td><td>8200  gigabayt <\/td><td>30500  gigabayt <\/td><td>50500  gigabayt <\/td><td>Limit yok<\/td><\/tr><tr><td>Fiyat:% s:<\/td><td>\u20ac 4.99<\/td><td>\u20ac&nbsp; 7.99<\/td><td>\u20ac&nbsp; 19.99<\/td><td>\u20ac&nbsp; 39.99<\/td><td>\u20ac&nbsp; 79.99<\/td><\/tr><\/tbody><\/table><\/figure>\n\n\n\n<figure class=\"wp-block-table\"><table class=\"\"><tbody><tr><td>Bir kullan\u0131c\u0131 a\u015fa\u011f\u0131daki \u00f6deme y\u00f6ntemlerini kullanarak \u00f6deme yapabilir: Visa, MasterCard, American Express, Discover, Bitcoin veya Altcoin.<\/td><\/tr><\/tbody><\/table><\/figure>\n\n\n<a class=\"maxbutton-2 maxbutton maxbutton-cta\" target=\"_blank\" rel=\"nofollow noopener\" href=\"\/go\/\"><span class='mb-text'>&gt;&gt; Orijinal Linkifier Web Sitesine Git<\/span><\/a>\n\n\n<p><\/p>\n\n\n\n<h3>WorldBytez Premium Hesab\u0131n\u0131n Aktivasyon S\u00fcreci<\/h3>\n\n\n\n<p>Bir kullan\u0131c\u0131 Worldbytez Premium Hesap Plan\u0131n\u0131 sat\u0131n ald\u0131ktan sonra, hizmetinin etkinle\u015ftirilmesine devam etmelidir. Premium hesab\u0131n hizmetini etkinle\u015ftirmek i\u00e7in, Worldbytez Premium Hesab\u0131 i\u00e7in bir etkinle\u015ftirme anahtar\u0131na veya koduna sahip olmas\u0131 gerekir. Aktivasyon anahtar\u0131 veya kodu Worldbytez&#8217;in resmi sat\u0131c\u0131lar\u0131ndan sat\u0131n al\u0131nabilir.<\/p>\n\n\n\n<p>Bir kullan\u0131c\u0131n\u0131n Worldbytez Premium Hesab\u0131 i\u00e7in zaten bir etkinle\u015ftirme anahtar kodu varsa, a\u015fa\u011f\u0131daki talimatlar\u0131 izlemesi gerekir:<\/p>\n\n\n\n<ol><li>Bir kullan\u0131c\u0131 \u00f6nce WorldBytez giri\u015f sayfas\u0131nda (https:\/\/worldbytez.com\/login.html) hesab\u0131na giri\u015f yapmal\u0131 veya hen\u00fcz bir hesab\u0131 yoksa, l\u00fctfen kay\u0131t sayfas\u0131na devam edin. bir hesap olu\u015fturmak i\u00e7in Worldbytez web sitesine (https:\/\/worldbytez.com\/register.html) gidin.<\/li><li> Bir kullan\u0131c\u0131 hesab\u0131na Worldbytez web sitesinden giri\u015f yapt\u0131ktan sonra. Worldbytez&#8217;in \u201cHesab\u0131m\u201d sayfas\u0131na ilerleyin (https:\/\/worldbytez.com\/?op=my_account)<\/li><li> Worldbytez Premium Hesab\u0131n\u0131n etkinle\u015ftirme anahtar\u0131n\u0131 veya kodunu girmek i\u00e7in \u201cPremium Anahtar\u0131 Uygula\u201d alan\u0131n\u0131 bulun.<\/li><li> Etkinle\u015ftirme anahtar\u0131n\u0131 veya kodu etkinle\u015ftirilecek kullan\u0131c\u0131n\u0131n hesab\u0131na uygulamak i\u00e7in her zaman \u201cUygula\u201d d\u00fc\u011fmesine t\u0131klanmal\u0131d\u0131r. Hesap etkinle\u015ftirildi\u011finde, kullan\u0131c\u0131 art\u0131k Worldbytez&#8217;in Premium hesab\u0131n\u0131n \u00f6zelliklerinden ve hizmetlerinden yararlanabilir.<\/li><\/ol>\n\n\n\n<p><strong>Bir kullan\u0131c\u0131n\u0131n Worldbytez Premium Hesab\u0131 i\u00e7in nas\u0131l bir etkinle\u015ftirme kodu veya bir kupon kodu olabilir?<\/strong><\/p>\n\n\n\n<p>Bir kullan\u0131c\u0131, Worldbytez Premium Hesab\u0131 i\u00e7in bir etkinle\u015ftirme kodu veya <a href=\"https:\/\/dictionary.cambridge.org\/us\/dictionary\/english\/voucher\" target=\"_blank\" rel=\"noreferrer noopener\" aria-label=\"kupon  (opens in a new tab)\">kupon <\/a>kodu, Worldbytez&#8217;in resmi sat\u0131c\u0131lar\u0131ndan herhangi birinden sat\u0131n alabilir. Sat\u0131n almak i\u00e7in a\u015fa\u011f\u0131daki talimatlar\u0131 uygulaman\u0131z yeterlidir:<\/p>\n\n\n\n<p>1. Bir kullan\u0131c\u0131, Worldbytez&#8217;in resmi sat\u0131c\u0131lar\u0131n\u0131n bulundu\u011fu web sitelerine gitmelidir.<\/p>\n\n\n\n<p>2. Bir kullan\u0131c\u0131 a\u015fa\u011f\u0131daki \u00f6rnek resimde oldu\u011fu gibi bir kupon kodu arayabilir. Worldbytez resmi sat\u0131c\u0131lar\u0131n\u0131n web sitelerinde b\u00f6yle bir kod bulun.<\/p>\n\n\n\n<figure class=\"wp-block-image\"><img src=\"https:\/\/lh4.googleusercontent.com\/x9dESrr048atR0TPpugQH3ZgMa-Ja5VQXFe9gbPC3MwNcsle4Vhx4hFofb1OxRqIS-b5D2JoIww8RI5LRaLBA7uRfwEGXEExiqlgnJUwQBda78wmt2mUJx8nSlE8eBFYEo54qvE\" alt=\"sample voucher code\"\/><\/figure>\n\n\n\n<p>3. Kupon kodunu sat\u0131c\u0131lardan al\u0131n veya bir kullan\u0131c\u0131 web sitesindeki sat\u0131c\u0131lar taraf\u0131ndan sa\u011flanan ileti\u015fim yoluyla onlara ula\u015fabilir.<\/p>\n\n\n\n<p>Bir kullan\u0131c\u0131 bir etkinle\u015ftirme kodu veya bir kupon kodu sat\u0131n al\u0131rken herhangi bir sorunla kar\u015f\u0131la\u015f\u0131rsa, l\u00fctfen Worldbytez sat\u0131c\u0131s\u0131yla veya web sitesindeki ileti\u015fim sayfas\u0131yla (https:\/\/worldbytez.com\/contact.html) veya info.worldbytez@gmail.com adresine e-posta g\u00f6nderin.<\/p>\n\n\n\n<h2>World Bayileri<\/h2>\n\n\n\n<p>Worldbytez Premium Hesab\u0131 ve Worldbytez Premium Hesab\u0131 etkinle\u015ftirme kodlar\u0131n\u0131n veya fi\u015f kodlar\u0131n\u0131n sat\u0131c\u0131lar\u0131ndan biri olmak ister misiniz?<\/p>\n\n\n\n<p>Worldbytez sat\u0131c\u0131lar\u0131, Worldbytez Premium Hesaplar\u0131n\u0131 ve Worldbytez Premium Hesab\u0131 etkinle\u015ftirme kodlar\u0131n\u0131 veya kupon kodlar\u0131n\u0131 satabilir. Worldbytez \u015firketi, resmi sat\u0131c\u0131lar\u0131na, \u00e7evrimi\u00e7i pazarda sat\u0131\u015f yapacaklar\u0131 Worldbytez \u00fcr\u00fcnleri i\u00e7in indirim sa\u011fl\u0131yor. Worldbytez&#8217;in t\u00fcm sat\u0131c\u0131lar\u0131na verdi\u011fi ilk indirim miktar\u0131 y\u00fczde yirmi (% 20).<\/p>\n\n\n\n<p>Bazen, bir sat\u0131c\u0131 satt\u0131\u011f\u0131 \u00fcr\u00fcnlerin fiyatlar\u0131 i\u00e7in indirim yapmaya karar verir, b\u00f6ylece bir kullan\u0131c\u0131 veya m\u00fc\u015fteri bir sat\u0131c\u0131dan sat\u0131n ald\u0131\u011f\u0131nda tasarruf edebilir.<\/p>\n\n\n\n<p>Bir kullan\u0131c\u0131 Worldbytez&#8217;in resmi sat\u0131c\u0131lar\u0131ndan biri olmak istiyorsa, a\u015fa\u011f\u0131daki gerekli bilgileri i\u00e7eren info@worldbytez.com adresinden Worldbytez&#8217;e bir e-posta g\u00f6ndermelidir:<\/p>\n\n\n\n<p>\u2713 Kullan\u0131c\u0131n\u0131n tam ad\u0131<br>\u2713  The Kullan\u0131c\u0131n\u0131n \u00fclke konumu<br>\u2713  By Worldbytez \u00fcr\u00fcnlerini hangi lokasyonda satmak istiyor?<br>\u2713  Preferred Tercih etti\u011fi \u00f6deme y\u00f6ntemi.<br>\u2713  User Bir kullan\u0131c\u0131 her hafta ne kadar satabilir?<br>\u2713 Res Bayi hesab\u0131 i\u00e7in istedi\u011fi kullan\u0131c\u0131 ad\u0131.<br>\u2713 User Bir kullan\u0131c\u0131n\u0131n Worldbytez \u00fcr\u00fcnlerini satmay\u0131 planlad\u0131\u011f\u0131 web sitesinin ba\u011flant\u0131s\u0131.<\/p>\n\n\n\n<p>Daha sonra, bir kullan\u0131c\u0131 Worldbytez taraf\u0131ndan bir sat\u0131c\u0131 olarak onaylan\u0131rsa, e-posta adresine Worldbytez&#8217;den ek bilgiler i\u00e7eren bir onay mesaj\u0131 alacakt\u0131r.<\/p>\n\n\n\n<figure class=\"wp-block-table\"><table class=\"\"><tbody><tr><td>Web sitesinin ad\u0131<\/td><td>\u00d6deme Y\u00f6ntemleri<\/td><\/tr><tr><td>D-keys<\/td><td>MasterCard, Elektronik Banka veya Banka Havalesi, VivaWallet, D\u00fcnya \u00c7ap\u0131nda Kredi Kartlar\u0131, \u00d6n \u00d6demeli Kartlar, Banka Kartlar\u0131, Visa ve Visa Electron, Maestro ve di\u011ferleri<\/td><\/tr><tr><td>Lobi<\/td><td>Elektronik Banka veya Banka Havalesi, \u00d6n \u00d6demeli Kartlar, Banka Kartlar\u0131, MasterCard, Maestro, D\u00fcnya \u00c7ap\u0131nda Kredi Kartlar\u0131, Visa ve Visa Electron ve di\u011ferleri arac\u0131l\u0131\u011f\u0131yla<\/td><\/tr><tr><td>Digitadiko<\/td><td>Paypal, Elektronik Banka veya Banka Havalesi, Bitcoin veya Altcoin, Banka Havalesi, Kredi Kartlar\u0131, MasterCard, Visa, Visa Electron, Maestro, American Express, Paysafecard, Payza, Skrill, CashU, Ukash, OKpay, Webmoney, SMS ve di\u011ferleri<\/td><\/tr><tr><td>Economy-Shop<\/td><td>Paypal, Elektronik Banka veya Banka Havalesi, Visa ve Visa Electron, \u00d6n \u00d6demeli Kartlar, Banka Kartlar\u0131, D\u00fcnya \u00c7ap\u0131nda Kredi Kartlar\u0131, Maestro, MasterCard ve di\u011ferleri<\/td><\/tr><tr><td>EMediaShop<\/td><td>Paypal, Elektronik Banka veya Banka Havalesi, MasterCard, \u00d6n \u00d6demeli Kartlar, Banka Kartlar\u0131, Visa ve Visa Electron, D\u00fcnya \u00c7ap\u0131nda Kredi Kartlar\u0131, Maestro ve di\u011ferleri<\/td><\/tr><\/tbody><\/table><\/figure>\n\n\n\n<p>Bir kullan\u0131c\u0131, Worldbytez&#8217;e kulland\u0131\u011f\u0131 \u00f6deme y\u00f6ntemini de sunabilir. Bu konuda Worldbytez e-postas\u0131 (info.worldbytez@gmail.com) veya ileti\u015fim sayfas\u0131 arac\u0131l\u0131\u011f\u0131yla mesaj g\u00f6nderebilir.<\/p>\n\n\n\n<p>Bir kullan\u0131c\u0131n\u0131n her zaman bilgisini do\u011fru ve ge\u00e7erli olarak girmesini sa\u011flamas\u0131 gerekir, bu y\u00fczden Worldbytez&#8217;e \u00f6deme yapt\u0131\u011f\u0131nda ya da Worldbytez kendisine \u00f6deme yapt\u0131\u011f\u0131nda sorun olmayacakt\u0131r.<\/p>\n\n\n\n<p>Bir kullan\u0131c\u0131 Worldbytez Premium Hesap hizmeti i\u00e7in hesap aboneli\u011fini istedi\u011fi zaman iptal etmek isterse, ancak Worldbytez \u015fimdilik kullan\u0131c\u0131lar\u0131 veya m\u00fc\u015fterileri i\u00e7in geri \u00f6deme hizmetini desteklememektedir.<\/p>\n\n\n\n<h3>Worldbytez \u015firketi hakk\u0131nda bilgi<\/h3>\n\n\n\n<figure class=\"wp-block-table\"><table class=\"\"><tbody><tr><td>\u015eirket Ad\u0131 (Resmi):<\/td><td>Worldbytez LTD<\/td><\/tr><tr><td>Konum adresi:<\/td><td>Toma Mitov St.No.18, 1. kat<\/td><\/tr><tr><td>\u00dclke Konumu:<\/td><td>Bulgaristan<\/td><\/tr><tr><td>\u015eehrin posta kodu):<\/td><td>Blagoevgrad B\u00f6lgesi, Petrich Belediyesi, 2850<\/td><\/tr><tr><td>Katma De\u011fer Vergisi (KDV) Kimli\u011fi<\/td><td>204850418<\/td><\/tr><tr><td>Tel. Numara:<\/td><td> 359-877-005-642 (Onlarla 12:00 &#8211; 22:00 saatleri aras\u0131nda ileti\u015fim kurun) <\/td><\/tr><tr><td>E-posta Ekle:<\/td><td>info.worldbytez@gmail.com<\/td><\/tr><\/tbody><\/table><\/figure>\n\n\n<a class=\"maxbutton-2 maxbutton maxbutton-cta\" target=\"_blank\" rel=\"nofollow noopener\" href=\"\/go\/\"><span class='mb-text'>&gt;&gt; Orijinal Linkifier Web Sitesine Git<\/span><\/a>\n\n\n<p><\/p>\n","protected":false},"excerpt":{"rendered":"<p>Worldbytez, uzaktan veya \u00e7evrimi\u00e7i depolama veya yedekleme sunan dosya bar\u0131nd\u0131rma sa\u011flay\u0131c\u0131lar\u0131ndan biridir. Bir kullan\u0131c\u0131n\u0131n veya m\u00fc\u015fterilerinin dosyalar\u0131n\u0131n y\u00fcklenmesini, payla\u015f\u0131lmas\u0131n\u0131 ve<\/p>\n","protected":false},"author":2,"featured_media":0,"parent":0,"menu_order":0,"comment_status":"closed","ping_status":"closed","template":"","meta":[],"yoast_head":"<!-- This site is optimized with the Yoast SEO plugin v18.3 - https:\/\/yoast.com\/wordpress\/plugins\/seo\/ -->\n<title>Worldbytez Premium Hesap: Bir Bak\u0131\u015fta Filehoster<\/title>\n<meta name=\"description\" content=\"Worldbytez sayg\u0131n bir sa\u011flay\u0131c\u0131 m\u0131 de\u011fil mi, cevab\u0131n\u0131z\u0131 Multihoster.org&#039;daki mevcut testte bulabilirsiniz \u279c \u015eimdi t\u0131klay\u0131n experiences deneyimlerimizi okumak i\u00e7in!\" \/>\n<meta name=\"robots\" content=\"index, follow, max-snippet:-1, max-image-preview:large, max-video-preview:-1\" \/>\n<link rel=\"canonical\" href=\"https:\/\/multihoster.org\/tr\/worldbytez\/\" \/>\n<meta property=\"og:locale\" content=\"tr_TR\" \/>\n<meta property=\"og:type\" content=\"article\" \/>\n<meta property=\"og:title\" content=\"Worldbytez Premium Hesap: Bir Bak\u0131\u015fta Filehoster\" \/>\n<meta property=\"og:description\" content=\"Worldbytez sayg\u0131n bir sa\u011flay\u0131c\u0131 m\u0131 de\u011fil mi, cevab\u0131n\u0131z\u0131 Multihoster.org&#039;daki mevcut testte bulabilirsiniz \u279c \u015eimdi t\u0131klay\u0131n experiences deneyimlerimizi okumak i\u00e7in!\" \/>\n<meta property=\"og:url\" content=\"https:\/\/multihoster.org\/tr\/worldbytez\/\" \/>\n<meta property=\"og:site_name\" content=\"Multihoster.org\" \/>\n<meta property=\"article:modified_time\" content=\"2020-04-20T12:13:59+00:00\" \/>\n<meta property=\"og:image\" content=\"https:\/\/lh3.googleusercontent.com\/ZwKTn0qxlK9t2UpSPpApEe5RhukrV4XOwXWiMt7O2uS0uv62mqTWd7VBNkqdXw4yWEDJzMqcFq0fT2OOMQqR42ZbpbcLCdrawC7hLUuslDrahfg4QkcU5hu6ewz3tARyzoY346g\" \/>\n<meta name=\"twitter:card\" content=\"summary\" \/>\n<meta name=\"twitter:label1\" content=\"Tahmini okuma s\u00fcresi\" \/>\n\t<meta name=\"twitter:data1\" content=\"9 dakika\" \/>\n<script type=\"application\/ld+json\" class=\"yoast-schema-graph\">{\"@context\":\"https:\/\/schema.org\",\"@graph\":[{\"@type\":\"WebSite\",\"@id\":\"https:\/\/multihoster.org\/#website\",\"url\":\"https:\/\/multihoster.org\/\",\"name\":\"Multihoster.org\",\"description\":\"Reviews of the major Filehosting services\",\"potentialAction\":[{\"@type\":\"SearchAction\",\"target\":{\"@type\":\"EntryPoint\",\"urlTemplate\":\"https:\/\/multihoster.org\/?s={search_term_string}\"},\"query-input\":\"required name=search_term_string\"}],\"inLanguage\":\"tr\"},{\"@type\":\"ImageObject\",\"@id\":\"https:\/\/multihoster.org\/tr\/worldbytez\/#primaryimage\",\"inLanguage\":\"tr\",\"url\":\"https:\/\/lh3.googleusercontent.com\/ZwKTn0qxlK9t2UpSPpApEe5RhukrV4XOwXWiMt7O2uS0uv62mqTWd7VBNkqdXw4yWEDJzMqcFq0fT2OOMQqR42ZbpbcLCdrawC7hLUuslDrahfg4QkcU5hu6ewz3tARyzoY346g\",\"contentUrl\":\"https:\/\/lh3.googleusercontent.com\/ZwKTn0qxlK9t2UpSPpApEe5RhukrV4XOwXWiMt7O2uS0uv62mqTWd7VBNkqdXw4yWEDJzMqcFq0fT2OOMQqR42ZbpbcLCdrawC7hLUuslDrahfg4QkcU5hu6ewz3tARyzoY346g\"},{\"@type\":\"WebPage\",\"@id\":\"https:\/\/multihoster.org\/tr\/worldbytez\/#webpage\",\"url\":\"https:\/\/multihoster.org\/tr\/worldbytez\/\",\"name\":\"Worldbytez Premium Hesap: Bir Bak\u0131\u015fta Filehoster\",\"isPartOf\":{\"@id\":\"https:\/\/multihoster.org\/#website\"},\"primaryImageOfPage\":{\"@id\":\"https:\/\/multihoster.org\/tr\/worldbytez\/#primaryimage\"},\"datePublished\":\"2020-04-20T09:20:34+00:00\",\"dateModified\":\"2020-04-20T12:13:59+00:00\",\"description\":\"Worldbytez sayg\u0131n bir sa\u011flay\u0131c\u0131 m\u0131 de\u011fil mi, cevab\u0131n\u0131z\u0131 Multihoster.org'daki mevcut testte bulabilirsiniz \u279c \u015eimdi t\u0131klay\u0131n experiences deneyimlerimizi okumak i\u00e7in!\",\"breadcrumb\":{\"@id\":\"https:\/\/multihoster.org\/tr\/worldbytez\/#breadcrumb\"},\"inLanguage\":\"tr\",\"potentialAction\":[{\"@type\":\"ReadAction\",\"target\":[\"https:\/\/multihoster.org\/tr\/worldbytez\/\"]}]},{\"@type\":\"BreadcrumbList\",\"@id\":\"https:\/\/multihoster.org\/tr\/worldbytez\/#breadcrumb\",\"itemListElement\":[{\"@type\":\"ListItem\",\"position\":1,\"name\":\"Startseite\",\"item\":\"https:\/\/multihoster.org\/tr\/\"},{\"@type\":\"ListItem\",\"position\":2,\"name\":\"Worldbytez Premium Hesap: Bir Bak\u0131\u015fta Filehoster\"}]}]}<\/script>\n<!-- \/ Yoast SEO plugin. -->","yoast_head_json":{"title":"Worldbytez Premium Hesap: Bir Bak\u0131\u015fta Filehoster","description":"Worldbytez sayg\u0131n bir sa\u011flay\u0131c\u0131 m\u0131 de\u011fil mi, cevab\u0131n\u0131z\u0131 Multihoster.org'daki mevcut testte bulabilirsiniz \u279c \u015eimdi t\u0131klay\u0131n experiences deneyimlerimizi okumak i\u00e7in!","robots":{"index":"index","follow":"follow","max-snippet":"max-snippet:-1","max-image-preview":"max-image-preview:large","max-video-preview":"max-video-preview:-1"},"canonical":"https:\/\/multihoster.org\/tr\/worldbytez\/","og_locale":"tr_TR","og_type":"article","og_title":"Worldbytez Premium Hesap: Bir Bak\u0131\u015fta Filehoster","og_description":"Worldbytez sayg\u0131n bir sa\u011flay\u0131c\u0131 m\u0131 de\u011fil mi, cevab\u0131n\u0131z\u0131 Multihoster.org'daki mevcut testte bulabilirsiniz \u279c \u015eimdi t\u0131klay\u0131n experiences deneyimlerimizi okumak i\u00e7in!","og_url":"https:\/\/multihoster.org\/tr\/worldbytez\/","og_site_name":"Multihoster.org","article_modified_time":"2020-04-20T12:13:59+00:00","og_image":[{"url":"https:\/\/lh3.googleusercontent.com\/ZwKTn0qxlK9t2UpSPpApEe5RhukrV4XOwXWiMt7O2uS0uv62mqTWd7VBNkqdXw4yWEDJzMqcFq0fT2OOMQqR42ZbpbcLCdrawC7hLUuslDrahfg4QkcU5hu6ewz3tARyzoY346g"}],"twitter_card":"summary","twitter_misc":{"Tahmini okuma s\u00fcresi":"9 dakika"},"schema":{"@context":"https:\/\/schema.org","@graph":[{"@type":"WebSite","@id":"https:\/\/multihoster.org\/#website","url":"https:\/\/multihoster.org\/","name":"Multihoster.org","description":"Reviews of the major Filehosting services","potentialAction":[{"@type":"SearchAction","target":{"@type":"EntryPoint","urlTemplate":"https:\/\/multihoster.org\/?s={search_term_string}"},"query-input":"required name=search_term_string"}],"inLanguage":"tr"},{"@type":"ImageObject","@id":"https:\/\/multihoster.org\/tr\/worldbytez\/#primaryimage","inLanguage":"tr","url":"https:\/\/lh3.googleusercontent.com\/ZwKTn0qxlK9t2UpSPpApEe5RhukrV4XOwXWiMt7O2uS0uv62mqTWd7VBNkqdXw4yWEDJzMqcFq0fT2OOMQqR42ZbpbcLCdrawC7hLUuslDrahfg4QkcU5hu6ewz3tARyzoY346g","contentUrl":"https:\/\/lh3.googleusercontent.com\/ZwKTn0qxlK9t2UpSPpApEe5RhukrV4XOwXWiMt7O2uS0uv62mqTWd7VBNkqdXw4yWEDJzMqcFq0fT2OOMQqR42ZbpbcLCdrawC7hLUuslDrahfg4QkcU5hu6ewz3tARyzoY346g"},{"@type":"WebPage","@id":"https:\/\/multihoster.org\/tr\/worldbytez\/#webpage","url":"https:\/\/multihoster.org\/tr\/worldbytez\/","name":"Worldbytez Premium Hesap: Bir Bak\u0131\u015fta Filehoster","isPartOf":{"@id":"https:\/\/multihoster.org\/#website"},"primaryImageOfPage":{"@id":"https:\/\/multihoster.org\/tr\/worldbytez\/#primaryimage"},"datePublished":"2020-04-20T09:20:34+00:00","dateModified":"2020-04-20T12:13:59+00:00","description":"Worldbytez sayg\u0131n bir sa\u011flay\u0131c\u0131 m\u0131 de\u011fil mi, cevab\u0131n\u0131z\u0131 Multihoster.org'daki mevcut testte bulabilirsiniz \u279c \u015eimdi t\u0131klay\u0131n experiences deneyimlerimizi okumak i\u00e7in!","breadcrumb":{"@id":"https:\/\/multihoster.org\/tr\/worldbytez\/#breadcrumb"},"inLanguage":"tr","potentialAction":[{"@type":"ReadAction","target":["https:\/\/multihoster.org\/tr\/worldbytez\/"]}]},{"@type":"BreadcrumbList","@id":"https:\/\/multihoster.org\/tr\/worldbytez\/#breadcrumb","itemListElement":[{"@type":"ListItem","position":1,"name":"Startseite","item":"https:\/\/multihoster.org\/tr\/"},{"@type":"ListItem","position":2,"name":"Worldbytez Premium Hesap: Bir Bak\u0131\u015fta Filehoster"}]}]}},"_links":{"self":[{"href":"https:\/\/multihoster.org\/tr\/wp-json\/wp\/v2\/pages\/4018"}],"collection":[{"href":"https:\/\/multihoster.org\/tr\/wp-json\/wp\/v2\/pages"}],"about":[{"href":"https:\/\/multihoster.org\/tr\/wp-json\/wp\/v2\/types\/page"}],"author":[{"embeddable":true,"href":"https:\/\/multihoster.org\/tr\/wp-json\/wp\/v2\/users\/2"}],"replies":[{"embeddable":true,"href":"https:\/\/multihoster.org\/tr\/wp-json\/wp\/v2\/comments?post=4018"}],"version-history":[{"count":3,"href":"https:\/\/multihoster.org\/tr\/wp-json\/wp\/v2\/pages\/4018\/revisions"}],"predecessor-version":[{"id":4042,"href":"https:\/\/multihoster.org\/tr\/wp-json\/wp\/v2\/pages\/4018\/revisions\/4042"}],"wp:attachment":[{"href":"https:\/\/multihoster.org\/tr\/wp-json\/wp\/v2\/media?parent=4018"}],"curies":[{"name":"wp","href":"https:\/\/api.w.org\/{rel}","templated":true}]}}