{"id":4057,"date":"2020-04-20T12:20:17","date_gmt":"2020-04-20T12:20:17","guid":{"rendered":"https:\/\/multihoster.org\/icerbox\/"},"modified":"2020-04-20T15:29:12","modified_gmt":"2020-04-20T15:29:12","slug":"icerbox","status":"publish","type":"page","link":"https:\/\/multihoster.org\/tr\/icerbox\/","title":{"rendered":"Icerbox Premium Hesap: Bir Bak\u0131\u015fta Filehoster"},"content":{"rendered":"<a class=\"maxbutton-2 maxbutton maxbutton-cta\" target=\"_blank\" rel=\"nofollow noopener\" href=\"\/go\/\"><span class='mb-text'>&gt;&gt; Orijinal Linkifier Web Sitesine Git<\/span><\/a>\n\n\n<p><\/p>\n\n\n\n<h2>Icerbox nedir?<\/h2>\n\n\n\n<figure class=\"wp-block-image\"><img src=\"https:\/\/lh3.googleusercontent.com\/493jzcDX3PFt-Lt4SzyCUiMVL0kxnjE6P0HOZhCqmVcMoXTpG1Y-ZLhg51E6BcSVBUnWtZKDSkPAV93vpvaRYBqO7t0CUSYNX_YvYEzLePQxXWa2jTTsfKVAKx5fduxWmtxehI4\" alt=\"Icerbox Logo\"\/><\/figure>\n\n\n\n<p>Icerbox, kullan\u0131c\u0131lar\u0131na tatmin edici hizmet ve yenilik\u00e7i \u00f6zellikler sunman\u0131n \u00e7ok kolay bir yoluna sahip bir bulut depolama hizmetidir. Icerbox Premium, daha h\u0131zl\u0131 ba\u011flant\u0131 h\u0131z\u0131, daha b\u00fcy\u00fck depolama kapasitesi ve g\u00fcvenli bir bulut depolama hizmeti sunan \u00e7ok uygun bir y\u00f6netim sistemine sahiptir. Ayr\u0131ca, kullan\u0131c\u0131lar\u0131n daha kolay aktar\u0131m ve eri\u015fim i\u00e7in birden fazla dosya indirmesini ve y\u00fcklemesini sa\u011flayan \u00e7oklu g\u00f6rev \u00f6zelli\u011fine sahiptir. Bu \u00f6zellik \u00e7evrimi\u00e7i olarak di\u011fer dosya bar\u0131nd\u0131rma hizmetlerinden de al\u0131nabilir, ancak Icerbox Premium bu premium hizmetlerin daha ucuz bir \u00fccret kar\u015f\u0131l\u0131\u011f\u0131nda keyfini \u00e7\u0131karman\u0131z\u0131 sa\u011flar.<\/p>\n\n\n\n<h2>Neden bir Icerbox Premium Hesab\u0131 Kullanmal\u0131?<\/h2>\n\n\n\n<p>Icerbox tek ba\u015f\u0131na iyidir, ancak kullan\u0131c\u0131lar bir Icerbox Premium Hesab\u0131na sahip olarak hizmetlerini b\u00fcy\u00fck \u00f6l\u00e7\u00fcde geli\u015ftirebilirler. Icerbox Premium hesab\u0131 harika ve yenilik\u00e7i \u00f6zelliklerin geni\u015f bir listesine a\u00e7\u0131l\u0131r. Icerbox Premium hesab\u0131yla, kullan\u0131c\u0131lar daha y\u00fcksek depolama kapasitesi ve sunucuya daha h\u0131zl\u0131 ba\u011flant\u0131 alma hakk\u0131na sahiptir. Premium kullan\u0131c\u0131lar, a\u011f trafi\u011finde y\u00fcksek \u00f6nceli\u011fe de\u011finmek yerine, kendi depolama alanlar\u0131na daha h\u0131zl\u0131 eri\u015fim sa\u011flamak i\u00e7in daha y\u00fcksek bant geni\u015fli\u011finin keyfini \u00e7\u0131kar\u0131r. Icerbox Premium kullan\u0131c\u0131lar\u0131 ayr\u0131ca can s\u0131k\u0131c\u0131 pop-up&#8217;lar ve reklamlar i\u00e7ermez. Bu hizmetlerin hepsi bir ay i\u00e7in y\u00fcz dolardan daha az maliyetlidir.<\/p>\n\n\n\n<h3>Veri yedekleme<\/h3>\n\n\n\n<p>Icerbox Premium, \u00f6nemli dosyalar\u0131 ileride kullanmak \u00fczere g\u00fcvenceye almak i\u00e7in kullan\u0131labilen bir Yedekleme \u00f6zelli\u011fine sahiptir. Dosya g\u00fcvenli\u011fi, \u00e7ok fazla belgeye sahip olan i\u015fletme sahipleri i\u00e7in \u00e7ok \u00f6nemlidir. \u0130\u015fletmelerin bordro, kat\u0131l\u0131m kay\u0131tlar\u0131 ve \u00e7al\u0131\u015fan veri dosyalar\u0131 gibi kaybetmeyi g\u00f6ze alamayacaklar\u0131 \u00e7ok say\u0131da belgeye sahip olmalar\u0131 yayg\u0131nd\u0131r. \u00d6\u011frenciler ayr\u0131ca veri g\u00fcvenli\u011fi i\u00e7in y\u00fcksek bir talebe sahiptir. Projeler ve sunumlar buluta kaydedilebilir ve gerekti\u011finde daha sonra eri\u015filebilir. Icerbox Premium, dosyalar\u0131n yedeklenmesinde b\u00fcy\u00fck \u00f6l\u00e7\u00fcde yard\u0131mc\u0131 olabilir. \u00c7ok g\u00fcvenli ve h\u0131zl\u0131 bir ba\u011flant\u0131yla Icerbox Premium, \u00f6nemli dosyalar\u0131n g\u00fcvenli\u011fi i\u00e7in y\u00fcksek \u00f6nceli\u011fe sahip olanlar i\u00e7in m\u00fckemmel bir bulut depolama hizmetidir.<\/p>\n\n\n\n<h3>\u00c7oklu Platform Eri\u015fimi<\/h3>\n\n\n\n<p>\u015eimdiki ya\u015f inkar edilemeyecek kadar h\u0131zl\u0131d\u0131r, baz\u0131 insanlar dosyalar\u0131n\u0131 ve medyalar\u0131n\u0131 nas\u0131l y\u00f6neteceklerine ayak uyduramazlar. Ancak mobil uygulamalar\u0131n geli\u015ftirilmesinden bu yana bu \u00f6nemsiz sorunlar \u00e7\u00f6z\u00fcld\u00fc. Kullan\u0131c\u0131lar art\u0131k mobil uygulamalar\u0131n\u0131 kullanarak veri y\u00f6netimini kontrol edebiliyor. Neyse ki, Icerbox Premium \u00e7oklu platform ba\u011flant\u0131s\u0131 sunar. Kullan\u0131c\u0131lar dosyalar\u0131na mobil cihazlar\u0131ndan eri\u015febilirler. Windows, Android veya IOS olsun, Icerbox Premium bulut depolama hizmeti arkan\u0131za yasland\u0131. Bu geni\u015f \u00e7oklu platform \u00f6zelli\u011fi, dosya ve belge g\u00fcvenli\u011fi gereksinimlerinizi tamamen y\u00f6netmek i\u00e7in daha esnek ve kolay yollar sunar. Bu \u00e7oklu platform \u00f6zelli\u011fi, \u00e7al\u0131\u015fmalar\u0131n\u0131n kendi \u00e7evrimi\u00e7i depolama alanlar\u0131na g\u00fcvenli bir \u015fekilde y\u00fcklenmesini isteyen dijital sanat\u00e7\u0131lar ve foto\u011fraf\u00e7\u0131lar i\u00e7in de m\u00fckemmeldir.<\/p>\n\n\n\n<h3>G\u00fcvenli Bulut Depolama<\/h3>\n\n\n\n<p>\u0130nsanlar\u0131n bulut depolama hizmetlerine abone olmas\u0131n\u0131n ana nedenlerinden biri, \u00f6nemli dosyalar\u0131n\u0131n g\u00fcvenli\u011fi i\u00e7indir. Ancak kolay bir depolama ve veritaban\u0131 ihlali hizmetleri bar\u0131nd\u0131ran di\u011fer dosyalar vard\u0131r. Bu \u00f6zellikle \u00f6nemli belgeleri veya medyay\u0131 bulut depolama alan\u0131n\u0131zda tutuyorsan\u0131z \u00e7ok k\u00f6t\u00fc olabilir. Icerbox Premium ise \u00e7ok g\u00fcvenli bir bulut depolama alan\u0131na sahip. Icerbox, kullan\u0131c\u0131lar\u0131n\u0131n y\u00fckledi\u011fi t\u00fcm dosyalar\u0131n bulutlar\u0131nda g\u00fcvenli bir \u015fekilde saklanmas\u0131n\u0131 sa\u011flamak i\u00e7in veri merkezlerini kullan\u0131r. \u0130nternette, potansiyel kurbanlardan \u00f6nemli dosyalar\u0131 ve medyalar\u0131 \u00e7almay\u0131 bekleyen bir\u00e7ok k\u00f6t\u00fc niyetli varl\u0131k var, ancak Icerbox Premium g\u00fcvenlik \u00f6zellikleri medya ve belgelerin sald\u0131r\u0131 ve h\u0131rs\u0131zl\u0131k risklerini ortadan kald\u0131r\u0131yor.<\/p>\n\n\n\n<h3>Daha Y\u00fcksek Depolama Kapasitesi<\/h3>\n\n\n\n<p>Bir Icerbox Premium hesab\u0131yla, size y\u00fckseltilmi\u015f bir depolama kapasitesi verilir. Normalde, \u00fccretsiz kullan\u0131c\u0131lar yaln\u0131zca s\u0131n\u0131rl\u0131 depolama alan\u0131na sahiptir ancak bir Icerbox Premium hesab\u0131 kullanmak, toplam 1 TB de\u011ferinde bulut depolaman\u0131n keyfini \u00e7\u0131karman\u0131z\u0131 sa\u011flar. Kullan\u0131labilir depolama kapasitesinin t\u00fckenmesinden endi\u015fe etmeden istedi\u011finiz t\u00fcm dosyalar\u0131 saklay\u0131n. \u0130ster medya ister b\u00fcy\u00fck video dosyalar\u0131 olsun, Icerbox Premium sizi b\u00fcy\u00fck boyutlu dosyalar\u0131 bar\u0131nd\u0131rabilecek bir depolama kapasitesi ile donat\u0131r. \u0130\u00e7erik olu\u015fturucular, i\u00e7eriklerini \u00e7evrimi\u00e7i y\u00fckleyerek ve \u00e7al\u0131\u015fmalar\u0131n\u0131 bulut depolama alan\u0131nda g\u00fcvenli tutarak bu harika depolama boyutundan yararlanabilir.<\/p>\n\n\n\n<h3>Reklams\u0131z<\/h3>\n\n\n\n<p>Gelirlerini reklamlardan alan \u00fccretsiz hesab\u0131n aksine, Icerbox Premium hesab\u0131 bu t\u00fcr can s\u0131k\u0131c\u0131 pop-up&#8217;lardan ar\u0131nm\u0131\u015f. Sizi ba\u015fka web sitelerine g\u00f6t\u00fcrebilecek reklamlardan rahats\u0131z olmadan Icerbox Premium hizmetinin tad\u0131n\u0131 \u00e7\u0131kar\u0131n.<\/p>\n\n\n<a class=\"maxbutton-2 maxbutton maxbutton-cta\" target=\"_blank\" rel=\"nofollow noopener\" href=\"\/go\/\"><span class='mb-text'>&gt;&gt; Orijinal Linkifier Web Sitesine Git<\/span><\/a>\n\n\n<p><\/p>\n\n\n\n<h3>Hemen Sol<\/h3>\n\n\n\n<p>Icerbox Premium bulut depolama alan\u0131ndan dosyalar\u0131n\u0131z\u0131 ve di\u011fer i\u00e7eriklerinizi indirmek, bir Icerbox Premium hesab\u0131 ile \u00e7ok kolayd\u0131r. Premium hesap kullan\u0131c\u0131lar\u0131 dosyalar\u0131na ve i\u00e7eriklerine daha h\u0131zl\u0131 eri\u015fmek i\u00e7in URL&#8217;leri ve do\u011frudan ba\u011flant\u0131lar\u0131 kullanabilir. Bu URL&#8217;ler, dosyalar\u0131n\u0131 istedikleri ki\u015fiyle payla\u015fmak i\u00e7in de kullan\u0131labilir. Bu Icerbox Premium hesap \u00f6zelli\u011fi, dosyalar\u0131n\u0131z\u0131n sorunsuz bir \u015fekilde y\u00f6netilmesini sa\u011flar. Bunun i\u015fyerinde kullan\u0131lmas\u0131 tavsiye edilir. Bir proje \u00fczerinde \u00e7al\u0131\u015fan insanlar \u00f6nemli dosyalar\u0131n\u0131 sadece bir ba\u011flant\u0131 ile kolayca payla\u015fabilirler. Gruptaki di\u011fer ki\u015filer daha sonra dosyalar\u0131 kendileri indirebilir. Icerbox Premium&#8217;un bu do\u011frudan ba\u011flant\u0131 \u00f6zelli\u011fi, \u00f6nemli dosyalar\u0131 arkada\u015flar ve akranlar aras\u0131nda payla\u015fmak i\u00e7in \u00e7ok basit ama g\u00fcvenli bir yol sunar. Tek yapman\u0131z gereken URL&#8217;yi kopyalay\u0131p yap\u0131\u015ft\u0131rmakt\u0131r ve dosyan\u0131z gitmek i\u00e7in iyidir.<\/p>\n\n\n\n<figure class=\"wp-block-image\"><img src=\"https:\/\/lh3.googleusercontent.com\/HQNhdcagPamIueLOxgMqcKHczdiPnzCTHziaGCU8fl5jGCfi34JrXESuIjWn0wckTDMEg2hYRWAlCrPd-qL0EjhOMWbgBcBfa0rrMKEaq-Q14OSdRbdSa0AYVaM81sHcnq4BFbw\" alt=\"Icerbox Premium features\"\/><\/figure>\n\n\n\n<h2>Kendi Icerbox Premium Hesab\u0131n\u0131z\u0131 Nas\u0131l Alabilirsiniz?<\/h2>\n\n\n\n<p>Icerbox Premium, aralar\u0131ndan se\u00e7im yapabilece\u011finiz bir\u00e7ok esnek pakete sahiptir. \u0130htiya\u00e7lar\u0131n\u0131za ve i\u015finize tam olarak uyan bir abonelik plan\u0131 se\u00e7ebilirsiniz. Kullan\u0131c\u0131lar, Temel, Orta ve B\u00fcy\u00fck hesap olmak \u00fczere \u00fc\u00e7 t\u00fcr hesap aras\u0131ndan se\u00e7im yapabilir. Hepsinin kullan\u0131c\u0131lar\u0131n\u0131n ihtiya\u00e7lar\u0131na g\u00f6re farkl\u0131 paketleri vard\u0131r.<\/p>\n\n\n\n<p>Premium hesap t\u00fcrlerinin kar\u015f\u0131la\u015ft\u0131rmas\u0131:<\/p>\n\n\n\n<figure class=\"wp-block-table\"><table class=\"\"><tbody><tr><td>Hesap tipi<\/td><td>Temel<\/td><td>Orta<\/td><td>B\u00fcy\u00fck<\/td><\/tr><tr><td>s\u00fcre<\/td><td>1 ay<\/td><td>3 ay<\/td><td>6 ay<\/td><\/tr><tr><td>Depolama boyutu<\/td><td>500 GB<\/td><td>750 GB<\/td><td>1 TB<\/td><\/tr><tr><td>h\u0131z<\/td><td>S\u0131n\u0131rs\u0131z<\/td><td>S\u0131n\u0131rs\u0131z<\/td><td>S\u0131n\u0131rs\u0131z<\/td><\/tr><tr><td>Maliyet<\/td><td>$17<\/td><td>$40<\/td><td>$70<\/td><\/tr><tr><td>G\u00fcnl\u00fck Ortalama<\/td><td>G\u00fcnl\u00fck 0,57 ABD dolar\u0131<\/td><td>G\u00fcnl\u00fck 0,44 ABD dolar\u0131<\/td><td>G\u00fcnl\u00fck 0,39 ABD dolar\u0131<\/td><\/tr><\/tbody><\/table><\/figure>\n\n\n\n<p>Hesap b\u00fcy\u00fcd\u00fck\u00e7e, g\u00fcnl\u00fck ortalama maliyet d\u00fc\u015ft\u00fck\u00e7e kaydedebilece\u011finiz miktar da artar. Bununla birlikte, se\u00e7ece\u011finiz hesap yine de ihtiya\u00e7lar\u0131n\u0131za ve finansal yeteneklerinize ba\u011fl\u0131d\u0131r.<\/p>\n\n\n\n<p>Icerbox Premium ayr\u0131ca \u00f6deme alman\u0131n farkl\u0131 esnek yollar\u0131n\u0131 sunar. MasterCard, VISA ve PayPal&#8217;\u0131 i\u00e7erir. Aralar\u0131ndan se\u00e7im yapabilece\u011finiz \u00e7evrimi\u00e7i sat\u0131c\u0131lar da vard\u0131r.<\/p>\n\n\n\n<figure class=\"wp-block-image\"><img src=\"https:\/\/lh5.googleusercontent.com\/Fs4nM-oeJK_bUhXeZfMF4JLqTpAPCBk3ZkK53lVTJ_LJGBKCJBMJXhtX--nKfr7GuNutQ3mEAoCn-7hiAd0NqrZ2Jh-8J86HHfExiefjzlFo36keZAoJrqcQjsxrUIE1B3SJDXE\" alt=\"Icerbox Premium packages\"\/><\/figure>\n\n\n\n<h2>Icerbox Premium Hesab\u0131: En \u0130yi \u00c7ok Y\u00f6nl\u00fc Dosya Bar\u0131nd\u0131rma Hizmeti<\/h2>\n\n\n\n<p>\u0130nsanlar\u0131n her \u015feyde dijitalle\u015fmeye daha fazla ba\u011fl\u0131 olmalar\u0131 nedeniyle daha iyi ve daha h\u0131zl\u0131 bir dosya ve medya y\u00f6netimine duyulan ihtiya\u00e7 nispeten artmaktad\u0131r. Okul \u00e7al\u0131\u015fmalar\u0131ndan \u00f6nemli \u015firket belgelerine kadar, g\u00fcn\u00fcm\u00fczde her \u015fey dijital dosyalara d\u00f6n\u00fc\u015ft\u00fcr\u00fcl\u00fcyor. Bu trendle, kolay ve h\u0131zl\u0131 depolama hizmetlerine duyulan ihtiya\u00e7 gibi. Icerbox Premium, dosyalara ve medyaya bu kadar h\u0131zl\u0131 eri\u015fim ihtiyac\u0131n\u0131 tam olarak kar\u015f\u0131layabilecek t\u00fcm gerekli \u00f6zelliklere ve hizmete sahiptir. G\u00fcvenli bir bulut depolama alan\u0131 ile kullan\u0131c\u0131lar dosyalar\u0131n\u0131n g\u00fcvenli\u011finden emin olabilirler. H\u0131z ve geli\u015ftirilmi\u015f bant geni\u015fli\u011fi, Icerbox Premium&#8217;u ayn\u0131 fiyata \u00e7o\u011fu dosya bar\u0131nd\u0131rma hizmetinden daha iyi bir se\u00e7im yapan ba\u015fka bir \u015feydir. Ucuz bir abonelik \u00fccreti olmas\u0131na ra\u011fmen Icerbox Premium, daha iyi hizmetlerden yoksundur. \u00d6zellikle bir \u00f6\u011frenci veya dijital i\u00e7erik olu\u015fturucuysan\u0131z, bulabilece\u011finiz en iyi \u00e7evrimi\u00e7i bulut depolama hizmetidir.<\/p>\n\n\n<a class=\"maxbutton-2 maxbutton maxbutton-cta\" target=\"_blank\" rel=\"nofollow noopener\" href=\"\/go\/\"><span class='mb-text'>&gt;&gt; Orijinal Linkifier Web Sitesine Git<\/span><\/a>\n\n\n<p><\/p>\n","protected":false},"excerpt":{"rendered":"<p>Icerbox nedir? Icerbox, kullan\u0131c\u0131lar\u0131na tatmin edici hizmet ve yenilik\u00e7i \u00f6zellikler sunman\u0131n \u00e7ok kolay bir yoluna sahip bir bulut depolama hizmetidir.<\/p>\n","protected":false},"author":2,"featured_media":0,"parent":0,"menu_order":0,"comment_status":"closed","ping_status":"closed","template":"","meta":[],"yoast_head":"<!-- This site is optimized with the Yoast SEO plugin v18.3 - https:\/\/yoast.com\/wordpress\/plugins\/seo\/ -->\n<title>Icerbox Premium Hesap: Bir Bak\u0131\u015fta Filehoster<\/title>\n<meta name=\"description\" content=\"Icerbox sayg\u0131n bir sa\u011flay\u0131c\u0131 m\u0131 de\u011fil mi, cevab\u0131 Multihoster.org&#039;daki mevcut testte bulabilirsiniz \u279c \u015eimdi t\u0131klay\u0131n \u271a deneyimlerimizi okumak i\u00e7in!\" \/>\n<meta name=\"robots\" content=\"index, follow, max-snippet:-1, max-image-preview:large, max-video-preview:-1\" \/>\n<link rel=\"canonical\" href=\"https:\/\/multihoster.org\/tr\/icerbox\/\" \/>\n<meta property=\"og:locale\" content=\"tr_TR\" \/>\n<meta property=\"og:type\" content=\"article\" \/>\n<meta property=\"og:title\" content=\"Icerbox Premium Hesap: Bir Bak\u0131\u015fta Filehoster\" \/>\n<meta property=\"og:description\" content=\"Icerbox sayg\u0131n bir sa\u011flay\u0131c\u0131 m\u0131 de\u011fil mi, cevab\u0131 Multihoster.org&#039;daki mevcut testte bulabilirsiniz \u279c \u015eimdi t\u0131klay\u0131n \u271a deneyimlerimizi okumak i\u00e7in!\" \/>\n<meta property=\"og:url\" content=\"https:\/\/multihoster.org\/tr\/icerbox\/\" \/>\n<meta property=\"og:site_name\" content=\"Multihoster.org\" \/>\n<meta property=\"article:modified_time\" content=\"2020-04-20T15:29:12+00:00\" \/>\n<meta property=\"og:image\" content=\"https:\/\/lh3.googleusercontent.com\/493jzcDX3PFt-Lt4SzyCUiMVL0kxnjE6P0HOZhCqmVcMoXTpG1Y-ZLhg51E6BcSVBUnWtZKDSkPAV93vpvaRYBqO7t0CUSYNX_YvYEzLePQxXWa2jTTsfKVAKx5fduxWmtxehI4\" \/>\n<meta name=\"twitter:card\" content=\"summary\" \/>\n<meta name=\"twitter:label1\" content=\"Tahmini okuma s\u00fcresi\" \/>\n\t<meta name=\"twitter:data1\" content=\"7 dakika\" \/>\n<script type=\"application\/ld+json\" class=\"yoast-schema-graph\">{\"@context\":\"https:\/\/schema.org\",\"@graph\":[{\"@type\":\"WebSite\",\"@id\":\"https:\/\/multihoster.org\/#website\",\"url\":\"https:\/\/multihoster.org\/\",\"name\":\"Multihoster.org\",\"description\":\"Reviews of the major Filehosting services\",\"potentialAction\":[{\"@type\":\"SearchAction\",\"target\":{\"@type\":\"EntryPoint\",\"urlTemplate\":\"https:\/\/multihoster.org\/?s={search_term_string}\"},\"query-input\":\"required name=search_term_string\"}],\"inLanguage\":\"tr\"},{\"@type\":\"ImageObject\",\"@id\":\"https:\/\/multihoster.org\/tr\/icerbox\/#primaryimage\",\"inLanguage\":\"tr\",\"url\":\"https:\/\/lh3.googleusercontent.com\/493jzcDX3PFt-Lt4SzyCUiMVL0kxnjE6P0HOZhCqmVcMoXTpG1Y-ZLhg51E6BcSVBUnWtZKDSkPAV93vpvaRYBqO7t0CUSYNX_YvYEzLePQxXWa2jTTsfKVAKx5fduxWmtxehI4\",\"contentUrl\":\"https:\/\/lh3.googleusercontent.com\/493jzcDX3PFt-Lt4SzyCUiMVL0kxnjE6P0HOZhCqmVcMoXTpG1Y-ZLhg51E6BcSVBUnWtZKDSkPAV93vpvaRYBqO7t0CUSYNX_YvYEzLePQxXWa2jTTsfKVAKx5fduxWmtxehI4\"},{\"@type\":\"WebPage\",\"@id\":\"https:\/\/multihoster.org\/tr\/icerbox\/#webpage\",\"url\":\"https:\/\/multihoster.org\/tr\/icerbox\/\",\"name\":\"Icerbox Premium Hesap: Bir Bak\u0131\u015fta Filehoster\",\"isPartOf\":{\"@id\":\"https:\/\/multihoster.org\/#website\"},\"primaryImageOfPage\":{\"@id\":\"https:\/\/multihoster.org\/tr\/icerbox\/#primaryimage\"},\"datePublished\":\"2020-04-20T12:20:17+00:00\",\"dateModified\":\"2020-04-20T15:29:12+00:00\",\"description\":\"Icerbox sayg\u0131n bir sa\u011flay\u0131c\u0131 m\u0131 de\u011fil mi, cevab\u0131 Multihoster.org'daki mevcut testte bulabilirsiniz \u279c \u015eimdi t\u0131klay\u0131n \u271a deneyimlerimizi okumak i\u00e7in!\",\"breadcrumb\":{\"@id\":\"https:\/\/multihoster.org\/tr\/icerbox\/#breadcrumb\"},\"inLanguage\":\"tr\",\"potentialAction\":[{\"@type\":\"ReadAction\",\"target\":[\"https:\/\/multihoster.org\/tr\/icerbox\/\"]}]},{\"@type\":\"BreadcrumbList\",\"@id\":\"https:\/\/multihoster.org\/tr\/icerbox\/#breadcrumb\",\"itemListElement\":[{\"@type\":\"ListItem\",\"position\":1,\"name\":\"Startseite\",\"item\":\"https:\/\/multihoster.org\/tr\/\"},{\"@type\":\"ListItem\",\"position\":2,\"name\":\"Icerbox Premium Hesap: Bir Bak\u0131\u015fta Filehoster\"}]}]}<\/script>\n<!-- \/ Yoast SEO plugin. -->","yoast_head_json":{"title":"Icerbox Premium Hesap: Bir Bak\u0131\u015fta Filehoster","description":"Icerbox sayg\u0131n bir sa\u011flay\u0131c\u0131 m\u0131 de\u011fil mi, cevab\u0131 Multihoster.org'daki mevcut testte bulabilirsiniz \u279c \u015eimdi t\u0131klay\u0131n \u271a deneyimlerimizi okumak i\u00e7in!","robots":{"index":"index","follow":"follow","max-snippet":"max-snippet:-1","max-image-preview":"max-image-preview:large","max-video-preview":"max-video-preview:-1"},"canonical":"https:\/\/multihoster.org\/tr\/icerbox\/","og_locale":"tr_TR","og_type":"article","og_title":"Icerbox Premium Hesap: Bir Bak\u0131\u015fta Filehoster","og_description":"Icerbox sayg\u0131n bir sa\u011flay\u0131c\u0131 m\u0131 de\u011fil mi, cevab\u0131 Multihoster.org'daki mevcut testte bulabilirsiniz \u279c \u015eimdi t\u0131klay\u0131n \u271a deneyimlerimizi okumak i\u00e7in!","og_url":"https:\/\/multihoster.org\/tr\/icerbox\/","og_site_name":"Multihoster.org","article_modified_time":"2020-04-20T15:29:12+00:00","og_image":[{"url":"https:\/\/lh3.googleusercontent.com\/493jzcDX3PFt-Lt4SzyCUiMVL0kxnjE6P0HOZhCqmVcMoXTpG1Y-ZLhg51E6BcSVBUnWtZKDSkPAV93vpvaRYBqO7t0CUSYNX_YvYEzLePQxXWa2jTTsfKVAKx5fduxWmtxehI4"}],"twitter_card":"summary","twitter_misc":{"Tahmini okuma s\u00fcresi":"7 dakika"},"schema":{"@context":"https:\/\/schema.org","@graph":[{"@type":"WebSite","@id":"https:\/\/multihoster.org\/#website","url":"https:\/\/multihoster.org\/","name":"Multihoster.org","description":"Reviews of the major Filehosting services","potentialAction":[{"@type":"SearchAction","target":{"@type":"EntryPoint","urlTemplate":"https:\/\/multihoster.org\/?s={search_term_string}"},"query-input":"required name=search_term_string"}],"inLanguage":"tr"},{"@type":"ImageObject","@id":"https:\/\/multihoster.org\/tr\/icerbox\/#primaryimage","inLanguage":"tr","url":"https:\/\/lh3.googleusercontent.com\/493jzcDX3PFt-Lt4SzyCUiMVL0kxnjE6P0HOZhCqmVcMoXTpG1Y-ZLhg51E6BcSVBUnWtZKDSkPAV93vpvaRYBqO7t0CUSYNX_YvYEzLePQxXWa2jTTsfKVAKx5fduxWmtxehI4","contentUrl":"https:\/\/lh3.googleusercontent.com\/493jzcDX3PFt-Lt4SzyCUiMVL0kxnjE6P0HOZhCqmVcMoXTpG1Y-ZLhg51E6BcSVBUnWtZKDSkPAV93vpvaRYBqO7t0CUSYNX_YvYEzLePQxXWa2jTTsfKVAKx5fduxWmtxehI4"},{"@type":"WebPage","@id":"https:\/\/multihoster.org\/tr\/icerbox\/#webpage","url":"https:\/\/multihoster.org\/tr\/icerbox\/","name":"Icerbox Premium Hesap: Bir Bak\u0131\u015fta Filehoster","isPartOf":{"@id":"https:\/\/multihoster.org\/#website"},"primaryImageOfPage":{"@id":"https:\/\/multihoster.org\/tr\/icerbox\/#primaryimage"},"datePublished":"2020-04-20T12:20:17+00:00","dateModified":"2020-04-20T15:29:12+00:00","description":"Icerbox sayg\u0131n bir sa\u011flay\u0131c\u0131 m\u0131 de\u011fil mi, cevab\u0131 Multihoster.org'daki mevcut testte bulabilirsiniz \u279c \u015eimdi t\u0131klay\u0131n \u271a deneyimlerimizi okumak i\u00e7in!","breadcrumb":{"@id":"https:\/\/multihoster.org\/tr\/icerbox\/#breadcrumb"},"inLanguage":"tr","potentialAction":[{"@type":"ReadAction","target":["https:\/\/multihoster.org\/tr\/icerbox\/"]}]},{"@type":"BreadcrumbList","@id":"https:\/\/multihoster.org\/tr\/icerbox\/#breadcrumb","itemListElement":[{"@type":"ListItem","position":1,"name":"Startseite","item":"https:\/\/multihoster.org\/tr\/"},{"@type":"ListItem","position":2,"name":"Icerbox Premium Hesap: Bir Bak\u0131\u015fta Filehoster"}]}]}},"_links":{"self":[{"href":"https:\/\/multihoster.org\/tr\/wp-json\/wp\/v2\/pages\/4057"}],"collection":[{"href":"https:\/\/multihoster.org\/tr\/wp-json\/wp\/v2\/pages"}],"about":[{"href":"https:\/\/multihoster.org\/tr\/wp-json\/wp\/v2\/types\/page"}],"author":[{"embeddable":true,"href":"https:\/\/multihoster.org\/tr\/wp-json\/wp\/v2\/users\/2"}],"replies":[{"embeddable":true,"href":"https:\/\/multihoster.org\/tr\/wp-json\/wp\/v2\/comments?post=4057"}],"version-history":[{"count":1,"href":"https:\/\/multihoster.org\/tr\/wp-json\/wp\/v2\/pages\/4057\/revisions"}],"predecessor-version":[{"id":4068,"href":"https:\/\/multihoster.org\/tr\/wp-json\/wp\/v2\/pages\/4057\/revisions\/4068"}],"wp:attachment":[{"href":"https:\/\/multihoster.org\/tr\/wp-json\/wp\/v2\/media?parent=4057"}],"curies":[{"name":"wp","href":"https:\/\/api.w.org\/{rel}","templated":true}]}}