{"id":4116,"date":"2020-04-21T11:37:48","date_gmt":"2020-04-21T11:37:48","guid":{"rendered":"https:\/\/multihoster.org\/wipfiles\/"},"modified":"2020-04-21T13:30:09","modified_gmt":"2020-04-21T13:30:09","slug":"wipfiles","status":"publish","type":"page","link":"https:\/\/multihoster.org\/tr\/wipfiles\/","title":{"rendered":"WipFiles Premium Hesap: Bir Bak\u0131\u015fta Filehoster"},"content":{"rendered":"\n<figure class=\"wp-block-image\"><img src=\"https:\/\/lh5.googleusercontent.com\/bTpIFx537dT-rest-gAP3KZZQkErDmcV1CfuQEo4e0CqhVqUiWRKJNFvA_m0cN-o6cAS9cgFIdx33rQ16G9W5XHjJx52FBjTPKn7geqWRoSYrqyb3wRpKQ1plPi2_YMDZda5atg\" alt=\"WipFiles logo\"\/><\/figure>\n\n\n\n<p>WipFiles, dosya bar\u0131nd\u0131rma sa\u011flay\u0131c\u0131lar\u0131ndan biridir ve kullan\u0131c\u0131lar\u0131 i\u00e7in \u00fc\u00e7 farkl\u0131 hesap t\u00fcr\u00fcne sahiptir: WipFiles \u00dccretsiz Hesab\u0131, WipFiles Kay\u0131tl\u0131 Hesab\u0131 ve WipFiles Premium Hesab\u0131.<\/p>\n\n\n\n<p>Bir kullan\u0131c\u0131 her zaman endi\u015fe etmeden dosyalar\u0131n\u0131 nas\u0131l yerinde tutaca\u011f\u0131 konusunda bir sorun ya\u015f\u0131yorsa, i\u015fte g\u00fcnl\u00fck hayat\u0131 i\u00e7in ihtiya\u00e7 duydu\u011fu \u00e7\u00f6z\u00fcm. \u0130\u015fte dosya y\u00f6netimi \u00f6zellikleri ve hizmetleri konusunda herkese yard\u0131m etmeye haz\u0131r olan WipFiles. Bir kullan\u0131c\u0131 WipFiles&#8217;i dosyalar\u0131n\u0131 bulundu\u011fu her yerde yerinde tutmak i\u00e7in kullanabilir ve \u00f6zellikle proje veya rapor gibi acil bir ama\u00e7 i\u00e7in istedi\u011fi zaman sorunsuz bir \u015fekilde dosyaya eri\u015febilir veya dosyay\u0131 a\u00e7abilir. sunumlar veya ara\u015ft\u0131rma veya tez yaz\u0131m\u0131 ve di\u011fer \u00f6nemli \u015feyler i\u00e7in.<\/p>\n\n\n\n<p>Ayr\u0131ca, WipFiles bir kullan\u0131c\u0131 i\u00e7in (<a rel=\"noreferrer noopener\" aria-label=\"yedekleme (opens in a new tab)\" href=\"https:\/\/www.yourdictionary.com\/back-up\" target=\"_blank\">yedekleme<\/a>) veya geri alma (<a rel=\"noreferrer noopener\" aria-label=\"depolama alan\u0131 kapasitesi (opens in a new tab)\" href=\"https:\/\/techterms.com\/definition\/storagecapacity\" target=\"_blank\">depolama alan\u0131 kapasitesi<\/a>) sa\u011flad\u0131\u011f\u0131 i\u00e7in herhangi bir harici depolama birimi veya harici s\u00fcr\u00fcc\u00fc kullanmadan verilerini veya dosyalar\u0131n\u0131 depolayabilir, indirebilir, eri\u015febilir, y\u00fckleyebilir ve payla\u015fabilir. verileri veya dosyalar\u0131 internet ba\u011flant\u0131s\u0131 sayesinde her zaman her yerde. WipFiles \u00e7evrimi\u00e7i veya sanal bir d\u00fcnyada depolama g\u00f6revi g\u00f6r\u00fcr.<\/p>\n\n\n\n<p>WipFiles sitesi \u00e7ok basit ve basittir ve farkl\u0131 kullan\u0131c\u0131 t\u00fcrleri taraf\u0131ndan kolayca anla\u015f\u0131labilir ve kullan\u0131labilir. WipFiles sitesi baz\u0131 diller taraf\u0131ndan da desteklenmektedir, b\u00f6ylece kullan\u0131c\u0131lar kolayca anlayabilece\u011fi bir dile ge\u00e7ebilir. WipFiles sitesinin desteklenen dilleri \u0130ngilizce, Rus\u00e7a, Frans\u0131zca, Almanca, T\u00fcrk\u00e7e, Arap\u00e7a, Leh\u00e7e, Tayca, Japonca, \u0130spanyolca, Macarca ve Endonezyaca&#8217;d\u0131r.<\/p>\n\n\n\n<p>Bir kullan\u0131c\u0131, y\u00fcklenen dosyalar\u0131n\u0131 sosyal medya siteleri, bloglar veya e-postalar gibi herhangi bir yerde payla\u015farak WipFiles sitesini kullanarak k\u00e2r edebilir.<\/p>\n\n\n\n<p>Bir kullan\u0131c\u0131 neden WipFiles Premium Hesab\u0131na gitmeli?<\/p>\n\n\n\n<p>\u2714 Bir dosyan\u0131n veya dosyalar\u0131n y\u00fcklenmesinde herhangi bir s\u0131n\u0131rlama yoktur.<br>\u2714 To Y\u00fcklenecek bir dosyan\u0131n veya dosyalar\u0131n boyutuyla ilgili herhangi bir s\u0131n\u0131rlama yoktur.<br> \u2714 The Depolama alan\u0131 i\u00e7in herhangi bir s\u0131n\u0131rlama yoktur.<br> \u2714 Downloads Her g\u00fcn kar\u015f\u0131dan y\u00fckleme i\u00e7in yirmi d\u00f6rt gigabayt (24 GB) birim vard\u0131r.<br>\u2714 File Bir dosyan\u0131n veya dosyalar\u0131n uzaktan y\u00fcklenmesini destekler.<br>\u2714 File Bir dosyay\u0131 veya dosyalar\u0131 indirmek i\u00e7in h\u0131zland\u0131r\u0131c\u0131lara sahiptir.<br>\u2714 Bir dosyan\u0131n veya dosyalar\u0131n indirilmesine devam edebilir veya duraklatabilir.<br>\u2714  Downloads \u0130ndirmeler i\u00e7in gecikme yoktur.<br>\u2714 Cap Captcha&#8217;s\u0131 yok.<br>\u2714 <a rel=\"noreferrer noopener\" aria-label=\"Advertisement  (opens in a new tab)\" href=\"https:\/\/www.merriam-webster.com\/dictionary\/advertisement\" target=\"_blank\">Advertisement <\/a>Reklam\u0131 yoktur.<br>\u2714 Y\u00fcklenen dosyalar\u0131 silmez, ancak sahip veya y\u00fckleyici silme iste\u011finde bulunursa.<\/p>\n\n\n<a class=\"maxbutton-2 maxbutton maxbutton-cta\" target=\"_blank\" rel=\"nofollow noopener\" href=\"\/go\/\"><span class='mb-text'>&gt;&gt; Orijinal Linkifier Web Sitesine Git<\/span><\/a>\n\n\n<p><\/p>\n\n\n\n<h2>WipFiles Premium Hesab\u0131<\/h2>\n\n\n\n<h3>WipFiles Hesap T\u00fcrlerinin Farkl\u0131 \u00d6zellikleri<\/h3>\n\n\n\n<figure class=\"wp-block-table\"><table class=\"\"><tbody><tr><td><br>WipFiles&#8217;\u0131n \u00d6zellikleri<\/td><td>Bedava<\/td><td>Kay\u0131tl\u0131<\/td><td>Premium<\/td><\/tr><tr><td>Y\u00fcklenecek dosyan\u0131n boyutu (Maks)<\/td><td>Y\u00fcz megabayt (100 MB)<\/td><td>Bin be\u015f y\u00fcz megabayt (1500 MB)<\/td><td>Bin be\u015f y\u00fcz megabayt (1500 MB)<\/td><\/tr><tr><td>Depolama alan\u0131 kapasitesinin boyutu<\/td><td>\u00c7ok s\u0131n\u0131rl\u0131<\/td><td>S\u0131n\u0131rl\u0131<\/td><td>Geni\u015f depolama alan\u0131 kapasitesi<\/td><\/tr><tr><td>\u0130ndirmenin birim boyutu<\/td><td>\u00dc\u00e7 (3) g\u00fcnde d\u00f6rt gigabayt (4 GB) vard\u0131r<\/td><td>\u00dc\u00e7 (3) g\u00fcnde yedi gigabayt (7 GB) var<\/td><td>\u00dc\u00e7 (3) g\u00fcnde yedi gigabayt (7 GB) var<\/td><\/tr><tr><td>Uzaktan URL y\u00fcklemesini kullanarak dosya veya dosya y\u00fckleme<\/td><td>\u2612 Desteklenmiyor<\/td><td>\u2612 Desteklenmiyor<\/td><td>\u2611 destekli<\/td><\/tr><tr><td>Bir dosyay\u0131 veya dosyalar\u0131 indirmek i\u00e7in h\u0131zland\u0131r\u0131c\u0131lar\u0131n kullan\u0131m\u0131<\/td><td>\u2611 destekli<\/td><td>\u2611 destekli<\/td><td>\u2611 destekli<\/td><\/tr><tr><td>Bir dosyan\u0131n veya dosyalar\u0131n indirilmesine devam etme<\/td><td>\u2611 destekli<\/td><td>\u2611 destekli<\/td><td>\u2611 destekli<\/td><\/tr><tr><td>Bir dosyan\u0131n veya dosyalar\u0131n gecikme veya bekleme s\u00fcresi olmadan indirilmesi<\/td><td>\u2612 Desteklenmiyor<\/td><td>\u2612 Desteklenmiyor<\/td><td>\u2611 destekli<\/td><\/tr><tr><td>Captcha olmadan bir dosyay\u0131 veya dosyalar\u0131 indirme<\/td><td>\u2612 Desteklenmiyor<\/td><td>\u2611 destekli<\/td><td>\u2611 destekli<\/td><\/tr><tr><td>Reklams\u0131z sayfalar<\/td><td>\u2612 Desteklenmiyor<\/td><td>\u2612 Desteklenmiyor<\/td><td>\u2611 destekli<\/td><\/tr><tr><td>Kullan\u0131c\u0131n\u0131n dosya veya dosyalar\u0131n\u0131n silinmesi<\/td><td>Dosyalar asla silinmeyecek<\/td><td>Dosyalar asla silinmeyecek<\/td><td>Dosyalar asla silinmeyecek<\/td><\/tr><\/tbody><\/table><\/figure>\n\n\n\n<p>Kullan\u0131c\u0131, WipFiles&#8217;in t\u00fcm premium \u00f6zelliklerini ve hizmetlerini kullanabilmesi i\u00e7in se\u00e7ilen bir WipFiles Premium Hesap Plan\u0131n\u0131n \u00fccretini \u00f6demelidir. WipFiles&#8217;in premium hesab\u0131n\u0131 \u00f6demek i\u00e7in l\u00fctfen farkl\u0131 \u00f6deme y\u00f6ntemlerine bak\u0131n.<\/p>\n\n\n\n<h3>WipFiles Premium Hesap Plan\u0131 Fiyatlar\u0131<\/h3>\n\n\n\n<figure class=\"wp-block-table\"><table class=\"\"><tbody><tr><td>G\u00fcn #:<\/td><td>30<\/td><td>90<\/td><td>180<\/td><td>365<\/td><\/tr><tr><td>Fiyat:<\/td><td>12,95 USD<\/td><td>32,50 USD<\/td><td>58,45 USD<\/td><td>99,95 USD<\/td><\/tr><tr><td>\u00d6deme metodlar\u0131:<\/td><td>Bir kullan\u0131c\u0131 WipFiles Premium Hesap Plan\u0131n\u0131 Visa, MasterCard ve PayPal ile \u00f6deyebilir<\/td><\/tr><\/tbody><\/table><\/figure>\n\n\n\n<p>Bir kullan\u0131c\u0131 ayr\u0131ca WipFiles Premium Hesap Plan\u0131n\u0131 ve WipFiles Premium Hesap aktivasyon kodunu veya kupon kodunu WipFiles&#8217;in resmi sat\u0131c\u0131lar\u0131ndan ya da bu sat\u0131c\u0131lara sat\u0131n alabilir veya \u00f6deyebilir. L\u00fctfen WipFiles&#8217;in onayl\u0131 farkl\u0131 sat\u0131c\u0131lar\u0131na ve desteklenen \u00f6deme y\u00f6ntemlerine bak\u0131n.<\/p>\n\n\n<a class=\"maxbutton-2 maxbutton maxbutton-cta\" target=\"_blank\" rel=\"nofollow noopener\" href=\"\/go\/\"><span class='mb-text'>&gt;&gt; Orijinal Linkifier Web Sitesine Git<\/span><\/a>\n\n\n<p><\/p>\n\n\n\n<h2>WipFiles Bayileri ve \u00d6deme Y\u00f6ntemleri<\/h2>\n\n\n\n<figure class=\"wp-block-table\"><table class=\"\"><tbody><tr><td>Web Sitesinin Ad\u0131<\/td><td>\u00d6deme Y\u00f6ntemleri<\/td><td>Destek Ekibi ile \u0130leti\u015fim<\/td><\/tr><tr><td>KeyInstant<\/td><td>Kredi Kart\u0131 veya Banka Kart\u0131, PayPal, VISA, MasterCard, American Express, JCB, Discover, CashU, Diners Club, Bitcoin veya Altcoin, UnionPay, Paysera, Amazon \u00d6demeleri, Paysafecard, Skrill, WebMoney Transferi, Neteller, Payza, LavaPay, M\u00fckemmel Para , OKPay, Payssion, Payeer, Neosurf.<\/td><td>support@keyinstant.com<\/td><\/tr><tr><td>PremiumAccountz.com<\/td><td>PayPal, VISA, MasterCard, American Express, JCB, Discover, Diners Club, UnionPay, AliPay, Amazon Payments, Paysafecard, Skrill, Bitcoin veya Altcoin, WebMoney Transferi, OKPay, Payssion, CashU, Neosurf.<\/td><td>support@premiumaccountz.com<\/td><\/tr><tr><td>uTop.us<\/td><td>PayPal, Payza, Skrill, Otomatik Takas Merkezi veya ACH, Banka veya Banka Havalesi, Alipay, Alfa-Click, BitCoin veya Altcoin veya LiteCoin ve di\u011fer kripto para birimleri, B-Pay, Cash4wm, CashU, OneCard, Visa, Mastercard, Amex, JCB, EasyPayWay, Yerel Banka Havalesi (\u00c7in i\u00e7in), UnionPay (ABC, BOC, CCB, ICBC, CMB, PSBC), Hindistan (SBI, Axis veya Kotak), Ulusal Elektronik Fon Transferi (NEFT), Liqpay, Online Bankac\u0131l\u0131k (\u00dclkeler i\u00e7in) Birle\u015fik Krall\u0131k (\u0130ngiltere), Avusturya, Avustralya, Bel\u00e7ika, Belarus, Brezilya, Estonya, Almanya, Hindistan, Litvanya, Letonya, Hollanda, Yeni Zelanda, Polonya, Rusya, Slovakya ve Ukrayna), Para Gram\u0131, Neteller, Okpay, Payeer , PerfectMoney, PaySera, Paxum, POLI, Qiwi, SafetyPay, SMS veya k\u0131sa mesaj \u00f6demeleri, Ukash, Unistream, C\u00fczdan Bir, WebMoney Transferi (WebMoney Japonya, WME veya WMR veya WMZ), Wester Union, Yandex Money, Z-Payments, OOOpay , SWIFT, PaySafeCard, Banamex, Banco do Brasil, Bancomer, Bradesco, Caixa, Banco Ita\u00fa, Oxxo, Santander Meksika ve Openbucks (Hediye kart\u0131 \u00f6demeleri).<\/td><td>uTop@uTop.us<\/td><\/tr><tr><td>Digitadiko<\/td><td>Paypal, Kredi Kartlar\u0131, Paysafecard, Banka Havalesi, CashU, ClickandBuy, Kredi \/ Banka Kart\u0131, Maestro, MasterCard, Visa veya Visa Electron, Ukash, OKpay, Bitcoin veya Altcoin, Webmoney Transferi, Sms veya k\u0131sa mesaj \u00f6demesi, Payza, Skrill, Ideal , Sofort, Giropay, Elektronik bankac\u0131l\u0131k (Avusturya, Bel\u00e7ika, \u00c7ek Cumhuriyeti, Hollanda, Litvanya ve Slovakya \u00fclkeleri i\u00e7in), Western Union ve di\u011ferleri.<\/td><td>sales@digitadiko.com<\/td><\/tr><tr><td>OneClickReseller<\/td><td>Kredi Kartlar\u0131 (Visa, Mastercard, JCB, Diners, American Express, D\u00dcNYADA Ke\u015ffet), Paysafecard (ABD veya AVRUPA), Banka Kartlar\u0131, Otomatik \u00d6deme, Moneybookers, Skrill, BitCoins veya Altcoins, Inpay (Amerika Birle\u015fik Devletleri i\u00e7in Yerel Banka Havalesi (ABD) veya \u0130ngiltere (\u0130ngiltere) veya Avrupa veya Avustralya veya \u00c7in ve di\u011ferleri), Alipay, SMS veya k\u0131sa mesaj \u00f6deme, CashU, M\u00fckemmel Para, G\u00fcney Amerika ve Avrupa i\u00e7in Yerel Banka Havalesi (SafetyPay), Paysera, Webmoney Transferi, Bat\u0131 Birli\u011fi<\/td><td>Sales@OneClickReseller.com<\/td><\/tr><tr><td>FilePlanet Premium<\/td><td>VISA, MasterCard, Paysafecard, Sofort, Moneybookers, cashU, Przelewy24, SafetyPay, OKPAY, Bitcoin veya Altcoin veya Litecoin veya Dogecoin, WebMoney Transferi, M\u00fckemmel Para, SMS veya metin mesaj\u0131 \u00f6deme, Elektronik bankac\u0131l\u0131k, Banka veya banka havalesi, Privat24, QIWI, Yandex.Money<\/td><td>dnlreseller@gmail.com<\/td><\/tr><tr><td>Hotfile Premium Store<\/td><td>Kredi Kartlar\u0131 (Visa ve Mastercard), Banka Kart\u0131 (India 52 Banks), Net Bankac\u0131l\u0131k, Nakit Kartlar\u0131, Nakit Depozito (ICICI ve SBI Bank), Ulusal Elektronik Fon Transferi (NEFT), Western Union, Talep Tasla\u011f\u0131, \u00c7ek Mevduat\u0131, Webmoney Transferi , Bitcoins veya Altcoins, Money Gram<\/td><td>hotfilepremiumstore@gmail.com<\/td><\/tr><tr><td>BigShareShop<\/td><td>Bitcoins veya Altcoins, PayPal, WebMoney Transferi, CashU, M\u00fckemmel Para, Sofort, Skrill, Payza, OKPay (dijital c\u00fczdan)<\/td><td>info@bigshareshop.com<\/td><\/tr><\/tbody><\/table><\/figure>\n\n\n\n<p>Belirli \u00fclkeler i\u00e7in:<\/p>\n\n\n\n<figure class=\"wp-block-table\"><table class=\"\"><tbody><tr><td>PayNow.taobao.com (Asya ve \u00c7in)<\/td><td>Taobao, Alipay, UnionPay, Kredi Kartlar\u0131 ve di\u011fer t\u00fcm \u00c7in Bankalar\u0131<\/td><td>spider@live.in<\/td><\/tr><tr><td>Rupi (Hindistan) Premium<\/td><td>Sadece Hindistan&#8217;da Kredi Kart\u0131, Sadece Visa ve Mastercard India, Banka Kart\u0131 (India 52 Banks), Net Bankac\u0131l\u0131k, Nakit Kartlar\u0131, Nakit Depozito (ICICI ve SBI Bank), Ulusal Elektronik Fon Transferi (NEFT), Western Union, Talep Tasla\u011f\u0131, \u00c7ek Para Yat\u0131rma, Webmoney Transferi, Bitcoin veya Altcoin, Para Gram\u0131<\/td><td>premiuminrupees@gmail.com<\/td><\/tr><\/tbody><\/table><\/figure>\n\n\n\n<p><\/p>\n\n\n\n<h2>WipFiles Premium Hesab\u0131n\u0131 nas\u0131l etkinle\u015ftirece\u011finizi \u00f6\u011frenin<\/h2>\n\n\n\n<p>WipFiles Premium Hesab\u0131&#8217;n\u0131n etkinle\u015ftirilmesi, bir kullan\u0131c\u0131n\u0131n t\u00fcm \u00f6zellik ve hizmetlerini kullanmas\u0131 ve keyfini \u00e7\u0131karmas\u0131 i\u00e7in \u00e7ok \u00f6nemlidir. WipFiles&#8217;in premium hesab\u0131n\u0131 etkinle\u015ftirmek i\u00e7in, kullan\u0131c\u0131n\u0131n etkinle\u015ftirme kodunu veya anahtar\u0131n\u0131 WipFiles sitesinden veya WipFiles onayl\u0131 sat\u0131c\u0131lar\u0131n\u0131n bulundu\u011fu siteden sat\u0131n almas\u0131 gerekir. Etkinle\u015ftirmek i\u00e7in l\u00fctfen a\u015fa\u011f\u0131daki talimatlar\u0131 izleyin.<\/p>\n\n\n\n<ol><li>Bir kullan\u0131c\u0131, \u00f6nce WipFiles i\u00e7in hesab\u0131n\u0131 olu\u015fturmak \u00fczere WipFiles kay\u0131t sayfas\u0131na (http:\/\/wipfiles.net\/?op=registration) kaydolmal\u0131d\u0131r. Hesab\u0131 olu\u015fturulduktan ve onayland\u0131ktan sonra, http:\/\/wipfiles.net\/login.html adresindeki WipFiles&#8217;in giri\u015f sayfas\u0131nda kendi hesab\u0131na giri\u015f yaparak \u201cHesab\u0131m\u201d sayfas\u0131na gidebilir. (http:\/\/wipfiles.net\/?op=my_account).<\/li><li> Bir kullan\u0131c\u0131 WipFiles&#8217;\u0131n \u201cHesab\u0131m\u201d sayfas\u0131ndayken, \u201cPremium Anahtar\u0131 Uygula\u201d alan\u0131n\u0131 aray\u0131n.<\/li><li> \u201cPremium Anahtar\u0131 Uygula\u201d alan\u0131nda, l\u00fctfen WipFiles Premium Hesab\u0131&#8217;n\u0131n etkinle\u015ftirme kodunu veya anahtar\u0131n\u0131 yap\u0131\u015ft\u0131r\u0131n (A\u015fa\u011f\u0131daki \u00f6rnek resme bak\u0131n.).<\/li><li> Kodun Premium hesab\u0131na yans\u0131mas\u0131 i\u00e7in &#8220;Uygula&#8221; d\u00fc\u011fmesini t\u0131klay\u0131n (A\u015fa\u011f\u0131daki \u00f6rnek resme bak\u0131n.)<\/li><\/ol>\n\n\n\n<figure class=\"wp-block-image\"><img src=\"https:\/\/lh5.googleusercontent.com\/7WJRfpCm7A2oCIuAOLw7hQrc1eQBl_Xa0AbKbg9DGrm_q6MZ2QMHBgm9bD3GFdI5xicbq-QZ1WyRme8MKIYhFgUi98uMjo-YESsIU7BqQAvVqI7ZLEcFkMGzFvLjY6iNtsGOGus\" alt=\"WipFiles Premium Account Activation\"\/><\/figure>\n\n\n\n<h2>WipFiles Destek ile ileti\u015fim kurun<\/h2>\n\n\n\n<p>Bir kullan\u0131c\u0131 WipFiles sitesinin \u00f6demeleri, sat\u0131c\u0131lar\u0131, dosyalar\u0131, \u00f6zellikleri ve hizmetleri ve \u00fcr\u00fcnleri hakk\u0131nda herhangi bir sorunuz varsa veya info.worldbytez@gmail.com adresinden e-posta yoluyla veya irtibat ki\u015fisi arac\u0131l\u0131\u011f\u0131yla WipFiles ile ileti\u015fim kurmakta serbestse http:\/\/wipfiles.net\/contact.html adresindeki web sitelerinde, ancak \u00f6nce S\u0131k Sorulan Sorular veya SSS (http:\/\/wipfiles.net\/faq.html) ve WipFiles Hizmet \u015eartlar\u0131 &#8216;n\u0131 okumal\u0131d\u0131r. (http:\/\/wipfiles.net\/tos.html) WipFiles destek ekibiyle ileti\u015fim kurmadan \u00f6nce.<\/p>\n\n\n<a class=\"maxbutton-2 maxbutton maxbutton-cta\" target=\"_blank\" rel=\"nofollow noopener\" href=\"\/go\/\"><span class='mb-text'>&gt;&gt; Orijinal Linkifier Web Sitesine Git<\/span><\/a>\n\n\n<p><\/p>\n","protected":false},"excerpt":{"rendered":"<p>WipFiles, dosya bar\u0131nd\u0131rma sa\u011flay\u0131c\u0131lar\u0131ndan biridir ve kullan\u0131c\u0131lar\u0131 i\u00e7in \u00fc\u00e7 farkl\u0131 hesap t\u00fcr\u00fcne sahiptir: WipFiles \u00dccretsiz Hesab\u0131, WipFiles Kay\u0131tl\u0131 Hesab\u0131 ve<\/p>\n","protected":false},"author":2,"featured_media":0,"parent":0,"menu_order":0,"comment_status":"closed","ping_status":"closed","template":"","meta":[],"yoast_head":"<!-- This site is optimized with the Yoast SEO plugin v18.3 - https:\/\/yoast.com\/wordpress\/plugins\/seo\/ -->\n<title>WipFiles Premium Hesap: Bir Bak\u0131\u015fta Filehoster<\/title>\n<meta name=\"description\" content=\"WipFiles sayg\u0131n bir sa\u011flay\u0131c\u0131 m\u0131 de\u011fil mi, cevab\u0131 Multihoster.org&#039;daki mevcut testte bulabilirsiniz \u279c \u015eimdi t\u0131klay\u0131n \u271a deneyimlerimizi okumak i\u00e7in!\" \/>\n<meta name=\"robots\" content=\"index, follow, max-snippet:-1, max-image-preview:large, max-video-preview:-1\" \/>\n<link rel=\"canonical\" href=\"https:\/\/multihoster.org\/tr\/wipfiles\/\" \/>\n<meta property=\"og:locale\" content=\"tr_TR\" \/>\n<meta property=\"og:type\" content=\"article\" \/>\n<meta property=\"og:title\" content=\"WipFiles Premium Hesap: Bir Bak\u0131\u015fta Filehoster\" \/>\n<meta property=\"og:description\" content=\"WipFiles sayg\u0131n bir sa\u011flay\u0131c\u0131 m\u0131 de\u011fil mi, cevab\u0131 Multihoster.org&#039;daki mevcut testte bulabilirsiniz \u279c \u015eimdi t\u0131klay\u0131n \u271a deneyimlerimizi okumak i\u00e7in!\" \/>\n<meta property=\"og:url\" content=\"https:\/\/multihoster.org\/tr\/wipfiles\/\" \/>\n<meta property=\"og:site_name\" content=\"Multihoster.org\" \/>\n<meta property=\"article:modified_time\" content=\"2020-04-21T13:30:09+00:00\" \/>\n<meta property=\"og:image\" content=\"https:\/\/lh5.googleusercontent.com\/bTpIFx537dT-rest-gAP3KZZQkErDmcV1CfuQEo4e0CqhVqUiWRKJNFvA_m0cN-o6cAS9cgFIdx33rQ16G9W5XHjJx52FBjTPKn7geqWRoSYrqyb3wRpKQ1plPi2_YMDZda5atg\" \/>\n<meta name=\"twitter:card\" content=\"summary\" \/>\n<meta name=\"twitter:label1\" content=\"Tahmini okuma s\u00fcresi\" \/>\n\t<meta name=\"twitter:data1\" content=\"8 dakika\" \/>\n<script type=\"application\/ld+json\" class=\"yoast-schema-graph\">{\"@context\":\"https:\/\/schema.org\",\"@graph\":[{\"@type\":\"WebSite\",\"@id\":\"https:\/\/multihoster.org\/#website\",\"url\":\"https:\/\/multihoster.org\/\",\"name\":\"Multihoster.org\",\"description\":\"Reviews of the major Filehosting services\",\"potentialAction\":[{\"@type\":\"SearchAction\",\"target\":{\"@type\":\"EntryPoint\",\"urlTemplate\":\"https:\/\/multihoster.org\/?s={search_term_string}\"},\"query-input\":\"required name=search_term_string\"}],\"inLanguage\":\"tr\"},{\"@type\":\"ImageObject\",\"@id\":\"https:\/\/multihoster.org\/tr\/wipfiles\/#primaryimage\",\"inLanguage\":\"tr\",\"url\":\"https:\/\/lh5.googleusercontent.com\/bTpIFx537dT-rest-gAP3KZZQkErDmcV1CfuQEo4e0CqhVqUiWRKJNFvA_m0cN-o6cAS9cgFIdx33rQ16G9W5XHjJx52FBjTPKn7geqWRoSYrqyb3wRpKQ1plPi2_YMDZda5atg\",\"contentUrl\":\"https:\/\/lh5.googleusercontent.com\/bTpIFx537dT-rest-gAP3KZZQkErDmcV1CfuQEo4e0CqhVqUiWRKJNFvA_m0cN-o6cAS9cgFIdx33rQ16G9W5XHjJx52FBjTPKn7geqWRoSYrqyb3wRpKQ1plPi2_YMDZda5atg\"},{\"@type\":\"WebPage\",\"@id\":\"https:\/\/multihoster.org\/tr\/wipfiles\/#webpage\",\"url\":\"https:\/\/multihoster.org\/tr\/wipfiles\/\",\"name\":\"WipFiles Premium Hesap: Bir Bak\u0131\u015fta Filehoster\",\"isPartOf\":{\"@id\":\"https:\/\/multihoster.org\/#website\"},\"primaryImageOfPage\":{\"@id\":\"https:\/\/multihoster.org\/tr\/wipfiles\/#primaryimage\"},\"datePublished\":\"2020-04-21T11:37:48+00:00\",\"dateModified\":\"2020-04-21T13:30:09+00:00\",\"description\":\"WipFiles sayg\u0131n bir sa\u011flay\u0131c\u0131 m\u0131 de\u011fil mi, cevab\u0131 Multihoster.org'daki mevcut testte bulabilirsiniz \u279c \u015eimdi t\u0131klay\u0131n \u271a deneyimlerimizi okumak i\u00e7in!\",\"breadcrumb\":{\"@id\":\"https:\/\/multihoster.org\/tr\/wipfiles\/#breadcrumb\"},\"inLanguage\":\"tr\",\"potentialAction\":[{\"@type\":\"ReadAction\",\"target\":[\"https:\/\/multihoster.org\/tr\/wipfiles\/\"]}]},{\"@type\":\"BreadcrumbList\",\"@id\":\"https:\/\/multihoster.org\/tr\/wipfiles\/#breadcrumb\",\"itemListElement\":[{\"@type\":\"ListItem\",\"position\":1,\"name\":\"Startseite\",\"item\":\"https:\/\/multihoster.org\/tr\/\"},{\"@type\":\"ListItem\",\"position\":2,\"name\":\"WipFiles Premium Hesap: Bir Bak\u0131\u015fta Filehoster\"}]}]}<\/script>\n<!-- \/ Yoast SEO plugin. -->","yoast_head_json":{"title":"WipFiles Premium Hesap: Bir Bak\u0131\u015fta Filehoster","description":"WipFiles sayg\u0131n bir sa\u011flay\u0131c\u0131 m\u0131 de\u011fil mi, cevab\u0131 Multihoster.org'daki mevcut testte bulabilirsiniz \u279c \u015eimdi t\u0131klay\u0131n \u271a deneyimlerimizi okumak i\u00e7in!","robots":{"index":"index","follow":"follow","max-snippet":"max-snippet:-1","max-image-preview":"max-image-preview:large","max-video-preview":"max-video-preview:-1"},"canonical":"https:\/\/multihoster.org\/tr\/wipfiles\/","og_locale":"tr_TR","og_type":"article","og_title":"WipFiles Premium Hesap: Bir Bak\u0131\u015fta Filehoster","og_description":"WipFiles sayg\u0131n bir sa\u011flay\u0131c\u0131 m\u0131 de\u011fil mi, cevab\u0131 Multihoster.org'daki mevcut testte bulabilirsiniz \u279c \u015eimdi t\u0131klay\u0131n \u271a deneyimlerimizi okumak i\u00e7in!","og_url":"https:\/\/multihoster.org\/tr\/wipfiles\/","og_site_name":"Multihoster.org","article_modified_time":"2020-04-21T13:30:09+00:00","og_image":[{"url":"https:\/\/lh5.googleusercontent.com\/bTpIFx537dT-rest-gAP3KZZQkErDmcV1CfuQEo4e0CqhVqUiWRKJNFvA_m0cN-o6cAS9cgFIdx33rQ16G9W5XHjJx52FBjTPKn7geqWRoSYrqyb3wRpKQ1plPi2_YMDZda5atg"}],"twitter_card":"summary","twitter_misc":{"Tahmini okuma s\u00fcresi":"8 dakika"},"schema":{"@context":"https:\/\/schema.org","@graph":[{"@type":"WebSite","@id":"https:\/\/multihoster.org\/#website","url":"https:\/\/multihoster.org\/","name":"Multihoster.org","description":"Reviews of the major Filehosting services","potentialAction":[{"@type":"SearchAction","target":{"@type":"EntryPoint","urlTemplate":"https:\/\/multihoster.org\/?s={search_term_string}"},"query-input":"required name=search_term_string"}],"inLanguage":"tr"},{"@type":"ImageObject","@id":"https:\/\/multihoster.org\/tr\/wipfiles\/#primaryimage","inLanguage":"tr","url":"https:\/\/lh5.googleusercontent.com\/bTpIFx537dT-rest-gAP3KZZQkErDmcV1CfuQEo4e0CqhVqUiWRKJNFvA_m0cN-o6cAS9cgFIdx33rQ16G9W5XHjJx52FBjTPKn7geqWRoSYrqyb3wRpKQ1plPi2_YMDZda5atg","contentUrl":"https:\/\/lh5.googleusercontent.com\/bTpIFx537dT-rest-gAP3KZZQkErDmcV1CfuQEo4e0CqhVqUiWRKJNFvA_m0cN-o6cAS9cgFIdx33rQ16G9W5XHjJx52FBjTPKn7geqWRoSYrqyb3wRpKQ1plPi2_YMDZda5atg"},{"@type":"WebPage","@id":"https:\/\/multihoster.org\/tr\/wipfiles\/#webpage","url":"https:\/\/multihoster.org\/tr\/wipfiles\/","name":"WipFiles Premium Hesap: Bir Bak\u0131\u015fta Filehoster","isPartOf":{"@id":"https:\/\/multihoster.org\/#website"},"primaryImageOfPage":{"@id":"https:\/\/multihoster.org\/tr\/wipfiles\/#primaryimage"},"datePublished":"2020-04-21T11:37:48+00:00","dateModified":"2020-04-21T13:30:09+00:00","description":"WipFiles sayg\u0131n bir sa\u011flay\u0131c\u0131 m\u0131 de\u011fil mi, cevab\u0131 Multihoster.org'daki mevcut testte bulabilirsiniz \u279c \u015eimdi t\u0131klay\u0131n \u271a deneyimlerimizi okumak i\u00e7in!","breadcrumb":{"@id":"https:\/\/multihoster.org\/tr\/wipfiles\/#breadcrumb"},"inLanguage":"tr","potentialAction":[{"@type":"ReadAction","target":["https:\/\/multihoster.org\/tr\/wipfiles\/"]}]},{"@type":"BreadcrumbList","@id":"https:\/\/multihoster.org\/tr\/wipfiles\/#breadcrumb","itemListElement":[{"@type":"ListItem","position":1,"name":"Startseite","item":"https:\/\/multihoster.org\/tr\/"},{"@type":"ListItem","position":2,"name":"WipFiles Premium Hesap: Bir Bak\u0131\u015fta Filehoster"}]}]}},"_links":{"self":[{"href":"https:\/\/multihoster.org\/tr\/wp-json\/wp\/v2\/pages\/4116"}],"collection":[{"href":"https:\/\/multihoster.org\/tr\/wp-json\/wp\/v2\/pages"}],"about":[{"href":"https:\/\/multihoster.org\/tr\/wp-json\/wp\/v2\/types\/page"}],"author":[{"embeddable":true,"href":"https:\/\/multihoster.org\/tr\/wp-json\/wp\/v2\/users\/2"}],"replies":[{"embeddable":true,"href":"https:\/\/multihoster.org\/tr\/wp-json\/wp\/v2\/comments?post=4116"}],"version-history":[{"count":3,"href":"https:\/\/multihoster.org\/tr\/wp-json\/wp\/v2\/pages\/4116\/revisions"}],"predecessor-version":[{"id":4141,"href":"https:\/\/multihoster.org\/tr\/wp-json\/wp\/v2\/pages\/4116\/revisions\/4141"}],"wp:attachment":[{"href":"https:\/\/multihoster.org\/tr\/wp-json\/wp\/v2\/media?parent=4116"}],"curies":[{"name":"wp","href":"https:\/\/api.w.org\/{rel}","templated":true}]}}