{"id":4154,"date":"2020-04-21T13:38:55","date_gmt":"2020-04-21T13:38:55","guid":{"rendered":"https:\/\/multihoster.org\/hitfile\/"},"modified":"2020-04-22T09:34:14","modified_gmt":"2020-04-22T09:34:14","slug":"hitfile","status":"publish","type":"page","link":"https:\/\/multihoster.org\/tr\/hitfile\/","title":{"rendered":"HitFile Premium Hesap: Bir Bak\u0131\u015fta Filehoster"},"content":{"rendered":"\n<figure class=\"wp-block-image\"><img src=\"https:\/\/lh5.googleusercontent.com\/psmArbJyOPQToAelAKReR6w8u_TN38n6-JFWYyeR1bVafnTkFlUTCWWFlurqKCkVG33WWByZVLtepWod6-ShScUoA11NeZzvEeRpH7vEPv4eaIjOFudHCCRg7SlfX6GUpFPDHKE\" alt=\"HitFile logo\"\/><\/figure>\n\n\n\n<p>HitFile, kullan\u0131c\u0131lar\u0131n dosyalar\u0131n\u0131 y\u00fcklemek, indirmek, payla\u015fmak ve saklamak i\u00e7in kullan\u0131labilecek bir dosya bar\u0131nd\u0131r\u0131c\u0131s\u0131d\u0131r.<\/p>\n\n\n<a class=\"maxbutton-2 maxbutton maxbutton-cta\" target=\"_blank\" rel=\"nofollow noopener\" href=\"\/go\/\"><span class='mb-text'>&gt;&gt; Orijinal Linkifier Web Sitesine Git<\/span><\/a>\n\n\n<p><\/p>\n\n\n\n<h2>Dosya Y\u00fckleme<\/h2>\n\n\n\n<p>HitFile&#8217;\u0131n bir dosya veya dosya y\u00fcklemek i\u00e7in \u00fc\u00e7 (3) y\u00f6ntemi vard\u0131r. HitFile&#8217;\u0131n \u00fccretsiz hesab\u0131 ve premium hesap kullan\u0131c\u0131lar\u0131 bu \u00fc\u00e7 y\u00f6nteme eri\u015febilir. Kay\u0131tl\u0131 kullan\u0131c\u0131lar dosya y\u00fcklemek i\u00e7in bu y\u00f6ntemlerden herhangi birini kullanabilir, ancak HitFile sitesinde kay\u0131tl\u0131 olmayan kullan\u0131c\u0131lar\u0131n bu y\u00f6ntemleri kullanma veya bunlara eri\u015fme konusunda bir s\u0131n\u0131r\u0131 vard\u0131r.<\/p>\n\n\n\n<p>HitFile&#8217;a dosya y\u00fcklemek i\u00e7in \u00fc\u00e7 (3) y\u00f6ntem:<\/p>\n\n\n\n<p>1. <strong>Taray\u0131c\u0131 Y\u00fckleme<\/strong><\/p>\n\n\n\n<p>Kullan\u0131c\u0131lar buna eri\u015fmek i\u00e7in herhangi bir web taray\u0131c\u0131s\u0131n\u0131 kullanabilir. Bu y\u00f6nteme kay\u0131tl\u0131 olmayan ve kay\u0131tl\u0131 kullan\u0131c\u0131lar taraf\u0131ndan eri\u015filebilir. Bu y\u00f6ntemle dosya y\u00fcklemek i\u00e7in kullan\u0131c\u0131lar HitFile sitesine gitmeli ve \u201cTaray\u0131c\u0131 Y\u00fckleme\u201d sekmesini bulmal\u0131d\u0131r (a\u015fa\u011f\u0131daki foto\u011frafa bak\u0131n). Ard\u0131ndan, kullan\u0131c\u0131lar dosyay\u0131 veya dosyalar\u0131 se\u00e7mek i\u00e7in \u201cDosya Se\u00e7\u201d d\u00fc\u011fmesini t\u0131klayabilir veya basit bir \u015fekilde, siteye y\u00fcklemek istedikleri dosyay\u0131 veya dosyalar\u0131 \u201cs\u00fcr\u00fckleyip b\u0131rakabilirler\u201d.<\/p>\n\n\n\n<p><strong>2. FTP Y\u00fcklemesi<\/strong><\/p>\n\n\n\n<p><a rel=\"noreferrer noopener\" aria-label=\"FTP (opens in a new tab)\" href=\"https:\/\/searchnetworking.techtarget.com\/definition\/File-Transfer-Protocol-FTP\" target=\"_blank\">FTP<\/a>, Dosya Aktar\u0131m Protokol\u00fc&#8217;n\u00fcn k\u0131sa d\u00f6nemidir. Bu y\u00f6nteme kay\u0131tl\u0131 olmayan ve kay\u0131tl\u0131 kullan\u0131c\u0131lar taraf\u0131ndan eri\u015filebilir. Bu y\u00f6ntemle dosya y\u00fcklemek i\u00e7in, kullan\u0131c\u0131lar HitFile sitesine gitmeli ve \u201cFTP Y\u00fckleme\u201d ba\u011flant\u0131s\u0131n\u0131 bulmal\u0131d\u0131r (a\u015fa\u011f\u0131daki foto\u011frafa bak\u0131n). T\u0131klay\u0131n, ancak kullan\u0131c\u0131lar bu FTP Y\u00fckleme \u00f6zelli\u011fine eri\u015fmeden \u00f6nce HitFile sitesinde oturum a\u00e7mal\u0131d\u0131rlar.<\/p>\n\n\n\n<p><strong>3. URL Y\u00fckleme<\/strong><\/p>\n\n\n\n<p><a rel=\"noreferrer noopener\" aria-label=\"URL (opens in a new tab)\" href=\"https:\/\/www.computerhope.com\/jargon\/u\/url.htm\" target=\"_blank\">URL<\/a>, Tekd\u00fczen Kaynak Konum Belirleyicisi i\u00e7in k\u0131sa terimdir. Bu y\u00f6nteme SADECE eri\u015filebilir ve kay\u0131tl\u0131 kullan\u0131c\u0131lar taraf\u0131ndan kullan\u0131labilir. Bu y\u00f6ntemle dosya y\u00fcklemek i\u00e7in, kullan\u0131c\u0131lar HitFile sitesine gitmeli ve \u201cURL Y\u00fckleme\u201d ba\u011flant\u0131s\u0131n\u0131 bulmal\u0131d\u0131r (a\u015fa\u011f\u0131daki foto\u011frafa bak\u0131n). T\u0131klay\u0131n, ancak kullan\u0131c\u0131lar bu URL Y\u00fckleme \u00f6zelli\u011fine eri\u015fmeden \u00f6nce HitFile sitesinde oturum a\u00e7mal\u0131d\u0131r.<\/p>\n\n\n\n<figure class=\"wp-block-image\"><img src=\"https:\/\/lh4.googleusercontent.com\/gVA_41CU0EDl621L4XjsBkHV5OdAaVh2jbKJHoRMxrl-R9k8ed02sHNYN7Kj_lmX78JnPNLj0NdsZ78cr31hzldmyTOBRyXfGwcBgT2uqmVbqAJdeoKiqWJRiujL6jNbWjIblrM\" alt=\"Upload Methods of HitFile\"\/><\/figure>\n\n\n\n<h2>Dosya \u0130ndirme<\/h2>\n\n\n\n<p>Bir dosyay\u0131 indirmek i\u00e7in kullan\u0131c\u0131lar a\u015fa\u011f\u0131daki liste gibi bir indirme y\u00f6neticisi kullanabilir:<\/p>\n\n\n\n<ul><li>FlashGet,<\/li><li> Accelerator Plus&#8217;\u0131 indirin,<\/li><li> getright,<\/li><li> FlashGet,<\/li><li> gozilla,<\/li><li> Google Dosya \u0130ndirme Y\u00f6neticisi ve<\/li><li> Di\u011ferleri<\/li><\/ul>\n\n\n\n<h2>Dosya Denetleyicisi<\/h2>\n\n\n\n<p>HitFile, iyi \u00f6zelliklerinden biri olan bir Dosya Denetleyicisi&#8217;ne sahiptir. Bir dosya veya dosyalar\u0131n HitFile veritaban\u0131nda veya sunucusunda mevcut olup olmad\u0131\u011f\u0131n\u0131 kontrol etmek gerekir.<\/p>\n\n\n\n<h3>Dosya Denetleyicisini kullanarak bir dosyay\u0131 nas\u0131l kontrol edebilirim?<\/h3>\n\n\n\n<ol><li>HitFile sitesine gidin.<\/li><li> Sitenin ana sayfas\u0131n\u0131n alt k\u0131sm\u0131na gidin.<\/li><li> \u201cDosya Denetleyicisi\u201d ba\u011flant\u0131s\u0131n\u0131 bulun.<\/li><li> T\u0131klay\u0131n ve kullan\u0131c\u0131lar\u0131 Dosya Denetleyicisi sayfas\u0131na y\u00f6nlendirecektir.<\/li><li> Bir dosyan\u0131n ba\u011flant\u0131s\u0131n\u0131 kopyalay\u0131n, ard\u0131ndan Dosya Denetleyicisi&#8217;nin dosya kutusuna yap\u0131\u015ft\u0131r\u0131n.<\/li><li> Dosyan\u0131n veya dosyalar\u0131n girilen ba\u011flant\u0131lar\u0131n\u0131 kontrol etmek i\u00e7in \u201cKontrol Et\u201d d\u00fc\u011fmesine t\u0131klay\u0131n. Kullan\u0131c\u0131lar \u201cTemizle\u201d d\u00fc\u011fmesine t\u0131klayarak Dosya Denetleyicisi kutusunun i\u00e7eri\u011fini de temizleyebilirler.<\/li><\/ol>\n\n\n\n<h3>Dosya Denetleyicisindeki Kurallar:<\/h3>\n\n\n\n<ul><li>Kullan\u0131c\u0131lar ayn\u0131 anda iki y\u00fczden fazla (200) ba\u011flant\u0131 giremezler.<\/li><li> Kullan\u0131c\u0131lar her sat\u0131ra link girmelidir. Bir (1) ba\u011flant\u0131 bir (1) sat\u0131ra e\u015fittir.<\/li><\/ul>\n\n\n\n<h3>Uygulama Programlama Arabirimi (API) Ba\u011flant\u0131 Denetleyicisi<\/h3>\n\n\n\n<p>Ayr\u0131ca, geli\u015ftiriciler i\u00e7in HitFile, bir dosyay\u0131 veya dosyalar\u0131 kontrol etmek i\u00e7in Uygulama Programlama Arabirimi veya <a href=\"https:\/\/en.wikipedia.org\/wiki\/Application_programming_interface\" target=\"_blank\" rel=\"noreferrer noopener\" aria-label=\"API  (opens in a new tab)\">API <\/a>ba\u011flant\u0131 denetleyicisini kullanmalar\u0131 i\u00e7in komut dosyalar\u0131 olu\u015fturdu ve haz\u0131rlad\u0131.<\/p>\n\n\n\n<p>Bunlar, bir dosyan\u0131n veya dosyalar\u0131n durumunu kontrol etmek i\u00e7in baz\u0131 \u00f6rneklerdir.<\/p>\n\n\n\n<p>1. Yaln\u0131zca bir (1) dosyan\u0131n durumunu kontrol etmek isteyen bir geli\u015ftiriciyseniz. Daha sonra, a\u015fa\u011f\u0131daki \u00f6rnek resme ba\u015fvurabilir.<\/p>\n\n\n\n<figure class=\"wp-block-image\"><img src=\"https:\/\/lh4.googleusercontent.com\/vIh0D0ak1psOMOGDcNGwP31uZ-iQqe483iMJtVWpxfcbIj5LxQlwAS8dw9C4m5JBJEJsKSlZAbLZrG25qGfeZb5x03Z_SvSlU03kQkSTAenKoP8-i2l2xdsqAnL6e7rgUE1BNLg\" alt=\"API link checker for 1 file\"\/><\/figure>\n\n\n\n<p>2.. Ancak, yaln\u0131zca birden fazla (1) dosyan\u0131n durumunu kontrol etmek isteyen bir geli\u015ftiriciyseniz. Sonra, a\u015fa\u011f\u0131daki \u00f6rnek resim tam size g\u00f6re.<\/p>\n\n\n\n<figure class=\"wp-block-image\"><img src=\"https:\/\/lh3.googleusercontent.com\/pLWF2_WGdHXroQPMU1iemWrpxpLMg35sE5GpVHDHr2fyfg1YjXpwePMBZauSDTO62j2JNciJB14lfgDYUo3XrEwzcq3EkFWbRqYhxuFsf-_EQd1ScflP1En51xu_ETlroa8M0mk\" alt=\"API link checker for files\"\/><\/figure>\n\n\n\n<h2>HitFile Premium Hesab\u0131<\/h2>\n\n\n\n<p>Premium Hesap i\u00e7in HitFile \u00dcyelik T\u00fcr\u00fc<\/p>\n\n\n\n<figure class=\"wp-block-table\"><table class=\"\"><tbody><tr><td>G\u00fcn say\u0131s\u0131<\/td><td>Fiyatlar (tam)<\/td><td>Fiyatlar (g\u00fcnl\u00fck)<\/td><td>Bir kullan\u0131c\u0131 ne kadar tasarruf edebilir?<\/td><\/tr><tr><td>25<\/td><td>9,95 USD<\/td><td>0.40 USD \/ g\u00fcn<\/td><td>Temel (% 0)<\/td><\/tr><tr><td>70<\/td><td>24,95 USD<\/td><td>0.36 USD \/ g\u00fcn<\/td><td>Y\u00fczde on (% 10)<\/td><\/tr><tr><td>150<\/td><td>49,95 USD<\/td><td>0.33 USD \/ g\u00fcn<\/td><td>Y\u00fczde onbe\u015f (% 15)<\/td><\/tr><tr><td>350<\/td><td>89,95 USD<\/td><td>0.26 USD \/ g\u00fcn<\/td><td>Y\u00fczde otuz be\u015f (% 35)<\/td><\/tr><\/tbody><\/table><\/figure>\n\n\n\n<h3>HitFile Hesab\u0131n\u0131 Y\u00fckseltme<\/h3>\n\n\n\n<p>Kullan\u0131c\u0131lar\u0131n, kullan\u0131c\u0131lar\u0131n hesab\u0131n\u0131 premium hesaba y\u00fckseltmek i\u00e7in a\u015fa\u011f\u0131daki ad\u0131mlar\u0131 izlemeleri gerekir.<\/p>\n\n\n<a class=\"maxbutton-2 maxbutton maxbutton-cta\" target=\"_blank\" rel=\"nofollow noopener\" href=\"\/go\/\"><span class='mb-text'>&gt;&gt; Orijinal Linkifier Web Sitesine Git<\/span><\/a>\n\n\n<p><\/p>\n\n\n\n<ol><li>Kullan\u0131c\u0131lar \u00f6nce hangi \u00fcyelik t\u00fcr\u00fcn\u00fc istediklerini veya ihtiya\u00e7 duyduklar\u0131n\u0131 se\u00e7melidir.<\/li><li> Ard\u0131ndan, kullan\u0131c\u0131lar\u0131n Premium Hesab\u0131 \u00f6demek i\u00e7in \u00f6deme y\u00f6ntemlerinden birini se\u00e7meleri gerekir.<\/li><li> Kullan\u0131c\u0131lar\u0131n bir dosyay\u0131 veya dosyalar\u0131 indirirken g\u00fcvenli\u011fi sa\u011flamak i\u00e7in her zaman \u201chttps korumas\u0131n\u0131\u201d kontrol etmeleri gerekir.<\/li><li> Kullan\u0131c\u0131lar, HitFile aboneli\u011fi onay kutusunu i\u015faretleyebilir, ancak abone olmay\u0131 se\u00e7emezler.<\/li><li> Bir e-posta adresi girin. Bu, premium hesap, premium kodlar ve \u00f6zellikler, hizmetler ve hesaplar (abone olduysa) hakk\u0131ndaki g\u00fcncellemeleri almak i\u00e7in gereklidir.<\/li><li> Ard\u0131ndan, girilen ayr\u0131nt\u0131lar\u0131 g\u00f6ndermek ve se\u00e7ilen premium hesap i\u00e7in \u00f6deme yapmak \u00fczere \u201c\u015eimdi \u00d6de\u201d d\u00fc\u011fmesine t\u0131klay\u0131n.<\/li><li> Kullan\u0131c\u0131lar premium hesab\u0131n koduna zaten sahipse, t\u00fcm premium \u00f6zellikleri ve hizmetleri etkinle\u015ftirmek i\u00e7in premium hesab\u0131n premium kodunun girilmesi gereken alana girmeleri gerekir.<\/li><\/ol>\n\n\n\n<figure class=\"wp-block-table\"><table class=\"\"><tbody><tr><td> \u2714 \u2714 \u2714 Users Sitenin \u00f6zelliklerinin ve hizmetlerinin do\u011fru bir \u015fekilde nas\u0131l kullan\u0131laca\u011f\u0131n\u0131 bilmek ve ayr\u0131ca HitFile ile ilgili her t\u00fcrl\u00fc k\u00f6t\u00fcye kullan\u0131mdan ka\u00e7\u0131nmak i\u00e7in kullan\u0131c\u0131lar\u0131n \u00f6nce HitFile Kullan\u0131m \u015eartlar\u0131n\u0131 okumas\u0131 gerekti\u011fini unutmay\u0131n.<\/td><\/tr><\/tbody><\/table><\/figure>\n\n\n\n<h3>HitFile Premium Hesab\u0131n\u0131 \u00d6deme<\/h3>\n\n\n\n<p>Kullan\u0131c\u0131lar, HitFile&#8217;in premium hesab\u0131 i\u00e7in se\u00e7tikleri \u00fcyelik t\u00fcr\u00fcn\u00fc \u00e7e\u015fitli \u00f6deme y\u00f6ntemleriyle \u00f6deyebilirler.<\/p>\n\n\n\n<p>Desteklenen HitFile \u00f6deme y\u00f6ntemleri:<\/p>\n\n\n\n<ul><li>Vize,<\/li><li> MasterCard,<\/li><li> PayPal,<\/li><li> Paysafecard,<\/li><li> Bitcoinler, Litecoinler veya di\u011fer kripto para birimleri<\/li><li> Sofort bankac\u0131l\u0131\u011f\u0131,<\/li><li> ideal,<\/li><li> Bancontact ve<\/li><li> Yetkili Sat\u0131c\u0131lar<\/li><\/ul>\n\n\n\n<p>Sitedeki verilerin t\u00fcm\u00fc \u015fifreli ve% 100 g\u00fcvenli oldu\u011fu i\u00e7in kullan\u0131c\u0131lar\u0131n \u00f6deme ve \u00f6deme bilgileri konusunda endi\u015felenmeleri gerekmez.<\/p>\n\n\n\n<h3>HitFile Premium Hesab\u0131: Etkinle\u015ftirin!<\/h3>\n\n\n\n<p>Kullan\u0131c\u0131lar, premium hesaplar\u0131n\u0131 etkinle\u015ftirmek ve \u00fcr\u00fcn\u00fcn t\u00fcm \u00f6zelliklerine ve hizmetlerine eri\u015fmek i\u00e7in bir kupon koduna ihtiya\u00e7 duyar. Kupon kodunu HitFile bayilerinden sat\u0131n alabilirler. Etkinle\u015ftirmek i\u00e7in kullan\u0131c\u0131lar\u0131n a\u015fa\u011f\u0131daki i\u015flemleri yapmas\u0131 gerekir.<\/p>\n\n\n\n<ol><li>Kullan\u0131c\u0131lar\u0131n \u00f6nce sat\u0131c\u0131lardan bir kupon kodu sat\u0131n almalar\u0131 gerekir. Kullan\u0131c\u0131lar\u0131n HitFile&#8217;\u0131n premium hesab\u0131 i\u00e7in sat\u0131n ald\u0131klar\u0131 kupon kodu, e-posta adreslerine h\u0131zl\u0131 bir \u015fekilde teslim edilecektir.<\/li><li> Ard\u0131ndan, giri\u015f sayfas\u0131nda hesaplar\u0131na (e-posta adresi ve \u015fifre) giri\u015f yapmak i\u00e7in HitFile sitesine gitmeleri gerekir. Hen\u00fcz kay\u0131tl\u0131 de\u011filse, \u00f6nce HitFile sitesinde bulunan kay\u0131t sayfas\u0131na gitmelidirler. Kullan\u0131c\u0131lar her zaman sitede oturum a\u00e7t\u0131klar\u0131ndan emin olmal\u0131d\u0131r.<\/li><li> Daha sonra, kullan\u0131c\u0131lar HitFile sitesinin Premium sayfas\u0131na gitmeli ve oraya kupon kodunu girmek i\u00e7in premium kodun alan\u0131n\u0131 bulmal\u0131d\u0131r.<\/li><li> Kupon kodunu girin, ard\u0131ndan sat\u0131n al\u0131nan premium hesab\u0131 etkinle\u015ftirmek i\u00e7in &#8220;Premium kodu etkinle\u015ftir&#8221; d\u00fc\u011fmesini t\u0131klay\u0131n.<\/li><\/ol>\n\n\n\n<figure class=\"wp-block-table\"><table class=\"\"><tbody><tr><td>HATA: &#8220;Bu eri\u015fim kodu i\u00e7in \u00e7ok fazla deneme&#8221;<\/td><\/tr><tr><td>Premium kullan\u0131c\u0131lar siteye her g\u00fcn en fazla k\u0131rk (40) kez eri\u015febilir, ancak premium hesaplar\u0131n\u0131 ba\u015far\u0131yla etkinle\u015ftirdikten sonra, web sitesi kullan\u0131c\u0131lar\u0131 hat\u0131rlar ve tekrar eri\u015fim kodu istemez.<\/td><\/tr><\/tbody><\/table><\/figure>\n\n\n\n<h2>HitFile Bayi Program\u0131<\/h2>\n\n\n\n<p>Kullan\u0131c\u0131lar, HitFile Bayi Program\u0131na kat\u0131labilir. HitFile, yerel ve uluslararas\u0131 yerler i\u00e7in sat\u0131c\u0131lara izin verir. Kat\u0131lmak isteyen kullan\u0131c\u0131lar, bu program\u0131n ilk gereksinimlerinden biri oldu\u011fu i\u00e7in \u00f6deme sistemi olan web sitelerine sahip olmal\u0131d\u0131r.<\/p>\n\n\n\n<p>\u015eimdilik, premium kodlar\u0131n sat\u0131n al\u0131nmas\u0131 i\u00e7in ilk para yat\u0131rma i\u015flemini desteklemiyorlar.<\/p>\n\n\n\n<p>Kullan\u0131c\u0131lar\u0131n bayi program\u0131na ba\u015fvurabilmeleri i\u00e7in ba\u015fvuru formunu doldurmalar\u0131 gerekir. Daha sonra, kullan\u0131c\u0131lar\u0131n ba\u015fvurusu kontrol edilecek ve ba\u015fvurular\u0131n\u0131 yapt\u0131klar\u0131 g\u00fcnden itibaren be\u015f (5) i\u015f g\u00fcn\u00fc i\u00e7inde g\u00f6zden ge\u00e7irilecektir. HitFile, kullan\u0131c\u0131lar\u0131n e-posta adreslerine, isteklerinin veya HitFile&#8217;in yetkili sat\u0131c\u0131s\u0131 olma uygulamalar\u0131n\u0131n onayland\u0131\u011f\u0131n\u0131 bildiren bir mesaj g\u00f6nderir.<\/p>\n\n\n\n<p>HitFile Bayileri &#8211; Komisyon Tablosu<\/p>\n\n\n\n<figure class=\"wp-block-table\"><table class=\"\"><tbody><tr><td>Sat\u0131\u015f Hacmi<\/td><td>\u00dcr\u00fcn i\u00e7in \u0130ndirim Oran\u0131<\/td><\/tr><tr><td>100,00 USD veya daha b\u00fcy\u00fck<\/td><td>20%<\/td><\/tr><tr><td>500,00 USD veya daha b\u00fcy\u00fck<\/td><td>22.5%<\/td><\/tr><tr><td>1.000,00 USD veya daha b\u00fcy\u00fck<\/td><td>25%<\/td><\/tr><tr><td>2.500,00 USD veya daha b\u00fcy\u00fck<\/td><td>27.5%<\/td><\/tr><tr><td>5.000,00 USD veya daha b\u00fcy\u00fck<\/td><td>30%<\/td><\/tr><tr><td>12.500,00 USD veya daha b\u00fcy\u00fck<\/td><td>32.5%<\/td><\/tr><tr><td>25.000,00 USD veya daha b\u00fcy\u00fck<\/td><td>35%<\/td><\/tr><tr><td>50.000,00 USD veya daha b\u00fcy\u00fck<\/td><td>37.5%<\/td><\/tr><tr><td>100.000,00 USD veya daha b\u00fcy\u00fck<\/td><td>40%<\/td><\/tr><\/tbody><\/table><\/figure>\n\n\n\n<h2>Bilet A\u00e7ma<\/h2>\n\n\n\n<p>Bilet, bir kullan\u0131c\u0131n\u0131n soru ve endi\u015felerini dile getirmek i\u00e7in kullan\u0131l\u0131r. Kullan\u0131c\u0131lar \u201cKonu\u015fmam\u201d sayfas\u0131nda bir bilet a\u00e7abilirler. Bu sayfada, mevcut biletlerini de bulabilirler. HitFile&#8217;a skype, e-posta veya bilet yoluyla da ula\u015fabilirler.<\/p>\n\n\n<a class=\"maxbutton-2 maxbutton maxbutton-cta\" target=\"_blank\" rel=\"nofollow noopener\" href=\"\/go\/\"><span class='mb-text'>&gt;&gt; Orijinal Linkifier Web Sitesine Git<\/span><\/a>\n\n\n<p><\/p>\n","protected":false},"excerpt":{"rendered":"<p>HitFile, kullan\u0131c\u0131lar\u0131n dosyalar\u0131n\u0131 y\u00fcklemek, indirmek, payla\u015fmak ve saklamak i\u00e7in kullan\u0131labilecek bir dosya bar\u0131nd\u0131r\u0131c\u0131s\u0131d\u0131r. Dosya Y\u00fckleme HitFile&#8217;\u0131n bir dosya veya dosya<\/p>\n","protected":false},"author":2,"featured_media":0,"parent":0,"menu_order":0,"comment_status":"closed","ping_status":"closed","template":"","meta":[],"yoast_head":"<!-- This site is optimized with the Yoast SEO plugin v18.3 - https:\/\/yoast.com\/wordpress\/plugins\/seo\/ -->\n<title>HitFile Premium Hesap: Bir Bak\u0131\u015fta Filehoster<\/title>\n<meta name=\"description\" content=\"HitFile sayg\u0131n bir sa\u011flay\u0131c\u0131 m\u0131 de\u011fil mi, cevab\u0131 Multihoster.org&#039;daki mevcut testte bulabilirsiniz \u279c \u015eimdi t\u0131klay\u0131n \u271a deneyimlerimizi okumak i\u00e7in!\" \/>\n<meta name=\"robots\" content=\"index, follow, max-snippet:-1, max-image-preview:large, max-video-preview:-1\" \/>\n<link rel=\"canonical\" href=\"https:\/\/multihoster.org\/tr\/hitfile\/\" \/>\n<meta property=\"og:locale\" content=\"tr_TR\" \/>\n<meta property=\"og:type\" content=\"article\" \/>\n<meta property=\"og:title\" content=\"HitFile Premium Hesap: Bir Bak\u0131\u015fta Filehoster\" \/>\n<meta property=\"og:description\" content=\"HitFile sayg\u0131n bir sa\u011flay\u0131c\u0131 m\u0131 de\u011fil mi, cevab\u0131 Multihoster.org&#039;daki mevcut testte bulabilirsiniz \u279c \u015eimdi t\u0131klay\u0131n \u271a deneyimlerimizi okumak i\u00e7in!\" \/>\n<meta property=\"og:url\" content=\"https:\/\/multihoster.org\/tr\/hitfile\/\" \/>\n<meta property=\"og:site_name\" content=\"Multihoster.org\" \/>\n<meta property=\"article:modified_time\" content=\"2020-04-22T09:34:14+00:00\" \/>\n<meta property=\"og:image\" content=\"https:\/\/lh5.googleusercontent.com\/psmArbJyOPQToAelAKReR6w8u_TN38n6-JFWYyeR1bVafnTkFlUTCWWFlurqKCkVG33WWByZVLtepWod6-ShScUoA11NeZzvEeRpH7vEPv4eaIjOFudHCCRg7SlfX6GUpFPDHKE\" \/>\n<meta name=\"twitter:card\" content=\"summary\" \/>\n<meta name=\"twitter:label1\" content=\"Tahmini okuma s\u00fcresi\" \/>\n\t<meta name=\"twitter:data1\" content=\"8 dakika\" \/>\n<script type=\"application\/ld+json\" class=\"yoast-schema-graph\">{\"@context\":\"https:\/\/schema.org\",\"@graph\":[{\"@type\":\"WebSite\",\"@id\":\"https:\/\/multihoster.org\/#website\",\"url\":\"https:\/\/multihoster.org\/\",\"name\":\"Multihoster.org\",\"description\":\"Reviews of the major Filehosting services\",\"potentialAction\":[{\"@type\":\"SearchAction\",\"target\":{\"@type\":\"EntryPoint\",\"urlTemplate\":\"https:\/\/multihoster.org\/?s={search_term_string}\"},\"query-input\":\"required name=search_term_string\"}],\"inLanguage\":\"tr\"},{\"@type\":\"ImageObject\",\"@id\":\"https:\/\/multihoster.org\/tr\/hitfile\/#primaryimage\",\"inLanguage\":\"tr\",\"url\":\"https:\/\/lh5.googleusercontent.com\/psmArbJyOPQToAelAKReR6w8u_TN38n6-JFWYyeR1bVafnTkFlUTCWWFlurqKCkVG33WWByZVLtepWod6-ShScUoA11NeZzvEeRpH7vEPv4eaIjOFudHCCRg7SlfX6GUpFPDHKE\",\"contentUrl\":\"https:\/\/lh5.googleusercontent.com\/psmArbJyOPQToAelAKReR6w8u_TN38n6-JFWYyeR1bVafnTkFlUTCWWFlurqKCkVG33WWByZVLtepWod6-ShScUoA11NeZzvEeRpH7vEPv4eaIjOFudHCCRg7SlfX6GUpFPDHKE\"},{\"@type\":\"WebPage\",\"@id\":\"https:\/\/multihoster.org\/tr\/hitfile\/#webpage\",\"url\":\"https:\/\/multihoster.org\/tr\/hitfile\/\",\"name\":\"HitFile Premium Hesap: Bir Bak\u0131\u015fta Filehoster\",\"isPartOf\":{\"@id\":\"https:\/\/multihoster.org\/#website\"},\"primaryImageOfPage\":{\"@id\":\"https:\/\/multihoster.org\/tr\/hitfile\/#primaryimage\"},\"datePublished\":\"2020-04-21T13:38:55+00:00\",\"dateModified\":\"2020-04-22T09:34:14+00:00\",\"description\":\"HitFile sayg\u0131n bir sa\u011flay\u0131c\u0131 m\u0131 de\u011fil mi, cevab\u0131 Multihoster.org'daki mevcut testte bulabilirsiniz \u279c \u015eimdi t\u0131klay\u0131n \u271a deneyimlerimizi okumak i\u00e7in!\",\"breadcrumb\":{\"@id\":\"https:\/\/multihoster.org\/tr\/hitfile\/#breadcrumb\"},\"inLanguage\":\"tr\",\"potentialAction\":[{\"@type\":\"ReadAction\",\"target\":[\"https:\/\/multihoster.org\/tr\/hitfile\/\"]}]},{\"@type\":\"BreadcrumbList\",\"@id\":\"https:\/\/multihoster.org\/tr\/hitfile\/#breadcrumb\",\"itemListElement\":[{\"@type\":\"ListItem\",\"position\":1,\"name\":\"Startseite\",\"item\":\"https:\/\/multihoster.org\/tr\/\"},{\"@type\":\"ListItem\",\"position\":2,\"name\":\"HitFile Premium Hesap: Bir Bak\u0131\u015fta Filehoster\"}]}]}<\/script>\n<!-- \/ Yoast SEO plugin. -->","yoast_head_json":{"title":"HitFile Premium Hesap: Bir Bak\u0131\u015fta Filehoster","description":"HitFile sayg\u0131n bir sa\u011flay\u0131c\u0131 m\u0131 de\u011fil mi, cevab\u0131 Multihoster.org'daki mevcut testte bulabilirsiniz \u279c \u015eimdi t\u0131klay\u0131n \u271a deneyimlerimizi okumak i\u00e7in!","robots":{"index":"index","follow":"follow","max-snippet":"max-snippet:-1","max-image-preview":"max-image-preview:large","max-video-preview":"max-video-preview:-1"},"canonical":"https:\/\/multihoster.org\/tr\/hitfile\/","og_locale":"tr_TR","og_type":"article","og_title":"HitFile Premium Hesap: Bir Bak\u0131\u015fta Filehoster","og_description":"HitFile sayg\u0131n bir sa\u011flay\u0131c\u0131 m\u0131 de\u011fil mi, cevab\u0131 Multihoster.org'daki mevcut testte bulabilirsiniz \u279c \u015eimdi t\u0131klay\u0131n \u271a deneyimlerimizi okumak i\u00e7in!","og_url":"https:\/\/multihoster.org\/tr\/hitfile\/","og_site_name":"Multihoster.org","article_modified_time":"2020-04-22T09:34:14+00:00","og_image":[{"url":"https:\/\/lh5.googleusercontent.com\/psmArbJyOPQToAelAKReR6w8u_TN38n6-JFWYyeR1bVafnTkFlUTCWWFlurqKCkVG33WWByZVLtepWod6-ShScUoA11NeZzvEeRpH7vEPv4eaIjOFudHCCRg7SlfX6GUpFPDHKE"}],"twitter_card":"summary","twitter_misc":{"Tahmini okuma s\u00fcresi":"8 dakika"},"schema":{"@context":"https:\/\/schema.org","@graph":[{"@type":"WebSite","@id":"https:\/\/multihoster.org\/#website","url":"https:\/\/multihoster.org\/","name":"Multihoster.org","description":"Reviews of the major Filehosting services","potentialAction":[{"@type":"SearchAction","target":{"@type":"EntryPoint","urlTemplate":"https:\/\/multihoster.org\/?s={search_term_string}"},"query-input":"required name=search_term_string"}],"inLanguage":"tr"},{"@type":"ImageObject","@id":"https:\/\/multihoster.org\/tr\/hitfile\/#primaryimage","inLanguage":"tr","url":"https:\/\/lh5.googleusercontent.com\/psmArbJyOPQToAelAKReR6w8u_TN38n6-JFWYyeR1bVafnTkFlUTCWWFlurqKCkVG33WWByZVLtepWod6-ShScUoA11NeZzvEeRpH7vEPv4eaIjOFudHCCRg7SlfX6GUpFPDHKE","contentUrl":"https:\/\/lh5.googleusercontent.com\/psmArbJyOPQToAelAKReR6w8u_TN38n6-JFWYyeR1bVafnTkFlUTCWWFlurqKCkVG33WWByZVLtepWod6-ShScUoA11NeZzvEeRpH7vEPv4eaIjOFudHCCRg7SlfX6GUpFPDHKE"},{"@type":"WebPage","@id":"https:\/\/multihoster.org\/tr\/hitfile\/#webpage","url":"https:\/\/multihoster.org\/tr\/hitfile\/","name":"HitFile Premium Hesap: Bir Bak\u0131\u015fta Filehoster","isPartOf":{"@id":"https:\/\/multihoster.org\/#website"},"primaryImageOfPage":{"@id":"https:\/\/multihoster.org\/tr\/hitfile\/#primaryimage"},"datePublished":"2020-04-21T13:38:55+00:00","dateModified":"2020-04-22T09:34:14+00:00","description":"HitFile sayg\u0131n bir sa\u011flay\u0131c\u0131 m\u0131 de\u011fil mi, cevab\u0131 Multihoster.org'daki mevcut testte bulabilirsiniz \u279c \u015eimdi t\u0131klay\u0131n \u271a deneyimlerimizi okumak i\u00e7in!","breadcrumb":{"@id":"https:\/\/multihoster.org\/tr\/hitfile\/#breadcrumb"},"inLanguage":"tr","potentialAction":[{"@type":"ReadAction","target":["https:\/\/multihoster.org\/tr\/hitfile\/"]}]},{"@type":"BreadcrumbList","@id":"https:\/\/multihoster.org\/tr\/hitfile\/#breadcrumb","itemListElement":[{"@type":"ListItem","position":1,"name":"Startseite","item":"https:\/\/multihoster.org\/tr\/"},{"@type":"ListItem","position":2,"name":"HitFile Premium Hesap: Bir Bak\u0131\u015fta Filehoster"}]}]}},"_links":{"self":[{"href":"https:\/\/multihoster.org\/tr\/wp-json\/wp\/v2\/pages\/4154"}],"collection":[{"href":"https:\/\/multihoster.org\/tr\/wp-json\/wp\/v2\/pages"}],"about":[{"href":"https:\/\/multihoster.org\/tr\/wp-json\/wp\/v2\/types\/page"}],"author":[{"embeddable":true,"href":"https:\/\/multihoster.org\/tr\/wp-json\/wp\/v2\/users\/2"}],"replies":[{"embeddable":true,"href":"https:\/\/multihoster.org\/tr\/wp-json\/wp\/v2\/comments?post=4154"}],"version-history":[{"count":1,"href":"https:\/\/multihoster.org\/tr\/wp-json\/wp\/v2\/pages\/4154\/revisions"}],"predecessor-version":[{"id":4188,"href":"https:\/\/multihoster.org\/tr\/wp-json\/wp\/v2\/pages\/4154\/revisions\/4188"}],"wp:attachment":[{"href":"https:\/\/multihoster.org\/tr\/wp-json\/wp\/v2\/media?parent=4154"}],"curies":[{"name":"wp","href":"https:\/\/api.w.org\/{rel}","templated":true}]}}