{"id":4199,"date":"2020-04-22T09:42:02","date_gmt":"2020-04-22T09:42:02","guid":{"rendered":"https:\/\/multihoster.org\/easybytez-2\/"},"modified":"2020-04-22T11:39:15","modified_gmt":"2020-04-22T11:39:15","slug":"easybytez-2","status":"publish","type":"page","link":"https:\/\/multihoster.org\/tr\/easybytez-2\/","title":{"rendered":"Easybytez Premium Hesap: Bir Bak\u0131\u015fta Filehoster"},"content":{"rendered":"\n<figure class=\"wp-block-image\"><img src=\"https:\/\/lh3.googleusercontent.com\/7sfcXzV_u2BPeouW-wuBjXqm-MqY932QRkL-JyOSuK8zPkTenI_E2y9N1CSskXlVvXUk4p9xSKJGO8Sf6Ih44wVJ_hMs6n57ybNKpCeG-IQrrKkupcu--8JouUcWxCYFXSUN36E\" alt=\"Easybytez logo\"\/><\/figure>\n\n\n\n<p>Easybytez her zaman, her yerde dosya indirme ve kar\u015f\u0131ya y\u00fckleme sunan bir dosya bar\u0131nd\u0131rma sa\u011flay\u0131c\u0131s\u0131d\u0131r. Foto\u011fraflar, videolar, belgeler ve ar\u015fivlenmi\u015f dosyalar gibi bir\u00e7ok dosya t\u00fcr\u00fc y\u00fckleme i\u00e7in desteklenir. Di\u011fer daha pahal\u0131, karma\u015f\u0131k ve karma\u015f\u0131k dosya bar\u0131nd\u0131r\u0131c\u0131lar\u0131n\u0131n aksine, Easybytez, parmaklar\u0131n\u0131z\u0131n ucunda kolay ve premium dosya bar\u0131nd\u0131rma getirerek ismine kadar ya\u015far. Easybytez&#8217;ten dosya y\u00fcklemek ve indirmek \u00fccretsizdir, ancak Easybytez&#8217;in premium hesap hizmetini deneyimlemek ve sundu\u011fu \u00f6zelliklerden yararlanmak istiyorsan\u0131z, premium bir hesaba kaydolmak \u00e7ok kolayd\u0131r. Sadece 3,99 ABD dolar\u0131ndan ba\u015flayan fiyatlarla 7 g\u00fcn boyunca Easybytez&#8217;in premium hesab\u0131ndan en iyi \u015fekilde yararlanabilirsiniz. Birden fazla ana bilgisayardan dosya indirebilir, dosyalar\u0131n\u0131z i\u00e7in s\u0131n\u0131rs\u0131z depolama s\u00fcresine sahip olabilir, indirme i\u015flemlerini duraklatabilir ve devam ettirebilir, reklams\u0131z g\u00f6sterge tablosu ve captcha&#8217;lar\u0131 atlayabilirsiniz. Easybytez&#8217;in premium hesab\u0131n\u0131 di\u011fer web sitelerinden \u00f6ne \u00e7\u0131karan \u015fey, dosyalar\u0131n\u0131z\u0131n g\u00fcvenli\u011fi ve korunmas\u0131 konusunda endi\u015felenmeden t\u00fcm bunlardan yararlanabilmenizdir. Internet&#8217;teki en pop\u00fcler dosya bar\u0131nd\u0131rma sa\u011flay\u0131c\u0131lar\u0131yla kar\u015f\u0131la\u015ft\u0131r\u0131ld\u0131\u011f\u0131nda, Easybytez&#8217;in hizmeti b\u00fcy\u00fck bir farkla daha ucuzdur ve bu web sitelerinde bulunan hemen hemen ayn\u0131 \u00f6zellikleri sunar.<\/p>\n\n\n<a class=\"maxbutton-2 maxbutton maxbutton-cta\" target=\"_blank\" rel=\"nofollow noopener\" href=\"\/go\/\"><span class='mb-text'>&gt;&gt; Orijinal Linkifier Web Sitesine Git<\/span><\/a>\n\n\n<p><\/p>\n\n\n\n<h2>EASYBYTEZ PREMIUM HESABININ \u00d6ZELL\u0130KLER\u0130<\/h2>\n\n\n\n<h3>KULLANICI DOSTU ARAY\u00dcZ<\/h3>\n\n\n\n<p>Kullan\u0131m\u0131 ve anla\u015f\u0131lmas\u0131 kolay bir kullan\u0131c\u0131 aray\u00fcz\u00fc ile dosyalar\u0131n\u0131z\u0131 Easybyte&#8217;in <a rel=\"noreferrer noopener\" aria-label=\"bulut depolama alan\u0131na (opens in a new tab)\" href=\"https:\/\/www.techopedia.com\/definition\/26535\/cloud-storage\" target=\"_blank\">bulut depolama alan\u0131na<\/a> y\u00fcklemek ve indirmek art\u0131k \u00e7ok kolay. Premium bir hesap kullanmak, farkl\u0131 ba\u011flant\u0131lardan veya rahats\u0131z edici reklamlardan ge\u00e7me zahmetine girmeden h\u0131zl\u0131 ve kolay bir \u015fekilde y\u00fcklemenize ve indirmenize olanak tan\u0131r. Bir dosya y\u00fcklemek i\u00e7in dosyalar\u0131n\u0131z\u0131 taray\u0131c\u0131n\u0131za s\u00fcr\u00fckleyip b\u0131rakabilirsiniz; y\u00fckleme otomatik olarak ba\u015flar. Profiliniz \u00fczerinden kolayca eri\u015filebilen kendi dosyalar\u0131n\u0131z i\u00e7in tek t\u0131klamayla kar\u015f\u0131dan y\u00fcklemeler mevcuttur. Bu ba\u011flant\u0131y\u0131 istedi\u011finiz herhangi biriyle payla\u015fabilirsiniz, ancak ba\u011flant\u0131 kaybolmadan \u00f6nce dosyan\u0131z\u0131 indirmek ve eri\u015fmek i\u00e7in s\u0131n\u0131rl\u0131 zamanlar\u0131 vard\u0131r ve ba\u015fka bir tane olu\u015fturman\u0131z gerekir. Ayr\u0131ca y\u00fcklenen dosyalar\u0131n\u0131z\u0131 dosya boyutu, y\u00fckleme tarihi veya dosya t\u00fcr\u00fc gibi kategorilere g\u00f6re kolayca s\u0131ralayabilir ve d\u00fczenleyebilir, b\u00f6ylece ihtiyac\u0131n\u0131z oldu\u011funda belirli bir dosyay\u0131 aramak i\u00e7in gereken s\u00fcreyi en aza indirebilirsiniz. Easybytez&#8217;in web sitesine, ki\u015fisel bilgisayarlar\u0131 veya mobil cihazlar\u0131 arac\u0131l\u0131\u011f\u0131yla internete ba\u011fland\u0131\u011f\u0131 s\u00fcrece herkes kolayca eri\u015febilir. \u00d6rne\u011fin, bir dosyay\u0131 evdeki ki\u015fisel bilgisayar\u0131n\u0131zdan i\u015f yerinizdeki ba\u015fka bir cihaza aktarman\u0131z gerekti\u011finde, sadece evinize y\u00fckleyebilir ve kolayca eri\u015febilir ve birka\u00e7 basit t\u0131klamayla dosyay\u0131 ba\u015fka bir bilgisayardan indirebilirsiniz.<\/p>\n\n\n\n<h3>SINIRSIZ DOSYA DEPOLAMA S\u00dcRES\u0130<\/h3>\n\n\n\n<p>\u00dccretsiz bir hesapla, y\u00fckledi\u011finiz dosyalar yedi g\u00fcne kadar sunucularda saklan\u0131r ve bundan sonra sonsuza kadar silinir. Ancak, uzun s\u00fcre saklanmas\u0131 veya uzaktan yedeklenmesi gereken b\u00fcy\u00fck dosyalar \u00fczerinde \u00e7al\u0131\u015f\u0131yorsan\u0131z, premium bir hesap kullanmak, Easybytez&#8217;in bulut depolama sunucular\u0131n\u0131 bu dosyalar i\u00e7in ikincil bir yedekleme olarak kullanman\u0131za izin verecektir. Kritik dosyalar\u0131 i\u00e7in uzaktan yedekleme arayan \u015firketler ve k\u00fc\u00e7\u00fck i\u015fletmeler bu \u00f6zelliklerden en iyi \u015fekilde yararlanabilir. Bu g\u00fcnlerde g\u00fcvenilir bir yedekleme depolama \u00e7\u00f6z\u00fcm\u00fcne sahip olmak gerekiyor. Bilgisayar\u0131n\u0131zdaki veya cihaz\u0131n\u0131zdaki \u00f6nemli bir dosyay\u0131 yanl\u0131\u015fl\u0131kla sildi\u011finizde, dosyaya kolayca bulut sunucular\u0131ndan eri\u015febilir ve kurtarabilirsiniz. Y\u00fckledi\u011finiz dosyalar\u0131n asla silinmeyece\u011finden ve en az 30 g\u00fcnde bir premium hesab\u0131n\u0131za giri\u015f yapt\u0131\u011f\u0131n\u0131z s\u00fcrece her zaman g\u00fcvende oldu\u011fundan emin olabilirsiniz.<\/p>\n\n\n\n<h3>MAKS\u0130MUM Y\u00dcKLEME VE \u0130ND\u0130RME HIZLARI<\/h3>\n\n\n\n<p>Belgeler, foto\u011fraflar veya videolar gibi dosyalar\u0131n h\u0131zl\u0131 aktar\u0131lmas\u0131n\u0131 sa\u011flamak i\u00e7in premium hesaplar i\u00e7in maksimum indirme h\u0131zlar\u0131 da mevcuttur. Premium hesaplar, bir dosyay\u0131 indirmek s\u00f6z konusu oldu\u011funda da \u00f6nceliklere sahip olma hakk\u0131na sahiptir. \u0130htiyac\u0131n\u0131z olan dosyalar\u0131 indirmek i\u00e7in asla beklemek zorunda kalmayacaks\u0131n\u0131z ve t\u00fcm kullan\u0131c\u0131lar tek bir t\u0131klamayla yap\u0131labilirken, \u00fccretsiz kullan\u0131c\u0131lar\u0131n herhangi bir zamanda sadece 1 dosya indirme gibi k\u0131s\u0131tlamalar\u0131 vard\u0131r. Maksimum dosya aktar\u0131m h\u0131zlar\u0131 da premium hesaba dahil edilerek k\u0131sa s\u00fcrede daha fazla dosya y\u00fcklemenize olanak tan\u0131r.<a rel=\"noreferrer noopener\" aria-label=\" \u0130ndirme y\u00f6neticilerinin (opens in a new tab)\" href=\"https:\/\/encyclopedia2.thefreedictionary.com\/download+manager\" target=\"_blank\"> \u0130ndirme y\u00f6neticilerinin<\/a>, premium kullan\u0131c\u0131lar\u0131n servis sa\u011flay\u0131c\u0131n\u0131z taraf\u0131ndan sa\u011flanan maksimum h\u0131z\u0131 kulland\u0131\u011f\u0131n\u0131zdan emin olmalar\u0131na izin verilir ve indirmelerinizi sizin i\u00e7in uygun bir \u015fekilde d\u00fczenlemenize olanak tan\u0131r. \u00dccretsiz kullan\u0131c\u0131lar, bir seferde yaln\u0131zca dosya ba\u015f\u0131na 200mb s\u0131n\u0131r\u0131nda 1 dosya y\u00fckleyebilir, premium hesap kullan\u0131c\u0131lar\u0131 ise ayn\u0131 anda birden fazla dosya y\u00fckleyebilir ve dosya ba\u015f\u0131na maksimum 5 gb y\u00fckleme boyutuna sahip olabilir.<\/p>\n\n\n\n<h3>\u00c7OKLU \u0130ND\u0130RME VE \u0130ND\u0130RME<\/h3>\n\n\n\n<p>Easybytez premium hesap kullan\u0131c\u0131lar\u0131 ayn\u0131 anda birden fazla dosya indirebilir. Bir dosyan\u0131n indirmeyi bitirmesini beklemek zorunda kalmadan, b\u00fcy\u00fck dosyalar\u0131 indirmeye ve hemen ba\u015fka bir dosyay\u0131 indirmeye ba\u015flayabilirsiniz. Birden fazla dosyaya b\u00f6l\u00fcnm\u00fc\u015f videolar gibi b\u00fcy\u00fck dosyalar\u0131 indiriyorsan\u0131z bu size zaman kazand\u0131r\u0131r. Premium plana abone oldu\u011funda indirme i\u015flemlerine devam etme izni de verilir. Bir dosyay\u0131 indirmeyi duraklatman\u0131z gerekti\u011finde, dosyay\u0131 indirmeye bir dahaki sefere devam etti\u011finizde, bilgisayar\u0131n\u0131z\u0131 kapat\u0131p taray\u0131c\u0131n\u0131zdan \u00e7\u0131ksan\u0131z bile dosya kald\u0131\u011f\u0131n\u0131z yerden ba\u015flayacakt\u0131r. Easybyte&#8217;in premium hesab\u0131ndan yararland\u0131\u011f\u0131n\u0131zda, dosya indirmelerine devam etmenin rahatl\u0131\u011f\u0131 emrinizde. Premium hesap kullan\u0131c\u0131lar\u0131 taraf\u0131ndan dosya ba\u015f\u0131na 5 gb&#8217;a kadar y\u00fcklenebilir ve bunlar s\u00fcresiz olarak Easybytez&#8217;in bulut sunucular\u0131nda saklanabilir.<\/p>\n\n\n<a class=\"maxbutton-2 maxbutton maxbutton-cta\" target=\"_blank\" rel=\"nofollow noopener\" href=\"\/go\/\"><span class='mb-text'>&gt;&gt; Orijinal Linkifier Web Sitesine Git<\/span><\/a>\n\n\n<p><\/p>\n\n\n\n<h3>REKLAM VE CAPTCHA-\u00dcCRETS\u0130Z ARAY\u00dcZ<\/h3>\n\n\n\n<p>\u00c7o\u011fu web sitesinin, i\u015fletmesini s\u00fcrd\u00fcrmek i\u00e7in fonlar\u0131n\u0131 destekleyen reklamlar vard\u0131r. <a rel=\"noreferrer noopener\" aria-label=\"CAPTCHA'lar (opens in a new tab)\" href=\"https:\/\/techterms.com\/definition\/captcha\" target=\"_blank\">CAPTCHA&#8217;lar<\/a>, botlar\u0131n i\u00e7erik indirmelerini ve sunuculara y\u00fcklenmesini spam etmesini \u00f6nlemek i\u00e7in uygulan\u0131r. Premium hesap kullan\u0131c\u0131lar\u0131, reklams\u0131z bir aray\u00fcze sahip olma ayr\u0131cal\u0131\u011f\u0131na sahiptir ve dosya y\u00fcklemeye veya indirmeye ba\u015flamak i\u00e7in captcha&#8217;lara cevap vermek zorunda de\u011fildir. Bu, \u00fccretsiz kullan\u0131c\u0131lar\u0131n sunucunun <a rel=\"noreferrer noopener\" aria-label=\"bant geni\u015fli\u011fi (opens in a new tab)\" href=\"https:\/\/techterms.com\/definition\/bandwidth\" target=\"_blank\">bant geni\u015fli\u011fi<\/a> yeteneklerine m\u00fcdahale etmemesini ve a\u015f\u0131r\u0131 y\u00fcklenmemesini sa\u011flar ve dosyalar\u0131 indirmek s\u00f6z konusu oldu\u011funda premium hesaplara \u00f6ncelik verir.<\/p>\n\n\n\n<h3>UCUZ VE G\u00dcVENL\u0130 DOSYA KONAKLAMA<\/h3>\n\n\n\n<p>Parolalar, foto\u011fraf ve video gibi ki\u015fisel dosyalar\u0131n\u0131z\u0131 korumak i\u00e7in kullan\u0131labilir. Di\u011fer kullan\u0131c\u0131lar, d\u00fcnyan\u0131n her yerinden herhangi birinden dosya arayabilir ve indirebilir ve dosyalar\u0131n\u0131za g\u00fcvenli bir \u015fifre koyarak, \u015fifreniz ve izniniz olmadan indiremezler. Gereksiz ve m\u00fcdahaleci davran\u0131\u015f\u0131 \u00f6nlemek i\u00e7in dosyalar\u0131 kar\u015f\u0131ya y\u00fcklerken ve indirirken geni\u015fletilmi\u015f g\u00fcvenlik y\u00f6ntemleri kullan\u0131l\u0131r. Hesab\u0131n\u0131za yabanc\u0131 bir eri\u015fim olmas\u0131 durumunda (genellikle kullanmad\u0131\u011f\u0131n\u0131z bir cihazdan veya tan\u0131nmayan bir IP adresinden eri\u015fim gibi), kimli\u011finizi onaylamak i\u00e7in size bir onay e-postas\u0131 g\u00f6nderilir.<\/p>\n\n\n\n<p>Ba\u015fka hi\u00e7bir dosya bar\u0131nd\u0131rma hizmeti EasyBytez&#8217;in premium hesap \u00f6zelliklerine yak\u0131n gelmez. Premium bir hesaptan yararlanman\u0131z durumunda esnek \u00f6deme y\u00f6ntemleri kullan\u0131labilir. 3,99 ABD dolar\u0131ndan ba\u015flayan fiyatlarla 7 g\u00fcn boyunca premium hesap sahibi olman\u0131n t\u00fcm avantajlar\u0131ndan yararlanabilirsiniz. Aboneli\u011finizi yenilemek size bir indirim kazand\u0131racak ve daha uzun bir premium hesap s\u00fcresi elde ederek% 25&#8217;e varan indirimlerin keyfini \u00e7\u0131karacaks\u0131n\u0131z. EasyBytez primi i\u00e7in \u00f6deme g\u00fcvenli ve an\u0131nda yap\u0131l\u0131r. Mastercard, Visa, Citibank veya American Express gibi \u00e7o\u011fu kredi kart\u0131 \u00f6deme sayfas\u0131nda kabul edilir. Ayr\u0131ca, geleneksel \u00f6deme y\u00f6ntemlerinden daha uygun bulursan\u0131z, web sitesinde birka\u00e7 \u00f6deme sa\u011flay\u0131c\u0131s\u0131 da vard\u0131r. Easybytez&#8217;in web sitesinde yap\u0131lan \u00f6deme h\u0131zl\u0131 ve g\u00fcvenlidir.<\/p>\n\n\n\n<h2>\u00dcCRETS\u0130Z HESAP S\u00dcR\u00dcM\u00dc PREMIUM HESAP<\/h2>\n\n\n\n<figure class=\"wp-block-table\"><table class=\"\"><tbody><tr><td>\u00d6ZELL\u0130KLER\u0130<\/td><td>BEDAVA<\/td><td>PREMIUM<\/td><\/tr><tr><td>\u0130ND\u0130RME HIZI<\/td><td>300Kb\/s<\/td><td>SINIRSIZ<\/td><\/tr><tr><td>BANT GEN\u0130\u015eL\u0130\u011e\u0130<\/td><td>SINIRLI<\/td><td>MAKS\u0130MUM<\/td><\/tr><tr><td>REKLAMLAR VE CAPTCHA<\/td><td>EVET<\/td><td>HAYIR<\/td><\/tr><tr><td>\u0130ND\u0130RME BA\u015eINA DOSYA SAYISI<\/td><td>1 ZAMANINDA<\/td><td>5 dosyaya kadar<\/td><\/tr><tr><td>KAPAS\u0130TEY\u0130 \u0130ND\u0130R<\/td><td>1GB\/HOUR<\/td><td>SINIRSIZ<\/td><\/tr><tr><td>Y\u00dcKLEME \u0130\u00c7\u0130N MAKS\u0130MUM DOSYA BOYUTU<\/td><td>200MB<\/td><td>5GB<\/td><\/tr><tr><td>\u0130ND\u0130RME<\/td><td>HAYIR<\/td><td>\u0130Z\u0130N<\/td><\/tr><tr><td>\u0130ND\u0130RME M\u00dcD\u00dcRLER\u0130 \u0130\u00c7\u0130N DESTEK<\/td><td>HAYIR<\/td><td>EVET<\/td><\/tr><tr><td>ANINDA \u0130ND\u0130R<\/td><td>HAYIR<\/td><td>EVET<\/td><\/tr><\/tbody><\/table><\/figure>\n\n\n\n<h2>PREMIUM HESAPTA BULUNMAK KOLAY<\/h2>\n\n\n\n<p>Bunu yapmay\u0131 tercih ederseniz, premium bir hesap a\u00e7mak kolayd\u0131r. Easybytez&#8217;in web sitesinde, web sayfas\u0131n\u0131n \u00fcst\u00fcnde bulunan PREMIUM sekmesine t\u0131klaman\u0131z yeterlidir. Bu sizi kay\u0131t sayfas\u0131na g\u00f6t\u00fcr\u00fcr. Gerekli ve \u00f6nemli bilgileri doldurun, aboneli\u011finizin s\u00fcresini se\u00e7in ve \u00f6deme y\u00f6ntemleri sizin i\u00e7in sa\u011flanacakt\u0131r. Hesap bilgilerinizle birlikte kayd\u0131n\u0131z\u0131n onaylanmas\u0131 i\u00e7in de size bir e-posta g\u00f6nderilecektir.<\/p>\n\n\n\n<figure class=\"wp-block-image\"><img src=\"https:\/\/lh6.googleusercontent.com\/XbpNEtdZIwyLYqDb6VDaBfktDsH_4QFTTdxK_4JYpbvaryOdF2KqUAK-mJm6sfLFfUWbYCA6ESdCTpwelxYWwg-yFOp_ZxStE14vbCRgj9fgS39BWocuoHNxqQ6zg72MQWdCtR4\" alt=\"Easybytez premium account link\"\/><\/figure>\n\n\n\n<figure class=\"wp-block-image\"><img src=\"https:\/\/lh5.googleusercontent.com\/w3uqvoyy9XNtC6Gd_seRXm2oGWEmKi9Mgm6elv3umo3eQ21EWsymgjp7gS_iNMI6MmNeKs1TVuH51iGm-5J8wp2fZe_1xg9jIoQedv6-J-ef4xSrfmIu3ZaBJS4TGozQnE8Tqic\" alt=\"Easybytez user registration form\"\/><\/figure>\n\n\n\n<p>H\u0131zl\u0131, g\u00fcvenli ve \u00e7o\u011fu zaman \u00f6deme an\u0131nda oldu\u011fu i\u00e7in kredi kart\u0131 ile \u00f6deme yap\u0131lmas\u0131 \u00f6nerilir. Ancak kredi kart\u0131n\u0131z yoksa, Paypal \u00fczerinden \u00f6deme yapman\u0131z \u00f6nerilir. \u00d6deme y\u00f6ntemleri ve abonelik planlar\u0131 a\u015fa\u011f\u0131da listelenmi\u015ftir.<\/p>\n\n\n\n<figure class=\"wp-block-table\"><table class=\"\"><tbody><tr><td>7 g\u00fcnl\u00fck premium<\/td><td>30 g\u00fcnl\u00fck premium<\/td><td>90 g\u00fcnl\u00fck premium<\/td><td>180 g\u00fcnl\u00fck premium<\/td><td>365 g\u00fcnl\u00fck premium<\/td><\/tr><tr><td>$3.99<\/td><td>$7.99<\/td><td>$17.99<\/td><td>$29.99<\/td><td>$54.99<\/td><\/tr><\/tbody><\/table><\/figure>\n\n\n\n<figure class=\"wp-block-image\"><img src=\"https:\/\/lh6.googleusercontent.com\/2cW4_B8fAFVEit8qPeWTkTYLv4VYbm0HSLnm24RPfRMPZE0-CoeF2ejrZosb5aF8Hp2KpD2A4cVupO70JC4qqYKNHpEjXqRR-Zwi1DlPI7vLdXl19eGEocdHHKHH5q2xjL_Mtek\" alt=\"Easybytez payment methods\"\/><\/figure>\n\n\n\n<h2>EASYBYTEZ G\u00dcVENL\u0130 M\u0130?<\/h2>\n\n\n\n<p>Easybytez, kullan\u0131c\u0131lar\u0131 taraf\u0131ndan kredi kart\u0131 bilgileri veya e-posta adresiniz gibi payla\u015f\u0131lan t\u00fcm bilgilerin g\u00fcvenli olmas\u0131n\u0131 sa\u011flar. Sahip olduklar\u0131 bilgiler asla kimseyle payla\u015f\u0131lmaz. Y\u00fckledi\u011finiz dosyalar bile, izniniz olmadan dosyalar\u0131n\u0131za eri\u015fmeye \u00e7al\u0131\u015fan bilgisayar korsanlar\u0131na kar\u015f\u0131 korunur ve korunur. Sizi ve dosyalar\u0131n\u0131z\u0131n gizlili\u011fini korumak i\u00e7in geli\u015fmi\u015f dosya \u015fifreleme ve g\u00fcvenlik protokolleri uygulan\u0131r. Sunuculara herhangi bir dosya y\u00fcklenmesine izin verilirken, k\u00f6t\u00fc ama\u00e7l\u0131 yaz\u0131l\u0131mlar\u0131 veya \u015f\u00fcpheli etkinlikleri izlemek i\u00e7in ilk dosya taramas\u0131 ba\u015flat\u0131l\u0131r. Veri kayb\u0131n\u0131 \u00f6nlemek i\u00e7in s\u00fcrekli bak\u0131m da uygulan\u0131r. Sunuculara y\u00fcklenen ve saklanan t\u00fcm dosyalar kullan\u0131c\u0131n\u0131n mal\u0131d\u0131r ve Easybytez hi\u00e7bir \u015fekilde bu dosyaya m\u00fcdahale etmez. Yedekleme ve \u00e7evrimi\u00e7i depolama ihtiya\u00e7lar\u0131n\u0131z i\u00e7in zamandan ve maliyetlerden tasarruf etmek i\u00e7in Easybytez&#8217;in g\u00fcvenlik y\u00f6ntemlerinin uyguland\u0131\u011f\u0131na her zaman g\u00fcvenebilirsiniz.<\/p>\n\n\n<a class=\"maxbutton-2 maxbutton maxbutton-cta\" target=\"_blank\" rel=\"nofollow noopener\" href=\"\/go\/\"><span class='mb-text'>&gt;&gt; Orijinal Linkifier Web Sitesine Git<\/span><\/a>\n\n\n<p><\/p>\n","protected":false},"excerpt":{"rendered":"<p>Easybytez her zaman, her yerde dosya indirme ve kar\u015f\u0131ya y\u00fckleme sunan bir dosya bar\u0131nd\u0131rma sa\u011flay\u0131c\u0131s\u0131d\u0131r. Foto\u011fraflar, videolar, belgeler ve ar\u015fivlenmi\u015f<\/p>\n","protected":false},"author":2,"featured_media":0,"parent":0,"menu_order":0,"comment_status":"closed","ping_status":"closed","template":"","meta":[],"yoast_head":"<!-- This site is optimized with the Yoast SEO plugin v18.3 - https:\/\/yoast.com\/wordpress\/plugins\/seo\/ -->\n<title>Easybytez Premium Hesap: Bir Bak\u0131\u015fta Filehoster<\/title>\n<meta name=\"description\" content=\"Easybytez sayg\u0131n bir sa\u011flay\u0131c\u0131 m\u0131 de\u011fil mi, cevab\u0131 Multihoster.org&#039;daki mevcut testte bulabilirsiniz \u279c \u015eimdi t\u0131klay\u0131n \u271a deneyimlerimizi okumak i\u00e7in!\" \/>\n<meta name=\"robots\" content=\"index, follow, max-snippet:-1, max-image-preview:large, max-video-preview:-1\" \/>\n<link rel=\"canonical\" href=\"https:\/\/multihoster.org\/tr\/easybytez-2\/\" \/>\n<meta property=\"og:locale\" content=\"tr_TR\" \/>\n<meta property=\"og:type\" content=\"article\" \/>\n<meta property=\"og:title\" content=\"Easybytez Premium Hesap: Bir Bak\u0131\u015fta Filehoster\" \/>\n<meta property=\"og:description\" content=\"Easybytez sayg\u0131n bir sa\u011flay\u0131c\u0131 m\u0131 de\u011fil mi, cevab\u0131 Multihoster.org&#039;daki mevcut testte bulabilirsiniz \u279c \u015eimdi t\u0131klay\u0131n \u271a deneyimlerimizi okumak i\u00e7in!\" \/>\n<meta property=\"og:url\" content=\"https:\/\/multihoster.org\/tr\/easybytez-2\/\" \/>\n<meta property=\"og:site_name\" content=\"Multihoster.org\" \/>\n<meta property=\"article:modified_time\" content=\"2020-04-22T11:39:15+00:00\" \/>\n<meta property=\"og:image\" content=\"https:\/\/lh3.googleusercontent.com\/7sfcXzV_u2BPeouW-wuBjXqm-MqY932QRkL-JyOSuK8zPkTenI_E2y9N1CSskXlVvXUk4p9xSKJGO8Sf6Ih44wVJ_hMs6n57ybNKpCeG-IQrrKkupcu--8JouUcWxCYFXSUN36E\" \/>\n<meta name=\"twitter:card\" content=\"summary\" \/>\n<meta name=\"twitter:label1\" content=\"Tahmini okuma s\u00fcresi\" \/>\n\t<meta name=\"twitter:data1\" content=\"9 dakika\" \/>\n<script type=\"application\/ld+json\" class=\"yoast-schema-graph\">{\"@context\":\"https:\/\/schema.org\",\"@graph\":[{\"@type\":\"WebSite\",\"@id\":\"https:\/\/multihoster.org\/#website\",\"url\":\"https:\/\/multihoster.org\/\",\"name\":\"Multihoster.org\",\"description\":\"Reviews of the major Filehosting services\",\"potentialAction\":[{\"@type\":\"SearchAction\",\"target\":{\"@type\":\"EntryPoint\",\"urlTemplate\":\"https:\/\/multihoster.org\/?s={search_term_string}\"},\"query-input\":\"required name=search_term_string\"}],\"inLanguage\":\"tr\"},{\"@type\":\"ImageObject\",\"@id\":\"https:\/\/multihoster.org\/tr\/easybytez-2\/#primaryimage\",\"inLanguage\":\"tr\",\"url\":\"https:\/\/lh3.googleusercontent.com\/7sfcXzV_u2BPeouW-wuBjXqm-MqY932QRkL-JyOSuK8zPkTenI_E2y9N1CSskXlVvXUk4p9xSKJGO8Sf6Ih44wVJ_hMs6n57ybNKpCeG-IQrrKkupcu--8JouUcWxCYFXSUN36E\",\"contentUrl\":\"https:\/\/lh3.googleusercontent.com\/7sfcXzV_u2BPeouW-wuBjXqm-MqY932QRkL-JyOSuK8zPkTenI_E2y9N1CSskXlVvXUk4p9xSKJGO8Sf6Ih44wVJ_hMs6n57ybNKpCeG-IQrrKkupcu--8JouUcWxCYFXSUN36E\"},{\"@type\":\"WebPage\",\"@id\":\"https:\/\/multihoster.org\/tr\/easybytez-2\/#webpage\",\"url\":\"https:\/\/multihoster.org\/tr\/easybytez-2\/\",\"name\":\"Easybytez Premium Hesap: Bir Bak\u0131\u015fta Filehoster\",\"isPartOf\":{\"@id\":\"https:\/\/multihoster.org\/#website\"},\"primaryImageOfPage\":{\"@id\":\"https:\/\/multihoster.org\/tr\/easybytez-2\/#primaryimage\"},\"datePublished\":\"2020-04-22T09:42:02+00:00\",\"dateModified\":\"2020-04-22T11:39:15+00:00\",\"description\":\"Easybytez sayg\u0131n bir sa\u011flay\u0131c\u0131 m\u0131 de\u011fil mi, cevab\u0131 Multihoster.org'daki mevcut testte bulabilirsiniz \u279c \u015eimdi t\u0131klay\u0131n \u271a deneyimlerimizi okumak i\u00e7in!\",\"breadcrumb\":{\"@id\":\"https:\/\/multihoster.org\/tr\/easybytez-2\/#breadcrumb\"},\"inLanguage\":\"tr\",\"potentialAction\":[{\"@type\":\"ReadAction\",\"target\":[\"https:\/\/multihoster.org\/tr\/easybytez-2\/\"]}]},{\"@type\":\"BreadcrumbList\",\"@id\":\"https:\/\/multihoster.org\/tr\/easybytez-2\/#breadcrumb\",\"itemListElement\":[{\"@type\":\"ListItem\",\"position\":1,\"name\":\"Startseite\",\"item\":\"https:\/\/multihoster.org\/tr\/\"},{\"@type\":\"ListItem\",\"position\":2,\"name\":\"Easybytez Premium Hesap: Bir Bak\u0131\u015fta Filehoster\"}]}]}<\/script>\n<!-- \/ Yoast SEO plugin. -->","yoast_head_json":{"title":"Easybytez Premium Hesap: Bir Bak\u0131\u015fta Filehoster","description":"Easybytez sayg\u0131n bir sa\u011flay\u0131c\u0131 m\u0131 de\u011fil mi, cevab\u0131 Multihoster.org'daki mevcut testte bulabilirsiniz \u279c \u015eimdi t\u0131klay\u0131n \u271a deneyimlerimizi okumak i\u00e7in!","robots":{"index":"index","follow":"follow","max-snippet":"max-snippet:-1","max-image-preview":"max-image-preview:large","max-video-preview":"max-video-preview:-1"},"canonical":"https:\/\/multihoster.org\/tr\/easybytez-2\/","og_locale":"tr_TR","og_type":"article","og_title":"Easybytez Premium Hesap: Bir Bak\u0131\u015fta Filehoster","og_description":"Easybytez sayg\u0131n bir sa\u011flay\u0131c\u0131 m\u0131 de\u011fil mi, cevab\u0131 Multihoster.org'daki mevcut testte bulabilirsiniz \u279c \u015eimdi t\u0131klay\u0131n \u271a deneyimlerimizi okumak i\u00e7in!","og_url":"https:\/\/multihoster.org\/tr\/easybytez-2\/","og_site_name":"Multihoster.org","article_modified_time":"2020-04-22T11:39:15+00:00","og_image":[{"url":"https:\/\/lh3.googleusercontent.com\/7sfcXzV_u2BPeouW-wuBjXqm-MqY932QRkL-JyOSuK8zPkTenI_E2y9N1CSskXlVvXUk4p9xSKJGO8Sf6Ih44wVJ_hMs6n57ybNKpCeG-IQrrKkupcu--8JouUcWxCYFXSUN36E"}],"twitter_card":"summary","twitter_misc":{"Tahmini okuma s\u00fcresi":"9 dakika"},"schema":{"@context":"https:\/\/schema.org","@graph":[{"@type":"WebSite","@id":"https:\/\/multihoster.org\/#website","url":"https:\/\/multihoster.org\/","name":"Multihoster.org","description":"Reviews of the major Filehosting services","potentialAction":[{"@type":"SearchAction","target":{"@type":"EntryPoint","urlTemplate":"https:\/\/multihoster.org\/?s={search_term_string}"},"query-input":"required name=search_term_string"}],"inLanguage":"tr"},{"@type":"ImageObject","@id":"https:\/\/multihoster.org\/tr\/easybytez-2\/#primaryimage","inLanguage":"tr","url":"https:\/\/lh3.googleusercontent.com\/7sfcXzV_u2BPeouW-wuBjXqm-MqY932QRkL-JyOSuK8zPkTenI_E2y9N1CSskXlVvXUk4p9xSKJGO8Sf6Ih44wVJ_hMs6n57ybNKpCeG-IQrrKkupcu--8JouUcWxCYFXSUN36E","contentUrl":"https:\/\/lh3.googleusercontent.com\/7sfcXzV_u2BPeouW-wuBjXqm-MqY932QRkL-JyOSuK8zPkTenI_E2y9N1CSskXlVvXUk4p9xSKJGO8Sf6Ih44wVJ_hMs6n57ybNKpCeG-IQrrKkupcu--8JouUcWxCYFXSUN36E"},{"@type":"WebPage","@id":"https:\/\/multihoster.org\/tr\/easybytez-2\/#webpage","url":"https:\/\/multihoster.org\/tr\/easybytez-2\/","name":"Easybytez Premium Hesap: Bir Bak\u0131\u015fta Filehoster","isPartOf":{"@id":"https:\/\/multihoster.org\/#website"},"primaryImageOfPage":{"@id":"https:\/\/multihoster.org\/tr\/easybytez-2\/#primaryimage"},"datePublished":"2020-04-22T09:42:02+00:00","dateModified":"2020-04-22T11:39:15+00:00","description":"Easybytez sayg\u0131n bir sa\u011flay\u0131c\u0131 m\u0131 de\u011fil mi, cevab\u0131 Multihoster.org'daki mevcut testte bulabilirsiniz \u279c \u015eimdi t\u0131klay\u0131n \u271a deneyimlerimizi okumak i\u00e7in!","breadcrumb":{"@id":"https:\/\/multihoster.org\/tr\/easybytez-2\/#breadcrumb"},"inLanguage":"tr","potentialAction":[{"@type":"ReadAction","target":["https:\/\/multihoster.org\/tr\/easybytez-2\/"]}]},{"@type":"BreadcrumbList","@id":"https:\/\/multihoster.org\/tr\/easybytez-2\/#breadcrumb","itemListElement":[{"@type":"ListItem","position":1,"name":"Startseite","item":"https:\/\/multihoster.org\/tr\/"},{"@type":"ListItem","position":2,"name":"Easybytez Premium Hesap: Bir Bak\u0131\u015fta Filehoster"}]}]}},"_links":{"self":[{"href":"https:\/\/multihoster.org\/tr\/wp-json\/wp\/v2\/pages\/4199"}],"collection":[{"href":"https:\/\/multihoster.org\/tr\/wp-json\/wp\/v2\/pages"}],"about":[{"href":"https:\/\/multihoster.org\/tr\/wp-json\/wp\/v2\/types\/page"}],"author":[{"embeddable":true,"href":"https:\/\/multihoster.org\/tr\/wp-json\/wp\/v2\/users\/2"}],"replies":[{"embeddable":true,"href":"https:\/\/multihoster.org\/tr\/wp-json\/wp\/v2\/comments?post=4199"}],"version-history":[{"count":3,"href":"https:\/\/multihoster.org\/tr\/wp-json\/wp\/v2\/pages\/4199\/revisions"}],"predecessor-version":[{"id":4232,"href":"https:\/\/multihoster.org\/tr\/wp-json\/wp\/v2\/pages\/4199\/revisions\/4232"}],"wp:attachment":[{"href":"https:\/\/multihoster.org\/tr\/wp-json\/wp\/v2\/media?parent=4199"}],"curies":[{"name":"wp","href":"https:\/\/api.w.org\/{rel}","templated":true}]}}