{"id":4241,"date":"2020-04-22T11:30:45","date_gmt":"2020-04-22T11:30:45","guid":{"rendered":"https:\/\/multihoster.org\/yuvutu\/"},"modified":"2020-04-22T15:36:31","modified_gmt":"2020-04-22T15:36:31","slug":"yuvutu","status":"publish","type":"page","link":"https:\/\/multihoster.org\/tr\/yuvutu\/","title":{"rendered":"Yuvutu Premium Hesap: Bir Bak\u0131\u015fta En \u0130yi Ak\u0131\u015f Sitesi"},"content":{"rendered":"\n<div class=\"wp-block-image\"><figure class=\"aligncenter\"><img src=\"https:\/\/lh5.googleusercontent.com\/ksS0ngJd_qKDwy5l-mYDrqPQU6ueIVHGZOFdfmxVLcbxiBXqjSVR4K0_Hn078Vvkoy_qdsFqx0RIGuNvEuyxbd2fgJS9FmPQYkoQ9RA47DyGh5reN8tGpEobW4Tw6QNkJaRunA9M\" alt=\"Yuvutu Premium Account: The Best Streaming Site at a Glance\"\/><\/figure><\/div>\n\n\n\n<p>Orada bir\u00e7ok yeti\u015fkin video web sitesi var ve HD yeti\u015fkin videolar\u0131 kolayca trend oldu, ancak hepimiz biliyoruz ki bu senaryolu videolar zaman ge\u00e7tik\u00e7e daha kli\u015fe hale geliyor. Ara\u015ft\u0131rmalar, porno izleyen insanlar\u0131n \u00e7o\u011funlu\u011funun aramalar\u0131n\u0131 sadece videolar\u0131n veya porno y\u0131ld\u0131zlar\u0131n\u0131n kendilerine dayand\u0131\u011f\u0131n\u0131 de\u011fil. Ger\u00e7ek\u00e7i videolar\u0131 senaryo yaz\u0131lanlardan daha \u00e7ok tercih eden \u00e7ok say\u0131da insan var.<\/p>\n\n\n\n<p>Yeti\u015fkin videolar\u0131 art\u0131k \u00e7ok yol kat etti. \u015eu anda gen\u00e7 izleyiciler aras\u0131nda pop\u00fcler olan VR porno videolar\u0131 var. Bir di\u011feri, oyuncular\u0131n bir sonraki sahnede ne yapaca\u011f\u0131n\u0131n size ba\u011fl\u0131 oldu\u011fu interaktif videolar. Ger\u00e7ekten \u00e7ok cazip ama \u00e7ok do\u011fal de\u011fil mi? Porno end\u00fcstrisi daha b\u00fcy\u00fck iyilik i\u00e7in geli\u015fmi\u015f olabilir, ancak i\u00e7eriklerinde bu t\u00fcr karma\u015f\u0131k programlar\u0131 kullanarak potansiyel izleyicileri daralt\u0131yor.<\/p>\n\n\n\n<p>Porno end\u00fcstrisinin geli\u015ftirdi\u011fi t\u00fcm bu \u015feylerle, yeti\u015fkin videolar\u0131n\u0131n ana fikrine sad\u0131k kalan porno siteleri hala var. Yuvutu, web sitelerinde bir \u015fekilde yanabilecek her t\u00fcrl\u00fc insana hitap etmeyi ama\u00e7lamaktad\u0131r.<\/p>\n\n\n<a class=\"maxbutton-2 maxbutton maxbutton-cta\" target=\"_blank\" rel=\"nofollow noopener\" href=\"\/go\/\"><span class='mb-text'>&gt;&gt; Orijinal Linkifier Web Sitesine Git<\/span><\/a>\n\n\n<p><\/p>\n\n\n\n<h2>Yuvutu nedir?<\/h2>\n\n\n\n<p>Yuvutu, amat\u00f6r porno videolar\u0131 s\u00f6z konusu oldu\u011funda bir web sitesi. D\u00fcnyan\u0131n d\u00f6rt bir yan\u0131ndaki farkl\u0131 kullan\u0131c\u0131lardan binlerce yeti\u015fkin videosundan olu\u015fan bir k\u00fct\u00fcphaneden olu\u015fur. Ayr\u0131ca ev yap\u0131m\u0131 videolar\u0131n\u0131z\u0131 kendiniz y\u00fckleyebilir ve binlerce ba\u015fka kullan\u0131c\u0131yla payla\u015fabilirsiniz. Yuvutu sadece amat\u00f6r yeti\u015fkin videolar\u0131n\u0131n bir ar\u015fivi de\u011fil ayn\u0131 zamanda blog yazabilece\u011finiz, di\u011fer insanlarla tan\u0131\u015fabilece\u011finiz ve yeni arkada\u015flar edinebilece\u011finiz bir yer.<\/p>\n\n\n\n<p>Yuvutu&#8217;nun \u00e7ok ferahlat\u0131c\u0131 bir yakla\u015f\u0131m\u0131 var. Geleneksel HD porno siteleri gibi de\u011fil, Yuvutu web sitesinde daha s\u00fcr\u00fckleyici ve do\u011fal bir his sunuyor. Yuvutu, bu iyi g\u00f6r\u00fcn\u00fcml\u00fc porno y\u0131ld\u0131zlar\u0131n\u0131 sergilemez, bunun yerine normal insanlara kendi yeti\u015fkin videolar\u0131n\u0131 y\u00fcklemelerine ve \u00fcretmelerine izin vererek porno end\u00fcstrisinde \u00e7ekim yapma \u015fans\u0131 verir. K\u00fct\u00fcphane temel olarak ev yap\u0131m\u0131 videolardan olu\u015fur. En sevdi\u011finiz Latina porno y\u0131ld\u0131z\u0131n\u0131 burada beklemeyin. Yuvutu&#8217;da sizin gibi normal insanlar olanlar\u0131 fark ederler.<\/p>\n\n\n\n<h2>Yuvutu Hakk\u0131nda Sevdi\u011fimiz \u015eeyler<\/h2>\n\n\n\n<h3>Yuvutu ve E\u015fsiz \u0130\u00e7indekiler K\u00fct\u00fcphanesi<\/h3>\n\n\n\n<p>\u015ea\u015f\u0131rt\u0131c\u0131 olmayan bir \u015fekilde, Yuvutu&#8217;nun gezegen \u00e7evresinde geni\u015f bir kitle yelpazesi var. Her ya\u015ftan demografik menzil. Bu, internetin hala daha d\u00fc\u015f\u00fck kaliteli cihazlarla \u00e7ekilmi\u015f gibi g\u00f6r\u00fcnen daha ger\u00e7ek\u00e7i videolara girdi\u011fini g\u00f6steriyor. Ger\u00e7ekte, Yuvutu\u2019nun temyizidir. Porno hakk\u0131nda konu\u015ftu\u011fumuzda akla ilk gelen, Pornhub veya Spankbang gibi sitelerdir. Tabii ki HD videolar kalitesi nedeniyle \u00e7ok e\u011flenceli \u00e7\u00fcnk\u00fc d\u00fcr\u00fcst olmak gerekirse her porno sitesinde ne i\u00e7in geldi\u011fimizi ger\u00e7ekten g\u00f6rmek istiyoruz. Ancak hikayenin ve sahnelerin \u00e7ok \u00f6ng\u00f6r\u00fclebilir ve kli\u015feli olmas\u0131 heyecan\u0131 azalt\u0131r. Yuvutu bizi s\u0131radan insanlar\u0131n ve onlar\u0131n karanl\u0131k sonras\u0131 faaliyetlerinin daha s\u00fcr\u00fckleyici d\u00fcnyas\u0131na getiriyor. VideoBox ile birlikte VOD b\u00f6l\u00fcm\u00fc, bir Yuvutu Premium hesab\u0131 alarak video ak\u0131\u015f\u0131n\u0131n daha kolay bir yolunu ekler.<\/p>\n\n\n\n<figure class=\"wp-block-image\"><img src=\"https:\/\/lh3.googleusercontent.com\/YXGvwqX6IsjgPzcQQWPunCdHAv-JDBy9HlavQ6IbmtWdj1DV5KtvTzAiSOEX66_cLg3GvoNUp0xMVM3zB5mqCms_NOPZIxeHD5HH-ARrhwd-CtEApayx8218eLfhl3-UR_yKYm2L\" alt=\"Yuvutu Videos Library\"\/><\/figure>\n\n\n\n<h3>Basit Web Siteleriyle Yuvutu<\/h3>\n\n\n\n<p>Yak\u0131ndan bakarsan\u0131z, Yuvutu web sitesi \u00e7ok basittir. Hatta \u00e7ok ilkel oldu\u011funu bile s\u00f6yleyebiliriz. Bu da web sitesinin cazibesine eklendi. Web sitesinin temel tasar\u0131m\u0131, insanlar\u0131n \u00e7o\u011funlu\u011fu i\u00e7in daha az korkutucu hale getirir. Tasar\u0131mla birlikte, daha fazla ki\u015fi kendi i\u00e7eriklerini ke\u015ffetme ve y\u00fckleme ile ilgileniyor. Yuvutu&#8217;nun bu kalitesi, kitlelere hitap ediyor ve internetteki en b\u00fcy\u00fck canl\u0131 kamera web sitelerinden biri haline getiriyor.<\/p>\n\n\n\n<h3>Yuvutu En \u0130yi Canl\u0131 Kameralardan Birine Sahiptir<\/h3>\n\n\n\n<p>Yuvutu kaliteli canl\u0131 kameralara ev sahipli\u011fi yapar. \u0130nternette pop\u00fcler hale gelen ve k\u00f6kleri Yuvutu&#8217;dan olan birka\u00e7 video var. Bir anlamda, t\u00fcm Yuvutu k\u00fct\u00fcphanesi, her biri kendi tarz\u0131nda benzersiz olan kaliteli kameralardan olu\u015fan bir gruptur. Bu canl\u0131 kameralar\u0131n ana akt\u00f6rleri izleyiciler ve aboneler olduklar\u0131 i\u00e7in, s\u0131cak MILF&#8217;lerden sadece \u015firket isteyen s\u0131cak ebonilere kadar arad\u0131\u011f\u0131n\u0131z her \u015feyi bulabilirsiniz. Ayr\u0131ca, kullan\u0131c\u0131lar aras\u0131nda etkile\u015fimler de sa\u011flayabilir. Zaman\u0131n\u0131z\u0131 canl\u0131 kameralar\u0131 izleyerek ge\u00e7irebilir veya kendi canl\u0131 \u015fovunuzu yap\u0131p kendi izleyicilerinizi ve hayranlar\u0131n\u0131z\u0131 toplayabilirsiniz.<\/p>\n\n\n<a class=\"maxbutton-2 maxbutton maxbutton-cta\" target=\"_blank\" rel=\"nofollow noopener\" href=\"\/go\/\"><span class='mb-text'>&gt;&gt; Orijinal Linkifier Web Sitesine Git<\/span><\/a>\n\n\n<h3>Yuvutu ve Kalabal\u0131k Toplulu\u011fu<\/h3>\n\n\n\n<p>Yuvutu hayal edebilece\u011finiz her insandan olu\u015fur. Site, abonelerinin birbirine kar\u0131\u015fmas\u0131 i\u00e7in bir\u00e7ok yol sunuyor. Canl\u0131 Sohbetler buna bir \u00f6rnektir. Canl\u0131 Sohbet ile d\u00fcnyadaki t\u0131pk\u0131 sizin gibi bir \u015firket isteyen di\u011fer insanlarla tan\u0131\u015fabilirsiniz. Topluluk d\u00fcnyadaki \u00e7e\u015fitli insanlardan olu\u015ftu\u011fu i\u00e7in, Canl\u0131 Sohbetler deniza\u015f\u0131r\u0131 etkile\u015fimler i\u00e7in bir pencere a\u00e7ar. Forumlar, herhangi bir konuda fikirlerini ve d\u00fc\u015f\u00fcncelerini payla\u015fmak i\u00e7in farkl\u0131 kullan\u0131c\u0131larla bir araya gelmenin ba\u015fka bir yoludur. Buras\u0131 ayn\u0131 zamanda y\u00f6neticilerin web sitesini geli\u015ftirmek i\u00e7in herhangi bir \u00f6neri ald\u0131klar\u0131 yerdir. Blog b\u00f6l\u00fcm\u00fc, toplulu\u011fun di\u011fer \u00fcyeleriyle ileti\u015fim kurman\u0131n ba\u015fka bir yoludur. Bir tarih mi buldun? blogunuza yaz\u0131n. Son zamanlarda hissetti\u011finiz \u015feyleri payla\u015fmak istiyorsan\u0131z, size kalm\u0131\u015f.<\/p>\n\n\n\n<figure class=\"wp-block-image\"><img src=\"https:\/\/lh3.googleusercontent.com\/qydOcysoQej5b7ysuajTE-4YAQVm9OGfNz4jnMelMSgvvIXJ9hEJ4skrRGHYC9qybITYoND184DK3bQkMfpQoNUqCpI5sZV48qy7nrwjNtWW_JGsH-hiNsgZj_I7ePGzdofpUvyM\" alt=\"Yuvutu Blog page\"\/><\/figure>\n\n\n\n<h3>Yuvutu ayn\u0131 zamanda bir Arkada\u015fl\u0131k Sitesi<\/h3>\n\n\n\n<p>\u0130ster inan\u0131n ister inanmay\u0131n, Yuvutu da bir tan\u0131\u015fma sitesidir. Web sitesi yaln\u0131zca yeti\u015fkinlere uygun video i\u00e7eri\u011fine odaklanm\u0131\u015f gibi g\u00f6r\u00fcnse de, arad\u0131\u011f\u0131n\u0131z \u00f6zel ki\u015fiyi bulmak i\u00e7in de harika bir yoldur. Yuvutu, \u00fcyelerinin ma\u00e7lar\u0131n\u0131 bulmas\u0131na ve bazen kendi tarihlerini almas\u0131na izin verir. Herhangi bir arkada\u015fl\u0131k uygulamas\u0131 gibi, Yuvutu da insanlar\u0131 s\u0131ralaman\u0131z ve arad\u0131\u011f\u0131n\u0131z bir ki\u015fiyi bulman\u0131z i\u00e7in se\u00e7enekler sunar. Arkada\u015f b\u00f6l\u00fcm\u00fc, araman\u0131z\u0131 daraltmak i\u00e7in kullanabilece\u011finiz bir\u00e7ok \u00f6zelli\u011fe sahiptir. Cinsiyet, cinsel tercih, ya\u015f ve hatta konumdan her \u015fey, e\u015fle\u015ftirme \u00f6zelli\u011fini tamamen optimize etmek i\u00e7in kendi tercihinizi ayarlayabilirsiniz. Ayr\u0131ca i\u00e7inde herhangi bir sosyal medya veya tan\u0131\u015fma sitesi gibi bir profil sayfas\u0131 vard\u0131r.<\/p>\n\n\n\n<figure class=\"wp-block-image\"><img src=\"https:\/\/lh6.googleusercontent.com\/N8wWY7PHkjMaxYZVZfF98b3fTGQ3l5tfUktw_lWHqbMIEVBoBN7ho7U8XZ2J-nOHFU_PEK9Kc_ZhDg-19dTubKbmly50p1FbG2GMCaXCx8yb0x8JvRTach0UtAtY13hqC68HBMLH\" alt=\"Yuvutu Dating window\"\/><\/figure>\n\n\n\n<h2>Yuvutu Premium: Neden Abone Olmal\u0131s\u0131n\u0131z?<\/h2>\n\n\n\n<p>Yuvutu Premium, web sitesini desteklemenin bir yoludur. Bir Yuvutu Premium hesab\u0131na sahip oldu\u011funuzda, Yuvutu deneyiminizi daha kolay ve daha e\u011flenceli hale getirebilecek farkl\u0131 avantajlar elde edersiniz. Bir Yuvutu Premium hesap sahibi, Yuvutu K\u00fct\u00fcphanesi&#8217;ndeki \u00e7ok say\u0131da videoyu izlemeye ve g\u00f6z atmaya tamamen dalm\u0131\u015f olmalar\u0131 i\u00e7in \u00e7e\u015fitli \u00f6zelliklerden yararlanabilir.<\/p>\n\n\n\n<p>Bir Yuvutu Premium hesap sahibi olarak, size a\u015fa\u011f\u0131daki yetkiler verilir.<\/p>\n\n\n\n<p><strong>HD Videolar<\/strong><\/p>\n\n\n\n<p>Yuvutu Premium hesap sahipleri Y\u00fcksek \u00c7\u00f6z\u00fcn\u00fcrl\u00fckte yeti\u015fkin videolar\u0131n\u0131 izleyebilir ve keyfini \u00e7\u0131karabilir. Videolar\u0131n hepsi amat\u00f6r olsa da, Yuvutu&#8217;nun kullan\u0131c\u0131lar\u0131n\u0131n ge\u00e7mi\u015f zamanlar\u0131n\u0131zda e\u011flenmeleri i\u00e7in hala geni\u015f bir HD video listesi var. Evet, do\u011fru, y\u00fcksek kaliteli kameralar\u0131 ve videolar\u0131 var. \u00c7ok zor g\u00f6r\u00fcn\u00fcyor ama hepsini kendiniz kontrol edebilirsiniz.<\/p>\n\n\n\n<p><strong>Reklams\u0131z<\/strong><\/p>\n\n\n\n<p>Yuvutu Premium hesap sahipleri, reklamlardan ve di\u011fer pop-up&#8217;lardan rahats\u0131z olmadan yeti\u015fkin videolar\u0131n\u0131 izlemenin keyfini \u00e7\u0131karabilir. Kaliteli amat\u00f6r videolar\u0131 \u00f6zg\u00fcrce ve kesintisiz olarak izleyin. Gerilemeyen reklamlar ve rastgele ba\u011flant\u0131lar arac\u0131l\u0131\u011f\u0131yla m\u00fccadele etmeye gerek yok. Sadece baz\u0131 iyi eski Yuvutu ve so\u011fuk.<\/p>\n\n\n\n<p><strong>Canl\u0131 Sohbetler<\/strong><\/p>\n\n\n\n<p>Yuvutu Premium&#8217;un aranan \u00f6zelliklerinden biri Canl\u0131 Sohbet \u00f6zelli\u011fidir. Bu Canl\u0131 Sohbet, di\u011fer \u00fcyeler ve y\u00fckleyicilerle kar\u0131\u015fman\u0131za ve arkada\u015f olman\u0131za olanak tan\u0131r. Canl\u0131 sohbetler 7\/24 a\u00e7\u0131kt\u0131r, b\u00f6ylece arkada\u015f olabilece\u011finiz yeni insanlarla tan\u0131\u015fabilirsiniz.<\/p>\n\n\n\n<p><strong>Canl\u0131 Kameralar<\/strong><\/p>\n\n\n\n<p>Yuvutu Premium toplulu\u011fu Canl\u0131 Kameralara eri\u015fim de sunuyor. Bunlar d\u00fcnyan\u0131n d\u00f6rt bir yan\u0131ndaki farkl\u0131 kullan\u0131c\u0131lar\u0131n canl\u0131 \u015fovlar\u0131d\u0131r. Ayr\u0131ca kendi canl\u0131 ak\u0131\u015f\u0131n\u0131za sahip olabilir ve kendi izleyicilerinizi ve takip\u00e7ilerinizi toplayabilirsiniz.<\/p>\n\n\n\n<p><strong>Forums<\/strong><\/p>\n\n\n\n<p>Yuvutu Premium hesap sahiplerinin forumlar\u0131nda tart\u0131\u015fmalar\u0131na izin verilir. Toplulukla etkile\u015fim kurman\u0131n ve sitenin web sitesini ve m\u00fc\u015fterilere ve kullan\u0131c\u0131lar\u0131n hizmetlerini daha da iyile\u015ftirmek i\u00e7in \u00f6neriler aramas\u0131na izin vermenin ba\u015fka bir yoludur.<\/p>\n\n\n\n<p><strong>Daha B\u00fcy\u00fck Bant Geni\u015fli\u011fi<\/strong><\/p>\n\n\n\n<p>Yuvutu Premium hesap sahibi veri trafi\u011finde daha y\u00fcksek \u00f6nceli\u011fe sahip oldu\u011fundan, sorunsuz bir ak\u0131\u015f deneyimi sa\u011flayabilirsiniz. Premium hesap sahibi, \u00fccretsiz bir kullan\u0131c\u0131ya k\u0131yasla daha b\u00fcy\u00fck bant geni\u015fli\u011fi tahsisine sahiptir, bu da t\u00fcm videolar\u0131n daha h\u0131zl\u0131 arabelle\u011fe al\u0131nd\u0131\u011f\u0131 ve istedi\u011finiz kadar ak\u0131\u015f ger\u00e7ekle\u015ftirebilece\u011finiz anlam\u0131na gelir.<\/p>\n\n\n\n<h2>Yuvutu Premium Hesap: Kendinize Nas\u0131l Sahip Olabilirsiniz?<\/h2>\n\n\n\n<figure class=\"wp-block-image\"><img src=\"https:\/\/lh6.googleusercontent.com\/fTQs4pIIhRVSJ1ofBemQh8mfn8GrIYDHhU6FRtBBDtCQ6uIsl9I1LaR1BLB_UHLL9E9lmYCOGiguSXo8kw75N07nv2cPIUnHI63nsWzkDfawHp3qC3loAwi421UgnRtwOEyvyJCk\" alt=\"Yuvutu Premium account registration page\"\/><\/figure>\n\n\n\n<p>Yuvutu Premium&#8217;un harika avantajlar\u0131ndan yararlanmak i\u00e7in tek yapman\u0131z gereken Abone Ol sayfas\u0131nda verilen formu doldurmak. Sadece gerekli t\u00fcm bilgileri doldurup \u00f6deme penceresine devam edin. Y\u0131lda 74,95 $ gibi d\u00fc\u015f\u00fck bir miktarla Yuvutu Premium hesab\u0131n\u0131n sundu\u011fu t\u00fcm premium i\u00e7erikleri ve \u00f6zellikleri kullanabilirsiniz. \u00d6demeyi yapt\u0131ktan sonra, \u015fimdi web sitesini daha fazla ke\u015ffetmeye ve geni\u015f video kitlesiyle etkile\u015fim kurmaya ve bunlara g\u00f6z atman\u0131n keyfini \u00e7\u0131karmaya haz\u0131rs\u0131n\u0131z.<\/p>\n\n\n\n<h2>Yuvutu \u0130nceleme: Kaliteli Amat\u00f6r Videolar Portal\u0131<\/h2>\n\n\n\n<p>Bir dahaki sefere sadece eski yeti\u015fkin i\u00e7eri\u011finin tad\u0131n\u0131 \u00e7\u0131karmak i\u00e7in iyi bir site aramay\u0131 d\u00fc\u015f\u00fcn\u00fcn, neden Yuvutu web sitesini denemiyorsunuz? Yuvutu, iyi bir porno sitesinin esteti\u011finden yoksun olabilir, ancak hepimiz Canl\u0131 Kameralar\u0131n\u0131n orada en iyilerinden biri oldu\u011funu s\u00f6yleyebiliriz. Premium hizmet ucuz abonelik \u00fccretleri sunar, ancak hizmet ve \u00f6zelliklerden yoksun oldu\u011funu bilirsiniz.<\/p>\n\n\n<a class=\"maxbutton-2 maxbutton maxbutton-cta\" target=\"_blank\" rel=\"nofollow noopener\" href=\"\/go\/\"><span class='mb-text'>&gt;&gt; Orijinal Linkifier Web Sitesine Git<\/span><\/a>","protected":false},"excerpt":{"rendered":"<p>Orada bir\u00e7ok yeti\u015fkin video web sitesi var ve HD yeti\u015fkin videolar\u0131 kolayca trend oldu, ancak hepimiz biliyoruz ki bu senaryolu<\/p>\n","protected":false},"author":2,"featured_media":0,"parent":0,"menu_order":0,"comment_status":"closed","ping_status":"closed","template":"","meta":[],"yoast_head":"<!-- This site is optimized with the Yoast SEO plugin v18.3 - https:\/\/yoast.com\/wordpress\/plugins\/seo\/ -->\n<title>Yuvutu Premium Konto - Best Streaming Site w skr\u00f3cie<\/title>\n<meta name=\"description\" content=\"Czy Yuvutu jest renomowanym dostawc\u0105 czy nie, odpowied\u017a znajdziesz w aktualnym te\u015bcie na Multihoster.org \u279c Kliknij teraz \u271a aby przeczyta\u0107 nasze do\u015bwiadczenia!\" \/>\n<meta name=\"robots\" content=\"index, follow, max-snippet:-1, max-image-preview:large, max-video-preview:-1\" \/>\n<link rel=\"canonical\" href=\"https:\/\/multihoster.org\/tr\/yuvutu\/\" \/>\n<meta property=\"og:locale\" content=\"tr_TR\" \/>\n<meta property=\"og:type\" content=\"article\" \/>\n<meta property=\"og:title\" content=\"Yuvutu Premium Konto - Best Streaming Site w skr\u00f3cie\" \/>\n<meta property=\"og:description\" content=\"Czy Yuvutu jest renomowanym dostawc\u0105 czy nie, odpowied\u017a znajdziesz w aktualnym te\u015bcie na Multihoster.org \u279c Kliknij teraz \u271a aby przeczyta\u0107 nasze do\u015bwiadczenia!\" \/>\n<meta property=\"og:url\" content=\"https:\/\/multihoster.org\/tr\/yuvutu\/\" \/>\n<meta property=\"og:site_name\" content=\"Multihoster.org\" \/>\n<meta property=\"article:modified_time\" content=\"2020-04-22T15:36:31+00:00\" \/>\n<meta property=\"og:image\" content=\"https:\/\/lh5.googleusercontent.com\/ksS0ngJd_qKDwy5l-mYDrqPQU6ueIVHGZOFdfmxVLcbxiBXqjSVR4K0_Hn078Vvkoy_qdsFqx0RIGuNvEuyxbd2fgJS9FmPQYkoQ9RA47DyGh5reN8tGpEobW4Tw6QNkJaRunA9M\" \/>\n<meta name=\"twitter:card\" content=\"summary\" \/>\n<meta name=\"twitter:label1\" content=\"Tahmini okuma s\u00fcresi\" \/>\n\t<meta name=\"twitter:data1\" content=\"8 dakika\" \/>\n<script type=\"application\/ld+json\" class=\"yoast-schema-graph\">{\"@context\":\"https:\/\/schema.org\",\"@graph\":[{\"@type\":\"WebSite\",\"@id\":\"https:\/\/multihoster.org\/#website\",\"url\":\"https:\/\/multihoster.org\/\",\"name\":\"Multihoster.org\",\"description\":\"Reviews of the major Filehosting services\",\"potentialAction\":[{\"@type\":\"SearchAction\",\"target\":{\"@type\":\"EntryPoint\",\"urlTemplate\":\"https:\/\/multihoster.org\/?s={search_term_string}\"},\"query-input\":\"required name=search_term_string\"}],\"inLanguage\":\"tr\"},{\"@type\":\"ImageObject\",\"@id\":\"https:\/\/multihoster.org\/tr\/yuvutu\/#primaryimage\",\"inLanguage\":\"tr\",\"url\":\"https:\/\/lh5.googleusercontent.com\/ksS0ngJd_qKDwy5l-mYDrqPQU6ueIVHGZOFdfmxVLcbxiBXqjSVR4K0_Hn078Vvkoy_qdsFqx0RIGuNvEuyxbd2fgJS9FmPQYkoQ9RA47DyGh5reN8tGpEobW4Tw6QNkJaRunA9M\",\"contentUrl\":\"https:\/\/lh5.googleusercontent.com\/ksS0ngJd_qKDwy5l-mYDrqPQU6ueIVHGZOFdfmxVLcbxiBXqjSVR4K0_Hn078Vvkoy_qdsFqx0RIGuNvEuyxbd2fgJS9FmPQYkoQ9RA47DyGh5reN8tGpEobW4Tw6QNkJaRunA9M\"},{\"@type\":\"WebPage\",\"@id\":\"https:\/\/multihoster.org\/tr\/yuvutu\/#webpage\",\"url\":\"https:\/\/multihoster.org\/tr\/yuvutu\/\",\"name\":\"Yuvutu Premium Konto - Best Streaming Site w skr\u00f3cie\",\"isPartOf\":{\"@id\":\"https:\/\/multihoster.org\/#website\"},\"primaryImageOfPage\":{\"@id\":\"https:\/\/multihoster.org\/tr\/yuvutu\/#primaryimage\"},\"datePublished\":\"2020-04-22T11:30:45+00:00\",\"dateModified\":\"2020-04-22T15:36:31+00:00\",\"description\":\"Czy Yuvutu jest renomowanym dostawc\u0105 czy nie, odpowied\u017a znajdziesz w aktualnym te\u015bcie na Multihoster.org \u279c Kliknij teraz \u271a aby przeczyta\u0107 nasze do\u015bwiadczenia!\",\"breadcrumb\":{\"@id\":\"https:\/\/multihoster.org\/tr\/yuvutu\/#breadcrumb\"},\"inLanguage\":\"tr\",\"potentialAction\":[{\"@type\":\"ReadAction\",\"target\":[\"https:\/\/multihoster.org\/tr\/yuvutu\/\"]}]},{\"@type\":\"BreadcrumbList\",\"@id\":\"https:\/\/multihoster.org\/tr\/yuvutu\/#breadcrumb\",\"itemListElement\":[{\"@type\":\"ListItem\",\"position\":1,\"name\":\"Startseite\",\"item\":\"https:\/\/multihoster.org\/tr\/\"},{\"@type\":\"ListItem\",\"position\":2,\"name\":\"Yuvutu Premium Hesap: Bir Bak\u0131\u015fta En \u0130yi Ak\u0131\u015f Sitesi\"}]}]}<\/script>\n<!-- \/ Yoast SEO plugin. -->","yoast_head_json":{"title":"Yuvutu Premium Konto - Best Streaming Site w skr\u00f3cie","description":"Czy Yuvutu jest renomowanym dostawc\u0105 czy nie, odpowied\u017a znajdziesz w aktualnym te\u015bcie na Multihoster.org \u279c Kliknij teraz \u271a aby przeczyta\u0107 nasze do\u015bwiadczenia!","robots":{"index":"index","follow":"follow","max-snippet":"max-snippet:-1","max-image-preview":"max-image-preview:large","max-video-preview":"max-video-preview:-1"},"canonical":"https:\/\/multihoster.org\/tr\/yuvutu\/","og_locale":"tr_TR","og_type":"article","og_title":"Yuvutu Premium Konto - Best Streaming Site w skr\u00f3cie","og_description":"Czy Yuvutu jest renomowanym dostawc\u0105 czy nie, odpowied\u017a znajdziesz w aktualnym te\u015bcie na Multihoster.org \u279c Kliknij teraz \u271a aby przeczyta\u0107 nasze do\u015bwiadczenia!","og_url":"https:\/\/multihoster.org\/tr\/yuvutu\/","og_site_name":"Multihoster.org","article_modified_time":"2020-04-22T15:36:31+00:00","og_image":[{"url":"https:\/\/lh5.googleusercontent.com\/ksS0ngJd_qKDwy5l-mYDrqPQU6ueIVHGZOFdfmxVLcbxiBXqjSVR4K0_Hn078Vvkoy_qdsFqx0RIGuNvEuyxbd2fgJS9FmPQYkoQ9RA47DyGh5reN8tGpEobW4Tw6QNkJaRunA9M"}],"twitter_card":"summary","twitter_misc":{"Tahmini okuma s\u00fcresi":"8 dakika"},"schema":{"@context":"https:\/\/schema.org","@graph":[{"@type":"WebSite","@id":"https:\/\/multihoster.org\/#website","url":"https:\/\/multihoster.org\/","name":"Multihoster.org","description":"Reviews of the major Filehosting services","potentialAction":[{"@type":"SearchAction","target":{"@type":"EntryPoint","urlTemplate":"https:\/\/multihoster.org\/?s={search_term_string}"},"query-input":"required name=search_term_string"}],"inLanguage":"tr"},{"@type":"ImageObject","@id":"https:\/\/multihoster.org\/tr\/yuvutu\/#primaryimage","inLanguage":"tr","url":"https:\/\/lh5.googleusercontent.com\/ksS0ngJd_qKDwy5l-mYDrqPQU6ueIVHGZOFdfmxVLcbxiBXqjSVR4K0_Hn078Vvkoy_qdsFqx0RIGuNvEuyxbd2fgJS9FmPQYkoQ9RA47DyGh5reN8tGpEobW4Tw6QNkJaRunA9M","contentUrl":"https:\/\/lh5.googleusercontent.com\/ksS0ngJd_qKDwy5l-mYDrqPQU6ueIVHGZOFdfmxVLcbxiBXqjSVR4K0_Hn078Vvkoy_qdsFqx0RIGuNvEuyxbd2fgJS9FmPQYkoQ9RA47DyGh5reN8tGpEobW4Tw6QNkJaRunA9M"},{"@type":"WebPage","@id":"https:\/\/multihoster.org\/tr\/yuvutu\/#webpage","url":"https:\/\/multihoster.org\/tr\/yuvutu\/","name":"Yuvutu Premium Konto - Best Streaming Site w skr\u00f3cie","isPartOf":{"@id":"https:\/\/multihoster.org\/#website"},"primaryImageOfPage":{"@id":"https:\/\/multihoster.org\/tr\/yuvutu\/#primaryimage"},"datePublished":"2020-04-22T11:30:45+00:00","dateModified":"2020-04-22T15:36:31+00:00","description":"Czy Yuvutu jest renomowanym dostawc\u0105 czy nie, odpowied\u017a znajdziesz w aktualnym te\u015bcie na Multihoster.org \u279c Kliknij teraz \u271a aby przeczyta\u0107 nasze do\u015bwiadczenia!","breadcrumb":{"@id":"https:\/\/multihoster.org\/tr\/yuvutu\/#breadcrumb"},"inLanguage":"tr","potentialAction":[{"@type":"ReadAction","target":["https:\/\/multihoster.org\/tr\/yuvutu\/"]}]},{"@type":"BreadcrumbList","@id":"https:\/\/multihoster.org\/tr\/yuvutu\/#breadcrumb","itemListElement":[{"@type":"ListItem","position":1,"name":"Startseite","item":"https:\/\/multihoster.org\/tr\/"},{"@type":"ListItem","position":2,"name":"Yuvutu Premium Hesap: Bir Bak\u0131\u015fta En \u0130yi Ak\u0131\u015f Sitesi"}]}]}},"_links":{"self":[{"href":"https:\/\/multihoster.org\/tr\/wp-json\/wp\/v2\/pages\/4241"}],"collection":[{"href":"https:\/\/multihoster.org\/tr\/wp-json\/wp\/v2\/pages"}],"about":[{"href":"https:\/\/multihoster.org\/tr\/wp-json\/wp\/v2\/types\/page"}],"author":[{"embeddable":true,"href":"https:\/\/multihoster.org\/tr\/wp-json\/wp\/v2\/users\/2"}],"replies":[{"embeddable":true,"href":"https:\/\/multihoster.org\/tr\/wp-json\/wp\/v2\/comments?post=4241"}],"version-history":[{"count":4,"href":"https:\/\/multihoster.org\/tr\/wp-json\/wp\/v2\/pages\/4241\/revisions"}],"predecessor-version":[{"id":4334,"href":"https:\/\/multihoster.org\/tr\/wp-json\/wp\/v2\/pages\/4241\/revisions\/4334"}],"wp:attachment":[{"href":"https:\/\/multihoster.org\/tr\/wp-json\/wp\/v2\/media?parent=4241"}],"curies":[{"name":"wp","href":"https:\/\/api.w.org\/{rel}","templated":true}]}}