{"id":4379,"date":"2020-04-16T15:45:17","date_gmt":"2020-04-16T15:45:17","guid":{"rendered":"https:\/\/multihoster.org\/fileboom-2\/"},"modified":"2020-04-23T11:22:26","modified_gmt":"2020-04-23T11:22:26","slug":"fileboom-2","status":"publish","type":"page","link":"https:\/\/multihoster.org\/tr\/fileboom-2\/","title":{"rendered":"FileBoom Premium Hesap: Bir Bak\u0131\u015fta Filehoster"},"content":{"rendered":"\n<div class=\"wp-block-image\"><figure class=\"aligncenter\"><img src=\"https:\/\/lh6.googleusercontent.com\/CxrQlUrEqHUGytbKIXRKTBE5iOTePxQV1007Gp6AtDosm-ZPTakFqyaZuB0n_18sdTGcoM65JLOGrxaR5iLyMvJjuM7sNzCR3WB645azwwUip3X9bdRsvVxmU0XR7L5oGDv9SH4\" alt=\"FileBoom logo\"\/><\/figure><\/div>\n\n\n<a class=\"maxbutton-2 maxbutton maxbutton-cta\" target=\"_blank\" rel=\"nofollow noopener\" href=\"\/go\/\"><span class='mb-text'>&gt;&gt; Orijinal Linkifier Web Sitesine Git<\/span><\/a>\n\n\n<p><\/p>\n\n\n\n<h2>Neden Fileboom kullan\u0131yorsunuz?<\/h2>\n\n\n\n<p>FileBoom, \u00f6nemli veya \u00e7ok \u00f6nemli olmayan dosyalar\u0131 y\u00fcklemek, saklamak, indirmek ve payla\u015fmak i\u00e7in% 100 g\u00fcvenli ve% 100 g\u00fcvenli bir sitedir.<\/p>\n\n\n\n<p>Bir kullan\u0131c\u0131n\u0131n verileri hakk\u0131nda endi\u015felenmesi gerekmez, \u00e7\u00fcnk\u00fc FileBoom dosyalar\u0131 saklamak i\u00e7in% 100 g\u00fcvenli depolama alan\u0131 sunabilir. Buradaki t\u00fcm dosyalar ve indirmeler, sistemlerinde \u015fifreleme teknolojisi kullan\u0131larak g\u00fcvence alt\u0131na al\u0131nm\u0131\u015ft\u0131r. FileBoom, <a rel=\"noreferrer noopener\" aria-label=\"VeriSign (opens in a new tab)\" href=\"https:\/\/en.wikipedia.org\/wiki\/Verisign\" target=\"_blank\">VeriSign<\/a>&#8216;\u0131n 128 bit imzas\u0131n\u0131n yan\u0131 s\u0131ra G\u00fcvenli Yuva Katman\u0131 veya SSL \u015fifreleme teknolojisini kulland\u0131\u011f\u0131ndan t\u00fcm i\u015flemler g\u00fcvence alt\u0131na al\u0131nm\u0131\u015ft\u0131r.<\/p>\n\n\n\n<p>Ayr\u0131ca, bir dosyan\u0131n her indirilmesi i\u00e7in \u00e7ok h\u0131zl\u0131 bir h\u0131za ve bant geni\u015fli\u011fine sahiptir ve dosyalar\u0131n sadece k\u0131sa s\u00fcrede aktar\u0131lmas\u0131na izin verir.<\/p>\n\n\n\n<p>Bir ki\u015fi dosyalar\u0131n\u0131 dosyalamak istiyorsa, hepsini FileBoom sitesine kaydedebilir, b\u00f6ylece nerede olursa olsun ve ne zaman g\u00f6nderece\u011fi veya payla\u015faca\u011f\u0131 veya g\u00f6r\u00fcnt\u00fcleyece\u011fi veya sunaca\u011f\u0131 bir dosyaya ihtiya\u00e7 duyarsa, herhangi bir flash s\u00fcr\u00fcc\u00fc veya ba\u015fka harici s\u00fcr\u00fcc\u00fcler veya depolama birimi kullanmadan ve hatta dosya boyutu hakk\u0131nda endi\u015felenmeden FileBoom sitesine eri\u015febilir.<\/p>\n\n\n\n<p>Ayr\u0131ca, FileBoom sitesine bir internet ba\u011flant\u0131s\u0131 yard\u0131m\u0131yla herhangi bir web taray\u0131c\u0131s\u0131 arac\u0131l\u0131\u011f\u0131yla herhangi bir cihaz taraf\u0131ndan eri\u015filebilir.<\/p>\n\n\n\n<div class=\"wp-block-image\"><figure class=\"alignright\"><img src=\"https:\/\/lh4.googleusercontent.com\/TE6YeHqhuqCouM2nZVVNGTs4ttRgSZKicLQI_KLEQll3m-OHBUiiIjcUkQSRLG_SPn2DB5tEkreIrrB9os5WeBMjgpnMob9XSHjLMcUvl8x743gKUgkYLdaGA0m0ohjDaeDYJxI\" alt=\"FileBoom Languages\"\/><\/figure><\/div>\n\n\n\n<p>Ayr\u0131ca, FileBoom sitesi iki (2) farkl\u0131 dili destekler. Bunlar \u0130ngilizler ve Japonlar. Bir kullan\u0131c\u0131 \u0130ngilizce d\u00fc\u011fmesine ge\u00e7mek i\u00e7in EN d\u00fc\u011fmesine ve Japonca diline ge\u00e7mek i\u00e7in Japonca karakterine ge\u00e7i\u015f yapabilir.<\/p>\n\n\n\n<p>FileBoom, kullan\u0131c\u0131lar\u0131n indirme i\u015flemini h\u0131zland\u0131rmak i\u00e7in herhangi bir indirme arac\u0131n\u0131 kullanmas\u0131na veya h\u0131zland\u0131r\u0131c\u0131 indirmesine izin veriyor. Bir kullan\u0131c\u0131 Internet Download Manager veya IDM, JDownloader, Download Accelerator Plus ve di\u011ferlerini kullanabilir.<\/p>\n\n\n\n<p>FileBoom sitesine dosya y\u00fckleme t\u00fcrleri:<\/p>\n\n\n\n<ol><li>Dosya y\u00fckleme<\/li><li> Flash Y\u00fckleme<\/li><li> Uzaktan y\u00fckleme yapmak<\/li><\/ol>\n\n\n\n<p>FileBoom sitesinde bir Dosya Ta\u015f\u0131ma:<\/p>\n\n\n\n<p>Bir dosyay\u0131 veya kullan\u0131c\u0131n\u0131n dosyalar\u0131n\u0131 ta\u015f\u0131man\u0131n iki (2) yolu vard\u0131r.<\/p>\n\n\n\n<ol><li>S\u00fcr\u00fckle ve B\u0131rak &#8211; Kullan\u0131c\u0131 bir dosyay\u0131 veya dosyalar\u0131 belirli bir klas\u00f6re ta\u015f\u0131mak i\u00e7in s\u00fcr\u00fckle ve b\u0131rak y\u00f6ntemini kullanabilir.<\/li><li> D\u00fczenle &#8211; Bir kullan\u0131c\u0131 bir dosya veya dosya se\u00e7ip \u201cD\u00dcZENLE\u201d d\u00fc\u011fmesini t\u0131klat\u0131p dosyay\u0131 veya dosyalar\u0131 ta\u015f\u0131mak istedi\u011fi konumu se\u00e7ebilir.<\/li><\/ol>\n\n\n\n<h2>FileBoom: Hesaplar<\/h2>\n\n\n\n<p>FileBoom yaln\u0131zca on \u00fc\u00e7 veya on \u00fc\u00e7 ya\u015f\u0131ndan b\u00fcy\u00fck kullan\u0131c\u0131lar\u0131n sitelerine ve hizmetlerine eri\u015fmesine izin verir ve kullan\u0131c\u0131lar\u0131n birden fazla veya \u00e7o\u011falt\u0131lm\u0131\u015f hesaplar\u0131na izin vermez. FileBoom bunun gibi bir hesap bulursa, otomatik olarak silerler.<\/p>\n\n\n\n<p>Bir kullan\u0131c\u0131n\u0131n hen\u00fcz FileBoom&#8217;da bir hesab\u0131 yoksa, hesab\u0131n\u0131 olu\u015fturmak i\u00e7in FileBoom&#8217;un kay\u0131t formunu doldurmaya zaman alabilir. FileBoom&#8217;un kay\u0131t formuna ge\u00e7erli bir tam ad, e-posta adresi ve parola girmesi gerekir ve parolay\u0131 do\u011frulamak i\u00e7in parolas\u0131n\u0131 yeniden girmesi gerekir. Bir kullan\u0131c\u0131n\u0131n bilgileri ba\u015far\u0131yla g\u00f6ndermek i\u00e7in &#8220;KULLANICI HESABI OLU\u015eTUR&#8221; d\u00fc\u011fmesini i\u015faretlemesi gerekir. Bundan sonra, bir kullan\u0131c\u0131 hesab\u0131na sahip olacak ve FileBoom sitesi \u00f6zelliklerine ve hizmetlerine eri\u015febilecek.<\/p>\n\n\n\n<figure class=\"wp-block-image\"><img src=\"https:\/\/lh6.googleusercontent.com\/hkO2ARhvoeZjlFGjLUqs4RNsbgir12DHGPTMK_-lcBhYZdvcDJDy3-6W_23KDb2iHuY-znbGj0XnWYnmVz82bKOFxM20A5p7n0AiGRAnYH1KmELXbvGUwZw_DiOLGADl2uVlRUk\" alt=\"VK\"\/><\/figure>\n\n\n\n<p>Bir kullan\u0131c\u0131n\u0131n zaten Fileboom&#8217;da bir hesab\u0131 varsa, FileBoom&#8217;un giri\u015f sayfas\u0131na gidebilir ve hesap e-posta adresini ve hesap \u015fifresini girebilir. FileBoom sitesine ba\u015far\u0131l\u0131 bir \u015fekilde giri\u015f yapabildi\u011finden emin olmak i\u00e7in t\u00fcm ayr\u0131nt\u0131lar do\u011fru girilmelidir. Bir kullan\u0131c\u0131 ayr\u0131ca Facebook, Twitter, VK ve Google Plus \u00fczerinden giri\u015f yapabilir. Bir kullan\u0131c\u0131n\u0131n FileBoom&#8217;daki hesab\u0131na devam etmek i\u00e7in &#8220;Oturum A\u00e7&#8221; d\u00fc\u011fmesini i\u015faretlemesi gerekir.<\/p>\n\n\n\n<p>Bir kullan\u0131c\u0131n\u0131n FileBoom Premium Hesab\u0131n\u0131n sat\u0131n al\u0131nmas\u0131yla ilgili sorular\u0131 veya sorunlar\u0131 varsa, en h\u0131zl\u0131 yol FileBoom m\u00fc\u015fteri hizmetlerine ba\u015fvurmakt\u0131r.<\/p>\n\n\n\n<figure class=\"wp-block-table\"><table class=\"\"><tbody><tr><td>Bir kullan\u0131c\u0131 FileBoom sitesine \u015fiddet veya pornografi i\u00e7eren ve telif hakk\u0131 olan veya kullanma, payla\u015fma veya y\u00fckleme izni olmayan hi\u00e7bir dosya veya i\u00e7erik y\u00fcklememelidir. Bunun gibi dosyalar bulunursa, FileBoom kullan\u0131c\u0131 hesab\u0131n\u0131 hemen siler, sonland\u0131r\u0131r veya ask\u0131ya al\u0131r.<\/td><\/tr><\/tbody><\/table><\/figure>\n\n\n\n<p>FileBoom, FileBoom \u00dccretsiz Hesab\u0131 ve FileBoom Premium Hesab\u0131 olmak \u00fczere iki (2) farkl\u0131 hesap t\u00fcr\u00fcne sahiptir.<\/p>\n\n\n\n<p>\u0130kisi aras\u0131ndaki farklar:<\/p>\n\n\n\n<ul><li>FileBoom Premium Hesab\u0131&#8217;n\u0131n bir kullan\u0131c\u0131s\u0131 ayn\u0131 anda \u00e7ok say\u0131da dosya indirebilir, FileBoom \u00dccretsiz Hesab\u0131&#8217;n\u0131n bir kullan\u0131c\u0131s\u0131 tek seferde yaln\u0131zca tek bir dosya indirebilir.<\/li><li> FileBoom Premium Hesab\u0131&#8217;n\u0131n bir kullan\u0131c\u0131s\u0131, FileBoom \u00dccretsiz Hesab\u0131 kullan\u0131c\u0131s\u0131ndan daha h\u0131zl\u0131 dosya y\u00fckleme ve indirme deneyimi ya\u015fayabilir.<\/li><li> FileBoom \u00dccretsiz Hesab\u0131 kullan\u0131c\u0131s\u0131n\u0131n bir dosyay\u0131 indirebilmesi i\u00e7in ka\u00e7 saniye beklemesi gerekirken, FileBoom Premium Hesab\u0131&#8217;n\u0131n bir kullan\u0131c\u0131 saniyeler beklemeden dosyay\u0131 hemen indirebilir.<\/li><li> FileBoom \u00dccretsiz Hesab\u0131&#8217;n\u0131n bir kullan\u0131c\u0131s\u0131, FileBoom Premium Hesab\u0131&#8217;n\u0131n bir kullan\u0131c\u0131s\u0131yken FileBoom sitesindeki reklamlar\u0131 g\u00f6rebilir.<\/li><\/ul>\n\n\n\n<h3>FileBoom Free ve FileBoom Premium Hesap \u00d6zellikleri<\/h3>\n\n\n\n<figure class=\"wp-block-table\"><table class=\"\"><tbody><tr><td>FileBoom Hesap T\u00fcr\u00fc<\/td><td>Y\u00fcklemeler i\u00e7in H\u0131z Oranlar\u0131\u00a0<\/td><td>\u0130ndirme Ba\u015flang\u0131c\u0131<\/td><td>\u0130ndirme i\u00e7in h\u0131zland\u0131r\u0131c\u0131 var m\u0131?<\/td><td>\u0130ndirmeler i\u00e7in bir \u00f6zge\u00e7mi\u015f var m\u0131?<\/td><td>Birden fazla dosyay\u0131 ayn\u0131 anda indirme<\/td><\/tr><tr><td>Bedava hesap<\/td><td>\u00c7ok yava\u015f<\/td><td>\u0130ndirme 30 saniye sonra ba\u015flayacak<\/td><td>X<\/td><td>X<\/td><td>X<\/td><\/tr><tr><td>\u00d6zel hesap<\/td><td>H\u0131zl\u0131<\/td><td>\u0130ndirme i\u015flemi saniyeler beklemeden hemen ba\u015flayacak<\/td><td>\u2713<\/td><td>\u2713<\/td><td>\u2713<\/td><\/tr><\/tbody><\/table><\/figure>\n\n\n\n<figure class=\"wp-block-table\"><table class=\"\"><tbody><tr><td>FileBoom Hesap T\u00fcr\u00fc<\/td><td>FTP ile y\u00fckle<\/td><td>HTTP ile y\u00fckle<\/td><\/tr><tr><td>Bedava hesap<\/td><td>X<\/td><td>X<\/td><\/tr><tr><td>\u00d6zel hesap<\/td><td>\u2713<\/td><td>\u2713<\/td><\/tr><\/tbody><\/table><\/figure>\n\n\n\n<figure class=\"wp-block-table\"><table class=\"\"><tbody><tr><td>FileBoom Hesap T\u00fcr\u00fc<\/td><td>Dosya T\u00fcr\u00fc<\/td><td>Maksimum Dosya Boyutu<\/td><td>Dosyalar ne kadar s\u00fcre depoda tutulur?<\/td><\/tr><tr><td>Bedava hesap<\/td><td>Hi\u00e7<\/td><td>500 MB or 0.5 GB<\/td><td>30 g\u00fcn veya 1 ay<\/td><\/tr><tr><td>\u00d6zel hesap<\/td><td>Hi\u00e7<\/td><td>5000 MB or 5 GB<\/td><td>90 g\u00fcn veya 2 ay<\/td><\/tr><\/tbody><\/table><\/figure>\n\n\n\n<p>MB Megabayt ve GB Gigabyte i\u00e7indir<\/p>\n\n\n<a class=\"maxbutton-2 maxbutton maxbutton-cta\" target=\"_blank\" rel=\"nofollow noopener\" href=\"\/go\/\"><span class='mb-text'>&gt;&gt; Orijinal Linkifier Web Sitesine Git<\/span><\/a>\n\n\n<p><\/p>\n\n\n\n<h3>FileBoom Premium Hesab\u0131 Sat\u0131n Alma<\/h3>\n\n\n\n<p>Bir kullan\u0131c\u0131 sat\u0131n almak ve kullanmak istedi\u011fi a\u015fa\u011f\u0131daki FileBoom Premium Hesap t\u00fcrlerinden birini se\u00e7ebilir.<\/p>\n\n\n\n<p>FileBoom Premium Hesap Fiyatlar\u0131<\/p>\n\n\n\n<figure class=\"wp-block-table\"><table class=\"\"><tbody><tr><td>G\u00fcn veya Ay Say\u0131s\u0131<\/td><td>Miktar<\/td><td>G\u00fcnl\u00fck Miktar<\/td><td>Gizli \u00dccretler veya Masraflar<\/td><td>Reklams\u0131z m\u0131?<\/td><td>G\u00fcvenli mi?<\/td><\/tr><tr><td>3 g\u00fcn<\/td><td>6,95 USD<\/td><td>2,32 USD<\/td><td>Yok<\/td><td>Evet<\/td><td>Evet<\/td><\/tr><tr><td>1 ay<\/td><td>16,95 USD<\/td><td>0,56 USD<\/td><td>Yok<\/td><td>Evet<\/td><td>Evet<\/td><\/tr><tr><td>2 ay<\/td><td>41,95 USD<\/td><td>0,47 USD<\/td><td>Yok<\/td><td>Evet<\/td><td>Evet<\/td><\/tr><tr><td>12 ay<\/td><td>113,95 USD<\/td><td>0,31 USD<\/td><td>Yok<\/td><td>Evet<\/td><td>Evet<\/td><\/tr><\/tbody><\/table><\/figure>\n\n\n\n<p>Kullan\u0131c\u0131lar\u0131n FileBoom&#8217;da sat\u0131n alma ve \u00f6deme i\u015flemleri% 100 g\u00fcvenli ve% 100 g\u00fcvenlidir. T\u00fcm i\u015flemler, \u00f6zellikle finansal, \u015fifrelenir, b\u00f6ylece endi\u015felenecek bir \u015fey yoktur.<\/p>\n\n\n\n<p>Bir kullan\u0131c\u0131 \u00f6deme i\u00e7in a\u015fa\u011f\u0131daki FileBoom se\u00e7eneklerini kullanarak \u00f6deme yapabilir:<\/p>\n\n\n\n<ul><li>PayPal<\/li><li> FileBoom Bayileri<\/li><li> Vize<\/li><li> MasterCard<\/li><li> American Express<\/li><li> Kart\u0131 Ke\u015ffet<\/li><li> Japonya Kredi B\u00fcrosu veya JCB<\/li><\/ul>\n\n\n\n<p>FileBoom Premium Hesab\u0131 ba\u015far\u0131yla sat\u0131n al\u0131nd\u0131ktan sonra, kullan\u0131c\u0131n\u0131n e-posta adresine bir onay mesaj\u0131 ve FileBoom Premium Hesab\u0131 i\u00e7in bir etkinle\u015ftirme kodu g\u00f6nderilir.<\/p>\n\n\n\n<p>FileBoom veya FileBoom sat\u0131c\u0131s\u0131, kullan\u0131c\u0131n\u0131n e-posta adresine say\u0131 ve harf kombinasyonu i\u00e7eren k\u0131rk (40) karakterden olu\u015fan bir etkinle\u015ftirme kodu g\u00f6nderir. Bir kullan\u0131c\u0131 FileBoom Premium Hesab\u0131n\u0131 ba\u015far\u0131yla \u00f6dedi ve onay mesaj\u0131n\u0131 veya etkinle\u015ftirme kodunu almad\u0131ysa, FileBoom veya FileBoom sat\u0131c\u0131s\u0131na ba\u015fvurmal\u0131d\u0131r. Genellikle, etkinle\u015ftirme kodu bir e-postan\u0131n Gelen Kutusu&#8217;na g\u00f6nderilir, ancak bir kullan\u0131c\u0131 her zaman spam veya \u00f6nemsiz klas\u00f6r\u00fcn\u00fc de kontrol etmelidir.<\/p>\n\n\n\n<figure class=\"wp-block-image\"><img src=\"https:\/\/lh3.googleusercontent.com\/aVw7UisiyildOJQ6jCxSM7a218_0lqaVn9GFA6r7fXrj8C6ePpPlXaAWPAXoYbX0ShCg18os_IEhdos_4w8PJeHtEooP_XzaX-Uh4_QOa3vms97ZmSQJCaNTZDk4dGt1MKqs6Zk\" alt=\"\"\/><\/figure>\n\n\n\n<p>FileBoom Premium Hesab\u0131n\u0131 sat\u0131n alan bir kullan\u0131c\u0131n\u0131n t\u00fcm FileBoom Premium \u00d6zelliklerini etkinle\u015ftirip kullanabilmesi i\u00e7in bir etkinle\u015ftirme kodu \u00e7ok \u00f6nemlidir. Etkinle\u015ftirmek i\u00e7in a\u015fa\u011f\u0131daki ad\u0131mlar\u0131 izleyin.<\/p>\n\n\n\n<ol><li>Bir kullan\u0131c\u0131, hesab\u0131na giri\u015f yapmak i\u00e7in FileBoom sitesine gitmelidir.<\/li><li> FileBoom&#8217;un Etkinle\u015ftirme Sayfas\u0131na gidin.<\/li><li> Yandaki resme bak\u0131n. \u2192<\/li><li> Kullan\u0131c\u0131 hesap e-posta adresini ve FileBoom Premium Hesab\u0131n\u0131n do\u011fru etkinle\u015ftirme kodunu girmelidir.<\/li><li> CAPTCHA&#8217;y\u0131 g\u00f6stermek i\u00e7in \u201cBen robot de\u011filim\u201d i kontrol edin. CAPTCHA i\u00e7in talimatlar\u0131 izleyin.<\/li><li> Son olarak, bir kullan\u0131c\u0131 etkinle\u015ftirme kodunu g\u00f6ndermek i\u00e7in \u201cG\u00f6nder\u201d d\u00fc\u011fmesini i\u015faretlemelidir ve FileBoom ge\u00e7erli olup olmad\u0131\u011f\u0131n\u0131 do\u011frular.<\/li><\/ol>\n\n\n\n<p>Ge\u00e7erli bir etkinle\u015ftirme kodu ise, kullan\u0131c\u0131n\u0131n hesab\u0131 kesinlikle FileBoom Premium Hesab\u0131 ile etkinle\u015ftirilir ve art\u0131k t\u00fcm FileBoom Premium \u00f6zelliklerini ve hizmetlerini kullanabilir.<\/p>\n\n\n\n<h2>FileBoom sitesine ve dosyalar\u0131na eri\u015fme sorunlar\u0131<\/h2>\n\n\n\n<figure class=\"wp-block-table\"><table class=\"\"><tbody><tr><td>Hata 401 veya &#8220;401 Yetkisiz: Ge\u00e7ici URL ge\u00e7ersiz&#8221;<\/td><\/tr><\/tbody><\/table><\/figure>\n\n\n\n<p>Bir kullan\u0131c\u0131 bir dosyay\u0131 indiriyor, ancak aniden 401 veya &#8220;401 Yetkisiz: Ge\u00e7ici URL ge\u00e7ersiz&#8221; hatas\u0131 g\u00f6r\u00fcnd\u00fc\u011f\u00fcnde, bunun nedeni FileBoom hizmetinin her zaman FileBoom&#8217;un g\u00fcvenlik sistemini olu\u015fturan kullan\u0131c\u0131lar\u0131n Internet Protokol\u00fcn\u00fc veya IP adreslerini de\u011fi\u015ftirmesidir. bir kullan\u0131c\u0131 hesab\u0131n\u0131n sald\u0131r\u0131ya u\u011frad\u0131\u011f\u0131n\u0131 d\u00fc\u015f\u00fcnmek i\u00e7in Fileboom&#8217;un g\u00fcvenlik sistemi, kullan\u0131c\u0131n\u0131n eri\u015fmekte oldu\u011fu ge\u00e7erli ba\u011flant\u0131y\u0131 engelleyecektir.<\/p>\n\n\n\n<p>Bu durumda, Fileboom g\u00fcvenlik ekibi, kullan\u0131c\u0131lar\u0131n FileBoom sitesine ve \u00f6zelliklerine ve hizmetlerine eri\u015firken <a rel=\"noreferrer noopener\" aria-label=\"Sanal \u00d6zel A\u011f (VPN) (opens in a new tab)\" href=\"https:\/\/www.cisco.com\/c\/en\/us\/products\/security\/vpn-endpoint-security-clients\/what-is-vpn.html\" target=\"_blank\">Sanal \u00d6zel A\u011f (VPN)<\/a> veya Genel <a rel=\"noreferrer noopener\" aria-label=\"Proxy Sunucusu (opens in a new tab)\" href=\"https:\/\/en.wikipedia.org\/wiki\/Proxy_server\" target=\"_blank\">Proxy Sunucusu<\/a> kullanmalar\u0131n\u0131 \u00f6nerir.<\/p>\n\n\n\n<p>FileBoom taraf\u0131ndan \u00f6nerilen Sanal \u00d6zel A\u011f (VPN) a\u015fa\u011f\u0131dad\u0131r:<\/p>\n\n\n\n<ul><li>S\u0131cak VPN &#8211; Bu VPN yaln\u0131zca FileBoom Premium kullan\u0131c\u0131lar\u0131 i\u00e7indir). \u0130yi \u00e7al\u0131\u015f\u0131yor ve kullan\u0131m\u0131 \u00e7ok kolay.<\/li><li> CyberGhost VPN<\/li><li> S\u0131cak Nokta Kalkan\u0131<\/li><\/ul>\n\n\n\n<p>Genel Proxy Sunucusu i\u00e7in, kullan\u0131c\u0131lar bunu ayg\u0131t LAN&#8217;\u0131n\u0131n veya a\u011f ayarlar\u0131n\u0131n veya a\u011f\u0131n\u0131n proxy ayarlar\u0131nda ayarlayabilir.<\/p>\n\n\n\n<figure class=\"wp-block-table\"><table class=\"\"><tbody><tr><td>Hatas\u0131 503<\/td><\/tr><\/tbody><\/table><\/figure>\n\n\n\n<p>Bir kullan\u0131c\u0131 bir dosyay\u0131 indirip Hata 503 ald\u0131\u011f\u0131nda, bunun nedeni sunucunun bak\u0131mda olmas\u0131d\u0131r. FileBoom, kullan\u0131c\u0131n\u0131n dosyay\u0131 bir dahaki sefere indirmeye \u00e7al\u0131\u015fmas\u0131n\u0131 \u00f6nerir.<\/p>\n\n\n\n<figure class=\"wp-block-table\"><table class=\"\"><tbody><tr><td>\u201c\u00dczg\u00fcn\u00fcz, bu dosya engellendi veya silindi\u201d<\/td><\/tr><\/tbody><\/table><\/figure>\n\n\n\n<p>Bir kullan\u0131c\u0131 bu mesaj nedeniyle belirli bir dosyay\u0131 indiremedi\u011finde, bunun nedeni dosyan\u0131n y\u00fckleyici veya sadece sahibi taraf\u0131ndan zaten silinmi\u015f olmas\u0131d\u0131r.<\/p>\n\n\n\n<p>Belirli bir dosya i\u00e7in indirme ba\u011flant\u0131s\u0131na art\u0131k eri\u015filemiyor. Bir kullan\u0131c\u0131 FileBoom ekibine istemek i\u00e7in bir mesaj g\u00f6nderebilir. Sadece bu dosyan\u0131n ba\u011flant\u0131s\u0131n\u0131, hata mesaj\u0131n\u0131, ekran g\u00f6r\u00fcnt\u00fcs\u00fcn\u00fc, kulland\u0131\u011f\u0131 web taray\u0131c\u0131s\u0131n\u0131 ve s\u00fcr\u00fcm\u00fcn\u00fc ve a\u00e7\u0131klamas\u0131n\u0131 i\u00e7erdi\u011finden emin olun.<\/p>\n\n\n\n<h3>\u0130ndirme sayfas\u0131n\u0131 ve CAPTCHA&#8217;y\u0131 y\u00fcklerken sorun mu ya\u015f\u0131yorsunuz?<\/h3>\n\n\n\n<p>Bir kullan\u0131c\u0131 FileBoom sitesinin ve CAPTCHA&#8217;lar\u0131n indirme sayfas\u0131n\u0131 y\u00fcklerken sorun ya\u015f\u0131yorsa, FileBoom siteye Internet Explorer (IE) veya Google Chrome gibi di\u011fer taray\u0131c\u0131larda eri\u015fmeyi veya siteyi kullanmaya \u00e7al\u0131\u015fmas\u0131n\u0131 \u00f6nerir.<\/p>\n\n\n<a class=\"maxbutton-2 maxbutton maxbutton-cta\" target=\"_blank\" rel=\"nofollow noopener\" href=\"\/go\/\"><span class='mb-text'>&gt;&gt; Orijinal Linkifier Web Sitesine Git<\/span><\/a>\n\n\n<p><\/p>\n","protected":false},"excerpt":{"rendered":"<p>Neden Fileboom kullan\u0131yorsunuz? FileBoom, \u00f6nemli veya \u00e7ok \u00f6nemli olmayan dosyalar\u0131 y\u00fcklemek, saklamak, indirmek ve payla\u015fmak i\u00e7in% 100 g\u00fcvenli ve% 100<\/p>\n","protected":false},"author":2,"featured_media":0,"parent":0,"menu_order":0,"comment_status":"closed","ping_status":"closed","template":"","meta":[],"yoast_head":"<!-- This site is optimized with the Yoast SEO plugin v18.3 - https:\/\/yoast.com\/wordpress\/plugins\/seo\/ -->\n<title>FileBoom Premium Hesap: Bir Bak\u0131\u015fta Filehoster<\/title>\n<meta name=\"description\" content=\"FileBoom sayg\u0131n bir sa\u011flay\u0131c\u0131 m\u0131 de\u011fil mi, cevab\u0131 Multihoster.org&#039;daki mevcut testte bulabilirsiniz \u279c \u015eimdi t\u0131klay\u0131n \u271a deneyimlerimizi okumak i\u00e7in!\" \/>\n<meta name=\"robots\" content=\"index, follow, max-snippet:-1, max-image-preview:large, max-video-preview:-1\" \/>\n<link rel=\"canonical\" href=\"https:\/\/multihoster.org\/tr\/fileboom-2\/\" \/>\n<meta property=\"og:locale\" content=\"tr_TR\" \/>\n<meta property=\"og:type\" content=\"article\" \/>\n<meta property=\"og:title\" content=\"FileBoom Premium Hesap: Bir Bak\u0131\u015fta Filehoster\" \/>\n<meta property=\"og:description\" content=\"FileBoom sayg\u0131n bir sa\u011flay\u0131c\u0131 m\u0131 de\u011fil mi, cevab\u0131 Multihoster.org&#039;daki mevcut testte bulabilirsiniz \u279c \u015eimdi t\u0131klay\u0131n \u271a deneyimlerimizi okumak i\u00e7in!\" \/>\n<meta property=\"og:url\" content=\"https:\/\/multihoster.org\/tr\/fileboom-2\/\" \/>\n<meta property=\"og:site_name\" content=\"Multihoster.org\" \/>\n<meta property=\"article:modified_time\" content=\"2020-04-23T11:22:26+00:00\" \/>\n<meta property=\"og:image\" content=\"https:\/\/lh6.googleusercontent.com\/CxrQlUrEqHUGytbKIXRKTBE5iOTePxQV1007Gp6AtDosm-ZPTakFqyaZuB0n_18sdTGcoM65JLOGrxaR5iLyMvJjuM7sNzCR3WB645azwwUip3X9bdRsvVxmU0XR7L5oGDv9SH4\" \/>\n<meta name=\"twitter:card\" content=\"summary\" \/>\n<meta name=\"twitter:label1\" content=\"Tahmini okuma s\u00fcresi\" \/>\n\t<meta name=\"twitter:data1\" content=\"9 dakika\" \/>\n<script type=\"application\/ld+json\" class=\"yoast-schema-graph\">{\"@context\":\"https:\/\/schema.org\",\"@graph\":[{\"@type\":\"WebSite\",\"@id\":\"https:\/\/multihoster.org\/#website\",\"url\":\"https:\/\/multihoster.org\/\",\"name\":\"Multihoster.org\",\"description\":\"Reviews of the major Filehosting services\",\"potentialAction\":[{\"@type\":\"SearchAction\",\"target\":{\"@type\":\"EntryPoint\",\"urlTemplate\":\"https:\/\/multihoster.org\/?s={search_term_string}\"},\"query-input\":\"required name=search_term_string\"}],\"inLanguage\":\"tr\"},{\"@type\":\"ImageObject\",\"@id\":\"https:\/\/multihoster.org\/tr\/fileboom-2\/#primaryimage\",\"inLanguage\":\"tr\",\"url\":\"https:\/\/lh6.googleusercontent.com\/CxrQlUrEqHUGytbKIXRKTBE5iOTePxQV1007Gp6AtDosm-ZPTakFqyaZuB0n_18sdTGcoM65JLOGrxaR5iLyMvJjuM7sNzCR3WB645azwwUip3X9bdRsvVxmU0XR7L5oGDv9SH4\",\"contentUrl\":\"https:\/\/lh6.googleusercontent.com\/CxrQlUrEqHUGytbKIXRKTBE5iOTePxQV1007Gp6AtDosm-ZPTakFqyaZuB0n_18sdTGcoM65JLOGrxaR5iLyMvJjuM7sNzCR3WB645azwwUip3X9bdRsvVxmU0XR7L5oGDv9SH4\"},{\"@type\":\"WebPage\",\"@id\":\"https:\/\/multihoster.org\/tr\/fileboom-2\/#webpage\",\"url\":\"https:\/\/multihoster.org\/tr\/fileboom-2\/\",\"name\":\"FileBoom Premium Hesap: Bir Bak\u0131\u015fta Filehoster\",\"isPartOf\":{\"@id\":\"https:\/\/multihoster.org\/#website\"},\"primaryImageOfPage\":{\"@id\":\"https:\/\/multihoster.org\/tr\/fileboom-2\/#primaryimage\"},\"datePublished\":\"2020-04-16T15:45:17+00:00\",\"dateModified\":\"2020-04-23T11:22:26+00:00\",\"description\":\"FileBoom sayg\u0131n bir sa\u011flay\u0131c\u0131 m\u0131 de\u011fil mi, cevab\u0131 Multihoster.org'daki mevcut testte bulabilirsiniz \u279c \u015eimdi t\u0131klay\u0131n \u271a deneyimlerimizi okumak i\u00e7in!\",\"breadcrumb\":{\"@id\":\"https:\/\/multihoster.org\/tr\/fileboom-2\/#breadcrumb\"},\"inLanguage\":\"tr\",\"potentialAction\":[{\"@type\":\"ReadAction\",\"target\":[\"https:\/\/multihoster.org\/tr\/fileboom-2\/\"]}]},{\"@type\":\"BreadcrumbList\",\"@id\":\"https:\/\/multihoster.org\/tr\/fileboom-2\/#breadcrumb\",\"itemListElement\":[{\"@type\":\"ListItem\",\"position\":1,\"name\":\"Startseite\",\"item\":\"https:\/\/multihoster.org\/tr\/\"},{\"@type\":\"ListItem\",\"position\":2,\"name\":\"FileBoom Premium Hesap: Bir Bak\u0131\u015fta Filehoster\"}]}]}<\/script>\n<!-- \/ Yoast SEO plugin. -->","yoast_head_json":{"title":"FileBoom Premium Hesap: Bir Bak\u0131\u015fta Filehoster","description":"FileBoom sayg\u0131n bir sa\u011flay\u0131c\u0131 m\u0131 de\u011fil mi, cevab\u0131 Multihoster.org'daki mevcut testte bulabilirsiniz \u279c \u015eimdi t\u0131klay\u0131n \u271a deneyimlerimizi okumak i\u00e7in!","robots":{"index":"index","follow":"follow","max-snippet":"max-snippet:-1","max-image-preview":"max-image-preview:large","max-video-preview":"max-video-preview:-1"},"canonical":"https:\/\/multihoster.org\/tr\/fileboom-2\/","og_locale":"tr_TR","og_type":"article","og_title":"FileBoom Premium Hesap: Bir Bak\u0131\u015fta Filehoster","og_description":"FileBoom sayg\u0131n bir sa\u011flay\u0131c\u0131 m\u0131 de\u011fil mi, cevab\u0131 Multihoster.org'daki mevcut testte bulabilirsiniz \u279c \u015eimdi t\u0131klay\u0131n \u271a deneyimlerimizi okumak i\u00e7in!","og_url":"https:\/\/multihoster.org\/tr\/fileboom-2\/","og_site_name":"Multihoster.org","article_modified_time":"2020-04-23T11:22:26+00:00","og_image":[{"url":"https:\/\/lh6.googleusercontent.com\/CxrQlUrEqHUGytbKIXRKTBE5iOTePxQV1007Gp6AtDosm-ZPTakFqyaZuB0n_18sdTGcoM65JLOGrxaR5iLyMvJjuM7sNzCR3WB645azwwUip3X9bdRsvVxmU0XR7L5oGDv9SH4"}],"twitter_card":"summary","twitter_misc":{"Tahmini okuma s\u00fcresi":"9 dakika"},"schema":{"@context":"https:\/\/schema.org","@graph":[{"@type":"WebSite","@id":"https:\/\/multihoster.org\/#website","url":"https:\/\/multihoster.org\/","name":"Multihoster.org","description":"Reviews of the major Filehosting services","potentialAction":[{"@type":"SearchAction","target":{"@type":"EntryPoint","urlTemplate":"https:\/\/multihoster.org\/?s={search_term_string}"},"query-input":"required name=search_term_string"}],"inLanguage":"tr"},{"@type":"ImageObject","@id":"https:\/\/multihoster.org\/tr\/fileboom-2\/#primaryimage","inLanguage":"tr","url":"https:\/\/lh6.googleusercontent.com\/CxrQlUrEqHUGytbKIXRKTBE5iOTePxQV1007Gp6AtDosm-ZPTakFqyaZuB0n_18sdTGcoM65JLOGrxaR5iLyMvJjuM7sNzCR3WB645azwwUip3X9bdRsvVxmU0XR7L5oGDv9SH4","contentUrl":"https:\/\/lh6.googleusercontent.com\/CxrQlUrEqHUGytbKIXRKTBE5iOTePxQV1007Gp6AtDosm-ZPTakFqyaZuB0n_18sdTGcoM65JLOGrxaR5iLyMvJjuM7sNzCR3WB645azwwUip3X9bdRsvVxmU0XR7L5oGDv9SH4"},{"@type":"WebPage","@id":"https:\/\/multihoster.org\/tr\/fileboom-2\/#webpage","url":"https:\/\/multihoster.org\/tr\/fileboom-2\/","name":"FileBoom Premium Hesap: Bir Bak\u0131\u015fta Filehoster","isPartOf":{"@id":"https:\/\/multihoster.org\/#website"},"primaryImageOfPage":{"@id":"https:\/\/multihoster.org\/tr\/fileboom-2\/#primaryimage"},"datePublished":"2020-04-16T15:45:17+00:00","dateModified":"2020-04-23T11:22:26+00:00","description":"FileBoom sayg\u0131n bir sa\u011flay\u0131c\u0131 m\u0131 de\u011fil mi, cevab\u0131 Multihoster.org'daki mevcut testte bulabilirsiniz \u279c \u015eimdi t\u0131klay\u0131n \u271a deneyimlerimizi okumak i\u00e7in!","breadcrumb":{"@id":"https:\/\/multihoster.org\/tr\/fileboom-2\/#breadcrumb"},"inLanguage":"tr","potentialAction":[{"@type":"ReadAction","target":["https:\/\/multihoster.org\/tr\/fileboom-2\/"]}]},{"@type":"BreadcrumbList","@id":"https:\/\/multihoster.org\/tr\/fileboom-2\/#breadcrumb","itemListElement":[{"@type":"ListItem","position":1,"name":"Startseite","item":"https:\/\/multihoster.org\/tr\/"},{"@type":"ListItem","position":2,"name":"FileBoom Premium Hesap: Bir Bak\u0131\u015fta Filehoster"}]}]}},"_links":{"self":[{"href":"https:\/\/multihoster.org\/tr\/wp-json\/wp\/v2\/pages\/4379"}],"collection":[{"href":"https:\/\/multihoster.org\/tr\/wp-json\/wp\/v2\/pages"}],"about":[{"href":"https:\/\/multihoster.org\/tr\/wp-json\/wp\/v2\/types\/page"}],"author":[{"embeddable":true,"href":"https:\/\/multihoster.org\/tr\/wp-json\/wp\/v2\/users\/2"}],"replies":[{"embeddable":true,"href":"https:\/\/multihoster.org\/tr\/wp-json\/wp\/v2\/comments?post=4379"}],"version-history":[{"count":2,"href":"https:\/\/multihoster.org\/tr\/wp-json\/wp\/v2\/pages\/4379\/revisions"}],"predecessor-version":[{"id":4392,"href":"https:\/\/multihoster.org\/tr\/wp-json\/wp\/v2\/pages\/4379\/revisions\/4392"}],"wp:attachment":[{"href":"https:\/\/multihoster.org\/tr\/wp-json\/wp\/v2\/media?parent=4379"}],"curies":[{"name":"wp","href":"https:\/\/api.w.org\/{rel}","templated":true}]}}