{"id":4405,"date":"2020-04-23T12:54:44","date_gmt":"2020-04-23T12:54:44","guid":{"rendered":"https:\/\/multihoster.org\/upload-cd\/"},"modified":"2020-05-29T14:27:10","modified_gmt":"2020-05-29T14:27:10","slug":"upload-cd","status":"publish","type":"page","link":"https:\/\/multihoster.org\/tr\/upload-cd\/","title":{"rendered":"Upload.cd Premium Hesap: Bir Bak\u0131\u015fta Filehoster"},"content":{"rendered":"<a class=\"maxbutton-2 maxbutton maxbutton-cta\" target=\"_blank\" rel=\"nofollow noopener\" href=\"\/go\/\"><span class='mb-text'>&gt;&gt; Orijinal Linkifier Web Sitesine Git<\/span><\/a>\n\n\n<p><\/p>\n\n\n\n<h2>Upload.cd dosyas\u0131 nedir?<\/h2>\n\n\n\n<p>Upload.cd, kullan\u0131c\u0131n\u0131n dosyalar\u0131n\u0131 sitelerine y\u00fcklemek veya bar\u0131nd\u0131rmak i\u00e7in kullan\u0131lan \u201cupload\u201d kelimesinden gelir. Upload.cd sitesi d\u00fcnyan\u0131n herhangi bir yerinde kullan\u0131labilir. G\u00fcvenli ve g\u00fcvenilir bir depolama sitesidir ve farkl\u0131 \u015feyler i\u00e7in kullan\u0131labilen <a rel=\"noreferrer noopener\" aria-label=\"bulut hizmeti  (opens in a new tab)\" href=\"https:\/\/www.webopedia.com\/TERM\/C\/cloud_services.html\" target=\"_blank\">bulut hizmeti <\/a>taraf\u0131ndan desteklenir.<\/p>\n\n\n\n<ul><li>Upload.cd sitesi, her t\u00fcrl\u00fc kullan\u0131c\u0131n\u0131n dosya veya verilerini yedeklemek i\u00e7in bir uzak depolama kapasitesi olarak kullan\u0131labilir.<\/li><li> Upload.cd sitesi, bir ki\u015fiden di\u011ferine veya hatta birka\u00e7 ki\u015fiye dosya aktarmak veya g\u00f6ndermek i\u00e7in bir yard\u0131m veya ara\u00e7 olarak kullan\u0131labilir. Bu, t\u00fcm insanlar i\u00e7in \u00e7ok yard\u0131mc\u0131d\u0131r, \u00e7\u00fcnk\u00fc dosyalar\u0131n\u0131 ba\u015fkalar\u0131na g\u00f6ndermek i\u00e7in e-posta kullanmaktan \u00e7ok fazla \u00e7aba ve zaman vermeyeceklerdir.<\/li><li> Upload.cd sitesi, bir web taray\u0131c\u0131s\u0131 yard\u0131m\u0131yla bir kullan\u0131c\u0131n\u0131n dosyas\u0131n\u0131 veya dosyalar\u0131n\u0131 indirmek i\u00e7in kullan\u0131labilir.<\/li><li> Upload.cd sitesi, bir dosyay\u0131 veya dosyalar\u0131 herkesle h\u0131zl\u0131 ve g\u00fcvenli bir \u015fekilde payla\u015fmak i\u00e7in kullan\u0131l\u0131r.<\/li><\/ul>\n\n\n\n<p>Upload.cd sitesi ve sunucular\u0131 g\u00fcvenli. Web sitesinin t\u00fcm sayfalar\u0131nda 256 bit <a rel=\"noreferrer noopener\" aria-label=\"G\u00fcvenli Yuva Katman\u0131 veya SSL (opens in a new tab)\" href=\"https:\/\/www.cloudflare.com\/learning\/ssl\/what-is-ssl\/\" target=\"_blank\">G\u00fcvenli Yuva Katman\u0131 veya SSL<\/a> olan \u015fifreleme kullan\u0131yor. Siteyi ve sunucular\u0131 g\u00fcven alt\u0131na almak, bir bilgisayar korsan\u0131n\u0131n baz\u0131 kullan\u0131c\u0131lar\u0131n bilgilerini \u00f6zellikle \u00f6deme i\u00e7in \u00e7almas\u0131n\u0131 \u00f6nleyecektir. Bir kullan\u0131c\u0131, internet ba\u011flant\u0131s\u0131 olan herhangi bir cihazdaki web taray\u0131c\u0131lar\u0131 arac\u0131l\u0131\u011f\u0131yla Upload.cd sitesine eri\u015febilir.<\/p>\n\n\n\n<p>Bir kullan\u0131c\u0131 m\u00fczik (wav, mp3, wma, vb.), Videolar (mpg, mpeg-4, avi, vb.) Ve belgeler (doc \/ docx, xlsx, pdf, ppt, vb.) ). Bir kullan\u0131c\u0131, Upload.cd sitesindeki Upload.cd dosyas\u0131n\u0131 y\u00fckleyece\u011fi t\u00fcm dosyalar\u0131n gizli ve \u00f6zel kabul edildi\u011fini ve dosya sahibi veya Upload.cder dosyas\u0131n\u0131n dosya sahibi i\u00e7in izin vermedi\u011fi durumlar d\u0131\u015f\u0131nda herkesin eri\u015femeyece\u011fini unutmay\u0131n. kullan\u0131c\u0131n\u0131n dosyas\u0131na eri\u015fmek veya g\u00f6r\u00fcnt\u00fclemek i\u00e7in.<\/p>\n\n\n\n<figure class=\"wp-block-table\"><table><tbody><tr><td>SSL nedir? SSL, G\u00fcvenli Yuva Katman\u0131 i\u00e7in k\u0131sa terimdir. Modern teknolojide geli\u015fmi\u015f menkul k\u0131ymetlerden biridir. Verileri korumak i\u00e7in \u015fifrelenmi\u015f bir ba\u011flant\u0131 olu\u015fturmak i\u00e7in kullan\u0131l\u0131r. Genellikle web siteleri veya web taray\u0131c\u0131lar\u0131 ve e-postalar i\u00e7in kullan\u0131l\u0131r.<\/td><\/tr><\/tbody><\/table><\/figure>\n\n\n\n<h2>Upload.cd&#8217;deki Kullan\u0131c\u0131 Hesaplar\u0131<\/h2>\n\n\n\n<p>Upload.cd.cd&#8217;nin \u00fc\u00e7 (3) kullan\u0131c\u0131 hesab\u0131 t\u00fcr\u00fc vard\u0131r.<\/p>\n\n\n\n<ol><li>Upload.cd \u00dccretsiz Hesap (Misafir),<\/li><li> Upload.cd Kay\u0131tl\u0131 Hesap ve<\/li><li> Upload.cd Premium Hesab\u0131<\/li><\/ol>\n\n\n\n<p>Bir kullan\u0131c\u0131 Upload.cd&#8217;ye \u00fcye olmak isterse veya kullan\u0131c\u0131 bir Upload.cd Premium Hesab\u0131 paketi sat\u0131n almak istiyorsa, \u00f6nce Upload.cd sitesinin Kay\u0131t sayfas\u0131na kaydolmas\u0131 gerekir.<\/p>\n\n\n\n<p>Kay\u0131t olmak i\u00e7in kullan\u0131c\u0131n\u0131n a\u015fa\u011f\u0131daki alanlar\u0131 doldurmas\u0131 ve Upload.cd kayd\u0131nda yap\u0131lmas\u0131 gerekir.<\/p>\n\n\n\n<ul><li>Kullan\u0131c\u0131n\u0131n ad\u0131<\/li><li> Bir kullan\u0131c\u0131n\u0131n e-posta adresi<\/li><\/ul>\n\n\n\n<p>Bir kullan\u0131c\u0131n\u0131n e-posta adresi ba\u015fka taraflara g\u00f6nderilmez veya ba\u015fka ama\u00e7lar i\u00e7in kullan\u0131lmaz, ancak SADECE Upload.cd sitesinin hizmetleri i\u00e7in kullan\u0131lacakt\u0131r.<\/p>\n\n\n\n<ul><li>\u0130stedi\u011fi bir \u015fifre. (G\u00fcvence i\u00e7in tekrar yazmak i\u00e7in bu gereklidir)<\/li><\/ul>\n\n\n\n<p>*Bir \u015fifre, bir kullan\u0131c\u0131n\u0131n hesab\u0131n\u0131n ve kullan\u0131c\u0131n\u0131n bilgilerinin korunmas\u0131 i\u00e7in kullan\u0131l\u0131r. Bu nedenle, hesab\u0131n g\u00fcvenli\u011fini sa\u011flamak i\u00e7in \u015fifresini gizli tutmak bir kullan\u0131c\u0131n\u0131n sorumlulu\u011fundad\u0131r. Bir kullan\u0131c\u0131 ba\u015fka bilgisayarlarda veya cihazlarda oturum a\u00e7arsa, kimsenin hesaba eri\u015femedi\u011finden emin olmak i\u00e7in kullan\u0131mdan sonra hesab\u0131n oturumu kapat\u0131ld\u0131\u011f\u0131ndan emin olun.<\/p>\n\n\n\n<ul><li>Upload.cd sitesinin \u015eartlar ve Politikas\u0131n\u0131 kabul etmelidir.<\/li><li> Kullan\u0131c\u0131 resim \u00fczerinde do\u011fru CAPTCHA kodunu yazmal\u0131d\u0131r. Resimdeki CAPTCHA kodlar\u0131n\u0131 anlam\u0131yorsa, yeni bir CAPTCHA kodu g\u00f6stermek i\u00e7in yenile simgesini t\u0131klay\u0131n.<\/li><\/ul>\n\n\n\n<p>Bir kullan\u0131c\u0131 t\u00fcm alanlar\u0131 doldurmay\u0131 bitirdikten sonra, bilgilerini Y\u00fckleme&#8217;ye g\u00f6ndermek i\u00e7in &#8220;G\u00f6nder&#8221; d\u00fc\u011fmesini t\u0131klamas\u0131 gerekir. Bundan sonra, \u015fimdi Upload.cd&#8217;nin \u00fccretsiz, kay\u0131tl\u0131 veya Premium Hesap i\u00e7in kay\u0131tl\u0131 bir \u00fcyesi olacak. Ayr\u0131ca, \u015fimdi herhangi bir Upload.cd Premium Paketi sat\u0131n alabilir.<\/p>\n\n\n\n<h2>SSS: Upload.cd Premium Hesab\u0131<\/h2>\n\n\n\n<h3><strong>1. Upload.cd kullan\u0131c\u0131 hesab\u0131n\u0131n \u015fifresini hat\u0131rlayam\u0131yor musunuz?<\/strong><\/h3>\n\n\n\n<p>Bir kullan\u0131c\u0131 \u015fifresini hat\u0131rlayamazsa, Upload.cd sitesinin \u015eifre Kurtarma Sayfas\u0131na gitmesi \u00f6nerilir. Bir kullan\u0131c\u0131n\u0131n e-posta adresinin girilmesi gerekir \u00e7\u00fcnk\u00fc Upload.cd, kullan\u0131c\u0131n\u0131n Upload.cd hesab\u0131 i\u00e7in yeni ge\u00e7ici \u015fifreyi be\u015f (5) ila on (10) dakika i\u00e7inde g\u00f6nderir. Kullan\u0131c\u0131 bunun i\u00e7in e-postas\u0131ndaki gelen kutusunu, spam&#8217;\u0131 veya \u00f6nemsiz klas\u00f6r\u00fc kontrol etmelidir. Upload.cd sitesindeki Hesap Ayarlar\u0131n\u0131 istedi\u011fi zaman de\u011fi\u015ftirebilir. Bir kullan\u0131c\u0131, parola kurtarma i\u00e7in Upload.cd&#8217;ye iste\u011fini g\u00f6ndermek \u00fczere \u201cGeri Y\u00fckle\u201d d\u00fc\u011fmesine t\u0131klamal\u0131d\u0131r.<\/p>\n\n\n\n<h3><strong>2. Bir Upload.cd kullan\u0131c\u0131 hesab\u0131n\u0131 silmek ister misiniz?<\/strong><\/h3>\n\n\n\n<p>Bir kullan\u0131c\u0131n\u0131n hesab\u0131n\u0131 silmek i\u00e7in, Upload.cd destek ekibine bir mesaj g\u00f6ndermesi gerekir. \u0130letinin Konusu olarak &#8220;Hesap Silme&#8221; yi se\u00e7in ve &#8220;G\u00f6nder&#8221; i t\u0131klay\u0131n. Bir kullan\u0131c\u0131, ayn\u0131 konu ba\u015fl\u0131\u011f\u0131na sahip support@upload.cd adresine Upload.cd e-postas\u0131 yoluyla da g\u00f6nderebilir. Ard\u0131ndan, Upload.cd ekibi sizin i\u00e7in silen ekip olacakt\u0131r.<\/p>\n\n\n\n<h3><strong>3. Upload.cd&#8217;ye mesaj g\u00f6ndermek ister misiniz?<\/strong><\/h3>\n\n\n\n<p>Bir kullan\u0131c\u0131n\u0131n Upload.cd sitesi, Upload.cd \u00f6zellikleri ve Upload.cd hizmetleri hakk\u0131nda herhangi bir sorusu veya sorusu ya da geri bildirimi varsa, Upload.cd sitesinin ileti\u015fim sayfas\u0131ndan ileti g\u00f6ndermesine izin verilir. \u0130leti\u015fim sayfas\u0131nda kullan\u0131c\u0131n\u0131n ad\u0131, e-posta adresi, konusu, mesaj\u0131 ve g\u00fcvenlik kodunun doldurulmas\u0131 gerekir, ard\u0131ndan iletiyi Upload.cd ekibine g\u00f6ndermek i\u00e7in \u201cG\u00f6nder\u201d d\u00fc\u011fmesini t\u0131klamas\u0131 gerekir.<\/p>\n\n\n<a class=\"maxbutton-2 maxbutton maxbutton-cta\" target=\"_blank\" rel=\"nofollow noopener\" href=\"\/go\/\"><span class='mb-text'>&gt;&gt; Orijinal Linkifier Web Sitesine Git<\/span><\/a>\n\n\n<p><\/p>\n\n\n\n<figure class=\"wp-block-table\"><table><tbody><tr><td>CAPTCHA, &#8220;Bilgisayarlar\u0131 ve \u0130nsanlar\u0131 Ay\u0131rmak \u0130\u00e7in Tamamen Otomatikle\u015ftirilmi\u015f Genel Turing testi&#8221; i\u00e7in kullan\u0131lan k\u0131sa bir terimdir. Bir ki\u015finin ger\u00e7ek mi yoksa yaln\u0131zca spam mi ya da bir robot oldu\u011funu do\u011frulamak i\u00e7in kullan\u0131lan farkl\u0131 harfler, say\u0131lar, semboller veya resimlerden olu\u015fur.<\/td><\/tr><\/tbody><\/table><\/figure>\n\n\n\n<p>Bir kullan\u0131c\u0131 Upload.cd \u00fccretsiz hesab\u0131na aitse, bir\u00e7ok kullan\u0131c\u0131 indirirken a\u011f trafi\u011fi nedeniyle bir dosya indirmeye \u00e7al\u0131\u015f\u0131rken sitedeki hatalar gibi baz\u0131 sorunlarla kar\u015f\u0131la\u015fabilirsiniz, ancak bir kullan\u0131c\u0131 Upload&#8217;a ait oldu\u011funda bu sorun ya\u015fanmaz .cd Premium Hesab\u0131, \u00e7\u00fcnk\u00fc Premium kullan\u0131c\u0131lara Upload.cd sitesinin sunucular\u0131nda \u00f6ncelik tan\u0131n\u0131r.<\/p>\n\n\n\n<p>Farkl\u0131 kullan\u0131c\u0131 hesab\u0131 t\u00fcrleri i\u00e7in Upload.cd sitesinin farkl\u0131 \u00f6zelliklerini veya hizmetlerini g\u00f6rmek i\u00e7in l\u00fctfen a\u015fa\u011f\u0131daki tabloya bak\u0131n.<\/p>\n\n\n\n<p>Upload.cd&#8217;nin \u00d6zellikleri veya Hizmetleri<\/p>\n\n\n\n<figure class=\"wp-block-table\"><table><tbody><tr><td>Upload.cd Kullan\u0131c\u0131 Hesab\u0131 T\u00fcr\u00fc<\/td><td>\u0130ndirme H\u0131z\u0131<\/td><td>\u0130ndirme say\u0131s\u0131<\/td><td>Depolama Alan\u0131 Kapasitesi<\/td><td>\u0130ndirme i\u00e7in bekleme s\u00fcresi<\/td><td>\u0130ndirme S\u0131n\u0131rlamalar\u0131<\/td><td>Y\u00fcklemeleri S\u00fcrd\u00fcrebilir<\/td><td>Reklamlar ve CAPTCHAS Var m\u0131?<\/td><td>G\u00fcvenli? G\u00fcvenli?<\/td><\/tr><tr><td>Bedava hesap<\/td><td>Saniyede 50 kilobayta kadar (50 KB \/ s)<\/td><td>1<\/td><td>S\u0131f\u0131r gigabayt (0 GB)<\/td><td>\u0130ndirme i\u015flemi altm\u0131\u015f (60) saniye veya bir (1) dakika sonra ba\u015flayacakt\u0131r<\/td><td>Her \u00fc\u00e7 (3) saatte bir (1) dosya indirilebilir<\/td><td>\u00d6zge\u00e7mi\u015f indirmesi yok<\/td><td>Evet<\/td><td>Evet<\/td><\/tr><tr><td>Kay\u0131tl\u0131 Hesap<\/td><td>Saniyede 80 kilobayta kadar (80 KB \/ s)<\/td><td>1<\/td><td>Elli gigabayt (50 GB)<\/td><td>\u0130ndirme i\u015flemi otuz (30) saniye sonra ba\u015flayacakt\u0131r<\/td><td>Her \u00fc\u00e7 (3) saatte bir (1) dosya indirilebilir<\/td><td>\u00d6zge\u00e7mi\u015f indirmesi yok<\/td><td>Evet<\/td><td>Evet<\/td><\/tr><tr><td>\u00d6zel hesap<\/td><td>S\u0131n\u0131rs\u0131z indirme h\u0131z\u0131<\/td><td>S\u0131n\u0131rs\u0131z say\u0131da dosya indirme<\/td><td>Be\u015f y\u00fcz gigabayt (500 GB)<\/td><td>Dosya veya dosya indirirken bekleme s\u00fcresi yok<\/td><td>Dosya veya dosya indirirken bekleme s\u00fcresi yok<\/td><td>Can resume the paused file or files to download<\/td><td>Yok<\/td><td>Evet<\/td><\/tr><\/tbody><\/table><\/figure>\n\n\n\n<h2>Upload.cd Premium Hesab\u0131<\/h2>\n\n\n\n<figure class=\"wp-block-table\"><table><tbody><tr><td>Ay say\u0131s\u0131:<\/td><td>1 ay<\/td><td>2 ay<\/td><td>6 ay<\/td><td>12 ay<\/td><\/tr><tr><td>Fiyat:<\/td><td>15,99 TL<\/td><td>34,99 TL<\/td><td>53,99 USD (Orijinal Fiyat 54,99 USD)<\/td><td>87.99 USD (Orijinal Fiyat 89.99 USD)<\/td><\/tr><\/tbody><\/table><\/figure>\n\n\n\n<figure class=\"wp-block-table\"><table><tbody><tr><td>Bu paketlerin teslim s\u00fcresi sadece \u00fc\u00e7 (3) dakika ila iki (2) saat kadar k\u0131sa s\u00fcrer.<\/td><\/tr><\/tbody><\/table><\/figure>\n\n\n\n<p><strong>Bir kullan\u0131c\u0131 Upload.cd Premium Paketini nereden sat\u0131n alabilir ve \u00f6deyebilir?<\/strong><\/p>\n\n\n\n<ol><li>Bir kullan\u0131c\u0131 Upload.cd.cd sitesindeki Upload.cd Premium Paketlerini PayPal veya kredi kartlar\u0131 arac\u0131l\u0131\u011f\u0131yla sat\u0131n alabilir.<\/li><li> Bir kullan\u0131c\u0131, Upload.cd Premium paketlerini PayPal \u00fczerinden resmi Upload.cd Premium sat\u0131c\u0131lar\u0131 arac\u0131l\u0131\u011f\u0131yla sat\u0131n alabilir.<\/li><li> Upload.cd Premium Paketini \u00f6deme konusunda desteklenen di\u011fer se\u00e7enekler:<\/li><\/ol>\n\n\n\n<figure class=\"wp-block-table\"><table><tbody><tr><td>Skrill<\/td><td>Kredi Kartlar\u0131 (Visa Card ve MasterCard)<\/td><td>Bitcoin veya Altcoin herhangi bir dijital C\u00fczdan&#8217;\u0131 bitcoin ile<\/td><td>Banka veya Banka havalesi<\/td><td>Alfa-t\u0131klay\u0131n<\/td><td>HSBC (Hongkong ve \u015eangay Bankac\u0131l\u0131k \u015eirketi)<\/td><td>Dotpay (e-\u00f6deme)<\/td><\/tr><tr><td>American Express<\/td><td>WebMoney<\/td><td>M\u00fckemmel Para<\/td><td>Santander Rio<\/td><td>Banco de Chile<\/td><td>Sberbank<\/td><td>WebPay plus<\/td><\/tr><tr><td>Paysafe card<\/td><td>Amazon<\/td><td>RED LINK<\/td><td>Red Compra<\/td><td>Moneta&nbsp;<\/td><td>Faktura<\/td><td>One Card<\/td><\/tr><tr><td>Japan Credit Bureau (JCB)<\/td><td>Paysera<\/td><td>IDEAL (\u00e7evrimi\u00e7i \u00f6deme)<\/td><td>QIWI Wallet<\/td><td>OXXO<\/td><td>GiroPay<\/td><td>Upload.cd Resmi Bayileri<\/td><\/tr><\/tbody><\/table><\/figure>\n\n\n\n<p>Kullan\u0131c\u0131lar\u0131n \u00f6deme bilgileri \u015fifrelenir ve Upload.cd taraf\u0131ndan g\u00fcvenli ve korunakl\u0131 tutmak i\u00e7in sunucular\u0131nda saklanmaz.<\/p>\n\n\n\n<h2>Upload.cd Premium Hesab\u0131n\u0131 kullanmayla ilgili baz\u0131 \u0130pu\u00e7lar\u0131 veya Talimatlar<\/h2>\n\n\n\n<p><strong>Upload.cd Premium Paketi nas\u0131l sat\u0131n al\u0131n\u0131r?<\/strong><\/p>\n\n\n\n<ol><li>Bir kullan\u0131c\u0131n\u0131n \u00f6nce Upload.cd sitesinde hesab\u0131na giri\u015f yapmas\u0131 gerekir. Bir kullan\u0131c\u0131n\u0131n Upload.cd \u00fczerinde bir hesab\u0131 yoksa, \u00f6nce kaydolmas\u0131 gerekir.<\/li><li> Bir kullan\u0131c\u0131 hangi Upload.cd Premium Paketini istedi\u011fine karar vermeli ve se\u00e7melidir.<\/li><li> Se\u00e7ilen Upload.cd Premium Paketini kontrol etmeye devam etmek i\u00e7in \u201c\u015e\u0130MD\u0130 SATIN AL\u201d butonuna t\u0131klay\u0131n.<\/li><li> Se\u00e7ilen Upload.cd Premium Paketini \u00f6demek i\u00e7in \u201cCheckout\u201d d\u00fc\u011fmesine t\u0131klay\u0131n.<\/li><li> Upload.cd, se\u00e7ilen Upload.cd Premium kupon kodu hakk\u0131nda kullan\u0131c\u0131ya bir SMS veya k\u0131sa mesaj g\u00f6nderir.<\/li><\/ol>\n\n\n\n<p><strong>Upload.cd Premium Paket Kupon Kodunun Etkinle\u015ftirilmesi<\/strong><\/p>\n\n\n\n<ol><li>Bir kullan\u0131c\u0131n\u0131n \u00f6nce Upload.cd sitesinde hesab\u0131na giri\u015f yapmas\u0131 gerekir. Bir kullan\u0131c\u0131n\u0131n Upload.cd \u00fczerinde bir hesab\u0131 yoksa, \u00f6nce kaydolmas\u0131 gerekir.<\/li><li> Bir kullan\u0131c\u0131 art\u0131k <a href=\"https:\/\/www.investopedia.com\/terms\/c\/coupon.asp\" target=\"_blank\" rel=\"noreferrer noopener\" aria-label=\"Kuponu  (opens in a new tab)\">Kuponu <\/a>Kullan Sayfas\u0131na Upload.cd Premium&#8217;un kupon kodunu girebilir.<\/li><li> Girilen kupon kodlar\u0131n\u0131n ge\u00e7erli ve do\u011fru oldu\u011funu do\u011frulamak i\u00e7in Upload.cd i\u00e7in &#8220;Kontrol et&#8221; d\u00fc\u011fmesine t\u0131klay\u0131n Ge\u00e7erli ve do\u011fru ise, sat\u0131n ald\u0131\u011f\u0131 Upload.cd Premium Paketi, Y\u00fckleme s\u0131ras\u0131nda etkinle\u015ftirilecektir. cd hesab\u0131.<\/li><\/ol>\n\n\n\n<p><strong>Upload.cd Premium Hesap aboneli\u011fini iptal etmek ister misiniz?<\/strong><\/p>\n\n\n\n<p>Bir kullan\u0131c\u0131n\u0131n aboneli\u011fini Upload.cd Premium Hesab\u0131ndan iptal etmek i\u00e7in, Upload.cd destek ekibine bir mesaj g\u00f6ndermesi gerekir. \u0130letinin Konusu olarak &#8220;Aboneli\u011fi \u0130ptal Et&#8221; i se\u00e7in ve &#8220;G\u00f6nder&#8221; i t\u0131klay\u0131n. Bir kullan\u0131c\u0131, ayn\u0131 konu ba\u015fl\u0131\u011f\u0131na sahip support@upload.cd adresine Upload.cd e-postas\u0131 yoluyla da g\u00f6nderebilir. Ard\u0131ndan, Upload.cd ekibi sizin i\u00e7in iptal edecek olan ekip olacakt\u0131r.<\/p>\n\n\n<a class=\"maxbutton-2 maxbutton maxbutton-cta\" target=\"_blank\" rel=\"nofollow noopener\" href=\"\/go\/\"><span class='mb-text'>&gt;&gt; Orijinal Linkifier Web Sitesine Git<\/span><\/a>\n\n\n<p><\/p>\n","protected":false},"excerpt":{"rendered":"<p>Upload.cd dosyas\u0131 nedir? Upload.cd, kullan\u0131c\u0131n\u0131n dosyalar\u0131n\u0131 sitelerine y\u00fcklemek veya bar\u0131nd\u0131rmak i\u00e7in kullan\u0131lan \u201cupload\u201d kelimesinden gelir. Upload.cd sitesi d\u00fcnyan\u0131n herhangi bir<\/p>\n","protected":false},"author":2,"featured_media":0,"parent":0,"menu_order":0,"comment_status":"closed","ping_status":"closed","template":"","meta":[],"yoast_head":"<!-- This site is optimized with the Yoast SEO plugin v18.3 - https:\/\/yoast.com\/wordpress\/plugins\/seo\/ -->\n<title>Upload.cd Premium Hesap: Bir Bak\u0131\u015fta Filehoster<\/title>\n<meta name=\"description\" content=\"Upload.cd sayg\u0131n bir sa\u011flay\u0131c\u0131 m\u0131 de\u011fil mi, cevab\u0131 Multihoster.org&#039;daki mevcut testte bulabilirsiniz \u279c \u015eimdi t\u0131klay\u0131n \u271a deneyimlerimizi okumak i\u00e7in!\" \/>\n<meta name=\"robots\" content=\"index, follow, max-snippet:-1, max-image-preview:large, max-video-preview:-1\" \/>\n<link rel=\"canonical\" href=\"https:\/\/multihoster.org\/tr\/upload-cd\/\" \/>\n<meta property=\"og:locale\" content=\"tr_TR\" \/>\n<meta property=\"og:type\" content=\"article\" \/>\n<meta property=\"og:title\" content=\"Upload.cd Premium Hesap: Bir Bak\u0131\u015fta Filehoster\" \/>\n<meta property=\"og:description\" content=\"Upload.cd sayg\u0131n bir sa\u011flay\u0131c\u0131 m\u0131 de\u011fil mi, cevab\u0131 Multihoster.org&#039;daki mevcut testte bulabilirsiniz \u279c \u015eimdi t\u0131klay\u0131n \u271a deneyimlerimizi okumak i\u00e7in!\" \/>\n<meta property=\"og:url\" content=\"https:\/\/multihoster.org\/tr\/upload-cd\/\" \/>\n<meta property=\"og:site_name\" content=\"Multihoster.org\" \/>\n<meta property=\"article:modified_time\" content=\"2020-05-29T14:27:10+00:00\" \/>\n<meta name=\"twitter:card\" content=\"summary\" \/>\n<meta name=\"twitter:label1\" content=\"Tahmini okuma s\u00fcresi\" \/>\n\t<meta name=\"twitter:data1\" content=\"9 dakika\" \/>\n<script type=\"application\/ld+json\" class=\"yoast-schema-graph\">{\"@context\":\"https:\/\/schema.org\",\"@graph\":[{\"@type\":\"WebSite\",\"@id\":\"https:\/\/multihoster.org\/#website\",\"url\":\"https:\/\/multihoster.org\/\",\"name\":\"Multihoster.org\",\"description\":\"Reviews of the major Filehosting services\",\"potentialAction\":[{\"@type\":\"SearchAction\",\"target\":{\"@type\":\"EntryPoint\",\"urlTemplate\":\"https:\/\/multihoster.org\/?s={search_term_string}\"},\"query-input\":\"required name=search_term_string\"}],\"inLanguage\":\"tr\"},{\"@type\":\"WebPage\",\"@id\":\"https:\/\/multihoster.org\/tr\/upload-cd\/#webpage\",\"url\":\"https:\/\/multihoster.org\/tr\/upload-cd\/\",\"name\":\"Upload.cd Premium Hesap: Bir Bak\u0131\u015fta Filehoster\",\"isPartOf\":{\"@id\":\"https:\/\/multihoster.org\/#website\"},\"datePublished\":\"2020-04-23T12:54:44+00:00\",\"dateModified\":\"2020-05-29T14:27:10+00:00\",\"description\":\"Upload.cd sayg\u0131n bir sa\u011flay\u0131c\u0131 m\u0131 de\u011fil mi, cevab\u0131 Multihoster.org'daki mevcut testte bulabilirsiniz \u279c \u015eimdi t\u0131klay\u0131n \u271a deneyimlerimizi okumak i\u00e7in!\",\"breadcrumb\":{\"@id\":\"https:\/\/multihoster.org\/tr\/upload-cd\/#breadcrumb\"},\"inLanguage\":\"tr\",\"potentialAction\":[{\"@type\":\"ReadAction\",\"target\":[\"https:\/\/multihoster.org\/tr\/upload-cd\/\"]}]},{\"@type\":\"BreadcrumbList\",\"@id\":\"https:\/\/multihoster.org\/tr\/upload-cd\/#breadcrumb\",\"itemListElement\":[{\"@type\":\"ListItem\",\"position\":1,\"name\":\"Startseite\",\"item\":\"https:\/\/multihoster.org\/tr\/\"},{\"@type\":\"ListItem\",\"position\":2,\"name\":\"Upload.cd Premium Hesap: Bir Bak\u0131\u015fta Filehoster\"}]}]}<\/script>\n<!-- \/ Yoast SEO plugin. -->","yoast_head_json":{"title":"Upload.cd Premium Hesap: Bir Bak\u0131\u015fta Filehoster","description":"Upload.cd sayg\u0131n bir sa\u011flay\u0131c\u0131 m\u0131 de\u011fil mi, cevab\u0131 Multihoster.org'daki mevcut testte bulabilirsiniz \u279c \u015eimdi t\u0131klay\u0131n \u271a deneyimlerimizi okumak i\u00e7in!","robots":{"index":"index","follow":"follow","max-snippet":"max-snippet:-1","max-image-preview":"max-image-preview:large","max-video-preview":"max-video-preview:-1"},"canonical":"https:\/\/multihoster.org\/tr\/upload-cd\/","og_locale":"tr_TR","og_type":"article","og_title":"Upload.cd Premium Hesap: Bir Bak\u0131\u015fta Filehoster","og_description":"Upload.cd sayg\u0131n bir sa\u011flay\u0131c\u0131 m\u0131 de\u011fil mi, cevab\u0131 Multihoster.org'daki mevcut testte bulabilirsiniz \u279c \u015eimdi t\u0131klay\u0131n \u271a deneyimlerimizi okumak i\u00e7in!","og_url":"https:\/\/multihoster.org\/tr\/upload-cd\/","og_site_name":"Multihoster.org","article_modified_time":"2020-05-29T14:27:10+00:00","twitter_card":"summary","twitter_misc":{"Tahmini okuma s\u00fcresi":"9 dakika"},"schema":{"@context":"https:\/\/schema.org","@graph":[{"@type":"WebSite","@id":"https:\/\/multihoster.org\/#website","url":"https:\/\/multihoster.org\/","name":"Multihoster.org","description":"Reviews of the major Filehosting services","potentialAction":[{"@type":"SearchAction","target":{"@type":"EntryPoint","urlTemplate":"https:\/\/multihoster.org\/?s={search_term_string}"},"query-input":"required name=search_term_string"}],"inLanguage":"tr"},{"@type":"WebPage","@id":"https:\/\/multihoster.org\/tr\/upload-cd\/#webpage","url":"https:\/\/multihoster.org\/tr\/upload-cd\/","name":"Upload.cd Premium Hesap: Bir Bak\u0131\u015fta Filehoster","isPartOf":{"@id":"https:\/\/multihoster.org\/#website"},"datePublished":"2020-04-23T12:54:44+00:00","dateModified":"2020-05-29T14:27:10+00:00","description":"Upload.cd sayg\u0131n bir sa\u011flay\u0131c\u0131 m\u0131 de\u011fil mi, cevab\u0131 Multihoster.org'daki mevcut testte bulabilirsiniz \u279c \u015eimdi t\u0131klay\u0131n \u271a deneyimlerimizi okumak i\u00e7in!","breadcrumb":{"@id":"https:\/\/multihoster.org\/tr\/upload-cd\/#breadcrumb"},"inLanguage":"tr","potentialAction":[{"@type":"ReadAction","target":["https:\/\/multihoster.org\/tr\/upload-cd\/"]}]},{"@type":"BreadcrumbList","@id":"https:\/\/multihoster.org\/tr\/upload-cd\/#breadcrumb","itemListElement":[{"@type":"ListItem","position":1,"name":"Startseite","item":"https:\/\/multihoster.org\/tr\/"},{"@type":"ListItem","position":2,"name":"Upload.cd Premium Hesap: Bir Bak\u0131\u015fta Filehoster"}]}]}},"_links":{"self":[{"href":"https:\/\/multihoster.org\/tr\/wp-json\/wp\/v2\/pages\/4405"}],"collection":[{"href":"https:\/\/multihoster.org\/tr\/wp-json\/wp\/v2\/pages"}],"about":[{"href":"https:\/\/multihoster.org\/tr\/wp-json\/wp\/v2\/types\/page"}],"author":[{"embeddable":true,"href":"https:\/\/multihoster.org\/tr\/wp-json\/wp\/v2\/users\/2"}],"replies":[{"embeddable":true,"href":"https:\/\/multihoster.org\/tr\/wp-json\/wp\/v2\/comments?post=4405"}],"version-history":[{"count":3,"href":"https:\/\/multihoster.org\/tr\/wp-json\/wp\/v2\/pages\/4405\/revisions"}],"predecessor-version":[{"id":4570,"href":"https:\/\/multihoster.org\/tr\/wp-json\/wp\/v2\/pages\/4405\/revisions\/4570"}],"wp:attachment":[{"href":"https:\/\/multihoster.org\/tr\/wp-json\/wp\/v2\/media?parent=4405"}],"curies":[{"name":"wp","href":"https:\/\/api.w.org\/{rel}","templated":true}]}}