{"id":4426,"date":"2020-04-23T13:10:23","date_gmt":"2020-04-23T13:10:23","guid":{"rendered":"https:\/\/multihoster.org\/vidto\/"},"modified":"2020-04-23T17:05:30","modified_gmt":"2020-04-23T17:05:30","slug":"vidto","status":"publish","type":"page","link":"https:\/\/multihoster.org\/tr\/vidto\/","title":{"rendered":"Vidto Premium Hesap: Ak\u0131\u015f Hizmetleri \u0130\u00e7in En \u0130yi Site"},"content":{"rendered":"<a class=\"maxbutton-2 maxbutton maxbutton-cta\" target=\"_blank\" rel=\"nofollow noopener\" href=\"\/go\/\"><span class='mb-text'>&gt;&gt; Orijinal Linkifier Web Sitesine Git<\/span><\/a>\n\n\n<p><\/p>\n\n\n\n<h2>Vidto nedir?<\/h2>\n\n\n\n<p>Vidto, ak\u0131\u015f hizmetleri i\u00e7in en iyi sitelerden biridir. Kullan\u0131c\u0131lar sitelerini belgeseller, \u00e7izgi filmler veya anime, filmler, filmler, \u015fovlar ve di\u011fer video t\u00fcrleri gibi videolar\u0131 yay\u0131nlamak i\u00e7in kullanabilirler. Vidto sitesine internet ba\u011flant\u0131s\u0131 olan herhangi bir cihazdan eri\u015filebilir. Kullan\u0131c\u0131lar ak\u0131\u015f\u0131n\u0131 ba\u015flatmak i\u00e7in web taray\u0131c\u0131lar\u0131ndan sitelerine eri\u015febilir.<\/p>\n\n\n\n<h2>Vidto Premium Hesap<\/h2>\n\n\n\n<p>Vidto Premium Hesap sahibi olman\u0131n avantajlar\u0131<\/p>\n\n\n\n<ul><li>Kullan\u0131c\u0131lar herhangi bir videoyu bekleme s\u00fcresi olmadan Vidto sitesinden indirebilir<\/li><li>Kullan\u0131c\u0131lar, Vidto Premium Hesab\u0131n\u0131 kullanarak herhangi bir videoyu indirmede ve herhangi bir video ak\u0131\u015f\u0131nda \u00e7ok y\u00fcksek h\u0131zda deneyimleyecekler.<\/li><li>Vidto sitesinin web sayfalar\u0131nda reklam yoktur.<\/li><li>kullan\u0131c\u0131lar videolar i\u00e7in \u00e7ok h\u0131zl\u0131 bir ak\u0131\u015f h\u0131z\u0131 ya\u015fayacaklar.<\/li><li>Kullan\u0131c\u0131lar, Vidto sitesinden herhangi bir video indirmek istediklerinde farkl\u0131 indirme y\u00f6neticileri kullanabilir veya yaz\u0131l\u0131m indirebilir veya siteleri indirebilir.<\/li><li>kullan\u0131c\u0131lar\u0131 herhangi bir videoyu y\u00fcksek tan\u0131ml\u0131 veya y\u00fcksek kalitede aktarabilir.<\/li><li>Kullan\u0131c\u0131lar videolar\u0131 \u00e7evrimi\u00e7i ve \u00e7evrimd\u0131\u015f\u0131 modda oynatabilir veya oynatabilir.<\/li><li>Kullan\u0131c\u0131lar videolar\u0131 \u00e7evrimd\u0131\u015f\u0131 mod arac\u0131l\u0131\u011f\u0131yla kaydedebilir.<\/li><\/ul>\n\n\n\n<h2>Vidto: Videolar\u0131 indirme<\/h2>\n\n\n\n<p>Kullan\u0131c\u0131lar\u0131n Vidto&#8217;da video indirme hakk\u0131nda bilmeleri gereken baz\u0131 \u015feyler:<\/p>\n\n\n\n<p><strong>S1: Kullan\u0131c\u0131lar\u0131n Vidto sitesinden herhangi bir video indirememesi durumunda ne yapmas\u0131 gerekir?<\/strong><\/p>\n\n\n\n<p>A1: Kullan\u0131c\u0131lar Vidto sitesinden herhangi bir video indiremezse, videoyu ekranlar\u0131nda kaydetmek i\u00e7in herhangi bir yaz\u0131l\u0131m veya herhangi bir uygulamay\u0131 video kayd\u0131 veya ekran g\u00f6r\u00fcnt\u00fcs\u00fc almak i\u00e7in kullanabilirler. Buna \u201cHam Kay\u0131t\u201d y\u00f6ntemi de denir.<\/p>\n\n\n\n<p><strong>S2: Kullan\u0131c\u0131lar, Vidto sitesinden indirdikleri videolar\u0131 cihazlar\u0131nda a\u00e7abilir ve oynatabilir mi?<\/strong><\/p>\n\n\n\n<p>A2: Evet, kullan\u0131c\u0131lar videolar\u0131 cihazlar\u0131nda bir indirici kullanarak indirdiklerinde, video dosyas\u0131n\u0131 otomatik olarak mp4 t\u00fcr\u00fcnde bir videoya d\u00f6n\u00fc\u015ft\u00fcr\u00fcr, b\u00f6ylece Vidto sitesinden indirdikleri videolar\u0131 a\u00e7abilir ve oynatabilirler.<\/p>\n\n\n\n<p><strong>S3: Kullan\u0131c\u0131lar Vidto sitesinden indirdikleri videolar\u0131 di\u011fer insanlarla payla\u015fabilir mi?<\/strong><\/p>\n\n\n\n<p>A3: Kullan\u0131c\u0131lar Vidto sitesinden herhangi bir video indirdikten sonra, bu videolar\u0131 yaln\u0131zca ki\u015fisel kullan\u0131mlar\u0131 i\u00e7in kullanabilirler, ancak sosyal medyada payla\u015famaz veya cihazlar\u0131ndaki payla\u015f\u0131m arac\u0131n\u0131 veya uygulamay\u0131 kullanarak ba\u015fkalar\u0131na g\u00f6nderemezler.<\/p>\n\n\n\n<p><strong>S4: Kullan\u0131c\u0131lar Vidto sitesinden indirdikten sonra videoyu di\u011fer video formatlar\u0131na d\u00f6n\u00fc\u015ft\u00fcrebilir mi?<\/strong><\/p>\n\n\n\n<p>A4: Evet, kullan\u0131c\u0131lar videoyu Vidto taraf\u0131ndan indirmek istedikleri di\u011fer video formatlar\u0131na d\u00f6n\u00fc\u015ft\u00fcrebilir.<\/p>\n\n\n\n<p><strong>S5: Vidto sitesinden video indirmek yasal m\u0131 de\u011fil mi?<\/strong><\/p>\n\n\n\n<p>A5: Evet, Vidto sitesinden herhangi bir video indirmek g\u00fcvenli ve yasald\u0131r, ancak telif haklar\u0131na sahip videolar oldu\u011fu i\u00e7in \u015fartlar\u0131na ve ko\u015fullar\u0131na ba\u011fl\u0131d\u0131r, bu nedenle kullan\u0131c\u0131lar\u0131n \u00f6nce videonun sahibinden izin istemeleri gerekir .<\/p>\n\n\n\n<h3>Kullan\u0131c\u0131lar bir Video \u0130ndirici ararken nelere dikkat etmeli?<\/h3>\n\n\n\n<p>Kullan\u0131c\u0131lar bir video indirici ararken, bunlar\u0131 a\u015fa\u011f\u0131da dikkate almal\u0131d\u0131r.<\/p>\n\n\n\n<ul><li>Kullan\u0131c\u0131lar\u0131n, yaz\u0131l\u0131m\u0131n, sitenin veya uygulaman\u0131n grafik kullan\u0131c\u0131 aray\u00fcz\u00fcn\u00fcn veya GUI&#8217;sinin a\u00e7\u0131k, basit ve kullan\u0131c\u0131 dostu olup olmad\u0131\u011f\u0131n\u0131 kontrol etmesi gerekir.<\/li><li>Video Downloader yaln\u0131zca bir i\u015flev veya bir\u00e7ok i\u015flev i\u00e7eriyor mu?<\/li><li>Kullan\u0131c\u0131lar\u0131n, video indiricinin indirilen videolar\u0131n farkl\u0131 video t\u00fcrlerine veya bi\u00e7imlerine d\u00f6n\u00fc\u015ft\u00fcr\u00fclmesi i\u00e7in bir \u00f6zelli\u011fi olup olmad\u0131\u011f\u0131n\u0131 kontrol etmesi gerekir.<\/li><\/ul>\n\n\n\n<h3>Vidto&#8217;dan cep telefonlar\u0131n\u0131 kullanarak video indirme<\/h3>\n\n\n\n<p>Cep telefonlar\u0131yla video indirmek isteyen kullan\u0131c\u0131lar var, bu y\u00fczden Vidto cep telefonlar\u0131n\u0131 kullanmalar\u0131na ve do\u011frudan Vidto&#8217;dan video indirebilecekleri bir video indiricisini indirmelerine izin veriyor. Video indirici aramak i\u00e7in Google Play Store veya App Store&#8217;u kullanabilirler.<\/p>\n\n\n\n<h2>Vidto: Abone<\/h2>\n\n\n\n<p>Videolar\u0131 indirmek i\u00e7in kullan\u0131c\u0131lar Vidto&#8217;ya abone olabilir. Kullan\u0131c\u0131lar abone olduktan sonra, videolar\u0131 \u00e7evrimd\u0131\u015f\u0131 modda oynatmalar\u0131 i\u00e7in herhangi bir videoyu kaydetmelerine izin verilir. Kesinlikle, abone olmak \u00e7ok \u00f6nemlidir.<\/p>\n\n\n<a class=\"maxbutton-2 maxbutton maxbutton-cta\" target=\"_blank\" rel=\"nofollow noopener\" href=\"\/go\/\"><span class='mb-text'>&gt;&gt; Orijinal Linkifier Web Sitesine Git<\/span><\/a>\n\n\n<h2>Vidto: Siteye eri\u015fim<\/h2>\n\n\n\n<h3>Vidto sitesi kullan\u0131c\u0131n\u0131n sonuna geldiyse ne yapmal\u0131?<\/h3>\n\n\n\n<p>Kullan\u0131c\u0131lar Vidto sitesine eri\u015fmeye \u00e7al\u0131\u015f\u0131yorsa, ancak ger\u00e7ekle\u015fiyor ve \u00e7al\u0131\u015fm\u0131yor gibi g\u00f6r\u00fcn\u00fcyorsa, a\u015fa\u011f\u0131daki alt\u0131 (6) sorun giderme yolunu denemeleri gerekir.<\/p>\n\n\n\n<p>1 Yol \u2192 Kullan\u0131c\u0131lar CTRL + F5 tu\u015flar\u0131na ayn\u0131 anda basarak web taray\u0131c\u0131lar\u0131n\u0131 yenilemeye \u00e7al\u0131\u015fmal\u0131d\u0131rlar ya da sadece F5 tu\u015funa basabilirler. Sorun hala \u00e7\u00f6z\u00fclmediyse, l\u00fctfen 2. yola ge\u00e7in.<\/p>\n\n\n\n<p>2 Yol \u2192 Kullan\u0131c\u0131lar internet ba\u011flant\u0131lar\u0131n\u0131 kontrol etmelidir. <a rel=\"noreferrer noopener\" aria-label=\"Modemlerini veya y\u00f6nlendiricilerini (opens in a new tab)\" href=\"https:\/\/www.lifewire.com\/difference-between-modem-and-router-4159854\" target=\"_blank\">Modemlerini veya y\u00f6nlendiricilerini<\/a> kapatmal\u0131 ve cihazlar\u0131n\u0131 yeniden ba\u015flatmal\u0131d\u0131rlar. Cihazlar\u0131n\u0131 yeniden ba\u015flatt\u0131ktan sonra (modem veya y\u00f6nlendirici) tekrar a\u00e7\u0131n. \u00c7erezleri ve <a rel=\"noreferrer noopener\" aria-label=\"\u00f6nbellekleri  (opens in a new tab)\" href=\"https:\/\/en.wikipedia.org\/wiki\/Cache_(computing)\" target=\"_blank\">\u00f6nbellekleri <\/a>temizleyin. Sorun hala \u00e7\u00f6z\u00fclmediyse, l\u00fctfen 3. yola ge\u00e7in.<\/p>\n\n\n\n<p>3 Yol \u2192 Kullan\u0131c\u0131lar, cihazlar\u0131n\u0131n g\u00fcvenlik duvar\u0131n\u0131n ayarlar\u0131n\u0131 kontrol etmelidir, \u00e7\u00fcnk\u00fc bu, Vidto sitesine d\u00fczg\u00fcn bir \u015fekilde eri\u015filememesinin nedenlerinden biri olabilir. Antivir\u00fcsleri veya g\u00fcvenlik duvarlar\u0131n\u0131 ge\u00e7ici olarak devre d\u0131\u015f\u0131 b\u0131rakabilirler. Bu nedenle, antivir\u00fcsleri veya g\u00fcvenlik duvar\u0131n\u0131 devre d\u0131\u015f\u0131 b\u0131rakt\u0131ktan sonra Vidto sitesine eri\u015filebiliyorsa, bu, kullan\u0131c\u0131lar\u0131n cihaz\u0131n\u0131n yaz\u0131l\u0131m\u0131n\u0131n soruna neden oldu\u011fu anlam\u0131na gelir. Sorun hala \u00e7\u00f6z\u00fclmediyse, l\u00fctfen 4. yola ge\u00e7in.<\/p>\n\n\n\n<p>4 Yol \u2192 Kullan\u0131c\u0131lar a\u011flar\u0131n\u0131n proxy ayarlar\u0131n\u0131 kontrol etmelidir, daha sonra proxy sunucusunu otomatik olarak ayarlayabilir veya ayarlanan proxy sunucusunun \u00e7al\u0131\u015ft\u0131\u011f\u0131ndan emin olmak i\u00e7in a\u011f y\u00f6neticilerine ba\u015fvurabilirler. Sorun hala \u00e7\u00f6z\u00fclmediyse, l\u00fctfen 5. yola ge\u00e7in.<\/p>\n\n\n\n<p>5 Yol \u2192 Kullan\u0131c\u0131lar a\u011f ayarlar\u0131n\u0131 kontrol etmeli ve Vidto sitesini web taray\u0131c\u0131s\u0131n\u0131n g\u00fcvenilir sitelerine eklemeye \u00e7al\u0131\u015fmal\u0131d\u0131r. Sorun hala \u00e7\u00f6z\u00fclmediyse, l\u00fctfen 6. yola ge\u00e7in.<\/p>\n\n\n\n<p>6 Yol \u2192 Sorun hala devam ediyorsa, bunun nedeni Etki Alan\u0131 Ad\u0131 Sistemi veya DNS olabilir. Bu, Vidto&#8217;nun etki alan\u0131 ad\u0131n\u0131 bilgisayar\u0131n anlayabilece\u011fi bir Internet Protokol\u00fc veya IP adresi bi\u00e7imine d\u00f6n\u00fc\u015ft\u00fcren bir hizmettir. Kullan\u0131c\u0131lar, Windows, MAC OS, Linux olsun, cihazlar\u0131n\u0131n komut isteminde bu \u201cipconfig \/ flushdns\u201d komutunu girerek DNS&#8217;yi temizleyebilir veya temizleyebilir. Hala \u00e7al\u0131\u015fm\u0131yorsa, \u0130nternet Servis Sa\u011flay\u0131c\u0131s\u0131 ile ileti\u015fim kurabilir veya DNS&#8217;yi y\u00f6netmekle sorumlu ISS&#8217;dir.<\/p>\n\n\n\n<h3>Vidto&#8217;nun sitesinde bir sorun varsa ne yapmal\u0131?<\/h3>\n\n\n\n<p>Kullan\u0131c\u0131lar Vidto&#8217;ya eri\u015fmeye \u00e7al\u0131\u015f\u0131yorsa, ancak sitenin sunucusu nedeniyle bir sorunu varsa, bu nedenle a\u015fa\u011f\u0131daki iki (2) yolu denemeleri gerekir.<\/p>\n\n\n\n<ol><li>Kullan\u0131c\u0131lar siteyi yenilemeyi veya DNS istemcisinin hizmetini yeniden ba\u015flatmay\u0131 deneyebilir.<\/li><li>Kullan\u0131c\u0131lar, Vidto sitesinin tekrar \u00e7al\u0131\u015fmas\u0131n\u0131 bekleyebilir.<\/li><li>Kullan\u0131c\u0131lar sorular\u0131n\u0131 veya endi\u015felerini Facebook veya Twitter&#8217;daki sosyal medya hesaplar\u0131na g\u00f6nderebilirler.<\/li><\/ol>\n\n\n\n<h2>Vidto: Akarsu Videolar<\/h2>\n\n\n\n<p><strong>Peki, ak\u0131\u015f ne anlama geliyor?<\/strong><\/p>\n\n\n\n<p>Ak\u0131\u015f arac\u0131, bir sunucudan belirli bir istemciye sesler veya sesler ve videolar dahil olmak \u00fczere bir dosyan\u0131n veya dosyalar\u0131n verilerinin s\u00fcrekli aktar\u0131lmas\u0131d\u0131r. Bunun basit bir \u00f6rne\u011fi, insanlar\u0131n herhangi bir televizyon \u015fovunu izledikleri veya cihazlar\u0131 internete ba\u011fl\u0131yken herhangi bir podcast veya m\u00fczik dinledikleri zamand\u0131r. Bu eylemler, kullan\u0131c\u0131lar bir dosyay\u0131 veya dosyalar\u0131 indirip daha sonra eri\u015ftiklerinde, ger\u00e7ek veya ger\u00e7ek zamanl\u0131 olarak yap\u0131ld\u0131klar\u0131ndan farkl\u0131d\u0131r. Ak\u0131\u015fla, kullan\u0131c\u0131n\u0131n cihaz\u0131nda ak\u0131\u015fta olan video dosyas\u0131 uzaktan depolan\u0131r ve a\u011f \u00fczerinden iletilir.<\/p>\n\n\n\n<p>Ak\u0131\u015fla, kullan\u0131c\u0131lar videonun t\u00fcm verileri internet yard\u0131m\u0131yla iletilmeden \u00f6nce videoyu oynatmaya ba\u015flamak i\u00e7in web taray\u0131c\u0131s\u0131n\u0131 veya bir eklentiyi veya bir uzant\u0131y\u0131 veya uygulamay\u0131 kullanabilirler.<\/p>\n\n\n\n<figure class=\"wp-block-table\"><table class=\"\"><tbody><tr><td class=\"has-text-align-center\" data-align=\"center\"><strong>Ak\u0131\u015f\u0131 etkileyebilecek fakt\u00f6rler<\/strong><\/td><\/tr><\/tbody><\/table><\/figure>\n\n\n\n<figure class=\"wp-block-table\"><table class=\"\"><tbody><tr><td>A\u011f taraf\u0131<\/td><td>Kullan\u0131c\u0131n\u0131n taraf\u0131<\/td><\/tr><tr><td>A\u011f\u0131n gecikmesi i\u00e7in. \u2192 Kullan\u0131c\u0131lar\u0131n orada saklanan dosyalara eri\u015fmeye \u00e7al\u0131\u015ft\u0131\u011f\u0131 i\u00e7eri\u011fin konumu da dahil olmak \u00fczere gecikmeyi etkileyen veya etkileyen farkl\u0131 fakt\u00f6rler vard\u0131r.<\/td><td>Wireless Fidelity veya WiFi&#8217;deki sorunlar i\u00e7in. \u2192 Kullan\u0131c\u0131lar modemi veya y\u00f6nlendiriciyi yeniden ba\u015flat\u0131rsa veya Ethernet&#8217;te de\u011fi\u015fiklikler varsa, ak\u0131\u015f performans\u0131n\u0131 iyile\u015ftirmeye veya art\u0131rmaya yard\u0131mc\u0131 olabilir.<\/td><\/tr><tr><td>A\u011f t\u0131kan\u0131kl\u0131\u011f\u0131 i\u00e7in. \u2192 A\u011f \u00fczerinden g\u00f6nderilen \u00e7ok fazla veri oldu\u011funda. Bu, ak\u0131\u015f performans\u0131n\u0131n d\u00fc\u015fmesine veya d\u00fc\u015fmesine neden olabilir.<\/td><td>D\u00fc\u015f\u00fck performans g\u00f6steren kullan\u0131c\u0131lar\u0131n cihazlar\u0131 i\u00e7in. \u2192 Herhangi bir video oynat\u0131l\u0131rken, bir cihaz yeterli veya b\u00fcy\u00fck bir i\u015flem g\u00fcc\u00fc kapasitesine sahip olmal\u0131d\u0131r, \u00e7\u00fcnk\u00fc kullan\u0131c\u0131lar bir video ak\u0131\u015f\u0131 yapt\u0131\u011f\u0131nda ve arka planda \u00e7al\u0131\u015fan ba\u015fka uygulamalar oldu\u011funda ak\u0131\u015f performans\u0131n\u0131 etkileyecektir. Ak\u0131\u015f da yava\u015f olacakt\u0131r.<\/td><\/tr><tr><td><br><\/td><td>Bant geni\u015fli\u011fi miktar\u0131 i\u00e7in. \u2192 Genellikle, bir ev a\u011f\u0131n\u0131n iyi bir video kalitesini oynatmak i\u00e7in saniyede yakla\u015f\u0131k d\u00f6rt megabayt (4 Mbps) bant geni\u015fli\u011fine ihtiyac\u0131 vard\u0131r, ancak y\u00fcksek \u00e7\u00f6z\u00fcn\u00fcrl\u00fckl\u00fc videolar i\u00e7in ev a\u011f\u0131n\u0131n saniyede sadece d\u00f6rt megabayttan daha fazlas\u0131na ihtiyac\u0131 olacakt\u0131r ( 4 Mbps).<\/td><\/tr><\/tbody><\/table><\/figure>\n\n\n<a class=\"maxbutton-2 maxbutton maxbutton-cta\" target=\"_blank\" rel=\"nofollow noopener\" href=\"\/go\/\"><span class='mb-text'>&gt;&gt; Orijinal Linkifier Web Sitesine Git<\/span><\/a>","protected":false},"excerpt":{"rendered":"<p>Vidto nedir? Vidto, ak\u0131\u015f hizmetleri i\u00e7in en iyi sitelerden biridir. Kullan\u0131c\u0131lar sitelerini belgeseller, \u00e7izgi filmler veya anime, filmler, filmler, \u015fovlar<\/p>\n","protected":false},"author":2,"featured_media":0,"parent":0,"menu_order":0,"comment_status":"closed","ping_status":"closed","template":"","meta":[],"yoast_head":"<!-- This site is optimized with the Yoast SEO plugin v18.3 - https:\/\/yoast.com\/wordpress\/plugins\/seo\/ -->\n<title>Vidto Premium Hesap \u2013 Ak\u0131\u015f Hizmetleri \u0130\u00e7in En \u0130yi Site<\/title>\n<meta name=\"description\" content=\"Vidto sayg\u0131n bir sa\u011flay\u0131c\u0131 m\u0131 de\u011fil mi, cevab\u0131 Multihoster.org&#039;daki mevcut testte bulabilirsiniz \u279c \u015eimdi t\u0131klay\u0131n \u271a deneyimlerimizi okumak i\u00e7in!\" \/>\n<meta name=\"robots\" content=\"index, follow, max-snippet:-1, max-image-preview:large, max-video-preview:-1\" \/>\n<link rel=\"canonical\" href=\"https:\/\/multihoster.org\/tr\/vidto\/\" \/>\n<meta property=\"og:locale\" content=\"tr_TR\" \/>\n<meta property=\"og:type\" content=\"article\" \/>\n<meta property=\"og:title\" content=\"Vidto Premium Hesap \u2013 Ak\u0131\u015f Hizmetleri \u0130\u00e7in En \u0130yi Site\" \/>\n<meta property=\"og:description\" content=\"Vidto sayg\u0131n bir sa\u011flay\u0131c\u0131 m\u0131 de\u011fil mi, cevab\u0131 Multihoster.org&#039;daki mevcut testte bulabilirsiniz \u279c \u015eimdi t\u0131klay\u0131n \u271a deneyimlerimizi okumak i\u00e7in!\" \/>\n<meta property=\"og:url\" content=\"https:\/\/multihoster.org\/tr\/vidto\/\" \/>\n<meta property=\"og:site_name\" content=\"Multihoster.org\" \/>\n<meta property=\"article:modified_time\" content=\"2020-04-23T17:05:30+00:00\" \/>\n<meta name=\"twitter:card\" content=\"summary\" \/>\n<meta name=\"twitter:label1\" content=\"Tahmini okuma s\u00fcresi\" \/>\n\t<meta name=\"twitter:data1\" content=\"7 dakika\" \/>\n<script type=\"application\/ld+json\" class=\"yoast-schema-graph\">{\"@context\":\"https:\/\/schema.org\",\"@graph\":[{\"@type\":\"WebSite\",\"@id\":\"https:\/\/multihoster.org\/#website\",\"url\":\"https:\/\/multihoster.org\/\",\"name\":\"Multihoster.org\",\"description\":\"Reviews of the major Filehosting services\",\"potentialAction\":[{\"@type\":\"SearchAction\",\"target\":{\"@type\":\"EntryPoint\",\"urlTemplate\":\"https:\/\/multihoster.org\/?s={search_term_string}\"},\"query-input\":\"required name=search_term_string\"}],\"inLanguage\":\"tr\"},{\"@type\":\"WebPage\",\"@id\":\"https:\/\/multihoster.org\/tr\/vidto\/#webpage\",\"url\":\"https:\/\/multihoster.org\/tr\/vidto\/\",\"name\":\"Vidto Premium Hesap \u2013 Ak\u0131\u015f Hizmetleri \u0130\u00e7in En \u0130yi Site\",\"isPartOf\":{\"@id\":\"https:\/\/multihoster.org\/#website\"},\"datePublished\":\"2020-04-23T13:10:23+00:00\",\"dateModified\":\"2020-04-23T17:05:30+00:00\",\"description\":\"Vidto sayg\u0131n bir sa\u011flay\u0131c\u0131 m\u0131 de\u011fil mi, cevab\u0131 Multihoster.org'daki mevcut testte bulabilirsiniz \u279c \u015eimdi t\u0131klay\u0131n \u271a deneyimlerimizi okumak i\u00e7in!\",\"breadcrumb\":{\"@id\":\"https:\/\/multihoster.org\/tr\/vidto\/#breadcrumb\"},\"inLanguage\":\"tr\",\"potentialAction\":[{\"@type\":\"ReadAction\",\"target\":[\"https:\/\/multihoster.org\/tr\/vidto\/\"]}]},{\"@type\":\"BreadcrumbList\",\"@id\":\"https:\/\/multihoster.org\/tr\/vidto\/#breadcrumb\",\"itemListElement\":[{\"@type\":\"ListItem\",\"position\":1,\"name\":\"Startseite\",\"item\":\"https:\/\/multihoster.org\/tr\/\"},{\"@type\":\"ListItem\",\"position\":2,\"name\":\"Vidto Premium Hesap: Ak\u0131\u015f Hizmetleri \u0130\u00e7in En \u0130yi Site\"}]}]}<\/script>\n<!-- \/ Yoast SEO plugin. -->","yoast_head_json":{"title":"Vidto Premium Hesap \u2013 Ak\u0131\u015f Hizmetleri \u0130\u00e7in En \u0130yi Site","description":"Vidto sayg\u0131n bir sa\u011flay\u0131c\u0131 m\u0131 de\u011fil mi, cevab\u0131 Multihoster.org'daki mevcut testte bulabilirsiniz \u279c \u015eimdi t\u0131klay\u0131n \u271a deneyimlerimizi okumak i\u00e7in!","robots":{"index":"index","follow":"follow","max-snippet":"max-snippet:-1","max-image-preview":"max-image-preview:large","max-video-preview":"max-video-preview:-1"},"canonical":"https:\/\/multihoster.org\/tr\/vidto\/","og_locale":"tr_TR","og_type":"article","og_title":"Vidto Premium Hesap \u2013 Ak\u0131\u015f Hizmetleri \u0130\u00e7in En \u0130yi Site","og_description":"Vidto sayg\u0131n bir sa\u011flay\u0131c\u0131 m\u0131 de\u011fil mi, cevab\u0131 Multihoster.org'daki mevcut testte bulabilirsiniz \u279c \u015eimdi t\u0131klay\u0131n \u271a deneyimlerimizi okumak i\u00e7in!","og_url":"https:\/\/multihoster.org\/tr\/vidto\/","og_site_name":"Multihoster.org","article_modified_time":"2020-04-23T17:05:30+00:00","twitter_card":"summary","twitter_misc":{"Tahmini okuma s\u00fcresi":"7 dakika"},"schema":{"@context":"https:\/\/schema.org","@graph":[{"@type":"WebSite","@id":"https:\/\/multihoster.org\/#website","url":"https:\/\/multihoster.org\/","name":"Multihoster.org","description":"Reviews of the major Filehosting services","potentialAction":[{"@type":"SearchAction","target":{"@type":"EntryPoint","urlTemplate":"https:\/\/multihoster.org\/?s={search_term_string}"},"query-input":"required name=search_term_string"}],"inLanguage":"tr"},{"@type":"WebPage","@id":"https:\/\/multihoster.org\/tr\/vidto\/#webpage","url":"https:\/\/multihoster.org\/tr\/vidto\/","name":"Vidto Premium Hesap \u2013 Ak\u0131\u015f Hizmetleri \u0130\u00e7in En \u0130yi Site","isPartOf":{"@id":"https:\/\/multihoster.org\/#website"},"datePublished":"2020-04-23T13:10:23+00:00","dateModified":"2020-04-23T17:05:30+00:00","description":"Vidto sayg\u0131n bir sa\u011flay\u0131c\u0131 m\u0131 de\u011fil mi, cevab\u0131 Multihoster.org'daki mevcut testte bulabilirsiniz \u279c \u015eimdi t\u0131klay\u0131n \u271a deneyimlerimizi okumak i\u00e7in!","breadcrumb":{"@id":"https:\/\/multihoster.org\/tr\/vidto\/#breadcrumb"},"inLanguage":"tr","potentialAction":[{"@type":"ReadAction","target":["https:\/\/multihoster.org\/tr\/vidto\/"]}]},{"@type":"BreadcrumbList","@id":"https:\/\/multihoster.org\/tr\/vidto\/#breadcrumb","itemListElement":[{"@type":"ListItem","position":1,"name":"Startseite","item":"https:\/\/multihoster.org\/tr\/"},{"@type":"ListItem","position":2,"name":"Vidto Premium Hesap: Ak\u0131\u015f Hizmetleri \u0130\u00e7in En \u0130yi Site"}]}]}},"_links":{"self":[{"href":"https:\/\/multihoster.org\/tr\/wp-json\/wp\/v2\/pages\/4426"}],"collection":[{"href":"https:\/\/multihoster.org\/tr\/wp-json\/wp\/v2\/pages"}],"about":[{"href":"https:\/\/multihoster.org\/tr\/wp-json\/wp\/v2\/types\/page"}],"author":[{"embeddable":true,"href":"https:\/\/multihoster.org\/tr\/wp-json\/wp\/v2\/users\/2"}],"replies":[{"embeddable":true,"href":"https:\/\/multihoster.org\/tr\/wp-json\/wp\/v2\/comments?post=4426"}],"version-history":[{"count":4,"href":"https:\/\/multihoster.org\/tr\/wp-json\/wp\/v2\/pages\/4426\/revisions"}],"predecessor-version":[{"id":4499,"href":"https:\/\/multihoster.org\/tr\/wp-json\/wp\/v2\/pages\/4426\/revisions\/4499"}],"wp:attachment":[{"href":"https:\/\/multihoster.org\/tr\/wp-json\/wp\/v2\/media?parent=4426"}],"curies":[{"name":"wp","href":"https:\/\/api.w.org\/{rel}","templated":true}]}}