{"id":4971,"date":"2020-07-01T14:33:40","date_gmt":"2020-07-01T14:33:40","guid":{"rendered":"https:\/\/multihoster.org\/?page_id=4971"},"modified":"2020-07-03T12:32:14","modified_gmt":"2020-07-03T12:32:14","slug":"bigrock","status":"publish","type":"page","link":"https:\/\/multihoster.org\/tr\/bigrock\/","title":{"rendered":"BigRock Web Hosting: Bir Kaya Kat\u0131 Vakf\u0131 var m\u0131?"},"content":{"rendered":"\n<p>BigRock, d\u00fcnyan\u0131n d\u00f6rt bir yan\u0131ndaki i\u015fletmelere, profesyonellere ve bireylere ev sahipli\u011fi yapan lider bir web sitesi sa\u011flay\u0131c\u0131s\u0131d\u0131r. Hindistan&#8217;da ba\u015flad\u0131, daha sonra geni\u015fledi ve piyasadaki karma\u015f\u0131kl\u0131k i\u00e7in gerekli web ara\u00e7lar\u0131n\u0131 sa\u011flayan Endurance International Group (EIG) adl\u0131 bir \u015firketin par\u00e7as\u0131 oldu. Fiyatlar k\u00fc\u00e7\u00fck i\u015fletmeler i\u00e7in idealdir, bu da bizi bu d\u00fc\u015f\u00fck maliyetli web sitesi bar\u0131nd\u0131r\u0131c\u0131lar\u0131ndan biri yapar. Bu \u00fcr\u00fcn platformu teknoloji Ar-Ge yat\u0131r\u0131m\u0131 vard\u0131r ve d\u00fcnya \u00e7ap\u0131nda m\u00fc\u015fterileri ile 6 milyondan fazla alana kadar 10 y\u0131l\u0131 a\u015fk\u0131n bir s\u00fcredir bu sekt\u00f6rde var.<\/p>\n\n\n<a class=\"maxbutton-4 maxbutton maxbutton-cta\" target=\"_blank\" rel=\"nofollow noopener\" href=\"\/go\/\"><span class='mb-text'>Webhosting<\/span><\/a>\n\n\n<p><\/p>\n\n\n\n<h2><strong>BigRock ve \u00d6zellikleri<\/strong><\/h2>\n\n\n\n<ul><li>Etkili web varl\u0131\u011f\u0131 \u00e7\u00f6z\u00fcmleri.<\/li><li>DIY Web Sitesi Olu\u015fturucu, web sitenizi tasarlamak i\u00e7in \u00fccretsiz \u015fablonlar elde etmenize yard\u0131mc\u0131 olur.<\/li><li>Ekstra \u00fcr\u00fcn ekleme: SSH eri\u015fimi,% 99,99 \u00e7al\u0131\u015fma s\u00fcresi Bigrock garantisi, Python, s\u0131cak g\u00fc\u00e7l\u00fc Linux bar\u0131nd\u0131rma, Evenodd, CS-cart, ge\u00e7i\u015f navigasyonu, b\u00fcy\u00fck bant geni\u015fli\u011fi ve disk alan\u0131 miktar\u0131, etki alan\u0131 ad\u0131 arama motoru, sunucu konumu, kullan\u0131c\u0131 arabirimi, DNS y\u00f6netimi , ve dahas\u0131.<\/li><li>Kay\u0131t transferi eklentileri mevcuttur.<\/li><li>Alan ad\u0131 sa\u011flay\u0131c\u0131lar\u0131 ve uzmanlar\u0131.<\/li><li>B\u00fcy\u00fck G\u00fcvenlik Ara\u00e7lar\u0131: B\u00fcy\u00fck kayalar\u0131n koruma ba\u011flant\u0131lar\u0131 ile 1) Web sitesi bilgilerini tutmak i\u00e7in SSL sertifikalar\u0131, kredi kart\u0131 bilgileri gibi ki\u015fisel kimlik, 2) Sayfay\u0131 bilgisayar korsanlar\u0131ndan korumak i\u00e7in Sitelock, 3) veritabanlar\u0131n\u0131 yedekleyen RAID 10. 4) Web sitenizi tarayan, k\u00f6t\u00fc ama\u00e7l\u0131 yaz\u0131l\u0131mlar\u0131 ve di\u011fer g\u00fcvenlik a\u00e7\u0131klar\u0131n\u0131 gideren bulut g\u00fcvenli\u011fi.<\/li><li>ICANN onayl\u0131.<\/li><li>K\u00f6k eri\u015fimi.<\/li><li>Arama motorlar\u0131na maruz kalma.<\/li><li>\u00d6nce sistemi test etmek i\u00e7in 30 g\u00fcnl\u00fck para iade garantisi. (Not: Yaln\u0131zca bir kerelik geri \u00f6deme)<\/li><li>7\/24 destek gruplar\u0131 ve telefon g\u00f6r\u00fc\u015fmesi, destek sohbeti veya sorunlar\u0131n\u0131z i\u00e7in e-posta yoluyla harekete ge\u00e7meniz ve yard\u0131m etmeniz i\u00e7in sizinle ileti\u015fime ge\u00e7ecek \u00f6zel destek sunucusu ekibi. \u0130cra Direkt\u00f6r\u00fc Crystal Hesmer ile bile ba\u011flant\u0131 kurabilirsiniz.<\/li><\/ul>\n\n\n\n<h2>Alan Ad\u0131 Hizmetleri<\/h2>\n\n\n\n<ul><li>Alan Ad\u0131 Arama<\/li><li>Alan Ad\u0131 Tescili<\/li><li>Alan Ad\u0131 Transferi<\/li><\/ul>\n\n\n\n<p>Web bar\u0131nd\u0131rma plan\u0131n\u0131n kullan\u0131m\u0131n\u0131 y\u00f6netmek i\u00e7in, alan ad\u0131 kayd\u0131n\u0131n \u00f6nemini fark etmelisiniz. Zaten bir alan ad\u0131n\u0131z varsa, bunu bize aktarabilirsiniz. De\u011filse, \u015firketin etki alan\u0131 kay\u0131t hizmetleri size bir etki alan\u0131 ad\u0131 kaydedebilece\u011finiz m\u00fckemmel etki alan\u0131 adlar\u0131n\u0131n kullan\u0131labilirli\u011fini listeler. Alan ad\u0131 ba\u015f\u0131na yaln\u0131zca bir web bar\u0131nd\u0131rma e-postas\u0131 veya web sitesi olu\u015fturucu plan\u0131 sat\u0131n alabilirsiniz. Taray\u0131c\u0131n\u0131z i\u00e7in bunun iki veya daha fazlas\u0131na ihtiyac\u0131n\u0131z varsa, bizden ba\u015fka bir alan ad\u0131na kaydolman\u0131z gerekir. Fiyatlar, .me gibi 6,99 $, .us $ 8,1, .in $ 10,59 ve .net gibi $ 12,00, .biz $ 21,00.<\/p>\n\n\n\n<p><strong>Bigrock&#8217;ta bulunan di\u011fer alan ad\u0131 uzant\u0131lar\u0131:<\/strong><\/p>\n\n\n\n<p>.store .biz .website .net .place .solutions .host .session .way .life .news .claims .guide .reviews .expert .blog .directory .menu .events .london .review .city .sales .boats .fish .win .technology .management .nc .top .info .data .rest .enterprises .partners .media .club .asia .design church .limo .catering .finance .cafe .family .deals .tours .forsale .rehab .bargains .net.nz .dog .singles .buzz .plus .property .contractors .racing .vin .town .graphics .house .florist .democrat .furniture .software .works .vision .pub .computer .jobs .ventures .cricket .guru .blackfriday .fishing .creditcard .care .style .reisen .sarl .wiki .gallery .video .accountant .consulting .associates .center .zone .audio .guitars .dating .loans .vodka .lighting .studio .clothing .camp .football .viajes .download .farm .travel .toys .cab .surgery .pink .coffee .soccer .evenodd .cruises .equipment .gripe .construction .ooo .lease .men .cash .bar .restaurant .flights .education .hiphop .exchange .properties .gmbh .party .science .tattoo .network .fund .rodeo .rule .productions .watch .hockey .pics .cooking .bike .ninja .horse .clinic .supplies .voyage .careers .cleaning .schule .degree .diamonds .vacations .codes .estate .ink .industries .auction .fitness .delivery .engineering .plumbing .trade .rip .red .webcam .faith .healthcare .institute .boutique .coach .wine .vet .photo .capital .accountants .land .games .futbol .startups .ngo .gift .school .repair .dance .investments .memorial .coupons .report .actor .mortgage .golf .agency .pictures .cake .photography .holdings .tienda .theater .glass .loan .tennis .villas .parts .apartments .tokyo .salon .camera .tax .bid .condos .taxi .wtf .rentals .immobilien .diet .pizza .career .gifts .tips .engineer .jewelry .luxury .kitchen .university .bingo .recipes . academy .sale .convenience .ws .community .training .mba .shoes .builders .work .tv .link .photos .help .name<\/p>\n\n\n\n<h2>BigRock Bar\u0131nd\u0131rma T\u00fcrleri<\/h2>\n\n\n\n<p>5 t\u00fcr web hosting planlar\u0131 \u015funlard\u0131r:<\/p>\n\n\n\n<h3>Payla\u015f\u0131lan Evsahipli\u011fi<\/h3>\n\n\n\n<p>Bu plan, i\u015flemi Drupal ve Windows gibi i\u00e7erik y\u00f6netim sistemleriyle payla\u015f\u0131r. Payla\u015f\u0131ml\u0131 Hosting, kulland\u0131\u011f\u0131n\u0131z plana ba\u011fl\u0131 olarak depolama, posta, bant geni\u015fli\u011fi, cPanel kontrol paneli veya Plesk kontrol paneline ve birden fazla web sitesine s\u0131n\u0131rs\u0131z kullan\u0131m sa\u011flayacak planlara sahiptir.<\/p>\n\n\n\n<h3>\u00d6zel Hosting<\/h3>\n\n\n\n<p>Bu plan WordPress, CMS, Evenodd ve e-ticaret ile birlikte gelir.<\/p>\n\n\n\n<h3>Bayi Bar\u0131nd\u0131rma<\/h3>\n\n\n\n<p>Bu bayi bar\u0131nd\u0131rma, Bigrock&#8217;\u0131n sunucular\u0131n\u0131 ve hizmetlerini kullan\u0131rken ba\u015fkalar\u0131na bar\u0131nd\u0131rma hizmetleri sa\u011flayarak kar elde etmenizi sa\u011flayacakt\u0131r. Bu, \u00e7e\u015fitli se\u00e7eneklerle d\u00f6rt fiyat aral\u0131\u011f\u0131na sahiptir.<\/p>\n\n\n\n<h3>Bulut Bar\u0131nd\u0131rma<\/h3>\n\n\n\n<p>Bu, bir bulut sunucusundan kendi \u00f6zel kaynaklar\u0131n\u0131z\u0131 ald\u0131\u011f\u0131n\u0131z daha yeni bir bar\u0131nd\u0131rma plan\u0131d\u0131r. Bu k\u00fc\u00e7\u00fck bir platform i\u00e7in tasarlanm\u0131\u015ft\u0131r ve bir internet h\u0131zland\u0131r\u0131c\u0131 vard\u0131r.<\/p>\n\n\n\n<h3>VPS Bar\u0131nd\u0131rma<\/h3>\n\n\n\n<p>Bu, belirli miktarda disk alan\u0131 ve bant geni\u015fli\u011fi ile birlikte gelir. Linux da\u011f\u0131t\u0131mlar\u0131, otomatik y\u00fck devretme, y\u00fcksek h\u0131zl\u0131 SSD&#8217;ler, DDoS korumas\u0131, yar\u0131 y\u00f6netilen hizmetler ve daha fazlas\u0131n\u0131 i\u00e7erir.<\/p>\n\n\n\n<h3>Web Hosting Hizmetleri:<\/h3>\n\n\n\n<ul><li>Linux ve Windows Hosting<\/li><li>WordPress ve CMS Bar\u0131nd\u0131rma<\/li><li>E-Ticaret Hosting, Zencart ile Bayi Hosting<\/li><li>Joomla Hosting<\/li><li>ve dahas\u0131\u2026<\/li><\/ul>\n\n\n\n<p>(\u00dclkeye Sunulan Hizmetler: Hindistan Global ABD ve yakla\u015f\u0131k 6 milyon ticari m\u00fc\u015fteri web sitesine g\u00fc\u00e7 vermektedir)<\/p>\n\n\n\n<h3>E-posta Bar\u0131nd\u0131rma Plan\u0131:<\/h3>\n\n\n\n<p>Resmi bir etki alan\u0131 tabanl\u0131 e-posta adresine sahip olmak i\u00e7in e-posta bar\u0131nd\u0131rma hizmeti al\u0131n. Bu, \u00f6zellikle k\u00fc\u00e7\u00fck i\u015fletme sahiplerine k\u00fc\u00e7\u00fck i\u015fletme profesyonellerine sunulmaktad\u0131r, b\u00f6ylece birden fazla m\u00fc\u015fterileri i\u00e7in s\u0131n\u0131rs\u0131z e-posta adresleri \/ e-posta kimlikleri vard\u0131r.<\/p>\n\n\n\n<h2>Bir hesap olu\u015ftur<\/h2>\n\n\n\n<p>Bir hesaba kaydoldu\u011funuzda, \u00f6nce Big rock&#8217;\u0131n hizmet \u015fartlar\u0131n\u0131, gizlilik politikas\u0131n\u0131 ve telif haklar\u0131n\u0131 kabul etmelisiniz. Desteklenen \u00f6deme se\u00e7enekleri ICANN onayl\u0131 kay\u0131t \u015firketi telif haklar\u0131ylad\u0131r. \u00d6deme modlar\u0131 Hindistan banka kartlar\u0131 ve net bankac\u0131l\u0131k \u00fczerinden yap\u0131l\u0131r. Big rock \u00f6zel bir teklif var ve her zaman indirim kuponu veriyor.<\/p>\n\n\n<a class=\"maxbutton-4 maxbutton maxbutton-cta\" target=\"_blank\" rel=\"nofollow noopener\" href=\"\/go\/\"><span class='mb-text'>Webhosting<\/span><\/a>\n\n\n<p><\/p>\n\n\n\n<h2>&#8216;S\u0131n\u0131rs\u0131z&#8217; s\u0131n\u0131r\u0131 nedir?<\/h2>\n\n\n\n<p>B\u00fcy\u00fck kayan\u0131n ayarlanm\u0131\u015f bir s\u0131n\u0131r\u0131 olmasa da, sunucu say\u0131s\u0131 veya bant geni\u015fli\u011fi k\u00f6t\u00fcye kullan\u0131l\u0131rsa kullan\u0131c\u0131dan y\u00fckseltmesi istenebilir. \u0130\u015fte s\u0131n\u0131rlamalar\u0131n kabul edilebilir bir kullan\u0131m\u0131:<\/p>\n\n\n\n<ul><li>Web siteniz, 90 saniyeden uzun bir s\u00fcre boyunca sunucu kaynaklar\u0131n\u0131n% 25&#8217;inden fazlas\u0131n\u0131 kullanmamal\u0131d\u0131r. Sunucu kullan\u0131m\u0131n\u0131 ve bant geni\u015fli\u011fini a\u015fman\u0131z durumunda size bir bildirim sistemi g\u00f6nderilir. Kaynak kullan\u0131m\u0131 ayn\u0131 sunucudaki di\u011fer kullan\u0131c\u0131lar\u0131 etkiliyorsa, big rock hesab\u0131n\u0131z\u0131 ask\u0131ya alabilir.<\/li><li>Web sitesi bar\u0131nd\u0131rma, dosya depolama veya payla\u015fma ama\u00e7l\u0131 de\u011fildir.<\/li><\/ul>\n\n\n\n<h2>M\u00fc\u015fterilerin Geribildirim<\/h2>\n\n\n\n<ul><li>Hello, with the big rock I was able to make a business website through Satyajit Chitale BigRock without any hassles even if I have zero web building experience and no idea in programming. In addition, my business partners had impressive experiences with the infrastructure and services of the big rock. (Mohsin Khan)<\/li><li>Hello! My favorite from the DIY package I purchased is Vikrant Sharma BigRock DIY sitebuilder. I only spent a low value of $8.1 to $72.37 as compared when I hired Khalid Bashir Khan My as my website designer before. (Ajay Chauhan)<\/li><li>Hello, I would say this is the best decision I made for my job. Thanks to Bigrock I was able to connect with plenty of companies located in Canada and California and gain contracts from them. Now I am acing the competition in online marketing! (Rishabh Pugalia)<\/li><\/ul>\n\n\n\n<h2>Y\u0131ll\u0131k BigRock Turnuvas\u0131<\/h2>\n\n\n\n<p>Aksiyon dolu Y\u0131ll\u0131k Big Rock Turnuvas\u0131 5-13 Haziran 2020 tarihlerinde Kuzey Carolina, Morehead City&#8217;de ger\u00e7ekle\u015fecek. baz\u0131 insanlar\u0131n ihtiya\u00e7lar\u0131. Yar\u0131\u015fmay\u0131 deneyimlemek ve bol miktarda aksiyon almak istiyorsan\u0131z, teknelerinizi resmi web sitesinde bu bigrock turnuvas\u0131na kaydedin ve ard\u0131ndan verilen kural ve ko\u015fullar\u0131 izleyin.<\/p>\n\n\n\n<p>Marka g\u00f6mlek \u00fcr\u00fcnleri, \u00fclke foto\u011fraflar\u0131, bigrock kayna\u011f\u0131 sipari\u015f etmek veya y\u0131ll\u0131k b\u00fcy\u00fck rock turnuvas\u0131 ile ilgili sorular\u0131n\u0131z ve endi\u015feleriniz varsa, bizimle ileti\u015fime ge\u00e7ebilir veya bize e-posta g\u00f6nderebilirsiniz:<\/p>\n\n\n\n<ul><li>B\u00fcy\u00fck Kaya Mavisi Marlin Turnuvas\u0131 710 Evans Caddesi, Morehead City, NC 28557 Ext. Big Rock Perakende Sat\u0131\u015f Ma\u011fazas\u0131.<\/li><li>Big Rock Perakende Ma\u011fazas\u0131, Dahili. 1 Crystal Hesmer, Genel M\u00fcd\u00fcr, 252-241-1515 (\u00dccretsiz)<\/li><li>710 Evans Street, Morehead City, NC 28557 Ofis (252) 247-3575 (\u00dccretsiz) | bigrock.com<\/li><li>T\u00fcm Haklar\u0131 Sakl\u0131d\u0131r Sat\u0131\u015f Ekibi: 1-888-924-4762 (\u00dccretsiz)<\/li><li>Bigrock.com adresine e-posta g\u00f6nder<\/li><\/ul>\n\n\n\n<h2>Nihai Karar: Bir Kazan\u00e7!<\/h2>\n\n\n\n<p>BigRock ger\u00e7ekten bir\u00e7ok etki alan\u0131 i\u00e7in bir web sitesi bar\u0131nd\u0131rma sa\u011flay\u0131c\u0131s\u0131 olarak sa\u011flam bir yakla\u015f\u0131m oldu\u011fu anlam\u0131na gelir. \u00dcr\u00fcnleri, yeni web sitelerini bar\u0131nd\u0131rmada \u015fartlar\u0131n\u0131 ve m\u00fckemmel performans\u0131n\u0131 kan\u0131tlad\u0131\u011f\u0131 i\u00e7in yat\u0131r\u0131ma de\u011fer. Asl\u0131nda, bunu se\u00e7ene\u011finiz olarak kabul etmek i\u00e7in yukar\u0131da yeterli nedeniniz var.<\/p>\n\n\n\n<h2>S\u0131k\u00e7a Sorulan Sorular<\/h2>\n\n\n\n<h3>En \u00e7ok satan web bar\u0131nd\u0131rma plan\u0131n\u0131z nedir?<\/h3>\n\n\n\n<p>Ki\u015fisel kullan\u0131m i\u00e7in en iyi Ba\u015flang\u0131\u00e7 \u200b\u200bpaketinin ayl\u0131k 50.000 ziyaret\u00e7isi, web geli\u015ftiricilerinin kulland\u0131\u011f\u0131 Geli\u015fmi\u015f paket 75.000 ziyaret\u00e7inin yan\u0131 s\u0131ra i\u015fletmeler i\u00e7in en iyi Business paketinin 1.00.000 m\u00fc\u015fterisi vard\u0131r.<\/p>\n\n\n\n<h3>E-postalar\u0131 G \u00fcr\u00fcn\u00fcne aktarabilir miyim?<\/h3>\n\n\n\n<p>Evet. Talimatlar taray\u0131c\u0131 sitelerinde Bilgi Bankas\u0131 alt\u0131nda verilmi\u015ftir.<\/p>\n\n\n\n<h3>Yeni s\u00fcr\u00fcme ge\u00e7ti\u011fimde \u00f6deme yapmam gerekiyor mu?<\/h3>\n\n\n\n<p>Y\u00fckseltme fiyat\u0131, plan fiyatland\u0131rmas\u0131n\u0131n sadece biraz fark\u0131na mal olacak ve bunu sepetinize kolayca ekleyebilirsiniz.<\/p>\n\n\n<a class=\"maxbutton-4 maxbutton maxbutton-cta\" target=\"_blank\" rel=\"nofollow noopener\" href=\"\/go\/\"><span class='mb-text'>Webhosting<\/span><\/a>\n\n\n<p><\/p>\n","protected":false},"excerpt":{"rendered":"<p>BigRock, d\u00fcnyan\u0131n d\u00f6rt bir yan\u0131ndaki i\u015fletmelere, profesyonellere ve bireylere ev sahipli\u011fi yapan lider bir web sitesi sa\u011flay\u0131c\u0131s\u0131d\u0131r. Hindistan&#8217;da ba\u015flad\u0131, daha<\/p>\n","protected":false},"author":2,"featured_media":0,"parent":0,"menu_order":0,"comment_status":"closed","ping_status":"closed","template":"","meta":[],"yoast_head":"<!-- This site is optimized with the Yoast SEO plugin v18.3 - https:\/\/yoast.com\/wordpress\/plugins\/seo\/ -->\n<title>BigRock Web Hosting: Bir Kaya Kat\u0131 Vakf\u0131 var m\u0131?<\/title>\n<meta name=\"robots\" content=\"index, follow, max-snippet:-1, max-image-preview:large, max-video-preview:-1\" \/>\n<link rel=\"canonical\" href=\"https:\/\/multihoster.org\/tr\/bigrock\/\" \/>\n<meta property=\"og:locale\" content=\"tr_TR\" \/>\n<meta property=\"og:type\" content=\"article\" \/>\n<meta property=\"og:title\" content=\"BigRock Web Hosting: Bir Kaya Kat\u0131 Vakf\u0131 var m\u0131?\" \/>\n<meta property=\"og:description\" content=\"BigRock, d\u00fcnyan\u0131n d\u00f6rt bir yan\u0131ndaki i\u015fletmelere, profesyonellere ve bireylere ev sahipli\u011fi yapan lider bir web sitesi sa\u011flay\u0131c\u0131s\u0131d\u0131r. Hindistan&#8217;da ba\u015flad\u0131, daha\" \/>\n<meta property=\"og:url\" content=\"https:\/\/multihoster.org\/tr\/bigrock\/\" \/>\n<meta property=\"og:site_name\" content=\"Multihoster.org\" \/>\n<meta property=\"article:modified_time\" content=\"2020-07-03T12:32:14+00:00\" \/>\n<meta name=\"twitter:card\" content=\"summary\" \/>\n<meta name=\"twitter:label1\" content=\"Tahmini okuma s\u00fcresi\" \/>\n\t<meta name=\"twitter:data1\" content=\"8 dakika\" \/>\n<script type=\"application\/ld+json\" class=\"yoast-schema-graph\">{\"@context\":\"https:\/\/schema.org\",\"@graph\":[{\"@type\":\"WebSite\",\"@id\":\"https:\/\/multihoster.org\/#website\",\"url\":\"https:\/\/multihoster.org\/\",\"name\":\"Multihoster.org\",\"description\":\"Reviews of the major Filehosting services\",\"potentialAction\":[{\"@type\":\"SearchAction\",\"target\":{\"@type\":\"EntryPoint\",\"urlTemplate\":\"https:\/\/multihoster.org\/?s={search_term_string}\"},\"query-input\":\"required name=search_term_string\"}],\"inLanguage\":\"tr\"},{\"@type\":\"WebPage\",\"@id\":\"https:\/\/multihoster.org\/tr\/bigrock\/#webpage\",\"url\":\"https:\/\/multihoster.org\/tr\/bigrock\/\",\"name\":\"BigRock Web Hosting: Bir Kaya Kat\u0131 Vakf\u0131 var m\u0131?\",\"isPartOf\":{\"@id\":\"https:\/\/multihoster.org\/#website\"},\"datePublished\":\"2020-07-01T14:33:40+00:00\",\"dateModified\":\"2020-07-03T12:32:14+00:00\",\"breadcrumb\":{\"@id\":\"https:\/\/multihoster.org\/tr\/bigrock\/#breadcrumb\"},\"inLanguage\":\"tr\",\"potentialAction\":[{\"@type\":\"ReadAction\",\"target\":[\"https:\/\/multihoster.org\/tr\/bigrock\/\"]}]},{\"@type\":\"BreadcrumbList\",\"@id\":\"https:\/\/multihoster.org\/tr\/bigrock\/#breadcrumb\",\"itemListElement\":[{\"@type\":\"ListItem\",\"position\":1,\"name\":\"Startseite\",\"item\":\"https:\/\/multihoster.org\/tr\/\"},{\"@type\":\"ListItem\",\"position\":2,\"name\":\"BigRock Web Hosting: Bir Kaya Kat\u0131 Vakf\u0131 var m\u0131?\"}]}]}<\/script>\n<!-- \/ Yoast SEO plugin. -->","yoast_head_json":{"title":"BigRock Web Hosting: Bir Kaya Kat\u0131 Vakf\u0131 var m\u0131?","robots":{"index":"index","follow":"follow","max-snippet":"max-snippet:-1","max-image-preview":"max-image-preview:large","max-video-preview":"max-video-preview:-1"},"canonical":"https:\/\/multihoster.org\/tr\/bigrock\/","og_locale":"tr_TR","og_type":"article","og_title":"BigRock Web Hosting: Bir Kaya Kat\u0131 Vakf\u0131 var m\u0131?","og_description":"BigRock, d\u00fcnyan\u0131n d\u00f6rt bir yan\u0131ndaki i\u015fletmelere, profesyonellere ve bireylere ev sahipli\u011fi yapan lider bir web sitesi sa\u011flay\u0131c\u0131s\u0131d\u0131r. Hindistan&#8217;da ba\u015flad\u0131, daha","og_url":"https:\/\/multihoster.org\/tr\/bigrock\/","og_site_name":"Multihoster.org","article_modified_time":"2020-07-03T12:32:14+00:00","twitter_card":"summary","twitter_misc":{"Tahmini okuma s\u00fcresi":"8 dakika"},"schema":{"@context":"https:\/\/schema.org","@graph":[{"@type":"WebSite","@id":"https:\/\/multihoster.org\/#website","url":"https:\/\/multihoster.org\/","name":"Multihoster.org","description":"Reviews of the major Filehosting services","potentialAction":[{"@type":"SearchAction","target":{"@type":"EntryPoint","urlTemplate":"https:\/\/multihoster.org\/?s={search_term_string}"},"query-input":"required name=search_term_string"}],"inLanguage":"tr"},{"@type":"WebPage","@id":"https:\/\/multihoster.org\/tr\/bigrock\/#webpage","url":"https:\/\/multihoster.org\/tr\/bigrock\/","name":"BigRock Web Hosting: Bir Kaya Kat\u0131 Vakf\u0131 var m\u0131?","isPartOf":{"@id":"https:\/\/multihoster.org\/#website"},"datePublished":"2020-07-01T14:33:40+00:00","dateModified":"2020-07-03T12:32:14+00:00","breadcrumb":{"@id":"https:\/\/multihoster.org\/tr\/bigrock\/#breadcrumb"},"inLanguage":"tr","potentialAction":[{"@type":"ReadAction","target":["https:\/\/multihoster.org\/tr\/bigrock\/"]}]},{"@type":"BreadcrumbList","@id":"https:\/\/multihoster.org\/tr\/bigrock\/#breadcrumb","itemListElement":[{"@type":"ListItem","position":1,"name":"Startseite","item":"https:\/\/multihoster.org\/tr\/"},{"@type":"ListItem","position":2,"name":"BigRock Web Hosting: Bir Kaya Kat\u0131 Vakf\u0131 var m\u0131?"}]}]}},"_links":{"self":[{"href":"https:\/\/multihoster.org\/tr\/wp-json\/wp\/v2\/pages\/4971"}],"collection":[{"href":"https:\/\/multihoster.org\/tr\/wp-json\/wp\/v2\/pages"}],"about":[{"href":"https:\/\/multihoster.org\/tr\/wp-json\/wp\/v2\/types\/page"}],"author":[{"embeddable":true,"href":"https:\/\/multihoster.org\/tr\/wp-json\/wp\/v2\/users\/2"}],"replies":[{"embeddable":true,"href":"https:\/\/multihoster.org\/tr\/wp-json\/wp\/v2\/comments?post=4971"}],"version-history":[{"count":2,"href":"https:\/\/multihoster.org\/tr\/wp-json\/wp\/v2\/pages\/4971\/revisions"}],"predecessor-version":[{"id":5210,"href":"https:\/\/multihoster.org\/tr\/wp-json\/wp\/v2\/pages\/4971\/revisions\/5210"}],"wp:attachment":[{"href":"https:\/\/multihoster.org\/tr\/wp-json\/wp\/v2\/media?parent=4971"}],"curies":[{"name":"wp","href":"https:\/\/api.w.org\/{rel}","templated":true}]}}